{"id":61188,"date":"2024-10-31T07:00:53","date_gmt":"2024-10-31T06:00:53","guid":{"rendered":"https:\/\/www.immobilienbusiness.ch\/?post_type=product&#038;p=61188"},"modified":"2026-02-17T15:56:38","modified_gmt":"2026-02-17T14:56:38","slug":"immobilien-business-ausgabe-11-2024","status":"publish","type":"product","link":"https:\/\/www.immobilienbusiness.ch\/it\/product\/immobilien-business-ausgabe-11-2024\/","title":{"rendered":"Emissione commerciale immobiliare 11\/2024"},"content":{"rendered":"<h3>Notizie<\/h3>\n<ul>\n<li>Zurigo: I residenti di Zurigo respingono l'iniziativa per la protezione delle sponde del fiume<\/li>\n<li>Zurigo: nuovi appartamenti per il quartiere Friesenberg<\/li>\n<li>Personalia: Rhystadt AG<\/li>\n<li>Winterthur: completato il progetto di costruzione di Terresta<\/li>\n<li>Personalia: Schroders Capital Real Estate<\/li>\n<li>Olten: Un grattacielo residenziale in costruzione presso la stazione ferroviaria<\/li>\n<li>Knutwil: inizio dei lavori di costruzione del progetto \"Am Wiberg<\/li>\n<li>Personalia: Mall of Switzerland AG<\/li>\n<li>Cantoni di San Gallo\/Thurgau: nuovo tentativo di \"Wil West<\/li>\n<li>Personalia: Edmond de Rothschild REIM<\/li>\n<li>Thun: il progetto Hofmatte progredisce<\/li>\n<li>Meyrin-Satigny: la zona industriale di Zimeysa continua a crescere<\/li>\n<li>Personalit\u00e0: Quantus<\/li>\n<li>Ginevra: due nuovi hotel per Ginevra<\/li>\n<li>Wiler: Lauchernalp Swiss Resorts prende forma<\/li>\n<li>Impronta<\/li>\n<\/ul>\n<h3>Tendenze<\/h3>\n<ul>\n<li>PI\u00d9 GRANDE \u00c8, MEGLIO \u00c8<\/li>\n<li>Crescita della domanda di magazzini e centri di distribuzione<\/li>\n<li>INTERVISTA: THOMAS ROSSEL, DENNER AG<\/li>\n<\/ul>\n<h3>Mercati e investimenti<\/h3>\n<ul>\n<li>MOMENTO DELLE ACQUISIZIONI<\/li>\n<li>Le societ\u00e0 immobiliari nella giostra delle fusioni e acquisizioni<\/li>\n<li>SI APRONO LE PORTE DEL DENARO<\/li>\n<li>Le condizioni di finanziamento diventano pi\u00f9 interessanti<\/li>\n<\/ul>\n<h3>Titolo Argomento<\/h3>\n<ul>\n<li>MENO O PI\u00d9?<\/li>\n<li>Centro commerciale prima del riposizionamento<\/li>\n<\/ul>\n<h3>Gestione delle attivit\u00e0 e del portafoglio<\/h3>\n<ul>\n<li>LOTTA<\/li>\n<li>Le fondazioni di investimento si impegnano a una maggiore trasparenza<\/li>\n<\/ul>\n<h3>Dalle regioni<\/h3>\n<ul>\n<li>\"SIAMO UN CONSIGLIO PER GLI ADDETTI AI LAVORI<\/li>\n<li>Nuovi grandi progetti nel cantone di Sciaffusa<\/li>\n<\/ul>\n<h3>Residenziale<\/h3>\n<ul>\n<li>PROTEZIONE DEGLI INQUILINI PI\u00d9 SEVERA A BASILEA<\/li>\n<li>Due anni di legge sulla protezione degli alloggi - un bilancio<\/li>\n<li>LE TORRI DI D\u00dcBAI<\/li>\n<li>Nuovi grattacieli sul sito Hochbord<\/li>\n<\/ul>\n<h3>Eventi<\/h3>\n<ul>\n<li>\"PI VOLTE POLLICE?\" - IL SECONDO<\/li>\n<li>Recensione del 100\u00b0 Colloquio sulla propriet\u00e0 svizzera<\/li>\n<li>UMORE UN PO' MIGLIORE<\/li>\n<li>Uno sguardo indietro a Expo Real 2024<\/li>\n<\/ul>\n<h3>Mercati esteri<\/h3>\n<ul>\n<li>\"INIZIARE E BASTA\"<\/li>\n<li>Mercato immobiliare britannico in movimento<\/li>\n<\/ul>\n<h3>Mercati finanziari immobiliari<\/h3>\n<ul>\n<li>INTERVISTA DEL MESE: Christian-Emanuel Forster, Walim AG<\/li>\n<li>Investis SA: utile in forte aumento<\/li>\n<li>Steiner AG: prorogata la moratoria per la ristrutturazione del debito<\/li>\n<li>Plazza AG: pi\u00f9 flusso di cassa<\/li>\n<li>Bonh\u00f4te-Immobilier SICAV: un aumento di capitale di successo<\/li>\n<li>SF Retail Properties Fund: Fondi freschi<\/li>\n<li>Fondo immobiliare svizzero Dominic\u00e9: nuove acquisizioni<\/li>\n<li>Procimmo Real Estate SICAV: ulteriore fusione di fondi<\/li>\n<li>ZIF Immobilien Direkt: meno posti vacanti<\/li>\n<li>Fondo Cronos Immo: Progetti acquisiti<\/li>\n<li>Solvalor 61: portafoglio ampliato<\/li>\n<li>Realstone RSF: consegnati nuovi progetti residenziali<\/li>\n<li>Vertina AST: emissione di oltre 50 milioni di franchi svizzeri<\/li>\n<li>Swiss Prime AST: acquisizione a Ginevra<\/li>\n<li>Immofonds: in vista la seconda fase di costruzione di Wankdorfcity 3<\/li>\n<li>Comunus SICAV: maggiori redditi da locazione<\/li>\n<li>Fondo Lemanico Residenziale Procimmo: denaro fresco<\/li>\n<li>Orascom Development Holding: nuovo prestito IFC<\/li>\n<li>Invesco Real Estate: L'attivit\u00e0 di finanziamento \u00e8 in linea con i tempi<\/li>\n<li>KPMG sresi\u00ae: l'umore si sta rasserenando<\/li>\n<li>Indici IAZI: maggiore dinamismo nel mercato<\/li>\n<\/ul>\n<h3>Propriet\u00e0 del condominio<\/h3>\n<ul>\n<li>Insieme in casa propria: evitare gli ostacoli<\/li>\n<\/ul>","protected":false},"excerpt":{"rendered":"<p>Ricevete il numero 11\/2024 della rivista specializzata in lingua tedesca \"Immobilien Business\" in formato PDF con il seguente indice:<\/p>","protected":false},"featured_media":61189,"template":"","meta":{"_acf_changed":false,"pgc_sgb_lightbox_settings":""},"product_brand":[],"product_cat":[921],"product_tag":[3558],"class_list":{"0":"post-61188","1":"product","2":"type-product","3":"status-publish","4":"has-post-thumbnail","6":"product_cat-einzelausgaben","7":"product_tag-3558","9":"first","10":"instock","11":"downloadable","12":"virtual","13":"taxable","14":"purchasable","15":"product-type-simple"},"acf":[],"yoast_head":"<!-- This site is optimized with the Yoast SEO plugin v27.4 - https:\/\/yoast.com\/product\/yoast-seo-wordpress\/ -->\n<title>Immobilien Business Ausgabe 11\/2024 - IMMOBILIEN Business<\/title>\n<meta name=\"description\" content=\"Erhalte die deutschsprachige Fachzeitschrift \u00abImmobilien Business\u00bb in der Ausgabe 11\/2024 als PDF-Download mit nachfolgendem Inhaltsverzeichnis:\" \/>\n<meta name=\"robots\" content=\"index, follow, max-snippet:-1, max-image-preview:large, max-video-preview:-1\" \/>\n<link rel=\"canonical\" href=\"https:\/\/www.immobilienbusiness.ch\/it\/product\/immobilien-business-ausgabe-11-2024\/\" \/>\n<meta property=\"og:locale\" content=\"it_IT\" \/>\n<meta property=\"og:type\" content=\"article\" \/>\n<meta property=\"og:title\" content=\"Immobilien Business Ausgabe 11\/2024 - IMMOBILIEN Business\" \/>\n<meta property=\"og:description\" content=\"Erhalte die deutschsprachige Fachzeitschrift \u00abImmobilien Business\u00bb in der Ausgabe 11\/2024 als PDF-Download mit nachfolgendem Inhaltsverzeichnis:\" \/>\n<meta property=\"og:url\" content=\"https:\/\/www.immobilienbusiness.ch\/it\/product\/immobilien-business-ausgabe-11-2024\/\" \/>\n<meta property=\"og:site_name\" content=\"IMMOBILIEN Business\" \/>\n<meta property=\"article:publisher\" content=\"https:\/\/www.facebook.com\/immobilienbusiness\/\" \/>\n<meta property=\"article:modified_time\" content=\"2026-02-17T14:56:38+00:00\" \/>\n<meta property=\"og:image\" content=\"https:\/\/www.immobilienbusiness.ch\/wp-content\/uploads\/2024\/10\/Immobilien-Business_2024_11_cover.png\" \/>\n\t<meta property=\"og:image:width\" content=\"1200\" \/>\n\t<meta property=\"og:image:height\" content=\"680\" \/>\n\t<meta property=\"og:image:type\" content=\"image\/png\" \/>\n<meta name=\"twitter:card\" content=\"summary_large_image\" \/>\n<script type=\"application\/ld+json\" class=\"yoast-schema-graph\">{\"@context\":\"https:\\\/\\\/schema.org\",\"@graph\":[{\"@type\":\"WebPage\",\"@id\":\"https:\\\/\\\/www.immobilienbusiness.ch\\\/produkt\\\/immobilien-business-ausgabe-11-2024\\\/\",\"url\":\"https:\\\/\\\/www.immobilienbusiness.ch\\\/produkt\\\/immobilien-business-ausgabe-11-2024\\\/\",\"name\":\"Immobilien Business Ausgabe 11\\\/2024 - IMMOBILIEN Business\",\"isPartOf\":{\"@id\":\"https:\\\/\\\/www.immobilienbusiness.ch\\\/#website\"},\"primaryImageOfPage\":{\"@id\":\"https:\\\/\\\/www.immobilienbusiness.ch\\\/produkt\\\/immobilien-business-ausgabe-11-2024\\\/#primaryimage\"},\"image\":{\"@id\":\"https:\\\/\\\/www.immobilienbusiness.ch\\\/produkt\\\/immobilien-business-ausgabe-11-2024\\\/#primaryimage\"},\"thumbnailUrl\":\"https:\\\/\\\/www.immobilienbusiness.ch\\\/wp-content\\\/uploads\\\/2024\\\/10\\\/Immobilien-Business_2024_11_cover.png\",\"datePublished\":\"2024-10-31T06:00:53+00:00\",\"dateModified\":\"2026-02-17T14:56:38+00:00\",\"description\":\"Erhalte die deutschsprachige Fachzeitschrift \u00abImmobilien Business\u00bb in der Ausgabe 11\\\/2024 als PDF-Download mit nachfolgendem Inhaltsverzeichnis:\",\"breadcrumb\":{\"@id\":\"https:\\\/\\\/www.immobilienbusiness.ch\\\/produkt\\\/immobilien-business-ausgabe-11-2024\\\/#breadcrumb\"},\"inLanguage\":\"it-IT\",\"potentialAction\":[{\"@type\":\"ReadAction\",\"target\":[\"https:\\\/\\\/www.immobilienbusiness.ch\\\/produkt\\\/immobilien-business-ausgabe-11-2024\\\/\"]}]},{\"@type\":\"ImageObject\",\"inLanguage\":\"it-IT\",\"@id\":\"https:\\\/\\\/www.immobilienbusiness.ch\\\/produkt\\\/immobilien-business-ausgabe-11-2024\\\/#primaryimage\",\"url\":\"https:\\\/\\\/www.immobilienbusiness.ch\\\/wp-content\\\/uploads\\\/2024\\\/10\\\/Immobilien-Business_2024_11_cover.png\",\"contentUrl\":\"https:\\\/\\\/www.immobilienbusiness.ch\\\/wp-content\\\/uploads\\\/2024\\\/10\\\/Immobilien-Business_2024_11_cover.png\",\"width\":1200,\"height\":680},{\"@type\":\"BreadcrumbList\",\"@id\":\"https:\\\/\\\/www.immobilienbusiness.ch\\\/produkt\\\/immobilien-business-ausgabe-11-2024\\\/#breadcrumb\",\"itemListElement\":[{\"@type\":\"ListItem\",\"position\":1,\"name\":\"Home\",\"item\":\"https:\\\/\\\/www.immobilienbusiness.ch\\\/\"},{\"@type\":\"ListItem\",\"position\":2,\"name\":\"Shop\",\"item\":\"https:\\\/\\\/www.immobilienbusiness.ch\\\/en\\\/shop\\\/\"},{\"@type\":\"ListItem\",\"position\":3,\"name\":\"Immobilien Business Ausgabe 11\\\/2024\"}]},{\"@type\":\"WebSite\",\"@id\":\"https:\\\/\\\/www.immobilienbusiness.ch\\\/#website\",\"url\":\"https:\\\/\\\/www.immobilienbusiness.ch\\\/\",\"name\":\"IMMOBILIEN Business\",\"description\":\"Unabh\u00e4ngiges Schweizer Wirtschaftsmagazin mit Fokus auf Immobilien, Architektur- und Bau sowie Investment- und Finanzierung.\",\"publisher\":{\"@id\":\"https:\\\/\\\/www.immobilienbusiness.ch\\\/#organization\"},\"potentialAction\":[{\"@type\":\"SearchAction\",\"target\":{\"@type\":\"EntryPoint\",\"urlTemplate\":\"https:\\\/\\\/www.immobilienbusiness.ch\\\/?s={search_term_string}\"},\"query-input\":{\"@type\":\"PropertyValueSpecification\",\"valueRequired\":true,\"valueName\":\"search_term_string\"}}],\"inLanguage\":\"it-IT\"},{\"@type\":\"Organization\",\"@id\":\"https:\\\/\\\/www.immobilienbusiness.ch\\\/#organization\",\"name\":\"IMMOBILIEN Business\",\"url\":\"https:\\\/\\\/www.immobilienbusiness.ch\\\/\",\"logo\":{\"@type\":\"ImageObject\",\"inLanguage\":\"it-IT\",\"@id\":\"https:\\\/\\\/www.immobilienbusiness.ch\\\/#\\\/schema\\\/logo\\\/image\\\/\",\"url\":\"https:\\\/\\\/www.immobilienbusiness.ch\\\/wp-content\\\/uploads\\\/2021\\\/07\\\/logo_ib.png\",\"contentUrl\":\"https:\\\/\\\/www.immobilienbusiness.ch\\\/wp-content\\\/uploads\\\/2021\\\/07\\\/logo_ib.png\",\"width\":800,\"height\":181,\"caption\":\"IMMOBILIEN Business\"},\"image\":{\"@id\":\"https:\\\/\\\/www.immobilienbusiness.ch\\\/#\\\/schema\\\/logo\\\/image\\\/\"},\"sameAs\":[\"https:\\\/\\\/www.facebook.com\\\/immobilienbusiness\\\/\"]}]}<\/script>\n<!-- \/ Yoast SEO plugin. -->","yoast_head_json":{"title":"Immobilien Business Ausgabe 11\/2024 - IMMOBILIEN Business","description":"Ricevete il numero 11\/2024 della rivista specializzata in lingua tedesca \"Immobilien Business\" in formato PDF con il seguente indice:","robots":{"index":"index","follow":"follow","max-snippet":"max-snippet:-1","max-image-preview":"max-image-preview:large","max-video-preview":"max-video-preview:-1"},"canonical":"https:\/\/www.immobilienbusiness.ch\/it\/product\/immobilien-business-ausgabe-11-2024\/","og_locale":"it_IT","og_type":"article","og_title":"Immobilien Business Ausgabe 11\/2024 - IMMOBILIEN Business","og_description":"Erhalte die deutschsprachige Fachzeitschrift \u00abImmobilien Business\u00bb in der Ausgabe 11\/2024 als PDF-Download mit nachfolgendem Inhaltsverzeichnis:","og_url":"https:\/\/www.immobilienbusiness.ch\/it\/product\/immobilien-business-ausgabe-11-2024\/","og_site_name":"IMMOBILIEN Business","article_publisher":"https:\/\/www.facebook.com\/immobilienbusiness\/","article_modified_time":"2026-02-17T14:56:38+00:00","og_image":[{"width":1200,"height":680,"url":"https:\/\/www.immobilienbusiness.ch\/wp-content\/uploads\/2024\/10\/Immobilien-Business_2024_11_cover.png","type":"image\/png"}],"twitter_card":"summary_large_image","schema":{"@context":"https:\/\/schema.org","@graph":[{"@type":"WebPage","@id":"https:\/\/www.immobilienbusiness.ch\/produkt\/immobilien-business-ausgabe-11-2024\/","url":"https:\/\/www.immobilienbusiness.ch\/produkt\/immobilien-business-ausgabe-11-2024\/","name":"Immobilien Business Ausgabe 11\/2024 - IMMOBILIEN Business","isPartOf":{"@id":"https:\/\/www.immobilienbusiness.ch\/#website"},"primaryImageOfPage":{"@id":"https:\/\/www.immobilienbusiness.ch\/produkt\/immobilien-business-ausgabe-11-2024\/#primaryimage"},"image":{"@id":"https:\/\/www.immobilienbusiness.ch\/produkt\/immobilien-business-ausgabe-11-2024\/#primaryimage"},"thumbnailUrl":"https:\/\/www.immobilienbusiness.ch\/wp-content\/uploads\/2024\/10\/Immobilien-Business_2024_11_cover.png","datePublished":"2024-10-31T06:00:53+00:00","dateModified":"2026-02-17T14:56:38+00:00","description":"Ricevete il numero 11\/2024 della rivista specializzata in lingua tedesca \"Immobilien Business\" in formato PDF con il seguente indice:","breadcrumb":{"@id":"https:\/\/www.immobilienbusiness.ch\/produkt\/immobilien-business-ausgabe-11-2024\/#breadcrumb"},"inLanguage":"it-IT","potentialAction":[{"@type":"ReadAction","target":["https:\/\/www.immobilienbusiness.ch\/produkt\/immobilien-business-ausgabe-11-2024\/"]}]},{"@type":"ImageObject","inLanguage":"it-IT","@id":"https:\/\/www.immobilienbusiness.ch\/produkt\/immobilien-business-ausgabe-11-2024\/#primaryimage","url":"https:\/\/www.immobilienbusiness.ch\/wp-content\/uploads\/2024\/10\/Immobilien-Business_2024_11_cover.png","contentUrl":"https:\/\/www.immobilienbusiness.ch\/wp-content\/uploads\/2024\/10\/Immobilien-Business_2024_11_cover.png","width":1200,"height":680},{"@type":"BreadcrumbList","@id":"https:\/\/www.immobilienbusiness.ch\/produkt\/immobilien-business-ausgabe-11-2024\/#breadcrumb","itemListElement":[{"@type":"ListItem","position":1,"name":"Home","item":"https:\/\/www.immobilienbusiness.ch\/"},{"@type":"ListItem","position":2,"name":"Shop","item":"https:\/\/www.immobilienbusiness.ch\/en\/shop\/"},{"@type":"ListItem","position":3,"name":"Immobilien Business Ausgabe 11\/2024"}]},{"@type":"WebSite","@id":"https:\/\/www.immobilienbusiness.ch\/#website","url":"https:\/\/www.immobilienbusiness.ch\/","name":"Affari immobiliari","description":"Rivista economica indipendente svizzera che si concentra sul settore immobiliare, l'architettura e la costruzione, nonch\u00e9 sugli investimenti e i finanziamenti.","publisher":{"@id":"https:\/\/www.immobilienbusiness.ch\/#organization"},"potentialAction":[{"@type":"SearchAction","target":{"@type":"EntryPoint","urlTemplate":"https:\/\/www.immobilienbusiness.ch\/?s={search_term_string}"},"query-input":{"@type":"PropertyValueSpecification","valueRequired":true,"valueName":"search_term_string"}}],"inLanguage":"it-IT"},{"@type":"Organization","@id":"https:\/\/www.immobilienbusiness.ch\/#organization","name":"Affari immobiliari","url":"https:\/\/www.immobilienbusiness.ch\/","logo":{"@type":"ImageObject","inLanguage":"it-IT","@id":"https:\/\/www.immobilienbusiness.ch\/#\/schema\/logo\/image\/","url":"https:\/\/www.immobilienbusiness.ch\/wp-content\/uploads\/2021\/07\/logo_ib.png","contentUrl":"https:\/\/www.immobilienbusiness.ch\/wp-content\/uploads\/2021\/07\/logo_ib.png","width":800,"height":181,"caption":"IMMOBILIEN Business"},"image":{"@id":"https:\/\/www.immobilienbusiness.ch\/#\/schema\/logo\/image\/"},"sameAs":["https:\/\/www.facebook.com\/immobilienbusiness\/"]}]}},"_links":{"self":[{"href":"https:\/\/www.immobilienbusiness.ch\/it\/wp-json\/wp\/v2\/product\/61188","targetHints":{"allow":["GET"]}}],"collection":[{"href":"https:\/\/www.immobilienbusiness.ch\/it\/wp-json\/wp\/v2\/product"}],"about":[{"href":"https:\/\/www.immobilienbusiness.ch\/it\/wp-json\/wp\/v2\/types\/product"}],"wp:featuredmedia":[{"embeddable":true,"href":"https:\/\/www.immobilienbusiness.ch\/it\/wp-json\/wp\/v2\/media\/61189"}],"wp:attachment":[{"href":"https:\/\/www.immobilienbusiness.ch\/it\/wp-json\/wp\/v2\/media?parent=61188"}],"wp:term":[{"taxonomy":"product_brand","embeddable":true,"href":"https:\/\/www.immobilienbusiness.ch\/it\/wp-json\/wp\/v2\/product_brand?post=61188"},{"taxonomy":"product_cat","embeddable":true,"href":"https:\/\/www.immobilienbusiness.ch\/it\/wp-json\/wp\/v2\/product_cat?post=61188"},{"taxonomy":"product_tag","embeddable":true,"href":"https:\/\/www.immobilienbusiness.ch\/it\/wp-json\/wp\/v2\/product_tag?post=61188"}],"curies":[{"name":"wp","href":"https:\/\/api.w.org\/{rel}","templated":true}]}}