{"id":60804,"date":"2024-09-24T10:41:21","date_gmt":"2024-09-24T08:41:21","guid":{"rendered":"https:\/\/www.immobilienbusiness.ch\/?post_type=product&#038;p=60804"},"modified":"2024-09-24T11:28:55","modified_gmt":"2024-09-24T09:28:55","slug":"swissproptech-report-2024-de","status":"publish","type":"product","link":"https:\/\/www.immobilienbusiness.ch\/it\/product\/swissproptech-report-2024-de\/","title":{"rendered":"Rapporto SwissPropTech 2024 IT"},"content":{"rendered":"<p>Ricevere il <em>Rapporto PropTech Svizzera 2024<\/em> in formato PDF e scoprite le informazioni esclusive sul settore PropTech svizzero. Il rapporto annuale evidenzia le tendenze e le sfide attuali del settore, come la resistenza delle PropTech svizzere alla svolta dei tassi d'interesse e la sfida di costruire una base di clienti. Perfetto per gli addetti ai lavori, gli investitori e gli esperti immobiliari che desiderano rimanere aggiornati.<\/p>\n<p><strong>Punti salienti del rapporto:<\/strong><\/p>\n<ul>\n<li>Effetti della svolta dei tassi di interesse sulle aziende PropTech svizzere<\/li>\n<li>Sfide nello sviluppo dei clienti nel settore PropTech<\/li>\n<li>Risultati dettagliati del sondaggio e analisi per il 2024<\/li>\n<\/ul>","protected":false},"excerpt":{"rendered":"<p>Ricevete il \"Rapporto SwissPropTech\" in lingua tedesca in formato PDF:<\/p>","protected":false},"featured_media":60806,"template":"","meta":{"_acf_changed":false,"pgc_sgb_lightbox_settings":""},"product_brand":[],"product_cat":[921],"product_tag":[3558],"class_list":{"0":"post-60804","1":"product","2":"type-product","3":"status-publish","4":"has-post-thumbnail","6":"product_cat-einzelausgaben","7":"product_tag-3558","9":"first","10":"instock","11":"downloadable","12":"virtual","13":"taxable","14":"purchasable","15":"product-type-simple"},"acf":[],"yoast_head":"<!-- This site is optimized with the Yoast SEO plugin v27.4 - https:\/\/yoast.com\/product\/yoast-seo-wordpress\/ -->\n<title>SwissPropTech Report 2024 DE - IMMOBILIEN Business<\/title>\n<meta name=\"description\" content=\"Der Swiss PropTech Report 2024 bietet Einblicke in die Schweizer PropTech-Branche. Er beleuchtet Trends wie die Widerstandsf\u00e4higkeit der Unternehmen angesichts der Zinswende und die gr\u00f6\u00dfte Herausforderung beim Aufbau eines Kundenstamms.\" \/>\n<meta name=\"robots\" content=\"index, follow, max-snippet:-1, max-image-preview:large, max-video-preview:-1\" \/>\n<link rel=\"canonical\" href=\"https:\/\/www.immobilienbusiness.ch\/it\/product\/swissproptech-report-2024-de\/\" \/>\n<meta property=\"og:locale\" content=\"it_IT\" \/>\n<meta property=\"og:type\" content=\"article\" \/>\n<meta property=\"og:title\" content=\"SwissPropTech Report 2024 DE - IMMOBILIEN Business\" \/>\n<meta property=\"og:description\" content=\"Der Swiss PropTech Report 2024 bietet Einblicke in die Schweizer PropTech-Branche. Er beleuchtet Trends wie die Widerstandsf\u00e4higkeit der Unternehmen angesichts der Zinswende und die gr\u00f6\u00dfte Herausforderung beim Aufbau eines Kundenstamms.\" \/>\n<meta property=\"og:url\" content=\"https:\/\/www.immobilienbusiness.ch\/it\/product\/swissproptech-report-2024-de\/\" \/>\n<meta property=\"og:site_name\" content=\"IMMOBILIEN Business\" \/>\n<meta property=\"article:publisher\" content=\"https:\/\/www.facebook.com\/immobilienbusiness\/\" \/>\n<meta property=\"article:modified_time\" content=\"2024-09-24T09:28:55+00:00\" \/>\n<meta property=\"og:image\" content=\"https:\/\/www.immobilienbusiness.ch\/wp-content\/uploads\/2024\/09\/SwissPropTech_Report_web_DE.png\" \/>\n\t<meta property=\"og:image:width\" content=\"654\" \/>\n\t<meta property=\"og:image:height\" content=\"370\" \/>\n\t<meta property=\"og:image:type\" content=\"image\/png\" \/>\n<meta name=\"twitter:card\" content=\"summary_large_image\" \/>\n<script type=\"application\/ld+json\" class=\"yoast-schema-graph\">{\"@context\":\"https:\\\/\\\/schema.org\",\"@graph\":[{\"@type\":\"WebPage\",\"@id\":\"https:\\\/\\\/www.immobilienbusiness.ch\\\/de\\\/produkt\\\/swissproptech-report-2024-de\\\/\",\"url\":\"https:\\\/\\\/www.immobilienbusiness.ch\\\/de\\\/produkt\\\/swissproptech-report-2024-de\\\/\",\"name\":\"SwissPropTech Report 2024 DE - IMMOBILIEN Business\",\"isPartOf\":{\"@id\":\"https:\\\/\\\/www.immobilienbusiness.ch\\\/#website\"},\"primaryImageOfPage\":{\"@id\":\"https:\\\/\\\/www.immobilienbusiness.ch\\\/de\\\/produkt\\\/swissproptech-report-2024-de\\\/#primaryimage\"},\"image\":{\"@id\":\"https:\\\/\\\/www.immobilienbusiness.ch\\\/de\\\/produkt\\\/swissproptech-report-2024-de\\\/#primaryimage\"},\"thumbnailUrl\":\"https:\\\/\\\/www.immobilienbusiness.ch\\\/wp-content\\\/uploads\\\/2024\\\/09\\\/SwissPropTech_Report_web_DE.png\",\"datePublished\":\"2024-09-24T08:41:21+00:00\",\"dateModified\":\"2024-09-24T09:28:55+00:00\",\"description\":\"Der Swiss PropTech Report 2024 bietet Einblicke in die Schweizer PropTech-Branche. Er beleuchtet Trends wie die Widerstandsf\u00e4higkeit der Unternehmen angesichts der Zinswende und die gr\u00f6\u00dfte Herausforderung beim Aufbau eines Kundenstamms.\",\"breadcrumb\":{\"@id\":\"https:\\\/\\\/www.immobilienbusiness.ch\\\/de\\\/produkt\\\/swissproptech-report-2024-de\\\/#breadcrumb\"},\"inLanguage\":\"it-IT\",\"potentialAction\":[{\"@type\":\"ReadAction\",\"target\":[\"https:\\\/\\\/www.immobilienbusiness.ch\\\/de\\\/produkt\\\/swissproptech-report-2024-de\\\/\"]}]},{\"@type\":\"ImageObject\",\"inLanguage\":\"it-IT\",\"@id\":\"https:\\\/\\\/www.immobilienbusiness.ch\\\/de\\\/produkt\\\/swissproptech-report-2024-de\\\/#primaryimage\",\"url\":\"https:\\\/\\\/www.immobilienbusiness.ch\\\/wp-content\\\/uploads\\\/2024\\\/09\\\/SwissPropTech_Report_web_DE.png\",\"contentUrl\":\"https:\\\/\\\/www.immobilienbusiness.ch\\\/wp-content\\\/uploads\\\/2024\\\/09\\\/SwissPropTech_Report_web_DE.png\",\"width\":654,\"height\":370},{\"@type\":\"BreadcrumbList\",\"@id\":\"https:\\\/\\\/www.immobilienbusiness.ch\\\/de\\\/produkt\\\/swissproptech-report-2024-de\\\/#breadcrumb\",\"itemListElement\":[{\"@type\":\"ListItem\",\"position\":1,\"name\":\"Home\",\"item\":\"https:\\\/\\\/www.immobilienbusiness.ch\\\/\"},{\"@type\":\"ListItem\",\"position\":2,\"name\":\"Shop\",\"item\":\"https:\\\/\\\/www.immobilienbusiness.ch\\\/en\\\/shop\\\/\"},{\"@type\":\"ListItem\",\"position\":3,\"name\":\"SwissPropTech Report 2024 DE\"}]},{\"@type\":\"WebSite\",\"@id\":\"https:\\\/\\\/www.immobilienbusiness.ch\\\/#website\",\"url\":\"https:\\\/\\\/www.immobilienbusiness.ch\\\/\",\"name\":\"IMMOBILIEN Business\",\"description\":\"Unabh\u00e4ngiges Schweizer Wirtschaftsmagazin mit Fokus auf Immobilien, Architektur- und Bau sowie Investment- und Finanzierung.\",\"publisher\":{\"@id\":\"https:\\\/\\\/www.immobilienbusiness.ch\\\/#organization\"},\"potentialAction\":[{\"@type\":\"SearchAction\",\"target\":{\"@type\":\"EntryPoint\",\"urlTemplate\":\"https:\\\/\\\/www.immobilienbusiness.ch\\\/?s={search_term_string}\"},\"query-input\":{\"@type\":\"PropertyValueSpecification\",\"valueRequired\":true,\"valueName\":\"search_term_string\"}}],\"inLanguage\":\"it-IT\"},{\"@type\":\"Organization\",\"@id\":\"https:\\\/\\\/www.immobilienbusiness.ch\\\/#organization\",\"name\":\"IMMOBILIEN Business\",\"url\":\"https:\\\/\\\/www.immobilienbusiness.ch\\\/\",\"logo\":{\"@type\":\"ImageObject\",\"inLanguage\":\"it-IT\",\"@id\":\"https:\\\/\\\/www.immobilienbusiness.ch\\\/#\\\/schema\\\/logo\\\/image\\\/\",\"url\":\"https:\\\/\\\/www.immobilienbusiness.ch\\\/wp-content\\\/uploads\\\/2021\\\/07\\\/logo_ib.png\",\"contentUrl\":\"https:\\\/\\\/www.immobilienbusiness.ch\\\/wp-content\\\/uploads\\\/2021\\\/07\\\/logo_ib.png\",\"width\":800,\"height\":181,\"caption\":\"IMMOBILIEN Business\"},\"image\":{\"@id\":\"https:\\\/\\\/www.immobilienbusiness.ch\\\/#\\\/schema\\\/logo\\\/image\\\/\"},\"sameAs\":[\"https:\\\/\\\/www.facebook.com\\\/immobilienbusiness\\\/\"]}]}<\/script>\n<!-- \/ Yoast SEO plugin. -->","yoast_head_json":{"title":"Rapporto SwissPropTech 2024 IT - IMMOBILIEN Business","description":"Lo Swiss PropTech Report 2024 offre approfondimenti sul settore PropTech svizzero. Evidenzia tendenze come la resistenza delle aziende di fronte alla svolta dei tassi d'interesse e la sfida pi\u00f9 grande nella costruzione di una base di clienti.","robots":{"index":"index","follow":"follow","max-snippet":"max-snippet:-1","max-image-preview":"max-image-preview:large","max-video-preview":"max-video-preview:-1"},"canonical":"https:\/\/www.immobilienbusiness.ch\/it\/product\/swissproptech-report-2024-de\/","og_locale":"it_IT","og_type":"article","og_title":"SwissPropTech Report 2024 DE - IMMOBILIEN Business","og_description":"Der Swiss PropTech Report 2024 bietet Einblicke in die Schweizer PropTech-Branche. Er beleuchtet Trends wie die Widerstandsf\u00e4higkeit der Unternehmen angesichts der Zinswende und die gr\u00f6\u00dfte Herausforderung beim Aufbau eines Kundenstamms.","og_url":"https:\/\/www.immobilienbusiness.ch\/it\/product\/swissproptech-report-2024-de\/","og_site_name":"IMMOBILIEN Business","article_publisher":"https:\/\/www.facebook.com\/immobilienbusiness\/","article_modified_time":"2024-09-24T09:28:55+00:00","og_image":[{"width":654,"height":370,"url":"https:\/\/www.immobilienbusiness.ch\/wp-content\/uploads\/2024\/09\/SwissPropTech_Report_web_DE.png","type":"image\/png"}],"twitter_card":"summary_large_image","schema":{"@context":"https:\/\/schema.org","@graph":[{"@type":"WebPage","@id":"https:\/\/www.immobilienbusiness.ch\/de\/produkt\/swissproptech-report-2024-de\/","url":"https:\/\/www.immobilienbusiness.ch\/de\/produkt\/swissproptech-report-2024-de\/","name":"Rapporto SwissPropTech 2024 IT - IMMOBILIEN Business","isPartOf":{"@id":"https:\/\/www.immobilienbusiness.ch\/#website"},"primaryImageOfPage":{"@id":"https:\/\/www.immobilienbusiness.ch\/de\/produkt\/swissproptech-report-2024-de\/#primaryimage"},"image":{"@id":"https:\/\/www.immobilienbusiness.ch\/de\/produkt\/swissproptech-report-2024-de\/#primaryimage"},"thumbnailUrl":"https:\/\/www.immobilienbusiness.ch\/wp-content\/uploads\/2024\/09\/SwissPropTech_Report_web_DE.png","datePublished":"2024-09-24T08:41:21+00:00","dateModified":"2024-09-24T09:28:55+00:00","description":"Lo Swiss PropTech Report 2024 offre approfondimenti sul settore PropTech svizzero. Evidenzia tendenze come la resistenza delle aziende di fronte alla svolta dei tassi d'interesse e la sfida pi\u00f9 grande nella costruzione di una base di clienti.","breadcrumb":{"@id":"https:\/\/www.immobilienbusiness.ch\/de\/produkt\/swissproptech-report-2024-de\/#breadcrumb"},"inLanguage":"it-IT","potentialAction":[{"@type":"ReadAction","target":["https:\/\/www.immobilienbusiness.ch\/de\/produkt\/swissproptech-report-2024-de\/"]}]},{"@type":"ImageObject","inLanguage":"it-IT","@id":"https:\/\/www.immobilienbusiness.ch\/de\/produkt\/swissproptech-report-2024-de\/#primaryimage","url":"https:\/\/www.immobilienbusiness.ch\/wp-content\/uploads\/2024\/09\/SwissPropTech_Report_web_DE.png","contentUrl":"https:\/\/www.immobilienbusiness.ch\/wp-content\/uploads\/2024\/09\/SwissPropTech_Report_web_DE.png","width":654,"height":370},{"@type":"BreadcrumbList","@id":"https:\/\/www.immobilienbusiness.ch\/de\/produkt\/swissproptech-report-2024-de\/#breadcrumb","itemListElement":[{"@type":"ListItem","position":1,"name":"Home","item":"https:\/\/www.immobilienbusiness.ch\/"},{"@type":"ListItem","position":2,"name":"Shop","item":"https:\/\/www.immobilienbusiness.ch\/en\/shop\/"},{"@type":"ListItem","position":3,"name":"SwissPropTech Report 2024 DE"}]},{"@type":"WebSite","@id":"https:\/\/www.immobilienbusiness.ch\/#website","url":"https:\/\/www.immobilienbusiness.ch\/","name":"Affari immobiliari","description":"Rivista economica indipendente svizzera che si concentra sul settore immobiliare, l'architettura e la costruzione, nonch\u00e9 sugli investimenti e i finanziamenti.","publisher":{"@id":"https:\/\/www.immobilienbusiness.ch\/#organization"},"potentialAction":[{"@type":"SearchAction","target":{"@type":"EntryPoint","urlTemplate":"https:\/\/www.immobilienbusiness.ch\/?s={search_term_string}"},"query-input":{"@type":"PropertyValueSpecification","valueRequired":true,"valueName":"search_term_string"}}],"inLanguage":"it-IT"},{"@type":"Organization","@id":"https:\/\/www.immobilienbusiness.ch\/#organization","name":"Affari immobiliari","url":"https:\/\/www.immobilienbusiness.ch\/","logo":{"@type":"ImageObject","inLanguage":"it-IT","@id":"https:\/\/www.immobilienbusiness.ch\/#\/schema\/logo\/image\/","url":"https:\/\/www.immobilienbusiness.ch\/wp-content\/uploads\/2021\/07\/logo_ib.png","contentUrl":"https:\/\/www.immobilienbusiness.ch\/wp-content\/uploads\/2021\/07\/logo_ib.png","width":800,"height":181,"caption":"IMMOBILIEN Business"},"image":{"@id":"https:\/\/www.immobilienbusiness.ch\/#\/schema\/logo\/image\/"},"sameAs":["https:\/\/www.facebook.com\/immobilienbusiness\/"]}]}},"_links":{"self":[{"href":"https:\/\/www.immobilienbusiness.ch\/it\/wp-json\/wp\/v2\/product\/60804","targetHints":{"allow":["GET"]}}],"collection":[{"href":"https:\/\/www.immobilienbusiness.ch\/it\/wp-json\/wp\/v2\/product"}],"about":[{"href":"https:\/\/www.immobilienbusiness.ch\/it\/wp-json\/wp\/v2\/types\/product"}],"wp:featuredmedia":[{"embeddable":true,"href":"https:\/\/www.immobilienbusiness.ch\/it\/wp-json\/wp\/v2\/media\/60806"}],"wp:attachment":[{"href":"https:\/\/www.immobilienbusiness.ch\/it\/wp-json\/wp\/v2\/media?parent=60804"}],"wp:term":[{"taxonomy":"product_brand","embeddable":true,"href":"https:\/\/www.immobilienbusiness.ch\/it\/wp-json\/wp\/v2\/product_brand?post=60804"},{"taxonomy":"product_cat","embeddable":true,"href":"https:\/\/www.immobilienbusiness.ch\/it\/wp-json\/wp\/v2\/product_cat?post=60804"},{"taxonomy":"product_tag","embeddable":true,"href":"https:\/\/www.immobilienbusiness.ch\/it\/wp-json\/wp\/v2\/product_tag?post=60804"}],"curies":[{"name":"wp","href":"https:\/\/api.w.org\/{rel}","templated":true}]}}