{"id":56831,"date":"2024-04-23T11:03:48","date_gmt":"2024-04-23T09:03:48","guid":{"rendered":"https:\/\/www.immobilienbusiness.ch\/?post_type=product&#038;p=56831"},"modified":"2026-02-17T15:56:39","modified_gmt":"2026-02-17T14:56:39","slug":"immobilien-business-ausgabe-05-2024","status":"publish","type":"product","link":"https:\/\/www.immobilienbusiness.ch\/it\/product\/immobilien-business-ausgabe-05-2024\/","title":{"rendered":"Emissione commerciale immobiliare 05\/2024"},"content":{"rendered":"<h3>Notizie<\/h3>\n<ul>\n<li>Zurigo: il panificio Buchmann diventa affittuario di \"Mach\".<\/li>\n<li>Zurigo: la citt\u00e0 di Zurigo costruisce a Witikon<\/li>\n<li>Personalia: Investissements Fonciers \/ Gestori patrimoniali di Swiss Life<\/li>\n<li>Zurigo: il tribunale amministrativo blocca il progetto Brunaupark<\/li>\n<li>Risch Rotkreuz: Suurstoffi riceve il certificato DGNB di platino<\/li>\n<li>Personalia: Qualicasa AG<\/li>\n<li>D\u00fcbendorf: il Parco dell'innovazione di Zurigo fa un ulteriore passo avanti<\/li>\n<li>Rapperswil: nuovo centro di formazione e perfezionamento professionale<\/li>\n<li>Personalit\u00e0: W\u00fcst und W\u00fcst AG<\/li>\n<li>Ittigen: Inizio dei lavori per il quartiere di Aarerain<\/li>\n<li>Villigen: Parco dell'innovazione Innovaare al via<\/li>\n<li>Personalit\u00e0: Halter AG \/ PwC Svizzera \/ Z\u00fcblin Immobilien<\/li>\n<li>Lucerna: CSS amplia la sede centrale<\/li>\n<li>Thun: il prossimo passo per il quartiere di Siegenthalergut<\/li>\n<li>Personalia: Admicasa Holding AG \/ Livit AG<\/li>\n<li>Aarau: problemi per il sito della caserma<\/li>\n<li>Personalia: Rete Posizione Svizzera<\/li>\n<li>Riedholz: il cantiere di Attisholz fa progressi<\/li>\n<li>Biel\/Nidau: cancellazione definitiva del progetto Agglolac<\/li>\n<li>Impronta<\/li>\n<\/ul>\n<h3>Tendenze<\/h3>\n<ul>\n<li>RITORNO DEL COMMERCIO AL DETTAGLIO STAZIONARIO<\/li>\n<li>I centri commerciali e i negozi del centro citt\u00e0 si stanno riempiendo di nuovo<\/li>\n<li>FATTURATO, AFFITTO, BRAND MIX<\/li>\n<li>Confronto tra le prestazioni dei centri outlet<\/li>\n<\/ul>\n<h3>Mercati e investimenti<\/h3>\n<ul>\n<li>ARRESTO DELLA REGISTRAZIONE<\/li>\n<li>La domanda di immobili sanitari \u00e8 in aumento<\/li>\n<li>LAVORO A CASA<\/li>\n<li>La domanda di immobili ad uso ufficio \u00e8 in calo<\/li>\n<li>IL REGALO DI ADDIO DI JORDAN<\/li>\n<li>La riduzione del tasso di interesse di riferimento della BNS rende i prestiti pi\u00f9 convenienti<\/li>\n<li>\"TASSO DI POSTI VACANTI AL MINIMO STORICO\"<\/li>\n<li>Intervista con Anastasius Tschopp, SPSS<\/li>\n<\/ul>\n<h3>Titolo Argomento<\/h3>\n<ul>\n<li>VIAGGIO NEL TEMPO<\/li>\n<li>30 anni di industria immobiliare svizzera<\/li>\n<\/ul>\n<h3>Eventi<\/h3>\n<ul>\n<li>\"INNOVAZIONE E SOSTENIBILIT\u00c0\"<\/li>\n<li>Rassegna del 3\u00b0 Dialogo Immo Est<\/li>\n<\/ul>\n<h3>Gestione delle attivit\u00e0 e del portafoglio<\/h3>\n<ul>\n<li>INVESTIRE IN IMMOBILI ALL'ESTERO, MA COME?<\/li>\n<li>Opportunit\u00e0 e rischi degli investimenti transfrontalieri<\/li>\n<li>Colonna: \"Il 13\u00b0 piano<\/li>\n<\/ul>\n<h3>Architettura e industria edilizia<\/h3>\n<ul>\n<li>DUE FONTI DI CALORE PER GRANDI EDIFICI<\/li>\n<li>Nuovo studio sulle pompe di calore<\/li>\n<\/ul>\n<h3>Dalle regioni<\/h3>\n<ul>\n<li>STAMPAGGIO SUPERIORE<\/li>\n<li>Wankdorfcity3 entra in fase di realizzazione<\/li>\n<li>RILANCIO DELLA PROPRIET\u00c0 INDUSTRIALE<\/li>\n<li>Aumento della domanda di spazio nell'industria manifatturiera<\/li>\n<\/ul>\n<h3>Residenziale<\/h3>\n<ul>\n<li>SEGNALI POSITIVI<\/li>\n<li>Il mercato degli alloggi plurifamiliari \u00e8 solo ad un \"minimo provvisorio\".<\/li>\n<\/ul>\n<h3>Innovazioni<\/h3>\n<ul>\n<li>SOTTOCORRENTE<\/li>\n<li>La domanda di infrastrutture per la mobilit\u00e0 elettrica \u00e8 in crescita<\/li>\n<\/ul>\n<h3>Mercati esteri<\/h3>\n<ul>\n<li>STRATEGIE INTELLIGENTI<\/li>\n<li>Uno sguardo ai mercati immobiliari residenziali francesi<\/li>\n<\/ul>\n<h3>Mercati finanziari immobiliari<\/h3>\n<ul>\n<li>INTERVISTA: Thomas Aebischer, Cham Group<\/li>\n<li>Allreal Holding: nuova obbligazione verde<\/li>\n<li>Fortimo: concentrazione sulle competenze chiave<\/li>\n<li>Implenia: variazione degli azionisti di riferimento<\/li>\n<li>Realstone RSF: pi\u00f9 immobili residenziali in portafoglio<\/li>\n<li>Solvalor 61: aumento di capitale a maggio<\/li>\n<li>AXA REF Svizzera: denaro fresco<\/li>\n<li>Warteck Invest: il valore del portafoglio raggiunge il miliardo di euro<\/li>\n<li>Bonainvest: in rotta di espansione<\/li>\n<li>Epic Suisse: Aumento del reddito da locazione<\/li>\n<li>Swisscanto AST Immobili Responsabile Svizzera: Misure di ottimizzazione del portafoglio<\/li>\n<li>SPA Immobilien Schweiz: nuove aggiunte al portafoglio<\/li>\n<li>Commento al mercato: Finestra temporale per gli acquisti di capitale<\/li>\n<li>Procimmo Real Estate SICAV: aumenta il reddito da locazione<\/li>\n<li>Cronos Immo Fund: emissione interamente sottoscritta<\/li>\n<li>SFP Infrastructure Partners CH: elevato ritmo di investimenti<\/li>\n<li>ASA: Figure in nero profondo<\/li>\n<li>ODH: l'attivit\u00e0 alberghiera \u00e8 in forte crescita<\/li>\n<li>Varia US Properties: perdita elevata<\/li>\n<li>Peach Property Group: speranza di aumento del reddito da locazione<\/li>\n<li>Final Performer: Swiss Prime Investment Foundation<\/li>\n<\/ul>","protected":false},"excerpt":{"rendered":"<p>Ricevete il numero 05\/2024 della rivista specializzata in lingua tedesca \"Immobilien Business\" in formato PDF con il seguente indice:<\/p>","protected":false},"featured_media":57062,"template":"","meta":{"_acf_changed":false,"pgc_sgb_lightbox_settings":""},"product_brand":[],"product_cat":[921],"product_tag":[3558],"class_list":{"0":"post-56831","1":"product","2":"type-product","3":"status-publish","4":"has-post-thumbnail","6":"product_cat-einzelausgaben","7":"product_tag-3558","9":"first","10":"instock","11":"downloadable","12":"virtual","13":"taxable","14":"purchasable","15":"product-type-simple"},"acf":[],"yoast_head":"<!-- This site is optimized with the Yoast SEO plugin v27.4 - https:\/\/yoast.com\/product\/yoast-seo-wordpress\/ -->\n<title>Immobilien Business Ausgabe 05\/2024 - IMMOBILIEN Business<\/title>\n<meta name=\"description\" content=\"Erhalte die deutschsprachige Fachzeitschrift \u00abImmobilien Business\u00bb in der Ausgabe 05\/2024 als PDF-Download mit nachfolgendem Inhaltsverzeichnis:\" \/>\n<meta name=\"robots\" content=\"index, follow, max-snippet:-1, max-image-preview:large, max-video-preview:-1\" \/>\n<link rel=\"canonical\" href=\"https:\/\/www.immobilienbusiness.ch\/it\/product\/immobilien-business-ausgabe-05-2024\/\" \/>\n<meta property=\"og:locale\" content=\"it_IT\" \/>\n<meta property=\"og:type\" content=\"article\" \/>\n<meta property=\"og:title\" content=\"Immobilien Business Ausgabe 05\/2024 - IMMOBILIEN Business\" \/>\n<meta property=\"og:description\" content=\"Erhalte die deutschsprachige Fachzeitschrift \u00abImmobilien Business\u00bb in der Ausgabe 05\/2024 als PDF-Download mit nachfolgendem Inhaltsverzeichnis:\" \/>\n<meta property=\"og:url\" content=\"https:\/\/www.immobilienbusiness.ch\/it\/product\/immobilien-business-ausgabe-05-2024\/\" \/>\n<meta property=\"og:site_name\" content=\"IMMOBILIEN Business\" \/>\n<meta property=\"article:publisher\" content=\"https:\/\/www.facebook.com\/immobilienbusiness\/\" \/>\n<meta property=\"article:modified_time\" content=\"2026-02-17T14:56:39+00:00\" \/>\n<meta property=\"og:image\" content=\"https:\/\/www.immobilienbusiness.ch\/wp-content\/uploads\/2024\/04\/ib_05_cover-1.png\" \/>\n\t<meta property=\"og:image:width\" content=\"1200\" \/>\n\t<meta property=\"og:image:height\" content=\"680\" \/>\n\t<meta property=\"og:image:type\" content=\"image\/png\" \/>\n<meta name=\"twitter:card\" content=\"summary_large_image\" \/>\n<script type=\"application\/ld+json\" class=\"yoast-schema-graph\">{\"@context\":\"https:\\\/\\\/schema.org\",\"@graph\":[{\"@type\":\"WebPage\",\"@id\":\"https:\\\/\\\/www.immobilienbusiness.ch\\\/produkt\\\/immobilien-business-ausgabe-05-2024\\\/\",\"url\":\"https:\\\/\\\/www.immobilienbusiness.ch\\\/produkt\\\/immobilien-business-ausgabe-05-2024\\\/\",\"name\":\"Immobilien Business Ausgabe 05\\\/2024 - IMMOBILIEN Business\",\"isPartOf\":{\"@id\":\"https:\\\/\\\/www.immobilienbusiness.ch\\\/#website\"},\"primaryImageOfPage\":{\"@id\":\"https:\\\/\\\/www.immobilienbusiness.ch\\\/produkt\\\/immobilien-business-ausgabe-05-2024\\\/#primaryimage\"},\"image\":{\"@id\":\"https:\\\/\\\/www.immobilienbusiness.ch\\\/produkt\\\/immobilien-business-ausgabe-05-2024\\\/#primaryimage\"},\"thumbnailUrl\":\"https:\\\/\\\/www.immobilienbusiness.ch\\\/wp-content\\\/uploads\\\/2024\\\/04\\\/ib_05_cover-1.png\",\"datePublished\":\"2024-04-23T09:03:48+00:00\",\"dateModified\":\"2026-02-17T14:56:39+00:00\",\"description\":\"Erhalte die deutschsprachige Fachzeitschrift \u00abImmobilien Business\u00bb in der Ausgabe 05\\\/2024 als PDF-Download mit nachfolgendem Inhaltsverzeichnis:\",\"breadcrumb\":{\"@id\":\"https:\\\/\\\/www.immobilienbusiness.ch\\\/produkt\\\/immobilien-business-ausgabe-05-2024\\\/#breadcrumb\"},\"inLanguage\":\"it-IT\",\"potentialAction\":[{\"@type\":\"ReadAction\",\"target\":[\"https:\\\/\\\/www.immobilienbusiness.ch\\\/produkt\\\/immobilien-business-ausgabe-05-2024\\\/\"]}]},{\"@type\":\"ImageObject\",\"inLanguage\":\"it-IT\",\"@id\":\"https:\\\/\\\/www.immobilienbusiness.ch\\\/produkt\\\/immobilien-business-ausgabe-05-2024\\\/#primaryimage\",\"url\":\"https:\\\/\\\/www.immobilienbusiness.ch\\\/wp-content\\\/uploads\\\/2024\\\/04\\\/ib_05_cover-1.png\",\"contentUrl\":\"https:\\\/\\\/www.immobilienbusiness.ch\\\/wp-content\\\/uploads\\\/2024\\\/04\\\/ib_05_cover-1.png\",\"width\":1200,\"height\":680},{\"@type\":\"BreadcrumbList\",\"@id\":\"https:\\\/\\\/www.immobilienbusiness.ch\\\/produkt\\\/immobilien-business-ausgabe-05-2024\\\/#breadcrumb\",\"itemListElement\":[{\"@type\":\"ListItem\",\"position\":1,\"name\":\"Home\",\"item\":\"https:\\\/\\\/www.immobilienbusiness.ch\\\/\"},{\"@type\":\"ListItem\",\"position\":2,\"name\":\"Shop\",\"item\":\"https:\\\/\\\/www.immobilienbusiness.ch\\\/en\\\/shop\\\/\"},{\"@type\":\"ListItem\",\"position\":3,\"name\":\"Immobilien Business Ausgabe 05\\\/2024\"}]},{\"@type\":\"WebSite\",\"@id\":\"https:\\\/\\\/www.immobilienbusiness.ch\\\/#website\",\"url\":\"https:\\\/\\\/www.immobilienbusiness.ch\\\/\",\"name\":\"IMMOBILIEN Business\",\"description\":\"Unabh\u00e4ngiges Schweizer Wirtschaftsmagazin mit Fokus auf Immobilien, Architektur- und Bau sowie Investment- und Finanzierung.\",\"publisher\":{\"@id\":\"https:\\\/\\\/www.immobilienbusiness.ch\\\/#organization\"},\"potentialAction\":[{\"@type\":\"SearchAction\",\"target\":{\"@type\":\"EntryPoint\",\"urlTemplate\":\"https:\\\/\\\/www.immobilienbusiness.ch\\\/?s={search_term_string}\"},\"query-input\":{\"@type\":\"PropertyValueSpecification\",\"valueRequired\":true,\"valueName\":\"search_term_string\"}}],\"inLanguage\":\"it-IT\"},{\"@type\":\"Organization\",\"@id\":\"https:\\\/\\\/www.immobilienbusiness.ch\\\/#organization\",\"name\":\"IMMOBILIEN Business\",\"url\":\"https:\\\/\\\/www.immobilienbusiness.ch\\\/\",\"logo\":{\"@type\":\"ImageObject\",\"inLanguage\":\"it-IT\",\"@id\":\"https:\\\/\\\/www.immobilienbusiness.ch\\\/#\\\/schema\\\/logo\\\/image\\\/\",\"url\":\"https:\\\/\\\/www.immobilienbusiness.ch\\\/wp-content\\\/uploads\\\/2021\\\/07\\\/logo_ib.png\",\"contentUrl\":\"https:\\\/\\\/www.immobilienbusiness.ch\\\/wp-content\\\/uploads\\\/2021\\\/07\\\/logo_ib.png\",\"width\":800,\"height\":181,\"caption\":\"IMMOBILIEN Business\"},\"image\":{\"@id\":\"https:\\\/\\\/www.immobilienbusiness.ch\\\/#\\\/schema\\\/logo\\\/image\\\/\"},\"sameAs\":[\"https:\\\/\\\/www.facebook.com\\\/immobilienbusiness\\\/\"]}]}<\/script>\n<!-- \/ Yoast SEO plugin. -->","yoast_head_json":{"title":"Immobiliare Business Emissione 05\/2024 - IMMOBILIEN Business","description":"Ricevete il numero 05\/2024 della rivista specializzata in lingua tedesca \"Immobilien Business\" in formato PDF con il seguente indice:","robots":{"index":"index","follow":"follow","max-snippet":"max-snippet:-1","max-image-preview":"max-image-preview:large","max-video-preview":"max-video-preview:-1"},"canonical":"https:\/\/www.immobilienbusiness.ch\/it\/product\/immobilien-business-ausgabe-05-2024\/","og_locale":"it_IT","og_type":"article","og_title":"Immobilien Business Ausgabe 05\/2024 - IMMOBILIEN Business","og_description":"Erhalte die deutschsprachige Fachzeitschrift \u00abImmobilien Business\u00bb in der Ausgabe 05\/2024 als PDF-Download mit nachfolgendem Inhaltsverzeichnis:","og_url":"https:\/\/www.immobilienbusiness.ch\/it\/product\/immobilien-business-ausgabe-05-2024\/","og_site_name":"IMMOBILIEN Business","article_publisher":"https:\/\/www.facebook.com\/immobilienbusiness\/","article_modified_time":"2026-02-17T14:56:39+00:00","og_image":[{"width":1200,"height":680,"url":"https:\/\/www.immobilienbusiness.ch\/wp-content\/uploads\/2024\/04\/ib_05_cover-1.png","type":"image\/png"}],"twitter_card":"summary_large_image","schema":{"@context":"https:\/\/schema.org","@graph":[{"@type":"WebPage","@id":"https:\/\/www.immobilienbusiness.ch\/produkt\/immobilien-business-ausgabe-05-2024\/","url":"https:\/\/www.immobilienbusiness.ch\/produkt\/immobilien-business-ausgabe-05-2024\/","name":"Immobiliare Business Emissione 05\/2024 - IMMOBILIEN Business","isPartOf":{"@id":"https:\/\/www.immobilienbusiness.ch\/#website"},"primaryImageOfPage":{"@id":"https:\/\/www.immobilienbusiness.ch\/produkt\/immobilien-business-ausgabe-05-2024\/#primaryimage"},"image":{"@id":"https:\/\/www.immobilienbusiness.ch\/produkt\/immobilien-business-ausgabe-05-2024\/#primaryimage"},"thumbnailUrl":"https:\/\/www.immobilienbusiness.ch\/wp-content\/uploads\/2024\/04\/ib_05_cover-1.png","datePublished":"2024-04-23T09:03:48+00:00","dateModified":"2026-02-17T14:56:39+00:00","description":"Ricevete il numero 05\/2024 della rivista specializzata in lingua tedesca \"Immobilien Business\" in formato PDF con il seguente indice:","breadcrumb":{"@id":"https:\/\/www.immobilienbusiness.ch\/produkt\/immobilien-business-ausgabe-05-2024\/#breadcrumb"},"inLanguage":"it-IT","potentialAction":[{"@type":"ReadAction","target":["https:\/\/www.immobilienbusiness.ch\/produkt\/immobilien-business-ausgabe-05-2024\/"]}]},{"@type":"ImageObject","inLanguage":"it-IT","@id":"https:\/\/www.immobilienbusiness.ch\/produkt\/immobilien-business-ausgabe-05-2024\/#primaryimage","url":"https:\/\/www.immobilienbusiness.ch\/wp-content\/uploads\/2024\/04\/ib_05_cover-1.png","contentUrl":"https:\/\/www.immobilienbusiness.ch\/wp-content\/uploads\/2024\/04\/ib_05_cover-1.png","width":1200,"height":680},{"@type":"BreadcrumbList","@id":"https:\/\/www.immobilienbusiness.ch\/produkt\/immobilien-business-ausgabe-05-2024\/#breadcrumb","itemListElement":[{"@type":"ListItem","position":1,"name":"Home","item":"https:\/\/www.immobilienbusiness.ch\/"},{"@type":"ListItem","position":2,"name":"Shop","item":"https:\/\/www.immobilienbusiness.ch\/en\/shop\/"},{"@type":"ListItem","position":3,"name":"Immobilien Business Ausgabe 05\/2024"}]},{"@type":"WebSite","@id":"https:\/\/www.immobilienbusiness.ch\/#website","url":"https:\/\/www.immobilienbusiness.ch\/","name":"Affari immobiliari","description":"Rivista economica indipendente svizzera che si concentra sul settore immobiliare, l'architettura e la costruzione, nonch\u00e9 sugli investimenti e i finanziamenti.","publisher":{"@id":"https:\/\/www.immobilienbusiness.ch\/#organization"},"potentialAction":[{"@type":"SearchAction","target":{"@type":"EntryPoint","urlTemplate":"https:\/\/www.immobilienbusiness.ch\/?s={search_term_string}"},"query-input":{"@type":"PropertyValueSpecification","valueRequired":true,"valueName":"search_term_string"}}],"inLanguage":"it-IT"},{"@type":"Organization","@id":"https:\/\/www.immobilienbusiness.ch\/#organization","name":"Affari immobiliari","url":"https:\/\/www.immobilienbusiness.ch\/","logo":{"@type":"ImageObject","inLanguage":"it-IT","@id":"https:\/\/www.immobilienbusiness.ch\/#\/schema\/logo\/image\/","url":"https:\/\/www.immobilienbusiness.ch\/wp-content\/uploads\/2021\/07\/logo_ib.png","contentUrl":"https:\/\/www.immobilienbusiness.ch\/wp-content\/uploads\/2021\/07\/logo_ib.png","width":800,"height":181,"caption":"IMMOBILIEN Business"},"image":{"@id":"https:\/\/www.immobilienbusiness.ch\/#\/schema\/logo\/image\/"},"sameAs":["https:\/\/www.facebook.com\/immobilienbusiness\/"]}]}},"_links":{"self":[{"href":"https:\/\/www.immobilienbusiness.ch\/it\/wp-json\/wp\/v2\/product\/56831","targetHints":{"allow":["GET"]}}],"collection":[{"href":"https:\/\/www.immobilienbusiness.ch\/it\/wp-json\/wp\/v2\/product"}],"about":[{"href":"https:\/\/www.immobilienbusiness.ch\/it\/wp-json\/wp\/v2\/types\/product"}],"wp:featuredmedia":[{"embeddable":true,"href":"https:\/\/www.immobilienbusiness.ch\/it\/wp-json\/wp\/v2\/media\/57062"}],"wp:attachment":[{"href":"https:\/\/www.immobilienbusiness.ch\/it\/wp-json\/wp\/v2\/media?parent=56831"}],"wp:term":[{"taxonomy":"product_brand","embeddable":true,"href":"https:\/\/www.immobilienbusiness.ch\/it\/wp-json\/wp\/v2\/product_brand?post=56831"},{"taxonomy":"product_cat","embeddable":true,"href":"https:\/\/www.immobilienbusiness.ch\/it\/wp-json\/wp\/v2\/product_cat?post=56831"},{"taxonomy":"product_tag","embeddable":true,"href":"https:\/\/www.immobilienbusiness.ch\/it\/wp-json\/wp\/v2\/product_tag?post=56831"}],"curies":[{"name":"wp","href":"https:\/\/api.w.org\/{rel}","templated":true}]}}