{"id":53576,"date":"2023-09-26T10:57:15","date_gmt":"2023-09-26T08:57:15","guid":{"rendered":"https:\/\/www.immobilienbusiness.ch\/?post_type=product&#038;p=53576"},"modified":"2026-02-17T15:56:40","modified_gmt":"2026-02-17T14:56:40","slug":"immobilien-business-ausgabe-10-2023","status":"publish","type":"product","link":"https:\/\/www.immobilienbusiness.ch\/it\/product\/immobilien-business-ausgabe-10-2023\/","title":{"rendered":"Emissione commerciale immobiliare 10\/2023"},"content":{"rendered":"<h3>Notizie<\/h3>\n<ul>\n<li>Zurigo: un grattacielo per il sito Centravo<\/li>\n<li>Zurigo: nuovo inquilino della Franklinturm<\/li>\n<li>Personalit\u00e0: CSL Immobilien<\/li>\n<li>R\u00fcti: nuovo partner per il centro Bandwies<\/li>\n<li>Zurigo: due nuovi spazi di co-working<\/li>\n<li>Personale: SBB Real Estate<\/li>\n<li>Basilea: l'\"Am Viadukt\" passa di mano<\/li>\n<li>Aesch: Erezione per \"Vivo<\/li>\n<li>Personalia: CBRE Svizzera; Luogo B<\/li>\n<li>Basilea: trasformare il vecchio in nuovo<\/li>\n<li>Ostermundigen: Inizio dei lavori di costruzione dell'edificio residenziale Nido<\/li>\n<li>Personalit\u00e0: W\u00fcst und W\u00fcst AG<\/li>\n<li>Stein: vendita e leaseback per un parco di scienze biologiche<\/li>\n<li>Aarau: prevista una sala per eventi con utilizzo dell'involucro<\/li>\n<li>Personalia: Madaster Services Switzerland AG<\/li>\n<li>Ginevra: si avvicina l'inizio dei lavori di costruzione di \"Les Acacias<\/li>\n<li>Pr\u00e9verenges: il progetto abitativo si rivela pi\u00f9 piccolo<\/li>\n<li>Personalia: H\u00e4lg &amp; Co. AG<\/li>\n<\/ul>\n<h3>Tendenze<\/h3>\n<ul>\n<li>Nuovi concetti richiesti<\/li>\n<li>Le regioni di vacanza si riposizionano<\/li>\n<\/ul>\n<h3>Mercati e investimenti<\/h3>\n<ul>\n<li>L'ora dei cacciatori di occasioni<\/li>\n<li>Aumentano le opportunit\u00e0 di acquisizioni favorevoli<\/li>\n<\/ul>\n<h3>Titolo Argomento<\/h3>\n<ul>\n<li>La maledizione della periferia<\/li>\n<li>Il mercato degli uffici si differenzia<\/li>\n<li>Intervista: Sebastian Feix, AFIAA<\/li>\n<li>Torri di scuotimento<\/li>\n<li>Domanda di spazi per uffici in calo<\/li>\n<\/ul>\n<h3>Gestione delle attivit\u00e0 e del portafoglio<\/h3>\n<ul>\n<li>\"Persi nella transizione\"<\/li>\n<li>Studio HSLU: Strategia immobiliare dei fondi pensione<\/li>\n<li>Intervista: John Davidson, Stephan Kloess, Daniel Steffen<\/li>\n<\/ul>\n<h3>Architettura e industria edilizia<\/h3>\n<ul>\n<li>\"Non sulla soglia di casa mia\"<\/li>\n<li>Obiezioni edilizie in aumento<\/li>\n<\/ul>\n<h3>Residenziale<\/h3>\n<ul>\n<li>Il tasso ottimale di posti vacanti<\/li>\n<li>Nuovo studio del partner W\u00fcest<\/li>\n<\/ul>\n<h3>Innovazioni<\/h3>\n<ul>\n<li>Guida all'edilizia ecologica<\/li>\n<li>L'Empa e il campus Eawag fissano gli standard<\/li>\n<\/ul>\n<h3>Mercati esteri<\/h3>\n<ul>\n<li>Il ragazzo modello mostra le sue debolezze<\/li>\n<li>Sotto la lente d'ingrandimento: il mercato immobiliare polacco<\/li>\n<\/ul>\n<h3>Mercati finanziari immobiliari<\/h3>\n<ul>\n<li>Intervista del mese: Roland V\u00f6gele, MV Invest<\/li>\n<li>Allreal Holding: previsto un aumento dei canoni di locazione<\/li>\n<li>Plazza AG: in rotta<\/li>\n<li>Swiss Prime Site: Pi\u00f9 profitto<\/li>\n<li>Investis Holding: \"Performance solida\"<\/li>\n<li>1291 AST: Portafoglio notevolmente ampliato<\/li>\n<li>Plazza: in linea dal punto di vista operativo<\/li>\n<li>Fondo immobiliare svizzero della Basilese: emissione di successo<\/li>\n<li>SF Retail Properties Fund: denaro fresco<\/li>\n<li>Credit Suisse 1a Immo PK: nessuna IPO<\/li>\n<li>Helvetica Property Investors: nuovo CCO<\/li>\n<li>Hiag: riduzione del tasso di sfitto, aumento del reddito da locazione<\/li>\n<li>Swiss Life AM: pietra miliare per Westside F.a.M.<\/li>\n<li>Varia US: perdita netta dopo la rivalutazione<\/li>\n<li>Edmond de Rothschild REIM: operazione a Glasgow<\/li>\n<li>Esecutore finale: Immofonds<\/li>\n<\/ul>\n<h3>Propriet\u00e0 del condominio<\/h3>\n<ul>\n<li>Ipoteca: come liberarsi dalle \"catene d'oro\"<\/li>\n<\/ul>","protected":false},"excerpt":{"rendered":"<div class=\"WC-Product__subtitle\">Ricevete il numero 10\/2023 della rivista specializzata in lingua tedesca \"Immobilien Business\" in formato PDF con il seguente indice:<\/div>\n<div class=\"WC-Product__text\"><\/div>","protected":false},"featured_media":53578,"template":"","meta":{"_acf_changed":false,"pgc_sgb_lightbox_settings":""},"product_brand":[],"product_cat":[921],"product_tag":[2187],"class_list":{"0":"post-53576","1":"product","2":"type-product","3":"status-publish","4":"has-post-thumbnail","6":"product_cat-einzelausgaben","7":"product_tag-2187","9":"first","10":"instock","11":"downloadable","12":"virtual","13":"taxable","14":"purchasable","15":"product-type-simple"},"acf":[],"yoast_head":"<!-- This site is optimized with the Yoast SEO plugin v27.4 - https:\/\/yoast.com\/product\/yoast-seo-wordpress\/ -->\n<title>Immobilien Business Ausgabe 10\/2023 - IMMOBILIEN Business<\/title>\n<meta name=\"description\" content=\"Erhalte die deutschsprachige Fachzeitschrift \u00abImmobilien Business\u00bb in der Ausgabe 10\/2023 als PDF-Download mit nachfolgendem Inhaltsverzeichnis:\" \/>\n<meta name=\"robots\" content=\"index, follow, max-snippet:-1, max-image-preview:large, max-video-preview:-1\" \/>\n<link rel=\"canonical\" href=\"https:\/\/www.immobilienbusiness.ch\/it\/product\/immobilien-business-ausgabe-10-2023\/\" \/>\n<meta property=\"og:locale\" content=\"it_IT\" \/>\n<meta property=\"og:type\" content=\"article\" \/>\n<meta property=\"og:title\" content=\"Immobilien Business Ausgabe 10\/2023 - IMMOBILIEN Business\" \/>\n<meta property=\"og:description\" content=\"Erhalte die deutschsprachige Fachzeitschrift \u00abImmobilien Business\u00bb in der Ausgabe 10\/2023 als PDF-Download mit nachfolgendem Inhaltsverzeichnis:\" \/>\n<meta property=\"og:url\" content=\"https:\/\/www.immobilienbusiness.ch\/it\/product\/immobilien-business-ausgabe-10-2023\/\" \/>\n<meta property=\"og:site_name\" content=\"IMMOBILIEN Business\" \/>\n<meta property=\"article:publisher\" content=\"https:\/\/www.facebook.com\/immobilienbusiness\/\" \/>\n<meta property=\"article:modified_time\" content=\"2026-02-17T14:56:40+00:00\" \/>\n<meta property=\"og:image\" content=\"https:\/\/www.immobilienbusiness.ch\/wp-content\/uploads\/2023\/09\/immobilien_business_10_2023.png\" \/>\n\t<meta property=\"og:image:width\" content=\"1200\" \/>\n\t<meta property=\"og:image:height\" content=\"680\" \/>\n\t<meta property=\"og:image:type\" content=\"image\/png\" \/>\n<meta name=\"twitter:card\" content=\"summary_large_image\" \/>\n<script type=\"application\/ld+json\" class=\"yoast-schema-graph\">{\"@context\":\"https:\\\/\\\/schema.org\",\"@graph\":[{\"@type\":\"WebPage\",\"@id\":\"https:\\\/\\\/www.immobilienbusiness.ch\\\/produkt\\\/immobilien-business-ausgabe-10-2023\\\/\",\"url\":\"https:\\\/\\\/www.immobilienbusiness.ch\\\/produkt\\\/immobilien-business-ausgabe-10-2023\\\/\",\"name\":\"Immobilien Business Ausgabe 10\\\/2023 - IMMOBILIEN Business\",\"isPartOf\":{\"@id\":\"https:\\\/\\\/www.immobilienbusiness.ch\\\/#website\"},\"primaryImageOfPage\":{\"@id\":\"https:\\\/\\\/www.immobilienbusiness.ch\\\/produkt\\\/immobilien-business-ausgabe-10-2023\\\/#primaryimage\"},\"image\":{\"@id\":\"https:\\\/\\\/www.immobilienbusiness.ch\\\/produkt\\\/immobilien-business-ausgabe-10-2023\\\/#primaryimage\"},\"thumbnailUrl\":\"https:\\\/\\\/www.immobilienbusiness.ch\\\/wp-content\\\/uploads\\\/2023\\\/09\\\/immobilien_business_10_2023.png\",\"datePublished\":\"2023-09-26T08:57:15+00:00\",\"dateModified\":\"2026-02-17T14:56:40+00:00\",\"description\":\"Erhalte die deutschsprachige Fachzeitschrift \u00abImmobilien Business\u00bb in der Ausgabe 10\\\/2023 als PDF-Download mit nachfolgendem Inhaltsverzeichnis:\",\"breadcrumb\":{\"@id\":\"https:\\\/\\\/www.immobilienbusiness.ch\\\/produkt\\\/immobilien-business-ausgabe-10-2023\\\/#breadcrumb\"},\"inLanguage\":\"it-IT\",\"potentialAction\":[{\"@type\":\"ReadAction\",\"target\":[\"https:\\\/\\\/www.immobilienbusiness.ch\\\/produkt\\\/immobilien-business-ausgabe-10-2023\\\/\"]}]},{\"@type\":\"ImageObject\",\"inLanguage\":\"it-IT\",\"@id\":\"https:\\\/\\\/www.immobilienbusiness.ch\\\/produkt\\\/immobilien-business-ausgabe-10-2023\\\/#primaryimage\",\"url\":\"https:\\\/\\\/www.immobilienbusiness.ch\\\/wp-content\\\/uploads\\\/2023\\\/09\\\/immobilien_business_10_2023.png\",\"contentUrl\":\"https:\\\/\\\/www.immobilienbusiness.ch\\\/wp-content\\\/uploads\\\/2023\\\/09\\\/immobilien_business_10_2023.png\",\"width\":1200,\"height\":680},{\"@type\":\"BreadcrumbList\",\"@id\":\"https:\\\/\\\/www.immobilienbusiness.ch\\\/produkt\\\/immobilien-business-ausgabe-10-2023\\\/#breadcrumb\",\"itemListElement\":[{\"@type\":\"ListItem\",\"position\":1,\"name\":\"Home\",\"item\":\"https:\\\/\\\/www.immobilienbusiness.ch\\\/\"},{\"@type\":\"ListItem\",\"position\":2,\"name\":\"Shop\",\"item\":\"https:\\\/\\\/www.immobilienbusiness.ch\\\/en\\\/shop\\\/\"},{\"@type\":\"ListItem\",\"position\":3,\"name\":\"Immobilien Business Ausgabe 10\\\/2023\"}]},{\"@type\":\"WebSite\",\"@id\":\"https:\\\/\\\/www.immobilienbusiness.ch\\\/#website\",\"url\":\"https:\\\/\\\/www.immobilienbusiness.ch\\\/\",\"name\":\"IMMOBILIEN Business\",\"description\":\"Unabh\u00e4ngiges Schweizer Wirtschaftsmagazin mit Fokus auf Immobilien, Architektur- und Bau sowie Investment- und Finanzierung.\",\"publisher\":{\"@id\":\"https:\\\/\\\/www.immobilienbusiness.ch\\\/#organization\"},\"potentialAction\":[{\"@type\":\"SearchAction\",\"target\":{\"@type\":\"EntryPoint\",\"urlTemplate\":\"https:\\\/\\\/www.immobilienbusiness.ch\\\/?s={search_term_string}\"},\"query-input\":{\"@type\":\"PropertyValueSpecification\",\"valueRequired\":true,\"valueName\":\"search_term_string\"}}],\"inLanguage\":\"it-IT\"},{\"@type\":\"Organization\",\"@id\":\"https:\\\/\\\/www.immobilienbusiness.ch\\\/#organization\",\"name\":\"IMMOBILIEN Business\",\"url\":\"https:\\\/\\\/www.immobilienbusiness.ch\\\/\",\"logo\":{\"@type\":\"ImageObject\",\"inLanguage\":\"it-IT\",\"@id\":\"https:\\\/\\\/www.immobilienbusiness.ch\\\/#\\\/schema\\\/logo\\\/image\\\/\",\"url\":\"https:\\\/\\\/www.immobilienbusiness.ch\\\/wp-content\\\/uploads\\\/2021\\\/07\\\/logo_ib.png\",\"contentUrl\":\"https:\\\/\\\/www.immobilienbusiness.ch\\\/wp-content\\\/uploads\\\/2021\\\/07\\\/logo_ib.png\",\"width\":800,\"height\":181,\"caption\":\"IMMOBILIEN Business\"},\"image\":{\"@id\":\"https:\\\/\\\/www.immobilienbusiness.ch\\\/#\\\/schema\\\/logo\\\/image\\\/\"},\"sameAs\":[\"https:\\\/\\\/www.facebook.com\\\/immobilienbusiness\\\/\"]}]}<\/script>\n<!-- \/ Yoast SEO plugin. -->","yoast_head_json":{"title":"Immobilien Business Ausgabe 10\/2023 - IMMOBILIEN Business","description":"Ricevete il numero 10\/2023 della rivista specializzata in lingua tedesca \"Immobilien Business\" in formato PDF con il seguente indice:","robots":{"index":"index","follow":"follow","max-snippet":"max-snippet:-1","max-image-preview":"max-image-preview:large","max-video-preview":"max-video-preview:-1"},"canonical":"https:\/\/www.immobilienbusiness.ch\/it\/product\/immobilien-business-ausgabe-10-2023\/","og_locale":"it_IT","og_type":"article","og_title":"Immobilien Business Ausgabe 10\/2023 - IMMOBILIEN Business","og_description":"Erhalte die deutschsprachige Fachzeitschrift \u00abImmobilien Business\u00bb in der Ausgabe 10\/2023 als PDF-Download mit nachfolgendem Inhaltsverzeichnis:","og_url":"https:\/\/www.immobilienbusiness.ch\/it\/product\/immobilien-business-ausgabe-10-2023\/","og_site_name":"IMMOBILIEN Business","article_publisher":"https:\/\/www.facebook.com\/immobilienbusiness\/","article_modified_time":"2026-02-17T14:56:40+00:00","og_image":[{"width":1200,"height":680,"url":"https:\/\/www.immobilienbusiness.ch\/wp-content\/uploads\/2023\/09\/immobilien_business_10_2023.png","type":"image\/png"}],"twitter_card":"summary_large_image","schema":{"@context":"https:\/\/schema.org","@graph":[{"@type":"WebPage","@id":"https:\/\/www.immobilienbusiness.ch\/produkt\/immobilien-business-ausgabe-10-2023\/","url":"https:\/\/www.immobilienbusiness.ch\/produkt\/immobilien-business-ausgabe-10-2023\/","name":"Immobilien Business Ausgabe 10\/2023 - IMMOBILIEN Business","isPartOf":{"@id":"https:\/\/www.immobilienbusiness.ch\/#website"},"primaryImageOfPage":{"@id":"https:\/\/www.immobilienbusiness.ch\/produkt\/immobilien-business-ausgabe-10-2023\/#primaryimage"},"image":{"@id":"https:\/\/www.immobilienbusiness.ch\/produkt\/immobilien-business-ausgabe-10-2023\/#primaryimage"},"thumbnailUrl":"https:\/\/www.immobilienbusiness.ch\/wp-content\/uploads\/2023\/09\/immobilien_business_10_2023.png","datePublished":"2023-09-26T08:57:15+00:00","dateModified":"2026-02-17T14:56:40+00:00","description":"Ricevete il numero 10\/2023 della rivista specializzata in lingua tedesca \"Immobilien Business\" in formato PDF con il seguente indice:","breadcrumb":{"@id":"https:\/\/www.immobilienbusiness.ch\/produkt\/immobilien-business-ausgabe-10-2023\/#breadcrumb"},"inLanguage":"it-IT","potentialAction":[{"@type":"ReadAction","target":["https:\/\/www.immobilienbusiness.ch\/produkt\/immobilien-business-ausgabe-10-2023\/"]}]},{"@type":"ImageObject","inLanguage":"it-IT","@id":"https:\/\/www.immobilienbusiness.ch\/produkt\/immobilien-business-ausgabe-10-2023\/#primaryimage","url":"https:\/\/www.immobilienbusiness.ch\/wp-content\/uploads\/2023\/09\/immobilien_business_10_2023.png","contentUrl":"https:\/\/www.immobilienbusiness.ch\/wp-content\/uploads\/2023\/09\/immobilien_business_10_2023.png","width":1200,"height":680},{"@type":"BreadcrumbList","@id":"https:\/\/www.immobilienbusiness.ch\/produkt\/immobilien-business-ausgabe-10-2023\/#breadcrumb","itemListElement":[{"@type":"ListItem","position":1,"name":"Home","item":"https:\/\/www.immobilienbusiness.ch\/"},{"@type":"ListItem","position":2,"name":"Shop","item":"https:\/\/www.immobilienbusiness.ch\/en\/shop\/"},{"@type":"ListItem","position":3,"name":"Immobilien Business Ausgabe 10\/2023"}]},{"@type":"WebSite","@id":"https:\/\/www.immobilienbusiness.ch\/#website","url":"https:\/\/www.immobilienbusiness.ch\/","name":"Affari immobiliari","description":"Rivista economica indipendente svizzera che si concentra sul settore immobiliare, l'architettura e la costruzione, nonch\u00e9 sugli investimenti e i finanziamenti.","publisher":{"@id":"https:\/\/www.immobilienbusiness.ch\/#organization"},"potentialAction":[{"@type":"SearchAction","target":{"@type":"EntryPoint","urlTemplate":"https:\/\/www.immobilienbusiness.ch\/?s={search_term_string}"},"query-input":{"@type":"PropertyValueSpecification","valueRequired":true,"valueName":"search_term_string"}}],"inLanguage":"it-IT"},{"@type":"Organization","@id":"https:\/\/www.immobilienbusiness.ch\/#organization","name":"Affari immobiliari","url":"https:\/\/www.immobilienbusiness.ch\/","logo":{"@type":"ImageObject","inLanguage":"it-IT","@id":"https:\/\/www.immobilienbusiness.ch\/#\/schema\/logo\/image\/","url":"https:\/\/www.immobilienbusiness.ch\/wp-content\/uploads\/2021\/07\/logo_ib.png","contentUrl":"https:\/\/www.immobilienbusiness.ch\/wp-content\/uploads\/2021\/07\/logo_ib.png","width":800,"height":181,"caption":"IMMOBILIEN Business"},"image":{"@id":"https:\/\/www.immobilienbusiness.ch\/#\/schema\/logo\/image\/"},"sameAs":["https:\/\/www.facebook.com\/immobilienbusiness\/"]}]}},"_links":{"self":[{"href":"https:\/\/www.immobilienbusiness.ch\/it\/wp-json\/wp\/v2\/product\/53576","targetHints":{"allow":["GET"]}}],"collection":[{"href":"https:\/\/www.immobilienbusiness.ch\/it\/wp-json\/wp\/v2\/product"}],"about":[{"href":"https:\/\/www.immobilienbusiness.ch\/it\/wp-json\/wp\/v2\/types\/product"}],"wp:featuredmedia":[{"embeddable":true,"href":"https:\/\/www.immobilienbusiness.ch\/it\/wp-json\/wp\/v2\/media\/53578"}],"wp:attachment":[{"href":"https:\/\/www.immobilienbusiness.ch\/it\/wp-json\/wp\/v2\/media?parent=53576"}],"wp:term":[{"taxonomy":"product_brand","embeddable":true,"href":"https:\/\/www.immobilienbusiness.ch\/it\/wp-json\/wp\/v2\/product_brand?post=53576"},{"taxonomy":"product_cat","embeddable":true,"href":"https:\/\/www.immobilienbusiness.ch\/it\/wp-json\/wp\/v2\/product_cat?post=53576"},{"taxonomy":"product_tag","embeddable":true,"href":"https:\/\/www.immobilienbusiness.ch\/it\/wp-json\/wp\/v2\/product_tag?post=53576"}],"curies":[{"name":"wp","href":"https:\/\/api.w.org\/{rel}","templated":true}]}}