{"id":46279,"date":"2023-03-22T09:53:32","date_gmt":"2023-03-22T08:53:32","guid":{"rendered":"https:\/\/www.immobilienbusiness.ch\/?post_type=product&#038;p=46279"},"modified":"2026-02-17T15:56:42","modified_gmt":"2026-02-17T14:56:42","slug":"immobilien-business-ausgabe-2-2023","status":"publish","type":"product","link":"https:\/\/www.immobilienbusiness.ch\/it\/product\/immobilien-business-ausgabe-2-2023\/","title":{"rendered":"Emissione commerciale immobiliare 2\/2023"},"content":{"rendered":"<h3 class=\"p1\">Notizie<\/h3>\n<ul>\n<li class=\"p2\">Zurigo: nuovi appartamenti per Albisrieden<\/li>\n<li class=\"p2\">Zurigo: Reformhaus M\u00fcller chiude le filiali<\/li>\n<li class=\"p2\">Personale: Partner W\u00fcest<\/li>\n<li class=\"p2\">Effretikon: un grattacielo per il quartiere della stazione<\/li>\n<li class=\"p2\">Hausen: grandi progetti per il Campus Reichhold<\/li>\n<li class=\"p2\">Personalia: Ecoreal Immobilien AST<\/li>\n<li class=\"p2\">Basilea: un altro grattacielo per la BRI<\/li>\n<li class=\"p2\">Basilea: primo hub per computer quantistici<\/li>\n<li class=\"p2\">Personalia: Pom + Consulting AG \/ Markstein AG<\/li>\n<li class=\"p2\">Basilea: pi\u00f9 vita al sito espositivo<\/li>\n<li class=\"p2\">Basilea: crescita per la Freie Strasse<\/li>\n<li class=\"p2\">Personalia: Intershop Holding AG \/ Fortimo AG<\/li>\n<li class=\"p2\">Biberist: in vista l'inizio dei lavori di costruzione del sito Papieri<\/li>\n<li class=\"p2\">Kriens: cerimonia di posa della prima pietra per la Pilatus Arena<\/li>\n<li class=\"p2\">Personalia: Allreal Holding AG \/ Mobimo Holding AG<\/li>\n<li class=\"p2\">Berna: primi progetti sul Viererfeld<\/li>\n<li class=\"p2\">Berna: inizio dei lavori di costruzione nel Mattenhofquartier<\/li>\n<li class=\"p2\">Dalle aziende: 60 anni di Livit<\/li>\n<\/ul>\n<h3 class=\"p3\">Tendenze<\/h3>\n<ul>\n<li class=\"p2\">Cooperazione anzich\u00e9 competizione: da localit\u00e0 di sport invernali a destinazione per tutto l'anno<\/li>\n<\/ul>\n<h3 class=\"p1\">Mercati e investimenti<\/h3>\n<ul>\n<li class=\"p2\">Segnali di fiducia - Se l'economia globale si riprende, i mercati immobiliari potrebbero ritrovare slancio<\/li>\n<\/ul>\n<h3 class=\"p3\">Titolo Argomento<\/h3>\n<ul>\n<li class=\"p2\">Controcorrente: gli investimenti anticiclici offrono opportunit\u00e0<\/li>\n<li class=\"p2\">I mercati immobiliari si prosciugano L'aumento dei tassi di interesse frena l'interesse degli investitori<\/li>\n<\/ul>\n<h3 class=\"p4\">Dalle regioni<\/h3>\n<ul>\n<li class=\"p2\">L'ambita sicurezza dei dati: gli spazi per uffici a Zurigo sono molto richiesti<\/li>\n<\/ul>\n<h3 class=\"p5\">Sviluppo del progetto e del sito<\/h3>\n<ul>\n<li class=\"p2\">Una densificazione con un futuro: le prime date di trasloco nel quartiere di Glasi<\/li>\n<\/ul>\n<h3 class=\"p6\">Residenziale<\/h3>\n<ul>\n<li class=\"p2\">Il punto cruciale della compropriet\u00e0: la societ\u00e0 immobiliare invece della propriet\u00e0 condominiale<\/li>\n<li class=\"p2\">Colonna: Berna non \u00e8 Zurigo<\/li>\n<\/ul>\n<h3 class=\"p7\">Infrastruttura<\/h3>\n<ul>\n<li class=\"p2\">Rendimenti con sole e vento - l'espansione delle energie rinnovabili crea nuove opportunit\u00e0 di investimento<\/li>\n<\/ul>\n<h3 class=\"p1\">Mercati finanziari immobiliari<\/h3>\n<ul>\n<li class=\"p2\">Intervista del mese: Michael Loose, CEO di Investissements Fonciers SA<\/li>\n<li class=\"p2\">Plazza AG: sviluppo stabile Stoneweg S.A.: nuovo azionista di riferimento TX Group: fondazione della divisione immobiliare Swiss Finance &amp; Property Group: Regno Unito nel mirino<\/li>\n<li class=\"p2\">Realstone RSF: primo semestre di successo SPSS IFC: ampliamento del portafoglio Procimmo RE SICAV: nuova societ\u00e0 di gestione di fondi<\/li>\n<li class=\"p2\">UBS Anfos: Aumento del rendimento degli investimenti Quantum AG: investimento a Zurigo Avadis AST: operazione a Losanna HIG AST: nettamente in attivo<\/li>\n<li class=\"p2\">Swiss Life AST: nuove acquisizioni Utilita AST: riduzione significativa dei posti vacanti Steiner Investment Foundation: nuovo capitolo<\/li>\n<li class=\"p2\">Fondi Credit Suisse: un anno difficile<\/li>\n<li class=\"p2\">Empira Group: Nuovo fondo residenziale Peach Property Goup: Pi\u00f9 liquidit\u00e0 nella domanda Swiss Life REF European Living: Nuova acquisizione<\/li>\n<li class=\"p2\">Acron AG: Investimento in Lussemburgo Fundamenta Group Germania: L'edilizia residenziale a prezzi accessibili come obiettivo di investimento<\/li>\n<li class=\"p2\">PrimeraAdvisors: focus sulla regione APAC<\/li>\n<\/ul>\n<h3 class=\"p3\">Propriet\u00e0 del condominio<\/h3>\n<ul>\n<li class=\"p2\">Il teleriscaldamento \u00e8 un'alternativa sostenibile?<\/li>\n<\/ul>","protected":false},"excerpt":{"rendered":"<p>Ricevete la rivista specializzata in lingua tedesca \"Immobilien Business\" nel numero 2\/2023 come download in formato PDF con il seguente indice:<\/p>","protected":false},"featured_media":46280,"template":"","meta":{"_acf_changed":false,"pgc_sgb_lightbox_settings":""},"product_brand":[],"product_cat":[921],"product_tag":[2187],"class_list":{"0":"post-46279","1":"product","2":"type-product","3":"status-publish","4":"has-post-thumbnail","6":"product_cat-einzelausgaben","7":"product_tag-2187","9":"first","10":"instock","11":"downloadable","12":"virtual","13":"taxable","14":"purchasable","15":"product-type-simple"},"acf":[],"yoast_head":"<!-- This site is optimized with the Yoast SEO plugin v27.4 - https:\/\/yoast.com\/product\/yoast-seo-wordpress\/ -->\n<title>Immobilien Business Ausgabe 2\/2023 - IMMOBILIEN Business<\/title>\n<meta name=\"description\" content=\"Erhalte die deutschsprachige Fachzeitschrift \u00abImmobilien Business\u00bb in der Ausgabe 2\/2023 als PDF-Download mit nachfolgendem Inhaltsverzeichnis:\" \/>\n<meta name=\"robots\" content=\"index, follow, max-snippet:-1, max-image-preview:large, max-video-preview:-1\" \/>\n<link rel=\"canonical\" href=\"https:\/\/www.immobilienbusiness.ch\/it\/product\/immobilien-business-ausgabe-2-2023\/\" \/>\n<meta property=\"og:locale\" content=\"it_IT\" \/>\n<meta property=\"og:type\" content=\"article\" \/>\n<meta property=\"og:title\" content=\"Immobilien Business Ausgabe 2\/2023 - IMMOBILIEN Business\" \/>\n<meta property=\"og:description\" content=\"Erhalte die deutschsprachige Fachzeitschrift \u00abImmobilien Business\u00bb in der Ausgabe 2\/2023 als PDF-Download mit nachfolgendem Inhaltsverzeichnis:\" \/>\n<meta property=\"og:url\" content=\"https:\/\/www.immobilienbusiness.ch\/it\/product\/immobilien-business-ausgabe-2-2023\/\" \/>\n<meta property=\"og:site_name\" content=\"IMMOBILIEN Business\" \/>\n<meta property=\"article:publisher\" content=\"https:\/\/www.facebook.com\/immobilienbusiness\/\" \/>\n<meta property=\"article:modified_time\" content=\"2026-02-17T14:56:42+00:00\" \/>\n<meta property=\"og:image\" content=\"https:\/\/www.immobilienbusiness.ch\/wp-content\/uploads\/2023\/03\/Immobilien_Business_2023_2.png\" \/>\n\t<meta property=\"og:image:width\" content=\"654\" \/>\n\t<meta property=\"og:image:height\" content=\"370\" \/>\n\t<meta property=\"og:image:type\" content=\"image\/png\" \/>\n<meta name=\"twitter:card\" content=\"summary_large_image\" \/>\n<script type=\"application\/ld+json\" class=\"yoast-schema-graph\">{\"@context\":\"https:\\\/\\\/schema.org\",\"@graph\":[{\"@type\":\"WebPage\",\"@id\":\"https:\\\/\\\/www.immobilienbusiness.ch\\\/produkt\\\/immobilien-business-ausgabe-2-2023\\\/\",\"url\":\"https:\\\/\\\/www.immobilienbusiness.ch\\\/produkt\\\/immobilien-business-ausgabe-2-2023\\\/\",\"name\":\"Immobilien Business Ausgabe 2\\\/2023 - IMMOBILIEN Business\",\"isPartOf\":{\"@id\":\"https:\\\/\\\/www.immobilienbusiness.ch\\\/#website\"},\"primaryImageOfPage\":{\"@id\":\"https:\\\/\\\/www.immobilienbusiness.ch\\\/produkt\\\/immobilien-business-ausgabe-2-2023\\\/#primaryimage\"},\"image\":{\"@id\":\"https:\\\/\\\/www.immobilienbusiness.ch\\\/produkt\\\/immobilien-business-ausgabe-2-2023\\\/#primaryimage\"},\"thumbnailUrl\":\"https:\\\/\\\/www.immobilienbusiness.ch\\\/wp-content\\\/uploads\\\/2023\\\/03\\\/Immobilien_Business_2023_2.png\",\"datePublished\":\"2023-03-22T08:53:32+00:00\",\"dateModified\":\"2026-02-17T14:56:42+00:00\",\"description\":\"Erhalte die deutschsprachige Fachzeitschrift \u00abImmobilien Business\u00bb in der Ausgabe 2\\\/2023 als PDF-Download mit nachfolgendem Inhaltsverzeichnis:\",\"breadcrumb\":{\"@id\":\"https:\\\/\\\/www.immobilienbusiness.ch\\\/produkt\\\/immobilien-business-ausgabe-2-2023\\\/#breadcrumb\"},\"inLanguage\":\"it-IT\",\"potentialAction\":[{\"@type\":\"ReadAction\",\"target\":[\"https:\\\/\\\/www.immobilienbusiness.ch\\\/produkt\\\/immobilien-business-ausgabe-2-2023\\\/\"]}]},{\"@type\":\"ImageObject\",\"inLanguage\":\"it-IT\",\"@id\":\"https:\\\/\\\/www.immobilienbusiness.ch\\\/produkt\\\/immobilien-business-ausgabe-2-2023\\\/#primaryimage\",\"url\":\"https:\\\/\\\/www.immobilienbusiness.ch\\\/wp-content\\\/uploads\\\/2023\\\/03\\\/Immobilien_Business_2023_2.png\",\"contentUrl\":\"https:\\\/\\\/www.immobilienbusiness.ch\\\/wp-content\\\/uploads\\\/2023\\\/03\\\/Immobilien_Business_2023_2.png\",\"width\":654,\"height\":370},{\"@type\":\"BreadcrumbList\",\"@id\":\"https:\\\/\\\/www.immobilienbusiness.ch\\\/produkt\\\/immobilien-business-ausgabe-2-2023\\\/#breadcrumb\",\"itemListElement\":[{\"@type\":\"ListItem\",\"position\":1,\"name\":\"Home\",\"item\":\"https:\\\/\\\/www.immobilienbusiness.ch\\\/\"},{\"@type\":\"ListItem\",\"position\":2,\"name\":\"Shop\",\"item\":\"https:\\\/\\\/www.immobilienbusiness.ch\\\/en\\\/shop\\\/\"},{\"@type\":\"ListItem\",\"position\":3,\"name\":\"Immobilien Business Ausgabe 2\\\/2023\"}]},{\"@type\":\"WebSite\",\"@id\":\"https:\\\/\\\/www.immobilienbusiness.ch\\\/#website\",\"url\":\"https:\\\/\\\/www.immobilienbusiness.ch\\\/\",\"name\":\"IMMOBILIEN Business\",\"description\":\"Unabh\u00e4ngiges Schweizer Wirtschaftsmagazin mit Fokus auf Immobilien, Architektur- und Bau sowie Investment- und Finanzierung.\",\"publisher\":{\"@id\":\"https:\\\/\\\/www.immobilienbusiness.ch\\\/#organization\"},\"potentialAction\":[{\"@type\":\"SearchAction\",\"target\":{\"@type\":\"EntryPoint\",\"urlTemplate\":\"https:\\\/\\\/www.immobilienbusiness.ch\\\/?s={search_term_string}\"},\"query-input\":{\"@type\":\"PropertyValueSpecification\",\"valueRequired\":true,\"valueName\":\"search_term_string\"}}],\"inLanguage\":\"it-IT\"},{\"@type\":\"Organization\",\"@id\":\"https:\\\/\\\/www.immobilienbusiness.ch\\\/#organization\",\"name\":\"IMMOBILIEN Business\",\"url\":\"https:\\\/\\\/www.immobilienbusiness.ch\\\/\",\"logo\":{\"@type\":\"ImageObject\",\"inLanguage\":\"it-IT\",\"@id\":\"https:\\\/\\\/www.immobilienbusiness.ch\\\/#\\\/schema\\\/logo\\\/image\\\/\",\"url\":\"https:\\\/\\\/www.immobilienbusiness.ch\\\/wp-content\\\/uploads\\\/2021\\\/07\\\/logo_ib.png\",\"contentUrl\":\"https:\\\/\\\/www.immobilienbusiness.ch\\\/wp-content\\\/uploads\\\/2021\\\/07\\\/logo_ib.png\",\"width\":800,\"height\":181,\"caption\":\"IMMOBILIEN Business\"},\"image\":{\"@id\":\"https:\\\/\\\/www.immobilienbusiness.ch\\\/#\\\/schema\\\/logo\\\/image\\\/\"},\"sameAs\":[\"https:\\\/\\\/www.facebook.com\\\/immobilienbusiness\\\/\"]}]}<\/script>\n<!-- \/ Yoast SEO plugin. -->","yoast_head_json":{"title":"Immobiliare Business Edizione 2\/2023 - IMMOBILIEN Business","description":"Ricevete la rivista specializzata in lingua tedesca \"Immobilien Business\" nel numero 2\/2023 come download in formato PDF con il seguente indice:","robots":{"index":"index","follow":"follow","max-snippet":"max-snippet:-1","max-image-preview":"max-image-preview:large","max-video-preview":"max-video-preview:-1"},"canonical":"https:\/\/www.immobilienbusiness.ch\/it\/product\/immobilien-business-ausgabe-2-2023\/","og_locale":"it_IT","og_type":"article","og_title":"Immobilien Business Ausgabe 2\/2023 - IMMOBILIEN Business","og_description":"Erhalte die deutschsprachige Fachzeitschrift \u00abImmobilien Business\u00bb in der Ausgabe 2\/2023 als PDF-Download mit nachfolgendem Inhaltsverzeichnis:","og_url":"https:\/\/www.immobilienbusiness.ch\/it\/product\/immobilien-business-ausgabe-2-2023\/","og_site_name":"IMMOBILIEN Business","article_publisher":"https:\/\/www.facebook.com\/immobilienbusiness\/","article_modified_time":"2026-02-17T14:56:42+00:00","og_image":[{"width":654,"height":370,"url":"https:\/\/www.immobilienbusiness.ch\/wp-content\/uploads\/2023\/03\/Immobilien_Business_2023_2.png","type":"image\/png"}],"twitter_card":"summary_large_image","schema":{"@context":"https:\/\/schema.org","@graph":[{"@type":"WebPage","@id":"https:\/\/www.immobilienbusiness.ch\/produkt\/immobilien-business-ausgabe-2-2023\/","url":"https:\/\/www.immobilienbusiness.ch\/produkt\/immobilien-business-ausgabe-2-2023\/","name":"Immobiliare Business Edizione 2\/2023 - IMMOBILIEN Business","isPartOf":{"@id":"https:\/\/www.immobilienbusiness.ch\/#website"},"primaryImageOfPage":{"@id":"https:\/\/www.immobilienbusiness.ch\/produkt\/immobilien-business-ausgabe-2-2023\/#primaryimage"},"image":{"@id":"https:\/\/www.immobilienbusiness.ch\/produkt\/immobilien-business-ausgabe-2-2023\/#primaryimage"},"thumbnailUrl":"https:\/\/www.immobilienbusiness.ch\/wp-content\/uploads\/2023\/03\/Immobilien_Business_2023_2.png","datePublished":"2023-03-22T08:53:32+00:00","dateModified":"2026-02-17T14:56:42+00:00","description":"Ricevete la rivista specializzata in lingua tedesca \"Immobilien Business\" nel numero 2\/2023 come download in formato PDF con il seguente indice:","breadcrumb":{"@id":"https:\/\/www.immobilienbusiness.ch\/produkt\/immobilien-business-ausgabe-2-2023\/#breadcrumb"},"inLanguage":"it-IT","potentialAction":[{"@type":"ReadAction","target":["https:\/\/www.immobilienbusiness.ch\/produkt\/immobilien-business-ausgabe-2-2023\/"]}]},{"@type":"ImageObject","inLanguage":"it-IT","@id":"https:\/\/www.immobilienbusiness.ch\/produkt\/immobilien-business-ausgabe-2-2023\/#primaryimage","url":"https:\/\/www.immobilienbusiness.ch\/wp-content\/uploads\/2023\/03\/Immobilien_Business_2023_2.png","contentUrl":"https:\/\/www.immobilienbusiness.ch\/wp-content\/uploads\/2023\/03\/Immobilien_Business_2023_2.png","width":654,"height":370},{"@type":"BreadcrumbList","@id":"https:\/\/www.immobilienbusiness.ch\/produkt\/immobilien-business-ausgabe-2-2023\/#breadcrumb","itemListElement":[{"@type":"ListItem","position":1,"name":"Home","item":"https:\/\/www.immobilienbusiness.ch\/"},{"@type":"ListItem","position":2,"name":"Shop","item":"https:\/\/www.immobilienbusiness.ch\/en\/shop\/"},{"@type":"ListItem","position":3,"name":"Immobilien Business Ausgabe 2\/2023"}]},{"@type":"WebSite","@id":"https:\/\/www.immobilienbusiness.ch\/#website","url":"https:\/\/www.immobilienbusiness.ch\/","name":"Affari immobiliari","description":"Rivista economica indipendente svizzera che si concentra sul settore immobiliare, l'architettura e la costruzione, nonch\u00e9 sugli investimenti e i finanziamenti.","publisher":{"@id":"https:\/\/www.immobilienbusiness.ch\/#organization"},"potentialAction":[{"@type":"SearchAction","target":{"@type":"EntryPoint","urlTemplate":"https:\/\/www.immobilienbusiness.ch\/?s={search_term_string}"},"query-input":{"@type":"PropertyValueSpecification","valueRequired":true,"valueName":"search_term_string"}}],"inLanguage":"it-IT"},{"@type":"Organization","@id":"https:\/\/www.immobilienbusiness.ch\/#organization","name":"Affari immobiliari","url":"https:\/\/www.immobilienbusiness.ch\/","logo":{"@type":"ImageObject","inLanguage":"it-IT","@id":"https:\/\/www.immobilienbusiness.ch\/#\/schema\/logo\/image\/","url":"https:\/\/www.immobilienbusiness.ch\/wp-content\/uploads\/2021\/07\/logo_ib.png","contentUrl":"https:\/\/www.immobilienbusiness.ch\/wp-content\/uploads\/2021\/07\/logo_ib.png","width":800,"height":181,"caption":"IMMOBILIEN Business"},"image":{"@id":"https:\/\/www.immobilienbusiness.ch\/#\/schema\/logo\/image\/"},"sameAs":["https:\/\/www.facebook.com\/immobilienbusiness\/"]}]}},"_links":{"self":[{"href":"https:\/\/www.immobilienbusiness.ch\/it\/wp-json\/wp\/v2\/product\/46279","targetHints":{"allow":["GET"]}}],"collection":[{"href":"https:\/\/www.immobilienbusiness.ch\/it\/wp-json\/wp\/v2\/product"}],"about":[{"href":"https:\/\/www.immobilienbusiness.ch\/it\/wp-json\/wp\/v2\/types\/product"}],"wp:featuredmedia":[{"embeddable":true,"href":"https:\/\/www.immobilienbusiness.ch\/it\/wp-json\/wp\/v2\/media\/46280"}],"wp:attachment":[{"href":"https:\/\/www.immobilienbusiness.ch\/it\/wp-json\/wp\/v2\/media?parent=46279"}],"wp:term":[{"taxonomy":"product_brand","embeddable":true,"href":"https:\/\/www.immobilienbusiness.ch\/it\/wp-json\/wp\/v2\/product_brand?post=46279"},{"taxonomy":"product_cat","embeddable":true,"href":"https:\/\/www.immobilienbusiness.ch\/it\/wp-json\/wp\/v2\/product_cat?post=46279"},{"taxonomy":"product_tag","embeddable":true,"href":"https:\/\/www.immobilienbusiness.ch\/it\/wp-json\/wp\/v2\/product_tag?post=46279"}],"curies":[{"name":"wp","href":"https:\/\/api.w.org\/{rel}","templated":true}]}}