{"id":37303,"date":"2021-07-15T12:30:26","date_gmt":"2021-07-15T10:30:26","guid":{"rendered":"https:\/\/www.immobilienbusiness.ch\/?post_type=product&#038;p=37303"},"modified":"2026-02-17T15:59:19","modified_gmt":"2026-02-17T14:59:19","slug":"immobilien-business-ausgabe-7-8-2018","status":"publish","type":"product","link":"https:\/\/www.immobilienbusiness.ch\/it\/product\/immobilien-business-ausgabe-7-8-2018\/","title":{"rendered":"Numero di affari immobiliari 7-8\/2018"},"content":{"rendered":"<h2>Notizie<\/h2>\n<ul>\n<li>Zurigo: Greencity continua a crescere<\/li>\n<li>Zurigo: nuovi lavori alla stazione principale<\/li>\n<li>Personale: KPMG Svizzera<\/li>\n<li>M\u00fcnchenstein: nuovo quartiere residenziale<\/li>\n<li>Romanshorn: inizio della costruzione del \"Bahnh\u00f6fli<\/li>\n<li>Personalia: Radisson Hotel Group; BS2<\/li>\n<li>Diepoldsau: \"Sette in una volta sola\"<\/li>\n<li>Pratteln: Centro per la mobilit\u00e0 elettrica<\/li>\n<li>Personale: E&amp;V Commerciale Svizzera<\/li>\n<li>Switzerland Invest AG; Stone Estate Swiss AG<\/li>\n<li>Lucerna: nuovo concetto di grattacielo<\/li>\n<li>Personalia: Realstone Holding SA<\/li>\n<li>Morges: inizio della costruzione del Quartier des Halles<\/li>\n<li>Vernier: il sito industriale diventa un quartiere residenziale<\/li>\n<li>Personalia: ICFM AG; DL MoneyPark<\/li>\n<li>Basilea: la torre Grosspeter \u00e8 stata inaugurata ufficialmente<\/li>\n<li>Othmarsingen: Centravo-Areal<\/li>\n<li>Personalia: Solvalor Fund Management<\/li>\n<\/ul>\n<h2>Tendenze<\/h2>\n<ul>\n<li>Coworking per le aziende L'ufficio flessibile \u00e8 in voga<\/li>\n<\/ul>\n<h2>Mercati e investimenti<\/h2>\n<ul>\n<li>Aggiornamento all'estero Nuova concorrenza per i resort svizzeri<\/li>\n<li>Notizie: ASA colloca una nuova obbligazione<\/li>\n<li>Il Beizer alla riscossa La gastronomia come calamita per i clienti<\/li>\n<\/ul>\n<h2>Titolo Argomento<\/h2>\n<ul>\n<li>Who is Who 2018 100 capi dell'industria immobiliare svizzera<\/li>\n<\/ul>\n<h2>Dalle regioni<\/h2>\n<ul>\n<li>Gli investitori ritornano Notizie dal mercato immobiliare di Ginevra<\/li>\n<li>Notizie: Ginevra: Wincasa apre un nuovo hub<\/li>\n<li>Luminosit\u00e0 in Occidente Le citt\u00e0 secondarie offrono opportunit\u00e0<\/li>\n<\/ul>\n<h2>Residenziale<\/h2>\n<ul>\n<li>Tempi duri per i padroni di casa Nuove regole per il mercato degli alloggi in affitto a Basilea<\/li>\n<li>62 Notizie: Basilea: piani per il Nauentor<\/li>\n<\/ul>\n<h2>Gestione delle strutture<\/h2>\n<ul>\n<li>Il compito principale della gestione dei dati Il settore FM si affida a soluzioni IT<\/li>\n<li>Notizie: JLL Spark: fondo per le PropTech<\/li>\n<\/ul>\n<h2>Architettura e industria edilizia<\/h2>\n<ul>\n<li>Si pu\u00f2 pianificare la citt\u00e0 vivente? Intervista con l'architetto Eberhard Tr\u00f6ger<\/li>\n<\/ul>\n<h2>Innovazioni<\/h2>\n<ul>\n<li>Un cervello per gli immobili L'intelligenza artificiale e gli edifici per uffici<\/li>\n<\/ul>\n<h2>Servizio<\/h2>\n<ul>\n<li>Ordine del giorno\/revisione<\/li>\n<li>Affitti richiesti<\/li>\n<li>Recensione del discorso immobiliare svizzero \"Investimenti di fine ciclo in Germania?<\/li>\n<\/ul>\n<h2>Mercati esteri<\/h2>\n<ul>\n<li>La tigre senza denti Il mercato immobiliare italiano sfida il diktat dell'austerit\u00e0<\/li>\n<li>Notizie: Zalando: Nuovo centro logistico<\/li>\n<li>Notizie: Italia: PIL in leggero aumento<\/li>\n<\/ul>\n<h2>Mercati finanziari immobiliari<\/h2>\n<ul>\n<li>Intervista del mese: Roger Hennig, Schroders<\/li>\n<li>Iniziativa sul denaro pieno: la riforma non si concretizza<\/li>\n<li>Immofonds: acquisizione a Basilea<\/li>\n<li>Akara: denaro fresco<\/li>\n<li>Patrimonium AST: aumento di capitale in vista<\/li>\n<li>UBS: AST HIS aperto alle sottoscrizioni<\/li>\n<li>Greenbrix AST: nuova misura di capitale<\/li>\n<li>Mobimo: acquisizione di Fadmatt<\/li>\n<li>BFW: Frischknecht rimane CEO<\/li>\n<li>HSC: capitale fresco<\/li>\n<li>Swiss Life: acquisizione in Germania<\/li>\n<li>AXA Immovation Residential: forte domanda<\/li>\n<li>Partner W\u00fcest: studio sulla Germania meridionale<\/li>\n<li>Propriet\u00e0 della pesca: saldamente in rotta<\/li>\n<li>CS AM Global RE: affare a Wellington<\/li>\n<li>Corestate: Micro Living nel suo mirino<\/li>\n<li>Swiss Life AM: acquisizione a Helsinki<\/li>\n<li>Opinione del mercato: Nicolas Roth, Banca REYL<\/li>\n<\/ul>\n<h2>Propriet\u00e0 del condominio<\/h2>\n<ul>\n<li>\"La banca pagher\u00e0 la ristrutturazione del tetto?\"<\/li>\n<\/ul>","protected":false},"excerpt":{"rendered":"<p>Ricevi la rivista specializzata in lingua tedesca \"immobilienbusiness\" nell'edizione Immobilien Business 7-8\/2018 come download PDF con il seguente indice:<\/p>","protected":false},"featured_media":37333,"template":"","meta":{"_acf_changed":false,"pgc_sgb_lightbox_settings":""},"product_brand":[],"product_cat":[921],"product_tag":[926],"class_list":{"0":"post-37303","1":"product","2":"type-product","3":"status-publish","4":"has-post-thumbnail","6":"product_cat-einzelausgaben","7":"product_tag-926","9":"first","10":"instock","11":"downloadable","12":"virtual","13":"taxable","14":"purchasable","15":"product-type-simple"},"acf":[],"yoast_head":"<!-- This site is optimized with the Yoast SEO plugin v27.4 - https:\/\/yoast.com\/product\/yoast-seo-wordpress\/ -->\n<title>Immobilien Business Ausgabe 7-8\/2018 - IMMOBILIEN Business<\/title>\n<meta name=\"description\" content=\"Erhalte die deutschsprachige Fachzeitschrift \u00abimmobilienbusiness\u00bb in der Immobilien Business Ausgabe 7-8\/2018 als PDF-Download mit nachfolgendem Inhaltsverzeichnis:\" \/>\n<meta name=\"robots\" content=\"index, follow, max-snippet:-1, max-image-preview:large, max-video-preview:-1\" \/>\n<link rel=\"canonical\" href=\"https:\/\/www.immobilienbusiness.ch\/it\/product\/immobilien-business-ausgabe-7-8-2018\/\" \/>\n<meta property=\"og:locale\" content=\"it_IT\" \/>\n<meta property=\"og:type\" content=\"article\" \/>\n<meta property=\"og:title\" content=\"Immobilien Business Ausgabe 7-8\/2018 - IMMOBILIEN Business\" \/>\n<meta property=\"og:description\" content=\"Erhalte die deutschsprachige Fachzeitschrift \u00abimmobilienbusiness\u00bb in der Immobilien Business Ausgabe 7-8\/2018 als PDF-Download mit nachfolgendem Inhaltsverzeichnis:\" \/>\n<meta property=\"og:url\" content=\"https:\/\/www.immobilienbusiness.ch\/it\/product\/immobilien-business-ausgabe-7-8-2018\/\" \/>\n<meta property=\"og:site_name\" content=\"IMMOBILIEN Business\" \/>\n<meta property=\"article:publisher\" content=\"https:\/\/www.facebook.com\/immobilienbusiness\/\" \/>\n<meta property=\"article:modified_time\" content=\"2026-02-17T14:59:19+00:00\" \/>\n<meta property=\"og:image\" content=\"https:\/\/www.immobilienbusiness.ch\/wp-content\/uploads\/2021\/07\/Immobilien-Business-Ausgabe-7-8-2018.png\" \/>\n\t<meta property=\"og:image:width\" content=\"654\" \/>\n\t<meta property=\"og:image:height\" content=\"370\" \/>\n\t<meta property=\"og:image:type\" content=\"image\/png\" \/>\n<meta name=\"twitter:card\" content=\"summary_large_image\" \/>\n<script type=\"application\/ld+json\" class=\"yoast-schema-graph\">{\"@context\":\"https:\\\/\\\/schema.org\",\"@graph\":[{\"@type\":\"WebPage\",\"@id\":\"https:\\\/\\\/www.immobilienbusiness.ch\\\/produkt\\\/immobilien-business-ausgabe-7-8-2018\\\/\",\"url\":\"https:\\\/\\\/www.immobilienbusiness.ch\\\/produkt\\\/immobilien-business-ausgabe-7-8-2018\\\/\",\"name\":\"Immobilien Business Ausgabe 7-8\\\/2018 - IMMOBILIEN Business\",\"isPartOf\":{\"@id\":\"https:\\\/\\\/www.immobilienbusiness.ch\\\/#website\"},\"primaryImageOfPage\":{\"@id\":\"https:\\\/\\\/www.immobilienbusiness.ch\\\/produkt\\\/immobilien-business-ausgabe-7-8-2018\\\/#primaryimage\"},\"image\":{\"@id\":\"https:\\\/\\\/www.immobilienbusiness.ch\\\/produkt\\\/immobilien-business-ausgabe-7-8-2018\\\/#primaryimage\"},\"thumbnailUrl\":\"https:\\\/\\\/www.immobilienbusiness.ch\\\/wp-content\\\/uploads\\\/2021\\\/07\\\/Immobilien-Business-Ausgabe-7-8-2018.png\",\"datePublished\":\"2021-07-15T10:30:26+00:00\",\"dateModified\":\"2026-02-17T14:59:19+00:00\",\"description\":\"Erhalte die deutschsprachige Fachzeitschrift \u00abimmobilienbusiness\u00bb in der Immobilien Business Ausgabe 7-8\\\/2018 als PDF-Download mit nachfolgendem Inhaltsverzeichnis:\",\"breadcrumb\":{\"@id\":\"https:\\\/\\\/www.immobilienbusiness.ch\\\/produkt\\\/immobilien-business-ausgabe-7-8-2018\\\/#breadcrumb\"},\"inLanguage\":\"it-IT\",\"potentialAction\":[{\"@type\":\"ReadAction\",\"target\":[\"https:\\\/\\\/www.immobilienbusiness.ch\\\/produkt\\\/immobilien-business-ausgabe-7-8-2018\\\/\"]}]},{\"@type\":\"ImageObject\",\"inLanguage\":\"it-IT\",\"@id\":\"https:\\\/\\\/www.immobilienbusiness.ch\\\/produkt\\\/immobilien-business-ausgabe-7-8-2018\\\/#primaryimage\",\"url\":\"https:\\\/\\\/www.immobilienbusiness.ch\\\/wp-content\\\/uploads\\\/2021\\\/07\\\/Immobilien-Business-Ausgabe-7-8-2018.png\",\"contentUrl\":\"https:\\\/\\\/www.immobilienbusiness.ch\\\/wp-content\\\/uploads\\\/2021\\\/07\\\/Immobilien-Business-Ausgabe-7-8-2018.png\",\"width\":654,\"height\":370},{\"@type\":\"BreadcrumbList\",\"@id\":\"https:\\\/\\\/www.immobilienbusiness.ch\\\/produkt\\\/immobilien-business-ausgabe-7-8-2018\\\/#breadcrumb\",\"itemListElement\":[{\"@type\":\"ListItem\",\"position\":1,\"name\":\"Home\",\"item\":\"https:\\\/\\\/www.immobilienbusiness.ch\\\/\"},{\"@type\":\"ListItem\",\"position\":2,\"name\":\"Shop\",\"item\":\"https:\\\/\\\/www.immobilienbusiness.ch\\\/en\\\/shop\\\/\"},{\"@type\":\"ListItem\",\"position\":3,\"name\":\"Immobilien Business Ausgabe 7-8\\\/2018\"}]},{\"@type\":\"WebSite\",\"@id\":\"https:\\\/\\\/www.immobilienbusiness.ch\\\/#website\",\"url\":\"https:\\\/\\\/www.immobilienbusiness.ch\\\/\",\"name\":\"IMMOBILIEN Business\",\"description\":\"Unabh\u00e4ngiges Schweizer Wirtschaftsmagazin mit Fokus auf Immobilien, Architektur- und Bau sowie Investment- und Finanzierung.\",\"publisher\":{\"@id\":\"https:\\\/\\\/www.immobilienbusiness.ch\\\/#organization\"},\"potentialAction\":[{\"@type\":\"SearchAction\",\"target\":{\"@type\":\"EntryPoint\",\"urlTemplate\":\"https:\\\/\\\/www.immobilienbusiness.ch\\\/?s={search_term_string}\"},\"query-input\":{\"@type\":\"PropertyValueSpecification\",\"valueRequired\":true,\"valueName\":\"search_term_string\"}}],\"inLanguage\":\"it-IT\"},{\"@type\":\"Organization\",\"@id\":\"https:\\\/\\\/www.immobilienbusiness.ch\\\/#organization\",\"name\":\"IMMOBILIEN Business\",\"url\":\"https:\\\/\\\/www.immobilienbusiness.ch\\\/\",\"logo\":{\"@type\":\"ImageObject\",\"inLanguage\":\"it-IT\",\"@id\":\"https:\\\/\\\/www.immobilienbusiness.ch\\\/#\\\/schema\\\/logo\\\/image\\\/\",\"url\":\"https:\\\/\\\/www.immobilienbusiness.ch\\\/wp-content\\\/uploads\\\/2021\\\/07\\\/logo_ib.png\",\"contentUrl\":\"https:\\\/\\\/www.immobilienbusiness.ch\\\/wp-content\\\/uploads\\\/2021\\\/07\\\/logo_ib.png\",\"width\":800,\"height\":181,\"caption\":\"IMMOBILIEN Business\"},\"image\":{\"@id\":\"https:\\\/\\\/www.immobilienbusiness.ch\\\/#\\\/schema\\\/logo\\\/image\\\/\"},\"sameAs\":[\"https:\\\/\\\/www.facebook.com\\\/immobilienbusiness\\\/\"]}]}<\/script>\n<!-- \/ Yoast SEO plugin. -->","yoast_head_json":{"title":"Numero di Affari Immobiliari 7-8\/2018 - IMMOBILIEN Business","description":"Ricevi la rivista specializzata in lingua tedesca \"immobilienbusiness\" nell'edizione Immobilien Business 7-8\/2018 come download PDF con il seguente indice:","robots":{"index":"index","follow":"follow","max-snippet":"max-snippet:-1","max-image-preview":"max-image-preview:large","max-video-preview":"max-video-preview:-1"},"canonical":"https:\/\/www.immobilienbusiness.ch\/it\/product\/immobilien-business-ausgabe-7-8-2018\/","og_locale":"it_IT","og_type":"article","og_title":"Immobilien Business Ausgabe 7-8\/2018 - IMMOBILIEN Business","og_description":"Erhalte die deutschsprachige Fachzeitschrift \u00abimmobilienbusiness\u00bb in der Immobilien Business Ausgabe 7-8\/2018 als PDF-Download mit nachfolgendem Inhaltsverzeichnis:","og_url":"https:\/\/www.immobilienbusiness.ch\/it\/product\/immobilien-business-ausgabe-7-8-2018\/","og_site_name":"IMMOBILIEN Business","article_publisher":"https:\/\/www.facebook.com\/immobilienbusiness\/","article_modified_time":"2026-02-17T14:59:19+00:00","og_image":[{"width":654,"height":370,"url":"https:\/\/www.immobilienbusiness.ch\/wp-content\/uploads\/2021\/07\/Immobilien-Business-Ausgabe-7-8-2018.png","type":"image\/png"}],"twitter_card":"summary_large_image","schema":{"@context":"https:\/\/schema.org","@graph":[{"@type":"WebPage","@id":"https:\/\/www.immobilienbusiness.ch\/produkt\/immobilien-business-ausgabe-7-8-2018\/","url":"https:\/\/www.immobilienbusiness.ch\/produkt\/immobilien-business-ausgabe-7-8-2018\/","name":"Numero di Affari Immobiliari 7-8\/2018 - IMMOBILIEN Business","isPartOf":{"@id":"https:\/\/www.immobilienbusiness.ch\/#website"},"primaryImageOfPage":{"@id":"https:\/\/www.immobilienbusiness.ch\/produkt\/immobilien-business-ausgabe-7-8-2018\/#primaryimage"},"image":{"@id":"https:\/\/www.immobilienbusiness.ch\/produkt\/immobilien-business-ausgabe-7-8-2018\/#primaryimage"},"thumbnailUrl":"https:\/\/www.immobilienbusiness.ch\/wp-content\/uploads\/2021\/07\/Immobilien-Business-Ausgabe-7-8-2018.png","datePublished":"2021-07-15T10:30:26+00:00","dateModified":"2026-02-17T14:59:19+00:00","description":"Ricevi la rivista specializzata in lingua tedesca \"immobilienbusiness\" nell'edizione Immobilien Business 7-8\/2018 come download PDF con il seguente indice:","breadcrumb":{"@id":"https:\/\/www.immobilienbusiness.ch\/produkt\/immobilien-business-ausgabe-7-8-2018\/#breadcrumb"},"inLanguage":"it-IT","potentialAction":[{"@type":"ReadAction","target":["https:\/\/www.immobilienbusiness.ch\/produkt\/immobilien-business-ausgabe-7-8-2018\/"]}]},{"@type":"ImageObject","inLanguage":"it-IT","@id":"https:\/\/www.immobilienbusiness.ch\/produkt\/immobilien-business-ausgabe-7-8-2018\/#primaryimage","url":"https:\/\/www.immobilienbusiness.ch\/wp-content\/uploads\/2021\/07\/Immobilien-Business-Ausgabe-7-8-2018.png","contentUrl":"https:\/\/www.immobilienbusiness.ch\/wp-content\/uploads\/2021\/07\/Immobilien-Business-Ausgabe-7-8-2018.png","width":654,"height":370},{"@type":"BreadcrumbList","@id":"https:\/\/www.immobilienbusiness.ch\/produkt\/immobilien-business-ausgabe-7-8-2018\/#breadcrumb","itemListElement":[{"@type":"ListItem","position":1,"name":"Home","item":"https:\/\/www.immobilienbusiness.ch\/"},{"@type":"ListItem","position":2,"name":"Shop","item":"https:\/\/www.immobilienbusiness.ch\/en\/shop\/"},{"@type":"ListItem","position":3,"name":"Immobilien Business Ausgabe 7-8\/2018"}]},{"@type":"WebSite","@id":"https:\/\/www.immobilienbusiness.ch\/#website","url":"https:\/\/www.immobilienbusiness.ch\/","name":"Affari immobiliari","description":"Rivista economica indipendente svizzera che si concentra sul settore immobiliare, l'architettura e la costruzione, nonch\u00e9 sugli investimenti e i finanziamenti.","publisher":{"@id":"https:\/\/www.immobilienbusiness.ch\/#organization"},"potentialAction":[{"@type":"SearchAction","target":{"@type":"EntryPoint","urlTemplate":"https:\/\/www.immobilienbusiness.ch\/?s={search_term_string}"},"query-input":{"@type":"PropertyValueSpecification","valueRequired":true,"valueName":"search_term_string"}}],"inLanguage":"it-IT"},{"@type":"Organization","@id":"https:\/\/www.immobilienbusiness.ch\/#organization","name":"Affari immobiliari","url":"https:\/\/www.immobilienbusiness.ch\/","logo":{"@type":"ImageObject","inLanguage":"it-IT","@id":"https:\/\/www.immobilienbusiness.ch\/#\/schema\/logo\/image\/","url":"https:\/\/www.immobilienbusiness.ch\/wp-content\/uploads\/2021\/07\/logo_ib.png","contentUrl":"https:\/\/www.immobilienbusiness.ch\/wp-content\/uploads\/2021\/07\/logo_ib.png","width":800,"height":181,"caption":"IMMOBILIEN Business"},"image":{"@id":"https:\/\/www.immobilienbusiness.ch\/#\/schema\/logo\/image\/"},"sameAs":["https:\/\/www.facebook.com\/immobilienbusiness\/"]}]}},"_links":{"self":[{"href":"https:\/\/www.immobilienbusiness.ch\/it\/wp-json\/wp\/v2\/product\/37303","targetHints":{"allow":["GET"]}}],"collection":[{"href":"https:\/\/www.immobilienbusiness.ch\/it\/wp-json\/wp\/v2\/product"}],"about":[{"href":"https:\/\/www.immobilienbusiness.ch\/it\/wp-json\/wp\/v2\/types\/product"}],"wp:featuredmedia":[{"embeddable":true,"href":"https:\/\/www.immobilienbusiness.ch\/it\/wp-json\/wp\/v2\/media\/37333"}],"wp:attachment":[{"href":"https:\/\/www.immobilienbusiness.ch\/it\/wp-json\/wp\/v2\/media?parent=37303"}],"wp:term":[{"taxonomy":"product_brand","embeddable":true,"href":"https:\/\/www.immobilienbusiness.ch\/it\/wp-json\/wp\/v2\/product_brand?post=37303"},{"taxonomy":"product_cat","embeddable":true,"href":"https:\/\/www.immobilienbusiness.ch\/it\/wp-json\/wp\/v2\/product_cat?post=37303"},{"taxonomy":"product_tag","embeddable":true,"href":"https:\/\/www.immobilienbusiness.ch\/it\/wp-json\/wp\/v2\/product_tag?post=37303"}],"curies":[{"name":"wp","href":"https:\/\/api.w.org\/{rel}","templated":true}]}}