{"id":9158,"date":"2017-09-14T10:55:18","date_gmt":"2017-09-14T08:55:18","guid":{"rendered":"https:\/\/www.immobilienbusiness.ch\/?page_id=9158"},"modified":"2024-09-03T17:35:20","modified_gmt":"2024-09-03T15:35:20","slug":"agb","status":"publish","type":"page","link":"https:\/\/www.immobilienbusiness.ch\/it\/agb\/","title":{"rendered":"AGB"},"content":{"rendered":"<p><strong><strong>Posizionamento dell'ordine\/modifica dell'ordine<\/strong> Chiediamo che gli annunci siano messi, cambiati o sospesi per iscritto.<\/strong><\/p>\n<p><strong>Conferma dell'ordine<\/strong><br \/>\nRiceverai una conferma d'ordine da parte nostra al ricevimento della tua prenotazione.<\/p>\n<p><strong>Pubblicazione di annunci<\/strong><br \/>\nIl cliente \u00e8 responsabile del contenuto di un annuncio. Egli \u00e8 responsabile di qualsiasi rivendicazione nei confronti dell'editore. L'editore si riserva il diritto di rifiutare la pubblicazione degli annunci, di sospendere gli annunci in corso o di esigere delle modifiche. Gli annunci di testo devono differire dalla sezione editoriale per l'impaginazione, il carattere e la dimensione dei caratteri. Il logo del giornale e il suo carattere non possono essere usati. Tutti gli annunci possono essere chiaramente identificati come tali dall'editore con l'intestazione \"Pubblicit\u00e0\" o \"Promozione\".<\/p>\n<p><strong>Posizionamenti<\/strong><br \/>\nI collocamenti sono accettati come richiesta, ma non come condizione (eccetto i collocamenti soggetti a sovrapprezzo).<\/p>\n<p><strong>Diritto di rinvio<\/strong><br \/>\nCi riserviamo il diritto di posticipare gli annunci di un numero per motivi tecnici, anche senza consultare il cliente.<\/p>\n<p><strong>Modifiche tariffarie<\/strong><br \/>\nLe tariffe sono soggette a modifiche ed entrano in vigore immediatamente, anche per gli ordini in corso. Tutte le tariffe pubblicitarie escluse. Prezzi in franchi al tasso giornaliero corrente.<\/p>\n<p><strong>Accordi di sconto<\/strong><br \/>\nGli sconti sono validi per la durata di un anno e solo per un singolo cliente. Sono vincolanti per tutta la durata del contratto.<\/p>\n<p><strong>Difetti tecnici<\/strong><br \/>\nNessuna responsabilit\u00e0 pu\u00f2 essere accettata per annunci che non appaiono correttamente a causa di materiale di stampa mancante o inadeguato. Nel caso di annunci a colori, una prova di colore deve essere presentata in tempo utile. Si riserva una ragionevole tolleranza nella tonalit\u00e0 di colore. C'\u00e8 solo il diritto alla sostituzione o alla riduzione del prezzo se l'annuncio perde il suo effetto pubblicitario a causa di grandi difetti nella riproduzione tecnica.<\/p>\n<p><strong>Reclami<\/strong><br \/>\nI reclami saranno accettati entro 10 giorni dalla fatturazione.<\/p>\n<p><strong>Fatturazione<\/strong><br \/>\nLa fattura viene inviata elettronicamente in formato PDF con la ricevuta della pagina corrispondente all'indirizzo e-mail fornito dal cliente. Se necessario, una fattura fisica pu\u00f2 essere inviata ad un costo.<\/p>\n<p><strong>Disclaimer<\/strong><br \/>\nIl contenuto editoriale non costituisce n\u00e9 un'offerta n\u00e9 un invito a effettuare una transazione finanziaria e non libera il lettore dalla sua<br \/>\nil proprio giudizio.<\/p>\n<p><strong>Termine di pagamento<\/strong><br \/>\n30 giorni dal ricevimento della fattura, senza sconto. Se gli importi delle fatture devono essere eseguiti mediante esecuzione forzata, qualsiasi accordo di sconto e commissione cessa di essere applicabile.<\/p>\n<p><strong>Applicabilit\u00e0<\/strong><br \/>\nGli ordini di inserimento sono basati sulla tariffa pubblicata dall'editore. Le disposizioni di inserimento sono vincolanti per tutti gli ordini.<\/p>\n<p><strong>Luogo di giurisdizione<\/strong><br \/>\nIl luogo di giurisdizione e di esecuzione \u00e8 Zurigo.<\/p>\n<p>Zurigo, Berneck, Flawil, Frauenfeld, settembre 2017<\/p>","protected":false},"excerpt":{"rendered":"<p>Auftragserteilung\/Auftrags\u00e4nderung Aufgabe, \u00c4nderung oder Sistierung von Inseraten erbitten wir schriftlich. Auftragsbest\u00e4tigung Eine Auftragsbest\u00e4tigung erhalten Sie von uns nach Eingang Ihrer Buchung. Ver\u00f6ffentlichung von Anzeigen F\u00fcr den Inhalt einer Anzeige ist der Auftraggeber verantwortlich. Er hat f\u00fcr allf\u00e4llige Anspr\u00fcche gegen\u00fcber dem Verlag einzustehen. Der Verlag beh\u00e4lt sich das Recht vor, die Ver\u00f6ffentlichung von Anzeigen abzulehnen, laufende [&hellip;]<\/p>\n","protected":false},"author":6,"featured_media":0,"parent":0,"menu_order":0,"comment_status":"closed","ping_status":"closed","template":"","meta":{"_acf_changed":false,"pgc_sgb_lightbox_settings":"","footnotes":""},"class_list":["post-9158","page","type-page","status-publish","hentry"],"acf":[],"yoast_head":"<!-- This site is optimized with the Yoast SEO plugin v27.4 - https:\/\/yoast.com\/product\/yoast-seo-wordpress\/ -->\n<title>Allgemeine Gesch\u00e4ftsbedingungen (AGB) IMMOBILIEN Business<\/title>\n<meta name=\"description\" content=\"Allgemeine Gesch\u00e4ftsbedingungen (AGB) der galledia ag und der galledia Verlag AG, beide nachfolgend galledia genannt.\" \/>\n<meta name=\"robots\" content=\"index, follow, max-snippet:-1, max-image-preview:large, max-video-preview:-1\" \/>\n<link rel=\"canonical\" href=\"https:\/\/www.immobilienbusiness.ch\/it\/agb\/\" \/>\n<meta property=\"og:locale\" content=\"it_IT\" \/>\n<meta property=\"og:type\" content=\"article\" \/>\n<meta property=\"og:title\" content=\"Allgemeine Gesch\u00e4ftsbedingungen (AGB) IMMOBILIEN Business\" \/>\n<meta property=\"og:description\" content=\"Allgemeine Gesch\u00e4ftsbedingungen (AGB) der galledia ag und der galledia Verlag AG, beide nachfolgend galledia genannt.\" \/>\n<meta property=\"og:url\" content=\"https:\/\/www.immobilienbusiness.ch\/it\/agb\/\" \/>\n<meta property=\"og:site_name\" content=\"IMMOBILIEN Business\" \/>\n<meta property=\"article:publisher\" content=\"https:\/\/www.facebook.com\/immobilienbusiness\/\" \/>\n<meta property=\"article:modified_time\" content=\"2024-09-03T15:35:20+00:00\" \/>\n<meta name=\"twitter:card\" content=\"summary_large_image\" \/>\n<script type=\"application\/ld+json\" class=\"yoast-schema-graph\">{\"@context\":\"https:\\\/\\\/schema.org\",\"@graph\":[{\"@type\":\"WebPage\",\"@id\":\"https:\\\/\\\/www.immobilienbusiness.ch\\\/agb\\\/\",\"url\":\"https:\\\/\\\/www.immobilienbusiness.ch\\\/agb\\\/\",\"name\":\"Allgemeine Gesch\u00e4ftsbedingungen (AGB) IMMOBILIEN Business\",\"isPartOf\":{\"@id\":\"https:\\\/\\\/www.immobilienbusiness.ch\\\/#website\"},\"datePublished\":\"2017-09-14T08:55:18+00:00\",\"dateModified\":\"2024-09-03T15:35:20+00:00\",\"description\":\"Allgemeine Gesch\u00e4ftsbedingungen (AGB) der galledia ag und der galledia Verlag AG, beide nachfolgend galledia genannt.\",\"breadcrumb\":{\"@id\":\"https:\\\/\\\/www.immobilienbusiness.ch\\\/agb\\\/#breadcrumb\"},\"inLanguage\":\"it-IT\",\"potentialAction\":[{\"@type\":\"ReadAction\",\"target\":[\"https:\\\/\\\/www.immobilienbusiness.ch\\\/agb\\\/\"]}]},{\"@type\":\"BreadcrumbList\",\"@id\":\"https:\\\/\\\/www.immobilienbusiness.ch\\\/agb\\\/#breadcrumb\",\"itemListElement\":[{\"@type\":\"ListItem\",\"position\":1,\"name\":\"Home\",\"item\":\"https:\\\/\\\/www.immobilienbusiness.ch\\\/\"},{\"@type\":\"ListItem\",\"position\":2,\"name\":\"AGB\"}]},{\"@type\":\"WebSite\",\"@id\":\"https:\\\/\\\/www.immobilienbusiness.ch\\\/#website\",\"url\":\"https:\\\/\\\/www.immobilienbusiness.ch\\\/\",\"name\":\"IMMOBILIEN Business\",\"description\":\"Unabh\u00e4ngiges Schweizer Wirtschaftsmagazin mit Fokus auf Immobilien, Architektur- und Bau sowie Investment- und Finanzierung.\",\"publisher\":{\"@id\":\"https:\\\/\\\/www.immobilienbusiness.ch\\\/#organization\"},\"potentialAction\":[{\"@type\":\"SearchAction\",\"target\":{\"@type\":\"EntryPoint\",\"urlTemplate\":\"https:\\\/\\\/www.immobilienbusiness.ch\\\/?s={search_term_string}\"},\"query-input\":{\"@type\":\"PropertyValueSpecification\",\"valueRequired\":true,\"valueName\":\"search_term_string\"}}],\"inLanguage\":\"it-IT\"},{\"@type\":\"Organization\",\"@id\":\"https:\\\/\\\/www.immobilienbusiness.ch\\\/#organization\",\"name\":\"IMMOBILIEN Business\",\"url\":\"https:\\\/\\\/www.immobilienbusiness.ch\\\/\",\"logo\":{\"@type\":\"ImageObject\",\"inLanguage\":\"it-IT\",\"@id\":\"https:\\\/\\\/www.immobilienbusiness.ch\\\/#\\\/schema\\\/logo\\\/image\\\/\",\"url\":\"https:\\\/\\\/www.immobilienbusiness.ch\\\/wp-content\\\/uploads\\\/2021\\\/07\\\/logo_ib.png\",\"contentUrl\":\"https:\\\/\\\/www.immobilienbusiness.ch\\\/wp-content\\\/uploads\\\/2021\\\/07\\\/logo_ib.png\",\"width\":800,\"height\":181,\"caption\":\"IMMOBILIEN Business\"},\"image\":{\"@id\":\"https:\\\/\\\/www.immobilienbusiness.ch\\\/#\\\/schema\\\/logo\\\/image\\\/\"},\"sameAs\":[\"https:\\\/\\\/www.facebook.com\\\/immobilienbusiness\\\/\"]}]}<\/script>\n<!-- \/ Yoast SEO plugin. -->","yoast_head_json":{"title":"Condizioni generali (GTC) IMMOBILIEN Business","description":"Condizioni generali di contratto (CG) di galledia ag e galledia Verlag AG, di seguito denominate galledia.","robots":{"index":"index","follow":"follow","max-snippet":"max-snippet:-1","max-image-preview":"max-image-preview:large","max-video-preview":"max-video-preview:-1"},"canonical":"https:\/\/www.immobilienbusiness.ch\/it\/agb\/","og_locale":"it_IT","og_type":"article","og_title":"Allgemeine Gesch\u00e4ftsbedingungen (AGB) IMMOBILIEN Business","og_description":"Allgemeine Gesch\u00e4ftsbedingungen (AGB) der galledia ag und der galledia Verlag AG, beide nachfolgend galledia genannt.","og_url":"https:\/\/www.immobilienbusiness.ch\/it\/agb\/","og_site_name":"IMMOBILIEN Business","article_publisher":"https:\/\/www.facebook.com\/immobilienbusiness\/","article_modified_time":"2024-09-03T15:35:20+00:00","twitter_card":"summary_large_image","schema":{"@context":"https:\/\/schema.org","@graph":[{"@type":"WebPage","@id":"https:\/\/www.immobilienbusiness.ch\/agb\/","url":"https:\/\/www.immobilienbusiness.ch\/agb\/","name":"Condizioni generali (GTC) IMMOBILIEN Business","isPartOf":{"@id":"https:\/\/www.immobilienbusiness.ch\/#website"},"datePublished":"2017-09-14T08:55:18+00:00","dateModified":"2024-09-03T15:35:20+00:00","description":"Condizioni generali di contratto (CG) di galledia ag e galledia Verlag AG, di seguito denominate galledia.","breadcrumb":{"@id":"https:\/\/www.immobilienbusiness.ch\/agb\/#breadcrumb"},"inLanguage":"it-IT","potentialAction":[{"@type":"ReadAction","target":["https:\/\/www.immobilienbusiness.ch\/agb\/"]}]},{"@type":"BreadcrumbList","@id":"https:\/\/www.immobilienbusiness.ch\/agb\/#breadcrumb","itemListElement":[{"@type":"ListItem","position":1,"name":"Home","item":"https:\/\/www.immobilienbusiness.ch\/"},{"@type":"ListItem","position":2,"name":"AGB"}]},{"@type":"WebSite","@id":"https:\/\/www.immobilienbusiness.ch\/#website","url":"https:\/\/www.immobilienbusiness.ch\/","name":"Affari immobiliari","description":"Rivista economica indipendente svizzera che si concentra sul settore immobiliare, l'architettura e la costruzione, nonch\u00e9 sugli investimenti e i finanziamenti.","publisher":{"@id":"https:\/\/www.immobilienbusiness.ch\/#organization"},"potentialAction":[{"@type":"SearchAction","target":{"@type":"EntryPoint","urlTemplate":"https:\/\/www.immobilienbusiness.ch\/?s={search_term_string}"},"query-input":{"@type":"PropertyValueSpecification","valueRequired":true,"valueName":"search_term_string"}}],"inLanguage":"it-IT"},{"@type":"Organization","@id":"https:\/\/www.immobilienbusiness.ch\/#organization","name":"Affari immobiliari","url":"https:\/\/www.immobilienbusiness.ch\/","logo":{"@type":"ImageObject","inLanguage":"it-IT","@id":"https:\/\/www.immobilienbusiness.ch\/#\/schema\/logo\/image\/","url":"https:\/\/www.immobilienbusiness.ch\/wp-content\/uploads\/2021\/07\/logo_ib.png","contentUrl":"https:\/\/www.immobilienbusiness.ch\/wp-content\/uploads\/2021\/07\/logo_ib.png","width":800,"height":181,"caption":"IMMOBILIEN Business"},"image":{"@id":"https:\/\/www.immobilienbusiness.ch\/#\/schema\/logo\/image\/"},"sameAs":["https:\/\/www.facebook.com\/immobilienbusiness\/"]}]}},"_links":{"self":[{"href":"https:\/\/www.immobilienbusiness.ch\/it\/wp-json\/wp\/v2\/pages\/9158","targetHints":{"allow":["GET"]}}],"collection":[{"href":"https:\/\/www.immobilienbusiness.ch\/it\/wp-json\/wp\/v2\/pages"}],"about":[{"href":"https:\/\/www.immobilienbusiness.ch\/it\/wp-json\/wp\/v2\/types\/page"}],"author":[{"embeddable":true,"href":"https:\/\/www.immobilienbusiness.ch\/it\/wp-json\/wp\/v2\/users\/6"}],"replies":[{"embeddable":true,"href":"https:\/\/www.immobilienbusiness.ch\/it\/wp-json\/wp\/v2\/comments?post=9158"}],"version-history":[{"count":1,"href":"https:\/\/www.immobilienbusiness.ch\/it\/wp-json\/wp\/v2\/pages\/9158\/revisions"}],"predecessor-version":[{"id":59662,"href":"https:\/\/www.immobilienbusiness.ch\/it\/wp-json\/wp\/v2\/pages\/9158\/revisions\/59662"}],"wp:attachment":[{"href":"https:\/\/www.immobilienbusiness.ch\/it\/wp-json\/wp\/v2\/media?parent=9158"}],"curies":[{"name":"wp","href":"https:\/\/api.w.org\/{rel}","templated":true}]}}