{"id":66436,"date":"2025-12-09T07:00:32","date_gmt":"2025-12-09T06:00:32","guid":{"rendered":"https:\/\/www.immobilienbusiness.ch\/?post_type=product&#038;p=66436"},"modified":"2026-02-17T15:56:36","modified_gmt":"2026-02-17T14:56:36","slug":"immobilien-business-ausgabe-12-2025","status":"publish","type":"product","link":"https:\/\/www.immobilienbusiness.ch\/fr\/product\/immobilien-business-ausgabe-12-2025\/","title":{"rendered":"Immobilien Business \u00c9dition 12\/2025"},"content":{"rendered":"<h3>Nouvelles<\/h3>\n<ul>\n<li>Zurich : la maison zum Falken est termin\u00e9e<\/li>\n<li>Personnel : Mobimo Holding AG<\/li>\n<li>Zurich : le conflit autour du projet de stade se poursuit<\/li>\n<li>Zurich : nouveaux appartements pour personnes \u00e2g\u00e9es sur le site d'Espenhof<\/li>\n<li>Personnel : Technopark Z\u00fcrich AG<\/li>\n<li>Winterthur : nouveaux plans pour la tour \u00ab Rocket\u00bb<\/li>\n<li>Personnel : HWZ Haute \u00e9cole de gestion de Zurich<\/li>\n<li>Zoug : nouveaux points d'appui pour le ZVB et le service de sauvetage de Zoug<\/li>\n<li>La ville d'Oftringen : Le logisticien du commerce \u00e9lectronique ouvre un nouveau site<\/li>\n<li>Personnel : Groupe Regimo \/ Seraina Invest AG<\/li>\n<li>B\u00e2le : la poste centrale sur le point de rouvrir<\/li>\n<li>B\u00e2le : pose de la premi\u00e8re pierre pour le nouveau b\u00e2timent de Roche<\/li>\n<li>Personnel : Albrings + M\u00fcller GmbH \/ CBRE Suisse<\/li>\n<li>Davos : l'h\u00f4tel Hard Rock s'agrandit<\/li>\n<li>S-chanf : renouveau pour l'h\u00f4tel Scaletta<\/li>\n<li>Impression<\/li>\n<\/ul>\n<h3>Tendances<\/h3>\n<ul>\n<li>LES H\u00d4TELS DE MARQUE ONT LE VENT EN POUPE<\/li>\n<li>La Suisse, ancre de stabilit\u00e9 de l'h\u00f4tellerie DACH<\/li>\n<\/ul>\n<h3>March\u00e9s et investissements<\/h3>\n<ul>\n<li>FRANC FORT - TAUX D'INT\u00c9R\u00caT BAS<\/li>\n<li>L'environnement suisse de taux bas soutient les march\u00e9s immobiliers<\/li>\n<\/ul>\n<h3>Titre Sujet<\/h3>\n<ul>\n<li>NUAGES \u00c0 L'HORIZON<\/li>\n<li>Les agios des fonds immobiliers ont fortement augment\u00e9<\/li>\n<li>UNE ENVOL\u00c9E GR\u00c2CE \u00c0 DES TAUX D'INT\u00c9R\u00caT BAS<\/li>\n<li>Les soci\u00e9t\u00e9s anonymes immobili\u00e8res ont le vent en poupe<\/li>\n<\/ul>\n<h3>Gestion d'actifs et de portefeuilles<\/h3>\n<ul>\n<li>LE PAYSAGE DES RISQUES \u00c9VOLUE<\/li>\n<li>Les \u00e9valuations de la r\u00e9silience climatique gagnent en importance<\/li>\n<\/ul>\n<h3>Gestion de la propri\u00e9t\u00e9<\/h3>\n<ul>\n<li>UN GRAND DYNAMISME SUR LE MARCH\u00c9 DE LA FM<\/li>\n<li>Tendance croissante aux Facility Services int\u00e9gr\u00e9s<\/li>\n<li>INTERVIEW<\/li>\n<li>Oliver Hofmann, CEO de Vebego Suisse<\/li>\n<\/ul>\n<h3>R\u00e9gions<\/h3>\n<ul>\n<li>VISP EN CHANGEMENT<\/li>\n<li>Boom de la construction dans le Haut-Valais<\/li>\n<\/ul>\n<h3>Copropri\u00e9t\u00e9<\/h3>\n<ul>\n<li>Tournant \u00e9nerg\u00e9tique dans le secteur du b\u00e2timent :<\/li>\n<li>Ce qui attend vraiment les propri\u00e9taires<\/li>\n<\/ul>\n<h3>March\u00e9s \u00e9trangers<\/h3>\n<ul>\n<li>TURBO AVEC CHARGE ENDOMMAG\u00c9E<\/li>\n<li>Le \u00abBau-Turbo\u00bb allemand sous le feu des critiques<\/li>\n<\/ul>\n<h3>March\u00e9s financiers immobiliers<\/h3>\n<ul>\n<li>INTERVIEW DU MOIS :<br \/>\nGregor Strocka, responsable des march\u00e9s des capitaux JLL Suisse<\/li>\n<li>PSP Swiss Property : R\u00e9ticence \u00e0 l'\u00e9gard des acquisitions<br \/>\nEmpira Group : la Suisse en ligne de mire<\/li>\n<li>Solvalor 61 : le portefeuille s'est consid\u00e9rablement \u00e9toff\u00e9<br \/>\nPretium Real Estate Fund : Premi\u00e8re \u00e9mission<\/li>\n<li>Procimmo \u00ab Residential PK \u00bb : succ\u00e8s de l'augmentation de capital<br \/>\nRealstone Industrial Fund : des capitaux frais pour des acquisitions<br \/>\nAxa Real Estate Fund : \u00e9mission pr\u00e9vue<br \/>\nSwiss Prime Site Solutions IFC : plus de rendement<\/li>\n<li>Commentaire de march\u00e9 par Zoltan Szelyes, Macro Real Estate<\/li>\n<li>SPA Immobilier Suisse : Forte croissance au T3\/2025<br \/>\n1291 Fondation de placement : \u00e9mission r\u00e9ussie<\/li>\n<li>AST Swiss Life Immobilier commercial : acquisitions pr\u00e9vues<br \/>\nZurich fondation de placement : \u00e9mission de 570 millions de CHF<\/li>\n<li>Final Performer : Fundamenta Group AST<\/li>\n<\/ul>","protected":false},"excerpt":{"rendered":"<p>Re\u00e7ois la revue sp\u00e9cialis\u00e9e de langue allemande \u00abImmobilien Business\u00bb dans son \u00e9dition 12\/2025 \u00e0 t\u00e9l\u00e9charger au format PDF avec la table des mati\u00e8res ci-dessous :<\/p>","protected":false},"featured_media":66438,"template":"","meta":{"_acf_changed":false,"pgc_sgb_lightbox_settings":""},"product_brand":[],"product_cat":[921],"product_tag":[4101],"class_list":{"0":"post-66436","1":"product","2":"type-product","3":"status-publish","4":"has-post-thumbnail","6":"product_cat-einzelausgaben","7":"product_tag-4101","9":"first","10":"instock","11":"downloadable","12":"virtual","13":"taxable","14":"purchasable","15":"product-type-simple"},"acf":[],"yoast_head":"<!-- This site is optimized with the Yoast SEO plugin v27.3 - https:\/\/yoast.com\/product\/yoast-seo-wordpress\/ -->\n<title>Immobilien Business Ausgabe 12\/2025 - IMMOBILIEN Business<\/title>\n<meta name=\"description\" content=\"Erhalte die deutschsprachige Fachzeitschrift \u00abImmobilien Business\u00bb in der Ausgabe 12\/2025 als PDF-Download mit nachfolgendem Inhaltsverzeichnis:\" \/>\n<meta name=\"robots\" content=\"index, follow, max-snippet:-1, max-image-preview:large, max-video-preview:-1\" \/>\n<link rel=\"canonical\" href=\"https:\/\/www.immobilienbusiness.ch\/fr\/product\/immobilien-business-ausgabe-12-2025\/\" \/>\n<meta property=\"og:locale\" content=\"fr_FR\" \/>\n<meta property=\"og:type\" content=\"article\" \/>\n<meta property=\"og:title\" content=\"Immobilien Business Ausgabe 12\/2025 - IMMOBILIEN Business\" \/>\n<meta property=\"og:description\" content=\"Erhalte die deutschsprachige Fachzeitschrift \u00abImmobilien Business\u00bb in der Ausgabe 12\/2025 als PDF-Download mit nachfolgendem Inhaltsverzeichnis:\" \/>\n<meta property=\"og:url\" content=\"https:\/\/www.immobilienbusiness.ch\/fr\/product\/immobilien-business-ausgabe-12-2025\/\" \/>\n<meta property=\"og:site_name\" content=\"IMMOBILIEN Business\" \/>\n<meta property=\"article:publisher\" content=\"https:\/\/www.facebook.com\/immobilienbusiness\/\" \/>\n<meta property=\"article:modified_time\" content=\"2026-02-17T14:56:36+00:00\" \/>\n<meta property=\"og:image\" content=\"https:\/\/www.immobilienbusiness.ch\/wp-content\/uploads\/2025\/12\/immobilienbusiness_cover_12-2025.webp\" \/>\n\t<meta property=\"og:image:width\" content=\"1200\" \/>\n\t<meta property=\"og:image:height\" content=\"680\" \/>\n\t<meta property=\"og:image:type\" content=\"image\/webp\" \/>\n<meta name=\"twitter:card\" content=\"summary_large_image\" \/>\n<script type=\"application\/ld+json\" class=\"yoast-schema-graph\">{\"@context\":\"https:\\\/\\\/schema.org\",\"@graph\":[{\"@type\":\"WebPage\",\"@id\":\"https:\\\/\\\/www.immobilienbusiness.ch\\\/produkt\\\/immobilien-business-ausgabe-12-2025\\\/\",\"url\":\"https:\\\/\\\/www.immobilienbusiness.ch\\\/produkt\\\/immobilien-business-ausgabe-12-2025\\\/\",\"name\":\"Immobilien Business Ausgabe 12\\\/2025 - IMMOBILIEN Business\",\"isPartOf\":{\"@id\":\"https:\\\/\\\/www.immobilienbusiness.ch\\\/#website\"},\"primaryImageOfPage\":{\"@id\":\"https:\\\/\\\/www.immobilienbusiness.ch\\\/produkt\\\/immobilien-business-ausgabe-12-2025\\\/#primaryimage\"},\"image\":{\"@id\":\"https:\\\/\\\/www.immobilienbusiness.ch\\\/produkt\\\/immobilien-business-ausgabe-12-2025\\\/#primaryimage\"},\"thumbnailUrl\":\"https:\\\/\\\/www.immobilienbusiness.ch\\\/wp-content\\\/uploads\\\/2025\\\/12\\\/immobilienbusiness_cover_12-2025.webp\",\"datePublished\":\"2025-12-09T06:00:32+00:00\",\"dateModified\":\"2026-02-17T14:56:36+00:00\",\"description\":\"Erhalte die deutschsprachige Fachzeitschrift \u00abImmobilien Business\u00bb in der Ausgabe 12\\\/2025 als PDF-Download mit nachfolgendem Inhaltsverzeichnis:\",\"breadcrumb\":{\"@id\":\"https:\\\/\\\/www.immobilienbusiness.ch\\\/produkt\\\/immobilien-business-ausgabe-12-2025\\\/#breadcrumb\"},\"inLanguage\":\"fr-FR\",\"potentialAction\":[{\"@type\":\"ReadAction\",\"target\":[\"https:\\\/\\\/www.immobilienbusiness.ch\\\/produkt\\\/immobilien-business-ausgabe-12-2025\\\/\"]}]},{\"@type\":\"ImageObject\",\"inLanguage\":\"fr-FR\",\"@id\":\"https:\\\/\\\/www.immobilienbusiness.ch\\\/produkt\\\/immobilien-business-ausgabe-12-2025\\\/#primaryimage\",\"url\":\"https:\\\/\\\/www.immobilienbusiness.ch\\\/wp-content\\\/uploads\\\/2025\\\/12\\\/immobilienbusiness_cover_12-2025.webp\",\"contentUrl\":\"https:\\\/\\\/www.immobilienbusiness.ch\\\/wp-content\\\/uploads\\\/2025\\\/12\\\/immobilienbusiness_cover_12-2025.webp\",\"width\":1200,\"height\":680,\"caption\":\"Cover Immobilienbusiness Ausgabe 12 2025\"},{\"@type\":\"BreadcrumbList\",\"@id\":\"https:\\\/\\\/www.immobilienbusiness.ch\\\/produkt\\\/immobilien-business-ausgabe-12-2025\\\/#breadcrumb\",\"itemListElement\":[{\"@type\":\"ListItem\",\"position\":1,\"name\":\"Home\",\"item\":\"https:\\\/\\\/www.immobilienbusiness.ch\\\/\"},{\"@type\":\"ListItem\",\"position\":2,\"name\":\"Shop\",\"item\":\"https:\\\/\\\/www.immobilienbusiness.ch\\\/en\\\/shop\\\/\"},{\"@type\":\"ListItem\",\"position\":3,\"name\":\"Immobilien Business Ausgabe 12\\\/2025\"}]},{\"@type\":\"WebSite\",\"@id\":\"https:\\\/\\\/www.immobilienbusiness.ch\\\/#website\",\"url\":\"https:\\\/\\\/www.immobilienbusiness.ch\\\/\",\"name\":\"IMMOBILIEN Business\",\"description\":\"Unabh\u00e4ngiges Schweizer Wirtschaftsmagazin mit Fokus auf Immobilien, Architektur- und Bau sowie Investment- und Finanzierung.\",\"publisher\":{\"@id\":\"https:\\\/\\\/www.immobilienbusiness.ch\\\/#organization\"},\"potentialAction\":[{\"@type\":\"SearchAction\",\"target\":{\"@type\":\"EntryPoint\",\"urlTemplate\":\"https:\\\/\\\/www.immobilienbusiness.ch\\\/?s={search_term_string}\"},\"query-input\":{\"@type\":\"PropertyValueSpecification\",\"valueRequired\":true,\"valueName\":\"search_term_string\"}}],\"inLanguage\":\"fr-FR\"},{\"@type\":\"Organization\",\"@id\":\"https:\\\/\\\/www.immobilienbusiness.ch\\\/#organization\",\"name\":\"IMMOBILIEN Business\",\"url\":\"https:\\\/\\\/www.immobilienbusiness.ch\\\/\",\"logo\":{\"@type\":\"ImageObject\",\"inLanguage\":\"fr-FR\",\"@id\":\"https:\\\/\\\/www.immobilienbusiness.ch\\\/#\\\/schema\\\/logo\\\/image\\\/\",\"url\":\"https:\\\/\\\/www.immobilienbusiness.ch\\\/wp-content\\\/uploads\\\/2021\\\/07\\\/logo_ib.png\",\"contentUrl\":\"https:\\\/\\\/www.immobilienbusiness.ch\\\/wp-content\\\/uploads\\\/2021\\\/07\\\/logo_ib.png\",\"width\":800,\"height\":181,\"caption\":\"IMMOBILIEN Business\"},\"image\":{\"@id\":\"https:\\\/\\\/www.immobilienbusiness.ch\\\/#\\\/schema\\\/logo\\\/image\\\/\"},\"sameAs\":[\"https:\\\/\\\/www.facebook.com\\\/immobilienbusiness\\\/\"]}]}<\/script>\n<!-- \/ Yoast SEO plugin. -->","yoast_head_json":{"title":"Immobilien Business Ausgabe 12\/2025 - IMMOBILIEN Business","description":"Re\u00e7ois la revue sp\u00e9cialis\u00e9e de langue allemande \u00abImmobilien Business\u00bb dans son \u00e9dition 12\/2025 \u00e0 t\u00e9l\u00e9charger au format PDF avec la table des mati\u00e8res ci-dessous :","robots":{"index":"index","follow":"follow","max-snippet":"max-snippet:-1","max-image-preview":"max-image-preview:large","max-video-preview":"max-video-preview:-1"},"canonical":"https:\/\/www.immobilienbusiness.ch\/fr\/product\/immobilien-business-ausgabe-12-2025\/","og_locale":"fr_FR","og_type":"article","og_title":"Immobilien Business Ausgabe 12\/2025 - IMMOBILIEN Business","og_description":"Erhalte die deutschsprachige Fachzeitschrift \u00abImmobilien Business\u00bb in der Ausgabe 12\/2025 als PDF-Download mit nachfolgendem Inhaltsverzeichnis:","og_url":"https:\/\/www.immobilienbusiness.ch\/fr\/product\/immobilien-business-ausgabe-12-2025\/","og_site_name":"IMMOBILIEN Business","article_publisher":"https:\/\/www.facebook.com\/immobilienbusiness\/","article_modified_time":"2026-02-17T14:56:36+00:00","og_image":[{"width":1200,"height":680,"url":"https:\/\/www.immobilienbusiness.ch\/wp-content\/uploads\/2025\/12\/immobilienbusiness_cover_12-2025.webp","type":"image\/webp"}],"twitter_card":"summary_large_image","schema":{"@context":"https:\/\/schema.org","@graph":[{"@type":"WebPage","@id":"https:\/\/www.immobilienbusiness.ch\/produkt\/immobilien-business-ausgabe-12-2025\/","url":"https:\/\/www.immobilienbusiness.ch\/produkt\/immobilien-business-ausgabe-12-2025\/","name":"Immobilien Business Ausgabe 12\/2025 - IMMOBILIEN Business","isPartOf":{"@id":"https:\/\/www.immobilienbusiness.ch\/#website"},"primaryImageOfPage":{"@id":"https:\/\/www.immobilienbusiness.ch\/produkt\/immobilien-business-ausgabe-12-2025\/#primaryimage"},"image":{"@id":"https:\/\/www.immobilienbusiness.ch\/produkt\/immobilien-business-ausgabe-12-2025\/#primaryimage"},"thumbnailUrl":"https:\/\/www.immobilienbusiness.ch\/wp-content\/uploads\/2025\/12\/immobilienbusiness_cover_12-2025.webp","datePublished":"2025-12-09T06:00:32+00:00","dateModified":"2026-02-17T14:56:36+00:00","description":"Re\u00e7ois la revue sp\u00e9cialis\u00e9e de langue allemande \u00abImmobilien Business\u00bb dans son \u00e9dition 12\/2025 \u00e0 t\u00e9l\u00e9charger au format PDF avec la table des mati\u00e8res ci-dessous :","breadcrumb":{"@id":"https:\/\/www.immobilienbusiness.ch\/produkt\/immobilien-business-ausgabe-12-2025\/#breadcrumb"},"inLanguage":"fr-FR","potentialAction":[{"@type":"ReadAction","target":["https:\/\/www.immobilienbusiness.ch\/produkt\/immobilien-business-ausgabe-12-2025\/"]}]},{"@type":"ImageObject","inLanguage":"fr-FR","@id":"https:\/\/www.immobilienbusiness.ch\/produkt\/immobilien-business-ausgabe-12-2025\/#primaryimage","url":"https:\/\/www.immobilienbusiness.ch\/wp-content\/uploads\/2025\/12\/immobilienbusiness_cover_12-2025.webp","contentUrl":"https:\/\/www.immobilienbusiness.ch\/wp-content\/uploads\/2025\/12\/immobilienbusiness_cover_12-2025.webp","width":1200,"height":680,"caption":"Cover Immobilienbusiness Ausgabe 12 2025"},{"@type":"BreadcrumbList","@id":"https:\/\/www.immobilienbusiness.ch\/produkt\/immobilien-business-ausgabe-12-2025\/#breadcrumb","itemListElement":[{"@type":"ListItem","position":1,"name":"Home","item":"https:\/\/www.immobilienbusiness.ch\/"},{"@type":"ListItem","position":2,"name":"Shop","item":"https:\/\/www.immobilienbusiness.ch\/en\/shop\/"},{"@type":"ListItem","position":3,"name":"Immobilien Business Ausgabe 12\/2025"}]},{"@type":"WebSite","@id":"https:\/\/www.immobilienbusiness.ch\/#website","url":"https:\/\/www.immobilienbusiness.ch\/","name":"IMMOBILIER Business","description":"Magazine \u00e9conomique suisse ind\u00e9pendant ax\u00e9 sur l'immobilier, l'architecture et la construction ainsi que sur les investissements et le financement.","publisher":{"@id":"https:\/\/www.immobilienbusiness.ch\/#organization"},"potentialAction":[{"@type":"SearchAction","target":{"@type":"EntryPoint","urlTemplate":"https:\/\/www.immobilienbusiness.ch\/?s={search_term_string}"},"query-input":{"@type":"PropertyValueSpecification","valueRequired":true,"valueName":"search_term_string"}}],"inLanguage":"fr-FR"},{"@type":"Organization","@id":"https:\/\/www.immobilienbusiness.ch\/#organization","name":"IMMOBILIER Business","url":"https:\/\/www.immobilienbusiness.ch\/","logo":{"@type":"ImageObject","inLanguage":"fr-FR","@id":"https:\/\/www.immobilienbusiness.ch\/#\/schema\/logo\/image\/","url":"https:\/\/www.immobilienbusiness.ch\/wp-content\/uploads\/2021\/07\/logo_ib.png","contentUrl":"https:\/\/www.immobilienbusiness.ch\/wp-content\/uploads\/2021\/07\/logo_ib.png","width":800,"height":181,"caption":"IMMOBILIEN Business"},"image":{"@id":"https:\/\/www.immobilienbusiness.ch\/#\/schema\/logo\/image\/"},"sameAs":["https:\/\/www.facebook.com\/immobilienbusiness\/"]}]}},"_links":{"self":[{"href":"https:\/\/www.immobilienbusiness.ch\/fr\/wp-json\/wp\/v2\/product\/66436","targetHints":{"allow":["GET"]}}],"collection":[{"href":"https:\/\/www.immobilienbusiness.ch\/fr\/wp-json\/wp\/v2\/product"}],"about":[{"href":"https:\/\/www.immobilienbusiness.ch\/fr\/wp-json\/wp\/v2\/types\/product"}],"wp:featuredmedia":[{"embeddable":true,"href":"https:\/\/www.immobilienbusiness.ch\/fr\/wp-json\/wp\/v2\/media\/66438"}],"wp:attachment":[{"href":"https:\/\/www.immobilienbusiness.ch\/fr\/wp-json\/wp\/v2\/media?parent=66436"}],"wp:term":[{"taxonomy":"product_brand","embeddable":true,"href":"https:\/\/www.immobilienbusiness.ch\/fr\/wp-json\/wp\/v2\/product_brand?post=66436"},{"taxonomy":"product_cat","embeddable":true,"href":"https:\/\/www.immobilienbusiness.ch\/fr\/wp-json\/wp\/v2\/product_cat?post=66436"},{"taxonomy":"product_tag","embeddable":true,"href":"https:\/\/www.immobilienbusiness.ch\/fr\/wp-json\/wp\/v2\/product_tag?post=66436"}],"curies":[{"name":"wp","href":"https:\/\/api.w.org\/{rel}","templated":true}]}}