{"id":65608,"date":"2025-10-01T15:15:28","date_gmt":"2025-10-01T13:15:28","guid":{"rendered":"https:\/\/www.immobilienbusiness.ch\/?post_type=product&#038;p=65608"},"modified":"2026-02-17T15:56:37","modified_gmt":"2026-02-17T14:56:37","slug":"immobilien-business-ausgabe-10-2025","status":"publish","type":"product","link":"https:\/\/www.immobilienbusiness.ch\/fr\/product\/immobilien-business-ausgabe-10-2025\/","title":{"rendered":"Immobilien Business \u00c9dition 10\/2025"},"content":{"rendered":"<h3>Nouvelles<\/h3>\n<ul>\n<li>Zurich : nouveaux plans pour le Pfauen<\/li>\n<li>Zurich : le PSS ne veut pas changer d'avis sur le site Maag<\/li>\n<li>Personnel : Swiss Prime Site AG<\/li>\n<li>Zoug : nouveau locataire \u00e0 \"Opus<\/li>\n<li>Baar : pose de la premi\u00e8re pierre de l'immeuble de bureaux \"Aura<\/li>\n<li>Personnel : Zurich Invest SA \/ Corrigendum<\/li>\n<li>Thoune : le projet Siegenthalergut franchit une \u00e9tape suppl\u00e9mentaire<\/li>\n<li>Ittigen, en Allemagne : La premi\u00e8re pierre de \"Metropark\" est pos\u00e9e<\/li>\n<li>Personnel : Fondation de placement Ecoreal<\/li>\n<li>B\u00e2le : nouveaux plans pour l'extension de la ville sur le Rhin<\/li>\n<li>Saint-Gall : Exemple \"pour la construction \u00e0 l'\u00e8re post-fossile\".<\/li>\n<li>Wil : feu vert pour le \"W + P Engineering Campus<\/li>\n<li>Personnel : Hardturm AG \/ Julius Baer Real Estate<\/li>\n<li>Frauenfeld : un lifting pour le centre commercial \"Passage<\/li>\n<li>Blatten : H\u00f4tel temporaire en bois sur la Lauchernalp<\/li>\n<li>Impression<\/li>\n<\/ul>\n<h3>Tendances<\/h3>\n<ul>\n<li>NOUVEAU BOOM<\/li>\n<li>R\u00e9sultats du Swiss Real Estate Sentiment Index 2025<\/li>\n<li>INTERVIEW :<\/li>\n<li>Beat Seger, KPMG Suisse<\/li>\n<li>LES LOYERS LES PLUS \u00c9LEV\u00c9S AUGMENTENT<\/li>\n<li>Le march\u00e9 des surfaces commerciales reste r\u00e9sistant<\/li>\n<\/ul>\n<h3>March\u00e9s et investissements<\/h3>\n<ul>\n<li>FUITE VERS LA FRANCE<\/li>\n<li>Les investisseurs internationaux misent sur l'or en b\u00e9ton suisse<\/li>\n<li>LE 13E \u00c9TAGE<\/li>\n<li>La chronique de Stephan Kloess<\/li>\n<\/ul>\n<h3>Titre Sujet<\/h3>\n<ul>\n<li>LAVE TORRENTIELLE ET CHUTE DE GLACIER<\/li>\n<li>Nouveau d\u00e9bat sur les sites \u00e0 risque<\/li>\n<li>CONDITIONS M\u00c9T\u00c9OROLOGIQUES EXTR\u00caMES ET VALEURS IMMOBILI\u00c8RES<\/li>\n<li>\u00c9tude JLL sur les cons\u00e9quences du changement climatique<\/li>\n<\/ul>\n<h3>Gestion d'actifs et de portefeuilles<\/h3>\n<ul>\n<li>AUTANT QUE N\u00c9CESSAIRE, AUSSI PEU QUE POSSIBLE<\/li>\n<li>En point de mire : Terresta Immobilien- und Verwaltungs-AG<\/li>\n<\/ul>\n<h3>Gestion des installations<\/h3>\n<ul>\n<li>PETIT ARGENT, GRAND EFFET<\/li>\n<li>Alternatives au remplacement des installations domotiques<\/li>\n<\/ul>\n<h3>R\u00e9sidentiel<\/h3>\n<ul>\n<li>PANSEMENT CO\u00dbTEUX<\/li>\n<li>Forte hausse des prix de l'immobilier dans le canton de Schwyz<\/li>\n<li>R\u00c9CITATION :<\/li>\n<li>\"Marketing immobilier num\u00e9rique\"<\/li>\n<\/ul>\n<h3>March\u00e9s \u00e9trangers<\/h3>\n<ul>\n<li>UK CALLING<\/li>\n<li>Le march\u00e9 immobilier britannique montre des signes de reprise<\/li>\n<\/ul>\n<h3>March\u00e9s financiers immobiliers<\/h3>\n<ul>\n<li>INTERVIEW DU MOIS :<br \/>\nRoger Baumann, COO Global Real Estate chez Zurich<br \/>\nGestion des investissements du groupe d'assurance<\/li>\n<li>Allreal Holding : Forte am\u00e9lioration du r\u00e9sultat<br \/>\nPSP Swiss Property : pr\u00e9visions confirm\u00e9es pour 2025<br \/>\nA\u00e9roport de Zurich : r\u00e9sultat record au 1er semestre<\/li>\n<li>Intershop Holding : revenus fonciers en hausse<br \/>\nInvestis Holding : Flux de tr\u00e9sorerie plus \u00e9lev\u00e9<\/li>\n<li>Akara REF Swiss Diversity PK : Ventes lucratives<br \/>\nSolvalor 61 : acquisitions \u00e0 Gen\u00e8ve<br \/>\nPure Swiss Opertunity REF : plus de revenus locatifs<\/li>\n<li>Dominic\u00e9 Swiss Property Fund : En tourn\u00e9e d'achat<br \/>\nZIF Immobilien Direkt Schweiz : Augmentation de capital<br \/>\nFundamenta Group AST : la barre du milliard a \u00e9t\u00e9 franchie<br \/>\nSeraina Investment Foundation : Deux \u00e9missions<\/li>\n<li>Baloise Swiss Property Fund : \u00c9mission r\u00e9ussie<br \/>\nSF Sustainable Property Fund : croissance par acquisitions<br \/>\nHelvetica Swiss Living Fund : Moins de logements vacants<br \/>\nUBS Mixed Sima : des projets sur les rails<\/li>\n<li>Commentaire de march\u00e9 par Zoltan Szelyes, Macro Real Estate AG<\/li>\n<li>Fondation de placement Swiss Life : demande de capital frais<br \/>\nL'AST suisse : un loyer plus \u00e9lev\u00e9, des valeurs en hausse<br \/>\nRealstone AST RIRS : une forte croissance<\/li>\n<li>Empira AST : Nouveau groupe de placement \"Financements<br \/>\nSwiss Prime AST \"Living+Europe\" : \"Evaluations stables\".<br \/>\nZurich AST : Un groupe de placement cherche 400 millions<\/li>\n<li>Tellco AST : ouverture d'un groupe de placement<br \/>\nSwisscanto AST : \"Grande demande\".<\/li>\n<li>Final Performer : Swiss Prime Site AG<\/li>\n<\/ul>","protected":false},"excerpt":{"rendered":"<p>Re\u00e7ois la revue sp\u00e9cialis\u00e9e de langue allemande \"Immobilien Business\" dans son \u00e9dition 10\/2025 \u00e0 t\u00e9l\u00e9charger au format PDF avec la table des mati\u00e8res ci-dessous :<\/p>","protected":false},"featured_media":65609,"template":"","meta":{"_acf_changed":false,"pgc_sgb_lightbox_settings":""},"product_brand":[],"product_cat":[921],"product_tag":[4101],"class_list":{"0":"post-65608","1":"product","2":"type-product","3":"status-publish","4":"has-post-thumbnail","6":"product_cat-einzelausgaben","7":"product_tag-4101","9":"first","10":"instock","11":"downloadable","12":"virtual","13":"taxable","14":"purchasable","15":"product-type-simple"},"acf":[],"yoast_head":"<!-- This site is optimized with the Yoast SEO plugin v27.3 - https:\/\/yoast.com\/product\/yoast-seo-wordpress\/ -->\n<title>Immobilien Business Ausgabe 10\/2025 - IMMOBILIEN Business<\/title>\n<meta name=\"description\" content=\"Erhalte die deutschsprachige Fachzeitschrift \u00abImmobilien Business\u00bb in der Ausgabe 10\/2025 als PDF-Download mit nachfolgendem Inhaltsverzeichnis:\" \/>\n<meta name=\"robots\" content=\"index, follow, max-snippet:-1, max-image-preview:large, max-video-preview:-1\" \/>\n<link rel=\"canonical\" href=\"https:\/\/www.immobilienbusiness.ch\/fr\/product\/immobilien-business-ausgabe-10-2025\/\" \/>\n<meta property=\"og:locale\" content=\"fr_FR\" \/>\n<meta property=\"og:type\" content=\"article\" \/>\n<meta property=\"og:title\" content=\"Immobilien Business Ausgabe 10\/2025 - IMMOBILIEN Business\" \/>\n<meta property=\"og:description\" content=\"Erhalte die deutschsprachige Fachzeitschrift \u00abImmobilien Business\u00bb in der Ausgabe 10\/2025 als PDF-Download mit nachfolgendem Inhaltsverzeichnis:\" \/>\n<meta property=\"og:url\" content=\"https:\/\/www.immobilienbusiness.ch\/fr\/product\/immobilien-business-ausgabe-10-2025\/\" \/>\n<meta property=\"og:site_name\" content=\"IMMOBILIEN Business\" \/>\n<meta property=\"article:publisher\" content=\"https:\/\/www.facebook.com\/immobilienbusiness\/\" \/>\n<meta property=\"article:modified_time\" content=\"2026-02-17T14:56:37+00:00\" \/>\n<meta property=\"og:image\" content=\"https:\/\/www.immobilienbusiness.ch\/wp-content\/uploads\/2025\/10\/immobilienbusiness_cover_10-2025.webp\" \/>\n\t<meta property=\"og:image:width\" content=\"1200\" \/>\n\t<meta property=\"og:image:height\" content=\"680\" \/>\n\t<meta property=\"og:image:type\" content=\"image\/webp\" \/>\n<meta name=\"twitter:card\" content=\"summary_large_image\" \/>\n<script type=\"application\/ld+json\" class=\"yoast-schema-graph\">{\"@context\":\"https:\\\/\\\/schema.org\",\"@graph\":[{\"@type\":\"WebPage\",\"@id\":\"https:\\\/\\\/www.immobilienbusiness.ch\\\/produkt\\\/immobilien-business-ausgabe-10-2025\\\/\",\"url\":\"https:\\\/\\\/www.immobilienbusiness.ch\\\/produkt\\\/immobilien-business-ausgabe-10-2025\\\/\",\"name\":\"Immobilien Business Ausgabe 10\\\/2025 - IMMOBILIEN Business\",\"isPartOf\":{\"@id\":\"https:\\\/\\\/www.immobilienbusiness.ch\\\/#website\"},\"primaryImageOfPage\":{\"@id\":\"https:\\\/\\\/www.immobilienbusiness.ch\\\/produkt\\\/immobilien-business-ausgabe-10-2025\\\/#primaryimage\"},\"image\":{\"@id\":\"https:\\\/\\\/www.immobilienbusiness.ch\\\/produkt\\\/immobilien-business-ausgabe-10-2025\\\/#primaryimage\"},\"thumbnailUrl\":\"https:\\\/\\\/www.immobilienbusiness.ch\\\/wp-content\\\/uploads\\\/2025\\\/10\\\/immobilienbusiness_cover_10-2025.webp\",\"datePublished\":\"2025-10-01T13:15:28+00:00\",\"dateModified\":\"2026-02-17T14:56:37+00:00\",\"description\":\"Erhalte die deutschsprachige Fachzeitschrift \u00abImmobilien Business\u00bb in der Ausgabe 10\\\/2025 als PDF-Download mit nachfolgendem Inhaltsverzeichnis:\",\"breadcrumb\":{\"@id\":\"https:\\\/\\\/www.immobilienbusiness.ch\\\/produkt\\\/immobilien-business-ausgabe-10-2025\\\/#breadcrumb\"},\"inLanguage\":\"fr-FR\",\"potentialAction\":[{\"@type\":\"ReadAction\",\"target\":[\"https:\\\/\\\/www.immobilienbusiness.ch\\\/produkt\\\/immobilien-business-ausgabe-10-2025\\\/\"]}]},{\"@type\":\"ImageObject\",\"inLanguage\":\"fr-FR\",\"@id\":\"https:\\\/\\\/www.immobilienbusiness.ch\\\/produkt\\\/immobilien-business-ausgabe-10-2025\\\/#primaryimage\",\"url\":\"https:\\\/\\\/www.immobilienbusiness.ch\\\/wp-content\\\/uploads\\\/2025\\\/10\\\/immobilienbusiness_cover_10-2025.webp\",\"contentUrl\":\"https:\\\/\\\/www.immobilienbusiness.ch\\\/wp-content\\\/uploads\\\/2025\\\/10\\\/immobilienbusiness_cover_10-2025.webp\",\"width\":1200,\"height\":680,\"caption\":\"Immobilienbusiness Ausgabe 10 2025\"},{\"@type\":\"BreadcrumbList\",\"@id\":\"https:\\\/\\\/www.immobilienbusiness.ch\\\/produkt\\\/immobilien-business-ausgabe-10-2025\\\/#breadcrumb\",\"itemListElement\":[{\"@type\":\"ListItem\",\"position\":1,\"name\":\"Home\",\"item\":\"https:\\\/\\\/www.immobilienbusiness.ch\\\/\"},{\"@type\":\"ListItem\",\"position\":2,\"name\":\"Shop\",\"item\":\"https:\\\/\\\/www.immobilienbusiness.ch\\\/en\\\/shop\\\/\"},{\"@type\":\"ListItem\",\"position\":3,\"name\":\"Immobilien Business Ausgabe 10\\\/2025\"}]},{\"@type\":\"WebSite\",\"@id\":\"https:\\\/\\\/www.immobilienbusiness.ch\\\/#website\",\"url\":\"https:\\\/\\\/www.immobilienbusiness.ch\\\/\",\"name\":\"IMMOBILIEN Business\",\"description\":\"Unabh\u00e4ngiges Schweizer Wirtschaftsmagazin mit Fokus auf Immobilien, Architektur- und Bau sowie Investment- und Finanzierung.\",\"publisher\":{\"@id\":\"https:\\\/\\\/www.immobilienbusiness.ch\\\/#organization\"},\"potentialAction\":[{\"@type\":\"SearchAction\",\"target\":{\"@type\":\"EntryPoint\",\"urlTemplate\":\"https:\\\/\\\/www.immobilienbusiness.ch\\\/?s={search_term_string}\"},\"query-input\":{\"@type\":\"PropertyValueSpecification\",\"valueRequired\":true,\"valueName\":\"search_term_string\"}}],\"inLanguage\":\"fr-FR\"},{\"@type\":\"Organization\",\"@id\":\"https:\\\/\\\/www.immobilienbusiness.ch\\\/#organization\",\"name\":\"IMMOBILIEN Business\",\"url\":\"https:\\\/\\\/www.immobilienbusiness.ch\\\/\",\"logo\":{\"@type\":\"ImageObject\",\"inLanguage\":\"fr-FR\",\"@id\":\"https:\\\/\\\/www.immobilienbusiness.ch\\\/#\\\/schema\\\/logo\\\/image\\\/\",\"url\":\"https:\\\/\\\/www.immobilienbusiness.ch\\\/wp-content\\\/uploads\\\/2021\\\/07\\\/logo_ib.png\",\"contentUrl\":\"https:\\\/\\\/www.immobilienbusiness.ch\\\/wp-content\\\/uploads\\\/2021\\\/07\\\/logo_ib.png\",\"width\":800,\"height\":181,\"caption\":\"IMMOBILIEN Business\"},\"image\":{\"@id\":\"https:\\\/\\\/www.immobilienbusiness.ch\\\/#\\\/schema\\\/logo\\\/image\\\/\"},\"sameAs\":[\"https:\\\/\\\/www.facebook.com\\\/immobilienbusiness\\\/\"]}]}<\/script>\n<!-- \/ Yoast SEO plugin. -->","yoast_head_json":{"title":"Immobilien Business \u00e9dition 10\/2025 - IMMOBILIER Business","description":"Re\u00e7ois la revue sp\u00e9cialis\u00e9e de langue allemande \"Immobilien Business\" dans son \u00e9dition 10\/2025 \u00e0 t\u00e9l\u00e9charger au format PDF avec la table des mati\u00e8res ci-dessous :","robots":{"index":"index","follow":"follow","max-snippet":"max-snippet:-1","max-image-preview":"max-image-preview:large","max-video-preview":"max-video-preview:-1"},"canonical":"https:\/\/www.immobilienbusiness.ch\/fr\/product\/immobilien-business-ausgabe-10-2025\/","og_locale":"fr_FR","og_type":"article","og_title":"Immobilien Business Ausgabe 10\/2025 - IMMOBILIEN Business","og_description":"Erhalte die deutschsprachige Fachzeitschrift \u00abImmobilien Business\u00bb in der Ausgabe 10\/2025 als PDF-Download mit nachfolgendem Inhaltsverzeichnis:","og_url":"https:\/\/www.immobilienbusiness.ch\/fr\/product\/immobilien-business-ausgabe-10-2025\/","og_site_name":"IMMOBILIEN Business","article_publisher":"https:\/\/www.facebook.com\/immobilienbusiness\/","article_modified_time":"2026-02-17T14:56:37+00:00","og_image":[{"width":1200,"height":680,"url":"https:\/\/www.immobilienbusiness.ch\/wp-content\/uploads\/2025\/10\/immobilienbusiness_cover_10-2025.webp","type":"image\/webp"}],"twitter_card":"summary_large_image","schema":{"@context":"https:\/\/schema.org","@graph":[{"@type":"WebPage","@id":"https:\/\/www.immobilienbusiness.ch\/produkt\/immobilien-business-ausgabe-10-2025\/","url":"https:\/\/www.immobilienbusiness.ch\/produkt\/immobilien-business-ausgabe-10-2025\/","name":"Immobilien Business \u00e9dition 10\/2025 - IMMOBILIER Business","isPartOf":{"@id":"https:\/\/www.immobilienbusiness.ch\/#website"},"primaryImageOfPage":{"@id":"https:\/\/www.immobilienbusiness.ch\/produkt\/immobilien-business-ausgabe-10-2025\/#primaryimage"},"image":{"@id":"https:\/\/www.immobilienbusiness.ch\/produkt\/immobilien-business-ausgabe-10-2025\/#primaryimage"},"thumbnailUrl":"https:\/\/www.immobilienbusiness.ch\/wp-content\/uploads\/2025\/10\/immobilienbusiness_cover_10-2025.webp","datePublished":"2025-10-01T13:15:28+00:00","dateModified":"2026-02-17T14:56:37+00:00","description":"Re\u00e7ois la revue sp\u00e9cialis\u00e9e de langue allemande \"Immobilien Business\" dans son \u00e9dition 10\/2025 \u00e0 t\u00e9l\u00e9charger au format PDF avec la table des mati\u00e8res ci-dessous :","breadcrumb":{"@id":"https:\/\/www.immobilienbusiness.ch\/produkt\/immobilien-business-ausgabe-10-2025\/#breadcrumb"},"inLanguage":"fr-FR","potentialAction":[{"@type":"ReadAction","target":["https:\/\/www.immobilienbusiness.ch\/produkt\/immobilien-business-ausgabe-10-2025\/"]}]},{"@type":"ImageObject","inLanguage":"fr-FR","@id":"https:\/\/www.immobilienbusiness.ch\/produkt\/immobilien-business-ausgabe-10-2025\/#primaryimage","url":"https:\/\/www.immobilienbusiness.ch\/wp-content\/uploads\/2025\/10\/immobilienbusiness_cover_10-2025.webp","contentUrl":"https:\/\/www.immobilienbusiness.ch\/wp-content\/uploads\/2025\/10\/immobilienbusiness_cover_10-2025.webp","width":1200,"height":680,"caption":"Immobilienbusiness Ausgabe 10 2025"},{"@type":"BreadcrumbList","@id":"https:\/\/www.immobilienbusiness.ch\/produkt\/immobilien-business-ausgabe-10-2025\/#breadcrumb","itemListElement":[{"@type":"ListItem","position":1,"name":"Home","item":"https:\/\/www.immobilienbusiness.ch\/"},{"@type":"ListItem","position":2,"name":"Shop","item":"https:\/\/www.immobilienbusiness.ch\/en\/shop\/"},{"@type":"ListItem","position":3,"name":"Immobilien Business Ausgabe 10\/2025"}]},{"@type":"WebSite","@id":"https:\/\/www.immobilienbusiness.ch\/#website","url":"https:\/\/www.immobilienbusiness.ch\/","name":"IMMOBILIER Business","description":"Magazine \u00e9conomique suisse ind\u00e9pendant ax\u00e9 sur l'immobilier, l'architecture et la construction ainsi que sur les investissements et le financement.","publisher":{"@id":"https:\/\/www.immobilienbusiness.ch\/#organization"},"potentialAction":[{"@type":"SearchAction","target":{"@type":"EntryPoint","urlTemplate":"https:\/\/www.immobilienbusiness.ch\/?s={search_term_string}"},"query-input":{"@type":"PropertyValueSpecification","valueRequired":true,"valueName":"search_term_string"}}],"inLanguage":"fr-FR"},{"@type":"Organization","@id":"https:\/\/www.immobilienbusiness.ch\/#organization","name":"IMMOBILIER Business","url":"https:\/\/www.immobilienbusiness.ch\/","logo":{"@type":"ImageObject","inLanguage":"fr-FR","@id":"https:\/\/www.immobilienbusiness.ch\/#\/schema\/logo\/image\/","url":"https:\/\/www.immobilienbusiness.ch\/wp-content\/uploads\/2021\/07\/logo_ib.png","contentUrl":"https:\/\/www.immobilienbusiness.ch\/wp-content\/uploads\/2021\/07\/logo_ib.png","width":800,"height":181,"caption":"IMMOBILIEN Business"},"image":{"@id":"https:\/\/www.immobilienbusiness.ch\/#\/schema\/logo\/image\/"},"sameAs":["https:\/\/www.facebook.com\/immobilienbusiness\/"]}]}},"_links":{"self":[{"href":"https:\/\/www.immobilienbusiness.ch\/fr\/wp-json\/wp\/v2\/product\/65608","targetHints":{"allow":["GET"]}}],"collection":[{"href":"https:\/\/www.immobilienbusiness.ch\/fr\/wp-json\/wp\/v2\/product"}],"about":[{"href":"https:\/\/www.immobilienbusiness.ch\/fr\/wp-json\/wp\/v2\/types\/product"}],"wp:featuredmedia":[{"embeddable":true,"href":"https:\/\/www.immobilienbusiness.ch\/fr\/wp-json\/wp\/v2\/media\/65609"}],"wp:attachment":[{"href":"https:\/\/www.immobilienbusiness.ch\/fr\/wp-json\/wp\/v2\/media?parent=65608"}],"wp:term":[{"taxonomy":"product_brand","embeddable":true,"href":"https:\/\/www.immobilienbusiness.ch\/fr\/wp-json\/wp\/v2\/product_brand?post=65608"},{"taxonomy":"product_cat","embeddable":true,"href":"https:\/\/www.immobilienbusiness.ch\/fr\/wp-json\/wp\/v2\/product_cat?post=65608"},{"taxonomy":"product_tag","embeddable":true,"href":"https:\/\/www.immobilienbusiness.ch\/fr\/wp-json\/wp\/v2\/product_tag?post=65608"}],"curies":[{"name":"wp","href":"https:\/\/api.w.org\/{rel}","templated":true}]}}