{"id":64366,"date":"2025-07-03T10:14:31","date_gmt":"2025-07-03T08:14:31","guid":{"rendered":"https:\/\/www.immobilienbusiness.ch\/?post_type=product&#038;p=64366"},"modified":"2026-02-17T15:56:37","modified_gmt":"2026-02-17T14:56:37","slug":"immobilier-romand-edition-02-2025","status":"publish","type":"product","link":"https:\/\/www.immobilienbusiness.ch\/fr\/product\/immobilier-romand-edition-02-2025\/","title":{"rendered":"Immobilier Romand Edition 02\/2025"},"content":{"rendered":"<h3>Actualit\u00e9s<\/h3>\n<ul>\n<li>Gen\u00e8ve : Troisi\u00e8me Base Aparthotels<\/li>\n<li>Crissier : Workspace design pour McDonald's Suisse<\/li>\n<li>Personnalit\u00e9s : Valentine Pillet<\/li>\n<li>Cheseaux-sur-Lausanne : Pulse, site technologique<\/li>\n<li>Meyrin-Satigny : Rubix, site technologique et logistique<\/li>\n<li>Personnalit\u00e9s : Pascal Langeron<\/li>\n<li>Chavannes-pr\u00e8s-Renens : Quartier Horizons achev\u00e9<\/li>\n<li>Corsier-sur-Vevey : 48 appartements durables<\/li>\n<li>Personnel : Cyrill Niggli<\/li>\n<li>Sion : Ach\u00e8vement du quartier Cour de Gare<\/li>\n<li>Bussigny : C\u00f4t\u00e9 Gare et la r\u00e9gion lausannoise<\/li>\n<li>Personnalit\u00e9s : Vincent Lauren\u00e7on<\/li>\n<\/ul>\n<h3>Tendances<\/h3>\n<ul>\n<li>COMMERCE DE D\u00c9TAIL<\/li>\n<li>Le concept fonctionne<\/li>\n<li>ACTUALIT\u00c9S<\/li>\n<li>Action : Discounter non-food s'implante en Suisse<\/li>\n<\/ul>\n<h3>Who's who 2025<\/h3>\n<ul>\n<li>UN SECTEUR R\u00c9SILIENT<\/li>\n<li>Les 100 personnalit\u00e9s de l'immobilier suisse<\/li>\n<\/ul>\n<h3>R\u00e9gions<\/h3>\n<ul>\n<li>DE SOLIDES FONDAMENTAUX<\/li>\n<li>Gen\u00e8ve<\/li>\n<li>ACTUALIT\u00c9S<\/li>\n<li>Gen\u00e8ve : H\u00f4tel Ruby<\/li>\n<li>RECORDS DE CROISSANCE<\/li>\n<li>R\u00e9gion l\u00e9manique<\/li>\n<li>APPLIQUER LES LOIS \u00c9NERG\u00c9TIQUES<\/li>\n<li>Cantons de Gen\u00e8ve de Vaud<\/li>\n<\/ul>\n<h3>March\u00e9s \u00e9trangers<\/h3>\n<ul>\n<li>UN PROFIL RENDEMENT-RISQUE ATTRACTIF<\/li>\n<li>Investissements dans les infrastructures mondiales<\/li>\n<li>ACTUALIT\u00c9S<\/li>\n<li>Edmond de Rothschild : Cr\u00e9dits pour l'infrastructure<\/li>\n<li>BlackRock : Investisseurs institutionnels et l'infrastructure<\/li>\n<\/ul>\n<h3>March\u00e9s financiers de l'immobilier<\/h3>\n<ul>\n<li>FINANCEMENT IMMOBILIER EN DIFFICULT\u00c9<\/li>\n<li>104e Dialogue immobilier suisse<\/li>\n<li>La Fonci\u00e8re : cash-flow en hausse<\/li>\n<li>Swiss Life REF (CH) ESG Propri\u00e9t\u00e9s suisses<\/li>\n<li>SPSS Investment Fund Commerical : R\u00e9sultat en hausse<\/li>\n<li>AXA Real Estate Fund Switzerland - premier semestre<\/li>\n<li>Cronos Immo Fund d\u00e9passe le milliard<\/li>\n<li>Lancement du Cronos Immo Fund 2<\/li>\n<li>Patrimonium Swiss Real Estate Fund accro\u00eet son b\u00e9n\u00e9fice<\/li>\n<li>Helvetia Swiss Property Fund augmente son revenu net<\/li>\n<li>Baloise Swiss Property Fund accro\u00eet ses revenus locatifs<\/li>\n<li>Gefiswiss : Plus de capital pour Prisma Previous<\/li>\n<li>BIG BEAUTIFUL BILL<\/li>\n<li>Risques pour les investisseurs \u00e9trangers aux \u00c9tats-Unis<\/li>\n<\/ul>","protected":false},"excerpt":{"rendered":"<div class=\"WC-Product__subtitle\">Re\u00e7ois la revue sp\u00e9cialis\u00e9e francophone \"Immobilier Romand\" \u00e9dition 02\/2025 en t\u00e9l\u00e9chargement PDF avec le sommaire ci-dessous :<\/div>","protected":false},"featured_media":64368,"template":"","meta":{"_acf_changed":false,"pgc_sgb_lightbox_settings":""},"product_brand":[],"product_cat":[921],"product_tag":[3558],"class_list":{"0":"post-64366","1":"product","2":"type-product","3":"status-publish","4":"has-post-thumbnail","6":"product_cat-einzelausgaben","7":"product_tag-3558","9":"first","10":"instock","11":"downloadable","12":"virtual","13":"taxable","14":"purchasable","15":"product-type-simple"},"acf":[],"yoast_head":"<!-- This site is optimized with the Yoast SEO plugin v27.4 - https:\/\/yoast.com\/product\/yoast-seo-wordpress\/ -->\n<title>Immobilier Romand Edition 02\/2025 - IMMOBILIEN Business<\/title>\n<meta name=\"description\" content=\"Erhalte die franz\u00f6sischsprachige Fachzeitschrift \u00abImmobilier Romand\u00bb Edition 02\/2025 als PDF-Download mit nachfolgendem Inhaltsverzeichnis:\" \/>\n<meta name=\"robots\" content=\"index, follow, max-snippet:-1, max-image-preview:large, max-video-preview:-1\" \/>\n<link rel=\"canonical\" href=\"https:\/\/www.immobilienbusiness.ch\/fr\/product\/immobilier-romand-edition-02-2025\/\" \/>\n<meta property=\"og:locale\" content=\"fr_FR\" \/>\n<meta property=\"og:type\" content=\"article\" \/>\n<meta property=\"og:title\" content=\"Immobilier Romand Edition 02\/2025 - IMMOBILIEN Business\" \/>\n<meta property=\"og:description\" content=\"Erhalte die franz\u00f6sischsprachige Fachzeitschrift \u00abImmobilier Romand\u00bb Edition 02\/2025 als PDF-Download mit nachfolgendem Inhaltsverzeichnis:\" \/>\n<meta property=\"og:url\" content=\"https:\/\/www.immobilienbusiness.ch\/fr\/product\/immobilier-romand-edition-02-2025\/\" \/>\n<meta property=\"og:site_name\" content=\"IMMOBILIEN Business\" \/>\n<meta property=\"article:publisher\" content=\"https:\/\/www.facebook.com\/immobilienbusiness\/\" \/>\n<meta property=\"article:modified_time\" content=\"2026-02-17T14:56:37+00:00\" \/>\n<meta property=\"og:image\" content=\"https:\/\/www.immobilienbusiness.ch\/wp-content\/uploads\/2025\/07\/immobilier-romand_cover_07-08-2025.png\" \/>\n\t<meta property=\"og:image:width\" content=\"1200\" \/>\n\t<meta property=\"og:image:height\" content=\"680\" \/>\n\t<meta property=\"og:image:type\" content=\"image\/png\" \/>\n<meta name=\"twitter:card\" content=\"summary_large_image\" \/>\n<script type=\"application\/ld+json\" class=\"yoast-schema-graph\">{\"@context\":\"https:\\\/\\\/schema.org\",\"@graph\":[{\"@type\":\"WebPage\",\"@id\":\"https:\\\/\\\/www.immobilienbusiness.ch\\\/produkt\\\/immobilier-romand-edition-02-2025\\\/\",\"url\":\"https:\\\/\\\/www.immobilienbusiness.ch\\\/produkt\\\/immobilier-romand-edition-02-2025\\\/\",\"name\":\"Immobilier Romand Edition 02\\\/2025 - IMMOBILIEN Business\",\"isPartOf\":{\"@id\":\"https:\\\/\\\/www.immobilienbusiness.ch\\\/#website\"},\"primaryImageOfPage\":{\"@id\":\"https:\\\/\\\/www.immobilienbusiness.ch\\\/produkt\\\/immobilier-romand-edition-02-2025\\\/#primaryimage\"},\"image\":{\"@id\":\"https:\\\/\\\/www.immobilienbusiness.ch\\\/produkt\\\/immobilier-romand-edition-02-2025\\\/#primaryimage\"},\"thumbnailUrl\":\"https:\\\/\\\/www.immobilienbusiness.ch\\\/wp-content\\\/uploads\\\/2025\\\/07\\\/immobilier-romand_cover_07-08-2025.png\",\"datePublished\":\"2025-07-03T08:14:31+00:00\",\"dateModified\":\"2026-02-17T14:56:37+00:00\",\"description\":\"Erhalte die franz\u00f6sischsprachige Fachzeitschrift \u00abImmobilier Romand\u00bb Edition 02\\\/2025 als PDF-Download mit nachfolgendem Inhaltsverzeichnis:\",\"breadcrumb\":{\"@id\":\"https:\\\/\\\/www.immobilienbusiness.ch\\\/produkt\\\/immobilier-romand-edition-02-2025\\\/#breadcrumb\"},\"inLanguage\":\"fr-FR\",\"potentialAction\":[{\"@type\":\"ReadAction\",\"target\":[\"https:\\\/\\\/www.immobilienbusiness.ch\\\/produkt\\\/immobilier-romand-edition-02-2025\\\/\"]}]},{\"@type\":\"ImageObject\",\"inLanguage\":\"fr-FR\",\"@id\":\"https:\\\/\\\/www.immobilienbusiness.ch\\\/produkt\\\/immobilier-romand-edition-02-2025\\\/#primaryimage\",\"url\":\"https:\\\/\\\/www.immobilienbusiness.ch\\\/wp-content\\\/uploads\\\/2025\\\/07\\\/immobilier-romand_cover_07-08-2025.png\",\"contentUrl\":\"https:\\\/\\\/www.immobilienbusiness.ch\\\/wp-content\\\/uploads\\\/2025\\\/07\\\/immobilier-romand_cover_07-08-2025.png\",\"width\":1200,\"height\":680},{\"@type\":\"BreadcrumbList\",\"@id\":\"https:\\\/\\\/www.immobilienbusiness.ch\\\/produkt\\\/immobilier-romand-edition-02-2025\\\/#breadcrumb\",\"itemListElement\":[{\"@type\":\"ListItem\",\"position\":1,\"name\":\"Home\",\"item\":\"https:\\\/\\\/www.immobilienbusiness.ch\\\/\"},{\"@type\":\"ListItem\",\"position\":2,\"name\":\"Shop\",\"item\":\"https:\\\/\\\/www.immobilienbusiness.ch\\\/en\\\/shop\\\/\"},{\"@type\":\"ListItem\",\"position\":3,\"name\":\"Immobilier Romand Edition 02\\\/2025\"}]},{\"@type\":\"WebSite\",\"@id\":\"https:\\\/\\\/www.immobilienbusiness.ch\\\/#website\",\"url\":\"https:\\\/\\\/www.immobilienbusiness.ch\\\/\",\"name\":\"IMMOBILIEN Business\",\"description\":\"Unabh\u00e4ngiges Schweizer Wirtschaftsmagazin mit Fokus auf Immobilien, Architektur- und Bau sowie Investment- und Finanzierung.\",\"publisher\":{\"@id\":\"https:\\\/\\\/www.immobilienbusiness.ch\\\/#organization\"},\"potentialAction\":[{\"@type\":\"SearchAction\",\"target\":{\"@type\":\"EntryPoint\",\"urlTemplate\":\"https:\\\/\\\/www.immobilienbusiness.ch\\\/?s={search_term_string}\"},\"query-input\":{\"@type\":\"PropertyValueSpecification\",\"valueRequired\":true,\"valueName\":\"search_term_string\"}}],\"inLanguage\":\"fr-FR\"},{\"@type\":\"Organization\",\"@id\":\"https:\\\/\\\/www.immobilienbusiness.ch\\\/#organization\",\"name\":\"IMMOBILIEN Business\",\"url\":\"https:\\\/\\\/www.immobilienbusiness.ch\\\/\",\"logo\":{\"@type\":\"ImageObject\",\"inLanguage\":\"fr-FR\",\"@id\":\"https:\\\/\\\/www.immobilienbusiness.ch\\\/#\\\/schema\\\/logo\\\/image\\\/\",\"url\":\"https:\\\/\\\/www.immobilienbusiness.ch\\\/wp-content\\\/uploads\\\/2021\\\/07\\\/logo_ib.png\",\"contentUrl\":\"https:\\\/\\\/www.immobilienbusiness.ch\\\/wp-content\\\/uploads\\\/2021\\\/07\\\/logo_ib.png\",\"width\":800,\"height\":181,\"caption\":\"IMMOBILIEN Business\"},\"image\":{\"@id\":\"https:\\\/\\\/www.immobilienbusiness.ch\\\/#\\\/schema\\\/logo\\\/image\\\/\"},\"sameAs\":[\"https:\\\/\\\/www.facebook.com\\\/immobilienbusiness\\\/\"]}]}<\/script>\n<!-- \/ Yoast SEO plugin. -->","yoast_head_json":{"title":"Immobilier Romand Edition 02\/2025 - IMMOBILIER Business","description":"Re\u00e7ois la revue sp\u00e9cialis\u00e9e francophone \"Immobilier Romand\" \u00e9dition 02\/2025 en t\u00e9l\u00e9chargement PDF avec le sommaire ci-dessous :","robots":{"index":"index","follow":"follow","max-snippet":"max-snippet:-1","max-image-preview":"max-image-preview:large","max-video-preview":"max-video-preview:-1"},"canonical":"https:\/\/www.immobilienbusiness.ch\/fr\/product\/immobilier-romand-edition-02-2025\/","og_locale":"fr_FR","og_type":"article","og_title":"Immobilier Romand Edition 02\/2025 - IMMOBILIEN Business","og_description":"Erhalte die franz\u00f6sischsprachige Fachzeitschrift \u00abImmobilier Romand\u00bb Edition 02\/2025 als PDF-Download mit nachfolgendem Inhaltsverzeichnis:","og_url":"https:\/\/www.immobilienbusiness.ch\/fr\/product\/immobilier-romand-edition-02-2025\/","og_site_name":"IMMOBILIEN Business","article_publisher":"https:\/\/www.facebook.com\/immobilienbusiness\/","article_modified_time":"2026-02-17T14:56:37+00:00","og_image":[{"width":1200,"height":680,"url":"https:\/\/www.immobilienbusiness.ch\/wp-content\/uploads\/2025\/07\/immobilier-romand_cover_07-08-2025.png","type":"image\/png"}],"twitter_card":"summary_large_image","schema":{"@context":"https:\/\/schema.org","@graph":[{"@type":"WebPage","@id":"https:\/\/www.immobilienbusiness.ch\/produkt\/immobilier-romand-edition-02-2025\/","url":"https:\/\/www.immobilienbusiness.ch\/produkt\/immobilier-romand-edition-02-2025\/","name":"Immobilier Romand Edition 02\/2025 - IMMOBILIER Business","isPartOf":{"@id":"https:\/\/www.immobilienbusiness.ch\/#website"},"primaryImageOfPage":{"@id":"https:\/\/www.immobilienbusiness.ch\/produkt\/immobilier-romand-edition-02-2025\/#primaryimage"},"image":{"@id":"https:\/\/www.immobilienbusiness.ch\/produkt\/immobilier-romand-edition-02-2025\/#primaryimage"},"thumbnailUrl":"https:\/\/www.immobilienbusiness.ch\/wp-content\/uploads\/2025\/07\/immobilier-romand_cover_07-08-2025.png","datePublished":"2025-07-03T08:14:31+00:00","dateModified":"2026-02-17T14:56:37+00:00","description":"Re\u00e7ois la revue sp\u00e9cialis\u00e9e francophone \"Immobilier Romand\" \u00e9dition 02\/2025 en t\u00e9l\u00e9chargement PDF avec le sommaire ci-dessous :","breadcrumb":{"@id":"https:\/\/www.immobilienbusiness.ch\/produkt\/immobilier-romand-edition-02-2025\/#breadcrumb"},"inLanguage":"fr-FR","potentialAction":[{"@type":"ReadAction","target":["https:\/\/www.immobilienbusiness.ch\/produkt\/immobilier-romand-edition-02-2025\/"]}]},{"@type":"ImageObject","inLanguage":"fr-FR","@id":"https:\/\/www.immobilienbusiness.ch\/produkt\/immobilier-romand-edition-02-2025\/#primaryimage","url":"https:\/\/www.immobilienbusiness.ch\/wp-content\/uploads\/2025\/07\/immobilier-romand_cover_07-08-2025.png","contentUrl":"https:\/\/www.immobilienbusiness.ch\/wp-content\/uploads\/2025\/07\/immobilier-romand_cover_07-08-2025.png","width":1200,"height":680},{"@type":"BreadcrumbList","@id":"https:\/\/www.immobilienbusiness.ch\/produkt\/immobilier-romand-edition-02-2025\/#breadcrumb","itemListElement":[{"@type":"ListItem","position":1,"name":"Home","item":"https:\/\/www.immobilienbusiness.ch\/"},{"@type":"ListItem","position":2,"name":"Shop","item":"https:\/\/www.immobilienbusiness.ch\/en\/shop\/"},{"@type":"ListItem","position":3,"name":"Immobilier Romand Edition 02\/2025"}]},{"@type":"WebSite","@id":"https:\/\/www.immobilienbusiness.ch\/#website","url":"https:\/\/www.immobilienbusiness.ch\/","name":"IMMOBILIER Business","description":"Magazine \u00e9conomique suisse ind\u00e9pendant ax\u00e9 sur l'immobilier, l'architecture et la construction ainsi que sur les investissements et le financement.","publisher":{"@id":"https:\/\/www.immobilienbusiness.ch\/#organization"},"potentialAction":[{"@type":"SearchAction","target":{"@type":"EntryPoint","urlTemplate":"https:\/\/www.immobilienbusiness.ch\/?s={search_term_string}"},"query-input":{"@type":"PropertyValueSpecification","valueRequired":true,"valueName":"search_term_string"}}],"inLanguage":"fr-FR"},{"@type":"Organization","@id":"https:\/\/www.immobilienbusiness.ch\/#organization","name":"IMMOBILIER Business","url":"https:\/\/www.immobilienbusiness.ch\/","logo":{"@type":"ImageObject","inLanguage":"fr-FR","@id":"https:\/\/www.immobilienbusiness.ch\/#\/schema\/logo\/image\/","url":"https:\/\/www.immobilienbusiness.ch\/wp-content\/uploads\/2021\/07\/logo_ib.png","contentUrl":"https:\/\/www.immobilienbusiness.ch\/wp-content\/uploads\/2021\/07\/logo_ib.png","width":800,"height":181,"caption":"IMMOBILIEN Business"},"image":{"@id":"https:\/\/www.immobilienbusiness.ch\/#\/schema\/logo\/image\/"},"sameAs":["https:\/\/www.facebook.com\/immobilienbusiness\/"]}]}},"_links":{"self":[{"href":"https:\/\/www.immobilienbusiness.ch\/fr\/wp-json\/wp\/v2\/product\/64366","targetHints":{"allow":["GET"]}}],"collection":[{"href":"https:\/\/www.immobilienbusiness.ch\/fr\/wp-json\/wp\/v2\/product"}],"about":[{"href":"https:\/\/www.immobilienbusiness.ch\/fr\/wp-json\/wp\/v2\/types\/product"}],"wp:featuredmedia":[{"embeddable":true,"href":"https:\/\/www.immobilienbusiness.ch\/fr\/wp-json\/wp\/v2\/media\/64368"}],"wp:attachment":[{"href":"https:\/\/www.immobilienbusiness.ch\/fr\/wp-json\/wp\/v2\/media?parent=64366"}],"wp:term":[{"taxonomy":"product_brand","embeddable":true,"href":"https:\/\/www.immobilienbusiness.ch\/fr\/wp-json\/wp\/v2\/product_brand?post=64366"},{"taxonomy":"product_cat","embeddable":true,"href":"https:\/\/www.immobilienbusiness.ch\/fr\/wp-json\/wp\/v2\/product_cat?post=64366"},{"taxonomy":"product_tag","embeddable":true,"href":"https:\/\/www.immobilienbusiness.ch\/fr\/wp-json\/wp\/v2\/product_tag?post=64366"}],"curies":[{"name":"wp","href":"https:\/\/api.w.org\/{rel}","templated":true}]}}