{"id":64362,"date":"2025-07-03T10:12:08","date_gmt":"2025-07-03T08:12:08","guid":{"rendered":"https:\/\/www.immobilienbusiness.ch\/?post_type=product&#038;p=64362"},"modified":"2026-02-17T15:56:37","modified_gmt":"2026-02-17T14:56:37","slug":"immobilien-business-ausgabe-07-08-2025","status":"publish","type":"product","link":"https:\/\/www.immobilienbusiness.ch\/fr\/product\/immobilien-business-ausgabe-07-08-2025\/","title":{"rendered":"Immobilien Business \u00c9dition 07-08\/2025"},"content":{"rendered":"<h3>Nouvelles<\/h3>\n<ul>\n<li>Zurich : une tour pour un habitat futuriste pour les personnes \u00e2g\u00e9es\".<\/li>\n<li>Personnel : IPB<\/li>\n<li>Corrigendum<\/li>\n<li>Zurich : le projet gagnant pour le site RAD a \u00e9t\u00e9 d\u00e9sign\u00e9<\/li>\n<li>Zurich : premi\u00e8re suisse pour Caf\u00e9 Pascucci<\/li>\n<li>Personnel : Fondation de placement Swiss Life<\/li>\n<li>Berne : immeuble de bureaux \"Bern 131\" pr\u00eat \u00e0 \u00eatre occup\u00e9<\/li>\n<li>Personnel : Privera<\/li>\n<li>La ville de G\u00fcttingen : Pose de la premi\u00e8re pierre du projet See-Wies<\/li>\n<li>Coire : nouveaux plans pour la charretterie historique<\/li>\n<li>Personnel : Commune bourgeoise de Berne<\/li>\n<li>Abtwil : l'h\u00f4tel S\u00e4ntispark pr\u00e9sente un nouveau concept<\/li>\n<li>Grindelwald : retour en force pour l'h\u00f4tel Regina<\/li>\n<li>Personnel : Helvetica Porperty Group<\/li>\n<li>Crissier : le si\u00e8ge de McDonald`s fait peau neuve<\/li>\n<li>Montreux : l'H\u00f4tel Righi Vaudois devient un \"village m\u00e9dical<\/li>\n<li>Impression<\/li>\n<\/ul>\n<h3>Tendances<\/h3>\n<ul>\n<li>NOUVEAU POINT DE D\u00c9PART<\/li>\n<li>La politique douani\u00e8re am\u00e9ricaine assombrit les perspectives de l'immobilier logistique<\/li>\n<\/ul>\n<h3>March\u00e9s et investissements<\/h3>\n<ul>\n<li>SITUATION GAGNANT-GAGNANT<\/li>\n<li>Obligations convertibles en vue d'un financement immobilier<\/li>\n<li>Chronique \"Le 13e \u00e9tage<\/li>\n<\/ul>\n<h3>Titre Sujet<\/h3>\n<ul>\n<li>WHO IS WHO 2025<\/li>\n<li>Les 100 t\u00eates de l'industrie immobili\u00e8re suisse<\/li>\n<\/ul>\n<h3>R\u00e9gions<\/h3>\n<ul>\n<li>DES FONDAMENTAUX SOLIDES<\/li>\n<li>Gen\u00e8ve marque des points avec une croissance \u00e9conomique solide<\/li>\n<li>DE NOUVEAUX RECORDS DE CROISSANCE<\/li>\n<li>La r\u00e9gion lausannoise enregistre une hausse du nombre d'habitants<\/li>\n<\/ul>\n<h3>R\u00e9sidentiel<\/h3>\n<ul>\n<li>CONTRE LA SOLITUDE DES PERSONNES \u00c2G\u00c9ES<\/li>\n<li>Nouveaux concepts d'habitat pour les seniors<\/li>\n<\/ul>\n<h3>Am\u00e9nagement du territoire &amp; d\u00e9veloppement urbain<\/h3>\n<ul>\n<li>AMAZING GRAZ<\/li>\n<li>Impressions de la 30e conf\u00e9rence professionnelle de Real Corp<\/li>\n<\/ul>\n<h3>Gestion d'actifs et de portefeuilles<\/h3>\n<ul>\n<li>B\u00c2LE III ET SES CONS\u00c9QUENCES<\/li>\n<li>Le financement des projets de construction devient plus difficile<\/li>\n<\/ul>\n<h3>\u00c9v\u00e9nements<\/h3>\n<ul>\n<li>FINANCEMENT D\u00c9FECTUEUX<\/li>\n<li>Retour sur la 104e \u00e9dition des Entretiens suisses de l'immobilier<\/li>\n<\/ul>\n<h3>March\u00e9s \u00e9trangers<\/h3>\n<ul>\n<li>P\u00c9RIODE D'ACHAT<\/li>\n<li>Focus sur le march\u00e9 immobilier su\u00e9dois<\/li>\n<\/ul>\n<h3>March\u00e9s financiers immobiliers<\/h3>\n<ul>\n<li>UN VOYAGE DANS LE TEMPS<\/li>\n<li>Comparaison des rendements immobiliers \u00e0 long terme<\/li>\n<li>Akara Diversity CP : 15e augmentation de capital<\/li>\n<li>Baloise Swiss Property Fund : Une performance honorable<\/li>\n<li>La Fonci\u00e8re : augmentation du cash flow<\/li>\n<li>Axa Real Estate Fund (CH) : 1er semestre r\u00e9ussi<\/li>\n<li>Cronos Immo Fund : la barre du milliard a \u00e9t\u00e9 franchie<\/li>\n<li>Cronos Finance SA : Nouveau fonds<\/li>\n<li>SPSS Investment Fund Commercial : revenu en hausse<\/li>\n<li>Swiss Life REF ESG Swiss Properties : Un r\u00e9sultat solide<\/li>\n<li>Schroder Immoplus : Deal \u00e0 Zurich<\/li>\n<li>Commentaire de march\u00e9 par Zoltan Szelyes, Macro Real Estate<\/li>\n<li>Prisma Previous Responsible : \u00c9mission pr\u00e9vue<\/li>\n<li>Fondation de placement Realstone : La RIRS augmente sa fortune totale<\/li>\n<li>Swiss Prime AST : des capitaux frais<\/li>\n<li>Plazza AG : Deal dans le canton de Zurich<\/li>\n<li>Z\u00fcblin Immobilien Holding : D\u00e9bat sur le dividende<\/li>\n<li>Procimmo Group : plus de b\u00e9n\u00e9fice, plus de distribution<\/li>\n<li>Ed. de Rothschild : cr\u00e9dits pour l'infrastructure d'hydrog\u00e8ne<\/li>\n<li>\u00c9tats-Unis : nouveau r\u00e9gime fiscal pour les investisseurs \u00e9trangers ?<\/li>\n<\/ul>","protected":false},"excerpt":{"rendered":"<p>Re\u00e7ois la revue sp\u00e9cialis\u00e9e en langue allemande \"Immobilien Business\" dans son num\u00e9ro 07-08\/2025 \u00e0 t\u00e9l\u00e9charger au format PDF avec la table des mati\u00e8res ci-dessous :<\/p>","protected":false},"featured_media":64364,"template":"","meta":{"_acf_changed":false,"pgc_sgb_lightbox_settings":""},"product_brand":[],"product_cat":[921],"product_tag":[4101],"class_list":{"0":"post-64362","1":"product","2":"type-product","3":"status-publish","4":"has-post-thumbnail","6":"product_cat-einzelausgaben","7":"product_tag-4101","9":"first","10":"instock","11":"downloadable","12":"virtual","13":"taxable","14":"purchasable","15":"product-type-simple"},"acf":[],"yoast_head":"<!-- This site is optimized with the Yoast SEO plugin v27.4 - https:\/\/yoast.com\/product\/yoast-seo-wordpress\/ -->\n<title>Immobilien Business Ausgabe 07-08\/2025 - IMMOBILIEN Business<\/title>\n<meta name=\"description\" content=\"Erhalte die deutschsprachige Fachzeitschrift \u00abImmobilien Business\u00bb in der Ausgabe 07-08\/2025 als PDF-Download mit nachfolgendem Inhaltsverzeichnis:\" \/>\n<meta name=\"robots\" content=\"index, follow, max-snippet:-1, max-image-preview:large, max-video-preview:-1\" \/>\n<link rel=\"canonical\" href=\"https:\/\/www.immobilienbusiness.ch\/fr\/product\/immobilien-business-ausgabe-07-08-2025\/\" \/>\n<meta property=\"og:locale\" content=\"fr_FR\" \/>\n<meta property=\"og:type\" content=\"article\" \/>\n<meta property=\"og:title\" content=\"Immobilien Business Ausgabe 07-08\/2025 - IMMOBILIEN Business\" \/>\n<meta property=\"og:description\" content=\"Erhalte die deutschsprachige Fachzeitschrift \u00abImmobilien Business\u00bb in der Ausgabe 07-08\/2025 als PDF-Download mit nachfolgendem Inhaltsverzeichnis:\" \/>\n<meta property=\"og:url\" content=\"https:\/\/www.immobilienbusiness.ch\/fr\/product\/immobilien-business-ausgabe-07-08-2025\/\" \/>\n<meta property=\"og:site_name\" content=\"IMMOBILIEN Business\" \/>\n<meta property=\"article:publisher\" content=\"https:\/\/www.facebook.com\/immobilienbusiness\/\" \/>\n<meta property=\"article:modified_time\" content=\"2026-02-17T14:56:37+00:00\" \/>\n<meta property=\"og:image\" content=\"https:\/\/www.immobilienbusiness.ch\/wp-content\/uploads\/2025\/07\/immobilienbusiness_cover_07-08-2025.png\" \/>\n\t<meta property=\"og:image:width\" content=\"1200\" \/>\n\t<meta property=\"og:image:height\" content=\"680\" \/>\n\t<meta property=\"og:image:type\" content=\"image\/png\" \/>\n<meta name=\"twitter:card\" content=\"summary_large_image\" \/>\n<script type=\"application\/ld+json\" class=\"yoast-schema-graph\">{\"@context\":\"https:\\\/\\\/schema.org\",\"@graph\":[{\"@type\":\"WebPage\",\"@id\":\"https:\\\/\\\/www.immobilienbusiness.ch\\\/produkt\\\/immobilien-business-ausgabe-07-08-2025\\\/\",\"url\":\"https:\\\/\\\/www.immobilienbusiness.ch\\\/produkt\\\/immobilien-business-ausgabe-07-08-2025\\\/\",\"name\":\"Immobilien Business Ausgabe 07-08\\\/2025 - IMMOBILIEN Business\",\"isPartOf\":{\"@id\":\"https:\\\/\\\/www.immobilienbusiness.ch\\\/#website\"},\"primaryImageOfPage\":{\"@id\":\"https:\\\/\\\/www.immobilienbusiness.ch\\\/produkt\\\/immobilien-business-ausgabe-07-08-2025\\\/#primaryimage\"},\"image\":{\"@id\":\"https:\\\/\\\/www.immobilienbusiness.ch\\\/produkt\\\/immobilien-business-ausgabe-07-08-2025\\\/#primaryimage\"},\"thumbnailUrl\":\"https:\\\/\\\/www.immobilienbusiness.ch\\\/wp-content\\\/uploads\\\/2025\\\/07\\\/immobilienbusiness_cover_07-08-2025.png\",\"datePublished\":\"2025-07-03T08:12:08+00:00\",\"dateModified\":\"2026-02-17T14:56:37+00:00\",\"description\":\"Erhalte die deutschsprachige Fachzeitschrift \u00abImmobilien Business\u00bb in der Ausgabe 07-08\\\/2025 als PDF-Download mit nachfolgendem Inhaltsverzeichnis:\",\"breadcrumb\":{\"@id\":\"https:\\\/\\\/www.immobilienbusiness.ch\\\/produkt\\\/immobilien-business-ausgabe-07-08-2025\\\/#breadcrumb\"},\"inLanguage\":\"fr-FR\",\"potentialAction\":[{\"@type\":\"ReadAction\",\"target\":[\"https:\\\/\\\/www.immobilienbusiness.ch\\\/produkt\\\/immobilien-business-ausgabe-07-08-2025\\\/\"]}]},{\"@type\":\"ImageObject\",\"inLanguage\":\"fr-FR\",\"@id\":\"https:\\\/\\\/www.immobilienbusiness.ch\\\/produkt\\\/immobilien-business-ausgabe-07-08-2025\\\/#primaryimage\",\"url\":\"https:\\\/\\\/www.immobilienbusiness.ch\\\/wp-content\\\/uploads\\\/2025\\\/07\\\/immobilienbusiness_cover_07-08-2025.png\",\"contentUrl\":\"https:\\\/\\\/www.immobilienbusiness.ch\\\/wp-content\\\/uploads\\\/2025\\\/07\\\/immobilienbusiness_cover_07-08-2025.png\",\"width\":1200,\"height\":680},{\"@type\":\"BreadcrumbList\",\"@id\":\"https:\\\/\\\/www.immobilienbusiness.ch\\\/produkt\\\/immobilien-business-ausgabe-07-08-2025\\\/#breadcrumb\",\"itemListElement\":[{\"@type\":\"ListItem\",\"position\":1,\"name\":\"Home\",\"item\":\"https:\\\/\\\/www.immobilienbusiness.ch\\\/\"},{\"@type\":\"ListItem\",\"position\":2,\"name\":\"Shop\",\"item\":\"https:\\\/\\\/www.immobilienbusiness.ch\\\/en\\\/shop\\\/\"},{\"@type\":\"ListItem\",\"position\":3,\"name\":\"Immobilien Business Ausgabe 07-08\\\/2025\"}]},{\"@type\":\"WebSite\",\"@id\":\"https:\\\/\\\/www.immobilienbusiness.ch\\\/#website\",\"url\":\"https:\\\/\\\/www.immobilienbusiness.ch\\\/\",\"name\":\"IMMOBILIEN Business\",\"description\":\"Unabh\u00e4ngiges Schweizer Wirtschaftsmagazin mit Fokus auf Immobilien, Architektur- und Bau sowie Investment- und Finanzierung.\",\"publisher\":{\"@id\":\"https:\\\/\\\/www.immobilienbusiness.ch\\\/#organization\"},\"potentialAction\":[{\"@type\":\"SearchAction\",\"target\":{\"@type\":\"EntryPoint\",\"urlTemplate\":\"https:\\\/\\\/www.immobilienbusiness.ch\\\/?s={search_term_string}\"},\"query-input\":{\"@type\":\"PropertyValueSpecification\",\"valueRequired\":true,\"valueName\":\"search_term_string\"}}],\"inLanguage\":\"fr-FR\"},{\"@type\":\"Organization\",\"@id\":\"https:\\\/\\\/www.immobilienbusiness.ch\\\/#organization\",\"name\":\"IMMOBILIEN Business\",\"url\":\"https:\\\/\\\/www.immobilienbusiness.ch\\\/\",\"logo\":{\"@type\":\"ImageObject\",\"inLanguage\":\"fr-FR\",\"@id\":\"https:\\\/\\\/www.immobilienbusiness.ch\\\/#\\\/schema\\\/logo\\\/image\\\/\",\"url\":\"https:\\\/\\\/www.immobilienbusiness.ch\\\/wp-content\\\/uploads\\\/2021\\\/07\\\/logo_ib.png\",\"contentUrl\":\"https:\\\/\\\/www.immobilienbusiness.ch\\\/wp-content\\\/uploads\\\/2021\\\/07\\\/logo_ib.png\",\"width\":800,\"height\":181,\"caption\":\"IMMOBILIEN Business\"},\"image\":{\"@id\":\"https:\\\/\\\/www.immobilienbusiness.ch\\\/#\\\/schema\\\/logo\\\/image\\\/\"},\"sameAs\":[\"https:\\\/\\\/www.facebook.com\\\/immobilienbusiness\\\/\"]}]}<\/script>\n<!-- \/ Yoast SEO plugin. -->","yoast_head_json":{"title":"Immobilien Business Ausgabe 07-08\/2025 - IMMOBILIEN Business","description":"Re\u00e7ois la revue sp\u00e9cialis\u00e9e en langue allemande \"Immobilien Business\" dans son num\u00e9ro 07-08\/2025 \u00e0 t\u00e9l\u00e9charger au format PDF avec la table des mati\u00e8res ci-dessous :","robots":{"index":"index","follow":"follow","max-snippet":"max-snippet:-1","max-image-preview":"max-image-preview:large","max-video-preview":"max-video-preview:-1"},"canonical":"https:\/\/www.immobilienbusiness.ch\/fr\/product\/immobilien-business-ausgabe-07-08-2025\/","og_locale":"fr_FR","og_type":"article","og_title":"Immobilien Business Ausgabe 07-08\/2025 - IMMOBILIEN Business","og_description":"Erhalte die deutschsprachige Fachzeitschrift \u00abImmobilien Business\u00bb in der Ausgabe 07-08\/2025 als PDF-Download mit nachfolgendem Inhaltsverzeichnis:","og_url":"https:\/\/www.immobilienbusiness.ch\/fr\/product\/immobilien-business-ausgabe-07-08-2025\/","og_site_name":"IMMOBILIEN Business","article_publisher":"https:\/\/www.facebook.com\/immobilienbusiness\/","article_modified_time":"2026-02-17T14:56:37+00:00","og_image":[{"width":1200,"height":680,"url":"https:\/\/www.immobilienbusiness.ch\/wp-content\/uploads\/2025\/07\/immobilienbusiness_cover_07-08-2025.png","type":"image\/png"}],"twitter_card":"summary_large_image","schema":{"@context":"https:\/\/schema.org","@graph":[{"@type":"WebPage","@id":"https:\/\/www.immobilienbusiness.ch\/produkt\/immobilien-business-ausgabe-07-08-2025\/","url":"https:\/\/www.immobilienbusiness.ch\/produkt\/immobilien-business-ausgabe-07-08-2025\/","name":"Immobilien Business Ausgabe 07-08\/2025 - IMMOBILIEN Business","isPartOf":{"@id":"https:\/\/www.immobilienbusiness.ch\/#website"},"primaryImageOfPage":{"@id":"https:\/\/www.immobilienbusiness.ch\/produkt\/immobilien-business-ausgabe-07-08-2025\/#primaryimage"},"image":{"@id":"https:\/\/www.immobilienbusiness.ch\/produkt\/immobilien-business-ausgabe-07-08-2025\/#primaryimage"},"thumbnailUrl":"https:\/\/www.immobilienbusiness.ch\/wp-content\/uploads\/2025\/07\/immobilienbusiness_cover_07-08-2025.png","datePublished":"2025-07-03T08:12:08+00:00","dateModified":"2026-02-17T14:56:37+00:00","description":"Re\u00e7ois la revue sp\u00e9cialis\u00e9e en langue allemande \"Immobilien Business\" dans son num\u00e9ro 07-08\/2025 \u00e0 t\u00e9l\u00e9charger au format PDF avec la table des mati\u00e8res ci-dessous :","breadcrumb":{"@id":"https:\/\/www.immobilienbusiness.ch\/produkt\/immobilien-business-ausgabe-07-08-2025\/#breadcrumb"},"inLanguage":"fr-FR","potentialAction":[{"@type":"ReadAction","target":["https:\/\/www.immobilienbusiness.ch\/produkt\/immobilien-business-ausgabe-07-08-2025\/"]}]},{"@type":"ImageObject","inLanguage":"fr-FR","@id":"https:\/\/www.immobilienbusiness.ch\/produkt\/immobilien-business-ausgabe-07-08-2025\/#primaryimage","url":"https:\/\/www.immobilienbusiness.ch\/wp-content\/uploads\/2025\/07\/immobilienbusiness_cover_07-08-2025.png","contentUrl":"https:\/\/www.immobilienbusiness.ch\/wp-content\/uploads\/2025\/07\/immobilienbusiness_cover_07-08-2025.png","width":1200,"height":680},{"@type":"BreadcrumbList","@id":"https:\/\/www.immobilienbusiness.ch\/produkt\/immobilien-business-ausgabe-07-08-2025\/#breadcrumb","itemListElement":[{"@type":"ListItem","position":1,"name":"Home","item":"https:\/\/www.immobilienbusiness.ch\/"},{"@type":"ListItem","position":2,"name":"Shop","item":"https:\/\/www.immobilienbusiness.ch\/en\/shop\/"},{"@type":"ListItem","position":3,"name":"Immobilien Business Ausgabe 07-08\/2025"}]},{"@type":"WebSite","@id":"https:\/\/www.immobilienbusiness.ch\/#website","url":"https:\/\/www.immobilienbusiness.ch\/","name":"IMMOBILIER Business","description":"Magazine \u00e9conomique suisse ind\u00e9pendant ax\u00e9 sur l'immobilier, l'architecture et la construction ainsi que sur les investissements et le financement.","publisher":{"@id":"https:\/\/www.immobilienbusiness.ch\/#organization"},"potentialAction":[{"@type":"SearchAction","target":{"@type":"EntryPoint","urlTemplate":"https:\/\/www.immobilienbusiness.ch\/?s={search_term_string}"},"query-input":{"@type":"PropertyValueSpecification","valueRequired":true,"valueName":"search_term_string"}}],"inLanguage":"fr-FR"},{"@type":"Organization","@id":"https:\/\/www.immobilienbusiness.ch\/#organization","name":"IMMOBILIER Business","url":"https:\/\/www.immobilienbusiness.ch\/","logo":{"@type":"ImageObject","inLanguage":"fr-FR","@id":"https:\/\/www.immobilienbusiness.ch\/#\/schema\/logo\/image\/","url":"https:\/\/www.immobilienbusiness.ch\/wp-content\/uploads\/2021\/07\/logo_ib.png","contentUrl":"https:\/\/www.immobilienbusiness.ch\/wp-content\/uploads\/2021\/07\/logo_ib.png","width":800,"height":181,"caption":"IMMOBILIEN Business"},"image":{"@id":"https:\/\/www.immobilienbusiness.ch\/#\/schema\/logo\/image\/"},"sameAs":["https:\/\/www.facebook.com\/immobilienbusiness\/"]}]}},"_links":{"self":[{"href":"https:\/\/www.immobilienbusiness.ch\/fr\/wp-json\/wp\/v2\/product\/64362","targetHints":{"allow":["GET"]}}],"collection":[{"href":"https:\/\/www.immobilienbusiness.ch\/fr\/wp-json\/wp\/v2\/product"}],"about":[{"href":"https:\/\/www.immobilienbusiness.ch\/fr\/wp-json\/wp\/v2\/types\/product"}],"wp:featuredmedia":[{"embeddable":true,"href":"https:\/\/www.immobilienbusiness.ch\/fr\/wp-json\/wp\/v2\/media\/64364"}],"wp:attachment":[{"href":"https:\/\/www.immobilienbusiness.ch\/fr\/wp-json\/wp\/v2\/media?parent=64362"}],"wp:term":[{"taxonomy":"product_brand","embeddable":true,"href":"https:\/\/www.immobilienbusiness.ch\/fr\/wp-json\/wp\/v2\/product_brand?post=64362"},{"taxonomy":"product_cat","embeddable":true,"href":"https:\/\/www.immobilienbusiness.ch\/fr\/wp-json\/wp\/v2\/product_cat?post=64362"},{"taxonomy":"product_tag","embeddable":true,"href":"https:\/\/www.immobilienbusiness.ch\/fr\/wp-json\/wp\/v2\/product_tag?post=64362"}],"curies":[{"name":"wp","href":"https:\/\/api.w.org\/{rel}","templated":true}]}}