{"id":62658,"date":"2025-03-06T02:00:35","date_gmt":"2025-03-06T01:00:35","guid":{"rendered":"https:\/\/www.immobilienbusiness.ch\/?post_type=product&#038;p=62658"},"modified":"2026-02-17T15:56:38","modified_gmt":"2026-02-17T14:56:38","slug":"immobilier-romand-edition-01-2025","status":"publish","type":"product","link":"https:\/\/www.immobilienbusiness.ch\/fr\/product\/immobilier-romand-edition-01-2025\/","title":{"rendered":"Immobilier Romand Edition 01\/2025"},"content":{"rendered":"<h3>Nouvelles<\/h3>\n<ul>\n<li>Gen\u00e8ve : une \u00e9tape importante pour le Campus Pictet<\/li>\n<li>Lancy : 228 nouvelles unit\u00e9s r\u00e9sidentielles<\/li>\n<li>Personnel : M3 Immobilier<\/li>\n<li>Renens : \" Creative Factory \" bient\u00f4t termin\u00e9e<\/li>\n<li>Crans Montana : n\u00e9gociations de vente pour LHM<\/li>\n<li>Personnel : Halter<\/li>\n<\/ul>\n<h3>Tendances<\/h3>\n<ul>\n<li>Demande en espaces intacte : \u00c9tude de JLL sur l'immobilier de bureau<\/li>\n<\/ul>\n<h3>March\u00e9s d'investissement<\/h3>\n<ul>\n<li>Le succ\u00e8s de l'uniformit\u00e9 : Les cha\u00eenes h\u00f4teli\u00e8res, un tiers de l'offre<\/li>\n<li>Actualit\u00e9s : Hotel Investments en pleine expansion<\/li>\n<li>Actualit\u00e9s : Crans Montana \" Fendi private residences \"<\/li>\n<li>Actualit\u00e9s : March\u00e9 h\u00f4telier, le luxe est en vogue<\/li>\n<\/ul>\n<h3>Th\u00e8mes<\/h3>\n<ul>\n<li>Nouveau cycle haussier : L'immobilier suisse est \u00e0 nouveau en vogue<\/li>\n<li>Chronique : Quand \u00e7a bascule<\/li>\n<li>L'optimisme est de retour : L'investissement immobilier gagne du terrain<\/li>\n<li>Actualit\u00e9s : Swiss Life AM UK, deal \u00e0 Glasgow<\/li>\n<li>Actualit\u00e9s : SFP UK, projet \u00e0 Glasgow<\/li>\n<\/ul>\n<h3>Les r\u00e9gions<\/h3>\n<ul>\n<li>Une forte dynamique : Lausanne cro\u00eet rapidement<\/li>\n<li>Actualit\u00e9s : Chavannes-pr\u00e8s-Renens - Solvalor 61<\/li>\n<li>Actualit\u00e9s : Morges - \"Sablon Gare<\/li>\n<\/ul>\n<h3>\u00c9v\u00e9nements<\/h3>\n<ul>\n<li>De grands th\u00e8mes et pas de R\u00f6stigraben : Le MIPIM avec de nombreuses nouveaut\u00e9s<\/li>\n<\/ul>\n<h3>March\u00e9s immobiliers et financiers<\/h3>\n<ul>\n<li>SPS : \" Pure Play \" semble porter ses fruits<\/li>\n<li>La Fonci\u00e8re : le portefeuille d\u00e9passe les 2 milliards<\/li>\n<li>Vue du march\u00e9 : les \" ghostbusters \" manquants<\/li>\n<li>RIRS : achat d'immeubles r\u00e9sidentiels<\/li>\n<li>SFP Fondation de placement : demande d'argent frais<\/li>\n<li>FLM : de nouveaux investissements durables<\/li>\n<li>Mobimo : des chiffres convaincants<\/li>\n<li>BNP Paribas \/ AXA IM : achat scell\u00e9<\/li>\n<li>M3 Immobilier : reprise de Steiner Development<\/li>\n<li>Fundim : Sous le m\u00eame toit<\/li>\n<li>Stoneweg : Tout - sauf \" plain vanilla \".<\/li>\n<\/ul>","protected":false},"excerpt":{"rendered":"<div class=\"WC-Product__subtitle\">Re\u00e7ois la revue sp\u00e9cialis\u00e9e francophone \"Immobilier Romand\" \u00e9dition 01\/2025 en t\u00e9l\u00e9chargement PDF avec le sommaire ci-dessous :<\/div>","protected":false},"featured_media":62659,"template":"","meta":{"_acf_changed":false,"pgc_sgb_lightbox_settings":""},"product_brand":[],"product_cat":[921],"product_tag":[3558],"class_list":{"0":"post-62658","1":"product","2":"type-product","3":"status-publish","4":"has-post-thumbnail","6":"product_cat-einzelausgaben","7":"product_tag-3558","9":"first","10":"instock","11":"downloadable","12":"virtual","13":"taxable","14":"purchasable","15":"product-type-simple"},"acf":[],"yoast_head":"<!-- This site is optimized with the Yoast SEO plugin v27.4 - https:\/\/yoast.com\/product\/yoast-seo-wordpress\/ -->\n<title>Immobilier Romand Edition 01\/2025 - IMMOBILIEN Business<\/title>\n<meta name=\"description\" content=\"Erhalte die franz\u00f6sischsprachige Fachzeitschrift \u00abImmobilier Romand\u00bb Edition 01\/2025 als PDF-Download mit nachfolgendem Inhaltsverzeichnis:\" \/>\n<meta name=\"robots\" content=\"index, follow, max-snippet:-1, max-image-preview:large, max-video-preview:-1\" \/>\n<link rel=\"canonical\" href=\"https:\/\/www.immobilienbusiness.ch\/fr\/product\/immobilier-romand-edition-01-2025\/\" \/>\n<meta property=\"og:locale\" content=\"fr_FR\" \/>\n<meta property=\"og:type\" content=\"article\" \/>\n<meta property=\"og:title\" content=\"Immobilier Romand Edition 01\/2025 - IMMOBILIEN Business\" \/>\n<meta property=\"og:description\" content=\"Erhalte die franz\u00f6sischsprachige Fachzeitschrift \u00abImmobilier Romand\u00bb Edition 01\/2025 als PDF-Download mit nachfolgendem Inhaltsverzeichnis:\" \/>\n<meta property=\"og:url\" content=\"https:\/\/www.immobilienbusiness.ch\/fr\/product\/immobilier-romand-edition-01-2025\/\" \/>\n<meta property=\"og:site_name\" content=\"IMMOBILIEN Business\" \/>\n<meta property=\"article:publisher\" content=\"https:\/\/www.facebook.com\/immobilienbusiness\/\" \/>\n<meta property=\"article:modified_time\" content=\"2026-02-17T14:56:38+00:00\" \/>\n<meta property=\"og:image\" content=\"https:\/\/www.immobilienbusiness.ch\/wp-content\/uploads\/2025\/03\/immobilier-romand_cover_01-2025.png\" \/>\n\t<meta property=\"og:image:width\" content=\"1200\" \/>\n\t<meta property=\"og:image:height\" content=\"680\" \/>\n\t<meta property=\"og:image:type\" content=\"image\/png\" \/>\n<meta name=\"twitter:card\" content=\"summary_large_image\" \/>\n<script type=\"application\/ld+json\" class=\"yoast-schema-graph\">{\"@context\":\"https:\\\/\\\/schema.org\",\"@graph\":[{\"@type\":\"WebPage\",\"@id\":\"https:\\\/\\\/www.immobilienbusiness.ch\\\/produkt\\\/immobilier-romand-edition-01-2025\\\/\",\"url\":\"https:\\\/\\\/www.immobilienbusiness.ch\\\/produkt\\\/immobilier-romand-edition-01-2025\\\/\",\"name\":\"Immobilier Romand Edition 01\\\/2025 - IMMOBILIEN Business\",\"isPartOf\":{\"@id\":\"https:\\\/\\\/www.immobilienbusiness.ch\\\/#website\"},\"primaryImageOfPage\":{\"@id\":\"https:\\\/\\\/www.immobilienbusiness.ch\\\/produkt\\\/immobilier-romand-edition-01-2025\\\/#primaryimage\"},\"image\":{\"@id\":\"https:\\\/\\\/www.immobilienbusiness.ch\\\/produkt\\\/immobilier-romand-edition-01-2025\\\/#primaryimage\"},\"thumbnailUrl\":\"https:\\\/\\\/www.immobilienbusiness.ch\\\/wp-content\\\/uploads\\\/2025\\\/03\\\/immobilier-romand_cover_01-2025.png\",\"datePublished\":\"2025-03-06T01:00:35+00:00\",\"dateModified\":\"2026-02-17T14:56:38+00:00\",\"description\":\"Erhalte die franz\u00f6sischsprachige Fachzeitschrift \u00abImmobilier Romand\u00bb Edition 01\\\/2025 als PDF-Download mit nachfolgendem Inhaltsverzeichnis:\",\"breadcrumb\":{\"@id\":\"https:\\\/\\\/www.immobilienbusiness.ch\\\/produkt\\\/immobilier-romand-edition-01-2025\\\/#breadcrumb\"},\"inLanguage\":\"fr-FR\",\"potentialAction\":[{\"@type\":\"ReadAction\",\"target\":[\"https:\\\/\\\/www.immobilienbusiness.ch\\\/produkt\\\/immobilier-romand-edition-01-2025\\\/\"]}]},{\"@type\":\"ImageObject\",\"inLanguage\":\"fr-FR\",\"@id\":\"https:\\\/\\\/www.immobilienbusiness.ch\\\/produkt\\\/immobilier-romand-edition-01-2025\\\/#primaryimage\",\"url\":\"https:\\\/\\\/www.immobilienbusiness.ch\\\/wp-content\\\/uploads\\\/2025\\\/03\\\/immobilier-romand_cover_01-2025.png\",\"contentUrl\":\"https:\\\/\\\/www.immobilienbusiness.ch\\\/wp-content\\\/uploads\\\/2025\\\/03\\\/immobilier-romand_cover_01-2025.png\",\"width\":1200,\"height\":680},{\"@type\":\"BreadcrumbList\",\"@id\":\"https:\\\/\\\/www.immobilienbusiness.ch\\\/produkt\\\/immobilier-romand-edition-01-2025\\\/#breadcrumb\",\"itemListElement\":[{\"@type\":\"ListItem\",\"position\":1,\"name\":\"Home\",\"item\":\"https:\\\/\\\/www.immobilienbusiness.ch\\\/\"},{\"@type\":\"ListItem\",\"position\":2,\"name\":\"Shop\",\"item\":\"https:\\\/\\\/www.immobilienbusiness.ch\\\/en\\\/shop\\\/\"},{\"@type\":\"ListItem\",\"position\":3,\"name\":\"Immobilier Romand Edition 01\\\/2025\"}]},{\"@type\":\"WebSite\",\"@id\":\"https:\\\/\\\/www.immobilienbusiness.ch\\\/#website\",\"url\":\"https:\\\/\\\/www.immobilienbusiness.ch\\\/\",\"name\":\"IMMOBILIEN Business\",\"description\":\"Unabh\u00e4ngiges Schweizer Wirtschaftsmagazin mit Fokus auf Immobilien, Architektur- und Bau sowie Investment- und Finanzierung.\",\"publisher\":{\"@id\":\"https:\\\/\\\/www.immobilienbusiness.ch\\\/#organization\"},\"potentialAction\":[{\"@type\":\"SearchAction\",\"target\":{\"@type\":\"EntryPoint\",\"urlTemplate\":\"https:\\\/\\\/www.immobilienbusiness.ch\\\/?s={search_term_string}\"},\"query-input\":{\"@type\":\"PropertyValueSpecification\",\"valueRequired\":true,\"valueName\":\"search_term_string\"}}],\"inLanguage\":\"fr-FR\"},{\"@type\":\"Organization\",\"@id\":\"https:\\\/\\\/www.immobilienbusiness.ch\\\/#organization\",\"name\":\"IMMOBILIEN Business\",\"url\":\"https:\\\/\\\/www.immobilienbusiness.ch\\\/\",\"logo\":{\"@type\":\"ImageObject\",\"inLanguage\":\"fr-FR\",\"@id\":\"https:\\\/\\\/www.immobilienbusiness.ch\\\/#\\\/schema\\\/logo\\\/image\\\/\",\"url\":\"https:\\\/\\\/www.immobilienbusiness.ch\\\/wp-content\\\/uploads\\\/2021\\\/07\\\/logo_ib.png\",\"contentUrl\":\"https:\\\/\\\/www.immobilienbusiness.ch\\\/wp-content\\\/uploads\\\/2021\\\/07\\\/logo_ib.png\",\"width\":800,\"height\":181,\"caption\":\"IMMOBILIEN Business\"},\"image\":{\"@id\":\"https:\\\/\\\/www.immobilienbusiness.ch\\\/#\\\/schema\\\/logo\\\/image\\\/\"},\"sameAs\":[\"https:\\\/\\\/www.facebook.com\\\/immobilienbusiness\\\/\"]}]}<\/script>\n<!-- \/ Yoast SEO plugin. -->","yoast_head_json":{"title":"Immobilier Romand Edition 01\/2025 - IMMOBILIER Business","description":"Re\u00e7ois la revue sp\u00e9cialis\u00e9e francophone \"Immobilier Romand\" \u00e9dition 01\/2025 en t\u00e9l\u00e9chargement PDF avec le sommaire ci-dessous :","robots":{"index":"index","follow":"follow","max-snippet":"max-snippet:-1","max-image-preview":"max-image-preview:large","max-video-preview":"max-video-preview:-1"},"canonical":"https:\/\/www.immobilienbusiness.ch\/fr\/product\/immobilier-romand-edition-01-2025\/","og_locale":"fr_FR","og_type":"article","og_title":"Immobilier Romand Edition 01\/2025 - IMMOBILIEN Business","og_description":"Erhalte die franz\u00f6sischsprachige Fachzeitschrift \u00abImmobilier Romand\u00bb Edition 01\/2025 als PDF-Download mit nachfolgendem Inhaltsverzeichnis:","og_url":"https:\/\/www.immobilienbusiness.ch\/fr\/product\/immobilier-romand-edition-01-2025\/","og_site_name":"IMMOBILIEN Business","article_publisher":"https:\/\/www.facebook.com\/immobilienbusiness\/","article_modified_time":"2026-02-17T14:56:38+00:00","og_image":[{"width":1200,"height":680,"url":"https:\/\/www.immobilienbusiness.ch\/wp-content\/uploads\/2025\/03\/immobilier-romand_cover_01-2025.png","type":"image\/png"}],"twitter_card":"summary_large_image","schema":{"@context":"https:\/\/schema.org","@graph":[{"@type":"WebPage","@id":"https:\/\/www.immobilienbusiness.ch\/produkt\/immobilier-romand-edition-01-2025\/","url":"https:\/\/www.immobilienbusiness.ch\/produkt\/immobilier-romand-edition-01-2025\/","name":"Immobilier Romand Edition 01\/2025 - IMMOBILIER Business","isPartOf":{"@id":"https:\/\/www.immobilienbusiness.ch\/#website"},"primaryImageOfPage":{"@id":"https:\/\/www.immobilienbusiness.ch\/produkt\/immobilier-romand-edition-01-2025\/#primaryimage"},"image":{"@id":"https:\/\/www.immobilienbusiness.ch\/produkt\/immobilier-romand-edition-01-2025\/#primaryimage"},"thumbnailUrl":"https:\/\/www.immobilienbusiness.ch\/wp-content\/uploads\/2025\/03\/immobilier-romand_cover_01-2025.png","datePublished":"2025-03-06T01:00:35+00:00","dateModified":"2026-02-17T14:56:38+00:00","description":"Re\u00e7ois la revue sp\u00e9cialis\u00e9e francophone \"Immobilier Romand\" \u00e9dition 01\/2025 en t\u00e9l\u00e9chargement PDF avec le sommaire ci-dessous :","breadcrumb":{"@id":"https:\/\/www.immobilienbusiness.ch\/produkt\/immobilier-romand-edition-01-2025\/#breadcrumb"},"inLanguage":"fr-FR","potentialAction":[{"@type":"ReadAction","target":["https:\/\/www.immobilienbusiness.ch\/produkt\/immobilier-romand-edition-01-2025\/"]}]},{"@type":"ImageObject","inLanguage":"fr-FR","@id":"https:\/\/www.immobilienbusiness.ch\/produkt\/immobilier-romand-edition-01-2025\/#primaryimage","url":"https:\/\/www.immobilienbusiness.ch\/wp-content\/uploads\/2025\/03\/immobilier-romand_cover_01-2025.png","contentUrl":"https:\/\/www.immobilienbusiness.ch\/wp-content\/uploads\/2025\/03\/immobilier-romand_cover_01-2025.png","width":1200,"height":680},{"@type":"BreadcrumbList","@id":"https:\/\/www.immobilienbusiness.ch\/produkt\/immobilier-romand-edition-01-2025\/#breadcrumb","itemListElement":[{"@type":"ListItem","position":1,"name":"Home","item":"https:\/\/www.immobilienbusiness.ch\/"},{"@type":"ListItem","position":2,"name":"Shop","item":"https:\/\/www.immobilienbusiness.ch\/en\/shop\/"},{"@type":"ListItem","position":3,"name":"Immobilier Romand Edition 01\/2025"}]},{"@type":"WebSite","@id":"https:\/\/www.immobilienbusiness.ch\/#website","url":"https:\/\/www.immobilienbusiness.ch\/","name":"IMMOBILIER Business","description":"Magazine \u00e9conomique suisse ind\u00e9pendant ax\u00e9 sur l'immobilier, l'architecture et la construction ainsi que sur les investissements et le financement.","publisher":{"@id":"https:\/\/www.immobilienbusiness.ch\/#organization"},"potentialAction":[{"@type":"SearchAction","target":{"@type":"EntryPoint","urlTemplate":"https:\/\/www.immobilienbusiness.ch\/?s={search_term_string}"},"query-input":{"@type":"PropertyValueSpecification","valueRequired":true,"valueName":"search_term_string"}}],"inLanguage":"fr-FR"},{"@type":"Organization","@id":"https:\/\/www.immobilienbusiness.ch\/#organization","name":"IMMOBILIER Business","url":"https:\/\/www.immobilienbusiness.ch\/","logo":{"@type":"ImageObject","inLanguage":"fr-FR","@id":"https:\/\/www.immobilienbusiness.ch\/#\/schema\/logo\/image\/","url":"https:\/\/www.immobilienbusiness.ch\/wp-content\/uploads\/2021\/07\/logo_ib.png","contentUrl":"https:\/\/www.immobilienbusiness.ch\/wp-content\/uploads\/2021\/07\/logo_ib.png","width":800,"height":181,"caption":"IMMOBILIEN Business"},"image":{"@id":"https:\/\/www.immobilienbusiness.ch\/#\/schema\/logo\/image\/"},"sameAs":["https:\/\/www.facebook.com\/immobilienbusiness\/"]}]}},"_links":{"self":[{"href":"https:\/\/www.immobilienbusiness.ch\/fr\/wp-json\/wp\/v2\/product\/62658","targetHints":{"allow":["GET"]}}],"collection":[{"href":"https:\/\/www.immobilienbusiness.ch\/fr\/wp-json\/wp\/v2\/product"}],"about":[{"href":"https:\/\/www.immobilienbusiness.ch\/fr\/wp-json\/wp\/v2\/types\/product"}],"wp:featuredmedia":[{"embeddable":true,"href":"https:\/\/www.immobilienbusiness.ch\/fr\/wp-json\/wp\/v2\/media\/62659"}],"wp:attachment":[{"href":"https:\/\/www.immobilienbusiness.ch\/fr\/wp-json\/wp\/v2\/media?parent=62658"}],"wp:term":[{"taxonomy":"product_brand","embeddable":true,"href":"https:\/\/www.immobilienbusiness.ch\/fr\/wp-json\/wp\/v2\/product_brand?post=62658"},{"taxonomy":"product_cat","embeddable":true,"href":"https:\/\/www.immobilienbusiness.ch\/fr\/wp-json\/wp\/v2\/product_cat?post=62658"},{"taxonomy":"product_tag","embeddable":true,"href":"https:\/\/www.immobilienbusiness.ch\/fr\/wp-json\/wp\/v2\/product_tag?post=62658"}],"curies":[{"name":"wp","href":"https:\/\/api.w.org\/{rel}","templated":true}]}}