{"id":60808,"date":"2024-09-24T10:51:33","date_gmt":"2024-09-24T08:51:33","guid":{"rendered":"https:\/\/www.immobilienbusiness.ch\/?post_type=product&#038;p=60808"},"modified":"2024-09-24T11:29:53","modified_gmt":"2024-09-24T09:29:53","slug":"swissproptech-report-2024-en","status":"publish","type":"product","link":"https:\/\/www.immobilienbusiness.ch\/fr\/product\/swissproptech-report-2024-en\/","title":{"rendered":"Rapport SwissPropTech 2024 EN"},"content":{"rendered":"<p>T\u00e9l\u00e9charger le <em>Rapport Swiss PropTech 2024<\/em> au format PDF et obtenir des informations exclusives sur l'industrie suisse des PropTech. Ce rapport annuel met en lumi\u00e8re les derni\u00e8res tendances et les d\u00e9fis, tels que la r\u00e9silience des PropTechs suisses face \u00e0 la hausse des taux d'int\u00e9r\u00eat et les difficult\u00e9s \u00e0 construire une base de client\u00e8le. Id\u00e9al pour les initi\u00e9s du secteur, les investisseurs et les professionnels de l'immobilier qui souhaitent rester inform\u00e9s.<\/p>\n<p><strong>Principaux points du rapport :<\/strong><\/p>\n<ul>\n<li>Impact des changements de taux d'int\u00e9r\u00eat sur les entreprises suisses de PropTech<\/li>\n<li>Les d\u00e9fis de l'acquisition de clients dans l'industrie PropTech<\/li>\n<li>R\u00e9sultats d\u00e9taill\u00e9s de l'enqu\u00eate et analyse pour 2024<\/li>\n<\/ul>","protected":false},"excerpt":{"rendered":"<p>Recevez la version anglaise du Swiss PropTech Report en t\u00e9l\u00e9chargement PDF.<\/p>","protected":false},"featured_media":60805,"template":"","meta":{"_acf_changed":false,"pgc_sgb_lightbox_settings":""},"product_brand":[],"product_cat":[921],"product_tag":[3558],"class_list":{"0":"post-60808","1":"product","2":"type-product","3":"status-publish","4":"has-post-thumbnail","6":"product_cat-einzelausgaben","7":"product_tag-3558","9":"first","10":"instock","11":"downloadable","12":"virtual","13":"taxable","14":"purchasable","15":"product-type-simple"},"acf":[],"yoast_head":"<!-- This site is optimized with the Yoast SEO plugin v27.4 - https:\/\/yoast.com\/product\/yoast-seo-wordpress\/ -->\n<title>SwissPropTech Report 2024 EN - IMMOBILIEN Business<\/title>\n<meta name=\"description\" content=\"The Swiss PropTech Report 2024 provides insights into the PropTech landscape, highlighting key trends such as the resilience of Swiss PropTechs amid rising interest rates and the challenge of building a strong customer base.\" \/>\n<meta name=\"robots\" content=\"index, follow, max-snippet:-1, max-image-preview:large, max-video-preview:-1\" \/>\n<link rel=\"canonical\" href=\"https:\/\/www.immobilienbusiness.ch\/fr\/product\/swissproptech-report-2024-en\/\" \/>\n<meta property=\"og:locale\" content=\"fr_FR\" \/>\n<meta property=\"og:type\" content=\"article\" \/>\n<meta property=\"og:title\" content=\"SwissPropTech Report 2024 EN - IMMOBILIEN Business\" \/>\n<meta property=\"og:description\" content=\"The Swiss PropTech Report 2024 provides insights into the PropTech landscape, highlighting key trends such as the resilience of Swiss PropTechs amid rising interest rates and the challenge of building a strong customer base.\" \/>\n<meta property=\"og:url\" content=\"https:\/\/www.immobilienbusiness.ch\/fr\/product\/swissproptech-report-2024-en\/\" \/>\n<meta property=\"og:site_name\" content=\"IMMOBILIEN Business\" \/>\n<meta property=\"article:publisher\" content=\"https:\/\/www.facebook.com\/immobilienbusiness\/\" \/>\n<meta property=\"article:modified_time\" content=\"2024-09-24T09:29:53+00:00\" \/>\n<meta property=\"og:image\" content=\"https:\/\/www.immobilienbusiness.ch\/wp-content\/uploads\/2024\/09\/SwissPropTech_Report_web_EN.png\" \/>\n\t<meta property=\"og:image:width\" content=\"654\" \/>\n\t<meta property=\"og:image:height\" content=\"370\" \/>\n\t<meta property=\"og:image:type\" content=\"image\/png\" \/>\n<meta name=\"twitter:card\" content=\"summary_large_image\" \/>\n<script type=\"application\/ld+json\" class=\"yoast-schema-graph\">{\"@context\":\"https:\\\/\\\/schema.org\",\"@graph\":[{\"@type\":\"WebPage\",\"@id\":\"https:\\\/\\\/www.immobilienbusiness.ch\\\/en\\\/product\\\/swissproptech-report-2024-en\\\/\",\"url\":\"https:\\\/\\\/www.immobilienbusiness.ch\\\/en\\\/product\\\/swissproptech-report-2024-en\\\/\",\"name\":\"SwissPropTech Report 2024 EN - IMMOBILIEN Business\",\"isPartOf\":{\"@id\":\"https:\\\/\\\/www.immobilienbusiness.ch\\\/#website\"},\"primaryImageOfPage\":{\"@id\":\"https:\\\/\\\/www.immobilienbusiness.ch\\\/en\\\/product\\\/swissproptech-report-2024-en\\\/#primaryimage\"},\"image\":{\"@id\":\"https:\\\/\\\/www.immobilienbusiness.ch\\\/en\\\/product\\\/swissproptech-report-2024-en\\\/#primaryimage\"},\"thumbnailUrl\":\"https:\\\/\\\/www.immobilienbusiness.ch\\\/wp-content\\\/uploads\\\/2024\\\/09\\\/SwissPropTech_Report_web_EN.png\",\"datePublished\":\"2024-09-24T08:51:33+00:00\",\"dateModified\":\"2024-09-24T09:29:53+00:00\",\"description\":\"The Swiss PropTech Report 2024 provides insights into the PropTech landscape, highlighting key trends such as the resilience of Swiss PropTechs amid rising interest rates and the challenge of building a strong customer base.\",\"breadcrumb\":{\"@id\":\"https:\\\/\\\/www.immobilienbusiness.ch\\\/en\\\/product\\\/swissproptech-report-2024-en\\\/#breadcrumb\"},\"inLanguage\":\"fr-FR\",\"potentialAction\":[{\"@type\":\"ReadAction\",\"target\":[\"https:\\\/\\\/www.immobilienbusiness.ch\\\/en\\\/product\\\/swissproptech-report-2024-en\\\/\"]}]},{\"@type\":\"ImageObject\",\"inLanguage\":\"fr-FR\",\"@id\":\"https:\\\/\\\/www.immobilienbusiness.ch\\\/en\\\/product\\\/swissproptech-report-2024-en\\\/#primaryimage\",\"url\":\"https:\\\/\\\/www.immobilienbusiness.ch\\\/wp-content\\\/uploads\\\/2024\\\/09\\\/SwissPropTech_Report_web_EN.png\",\"contentUrl\":\"https:\\\/\\\/www.immobilienbusiness.ch\\\/wp-content\\\/uploads\\\/2024\\\/09\\\/SwissPropTech_Report_web_EN.png\",\"width\":654,\"height\":370},{\"@type\":\"BreadcrumbList\",\"@id\":\"https:\\\/\\\/www.immobilienbusiness.ch\\\/en\\\/product\\\/swissproptech-report-2024-en\\\/#breadcrumb\",\"itemListElement\":[{\"@type\":\"ListItem\",\"position\":1,\"name\":\"Home\",\"item\":\"https:\\\/\\\/www.immobilienbusiness.ch\\\/\"},{\"@type\":\"ListItem\",\"position\":2,\"name\":\"Shop\",\"item\":\"https:\\\/\\\/www.immobilienbusiness.ch\\\/en\\\/shop\\\/\"},{\"@type\":\"ListItem\",\"position\":3,\"name\":\"SwissPropTech Report 2024 EN\"}]},{\"@type\":\"WebSite\",\"@id\":\"https:\\\/\\\/www.immobilienbusiness.ch\\\/#website\",\"url\":\"https:\\\/\\\/www.immobilienbusiness.ch\\\/\",\"name\":\"IMMOBILIEN Business\",\"description\":\"Unabh\u00e4ngiges Schweizer Wirtschaftsmagazin mit Fokus auf Immobilien, Architektur- und Bau sowie Investment- und Finanzierung.\",\"publisher\":{\"@id\":\"https:\\\/\\\/www.immobilienbusiness.ch\\\/#organization\"},\"potentialAction\":[{\"@type\":\"SearchAction\",\"target\":{\"@type\":\"EntryPoint\",\"urlTemplate\":\"https:\\\/\\\/www.immobilienbusiness.ch\\\/?s={search_term_string}\"},\"query-input\":{\"@type\":\"PropertyValueSpecification\",\"valueRequired\":true,\"valueName\":\"search_term_string\"}}],\"inLanguage\":\"fr-FR\"},{\"@type\":\"Organization\",\"@id\":\"https:\\\/\\\/www.immobilienbusiness.ch\\\/#organization\",\"name\":\"IMMOBILIEN Business\",\"url\":\"https:\\\/\\\/www.immobilienbusiness.ch\\\/\",\"logo\":{\"@type\":\"ImageObject\",\"inLanguage\":\"fr-FR\",\"@id\":\"https:\\\/\\\/www.immobilienbusiness.ch\\\/#\\\/schema\\\/logo\\\/image\\\/\",\"url\":\"https:\\\/\\\/www.immobilienbusiness.ch\\\/wp-content\\\/uploads\\\/2021\\\/07\\\/logo_ib.png\",\"contentUrl\":\"https:\\\/\\\/www.immobilienbusiness.ch\\\/wp-content\\\/uploads\\\/2021\\\/07\\\/logo_ib.png\",\"width\":800,\"height\":181,\"caption\":\"IMMOBILIEN Business\"},\"image\":{\"@id\":\"https:\\\/\\\/www.immobilienbusiness.ch\\\/#\\\/schema\\\/logo\\\/image\\\/\"},\"sameAs\":[\"https:\\\/\\\/www.facebook.com\\\/immobilienbusiness\\\/\"]}]}<\/script>\n<!-- \/ Yoast SEO plugin. -->","yoast_head_json":{"title":"Rapport SwissPropTech 2024 EN - IMMOBILIER Business","description":"Le Swiss PropTech Report 2024 fournit des informations sur le paysage des PropTech, en mettant en \u00e9vidence des tendances cl\u00e9s telles que la r\u00e9silience des PropTechs suisses face \u00e0 la hausse des taux d'int\u00e9r\u00eat et le d\u00e9fi de la construction d'une base de client\u00e8le solide.","robots":{"index":"index","follow":"follow","max-snippet":"max-snippet:-1","max-image-preview":"max-image-preview:large","max-video-preview":"max-video-preview:-1"},"canonical":"https:\/\/www.immobilienbusiness.ch\/fr\/product\/swissproptech-report-2024-en\/","og_locale":"fr_FR","og_type":"article","og_title":"SwissPropTech Report 2024 EN - IMMOBILIEN Business","og_description":"The Swiss PropTech Report 2024 provides insights into the PropTech landscape, highlighting key trends such as the resilience of Swiss PropTechs amid rising interest rates and the challenge of building a strong customer base.","og_url":"https:\/\/www.immobilienbusiness.ch\/fr\/product\/swissproptech-report-2024-en\/","og_site_name":"IMMOBILIEN Business","article_publisher":"https:\/\/www.facebook.com\/immobilienbusiness\/","article_modified_time":"2024-09-24T09:29:53+00:00","og_image":[{"width":654,"height":370,"url":"https:\/\/www.immobilienbusiness.ch\/wp-content\/uploads\/2024\/09\/SwissPropTech_Report_web_EN.png","type":"image\/png"}],"twitter_card":"summary_large_image","schema":{"@context":"https:\/\/schema.org","@graph":[{"@type":"WebPage","@id":"https:\/\/www.immobilienbusiness.ch\/en\/product\/swissproptech-report-2024-en\/","url":"https:\/\/www.immobilienbusiness.ch\/en\/product\/swissproptech-report-2024-en\/","name":"Rapport SwissPropTech 2024 EN - IMMOBILIER Business","isPartOf":{"@id":"https:\/\/www.immobilienbusiness.ch\/#website"},"primaryImageOfPage":{"@id":"https:\/\/www.immobilienbusiness.ch\/en\/product\/swissproptech-report-2024-en\/#primaryimage"},"image":{"@id":"https:\/\/www.immobilienbusiness.ch\/en\/product\/swissproptech-report-2024-en\/#primaryimage"},"thumbnailUrl":"https:\/\/www.immobilienbusiness.ch\/wp-content\/uploads\/2024\/09\/SwissPropTech_Report_web_EN.png","datePublished":"2024-09-24T08:51:33+00:00","dateModified":"2024-09-24T09:29:53+00:00","description":"Le Swiss PropTech Report 2024 fournit des informations sur le paysage des PropTech, en mettant en \u00e9vidence des tendances cl\u00e9s telles que la r\u00e9silience des PropTechs suisses face \u00e0 la hausse des taux d'int\u00e9r\u00eat et le d\u00e9fi de la construction d'une base de client\u00e8le solide.","breadcrumb":{"@id":"https:\/\/www.immobilienbusiness.ch\/en\/product\/swissproptech-report-2024-en\/#breadcrumb"},"inLanguage":"fr-FR","potentialAction":[{"@type":"ReadAction","target":["https:\/\/www.immobilienbusiness.ch\/en\/product\/swissproptech-report-2024-en\/"]}]},{"@type":"ImageObject","inLanguage":"fr-FR","@id":"https:\/\/www.immobilienbusiness.ch\/en\/product\/swissproptech-report-2024-en\/#primaryimage","url":"https:\/\/www.immobilienbusiness.ch\/wp-content\/uploads\/2024\/09\/SwissPropTech_Report_web_EN.png","contentUrl":"https:\/\/www.immobilienbusiness.ch\/wp-content\/uploads\/2024\/09\/SwissPropTech_Report_web_EN.png","width":654,"height":370},{"@type":"BreadcrumbList","@id":"https:\/\/www.immobilienbusiness.ch\/en\/product\/swissproptech-report-2024-en\/#breadcrumb","itemListElement":[{"@type":"ListItem","position":1,"name":"Home","item":"https:\/\/www.immobilienbusiness.ch\/"},{"@type":"ListItem","position":2,"name":"Shop","item":"https:\/\/www.immobilienbusiness.ch\/en\/shop\/"},{"@type":"ListItem","position":3,"name":"SwissPropTech Report 2024 EN"}]},{"@type":"WebSite","@id":"https:\/\/www.immobilienbusiness.ch\/#website","url":"https:\/\/www.immobilienbusiness.ch\/","name":"IMMOBILIER Business","description":"Magazine \u00e9conomique suisse ind\u00e9pendant ax\u00e9 sur l'immobilier, l'architecture et la construction ainsi que sur les investissements et le financement.","publisher":{"@id":"https:\/\/www.immobilienbusiness.ch\/#organization"},"potentialAction":[{"@type":"SearchAction","target":{"@type":"EntryPoint","urlTemplate":"https:\/\/www.immobilienbusiness.ch\/?s={search_term_string}"},"query-input":{"@type":"PropertyValueSpecification","valueRequired":true,"valueName":"search_term_string"}}],"inLanguage":"fr-FR"},{"@type":"Organization","@id":"https:\/\/www.immobilienbusiness.ch\/#organization","name":"IMMOBILIER Business","url":"https:\/\/www.immobilienbusiness.ch\/","logo":{"@type":"ImageObject","inLanguage":"fr-FR","@id":"https:\/\/www.immobilienbusiness.ch\/#\/schema\/logo\/image\/","url":"https:\/\/www.immobilienbusiness.ch\/wp-content\/uploads\/2021\/07\/logo_ib.png","contentUrl":"https:\/\/www.immobilienbusiness.ch\/wp-content\/uploads\/2021\/07\/logo_ib.png","width":800,"height":181,"caption":"IMMOBILIEN Business"},"image":{"@id":"https:\/\/www.immobilienbusiness.ch\/#\/schema\/logo\/image\/"},"sameAs":["https:\/\/www.facebook.com\/immobilienbusiness\/"]}]}},"_links":{"self":[{"href":"https:\/\/www.immobilienbusiness.ch\/fr\/wp-json\/wp\/v2\/product\/60808","targetHints":{"allow":["GET"]}}],"collection":[{"href":"https:\/\/www.immobilienbusiness.ch\/fr\/wp-json\/wp\/v2\/product"}],"about":[{"href":"https:\/\/www.immobilienbusiness.ch\/fr\/wp-json\/wp\/v2\/types\/product"}],"wp:featuredmedia":[{"embeddable":true,"href":"https:\/\/www.immobilienbusiness.ch\/fr\/wp-json\/wp\/v2\/media\/60805"}],"wp:attachment":[{"href":"https:\/\/www.immobilienbusiness.ch\/fr\/wp-json\/wp\/v2\/media?parent=60808"}],"wp:term":[{"taxonomy":"product_brand","embeddable":true,"href":"https:\/\/www.immobilienbusiness.ch\/fr\/wp-json\/wp\/v2\/product_brand?post=60808"},{"taxonomy":"product_cat","embeddable":true,"href":"https:\/\/www.immobilienbusiness.ch\/fr\/wp-json\/wp\/v2\/product_cat?post=60808"},{"taxonomy":"product_tag","embeddable":true,"href":"https:\/\/www.immobilienbusiness.ch\/fr\/wp-json\/wp\/v2\/product_tag?post=60808"}],"curies":[{"name":"wp","href":"https:\/\/api.w.org\/{rel}","templated":true}]}}