{"id":57511,"date":"2024-06-12T07:18:10","date_gmt":"2024-06-12T05:18:10","guid":{"rendered":"https:\/\/www.immobilienbusiness.ch\/?post_type=product&#038;p=57511"},"modified":"2026-02-17T15:56:39","modified_gmt":"2026-02-17T14:56:39","slug":"immobilien-business-ausgabe-06-2024","status":"publish","type":"product","link":"https:\/\/www.immobilienbusiness.ch\/fr\/product\/immobilien-business-ausgabe-06-2024\/","title":{"rendered":"Immobilien Business \u00c9dition 06\/2024"},"content":{"rendered":"<h3>Nouvelles<\/h3>\n<ul>\n<li>Zurich : la ville fait avancer le projet \"Marina Tiefenbrunnen<\/li>\n<li>Personnel : SIA<\/li>\n<li>La ville de Baden : Futura Vorsorge investit dans le site de M\u00fcllerbr\u00e4u<\/li>\n<li>La ville de Zweidlen : Le nouveau centre de donn\u00e9es entre en service<\/li>\n<li>Personnel : W\u00fcest Partner \/ Helvetia AST<\/li>\n<li>Aarau : planification test pour le site AEW<\/li>\n<li>Berthoud : nouveau quartier sur le Uferweg<\/li>\n<li>Personnel : Livit \/ H\u00e4lg Group<\/li>\n<li>Bienne : Omega pr\u00e9voit d'agrandir son campus<\/li>\n<li>Adelboden : plans pour un grand projet touristique<\/li>\n<li>Personnel : Feyn \/ Zurich Sotheby's International Realty<\/li>\n<li>Zizers : la Suva investit dans le nouveau si\u00e8ge de Fritz Landolt<\/li>\n<li>Coire : d\u00e9but de la construction du complexe scolaire et sportif \"Fortuna<\/li>\n<li>Personnel : ZHAW<\/li>\n<li>Vernier : un nouveau centre culturel pour Ch\u00e2telaine<\/li>\n<li>Bulle : Centre sportif r\u00e9gional pour La Gruy\u00e8re<\/li>\n<li>Impression<\/li>\n<\/ul>\n<h3>Tendances<\/h3>\n<ul>\n<li>SE DISPUTENT LES ZOOS<\/li>\n<li>L'h\u00f4tellerie d\u00e9couvre la g\u00e9n\u00e9ration Z comme groupe cible<\/li>\n<\/ul>\n<h3>March\u00e9s et investissements<\/h3>\n<ul>\n<li>\"UN V\u00c9RITABLE MARCH\u00c9 D'ACHETEURS\"<\/li>\n<li>Une fen\u00eatre d'opportunit\u00e9 s'ouvre en Allemagne pour les acquisitions<\/li>\n<\/ul>\n<h3>Titre Sujet<\/h3>\n<ul>\n<li>POINT D'INFLEXION ATTEINT<\/li>\n<li>Le boom du march\u00e9 de l'immobilier de vacances s'essouffle<\/li>\n<li>CHRONIQUE : DES BUREAUX VIDES, ET ALORS ?<\/li>\n<\/ul>\n<h3>Des r\u00e9gions<\/h3>\n<ul>\n<li>ESP\u00c9RONS LE TUNNEL<\/li>\n<li>Nouveaux plans pour Chiasso<\/li>\n<\/ul>\n<h3>Architecture et industrie du b\u00e2timent<\/h3>\n<ul>\n<li>FA\u00c7ADES SOUS TENSION<\/li>\n<li>Mesures contre le r\u00e9chauffement climatique<\/li>\n<\/ul>\n<h3>\u00c9v\u00e9nements<\/h3>\n<ul>\n<li>\"CRISE DU LOGEMENT - ET MAINTENANT ?\"<\/li>\n<li>Retour sur la 98e \u00e9dition des Entretiens suisses sur l'immobilier<\/li>\n<\/ul>\n<h3>Innovations<\/h3>\n<ul>\n<li>LA SCIENCE-FICTION DANS LE COURTAGE<\/li>\n<li>Gadgets num\u00e9riques pour le marketing immobilier<\/li>\n<\/ul>\n<h3>March\u00e9s financiers immobiliers<\/h3>\n<ul>\n<li>INTERVIEW DU MOIS : Paola Prioni, Fondation de placement Testina<\/li>\n<li>Espace Real Estate a enregistr\u00e9 une hausse de ses ventes : Augmentation significative des revenus locatifs<\/li>\n<li>Swiss Estates : d\u00e9saccord avec le r\u00e9viseur<\/li>\n<li>Z\u00fcblin Immobilien Holding : Un portefeuille stable<\/li>\n<li>Implenia : Nouveaux projets<\/li>\n<li>Dominic\u00e9 Swiss Property Fund : \u00e9mission en vue<\/li>\n<li>Swiss Life Swiss Property Fund : Achat de portefeuille pr\u00e9vu<\/li>\n<li>Patrimonium Urban Opportunity : croissance op\u00e9rationnelle<\/li>\n<li>UBS \"Sima\" : de l'argent frais<\/li>\n<li>Fonds Helvetica : r\u00e9duction du taux d'endettement<\/li>\n<li>Solvalor 61 : portefeuille \u00e9largi<\/li>\n<li>Helvetica Property Investors : des experts \u00e0 bord<\/li>\n<li>Patrimonium AST : actifs immobilis\u00e9s en l\u00e9g\u00e8re hausse<\/li>\n<li>Realstone AST : RIRS se porte acqu\u00e9reur<\/li>\n<li>Commentaire de march\u00e9 par Zoltan Szelyes<\/li>\n<li>SFP AST : demande de nouveaux capitaux<\/li>\n<li>Swiss Prime AST : le groupe de placement Logement poursuit sa croissance<\/li>\n<li>Akara Swiss Diversity PK : 12\u00e8me \u00e9mission<\/li>\n<li>Edmond de Rothschild REIM : Refinancement r\u00e9ussi<\/li>\n<li>Orascom Development Holding : image mitig\u00e9e<\/li>\n<li>Final Performer : PSP Swiss Property<\/li>\n<\/ul>\n<h3>Copropri\u00e9t\u00e9<\/h3>\n<ul>\n<li>LA CHALEUR GAGNE DU TERRAIN :<\/li>\n<li>Comment l'habitat \u00e9volue<\/li>\n<\/ul>","protected":false},"excerpt":{"rendered":"<p>Re\u00e7ois la revue sp\u00e9cialis\u00e9e de langue allemande \"Immobilien Business\" dans son num\u00e9ro 06\/2024 \u00e0 t\u00e9l\u00e9charger au format PDF avec la table des mati\u00e8res ci-dessous :<\/p>","protected":false},"featured_media":57514,"template":"","meta":{"_acf_changed":false,"pgc_sgb_lightbox_settings":""},"product_brand":[],"product_cat":[921],"product_tag":[3558],"class_list":{"0":"post-57511","1":"product","2":"type-product","3":"status-publish","4":"has-post-thumbnail","6":"product_cat-einzelausgaben","7":"product_tag-3558","9":"first","10":"instock","11":"downloadable","12":"virtual","13":"taxable","14":"purchasable","15":"product-type-simple"},"acf":[],"yoast_head":"<!-- This site is optimized with the Yoast SEO plugin v27.4 - https:\/\/yoast.com\/product\/yoast-seo-wordpress\/ -->\n<title>Immobilien Business Ausgabe 06\/2024 - IMMOBILIEN Business<\/title>\n<meta name=\"description\" content=\"Erhalte die deutschsprachige Fachzeitschrift \u00abImmobilien Business\u00bb in der Ausgabe 06\/2024 als PDF-Download mit nachfolgendem Inhaltsverzeichnis:\" \/>\n<meta name=\"robots\" content=\"index, follow, max-snippet:-1, max-image-preview:large, max-video-preview:-1\" \/>\n<link rel=\"canonical\" href=\"https:\/\/www.immobilienbusiness.ch\/fr\/product\/immobilien-business-ausgabe-06-2024\/\" \/>\n<meta property=\"og:locale\" content=\"fr_FR\" \/>\n<meta property=\"og:type\" content=\"article\" \/>\n<meta property=\"og:title\" content=\"Immobilien Business Ausgabe 06\/2024 - IMMOBILIEN Business\" \/>\n<meta property=\"og:description\" content=\"Erhalte die deutschsprachige Fachzeitschrift \u00abImmobilien Business\u00bb in der Ausgabe 06\/2024 als PDF-Download mit nachfolgendem Inhaltsverzeichnis:\" \/>\n<meta property=\"og:url\" content=\"https:\/\/www.immobilienbusiness.ch\/fr\/product\/immobilien-business-ausgabe-06-2024\/\" \/>\n<meta property=\"og:site_name\" content=\"IMMOBILIEN Business\" \/>\n<meta property=\"article:publisher\" content=\"https:\/\/www.facebook.com\/immobilienbusiness\/\" \/>\n<meta property=\"article:modified_time\" content=\"2026-02-17T14:56:39+00:00\" \/>\n<meta property=\"og:image\" content=\"https:\/\/www.immobilienbusiness.ch\/wp-content\/uploads\/2024\/06\/Immobilien-Business_2024_06.png\" \/>\n\t<meta property=\"og:image:width\" content=\"1200\" \/>\n\t<meta property=\"og:image:height\" content=\"680\" \/>\n\t<meta property=\"og:image:type\" content=\"image\/png\" \/>\n<meta name=\"twitter:card\" content=\"summary_large_image\" \/>\n<script type=\"application\/ld+json\" class=\"yoast-schema-graph\">{\"@context\":\"https:\\\/\\\/schema.org\",\"@graph\":[{\"@type\":\"WebPage\",\"@id\":\"https:\\\/\\\/www.immobilienbusiness.ch\\\/produkt\\\/immobilien-business-ausgabe-06-2024\\\/\",\"url\":\"https:\\\/\\\/www.immobilienbusiness.ch\\\/produkt\\\/immobilien-business-ausgabe-06-2024\\\/\",\"name\":\"Immobilien Business Ausgabe 06\\\/2024 - IMMOBILIEN Business\",\"isPartOf\":{\"@id\":\"https:\\\/\\\/www.immobilienbusiness.ch\\\/#website\"},\"primaryImageOfPage\":{\"@id\":\"https:\\\/\\\/www.immobilienbusiness.ch\\\/produkt\\\/immobilien-business-ausgabe-06-2024\\\/#primaryimage\"},\"image\":{\"@id\":\"https:\\\/\\\/www.immobilienbusiness.ch\\\/produkt\\\/immobilien-business-ausgabe-06-2024\\\/#primaryimage\"},\"thumbnailUrl\":\"https:\\\/\\\/www.immobilienbusiness.ch\\\/wp-content\\\/uploads\\\/2024\\\/06\\\/Immobilien-Business_2024_06.png\",\"datePublished\":\"2024-06-12T05:18:10+00:00\",\"dateModified\":\"2026-02-17T14:56:39+00:00\",\"description\":\"Erhalte die deutschsprachige Fachzeitschrift \u00abImmobilien Business\u00bb in der Ausgabe 06\\\/2024 als PDF-Download mit nachfolgendem Inhaltsverzeichnis:\",\"breadcrumb\":{\"@id\":\"https:\\\/\\\/www.immobilienbusiness.ch\\\/produkt\\\/immobilien-business-ausgabe-06-2024\\\/#breadcrumb\"},\"inLanguage\":\"fr-FR\",\"potentialAction\":[{\"@type\":\"ReadAction\",\"target\":[\"https:\\\/\\\/www.immobilienbusiness.ch\\\/produkt\\\/immobilien-business-ausgabe-06-2024\\\/\"]}]},{\"@type\":\"ImageObject\",\"inLanguage\":\"fr-FR\",\"@id\":\"https:\\\/\\\/www.immobilienbusiness.ch\\\/produkt\\\/immobilien-business-ausgabe-06-2024\\\/#primaryimage\",\"url\":\"https:\\\/\\\/www.immobilienbusiness.ch\\\/wp-content\\\/uploads\\\/2024\\\/06\\\/Immobilien-Business_2024_06.png\",\"contentUrl\":\"https:\\\/\\\/www.immobilienbusiness.ch\\\/wp-content\\\/uploads\\\/2024\\\/06\\\/Immobilien-Business_2024_06.png\",\"width\":1200,\"height\":680},{\"@type\":\"BreadcrumbList\",\"@id\":\"https:\\\/\\\/www.immobilienbusiness.ch\\\/produkt\\\/immobilien-business-ausgabe-06-2024\\\/#breadcrumb\",\"itemListElement\":[{\"@type\":\"ListItem\",\"position\":1,\"name\":\"Home\",\"item\":\"https:\\\/\\\/www.immobilienbusiness.ch\\\/\"},{\"@type\":\"ListItem\",\"position\":2,\"name\":\"Shop\",\"item\":\"https:\\\/\\\/www.immobilienbusiness.ch\\\/en\\\/shop\\\/\"},{\"@type\":\"ListItem\",\"position\":3,\"name\":\"Immobilien Business Ausgabe 06\\\/2024\"}]},{\"@type\":\"WebSite\",\"@id\":\"https:\\\/\\\/www.immobilienbusiness.ch\\\/#website\",\"url\":\"https:\\\/\\\/www.immobilienbusiness.ch\\\/\",\"name\":\"IMMOBILIEN Business\",\"description\":\"Unabh\u00e4ngiges Schweizer Wirtschaftsmagazin mit Fokus auf Immobilien, Architektur- und Bau sowie Investment- und Finanzierung.\",\"publisher\":{\"@id\":\"https:\\\/\\\/www.immobilienbusiness.ch\\\/#organization\"},\"potentialAction\":[{\"@type\":\"SearchAction\",\"target\":{\"@type\":\"EntryPoint\",\"urlTemplate\":\"https:\\\/\\\/www.immobilienbusiness.ch\\\/?s={search_term_string}\"},\"query-input\":{\"@type\":\"PropertyValueSpecification\",\"valueRequired\":true,\"valueName\":\"search_term_string\"}}],\"inLanguage\":\"fr-FR\"},{\"@type\":\"Organization\",\"@id\":\"https:\\\/\\\/www.immobilienbusiness.ch\\\/#organization\",\"name\":\"IMMOBILIEN Business\",\"url\":\"https:\\\/\\\/www.immobilienbusiness.ch\\\/\",\"logo\":{\"@type\":\"ImageObject\",\"inLanguage\":\"fr-FR\",\"@id\":\"https:\\\/\\\/www.immobilienbusiness.ch\\\/#\\\/schema\\\/logo\\\/image\\\/\",\"url\":\"https:\\\/\\\/www.immobilienbusiness.ch\\\/wp-content\\\/uploads\\\/2021\\\/07\\\/logo_ib.png\",\"contentUrl\":\"https:\\\/\\\/www.immobilienbusiness.ch\\\/wp-content\\\/uploads\\\/2021\\\/07\\\/logo_ib.png\",\"width\":800,\"height\":181,\"caption\":\"IMMOBILIEN Business\"},\"image\":{\"@id\":\"https:\\\/\\\/www.immobilienbusiness.ch\\\/#\\\/schema\\\/logo\\\/image\\\/\"},\"sameAs\":[\"https:\\\/\\\/www.facebook.com\\\/immobilienbusiness\\\/\"]}]}<\/script>\n<!-- \/ Yoast SEO plugin. -->","yoast_head_json":{"title":"Immobilien Business \u00e9dition 06\/2024 - IMMOBILIER Business","description":"Re\u00e7ois la revue sp\u00e9cialis\u00e9e de langue allemande \"Immobilien Business\" dans son num\u00e9ro 06\/2024 \u00e0 t\u00e9l\u00e9charger au format PDF avec la table des mati\u00e8res ci-dessous :","robots":{"index":"index","follow":"follow","max-snippet":"max-snippet:-1","max-image-preview":"max-image-preview:large","max-video-preview":"max-video-preview:-1"},"canonical":"https:\/\/www.immobilienbusiness.ch\/fr\/product\/immobilien-business-ausgabe-06-2024\/","og_locale":"fr_FR","og_type":"article","og_title":"Immobilien Business Ausgabe 06\/2024 - IMMOBILIEN Business","og_description":"Erhalte die deutschsprachige Fachzeitschrift \u00abImmobilien Business\u00bb in der Ausgabe 06\/2024 als PDF-Download mit nachfolgendem Inhaltsverzeichnis:","og_url":"https:\/\/www.immobilienbusiness.ch\/fr\/product\/immobilien-business-ausgabe-06-2024\/","og_site_name":"IMMOBILIEN Business","article_publisher":"https:\/\/www.facebook.com\/immobilienbusiness\/","article_modified_time":"2026-02-17T14:56:39+00:00","og_image":[{"width":1200,"height":680,"url":"https:\/\/www.immobilienbusiness.ch\/wp-content\/uploads\/2024\/06\/Immobilien-Business_2024_06.png","type":"image\/png"}],"twitter_card":"summary_large_image","schema":{"@context":"https:\/\/schema.org","@graph":[{"@type":"WebPage","@id":"https:\/\/www.immobilienbusiness.ch\/produkt\/immobilien-business-ausgabe-06-2024\/","url":"https:\/\/www.immobilienbusiness.ch\/produkt\/immobilien-business-ausgabe-06-2024\/","name":"Immobilien Business \u00e9dition 06\/2024 - IMMOBILIER Business","isPartOf":{"@id":"https:\/\/www.immobilienbusiness.ch\/#website"},"primaryImageOfPage":{"@id":"https:\/\/www.immobilienbusiness.ch\/produkt\/immobilien-business-ausgabe-06-2024\/#primaryimage"},"image":{"@id":"https:\/\/www.immobilienbusiness.ch\/produkt\/immobilien-business-ausgabe-06-2024\/#primaryimage"},"thumbnailUrl":"https:\/\/www.immobilienbusiness.ch\/wp-content\/uploads\/2024\/06\/Immobilien-Business_2024_06.png","datePublished":"2024-06-12T05:18:10+00:00","dateModified":"2026-02-17T14:56:39+00:00","description":"Re\u00e7ois la revue sp\u00e9cialis\u00e9e de langue allemande \"Immobilien Business\" dans son num\u00e9ro 06\/2024 \u00e0 t\u00e9l\u00e9charger au format PDF avec la table des mati\u00e8res ci-dessous :","breadcrumb":{"@id":"https:\/\/www.immobilienbusiness.ch\/produkt\/immobilien-business-ausgabe-06-2024\/#breadcrumb"},"inLanguage":"fr-FR","potentialAction":[{"@type":"ReadAction","target":["https:\/\/www.immobilienbusiness.ch\/produkt\/immobilien-business-ausgabe-06-2024\/"]}]},{"@type":"ImageObject","inLanguage":"fr-FR","@id":"https:\/\/www.immobilienbusiness.ch\/produkt\/immobilien-business-ausgabe-06-2024\/#primaryimage","url":"https:\/\/www.immobilienbusiness.ch\/wp-content\/uploads\/2024\/06\/Immobilien-Business_2024_06.png","contentUrl":"https:\/\/www.immobilienbusiness.ch\/wp-content\/uploads\/2024\/06\/Immobilien-Business_2024_06.png","width":1200,"height":680},{"@type":"BreadcrumbList","@id":"https:\/\/www.immobilienbusiness.ch\/produkt\/immobilien-business-ausgabe-06-2024\/#breadcrumb","itemListElement":[{"@type":"ListItem","position":1,"name":"Home","item":"https:\/\/www.immobilienbusiness.ch\/"},{"@type":"ListItem","position":2,"name":"Shop","item":"https:\/\/www.immobilienbusiness.ch\/en\/shop\/"},{"@type":"ListItem","position":3,"name":"Immobilien Business Ausgabe 06\/2024"}]},{"@type":"WebSite","@id":"https:\/\/www.immobilienbusiness.ch\/#website","url":"https:\/\/www.immobilienbusiness.ch\/","name":"IMMOBILIER Business","description":"Magazine \u00e9conomique suisse ind\u00e9pendant ax\u00e9 sur l'immobilier, l'architecture et la construction ainsi que sur les investissements et le financement.","publisher":{"@id":"https:\/\/www.immobilienbusiness.ch\/#organization"},"potentialAction":[{"@type":"SearchAction","target":{"@type":"EntryPoint","urlTemplate":"https:\/\/www.immobilienbusiness.ch\/?s={search_term_string}"},"query-input":{"@type":"PropertyValueSpecification","valueRequired":true,"valueName":"search_term_string"}}],"inLanguage":"fr-FR"},{"@type":"Organization","@id":"https:\/\/www.immobilienbusiness.ch\/#organization","name":"IMMOBILIER Business","url":"https:\/\/www.immobilienbusiness.ch\/","logo":{"@type":"ImageObject","inLanguage":"fr-FR","@id":"https:\/\/www.immobilienbusiness.ch\/#\/schema\/logo\/image\/","url":"https:\/\/www.immobilienbusiness.ch\/wp-content\/uploads\/2021\/07\/logo_ib.png","contentUrl":"https:\/\/www.immobilienbusiness.ch\/wp-content\/uploads\/2021\/07\/logo_ib.png","width":800,"height":181,"caption":"IMMOBILIEN Business"},"image":{"@id":"https:\/\/www.immobilienbusiness.ch\/#\/schema\/logo\/image\/"},"sameAs":["https:\/\/www.facebook.com\/immobilienbusiness\/"]}]}},"_links":{"self":[{"href":"https:\/\/www.immobilienbusiness.ch\/fr\/wp-json\/wp\/v2\/product\/57511","targetHints":{"allow":["GET"]}}],"collection":[{"href":"https:\/\/www.immobilienbusiness.ch\/fr\/wp-json\/wp\/v2\/product"}],"about":[{"href":"https:\/\/www.immobilienbusiness.ch\/fr\/wp-json\/wp\/v2\/types\/product"}],"wp:featuredmedia":[{"embeddable":true,"href":"https:\/\/www.immobilienbusiness.ch\/fr\/wp-json\/wp\/v2\/media\/57514"}],"wp:attachment":[{"href":"https:\/\/www.immobilienbusiness.ch\/fr\/wp-json\/wp\/v2\/media?parent=57511"}],"wp:term":[{"taxonomy":"product_brand","embeddable":true,"href":"https:\/\/www.immobilienbusiness.ch\/fr\/wp-json\/wp\/v2\/product_brand?post=57511"},{"taxonomy":"product_cat","embeddable":true,"href":"https:\/\/www.immobilienbusiness.ch\/fr\/wp-json\/wp\/v2\/product_cat?post=57511"},{"taxonomy":"product_tag","embeddable":true,"href":"https:\/\/www.immobilienbusiness.ch\/fr\/wp-json\/wp\/v2\/product_tag?post=57511"}],"curies":[{"name":"wp","href":"https:\/\/api.w.org\/{rel}","templated":true}]}}