{"id":56531,"date":"2024-04-11T00:01:59","date_gmt":"2024-04-10T22:01:59","guid":{"rendered":"https:\/\/www.immobilienbusiness.ch\/?post_type=product&#038;p=56531"},"modified":"2026-02-17T15:56:39","modified_gmt":"2026-02-17T14:56:39","slug":"immobilien-business-ausgabe-04-2024","status":"publish","type":"product","link":"https:\/\/www.immobilienbusiness.ch\/fr\/product\/immobilien-business-ausgabe-04-2024\/","title":{"rendered":"Immobilien Business \u00c9dition 04\/2024"},"content":{"rendered":"<h3>Nouvelles<\/h3>\n<ul>\n<li>Zurich : pose de la premi\u00e8re pierre de la tour d'habitation Alto<\/li>\n<li>Zurich : nouveau locataire pour le 65 de la Bahnhofstrasse<\/li>\n<li>Personnel : Allreal Holding AG<\/li>\n<li>Menziken : une \"porte de l'avenir\" au centre<\/li>\n<li>Personnel : Privera AG ; Wincasa AG<\/li>\n<li>Berne : Habiter avec une vue d'ensemble<\/li>\n<li>Berne : nouvel investisseur pour le Viererfeld<\/li>\n<li>Personnel : Alpha IC Schweiz AG ; Itoba GmbH<\/li>\n<li>Schaffhouse : Un grand locataire pour le Landhaus<\/li>\n<li>Soleure : le canton pr\u00e9voit de construire son propre b\u00e2timent administratif<\/li>\n<li>Personnel : Pensimo<\/li>\n<li>Lucerne : pose de la premi\u00e8re pierre du projet Lou<\/li>\n<li>Chr\u00fczmatt-Hitzkirch : le projet St\u00f6cklimatt avance<\/li>\n<li>Personnel : Strotbek Capital Partners AG<\/li>\n<li>B\u00e2le : r\u00e9ouverture d'un h\u00f4tel de tradition avec self-check-in<\/li>\n<li>B\u00e2le : un lifting pour le Clarahuus<\/li>\n<li>Impression<\/li>\n<\/ul>\n<h3>Tendances<\/h3>\n<ul>\n<li>PERLES PR\u00c9CIEUSES<\/li>\n<li>La demande en immobilier de sant\u00e9 augmente<\/li>\n<li>LE CLIMAT S'AM\u00c9LIORE<\/li>\n<li>Retour de la dynamique sur le march\u00e9 suisse des transactions<\/li>\n<li>INTERVIEW : Gregor Strocka, JLL Suisse<\/li>\n<\/ul>\n<h3>March\u00e9s et investissements<\/h3>\n<ul>\n<li>MARCH\u00c9 R\u00c9SILIENT<\/li>\n<li>En Suisse, les affaires immobili\u00e8res continuent de tourner rond<\/li>\n<li>COLLECTION<\/li>\n<li>Si le march\u00e9 est diff\u00e9rent, l'agent immobilier l'est aussi<\/li>\n<\/ul>\n<h3>Titre Sujet<\/h3>\n<ul>\n<li>KI : LA GRANDE DISRUPTION IMMOBILI\u00c8RE ?<\/li>\n<li>L'intelligence artificielle transforme le secteur immobilier<\/li>\n<\/ul>\n<h3>Des r\u00e9gions<\/h3>\n<ul>\n<li>TRIPTYQUE VISUEL<\/li>\n<li>Le march\u00e9 des bureaux de B\u00e2le sous la loupe<\/li>\n<li>GRAND CHANTIER<\/li>\n<li>Une nouvelle gare de passage pour Lucerne<\/li>\n<\/ul>\n<h3>\u00c9v\u00e9nements<\/h3>\n<ul>\n<li>UN SALON DES EXTR\u00caMES<\/li>\n<li>Impressions du Mipim 2024<\/li>\n<li>LOGISTIQUE DU FUTUR<\/li>\n<li>Prix Mipim pour un immeuble logistique pr\u00e8s de Tokyo<\/li>\n<li>R\u00c9NOVER OU NE PAS R\u00c9NOVER ?<\/li>\n<li>Retour sur la 96e \u00e9dition des Entretiens suisses sur l'immobilier<\/li>\n<\/ul>\n<h3>March\u00e9s \u00e9trangers<\/h3>\n<ul>\n<li>OPPORTUNIT\u00c9S ET PI\u00c8GES<\/li>\n<li>Regard sur les march\u00e9s immobiliers australiens<\/li>\n<\/ul>\n<h3>March\u00e9s financiers immobiliers<\/h3>\n<ul>\n<li>INTERVIEW DU MOIS : Stefan Fahrl\u00e4nder, FPRE, et Stephan Kloess, CRE<\/li>\n<li>PSP Swiss Property SA : nette augmentation des revenus immobiliers<\/li>\n<li>Allreal Holding AG : B\u00e9n\u00e9fice en baisse<\/li>\n<li>Amagvik AG : introduction en bourse r\u00e9ussie<\/li>\n<li>Plazza AG : Le portefeuille franchit la barre du milliard de francs suisses<\/li>\n<li>Espace Real Estate Holding AG : Augmentation du dividende<\/li>\n<li>Hiag Immobilien Holding AG : Perspectives positives<\/li>\n<li>CS Ref Green Property, Hospitality et Livingplus : am\u00e9lioration de la performance<\/li>\n<li>Dominic\u00e9 Swiss Property Fund : de l'argent frais<\/li>\n<li>La Fonci\u00e8re : \u00e9mission en juin<\/li>\n<li>Swiss Prime Site AG : Acquisition de la branche immobili\u00e8re Fundamenta<\/li>\n<li>Helvetica Properties AG : nouveau pr\u00e9sident du CA<\/li>\n<li>1291 La Fondation suisse d'investissement : \"Ehden Parc\" \u00e0 Bussigny enti\u00e8rement lou\u00e9<\/li>\n<li>Swiss Finance &amp; Property Group AG \/ Redevco B.V. : Nouvelle coentreprise pour les \"Next Gen Stays<\/li>\n<li>Orascom Development Holding AG : Raphael Krucker nouveau CEO Lu\u0161tica Bay<\/li>\n<li>Credit Suisse Real Estate Fund International : \"Ajustement marqu\u00e9 de l'\u00e9valuation\".<\/li>\n<li>Final Performer : Mirabaud Asset Management Suisse SA<\/li>\n<\/ul>\n<h3>Copropri\u00e9t\u00e9<\/h3>\n<ul>\n<li>Pourquoi les r\u00e9sidences secondaires sont plus ch\u00e8res que jamais<\/li>\n<\/ul>","protected":false},"excerpt":{"rendered":"<p>Re\u00e7ois la revue sp\u00e9cialis\u00e9e de langue allemande \"Immobilien Business\" dans son num\u00e9ro 04\/2024 \u00e0 t\u00e9l\u00e9charger au format PDF avec la table des mati\u00e8res ci-dessous :<\/p>","protected":false},"featured_media":56532,"template":"","meta":{"_acf_changed":false,"pgc_sgb_lightbox_settings":""},"product_brand":[],"product_cat":[921],"product_tag":[3558],"class_list":{"0":"post-56531","1":"product","2":"type-product","3":"status-publish","4":"has-post-thumbnail","6":"product_cat-einzelausgaben","7":"product_tag-3558","9":"first","10":"instock","11":"downloadable","12":"taxable","13":"shipping-taxable","14":"purchasable","15":"product-type-simple"},"acf":[],"yoast_head":"<!-- This site is optimized with the Yoast SEO plugin v27.4 - https:\/\/yoast.com\/product\/yoast-seo-wordpress\/ -->\n<title>Immobilien Business Ausgabe 04\/2024 - IMMOBILIEN Business<\/title>\n<meta name=\"description\" content=\"Erhalte die deutschsprachige Fachzeitschrift \u00abImmobilien Business\u00bb in der Ausgabe 04\/2024 als PDF-Download mit nachfolgendem Inhaltsverzeichnis:\" \/>\n<meta name=\"robots\" content=\"index, follow, max-snippet:-1, max-image-preview:large, max-video-preview:-1\" \/>\n<link rel=\"canonical\" href=\"https:\/\/www.immobilienbusiness.ch\/fr\/product\/immobilien-business-ausgabe-04-2024\/\" \/>\n<meta property=\"og:locale\" content=\"fr_FR\" \/>\n<meta property=\"og:type\" content=\"article\" \/>\n<meta property=\"og:title\" content=\"Immobilien Business Ausgabe 04\/2024 - IMMOBILIEN Business\" \/>\n<meta property=\"og:description\" content=\"Erhalte die deutschsprachige Fachzeitschrift \u00abImmobilien Business\u00bb in der Ausgabe 04\/2024 als PDF-Download mit nachfolgendem Inhaltsverzeichnis:\" \/>\n<meta property=\"og:url\" content=\"https:\/\/www.immobilienbusiness.ch\/fr\/product\/immobilien-business-ausgabe-04-2024\/\" \/>\n<meta property=\"og:site_name\" content=\"IMMOBILIEN Business\" \/>\n<meta property=\"article:publisher\" content=\"https:\/\/www.facebook.com\/immobilienbusiness\/\" \/>\n<meta property=\"article:modified_time\" content=\"2026-02-17T14:56:39+00:00\" \/>\n<meta property=\"og:image\" content=\"https:\/\/www.immobilienbusiness.ch\/wp-content\/uploads\/2024\/03\/immobilienbusiness_04_24_cover.png\" \/>\n\t<meta property=\"og:image:width\" content=\"1200\" \/>\n\t<meta property=\"og:image:height\" content=\"680\" \/>\n\t<meta property=\"og:image:type\" content=\"image\/png\" \/>\n<meta name=\"twitter:card\" content=\"summary_large_image\" \/>\n<script type=\"application\/ld+json\" class=\"yoast-schema-graph\">{\"@context\":\"https:\\\/\\\/schema.org\",\"@graph\":[{\"@type\":\"WebPage\",\"@id\":\"https:\\\/\\\/www.immobilienbusiness.ch\\\/produkt\\\/immobilien-business-ausgabe-04-2024\\\/\",\"url\":\"https:\\\/\\\/www.immobilienbusiness.ch\\\/produkt\\\/immobilien-business-ausgabe-04-2024\\\/\",\"name\":\"Immobilien Business Ausgabe 04\\\/2024 - IMMOBILIEN Business\",\"isPartOf\":{\"@id\":\"https:\\\/\\\/www.immobilienbusiness.ch\\\/#website\"},\"primaryImageOfPage\":{\"@id\":\"https:\\\/\\\/www.immobilienbusiness.ch\\\/produkt\\\/immobilien-business-ausgabe-04-2024\\\/#primaryimage\"},\"image\":{\"@id\":\"https:\\\/\\\/www.immobilienbusiness.ch\\\/produkt\\\/immobilien-business-ausgabe-04-2024\\\/#primaryimage\"},\"thumbnailUrl\":\"https:\\\/\\\/www.immobilienbusiness.ch\\\/wp-content\\\/uploads\\\/2024\\\/03\\\/immobilienbusiness_04_24_cover.png\",\"datePublished\":\"2024-04-10T22:01:59+00:00\",\"dateModified\":\"2026-02-17T14:56:39+00:00\",\"description\":\"Erhalte die deutschsprachige Fachzeitschrift \u00abImmobilien Business\u00bb in der Ausgabe 04\\\/2024 als PDF-Download mit nachfolgendem Inhaltsverzeichnis:\",\"breadcrumb\":{\"@id\":\"https:\\\/\\\/www.immobilienbusiness.ch\\\/produkt\\\/immobilien-business-ausgabe-04-2024\\\/#breadcrumb\"},\"inLanguage\":\"fr-FR\",\"potentialAction\":[{\"@type\":\"ReadAction\",\"target\":[\"https:\\\/\\\/www.immobilienbusiness.ch\\\/produkt\\\/immobilien-business-ausgabe-04-2024\\\/\"]}]},{\"@type\":\"ImageObject\",\"inLanguage\":\"fr-FR\",\"@id\":\"https:\\\/\\\/www.immobilienbusiness.ch\\\/produkt\\\/immobilien-business-ausgabe-04-2024\\\/#primaryimage\",\"url\":\"https:\\\/\\\/www.immobilienbusiness.ch\\\/wp-content\\\/uploads\\\/2024\\\/03\\\/immobilienbusiness_04_24_cover.png\",\"contentUrl\":\"https:\\\/\\\/www.immobilienbusiness.ch\\\/wp-content\\\/uploads\\\/2024\\\/03\\\/immobilienbusiness_04_24_cover.png\",\"width\":1200,\"height\":680},{\"@type\":\"BreadcrumbList\",\"@id\":\"https:\\\/\\\/www.immobilienbusiness.ch\\\/produkt\\\/immobilien-business-ausgabe-04-2024\\\/#breadcrumb\",\"itemListElement\":[{\"@type\":\"ListItem\",\"position\":1,\"name\":\"Home\",\"item\":\"https:\\\/\\\/www.immobilienbusiness.ch\\\/\"},{\"@type\":\"ListItem\",\"position\":2,\"name\":\"Shop\",\"item\":\"https:\\\/\\\/www.immobilienbusiness.ch\\\/en\\\/shop\\\/\"},{\"@type\":\"ListItem\",\"position\":3,\"name\":\"Immobilien Business Ausgabe 04\\\/2024\"}]},{\"@type\":\"WebSite\",\"@id\":\"https:\\\/\\\/www.immobilienbusiness.ch\\\/#website\",\"url\":\"https:\\\/\\\/www.immobilienbusiness.ch\\\/\",\"name\":\"IMMOBILIEN Business\",\"description\":\"Unabh\u00e4ngiges Schweizer Wirtschaftsmagazin mit Fokus auf Immobilien, Architektur- und Bau sowie Investment- und Finanzierung.\",\"publisher\":{\"@id\":\"https:\\\/\\\/www.immobilienbusiness.ch\\\/#organization\"},\"potentialAction\":[{\"@type\":\"SearchAction\",\"target\":{\"@type\":\"EntryPoint\",\"urlTemplate\":\"https:\\\/\\\/www.immobilienbusiness.ch\\\/?s={search_term_string}\"},\"query-input\":{\"@type\":\"PropertyValueSpecification\",\"valueRequired\":true,\"valueName\":\"search_term_string\"}}],\"inLanguage\":\"fr-FR\"},{\"@type\":\"Organization\",\"@id\":\"https:\\\/\\\/www.immobilienbusiness.ch\\\/#organization\",\"name\":\"IMMOBILIEN Business\",\"url\":\"https:\\\/\\\/www.immobilienbusiness.ch\\\/\",\"logo\":{\"@type\":\"ImageObject\",\"inLanguage\":\"fr-FR\",\"@id\":\"https:\\\/\\\/www.immobilienbusiness.ch\\\/#\\\/schema\\\/logo\\\/image\\\/\",\"url\":\"https:\\\/\\\/www.immobilienbusiness.ch\\\/wp-content\\\/uploads\\\/2021\\\/07\\\/logo_ib.png\",\"contentUrl\":\"https:\\\/\\\/www.immobilienbusiness.ch\\\/wp-content\\\/uploads\\\/2021\\\/07\\\/logo_ib.png\",\"width\":800,\"height\":181,\"caption\":\"IMMOBILIEN Business\"},\"image\":{\"@id\":\"https:\\\/\\\/www.immobilienbusiness.ch\\\/#\\\/schema\\\/logo\\\/image\\\/\"},\"sameAs\":[\"https:\\\/\\\/www.facebook.com\\\/immobilienbusiness\\\/\"]}]}<\/script>\n<!-- \/ Yoast SEO plugin. -->","yoast_head_json":{"title":"Immobilien Business \u00e9dition 04\/2024 - IMMOBILIER Business","description":"Re\u00e7ois la revue sp\u00e9cialis\u00e9e de langue allemande \"Immobilien Business\" dans son num\u00e9ro 04\/2024 \u00e0 t\u00e9l\u00e9charger au format PDF avec la table des mati\u00e8res ci-dessous :","robots":{"index":"index","follow":"follow","max-snippet":"max-snippet:-1","max-image-preview":"max-image-preview:large","max-video-preview":"max-video-preview:-1"},"canonical":"https:\/\/www.immobilienbusiness.ch\/fr\/product\/immobilien-business-ausgabe-04-2024\/","og_locale":"fr_FR","og_type":"article","og_title":"Immobilien Business Ausgabe 04\/2024 - IMMOBILIEN Business","og_description":"Erhalte die deutschsprachige Fachzeitschrift \u00abImmobilien Business\u00bb in der Ausgabe 04\/2024 als PDF-Download mit nachfolgendem Inhaltsverzeichnis:","og_url":"https:\/\/www.immobilienbusiness.ch\/fr\/product\/immobilien-business-ausgabe-04-2024\/","og_site_name":"IMMOBILIEN Business","article_publisher":"https:\/\/www.facebook.com\/immobilienbusiness\/","article_modified_time":"2026-02-17T14:56:39+00:00","og_image":[{"width":1200,"height":680,"url":"https:\/\/www.immobilienbusiness.ch\/wp-content\/uploads\/2024\/03\/immobilienbusiness_04_24_cover.png","type":"image\/png"}],"twitter_card":"summary_large_image","schema":{"@context":"https:\/\/schema.org","@graph":[{"@type":"WebPage","@id":"https:\/\/www.immobilienbusiness.ch\/produkt\/immobilien-business-ausgabe-04-2024\/","url":"https:\/\/www.immobilienbusiness.ch\/produkt\/immobilien-business-ausgabe-04-2024\/","name":"Immobilien Business \u00e9dition 04\/2024 - IMMOBILIER Business","isPartOf":{"@id":"https:\/\/www.immobilienbusiness.ch\/#website"},"primaryImageOfPage":{"@id":"https:\/\/www.immobilienbusiness.ch\/produkt\/immobilien-business-ausgabe-04-2024\/#primaryimage"},"image":{"@id":"https:\/\/www.immobilienbusiness.ch\/produkt\/immobilien-business-ausgabe-04-2024\/#primaryimage"},"thumbnailUrl":"https:\/\/www.immobilienbusiness.ch\/wp-content\/uploads\/2024\/03\/immobilienbusiness_04_24_cover.png","datePublished":"2024-04-10T22:01:59+00:00","dateModified":"2026-02-17T14:56:39+00:00","description":"Re\u00e7ois la revue sp\u00e9cialis\u00e9e de langue allemande \"Immobilien Business\" dans son num\u00e9ro 04\/2024 \u00e0 t\u00e9l\u00e9charger au format PDF avec la table des mati\u00e8res ci-dessous :","breadcrumb":{"@id":"https:\/\/www.immobilienbusiness.ch\/produkt\/immobilien-business-ausgabe-04-2024\/#breadcrumb"},"inLanguage":"fr-FR","potentialAction":[{"@type":"ReadAction","target":["https:\/\/www.immobilienbusiness.ch\/produkt\/immobilien-business-ausgabe-04-2024\/"]}]},{"@type":"ImageObject","inLanguage":"fr-FR","@id":"https:\/\/www.immobilienbusiness.ch\/produkt\/immobilien-business-ausgabe-04-2024\/#primaryimage","url":"https:\/\/www.immobilienbusiness.ch\/wp-content\/uploads\/2024\/03\/immobilienbusiness_04_24_cover.png","contentUrl":"https:\/\/www.immobilienbusiness.ch\/wp-content\/uploads\/2024\/03\/immobilienbusiness_04_24_cover.png","width":1200,"height":680},{"@type":"BreadcrumbList","@id":"https:\/\/www.immobilienbusiness.ch\/produkt\/immobilien-business-ausgabe-04-2024\/#breadcrumb","itemListElement":[{"@type":"ListItem","position":1,"name":"Home","item":"https:\/\/www.immobilienbusiness.ch\/"},{"@type":"ListItem","position":2,"name":"Shop","item":"https:\/\/www.immobilienbusiness.ch\/en\/shop\/"},{"@type":"ListItem","position":3,"name":"Immobilien Business Ausgabe 04\/2024"}]},{"@type":"WebSite","@id":"https:\/\/www.immobilienbusiness.ch\/#website","url":"https:\/\/www.immobilienbusiness.ch\/","name":"IMMOBILIER Business","description":"Magazine \u00e9conomique suisse ind\u00e9pendant ax\u00e9 sur l'immobilier, l'architecture et la construction ainsi que sur les investissements et le financement.","publisher":{"@id":"https:\/\/www.immobilienbusiness.ch\/#organization"},"potentialAction":[{"@type":"SearchAction","target":{"@type":"EntryPoint","urlTemplate":"https:\/\/www.immobilienbusiness.ch\/?s={search_term_string}"},"query-input":{"@type":"PropertyValueSpecification","valueRequired":true,"valueName":"search_term_string"}}],"inLanguage":"fr-FR"},{"@type":"Organization","@id":"https:\/\/www.immobilienbusiness.ch\/#organization","name":"IMMOBILIER Business","url":"https:\/\/www.immobilienbusiness.ch\/","logo":{"@type":"ImageObject","inLanguage":"fr-FR","@id":"https:\/\/www.immobilienbusiness.ch\/#\/schema\/logo\/image\/","url":"https:\/\/www.immobilienbusiness.ch\/wp-content\/uploads\/2021\/07\/logo_ib.png","contentUrl":"https:\/\/www.immobilienbusiness.ch\/wp-content\/uploads\/2021\/07\/logo_ib.png","width":800,"height":181,"caption":"IMMOBILIEN Business"},"image":{"@id":"https:\/\/www.immobilienbusiness.ch\/#\/schema\/logo\/image\/"},"sameAs":["https:\/\/www.facebook.com\/immobilienbusiness\/"]}]}},"_links":{"self":[{"href":"https:\/\/www.immobilienbusiness.ch\/fr\/wp-json\/wp\/v2\/product\/56531","targetHints":{"allow":["GET"]}}],"collection":[{"href":"https:\/\/www.immobilienbusiness.ch\/fr\/wp-json\/wp\/v2\/product"}],"about":[{"href":"https:\/\/www.immobilienbusiness.ch\/fr\/wp-json\/wp\/v2\/types\/product"}],"wp:featuredmedia":[{"embeddable":true,"href":"https:\/\/www.immobilienbusiness.ch\/fr\/wp-json\/wp\/v2\/media\/56532"}],"wp:attachment":[{"href":"https:\/\/www.immobilienbusiness.ch\/fr\/wp-json\/wp\/v2\/media?parent=56531"}],"wp:term":[{"taxonomy":"product_brand","embeddable":true,"href":"https:\/\/www.immobilienbusiness.ch\/fr\/wp-json\/wp\/v2\/product_brand?post=56531"},{"taxonomy":"product_cat","embeddable":true,"href":"https:\/\/www.immobilienbusiness.ch\/fr\/wp-json\/wp\/v2\/product_cat?post=56531"},{"taxonomy":"product_tag","embeddable":true,"href":"https:\/\/www.immobilienbusiness.ch\/fr\/wp-json\/wp\/v2\/product_tag?post=56531"}],"curies":[{"name":"wp","href":"https:\/\/api.w.org\/{rel}","templated":true}]}}