{"id":55464,"date":"2024-01-16T08:15:15","date_gmt":"2024-01-16T07:15:15","guid":{"rendered":"https:\/\/www.immobilienbusiness.ch\/?post_type=product&#038;p=55464"},"modified":"2026-02-17T15:56:40","modified_gmt":"2026-02-17T14:56:40","slug":"immobilien-business-ausgabe-12-2023","status":"publish","type":"product","link":"https:\/\/www.immobilienbusiness.ch\/fr\/product\/immobilien-business-ausgabe-12-2023\/","title":{"rendered":"Immobilien Business \u00c9dition 12\/2023"},"content":{"rendered":"<h3>Nouvelles<\/h3>\n<ul>\n<li>Zurich : la gare centrale retrouve sa splendeur d'antan<\/li>\n<li>Zurich : Dock A en cours d'approbation<\/li>\n<li>Personnel : JLL<\/li>\n<li>Zurich : lancement de la construction du quartier Koch<\/li>\n<li>Zurich : premi\u00e8re suisse pour Limehome<\/li>\n<li>Personnel : Swiss Prime Site \/ Pensimo<\/li>\n<li>Dielsdorf : d\u00e9but de la construction de deux autres centres de donn\u00e9es<\/li>\n<li>Wollerau : Habiter avec vue sur le lac<\/li>\n<li>Personnel : Procimmo Group<\/li>\n<li>Berne : densification au stade du Wankdorf<\/li>\n<li>B\u00e2le : feu vert pour la troisi\u00e8me tour de Roche<\/li>\n<li>Personnel : CFF Immobilier \/ Pensimo<\/li>\n<li>Gr\u00fcsch : Le site du moulin en passe d'\u00eatre relook\u00e9<\/li>\n<li>Seelisberg : nouveaux plans pour le Kurhotel Kulm<\/li>\n<li>Au sein de l'entreprise : Holcim Awards 2023<\/li>\n<li>Adelboden : le projet est abandonn\u00e9 : Un investisseur se retire du projet de bains<\/li>\n<li>Coire : nouveau projet interg\u00e9n\u00e9rationnel<\/li>\n<li>De la part des entreprises : Alfina \/ Prefera<\/li>\n<\/ul>\n<h3>Tendances<\/h3>\n<ul>\n<li>Nouvelle saison record<\/li>\n<li>Le secteur du tourisme en plein essor<\/li>\n<\/ul>\n<h3>March\u00e9s et investissements<\/h3>\n<ul>\n<li>\"Confiance endommag\u00e9e\"<\/li>\n<li>Le retournement des taux d'int\u00e9r\u00eat fait des victimes de premier plan<\/li>\n<li>R\u00e9vision de la politique mon\u00e9taire en vue ?<\/li>\n<li>Chronique : Le 13e \u00e9tage<\/li>\n<\/ul>\n<h3>Titre<\/h3>\n<ul>\n<li>Fin de la hausse des taux d'int\u00e9r\u00eat<\/li>\n<li>De la fantaisie pour les titres immobiliers<\/li>\n<li>Sur la bonne voie avec le recyclage<\/li>\n<li>Swiss Prime Site et sa nouvelle strat\u00e9gie<\/li>\n<\/ul>\n<h3>Gestion d'actifs et de portefeuilles<\/h3>\n<ul>\n<li>L'aspect \u00e9conomique de la durabilit\u00e9<\/li>\n<li>L'IA aide \u00e0 calculer les co\u00fbts du cycle de vie<\/li>\n<li>P\u00f4le de d\u00e9veloppement de l'agglom\u00e9ration<\/li>\n<\/ul>\n<h3>Des r\u00e9gions<\/h3>\n<ul>\n<li>Op\u00e9ration \u00e0 c\u0153ur ouvert<\/li>\n<li>Berne manque de surfaces de bureaux<\/li>\n<\/ul>\n<h3>R\u00e9sidentiel<\/h3>\n<ul>\n<li>Logement en demande<\/li>\n<li>P\u00e9nurie de main-d'\u0153uvre qualifi\u00e9e dans les r\u00e9gions touristiques<\/li>\n<\/ul>\n<h3>\u00c9v\u00e9nements<\/h3>\n<ul>\n<li>RICS about Opportunit\u00e9s<\/li>\n<li>R\u00e9trospective de la 95e \u00e9dition des Entretiens suisses sur l'immobilier<\/li>\n<\/ul>\n<h3>March\u00e9s \u00e9trangers<\/h3>\n<ul>\n<li>L'heure des opportunistes<\/li>\n<li>Le Royaume-Uni attire l'attention des investisseurs<\/li>\n<\/ul>\n<h3>March\u00e9s financiers immobiliers<\/h3>\n<ul>\n<li>Tendances \u00e9mergentes dans l'immobilier en Europe 2024<\/li>\n<li>PSP Swiss Property : pr\u00e9visions confirm\u00e9es<\/li>\n<li>Z\u00fcblin Immobilien Holding : Acquisitions pr\u00e9vues<\/li>\n<li>Zug Estates : grande location \u00e0 la Suurstoffi<\/li>\n<li>Andermatt Swiss Alps : Cr\u00e9dit pour investissements<\/li>\n<li>R\u00e9sidence pour personnes \u00e2g\u00e9es : perte en vue<\/li>\n<li>Helvetica SC Fund : Distribution stable<\/li>\n<li>Pure Funds : extension du portefeuille pr\u00e9vue<\/li>\n<li>Comunus SICAV : \u00e9mission en vue<\/li>\n<li>GR Immobilien Schweiz : Le portefeuille s'agrandit<\/li>\n<li>Fonds Immobilier Romand : revenu net en hausse<\/li>\n<li>Procimmo : Fusion de fonds r\u00e9alis\u00e9e<\/li>\n<li>ZIF Immobilien Direkt : Cotation r\u00e9ussie<\/li>\n<li>Seraina AST : nouveau groupe de placement ax\u00e9 sur les crit\u00e8res ESG<\/li>\n<li>SPA Immobilien CH : Le rendement des placements baisse au troisi\u00e8me trimestre<\/li>\n<li>Realstone AST : nouvelles entr\u00e9es dans le portefeuille RIRS<\/li>\n<li>Remnex AST : un exercice r\u00e9ussi<\/li>\n<li>Fundamenta AST : \"Rendement robuste des placements\".<\/li>\n<li>Swiss Life AST : De l'argent frais pour le groupe de placement<\/li>\n<li>Final Performer : UBS Anfos<\/li>\n<\/ul>\n<h3>Copropri\u00e9t\u00e9<\/h3>\n<ul>\n<li>Questions fr\u00e9quentes sur le remplacement du chauffage<\/li>\n<\/ul>","protected":false},"excerpt":{"rendered":"<p>Re\u00e7oit la revue sp\u00e9cialis\u00e9e en langue allemande \"Immobilien Business\" dans l'\u00e9dition 12\/2023 - 01\/2024 en t\u00e9l\u00e9chargement PDF avec la table des mati\u00e8res suivante :<\/p>","protected":false},"featured_media":55465,"template":"","meta":{"_acf_changed":false,"pgc_sgb_lightbox_settings":""},"product_brand":[],"product_cat":[921],"product_tag":[2187,3558],"class_list":{"0":"post-55464","1":"product","2":"type-product","3":"status-publish","4":"has-post-thumbnail","6":"product_cat-einzelausgaben","7":"product_tag-2187","8":"product_tag-3558","10":"first","11":"instock","12":"downloadable","13":"taxable","14":"shipping-taxable","15":"purchasable","16":"product-type-simple"},"acf":[],"yoast_head":"<!-- This site is optimized with the Yoast SEO plugin v27.4 - https:\/\/yoast.com\/product\/yoast-seo-wordpress\/ -->\n<title>Immobilien Business Ausgabe 12\/2023 - IMMOBILIEN Business<\/title>\n<meta name=\"description\" content=\"Erhalte die deutschsprachige Fachzeitschrift \u00abImmobilien Business\u00bb in der Ausgabe 12\/2023 - 01\/2024 als PDF-Download mit nachfolgendem Inhaltsverzeichnis:\" \/>\n<meta name=\"robots\" content=\"index, follow, max-snippet:-1, max-image-preview:large, max-video-preview:-1\" \/>\n<link rel=\"canonical\" href=\"https:\/\/www.immobilienbusiness.ch\/fr\/product\/immobilien-business-ausgabe-12-2023\/\" \/>\n<meta property=\"og:locale\" content=\"fr_FR\" \/>\n<meta property=\"og:type\" content=\"article\" \/>\n<meta property=\"og:title\" content=\"Immobilien Business Ausgabe 12\/2023 - IMMOBILIEN Business\" \/>\n<meta property=\"og:description\" content=\"Erhalte die deutschsprachige Fachzeitschrift \u00abImmobilien Business\u00bb in der Ausgabe 12\/2023 - 01\/2024 als PDF-Download mit nachfolgendem Inhaltsverzeichnis:\" \/>\n<meta property=\"og:url\" content=\"https:\/\/www.immobilienbusiness.ch\/fr\/product\/immobilien-business-ausgabe-12-2023\/\" \/>\n<meta property=\"og:site_name\" content=\"IMMOBILIEN Business\" \/>\n<meta property=\"article:publisher\" content=\"https:\/\/www.facebook.com\/immobilienbusiness\/\" \/>\n<meta property=\"article:modified_time\" content=\"2026-02-17T14:56:40+00:00\" \/>\n<meta property=\"og:image\" content=\"https:\/\/www.immobilienbusiness.ch\/wp-content\/uploads\/2024\/01\/cover_12_immobilienbusiness.png\" \/>\n\t<meta property=\"og:image:width\" content=\"1200\" \/>\n\t<meta property=\"og:image:height\" content=\"680\" \/>\n\t<meta property=\"og:image:type\" content=\"image\/png\" \/>\n<meta name=\"twitter:card\" content=\"summary_large_image\" \/>\n<script type=\"application\/ld+json\" class=\"yoast-schema-graph\">{\"@context\":\"https:\\\/\\\/schema.org\",\"@graph\":[{\"@type\":\"WebPage\",\"@id\":\"https:\\\/\\\/www.immobilienbusiness.ch\\\/produkt\\\/immobilien-business-ausgabe-12-2023\\\/\",\"url\":\"https:\\\/\\\/www.immobilienbusiness.ch\\\/produkt\\\/immobilien-business-ausgabe-12-2023\\\/\",\"name\":\"Immobilien Business Ausgabe 12\\\/2023 - IMMOBILIEN Business\",\"isPartOf\":{\"@id\":\"https:\\\/\\\/www.immobilienbusiness.ch\\\/#website\"},\"primaryImageOfPage\":{\"@id\":\"https:\\\/\\\/www.immobilienbusiness.ch\\\/produkt\\\/immobilien-business-ausgabe-12-2023\\\/#primaryimage\"},\"image\":{\"@id\":\"https:\\\/\\\/www.immobilienbusiness.ch\\\/produkt\\\/immobilien-business-ausgabe-12-2023\\\/#primaryimage\"},\"thumbnailUrl\":\"https:\\\/\\\/www.immobilienbusiness.ch\\\/wp-content\\\/uploads\\\/2024\\\/01\\\/cover_12_immobilienbusiness.png\",\"datePublished\":\"2024-01-16T07:15:15+00:00\",\"dateModified\":\"2026-02-17T14:56:40+00:00\",\"description\":\"Erhalte die deutschsprachige Fachzeitschrift \u00abImmobilien Business\u00bb in der Ausgabe 12\\\/2023 - 01\\\/2024 als PDF-Download mit nachfolgendem Inhaltsverzeichnis:\",\"breadcrumb\":{\"@id\":\"https:\\\/\\\/www.immobilienbusiness.ch\\\/produkt\\\/immobilien-business-ausgabe-12-2023\\\/#breadcrumb\"},\"inLanguage\":\"fr-FR\",\"potentialAction\":[{\"@type\":\"ReadAction\",\"target\":[\"https:\\\/\\\/www.immobilienbusiness.ch\\\/produkt\\\/immobilien-business-ausgabe-12-2023\\\/\"]}]},{\"@type\":\"ImageObject\",\"inLanguage\":\"fr-FR\",\"@id\":\"https:\\\/\\\/www.immobilienbusiness.ch\\\/produkt\\\/immobilien-business-ausgabe-12-2023\\\/#primaryimage\",\"url\":\"https:\\\/\\\/www.immobilienbusiness.ch\\\/wp-content\\\/uploads\\\/2024\\\/01\\\/cover_12_immobilienbusiness.png\",\"contentUrl\":\"https:\\\/\\\/www.immobilienbusiness.ch\\\/wp-content\\\/uploads\\\/2024\\\/01\\\/cover_12_immobilienbusiness.png\",\"width\":1200,\"height\":680},{\"@type\":\"BreadcrumbList\",\"@id\":\"https:\\\/\\\/www.immobilienbusiness.ch\\\/produkt\\\/immobilien-business-ausgabe-12-2023\\\/#breadcrumb\",\"itemListElement\":[{\"@type\":\"ListItem\",\"position\":1,\"name\":\"Home\",\"item\":\"https:\\\/\\\/www.immobilienbusiness.ch\\\/\"},{\"@type\":\"ListItem\",\"position\":2,\"name\":\"Shop\",\"item\":\"https:\\\/\\\/www.immobilienbusiness.ch\\\/en\\\/shop\\\/\"},{\"@type\":\"ListItem\",\"position\":3,\"name\":\"Immobilien Business Ausgabe 12\\\/2023\"}]},{\"@type\":\"WebSite\",\"@id\":\"https:\\\/\\\/www.immobilienbusiness.ch\\\/#website\",\"url\":\"https:\\\/\\\/www.immobilienbusiness.ch\\\/\",\"name\":\"IMMOBILIEN Business\",\"description\":\"Unabh\u00e4ngiges Schweizer Wirtschaftsmagazin mit Fokus auf Immobilien, Architektur- und Bau sowie Investment- und Finanzierung.\",\"publisher\":{\"@id\":\"https:\\\/\\\/www.immobilienbusiness.ch\\\/#organization\"},\"potentialAction\":[{\"@type\":\"SearchAction\",\"target\":{\"@type\":\"EntryPoint\",\"urlTemplate\":\"https:\\\/\\\/www.immobilienbusiness.ch\\\/?s={search_term_string}\"},\"query-input\":{\"@type\":\"PropertyValueSpecification\",\"valueRequired\":true,\"valueName\":\"search_term_string\"}}],\"inLanguage\":\"fr-FR\"},{\"@type\":\"Organization\",\"@id\":\"https:\\\/\\\/www.immobilienbusiness.ch\\\/#organization\",\"name\":\"IMMOBILIEN Business\",\"url\":\"https:\\\/\\\/www.immobilienbusiness.ch\\\/\",\"logo\":{\"@type\":\"ImageObject\",\"inLanguage\":\"fr-FR\",\"@id\":\"https:\\\/\\\/www.immobilienbusiness.ch\\\/#\\\/schema\\\/logo\\\/image\\\/\",\"url\":\"https:\\\/\\\/www.immobilienbusiness.ch\\\/wp-content\\\/uploads\\\/2021\\\/07\\\/logo_ib.png\",\"contentUrl\":\"https:\\\/\\\/www.immobilienbusiness.ch\\\/wp-content\\\/uploads\\\/2021\\\/07\\\/logo_ib.png\",\"width\":800,\"height\":181,\"caption\":\"IMMOBILIEN Business\"},\"image\":{\"@id\":\"https:\\\/\\\/www.immobilienbusiness.ch\\\/#\\\/schema\\\/logo\\\/image\\\/\"},\"sameAs\":[\"https:\\\/\\\/www.facebook.com\\\/immobilienbusiness\\\/\"]}]}<\/script>\n<!-- \/ Yoast SEO plugin. -->","yoast_head_json":{"title":"Immobilien Business \u00e9dition 12\/2023 - IMMOBILIER Business","description":"Re\u00e7oit la revue sp\u00e9cialis\u00e9e en langue allemande \"Immobilien Business\" dans l'\u00e9dition 12\/2023 - 01\/2024 en t\u00e9l\u00e9chargement PDF avec la table des mati\u00e8res suivante :","robots":{"index":"index","follow":"follow","max-snippet":"max-snippet:-1","max-image-preview":"max-image-preview:large","max-video-preview":"max-video-preview:-1"},"canonical":"https:\/\/www.immobilienbusiness.ch\/fr\/product\/immobilien-business-ausgabe-12-2023\/","og_locale":"fr_FR","og_type":"article","og_title":"Immobilien Business Ausgabe 12\/2023 - IMMOBILIEN Business","og_description":"Erhalte die deutschsprachige Fachzeitschrift \u00abImmobilien Business\u00bb in der Ausgabe 12\/2023 - 01\/2024 als PDF-Download mit nachfolgendem Inhaltsverzeichnis:","og_url":"https:\/\/www.immobilienbusiness.ch\/fr\/product\/immobilien-business-ausgabe-12-2023\/","og_site_name":"IMMOBILIEN Business","article_publisher":"https:\/\/www.facebook.com\/immobilienbusiness\/","article_modified_time":"2026-02-17T14:56:40+00:00","og_image":[{"width":1200,"height":680,"url":"https:\/\/www.immobilienbusiness.ch\/wp-content\/uploads\/2024\/01\/cover_12_immobilienbusiness.png","type":"image\/png"}],"twitter_card":"summary_large_image","schema":{"@context":"https:\/\/schema.org","@graph":[{"@type":"WebPage","@id":"https:\/\/www.immobilienbusiness.ch\/produkt\/immobilien-business-ausgabe-12-2023\/","url":"https:\/\/www.immobilienbusiness.ch\/produkt\/immobilien-business-ausgabe-12-2023\/","name":"Immobilien Business \u00e9dition 12\/2023 - IMMOBILIER Business","isPartOf":{"@id":"https:\/\/www.immobilienbusiness.ch\/#website"},"primaryImageOfPage":{"@id":"https:\/\/www.immobilienbusiness.ch\/produkt\/immobilien-business-ausgabe-12-2023\/#primaryimage"},"image":{"@id":"https:\/\/www.immobilienbusiness.ch\/produkt\/immobilien-business-ausgabe-12-2023\/#primaryimage"},"thumbnailUrl":"https:\/\/www.immobilienbusiness.ch\/wp-content\/uploads\/2024\/01\/cover_12_immobilienbusiness.png","datePublished":"2024-01-16T07:15:15+00:00","dateModified":"2026-02-17T14:56:40+00:00","description":"Re\u00e7oit la revue sp\u00e9cialis\u00e9e en langue allemande \"Immobilien Business\" dans l'\u00e9dition 12\/2023 - 01\/2024 en t\u00e9l\u00e9chargement PDF avec la table des mati\u00e8res suivante :","breadcrumb":{"@id":"https:\/\/www.immobilienbusiness.ch\/produkt\/immobilien-business-ausgabe-12-2023\/#breadcrumb"},"inLanguage":"fr-FR","potentialAction":[{"@type":"ReadAction","target":["https:\/\/www.immobilienbusiness.ch\/produkt\/immobilien-business-ausgabe-12-2023\/"]}]},{"@type":"ImageObject","inLanguage":"fr-FR","@id":"https:\/\/www.immobilienbusiness.ch\/produkt\/immobilien-business-ausgabe-12-2023\/#primaryimage","url":"https:\/\/www.immobilienbusiness.ch\/wp-content\/uploads\/2024\/01\/cover_12_immobilienbusiness.png","contentUrl":"https:\/\/www.immobilienbusiness.ch\/wp-content\/uploads\/2024\/01\/cover_12_immobilienbusiness.png","width":1200,"height":680},{"@type":"BreadcrumbList","@id":"https:\/\/www.immobilienbusiness.ch\/produkt\/immobilien-business-ausgabe-12-2023\/#breadcrumb","itemListElement":[{"@type":"ListItem","position":1,"name":"Home","item":"https:\/\/www.immobilienbusiness.ch\/"},{"@type":"ListItem","position":2,"name":"Shop","item":"https:\/\/www.immobilienbusiness.ch\/en\/shop\/"},{"@type":"ListItem","position":3,"name":"Immobilien Business Ausgabe 12\/2023"}]},{"@type":"WebSite","@id":"https:\/\/www.immobilienbusiness.ch\/#website","url":"https:\/\/www.immobilienbusiness.ch\/","name":"IMMOBILIER Business","description":"Magazine \u00e9conomique suisse ind\u00e9pendant ax\u00e9 sur l'immobilier, l'architecture et la construction ainsi que sur les investissements et le financement.","publisher":{"@id":"https:\/\/www.immobilienbusiness.ch\/#organization"},"potentialAction":[{"@type":"SearchAction","target":{"@type":"EntryPoint","urlTemplate":"https:\/\/www.immobilienbusiness.ch\/?s={search_term_string}"},"query-input":{"@type":"PropertyValueSpecification","valueRequired":true,"valueName":"search_term_string"}}],"inLanguage":"fr-FR"},{"@type":"Organization","@id":"https:\/\/www.immobilienbusiness.ch\/#organization","name":"IMMOBILIER Business","url":"https:\/\/www.immobilienbusiness.ch\/","logo":{"@type":"ImageObject","inLanguage":"fr-FR","@id":"https:\/\/www.immobilienbusiness.ch\/#\/schema\/logo\/image\/","url":"https:\/\/www.immobilienbusiness.ch\/wp-content\/uploads\/2021\/07\/logo_ib.png","contentUrl":"https:\/\/www.immobilienbusiness.ch\/wp-content\/uploads\/2021\/07\/logo_ib.png","width":800,"height":181,"caption":"IMMOBILIEN Business"},"image":{"@id":"https:\/\/www.immobilienbusiness.ch\/#\/schema\/logo\/image\/"},"sameAs":["https:\/\/www.facebook.com\/immobilienbusiness\/"]}]}},"_links":{"self":[{"href":"https:\/\/www.immobilienbusiness.ch\/fr\/wp-json\/wp\/v2\/product\/55464","targetHints":{"allow":["GET"]}}],"collection":[{"href":"https:\/\/www.immobilienbusiness.ch\/fr\/wp-json\/wp\/v2\/product"}],"about":[{"href":"https:\/\/www.immobilienbusiness.ch\/fr\/wp-json\/wp\/v2\/types\/product"}],"wp:featuredmedia":[{"embeddable":true,"href":"https:\/\/www.immobilienbusiness.ch\/fr\/wp-json\/wp\/v2\/media\/55465"}],"wp:attachment":[{"href":"https:\/\/www.immobilienbusiness.ch\/fr\/wp-json\/wp\/v2\/media?parent=55464"}],"wp:term":[{"taxonomy":"product_brand","embeddable":true,"href":"https:\/\/www.immobilienbusiness.ch\/fr\/wp-json\/wp\/v2\/product_brand?post=55464"},{"taxonomy":"product_cat","embeddable":true,"href":"https:\/\/www.immobilienbusiness.ch\/fr\/wp-json\/wp\/v2\/product_cat?post=55464"},{"taxonomy":"product_tag","embeddable":true,"href":"https:\/\/www.immobilienbusiness.ch\/fr\/wp-json\/wp\/v2\/product_tag?post=55464"}],"curies":[{"name":"wp","href":"https:\/\/api.w.org\/{rel}","templated":true}]}}