{"id":50362,"date":"2023-05-04T00:01:58","date_gmt":"2023-05-03T22:01:58","guid":{"rendered":"https:\/\/www.immobilienbusiness.ch\/?post_type=product&#038;p=50362"},"modified":"2026-02-17T15:56:41","modified_gmt":"2026-02-17T14:56:41","slug":"immobilien-business-ausgabe-5-2023","status":"publish","type":"product","link":"https:\/\/www.immobilienbusiness.ch\/fr\/product\/immobilien-business-ausgabe-5-2023\/","title":{"rendered":"Immobilien Business \u00c9dition 5\/2023"},"content":{"rendered":"<h3>Nouvelles<\/h3>\n<ul>\n<li>Zurich : de nouveaux logements pour Leutschenbach<\/li>\n<li>Cham : le Lorzenpark change de main<\/li>\n<li>Personnel : Intershop Holding \/ Pure Funds<\/li>\n<li>Berne : trois immeubles sur le site d'EWB<\/li>\n<li>Muri : Habiter avec vue<\/li>\n<li>Personalia : Swiss Life Asset Managers<\/li>\n<li>B\u00e2le : l'h\u00f4tel Les Trois Rois pr\u00e9voit des travaux de r\u00e9novation<\/li>\n<li>La ville de Reinach : Le groupe am\u00e9ricain IFF vend un terrain \u00e0 b\u00e2tir<\/li>\n<li>Personnalit\u00e9s : Seraina Investment Foundation<\/li>\n<li>Lucerne : l'h\u00f4pital cantonal s'agrandit<\/li>\n<li>Saas Fee : l'offre h\u00f4teli\u00e8re s'\u00e9toffe<\/li>\n<li>Personnel : CBRE Suisse<\/li>\n<li>Romanshorn : le site Hydrel avant la Trans formation<\/li>\n<li>Schattdorf : ouverture d'un nouveau site TechnoAlpin<\/li>\n<li>Personnel : SFP Group<\/li>\n<li>Davos : quartier r\u00e9sidentiel pour les autochtones<\/li>\n<li>Kirchberg : plans de construction pour le site de Rosenau<\/li>\n<li>De la part des entreprises : Allmyhomes<\/li>\n<\/ul>\n<h3>Tendances<\/h3>\n<ul>\n<li>Des rendements solides<\/li>\n<li>L'infrastructure en point de mire des investisseurs<\/li>\n<\/ul>\n<h3>March\u00e9s et investissements<\/h3>\n<ul>\n<li>\"Stranded Assets\"<\/li>\n<li>Un probl\u00e8me \u00e0 l'\u00e9tranger, pas en Suisse<\/li>\n<\/ul>\n<h3>Titre Sujet<\/h3>\n<ul>\n<li>Menace de resserrement du cr\u00e9dit<br \/>\nLes banques deviennent prudentes dans l'octroi de cr\u00e9dits<\/li>\n<li>Chronique : Le 13e \u00e9tage<\/li>\n<li>Entretien : Andreas Loepfe, INREIM<\/li>\n<li>Retournement de situation en vue<br \/>\nLa fin de la politique mon\u00e9taire stricte ?<\/li>\n<\/ul>\n<h3>Gestion d'actifs et de portefeuilles<\/h3>\n<ul>\n<li>\"Un \u00e9l\u00e9ment indispensable\"<br \/>\nLes caisses de pension \u00e9valuent les placements immobiliers<\/li>\n<li>La Belle ou la B\u00eate ?<br \/>\n\u00c9tude de la HSLU : Investissements dans les hypoth\u00e8ques<\/li>\n<\/ul>\n<h3>Des r\u00e9gions<\/h3>\n<ul>\n<li>Cr\u00e9ateur de tendances en Suisse centrale<\/li>\n<li>Le canton d'Uri attire les entreprises<\/li>\n<\/ul>\n<h3>Architecture et industrie du b\u00e2timent<\/h3>\n<ul>\n<li>Un judas num\u00e9rique<\/li>\n<li>Des architectes offrent un aper\u00e7u des chantiers<\/li>\n<\/ul>\n<h3>Innovations<\/h3>\n<ul>\n<li>On ne peut pas se passer d'un courtier<\/li>\n<li>L'\u00e9valuation num\u00e9rique n\u00e9cessite des m\u00e9diateurs professionnels<\/li>\n<\/ul>\n<h3>March\u00e9s \u00e9trangers<\/h3>\n<ul>\n<li>La chasse au rendement au pays de l'\u00e9rable<\/li>\n<li>Le Canada attire par ses rendements attractifs<\/li>\n<\/ul>\n<h3>March\u00e9s financiers immobiliers<\/h3>\n<ul>\n<li>Entretien : Christoph Syz, Patrimonium<\/li>\n<li>Andermatt Swiss Alps : Chiffres noirs<\/li>\n<li>Varia US : Augmentation des revenus locatifs<\/li>\n<li>Wincasa : Sous un nouveau toit<\/li>\n<li>Helvetica Swiss Living Fund : Cotation en vue<\/li>\n<li>Sustainable REF Switzerland : De l'argent frais\u00a8<\/li>\n<li>Swisscanto (CH) REF Responsible : Rendement stable<\/li>\n<li>Swiss Prime AST : sur la voie de la croissance<\/li>\n<li>Groupe Vaudoise : Nouvelle fondation de placement<\/li>\n<li>Fondation de placement Vertina : En tourn\u00e9e d'achat<\/li>\n<li>Pure Swiss Opportunity REF : portefeuille \u00e9largi<\/li>\n<li>SFP AST : les actifs sous gestion continuent de cro\u00eetre<\/li>\n<li>Erres SICAV : sur la bonne voie<\/li>\n<li>Akara Diversity CP : 11e \u00e9mission<\/li>\n<li>Fonds immobiliers UBS : les distributions restent stables<\/li>\n<li>Peach Property : le CEO quitte ses fonctions<\/li>\n<li>Swiss Life AM : Avec D.Strict, le plan est respect\u00e9<\/li>\n<li>Acron Group : nouveau site \u00e0 Dallas<\/li>\n<li>Swiss Property AG : Expansion dans la r\u00e9gion DACH<\/li>\n<li>Final Performer : Orascom Development<\/li>\n<\/ul>","protected":false},"excerpt":{"rendered":"<p>Re\u00e7ois la revue sp\u00e9cialis\u00e9e de langue allemande \"Immobilien Business\" dans son num\u00e9ro 5\/2023 \u00e0 t\u00e9l\u00e9charger au format PDF avec la table des mati\u00e8res ci-dessous :<\/p>","protected":false},"featured_media":50364,"template":"","meta":{"_acf_changed":false,"pgc_sgb_lightbox_settings":""},"product_brand":[],"product_cat":[921],"product_tag":[2187],"class_list":{"0":"post-50362","1":"product","2":"type-product","3":"status-publish","4":"has-post-thumbnail","6":"product_cat-einzelausgaben","7":"product_tag-2187","9":"first","10":"instock","11":"downloadable","12":"virtual","13":"taxable","14":"purchasable","15":"product-type-simple"},"acf":[],"yoast_head":"<!-- This site is optimized with the Yoast SEO plugin v27.4 - https:\/\/yoast.com\/product\/yoast-seo-wordpress\/ -->\n<title>Immobilien Business Ausgabe 5\/2023 - IMMOBILIEN Business<\/title>\n<meta name=\"description\" content=\"Erhalte die deutschsprachige Fachzeitschrift \u00abImmobilien Business\u00bb in der Ausgabe 5\/2023 als PDF-Download mit nachfolgendem Inhaltsverzeichnis:\" \/>\n<meta name=\"robots\" content=\"index, follow, max-snippet:-1, max-image-preview:large, max-video-preview:-1\" \/>\n<link rel=\"canonical\" href=\"https:\/\/www.immobilienbusiness.ch\/fr\/product\/immobilien-business-ausgabe-5-2023\/\" \/>\n<meta property=\"og:locale\" content=\"fr_FR\" \/>\n<meta property=\"og:type\" content=\"article\" \/>\n<meta property=\"og:title\" content=\"Immobilien Business Ausgabe 5\/2023 - IMMOBILIEN Business\" \/>\n<meta property=\"og:description\" content=\"Erhalte die deutschsprachige Fachzeitschrift \u00abImmobilien Business\u00bb in der Ausgabe 5\/2023 als PDF-Download mit nachfolgendem Inhaltsverzeichnis:\" \/>\n<meta property=\"og:url\" content=\"https:\/\/www.immobilienbusiness.ch\/fr\/product\/immobilien-business-ausgabe-5-2023\/\" \/>\n<meta property=\"og:site_name\" content=\"IMMOBILIEN Business\" \/>\n<meta property=\"article:publisher\" content=\"https:\/\/www.facebook.com\/immobilienbusiness\/\" \/>\n<meta property=\"article:modified_time\" content=\"2026-02-17T14:56:41+00:00\" \/>\n<meta property=\"og:image\" content=\"https:\/\/www.immobilienbusiness.ch\/wp-content\/uploads\/2023\/07\/Immobilien_Business_2023_5.png\" \/>\n\t<meta property=\"og:image:width\" content=\"654\" \/>\n\t<meta property=\"og:image:height\" content=\"370\" \/>\n\t<meta property=\"og:image:type\" content=\"image\/png\" \/>\n<meta name=\"twitter:card\" content=\"summary_large_image\" \/>\n<script type=\"application\/ld+json\" class=\"yoast-schema-graph\">{\"@context\":\"https:\\\/\\\/schema.org\",\"@graph\":[{\"@type\":\"WebPage\",\"@id\":\"https:\\\/\\\/www.immobilienbusiness.ch\\\/produkt\\\/immobilien-business-ausgabe-5-2023\\\/\",\"url\":\"https:\\\/\\\/www.immobilienbusiness.ch\\\/produkt\\\/immobilien-business-ausgabe-5-2023\\\/\",\"name\":\"Immobilien Business Ausgabe 5\\\/2023 - IMMOBILIEN Business\",\"isPartOf\":{\"@id\":\"https:\\\/\\\/www.immobilienbusiness.ch\\\/#website\"},\"primaryImageOfPage\":{\"@id\":\"https:\\\/\\\/www.immobilienbusiness.ch\\\/produkt\\\/immobilien-business-ausgabe-5-2023\\\/#primaryimage\"},\"image\":{\"@id\":\"https:\\\/\\\/www.immobilienbusiness.ch\\\/produkt\\\/immobilien-business-ausgabe-5-2023\\\/#primaryimage\"},\"thumbnailUrl\":\"https:\\\/\\\/www.immobilienbusiness.ch\\\/wp-content\\\/uploads\\\/2023\\\/07\\\/Immobilien_Business_2023_5.png\",\"datePublished\":\"2023-05-03T22:01:58+00:00\",\"dateModified\":\"2026-02-17T14:56:41+00:00\",\"description\":\"Erhalte die deutschsprachige Fachzeitschrift \u00abImmobilien Business\u00bb in der Ausgabe 5\\\/2023 als PDF-Download mit nachfolgendem Inhaltsverzeichnis:\",\"breadcrumb\":{\"@id\":\"https:\\\/\\\/www.immobilienbusiness.ch\\\/produkt\\\/immobilien-business-ausgabe-5-2023\\\/#breadcrumb\"},\"inLanguage\":\"fr-FR\",\"potentialAction\":[{\"@type\":\"ReadAction\",\"target\":[\"https:\\\/\\\/www.immobilienbusiness.ch\\\/produkt\\\/immobilien-business-ausgabe-5-2023\\\/\"]}]},{\"@type\":\"ImageObject\",\"inLanguage\":\"fr-FR\",\"@id\":\"https:\\\/\\\/www.immobilienbusiness.ch\\\/produkt\\\/immobilien-business-ausgabe-5-2023\\\/#primaryimage\",\"url\":\"https:\\\/\\\/www.immobilienbusiness.ch\\\/wp-content\\\/uploads\\\/2023\\\/07\\\/Immobilien_Business_2023_5.png\",\"contentUrl\":\"https:\\\/\\\/www.immobilienbusiness.ch\\\/wp-content\\\/uploads\\\/2023\\\/07\\\/Immobilien_Business_2023_5.png\",\"width\":654,\"height\":370},{\"@type\":\"BreadcrumbList\",\"@id\":\"https:\\\/\\\/www.immobilienbusiness.ch\\\/produkt\\\/immobilien-business-ausgabe-5-2023\\\/#breadcrumb\",\"itemListElement\":[{\"@type\":\"ListItem\",\"position\":1,\"name\":\"Home\",\"item\":\"https:\\\/\\\/www.immobilienbusiness.ch\\\/\"},{\"@type\":\"ListItem\",\"position\":2,\"name\":\"Shop\",\"item\":\"https:\\\/\\\/www.immobilienbusiness.ch\\\/en\\\/shop\\\/\"},{\"@type\":\"ListItem\",\"position\":3,\"name\":\"Immobilien Business Ausgabe 5\\\/2023\"}]},{\"@type\":\"WebSite\",\"@id\":\"https:\\\/\\\/www.immobilienbusiness.ch\\\/#website\",\"url\":\"https:\\\/\\\/www.immobilienbusiness.ch\\\/\",\"name\":\"IMMOBILIEN Business\",\"description\":\"Unabh\u00e4ngiges Schweizer Wirtschaftsmagazin mit Fokus auf Immobilien, Architektur- und Bau sowie Investment- und Finanzierung.\",\"publisher\":{\"@id\":\"https:\\\/\\\/www.immobilienbusiness.ch\\\/#organization\"},\"potentialAction\":[{\"@type\":\"SearchAction\",\"target\":{\"@type\":\"EntryPoint\",\"urlTemplate\":\"https:\\\/\\\/www.immobilienbusiness.ch\\\/?s={search_term_string}\"},\"query-input\":{\"@type\":\"PropertyValueSpecification\",\"valueRequired\":true,\"valueName\":\"search_term_string\"}}],\"inLanguage\":\"fr-FR\"},{\"@type\":\"Organization\",\"@id\":\"https:\\\/\\\/www.immobilienbusiness.ch\\\/#organization\",\"name\":\"IMMOBILIEN Business\",\"url\":\"https:\\\/\\\/www.immobilienbusiness.ch\\\/\",\"logo\":{\"@type\":\"ImageObject\",\"inLanguage\":\"fr-FR\",\"@id\":\"https:\\\/\\\/www.immobilienbusiness.ch\\\/#\\\/schema\\\/logo\\\/image\\\/\",\"url\":\"https:\\\/\\\/www.immobilienbusiness.ch\\\/wp-content\\\/uploads\\\/2021\\\/07\\\/logo_ib.png\",\"contentUrl\":\"https:\\\/\\\/www.immobilienbusiness.ch\\\/wp-content\\\/uploads\\\/2021\\\/07\\\/logo_ib.png\",\"width\":800,\"height\":181,\"caption\":\"IMMOBILIEN Business\"},\"image\":{\"@id\":\"https:\\\/\\\/www.immobilienbusiness.ch\\\/#\\\/schema\\\/logo\\\/image\\\/\"},\"sameAs\":[\"https:\\\/\\\/www.facebook.com\\\/immobilienbusiness\\\/\"]}]}<\/script>\n<!-- \/ Yoast SEO plugin. -->","yoast_head_json":{"title":"Immobilien Business \u00c9dition 5\/2023 - IMMOBILIER Business","description":"Re\u00e7ois la revue sp\u00e9cialis\u00e9e de langue allemande \"Immobilien Business\" dans son num\u00e9ro 5\/2023 \u00e0 t\u00e9l\u00e9charger au format PDF avec la table des mati\u00e8res ci-dessous :","robots":{"index":"index","follow":"follow","max-snippet":"max-snippet:-1","max-image-preview":"max-image-preview:large","max-video-preview":"max-video-preview:-1"},"canonical":"https:\/\/www.immobilienbusiness.ch\/fr\/product\/immobilien-business-ausgabe-5-2023\/","og_locale":"fr_FR","og_type":"article","og_title":"Immobilien Business Ausgabe 5\/2023 - IMMOBILIEN Business","og_description":"Erhalte die deutschsprachige Fachzeitschrift \u00abImmobilien Business\u00bb in der Ausgabe 5\/2023 als PDF-Download mit nachfolgendem Inhaltsverzeichnis:","og_url":"https:\/\/www.immobilienbusiness.ch\/fr\/product\/immobilien-business-ausgabe-5-2023\/","og_site_name":"IMMOBILIEN Business","article_publisher":"https:\/\/www.facebook.com\/immobilienbusiness\/","article_modified_time":"2026-02-17T14:56:41+00:00","og_image":[{"width":654,"height":370,"url":"https:\/\/www.immobilienbusiness.ch\/wp-content\/uploads\/2023\/07\/Immobilien_Business_2023_5.png","type":"image\/png"}],"twitter_card":"summary_large_image","schema":{"@context":"https:\/\/schema.org","@graph":[{"@type":"WebPage","@id":"https:\/\/www.immobilienbusiness.ch\/produkt\/immobilien-business-ausgabe-5-2023\/","url":"https:\/\/www.immobilienbusiness.ch\/produkt\/immobilien-business-ausgabe-5-2023\/","name":"Immobilien Business \u00c9dition 5\/2023 - IMMOBILIER Business","isPartOf":{"@id":"https:\/\/www.immobilienbusiness.ch\/#website"},"primaryImageOfPage":{"@id":"https:\/\/www.immobilienbusiness.ch\/produkt\/immobilien-business-ausgabe-5-2023\/#primaryimage"},"image":{"@id":"https:\/\/www.immobilienbusiness.ch\/produkt\/immobilien-business-ausgabe-5-2023\/#primaryimage"},"thumbnailUrl":"https:\/\/www.immobilienbusiness.ch\/wp-content\/uploads\/2023\/07\/Immobilien_Business_2023_5.png","datePublished":"2023-05-03T22:01:58+00:00","dateModified":"2026-02-17T14:56:41+00:00","description":"Re\u00e7ois la revue sp\u00e9cialis\u00e9e de langue allemande \"Immobilien Business\" dans son num\u00e9ro 5\/2023 \u00e0 t\u00e9l\u00e9charger au format PDF avec la table des mati\u00e8res ci-dessous :","breadcrumb":{"@id":"https:\/\/www.immobilienbusiness.ch\/produkt\/immobilien-business-ausgabe-5-2023\/#breadcrumb"},"inLanguage":"fr-FR","potentialAction":[{"@type":"ReadAction","target":["https:\/\/www.immobilienbusiness.ch\/produkt\/immobilien-business-ausgabe-5-2023\/"]}]},{"@type":"ImageObject","inLanguage":"fr-FR","@id":"https:\/\/www.immobilienbusiness.ch\/produkt\/immobilien-business-ausgabe-5-2023\/#primaryimage","url":"https:\/\/www.immobilienbusiness.ch\/wp-content\/uploads\/2023\/07\/Immobilien_Business_2023_5.png","contentUrl":"https:\/\/www.immobilienbusiness.ch\/wp-content\/uploads\/2023\/07\/Immobilien_Business_2023_5.png","width":654,"height":370},{"@type":"BreadcrumbList","@id":"https:\/\/www.immobilienbusiness.ch\/produkt\/immobilien-business-ausgabe-5-2023\/#breadcrumb","itemListElement":[{"@type":"ListItem","position":1,"name":"Home","item":"https:\/\/www.immobilienbusiness.ch\/"},{"@type":"ListItem","position":2,"name":"Shop","item":"https:\/\/www.immobilienbusiness.ch\/en\/shop\/"},{"@type":"ListItem","position":3,"name":"Immobilien Business Ausgabe 5\/2023"}]},{"@type":"WebSite","@id":"https:\/\/www.immobilienbusiness.ch\/#website","url":"https:\/\/www.immobilienbusiness.ch\/","name":"IMMOBILIER Business","description":"Magazine \u00e9conomique suisse ind\u00e9pendant ax\u00e9 sur l'immobilier, l'architecture et la construction ainsi que sur les investissements et le financement.","publisher":{"@id":"https:\/\/www.immobilienbusiness.ch\/#organization"},"potentialAction":[{"@type":"SearchAction","target":{"@type":"EntryPoint","urlTemplate":"https:\/\/www.immobilienbusiness.ch\/?s={search_term_string}"},"query-input":{"@type":"PropertyValueSpecification","valueRequired":true,"valueName":"search_term_string"}}],"inLanguage":"fr-FR"},{"@type":"Organization","@id":"https:\/\/www.immobilienbusiness.ch\/#organization","name":"IMMOBILIER Business","url":"https:\/\/www.immobilienbusiness.ch\/","logo":{"@type":"ImageObject","inLanguage":"fr-FR","@id":"https:\/\/www.immobilienbusiness.ch\/#\/schema\/logo\/image\/","url":"https:\/\/www.immobilienbusiness.ch\/wp-content\/uploads\/2021\/07\/logo_ib.png","contentUrl":"https:\/\/www.immobilienbusiness.ch\/wp-content\/uploads\/2021\/07\/logo_ib.png","width":800,"height":181,"caption":"IMMOBILIEN Business"},"image":{"@id":"https:\/\/www.immobilienbusiness.ch\/#\/schema\/logo\/image\/"},"sameAs":["https:\/\/www.facebook.com\/immobilienbusiness\/"]}]}},"_links":{"self":[{"href":"https:\/\/www.immobilienbusiness.ch\/fr\/wp-json\/wp\/v2\/product\/50362","targetHints":{"allow":["GET"]}}],"collection":[{"href":"https:\/\/www.immobilienbusiness.ch\/fr\/wp-json\/wp\/v2\/product"}],"about":[{"href":"https:\/\/www.immobilienbusiness.ch\/fr\/wp-json\/wp\/v2\/types\/product"}],"wp:featuredmedia":[{"embeddable":true,"href":"https:\/\/www.immobilienbusiness.ch\/fr\/wp-json\/wp\/v2\/media\/50364"}],"wp:attachment":[{"href":"https:\/\/www.immobilienbusiness.ch\/fr\/wp-json\/wp\/v2\/media?parent=50362"}],"wp:term":[{"taxonomy":"product_brand","embeddable":true,"href":"https:\/\/www.immobilienbusiness.ch\/fr\/wp-json\/wp\/v2\/product_brand?post=50362"},{"taxonomy":"product_cat","embeddable":true,"href":"https:\/\/www.immobilienbusiness.ch\/fr\/wp-json\/wp\/v2\/product_cat?post=50362"},{"taxonomy":"product_tag","embeddable":true,"href":"https:\/\/www.immobilienbusiness.ch\/fr\/wp-json\/wp\/v2\/product_tag?post=50362"}],"curies":[{"name":"wp","href":"https:\/\/api.w.org\/{rel}","templated":true}]}}