{"id":46283,"date":"2023-03-22T10:06:16","date_gmt":"2023-03-22T09:06:16","guid":{"rendered":"https:\/\/www.immobilienbusiness.ch\/?post_type=product&#038;p=46283"},"modified":"2026-02-17T15:56:41","modified_gmt":"2026-02-17T14:56:41","slug":"immobilien-business-ausgabe-3-2023-kopie","status":"publish","type":"product","link":"https:\/\/www.immobilienbusiness.ch\/fr\/product\/immobilien-business-ausgabe-3-2023-kopie\/","title":{"rendered":"Immobilien Business \u00c9dition 3\/2023"},"content":{"rendered":"<h3 class=\"p1\">Nouvelles<\/h3>\n<ul>\n<li class=\"p2\">Zurich : nouveau d\u00e9part pour la maison Jelmoli<\/li>\n<li class=\"p2\">Zurich : site de l'h\u00f4pital municipal \u00e0 l'Europaallee<\/li>\n<li class=\"p2\">Personnel : Swiss Finance &amp; Property \/ Nova Property Fund Management<\/li>\n<li class=\"p2\">Dielsdorf : une croissance pour le campus Metro de Zurich<\/li>\n<li class=\"p2\">Zurich : Habiter sur le site de Harslen<\/li>\n<li class=\"p2\">Personnel : HRS \/ Groupe Schlangenhauf<\/li>\n<li class=\"p2\">Altdorf : coup d'envoi pour \"Werkmatt Uri<\/li>\n<li class=\"p2\">B\u00e2le : Hunkem\u00f6ller s'installe dans la Freie Strasse<\/li>\n<li class=\"p2\">Personnel : Hiag Immobilien \/ Investis<\/li>\n<li class=\"p2\">B\u00e2le : un lifting pour la poste centrale historique<\/li>\n<li class=\"p2\">B\u00e2le : plus de gastronomie \u00e0 la gare CFF<\/li>\n<li class=\"p2\">Personnel : Eiffage CH \/ SF Urban Properties<\/li>\n<li class=\"p2\">Berne : le deuxi\u00e8me h\u00f4tel Stay-Kooook est sur les rails<\/li>\n<li class=\"p2\">Berthoud : d\u00e9but de la construction sur le site Aebi<\/li>\n<li class=\"p2\">Personnel : Belv\u00e9d\u00e8re Asset Management AG<\/li>\n<li class=\"p2\">La ville d'Emmen : Le canton de Lucerne construit sur la Seetalplatz<\/li>\n<li class=\"p2\">Le site de H\u00e4rkingen : Cargo Sous Terrain progresse<\/li>\n<li class=\"p2\">Personnel : Swiss Property AG<\/li>\n<\/ul>\n<h3 class=\"p3\">Tendances<\/h3>\n<ul>\n<li class=\"p2\">Le retour des bunkers Les particuliers s'int\u00e9ressent aux installations militaires<\/li>\n<\/ul>\n<h3 class=\"p4\">March\u00e9s et investissements<\/h3>\n<ul>\n<li class=\"p2\">Actions immobili\u00e8res ou fonds sectoriels cot\u00e9s ? Tout d\u00e9pend du portefeuille<\/li>\n<li class=\"p2\">Entretien : Marc Pointet, Ina Invest AG<\/li>\n<\/ul>\n<h3>Titre Sujet<\/h3>\n<ul>\n<li class=\"p2\">Les march\u00e9s de bureaux d\u00e9fient la crise La demande de surfaces de bureaux se maintient<\/li>\n<\/ul>\n<h3 class=\"p5\">Gestion d'actifs et de portefeuilles<\/h3>\n<ul>\n<li class=\"p2\">L'or du b\u00e9ton perd de son \u00e9clat - Le march\u00e9 immobilier apr\u00e8s le retournement des taux d'int\u00e9r\u00eat<\/li>\n<\/ul>\n<h3>Des r\u00e9gions<\/h3>\n<ul>\n<li class=\"p2\">Opportunit\u00e9s d'investissement en Suisse orientale Le canton de Saint-Gall sous la loupe des investisseurs<\/li>\n<\/ul>\n<h3 class=\"p7\">Architecture et industrie du b\u00e2timent<\/h3>\n<ul>\n<li class=\"p2\">Construire est \u00e0 nouveau calculable Le d\u00e9veloppement de projets redevient attractif<\/li>\n<\/ul>\n<h3 class=\"p8\">R\u00e9sidentiel<\/h3>\n<ul>\n<li class=\"p2\">Le blocage des r\u00e9novations en copropri\u00e9t\u00e9 - De nouveaux mod\u00e8les de financement pour les r\u00e9novations<\/li>\n<li class=\"p2\">La compression des rendements est stopp\u00e9e - Le potentiel de cash-flow augmente<\/li>\n<\/ul>\n<h3 class=\"p9\">March\u00e9s \u00e9trangers<\/h3>\n<ul>\n<li class=\"p2\">D\u00e9but de la construction de The Ellinikon - du site de l'a\u00e9roport au quartier urbain<\/li>\n<\/ul>\n<h3 class=\"p1\">March\u00e9s financiers immobiliers<\/h3>\n<ul>\n<li class=\"p2\">Interview du mois : Fabian Linke, Swiss Prime Site Solutions<\/li>\n<li class=\"p2\">Peach Property : \"Un net potentiel de plus-value\" Procimmo : fusion des filiales Swiss Estates : \u00e9largissement du portefeuille<\/li>\n<li class=\"p2\">Swiss Prime Site : une nouvelle \u00e9tape : Augmentation massive des AuM Realstone AST : en tourn\u00e9e d'achat Swiss Prime AST : revenus locatifs en nette hausse Fondation de placement Swiss Life : capital demand\u00e9<\/li>\n<li class=\"p2\">Procimmo : Immo 56 cherche de l'argent frais Cronos Immo Fund : augmentation de capital pr\u00e9vue Seraina Invest : 22e \u00e9mission SFP AST : acquisitions pr\u00e9vues Helvetia CH Property Fund : cotation en vue Swiss Finance &amp; Property Group : le Royaume-Uni en ligne de mire<\/li>\n<li class=\"p2\">R\u00e9trospective IMMO'23 :<\/li>\n<li class=\"p2\">Credit Suisse AM : investissement h\u00f4telier en Floride ODH : augmentation des ventes immobili\u00e8res<\/li>\n<li class=\"p2\">Stoneweg Hospitality : Acquisitions \u00e0 Majorque Edmond de Rothschild REIM : Nouvelle division<\/li>\n<li class=\"p2\">Opinion de march\u00e9 : Generali Real Estate<\/li>\n<\/ul>","protected":false},"excerpt":{"rendered":"<p>Re\u00e7ois la revue sp\u00e9cialis\u00e9e de langue allemande \"Immobilien Business\" dans son num\u00e9ro 3\/2023 \u00e0 t\u00e9l\u00e9charger au format PDF avec la table des mati\u00e8res ci-dessous :<\/p>","protected":false},"featured_media":46284,"template":"","meta":{"_acf_changed":false,"pgc_sgb_lightbox_settings":""},"product_brand":[],"product_cat":[921],"product_tag":[2187],"class_list":{"0":"post-46283","1":"product","2":"type-product","3":"status-publish","4":"has-post-thumbnail","6":"product_cat-einzelausgaben","7":"product_tag-2187","9":"first","10":"instock","11":"downloadable","12":"virtual","13":"taxable","14":"purchasable","15":"product-type-simple"},"acf":[],"yoast_head":"<!-- This site is optimized with the Yoast SEO plugin v27.4 - https:\/\/yoast.com\/product\/yoast-seo-wordpress\/ -->\n<title>Immobilien Business Ausgabe 3\/2023 - IMMOBILIEN Business<\/title>\n<meta name=\"description\" content=\"Erhalte die deutschsprachige Fachzeitschrift \u00abImmobilien Business\u00bb in der Ausgabe 3\/2023 als PDF-Download mit nachfolgendem Inhaltsverzeichnis:\" \/>\n<meta name=\"robots\" content=\"index, follow, max-snippet:-1, max-image-preview:large, max-video-preview:-1\" \/>\n<link rel=\"canonical\" href=\"https:\/\/www.immobilienbusiness.ch\/fr\/product\/immobilien-business-ausgabe-3-2023-kopie\/\" \/>\n<meta property=\"og:locale\" content=\"fr_FR\" \/>\n<meta property=\"og:type\" content=\"article\" \/>\n<meta property=\"og:title\" content=\"Immobilien Business Ausgabe 3\/2023 - IMMOBILIEN Business\" \/>\n<meta property=\"og:description\" content=\"Erhalte die deutschsprachige Fachzeitschrift \u00abImmobilien Business\u00bb in der Ausgabe 3\/2023 als PDF-Download mit nachfolgendem Inhaltsverzeichnis:\" \/>\n<meta property=\"og:url\" content=\"https:\/\/www.immobilienbusiness.ch\/fr\/product\/immobilien-business-ausgabe-3-2023-kopie\/\" \/>\n<meta property=\"og:site_name\" content=\"IMMOBILIEN Business\" \/>\n<meta property=\"article:publisher\" content=\"https:\/\/www.facebook.com\/immobilienbusiness\/\" \/>\n<meta property=\"article:modified_time\" content=\"2026-02-17T14:56:41+00:00\" \/>\n<meta property=\"og:image\" content=\"https:\/\/www.immobilienbusiness.ch\/wp-content\/uploads\/2023\/03\/Immobilien_Business_2023_3.png\" \/>\n\t<meta property=\"og:image:width\" content=\"654\" \/>\n\t<meta property=\"og:image:height\" content=\"370\" \/>\n\t<meta property=\"og:image:type\" content=\"image\/png\" \/>\n<meta name=\"twitter:card\" content=\"summary_large_image\" \/>\n<script type=\"application\/ld+json\" class=\"yoast-schema-graph\">{\"@context\":\"https:\\\/\\\/schema.org\",\"@graph\":[{\"@type\":\"WebPage\",\"@id\":\"https:\\\/\\\/www.immobilienbusiness.ch\\\/produkt\\\/immobilien-business-ausgabe-3-2023-kopie\\\/\",\"url\":\"https:\\\/\\\/www.immobilienbusiness.ch\\\/produkt\\\/immobilien-business-ausgabe-3-2023-kopie\\\/\",\"name\":\"Immobilien Business Ausgabe 3\\\/2023 - IMMOBILIEN Business\",\"isPartOf\":{\"@id\":\"https:\\\/\\\/www.immobilienbusiness.ch\\\/#website\"},\"primaryImageOfPage\":{\"@id\":\"https:\\\/\\\/www.immobilienbusiness.ch\\\/produkt\\\/immobilien-business-ausgabe-3-2023-kopie\\\/#primaryimage\"},\"image\":{\"@id\":\"https:\\\/\\\/www.immobilienbusiness.ch\\\/produkt\\\/immobilien-business-ausgabe-3-2023-kopie\\\/#primaryimage\"},\"thumbnailUrl\":\"https:\\\/\\\/www.immobilienbusiness.ch\\\/wp-content\\\/uploads\\\/2023\\\/03\\\/Immobilien_Business_2023_3.png\",\"datePublished\":\"2023-03-22T09:06:16+00:00\",\"dateModified\":\"2026-02-17T14:56:41+00:00\",\"description\":\"Erhalte die deutschsprachige Fachzeitschrift \u00abImmobilien Business\u00bb in der Ausgabe 3\\\/2023 als PDF-Download mit nachfolgendem Inhaltsverzeichnis:\",\"breadcrumb\":{\"@id\":\"https:\\\/\\\/www.immobilienbusiness.ch\\\/produkt\\\/immobilien-business-ausgabe-3-2023-kopie\\\/#breadcrumb\"},\"inLanguage\":\"fr-FR\",\"potentialAction\":[{\"@type\":\"ReadAction\",\"target\":[\"https:\\\/\\\/www.immobilienbusiness.ch\\\/produkt\\\/immobilien-business-ausgabe-3-2023-kopie\\\/\"]}]},{\"@type\":\"ImageObject\",\"inLanguage\":\"fr-FR\",\"@id\":\"https:\\\/\\\/www.immobilienbusiness.ch\\\/produkt\\\/immobilien-business-ausgabe-3-2023-kopie\\\/#primaryimage\",\"url\":\"https:\\\/\\\/www.immobilienbusiness.ch\\\/wp-content\\\/uploads\\\/2023\\\/03\\\/Immobilien_Business_2023_3.png\",\"contentUrl\":\"https:\\\/\\\/www.immobilienbusiness.ch\\\/wp-content\\\/uploads\\\/2023\\\/03\\\/Immobilien_Business_2023_3.png\",\"width\":654,\"height\":370},{\"@type\":\"BreadcrumbList\",\"@id\":\"https:\\\/\\\/www.immobilienbusiness.ch\\\/produkt\\\/immobilien-business-ausgabe-3-2023-kopie\\\/#breadcrumb\",\"itemListElement\":[{\"@type\":\"ListItem\",\"position\":1,\"name\":\"Home\",\"item\":\"https:\\\/\\\/www.immobilienbusiness.ch\\\/\"},{\"@type\":\"ListItem\",\"position\":2,\"name\":\"Shop\",\"item\":\"https:\\\/\\\/www.immobilienbusiness.ch\\\/en\\\/shop\\\/\"},{\"@type\":\"ListItem\",\"position\":3,\"name\":\"Immobilien Business Ausgabe 3\\\/2023\"}]},{\"@type\":\"WebSite\",\"@id\":\"https:\\\/\\\/www.immobilienbusiness.ch\\\/#website\",\"url\":\"https:\\\/\\\/www.immobilienbusiness.ch\\\/\",\"name\":\"IMMOBILIEN Business\",\"description\":\"Unabh\u00e4ngiges Schweizer Wirtschaftsmagazin mit Fokus auf Immobilien, Architektur- und Bau sowie Investment- und Finanzierung.\",\"publisher\":{\"@id\":\"https:\\\/\\\/www.immobilienbusiness.ch\\\/#organization\"},\"potentialAction\":[{\"@type\":\"SearchAction\",\"target\":{\"@type\":\"EntryPoint\",\"urlTemplate\":\"https:\\\/\\\/www.immobilienbusiness.ch\\\/?s={search_term_string}\"},\"query-input\":{\"@type\":\"PropertyValueSpecification\",\"valueRequired\":true,\"valueName\":\"search_term_string\"}}],\"inLanguage\":\"fr-FR\"},{\"@type\":\"Organization\",\"@id\":\"https:\\\/\\\/www.immobilienbusiness.ch\\\/#organization\",\"name\":\"IMMOBILIEN Business\",\"url\":\"https:\\\/\\\/www.immobilienbusiness.ch\\\/\",\"logo\":{\"@type\":\"ImageObject\",\"inLanguage\":\"fr-FR\",\"@id\":\"https:\\\/\\\/www.immobilienbusiness.ch\\\/#\\\/schema\\\/logo\\\/image\\\/\",\"url\":\"https:\\\/\\\/www.immobilienbusiness.ch\\\/wp-content\\\/uploads\\\/2021\\\/07\\\/logo_ib.png\",\"contentUrl\":\"https:\\\/\\\/www.immobilienbusiness.ch\\\/wp-content\\\/uploads\\\/2021\\\/07\\\/logo_ib.png\",\"width\":800,\"height\":181,\"caption\":\"IMMOBILIEN Business\"},\"image\":{\"@id\":\"https:\\\/\\\/www.immobilienbusiness.ch\\\/#\\\/schema\\\/logo\\\/image\\\/\"},\"sameAs\":[\"https:\\\/\\\/www.facebook.com\\\/immobilienbusiness\\\/\"]}]}<\/script>\n<!-- \/ Yoast SEO plugin. -->","yoast_head_json":{"title":"Immobilien Business \u00e9dition 3\/2023 - IMMOBILIER Business","description":"Re\u00e7ois la revue sp\u00e9cialis\u00e9e de langue allemande \"Immobilien Business\" dans son num\u00e9ro 3\/2023 \u00e0 t\u00e9l\u00e9charger au format PDF avec la table des mati\u00e8res ci-dessous :","robots":{"index":"index","follow":"follow","max-snippet":"max-snippet:-1","max-image-preview":"max-image-preview:large","max-video-preview":"max-video-preview:-1"},"canonical":"https:\/\/www.immobilienbusiness.ch\/fr\/product\/immobilien-business-ausgabe-3-2023-kopie\/","og_locale":"fr_FR","og_type":"article","og_title":"Immobilien Business Ausgabe 3\/2023 - IMMOBILIEN Business","og_description":"Erhalte die deutschsprachige Fachzeitschrift \u00abImmobilien Business\u00bb in der Ausgabe 3\/2023 als PDF-Download mit nachfolgendem Inhaltsverzeichnis:","og_url":"https:\/\/www.immobilienbusiness.ch\/fr\/product\/immobilien-business-ausgabe-3-2023-kopie\/","og_site_name":"IMMOBILIEN Business","article_publisher":"https:\/\/www.facebook.com\/immobilienbusiness\/","article_modified_time":"2026-02-17T14:56:41+00:00","og_image":[{"width":654,"height":370,"url":"https:\/\/www.immobilienbusiness.ch\/wp-content\/uploads\/2023\/03\/Immobilien_Business_2023_3.png","type":"image\/png"}],"twitter_card":"summary_large_image","schema":{"@context":"https:\/\/schema.org","@graph":[{"@type":"WebPage","@id":"https:\/\/www.immobilienbusiness.ch\/produkt\/immobilien-business-ausgabe-3-2023-kopie\/","url":"https:\/\/www.immobilienbusiness.ch\/produkt\/immobilien-business-ausgabe-3-2023-kopie\/","name":"Immobilien Business \u00e9dition 3\/2023 - IMMOBILIER Business","isPartOf":{"@id":"https:\/\/www.immobilienbusiness.ch\/#website"},"primaryImageOfPage":{"@id":"https:\/\/www.immobilienbusiness.ch\/produkt\/immobilien-business-ausgabe-3-2023-kopie\/#primaryimage"},"image":{"@id":"https:\/\/www.immobilienbusiness.ch\/produkt\/immobilien-business-ausgabe-3-2023-kopie\/#primaryimage"},"thumbnailUrl":"https:\/\/www.immobilienbusiness.ch\/wp-content\/uploads\/2023\/03\/Immobilien_Business_2023_3.png","datePublished":"2023-03-22T09:06:16+00:00","dateModified":"2026-02-17T14:56:41+00:00","description":"Re\u00e7ois la revue sp\u00e9cialis\u00e9e de langue allemande \"Immobilien Business\" dans son num\u00e9ro 3\/2023 \u00e0 t\u00e9l\u00e9charger au format PDF avec la table des mati\u00e8res ci-dessous :","breadcrumb":{"@id":"https:\/\/www.immobilienbusiness.ch\/produkt\/immobilien-business-ausgabe-3-2023-kopie\/#breadcrumb"},"inLanguage":"fr-FR","potentialAction":[{"@type":"ReadAction","target":["https:\/\/www.immobilienbusiness.ch\/produkt\/immobilien-business-ausgabe-3-2023-kopie\/"]}]},{"@type":"ImageObject","inLanguage":"fr-FR","@id":"https:\/\/www.immobilienbusiness.ch\/produkt\/immobilien-business-ausgabe-3-2023-kopie\/#primaryimage","url":"https:\/\/www.immobilienbusiness.ch\/wp-content\/uploads\/2023\/03\/Immobilien_Business_2023_3.png","contentUrl":"https:\/\/www.immobilienbusiness.ch\/wp-content\/uploads\/2023\/03\/Immobilien_Business_2023_3.png","width":654,"height":370},{"@type":"BreadcrumbList","@id":"https:\/\/www.immobilienbusiness.ch\/produkt\/immobilien-business-ausgabe-3-2023-kopie\/#breadcrumb","itemListElement":[{"@type":"ListItem","position":1,"name":"Home","item":"https:\/\/www.immobilienbusiness.ch\/"},{"@type":"ListItem","position":2,"name":"Shop","item":"https:\/\/www.immobilienbusiness.ch\/en\/shop\/"},{"@type":"ListItem","position":3,"name":"Immobilien Business Ausgabe 3\/2023"}]},{"@type":"WebSite","@id":"https:\/\/www.immobilienbusiness.ch\/#website","url":"https:\/\/www.immobilienbusiness.ch\/","name":"IMMOBILIER Business","description":"Magazine \u00e9conomique suisse ind\u00e9pendant ax\u00e9 sur l'immobilier, l'architecture et la construction ainsi que sur les investissements et le financement.","publisher":{"@id":"https:\/\/www.immobilienbusiness.ch\/#organization"},"potentialAction":[{"@type":"SearchAction","target":{"@type":"EntryPoint","urlTemplate":"https:\/\/www.immobilienbusiness.ch\/?s={search_term_string}"},"query-input":{"@type":"PropertyValueSpecification","valueRequired":true,"valueName":"search_term_string"}}],"inLanguage":"fr-FR"},{"@type":"Organization","@id":"https:\/\/www.immobilienbusiness.ch\/#organization","name":"IMMOBILIER Business","url":"https:\/\/www.immobilienbusiness.ch\/","logo":{"@type":"ImageObject","inLanguage":"fr-FR","@id":"https:\/\/www.immobilienbusiness.ch\/#\/schema\/logo\/image\/","url":"https:\/\/www.immobilienbusiness.ch\/wp-content\/uploads\/2021\/07\/logo_ib.png","contentUrl":"https:\/\/www.immobilienbusiness.ch\/wp-content\/uploads\/2021\/07\/logo_ib.png","width":800,"height":181,"caption":"IMMOBILIEN Business"},"image":{"@id":"https:\/\/www.immobilienbusiness.ch\/#\/schema\/logo\/image\/"},"sameAs":["https:\/\/www.facebook.com\/immobilienbusiness\/"]}]}},"_links":{"self":[{"href":"https:\/\/www.immobilienbusiness.ch\/fr\/wp-json\/wp\/v2\/product\/46283","targetHints":{"allow":["GET"]}}],"collection":[{"href":"https:\/\/www.immobilienbusiness.ch\/fr\/wp-json\/wp\/v2\/product"}],"about":[{"href":"https:\/\/www.immobilienbusiness.ch\/fr\/wp-json\/wp\/v2\/types\/product"}],"wp:featuredmedia":[{"embeddable":true,"href":"https:\/\/www.immobilienbusiness.ch\/fr\/wp-json\/wp\/v2\/media\/46284"}],"wp:attachment":[{"href":"https:\/\/www.immobilienbusiness.ch\/fr\/wp-json\/wp\/v2\/media?parent=46283"}],"wp:term":[{"taxonomy":"product_brand","embeddable":true,"href":"https:\/\/www.immobilienbusiness.ch\/fr\/wp-json\/wp\/v2\/product_brand?post=46283"},{"taxonomy":"product_cat","embeddable":true,"href":"https:\/\/www.immobilienbusiness.ch\/fr\/wp-json\/wp\/v2\/product_cat?post=46283"},{"taxonomy":"product_tag","embeddable":true,"href":"https:\/\/www.immobilienbusiness.ch\/fr\/wp-json\/wp\/v2\/product_tag?post=46283"}],"curies":[{"name":"wp","href":"https:\/\/api.w.org\/{rel}","templated":true}]}}