{"id":46279,"date":"2023-03-22T09:53:32","date_gmt":"2023-03-22T08:53:32","guid":{"rendered":"https:\/\/www.immobilienbusiness.ch\/?post_type=product&#038;p=46279"},"modified":"2026-02-17T15:56:42","modified_gmt":"2026-02-17T14:56:42","slug":"immobilien-business-ausgabe-2-2023","status":"publish","type":"product","link":"https:\/\/www.immobilienbusiness.ch\/fr\/product\/immobilien-business-ausgabe-2-2023\/","title":{"rendered":"Immobilien Business \u00c9dition 2\/2023"},"content":{"rendered":"<h3 class=\"p1\">Nouvelles<\/h3>\n<ul>\n<li class=\"p2\">Zurich : de nouveaux logements pour Albisrieden<\/li>\n<li class=\"p2\">Zurich : Reformhaus M\u00fcller ferme ses filiales<\/li>\n<li class=\"p2\">Personnel : W\u00fcest Partner<\/li>\n<li class=\"p2\">Effretikon : une tour pour le quartier de la gare<\/li>\n<li class=\"p2\">Hausen : De grands projets pour le campus Reichhold<\/li>\n<li class=\"p2\">Personnel : Ecoreal Immobilien AST<\/li>\n<li class=\"p2\">B\u00e2le : une autre tour pour la BIZ<\/li>\n<li class=\"p2\">B\u00e2le : premier hub d'ordinateurs quantiques<\/li>\n<li class=\"p2\">Personnel : Pom + Consulting AG \/ Markstein AG<\/li>\n<li class=\"p2\">B\u00e2le : plus de vie pour la place de la Foire<\/li>\n<li class=\"p2\">B\u00e2le : une croissance pour la Freie Strasse<\/li>\n<li class=\"p2\">Personnel : Intershop Holding AG \/ Fortimo AG<\/li>\n<li class=\"p2\">Biberist : d\u00e9but de la construction sur le Papieri-Areal en vue<\/li>\n<li class=\"p2\">Kriens : premier coup de pioche pour la Pilatus Arena<\/li>\n<li class=\"p2\">Personnel : Allreal Holding AG \/ Mobimo Holding AG<\/li>\n<li class=\"p2\">Berne : premiers projets sur le Viererfeld<\/li>\n<li class=\"p2\">Berne : d\u00e9but des travaux dans le quartier de Mattenhof<\/li>\n<li class=\"p2\">L'entreprise : 60 ans de Livit<\/li>\n<\/ul>\n<h3 class=\"p3\">Tendances<\/h3>\n<ul>\n<li class=\"p2\">Coop\u00e9ration plut\u00f4t que concurrence - De la station de sports d'hiver \u00e0 la destination toute l'ann\u00e9e<\/li>\n<\/ul>\n<h3 class=\"p1\">March\u00e9s et investissements<\/h3>\n<ul>\n<li class=\"p2\">Signes de confiance - Si la conjoncture mondiale s'am\u00e9liore, les march\u00e9s immobiliers pourraient reprendre de la vigueur<\/li>\n<\/ul>\n<h3 class=\"p3\">Titre Sujet<\/h3>\n<ul>\n<li class=\"p2\">A contre-courant - Les investissements anticycliques offrent des opportunit\u00e9s<\/li>\n<li class=\"p2\">Les march\u00e9s immobiliers s'ass\u00e8chent La hausse des taux d'int\u00e9r\u00eat freine l'int\u00e9r\u00eat des investisseurs<\/li>\n<\/ul>\n<h3 class=\"p4\">Des r\u00e9gions<\/h3>\n<ul>\n<li class=\"p2\">La s\u00e9curit\u00e9 des donn\u00e9es est tr\u00e8s recherch\u00e9e - Les bureaux de Zurich sont tr\u00e8s demand\u00e9s<\/li>\n<\/ul>\n<h3 class=\"p5\">D\u00e9veloppement du projet et du site<\/h3>\n<ul>\n<li class=\"p2\">Une densification qui a de l'avenir - Premiers emm\u00e9nagements dans le quartier Glasi<\/li>\n<\/ul>\n<h3 class=\"p6\">R\u00e9sidentiel<\/h3>\n<ul>\n<li class=\"p2\">Le crux de la copropri\u00e9t\u00e9 - SA immobili\u00e8re au lieu de la propri\u00e9t\u00e9 par \u00e9tage<\/li>\n<li class=\"p2\">Chronique : Berne n'est pas Zurich<\/li>\n<\/ul>\n<h3 class=\"p7\">Infrastructure<\/h3>\n<ul>\n<li class=\"p2\">Rendement avec le soleil et le vent - Le d\u00e9veloppement des \u00e9nergies renouvelables cr\u00e9e de nouvelles possibilit\u00e9s d'investissement<\/li>\n<\/ul>\n<h3 class=\"p1\">March\u00e9s financiers immobiliers<\/h3>\n<ul>\n<li class=\"p2\">Interview du mois : Michael Loose, CEO Investissements Fonciers SA<\/li>\n<li class=\"p2\">Plazza AG : d\u00e9veloppement stable Stoneweg S.A. : nouvel actionnaire important TX Group : cr\u00e9ation d'une division immobili\u00e8re Swiss Finance &amp; Property Group : le Royaume-Uni en ligne de mire<\/li>\n<li class=\"p2\">Realstone RSF : premier semestre r\u00e9ussi SPSS IFC : portefeuille \u00e9largi Procimmo RE SICAV : nouvelle direction de fonds<\/li>\n<li class=\"p2\">UBS Anfos : Augmentation du rendement des placements Quantum AG : Investissement \u00e0 Zurich Avadis AST : Deal \u00e0 Lausanne HIG AST : Nettement en hausse<\/li>\n<li class=\"p2\">Swiss Life AST : nouvelles acquisitions Utilita AST : r\u00e9duction significative du taux de vacance Steiner Investment Foundation : nouveau chapitre<\/li>\n<li class=\"p2\">Fonds du Credit Suisse : un exercice difficile<\/li>\n<li class=\"p2\">Empira Group : nouveau fonds r\u00e9sidentiel Peach Property Goup : davantage de liquidit\u00e9s demand\u00e9es Swiss Life REF European Living : nouvelle acquisition<\/li>\n<li class=\"p2\">Acron AG : Investissement au Luxembourg Fundamenta Group Deutschland : Le logement abordable comme objectif d'investissement<\/li>\n<li class=\"p2\">PrimeraAdvisors : la r\u00e9gion APAC en ligne de mire<\/li>\n<\/ul>\n<h3 class=\"p3\">Copropri\u00e9t\u00e9<\/h3>\n<ul>\n<li class=\"p2\">Le chauffage urbain est-il une alternative durable ?<\/li>\n<\/ul>","protected":false},"excerpt":{"rendered":"<p>Re\u00e7ois la revue sp\u00e9cialis\u00e9e de langue allemande \"Immobilien Business\" dans son num\u00e9ro 2\/2023 \u00e0 t\u00e9l\u00e9charger au format PDF avec la table des mati\u00e8res ci-dessous :<\/p>","protected":false},"featured_media":46280,"template":"","meta":{"_acf_changed":false,"pgc_sgb_lightbox_settings":""},"product_brand":[],"product_cat":[921],"product_tag":[2187],"class_list":{"0":"post-46279","1":"product","2":"type-product","3":"status-publish","4":"has-post-thumbnail","6":"product_cat-einzelausgaben","7":"product_tag-2187","9":"first","10":"instock","11":"downloadable","12":"virtual","13":"taxable","14":"purchasable","15":"product-type-simple"},"acf":[],"yoast_head":"<!-- This site is optimized with the Yoast SEO plugin v27.4 - https:\/\/yoast.com\/product\/yoast-seo-wordpress\/ -->\n<title>Immobilien Business Ausgabe 2\/2023 - IMMOBILIEN Business<\/title>\n<meta name=\"description\" content=\"Erhalte die deutschsprachige Fachzeitschrift \u00abImmobilien Business\u00bb in der Ausgabe 2\/2023 als PDF-Download mit nachfolgendem Inhaltsverzeichnis:\" \/>\n<meta name=\"robots\" content=\"index, follow, max-snippet:-1, max-image-preview:large, max-video-preview:-1\" \/>\n<link rel=\"canonical\" href=\"https:\/\/www.immobilienbusiness.ch\/fr\/product\/immobilien-business-ausgabe-2-2023\/\" \/>\n<meta property=\"og:locale\" content=\"fr_FR\" \/>\n<meta property=\"og:type\" content=\"article\" \/>\n<meta property=\"og:title\" content=\"Immobilien Business Ausgabe 2\/2023 - IMMOBILIEN Business\" \/>\n<meta property=\"og:description\" content=\"Erhalte die deutschsprachige Fachzeitschrift \u00abImmobilien Business\u00bb in der Ausgabe 2\/2023 als PDF-Download mit nachfolgendem Inhaltsverzeichnis:\" \/>\n<meta property=\"og:url\" content=\"https:\/\/www.immobilienbusiness.ch\/fr\/product\/immobilien-business-ausgabe-2-2023\/\" \/>\n<meta property=\"og:site_name\" content=\"IMMOBILIEN Business\" \/>\n<meta property=\"article:publisher\" content=\"https:\/\/www.facebook.com\/immobilienbusiness\/\" \/>\n<meta property=\"article:modified_time\" content=\"2026-02-17T14:56:42+00:00\" \/>\n<meta property=\"og:image\" content=\"https:\/\/www.immobilienbusiness.ch\/wp-content\/uploads\/2023\/03\/Immobilien_Business_2023_2.png\" \/>\n\t<meta property=\"og:image:width\" content=\"654\" \/>\n\t<meta property=\"og:image:height\" content=\"370\" \/>\n\t<meta property=\"og:image:type\" content=\"image\/png\" \/>\n<meta name=\"twitter:card\" content=\"summary_large_image\" \/>\n<script type=\"application\/ld+json\" class=\"yoast-schema-graph\">{\"@context\":\"https:\\\/\\\/schema.org\",\"@graph\":[{\"@type\":\"WebPage\",\"@id\":\"https:\\\/\\\/www.immobilienbusiness.ch\\\/produkt\\\/immobilien-business-ausgabe-2-2023\\\/\",\"url\":\"https:\\\/\\\/www.immobilienbusiness.ch\\\/produkt\\\/immobilien-business-ausgabe-2-2023\\\/\",\"name\":\"Immobilien Business Ausgabe 2\\\/2023 - IMMOBILIEN Business\",\"isPartOf\":{\"@id\":\"https:\\\/\\\/www.immobilienbusiness.ch\\\/#website\"},\"primaryImageOfPage\":{\"@id\":\"https:\\\/\\\/www.immobilienbusiness.ch\\\/produkt\\\/immobilien-business-ausgabe-2-2023\\\/#primaryimage\"},\"image\":{\"@id\":\"https:\\\/\\\/www.immobilienbusiness.ch\\\/produkt\\\/immobilien-business-ausgabe-2-2023\\\/#primaryimage\"},\"thumbnailUrl\":\"https:\\\/\\\/www.immobilienbusiness.ch\\\/wp-content\\\/uploads\\\/2023\\\/03\\\/Immobilien_Business_2023_2.png\",\"datePublished\":\"2023-03-22T08:53:32+00:00\",\"dateModified\":\"2026-02-17T14:56:42+00:00\",\"description\":\"Erhalte die deutschsprachige Fachzeitschrift \u00abImmobilien Business\u00bb in der Ausgabe 2\\\/2023 als PDF-Download mit nachfolgendem Inhaltsverzeichnis:\",\"breadcrumb\":{\"@id\":\"https:\\\/\\\/www.immobilienbusiness.ch\\\/produkt\\\/immobilien-business-ausgabe-2-2023\\\/#breadcrumb\"},\"inLanguage\":\"fr-FR\",\"potentialAction\":[{\"@type\":\"ReadAction\",\"target\":[\"https:\\\/\\\/www.immobilienbusiness.ch\\\/produkt\\\/immobilien-business-ausgabe-2-2023\\\/\"]}]},{\"@type\":\"ImageObject\",\"inLanguage\":\"fr-FR\",\"@id\":\"https:\\\/\\\/www.immobilienbusiness.ch\\\/produkt\\\/immobilien-business-ausgabe-2-2023\\\/#primaryimage\",\"url\":\"https:\\\/\\\/www.immobilienbusiness.ch\\\/wp-content\\\/uploads\\\/2023\\\/03\\\/Immobilien_Business_2023_2.png\",\"contentUrl\":\"https:\\\/\\\/www.immobilienbusiness.ch\\\/wp-content\\\/uploads\\\/2023\\\/03\\\/Immobilien_Business_2023_2.png\",\"width\":654,\"height\":370},{\"@type\":\"BreadcrumbList\",\"@id\":\"https:\\\/\\\/www.immobilienbusiness.ch\\\/produkt\\\/immobilien-business-ausgabe-2-2023\\\/#breadcrumb\",\"itemListElement\":[{\"@type\":\"ListItem\",\"position\":1,\"name\":\"Home\",\"item\":\"https:\\\/\\\/www.immobilienbusiness.ch\\\/\"},{\"@type\":\"ListItem\",\"position\":2,\"name\":\"Shop\",\"item\":\"https:\\\/\\\/www.immobilienbusiness.ch\\\/en\\\/shop\\\/\"},{\"@type\":\"ListItem\",\"position\":3,\"name\":\"Immobilien Business Ausgabe 2\\\/2023\"}]},{\"@type\":\"WebSite\",\"@id\":\"https:\\\/\\\/www.immobilienbusiness.ch\\\/#website\",\"url\":\"https:\\\/\\\/www.immobilienbusiness.ch\\\/\",\"name\":\"IMMOBILIEN Business\",\"description\":\"Unabh\u00e4ngiges Schweizer Wirtschaftsmagazin mit Fokus auf Immobilien, Architektur- und Bau sowie Investment- und Finanzierung.\",\"publisher\":{\"@id\":\"https:\\\/\\\/www.immobilienbusiness.ch\\\/#organization\"},\"potentialAction\":[{\"@type\":\"SearchAction\",\"target\":{\"@type\":\"EntryPoint\",\"urlTemplate\":\"https:\\\/\\\/www.immobilienbusiness.ch\\\/?s={search_term_string}\"},\"query-input\":{\"@type\":\"PropertyValueSpecification\",\"valueRequired\":true,\"valueName\":\"search_term_string\"}}],\"inLanguage\":\"fr-FR\"},{\"@type\":\"Organization\",\"@id\":\"https:\\\/\\\/www.immobilienbusiness.ch\\\/#organization\",\"name\":\"IMMOBILIEN Business\",\"url\":\"https:\\\/\\\/www.immobilienbusiness.ch\\\/\",\"logo\":{\"@type\":\"ImageObject\",\"inLanguage\":\"fr-FR\",\"@id\":\"https:\\\/\\\/www.immobilienbusiness.ch\\\/#\\\/schema\\\/logo\\\/image\\\/\",\"url\":\"https:\\\/\\\/www.immobilienbusiness.ch\\\/wp-content\\\/uploads\\\/2021\\\/07\\\/logo_ib.png\",\"contentUrl\":\"https:\\\/\\\/www.immobilienbusiness.ch\\\/wp-content\\\/uploads\\\/2021\\\/07\\\/logo_ib.png\",\"width\":800,\"height\":181,\"caption\":\"IMMOBILIEN Business\"},\"image\":{\"@id\":\"https:\\\/\\\/www.immobilienbusiness.ch\\\/#\\\/schema\\\/logo\\\/image\\\/\"},\"sameAs\":[\"https:\\\/\\\/www.facebook.com\\\/immobilienbusiness\\\/\"]}]}<\/script>\n<!-- \/ Yoast SEO plugin. -->","yoast_head_json":{"title":"Immobilien Business \u00c9dition 2\/2023 - IMMOBILIER Business","description":"Re\u00e7ois la revue sp\u00e9cialis\u00e9e de langue allemande \"Immobilien Business\" dans son num\u00e9ro 2\/2023 \u00e0 t\u00e9l\u00e9charger au format PDF avec la table des mati\u00e8res ci-dessous :","robots":{"index":"index","follow":"follow","max-snippet":"max-snippet:-1","max-image-preview":"max-image-preview:large","max-video-preview":"max-video-preview:-1"},"canonical":"https:\/\/www.immobilienbusiness.ch\/fr\/product\/immobilien-business-ausgabe-2-2023\/","og_locale":"fr_FR","og_type":"article","og_title":"Immobilien Business Ausgabe 2\/2023 - IMMOBILIEN Business","og_description":"Erhalte die deutschsprachige Fachzeitschrift \u00abImmobilien Business\u00bb in der Ausgabe 2\/2023 als PDF-Download mit nachfolgendem Inhaltsverzeichnis:","og_url":"https:\/\/www.immobilienbusiness.ch\/fr\/product\/immobilien-business-ausgabe-2-2023\/","og_site_name":"IMMOBILIEN Business","article_publisher":"https:\/\/www.facebook.com\/immobilienbusiness\/","article_modified_time":"2026-02-17T14:56:42+00:00","og_image":[{"width":654,"height":370,"url":"https:\/\/www.immobilienbusiness.ch\/wp-content\/uploads\/2023\/03\/Immobilien_Business_2023_2.png","type":"image\/png"}],"twitter_card":"summary_large_image","schema":{"@context":"https:\/\/schema.org","@graph":[{"@type":"WebPage","@id":"https:\/\/www.immobilienbusiness.ch\/produkt\/immobilien-business-ausgabe-2-2023\/","url":"https:\/\/www.immobilienbusiness.ch\/produkt\/immobilien-business-ausgabe-2-2023\/","name":"Immobilien Business \u00c9dition 2\/2023 - IMMOBILIER Business","isPartOf":{"@id":"https:\/\/www.immobilienbusiness.ch\/#website"},"primaryImageOfPage":{"@id":"https:\/\/www.immobilienbusiness.ch\/produkt\/immobilien-business-ausgabe-2-2023\/#primaryimage"},"image":{"@id":"https:\/\/www.immobilienbusiness.ch\/produkt\/immobilien-business-ausgabe-2-2023\/#primaryimage"},"thumbnailUrl":"https:\/\/www.immobilienbusiness.ch\/wp-content\/uploads\/2023\/03\/Immobilien_Business_2023_2.png","datePublished":"2023-03-22T08:53:32+00:00","dateModified":"2026-02-17T14:56:42+00:00","description":"Re\u00e7ois la revue sp\u00e9cialis\u00e9e de langue allemande \"Immobilien Business\" dans son num\u00e9ro 2\/2023 \u00e0 t\u00e9l\u00e9charger au format PDF avec la table des mati\u00e8res ci-dessous :","breadcrumb":{"@id":"https:\/\/www.immobilienbusiness.ch\/produkt\/immobilien-business-ausgabe-2-2023\/#breadcrumb"},"inLanguage":"fr-FR","potentialAction":[{"@type":"ReadAction","target":["https:\/\/www.immobilienbusiness.ch\/produkt\/immobilien-business-ausgabe-2-2023\/"]}]},{"@type":"ImageObject","inLanguage":"fr-FR","@id":"https:\/\/www.immobilienbusiness.ch\/produkt\/immobilien-business-ausgabe-2-2023\/#primaryimage","url":"https:\/\/www.immobilienbusiness.ch\/wp-content\/uploads\/2023\/03\/Immobilien_Business_2023_2.png","contentUrl":"https:\/\/www.immobilienbusiness.ch\/wp-content\/uploads\/2023\/03\/Immobilien_Business_2023_2.png","width":654,"height":370},{"@type":"BreadcrumbList","@id":"https:\/\/www.immobilienbusiness.ch\/produkt\/immobilien-business-ausgabe-2-2023\/#breadcrumb","itemListElement":[{"@type":"ListItem","position":1,"name":"Home","item":"https:\/\/www.immobilienbusiness.ch\/"},{"@type":"ListItem","position":2,"name":"Shop","item":"https:\/\/www.immobilienbusiness.ch\/en\/shop\/"},{"@type":"ListItem","position":3,"name":"Immobilien Business Ausgabe 2\/2023"}]},{"@type":"WebSite","@id":"https:\/\/www.immobilienbusiness.ch\/#website","url":"https:\/\/www.immobilienbusiness.ch\/","name":"IMMOBILIER Business","description":"Magazine \u00e9conomique suisse ind\u00e9pendant ax\u00e9 sur l'immobilier, l'architecture et la construction ainsi que sur les investissements et le financement.","publisher":{"@id":"https:\/\/www.immobilienbusiness.ch\/#organization"},"potentialAction":[{"@type":"SearchAction","target":{"@type":"EntryPoint","urlTemplate":"https:\/\/www.immobilienbusiness.ch\/?s={search_term_string}"},"query-input":{"@type":"PropertyValueSpecification","valueRequired":true,"valueName":"search_term_string"}}],"inLanguage":"fr-FR"},{"@type":"Organization","@id":"https:\/\/www.immobilienbusiness.ch\/#organization","name":"IMMOBILIER Business","url":"https:\/\/www.immobilienbusiness.ch\/","logo":{"@type":"ImageObject","inLanguage":"fr-FR","@id":"https:\/\/www.immobilienbusiness.ch\/#\/schema\/logo\/image\/","url":"https:\/\/www.immobilienbusiness.ch\/wp-content\/uploads\/2021\/07\/logo_ib.png","contentUrl":"https:\/\/www.immobilienbusiness.ch\/wp-content\/uploads\/2021\/07\/logo_ib.png","width":800,"height":181,"caption":"IMMOBILIEN Business"},"image":{"@id":"https:\/\/www.immobilienbusiness.ch\/#\/schema\/logo\/image\/"},"sameAs":["https:\/\/www.facebook.com\/immobilienbusiness\/"]}]}},"_links":{"self":[{"href":"https:\/\/www.immobilienbusiness.ch\/fr\/wp-json\/wp\/v2\/product\/46279","targetHints":{"allow":["GET"]}}],"collection":[{"href":"https:\/\/www.immobilienbusiness.ch\/fr\/wp-json\/wp\/v2\/product"}],"about":[{"href":"https:\/\/www.immobilienbusiness.ch\/fr\/wp-json\/wp\/v2\/types\/product"}],"wp:featuredmedia":[{"embeddable":true,"href":"https:\/\/www.immobilienbusiness.ch\/fr\/wp-json\/wp\/v2\/media\/46280"}],"wp:attachment":[{"href":"https:\/\/www.immobilienbusiness.ch\/fr\/wp-json\/wp\/v2\/media?parent=46279"}],"wp:term":[{"taxonomy":"product_brand","embeddable":true,"href":"https:\/\/www.immobilienbusiness.ch\/fr\/wp-json\/wp\/v2\/product_brand?post=46279"},{"taxonomy":"product_cat","embeddable":true,"href":"https:\/\/www.immobilienbusiness.ch\/fr\/wp-json\/wp\/v2\/product_cat?post=46279"},{"taxonomy":"product_tag","embeddable":true,"href":"https:\/\/www.immobilienbusiness.ch\/fr\/wp-json\/wp\/v2\/product_tag?post=46279"}],"curies":[{"name":"wp","href":"https:\/\/api.w.org\/{rel}","templated":true}]}}