{"id":43748,"date":"2022-08-31T09:36:16","date_gmt":"2022-08-31T07:36:16","guid":{"rendered":"https:\/\/www.immobilienbusiness.ch\/?post_type=product&#038;p=43748"},"modified":"2026-02-17T15:56:42","modified_gmt":"2026-02-17T14:56:42","slug":"immobilien-business-ausgabe-9-2022","status":"publish","type":"product","link":"https:\/\/www.immobilienbusiness.ch\/fr\/product\/immobilien-business-ausgabe-9-2022\/","title":{"rendered":"Immobilien Business \u00c9dition 9\/2022"},"content":{"rendered":"<h2>Nouvelles<\/h2>\n<ul>\n<li>Zurich : le projet Ensemble fait un pas en avant<\/li>\n<li>Zurich : nouveau projet \u00e0 la gare de Wollishofen<\/li>\n<li>Personnel : Stoneweg S.A.<\/li>\n<li>Zurich : Mise \u00e0 l'enqu\u00eate du projet \"Maaglive<\/li>\n<li>Zurich : Habiter plus haut \u00e0 Altstetten<\/li>\n<li>Personnel : Allreal ; Kuoni Mueller &amp; Partner<\/li>\n<li>Berne : la Maison Capitol fait peau neuve<\/li>\n<li>Berne : projet d'envergure \u00e0 Bethl\u00e9em<\/li>\n<li>Personnel : Frutiger ; Immobilier de la ville de Zurich<\/li>\n<li>Lucerne : le quartier 4Viertel prend forme<\/li>\n<li>Lucerne : une croissance pour le quartier de W\u00fcrzenbach<\/li>\n<li>Personalia : Swiss Life Asset Managers<\/li>\n<li>Saint-Gall, en Suisse : La fondation de placement AXA construit \u00e0 Rotmonten<\/li>\n<li>Canton de Saint-Gall : Nouvelle base de donn\u00e9es sur les terrains<\/li>\n<li>Personnel : Madaster ; Privera<\/li>\n<\/ul>\n<h2>Tendances<\/h2>\n<ul>\n<li>Samih Sawiris r\u00e9alise un nouveau grand projet : une nouvelle destination de vacances \u00e0 Dieni<\/li>\n<\/ul>\n<h2>Titre Sujet<\/h2>\n<ul>\n<li>Trio de choc : politique des taux d'int\u00e9r\u00eat et march\u00e9s immobiliers<\/li>\n<li>Message : R\u00e9duction de la dur\u00e9e des pr\u00eats<\/li>\n<\/ul>\n<h2>Gestion des installations<\/h2>\n<ul>\n<li>E-mobile plut\u00f4t que diesel : les prestataires de services FM misent sur la durabilit\u00e9<\/li>\n<li>Message : Des surfaces gratuites de la Conf\u00e9d\u00e9ration<\/li>\n<\/ul>\n<h2>Des r\u00e9gions<\/h2>\n<ul>\n<li>Des bureaux pour la ville f\u00e9d\u00e9rale : de nouveaux grands projets se profilent \u00e0 Berne<\/li>\n<li>Message : Nouveaux logements pour Spiez<\/li>\n<li>Message : L'\u00e9talement urbain frein\u00e9<\/li>\n<\/ul>\n<h2>Innovations<\/h2>\n<ul>\n<li>Efficace, \u00e9cologique, bon march\u00e9 : le canton de Berne mise sur l'eBau<\/li>\n<li>Nouvelles : Properti d\u00e9veloppe sa plateforme technologique<\/li>\n<\/ul>\n<h2>Service<\/h2>\n<ul>\n<li>Agenda \/ Aper\u00e7u<\/li>\n<li>Indice des loyers d'approvisionnement<\/li>\n<\/ul>\n<h2>March\u00e9s \u00e9trangers<\/h2>\n<ul>\n<li>Un march\u00e9 d'avenir : de nouveaux micro-appartements pour Vienne<\/li>\n<\/ul>\n<h2>March\u00e9s financiers immobiliers<\/h2>\n<ul>\n<li>Entretien : Stefan Kloess, KRE Kloess Real Estate<\/li>\n<li>Ina Invest AG : La durabilit\u00e9 comme facteur de r\u00e9ussite<\/li>\n<li>Patrimonium AM : Des chemins s\u00e9par\u00e9s<\/li>\n<li>ERRES : r\u00e9duction du produit de l'\u00e9mission<\/li>\n<li>Raiffeisen Futura Immo Fonds : du mouvement dans le portefeuille<\/li>\n<li>Credit Suisse 1a Immo PK : pas d'introduction en bourse<\/li>\n<li>1291 La Fondation suisse d'investissement : Nouveau groupe de placement<\/li>\n<li>SPA Immobilien Schweiz : Nette extension du portefeuille<\/li>\n<li>Novavest Real Estate a augment\u00e9 ses b\u00e9n\u00e9fices : B\u00e9n\u00e9fice en hausse<\/li>\n<li>Implenia : la transformation porte ses fruits<\/li>\n<li>Swiss Central City REF : portefeuille \u00e9largi<\/li>\n<li>Immofonds suburban : \"Des perspectives de d\u00e9veloppement int\u00e9ressantes<\/li>\n<li>Immofonds : premi\u00e8re acquisition \u00e0 Gen\u00e8ve<\/li>\n<li>Orascom Development Holding : retour dans les chiffres noirs<\/li>\n<li>Peach Property Group AG : pr\u00e9visions confirm\u00e9es<\/li>\n<li>Swiss Life Asset Managers : Nouveau quartier urbain pour D\u00fcsseldorf<\/li>\n<li>Final Performer : une classe d'actifs tr\u00e8s demand\u00e9e<\/li>\n<\/ul>\n<h2>Copropri\u00e9t\u00e9<\/h2>\n<ul>\n<li>La propri\u00e9t\u00e9 par \u00e9tage reste en vogue<\/li>\n<\/ul>","protected":false},"excerpt":{"rendered":"<p>Re\u00e7ois la revue sp\u00e9cialis\u00e9e de langue allemande \"Immobilien Business\" dans son num\u00e9ro 9\/2022 \u00e0 t\u00e9l\u00e9charger au format PDF avec la table des mati\u00e8res ci-dessous :<\/p>","protected":false},"featured_media":43868,"template":"","meta":{"_acf_changed":false,"pgc_sgb_lightbox_settings":""},"product_brand":[],"product_cat":[921],"product_tag":[1943],"class_list":{"0":"post-43748","1":"product","2":"type-product","3":"status-publish","4":"has-post-thumbnail","6":"product_cat-einzelausgaben","7":"product_tag-1943","9":"first","10":"instock","11":"downloadable","12":"virtual","13":"taxable","14":"purchasable","15":"product-type-simple"},"acf":[],"yoast_head":"<!-- This site is optimized with the Yoast SEO plugin v27.4 - https:\/\/yoast.com\/product\/yoast-seo-wordpress\/ -->\n<title>Immobilien Business Ausgabe 9\/2022 - IMMOBILIEN Business<\/title>\n<meta name=\"description\" content=\"Erhalte die deutschsprachige Fachzeitschrift \u00abImmobilien Business\u00bb in der Ausgabe 11\/2021 als PDF-Download mit nachfolgendem Inhaltsverzeichnis:\" \/>\n<meta name=\"robots\" content=\"index, follow, max-snippet:-1, max-image-preview:large, max-video-preview:-1\" \/>\n<link rel=\"canonical\" href=\"https:\/\/www.immobilienbusiness.ch\/fr\/product\/immobilien-business-ausgabe-9-2022\/\" \/>\n<meta property=\"og:locale\" content=\"fr_FR\" \/>\n<meta property=\"og:type\" content=\"article\" \/>\n<meta property=\"og:title\" content=\"Immobilien Business Ausgabe 9\/2022 - IMMOBILIEN Business\" \/>\n<meta property=\"og:description\" content=\"Erhalte die deutschsprachige Fachzeitschrift \u00abImmobilien Business\u00bb in der Ausgabe 11\/2021 als PDF-Download mit nachfolgendem Inhaltsverzeichnis:\" \/>\n<meta property=\"og:url\" content=\"https:\/\/www.immobilienbusiness.ch\/fr\/product\/immobilien-business-ausgabe-9-2022\/\" \/>\n<meta property=\"og:site_name\" content=\"IMMOBILIEN Business\" \/>\n<meta property=\"article:publisher\" content=\"https:\/\/www.facebook.com\/immobilienbusiness\/\" \/>\n<meta property=\"article:modified_time\" content=\"2026-02-17T14:56:42+00:00\" \/>\n<meta property=\"og:image\" content=\"https:\/\/www.immobilienbusiness.ch\/wp-content\/uploads\/2022\/08\/immobilienbusiness_ausgabe_09_22.png\" \/>\n\t<meta property=\"og:image:width\" content=\"1056\" \/>\n\t<meta property=\"og:image:height\" content=\"598\" \/>\n\t<meta property=\"og:image:type\" content=\"image\/png\" \/>\n<meta name=\"twitter:card\" content=\"summary_large_image\" \/>\n<script type=\"application\/ld+json\" class=\"yoast-schema-graph\">{\"@context\":\"https:\\\/\\\/schema.org\",\"@graph\":[{\"@type\":\"WebPage\",\"@id\":\"https:\\\/\\\/www.immobilienbusiness.ch\\\/produkt\\\/immobilien-business-ausgabe-9-2022\\\/\",\"url\":\"https:\\\/\\\/www.immobilienbusiness.ch\\\/produkt\\\/immobilien-business-ausgabe-9-2022\\\/\",\"name\":\"Immobilien Business Ausgabe 9\\\/2022 - IMMOBILIEN Business\",\"isPartOf\":{\"@id\":\"https:\\\/\\\/www.immobilienbusiness.ch\\\/#website\"},\"primaryImageOfPage\":{\"@id\":\"https:\\\/\\\/www.immobilienbusiness.ch\\\/produkt\\\/immobilien-business-ausgabe-9-2022\\\/#primaryimage\"},\"image\":{\"@id\":\"https:\\\/\\\/www.immobilienbusiness.ch\\\/produkt\\\/immobilien-business-ausgabe-9-2022\\\/#primaryimage\"},\"thumbnailUrl\":\"https:\\\/\\\/www.immobilienbusiness.ch\\\/wp-content\\\/uploads\\\/2022\\\/08\\\/immobilienbusiness_ausgabe_09_22.png\",\"datePublished\":\"2022-08-31T07:36:16+00:00\",\"dateModified\":\"2026-02-17T14:56:42+00:00\",\"description\":\"Erhalte die deutschsprachige Fachzeitschrift \u00abImmobilien Business\u00bb in der Ausgabe 11\\\/2021 als PDF-Download mit nachfolgendem Inhaltsverzeichnis:\",\"breadcrumb\":{\"@id\":\"https:\\\/\\\/www.immobilienbusiness.ch\\\/produkt\\\/immobilien-business-ausgabe-9-2022\\\/#breadcrumb\"},\"inLanguage\":\"fr-FR\",\"potentialAction\":[{\"@type\":\"ReadAction\",\"target\":[\"https:\\\/\\\/www.immobilienbusiness.ch\\\/produkt\\\/immobilien-business-ausgabe-9-2022\\\/\"]}]},{\"@type\":\"ImageObject\",\"inLanguage\":\"fr-FR\",\"@id\":\"https:\\\/\\\/www.immobilienbusiness.ch\\\/produkt\\\/immobilien-business-ausgabe-9-2022\\\/#primaryimage\",\"url\":\"https:\\\/\\\/www.immobilienbusiness.ch\\\/wp-content\\\/uploads\\\/2022\\\/08\\\/immobilienbusiness_ausgabe_09_22.png\",\"contentUrl\":\"https:\\\/\\\/www.immobilienbusiness.ch\\\/wp-content\\\/uploads\\\/2022\\\/08\\\/immobilienbusiness_ausgabe_09_22.png\",\"width\":1056,\"height\":598},{\"@type\":\"BreadcrumbList\",\"@id\":\"https:\\\/\\\/www.immobilienbusiness.ch\\\/produkt\\\/immobilien-business-ausgabe-9-2022\\\/#breadcrumb\",\"itemListElement\":[{\"@type\":\"ListItem\",\"position\":1,\"name\":\"Home\",\"item\":\"https:\\\/\\\/www.immobilienbusiness.ch\\\/\"},{\"@type\":\"ListItem\",\"position\":2,\"name\":\"Shop\",\"item\":\"https:\\\/\\\/www.immobilienbusiness.ch\\\/en\\\/shop\\\/\"},{\"@type\":\"ListItem\",\"position\":3,\"name\":\"Immobilien Business Ausgabe 9\\\/2022\"}]},{\"@type\":\"WebSite\",\"@id\":\"https:\\\/\\\/www.immobilienbusiness.ch\\\/#website\",\"url\":\"https:\\\/\\\/www.immobilienbusiness.ch\\\/\",\"name\":\"IMMOBILIEN Business\",\"description\":\"Unabh\u00e4ngiges Schweizer Wirtschaftsmagazin mit Fokus auf Immobilien, Architektur- und Bau sowie Investment- und Finanzierung.\",\"publisher\":{\"@id\":\"https:\\\/\\\/www.immobilienbusiness.ch\\\/#organization\"},\"potentialAction\":[{\"@type\":\"SearchAction\",\"target\":{\"@type\":\"EntryPoint\",\"urlTemplate\":\"https:\\\/\\\/www.immobilienbusiness.ch\\\/?s={search_term_string}\"},\"query-input\":{\"@type\":\"PropertyValueSpecification\",\"valueRequired\":true,\"valueName\":\"search_term_string\"}}],\"inLanguage\":\"fr-FR\"},{\"@type\":\"Organization\",\"@id\":\"https:\\\/\\\/www.immobilienbusiness.ch\\\/#organization\",\"name\":\"IMMOBILIEN Business\",\"url\":\"https:\\\/\\\/www.immobilienbusiness.ch\\\/\",\"logo\":{\"@type\":\"ImageObject\",\"inLanguage\":\"fr-FR\",\"@id\":\"https:\\\/\\\/www.immobilienbusiness.ch\\\/#\\\/schema\\\/logo\\\/image\\\/\",\"url\":\"https:\\\/\\\/www.immobilienbusiness.ch\\\/wp-content\\\/uploads\\\/2021\\\/07\\\/logo_ib.png\",\"contentUrl\":\"https:\\\/\\\/www.immobilienbusiness.ch\\\/wp-content\\\/uploads\\\/2021\\\/07\\\/logo_ib.png\",\"width\":800,\"height\":181,\"caption\":\"IMMOBILIEN Business\"},\"image\":{\"@id\":\"https:\\\/\\\/www.immobilienbusiness.ch\\\/#\\\/schema\\\/logo\\\/image\\\/\"},\"sameAs\":[\"https:\\\/\\\/www.facebook.com\\\/immobilienbusiness\\\/\"]}]}<\/script>\n<!-- \/ Yoast SEO plugin. -->","yoast_head_json":{"title":"Immobilien Business Ausgabe 9\/2022 - IMMOBILIEN Business","description":"Recevez le magazine professionnel en langue allemande \"Immobilien Business\" dans le num\u00e9ro 11\/2021 en t\u00e9l\u00e9chargement PDF avec la table des mati\u00e8res suivante :","robots":{"index":"index","follow":"follow","max-snippet":"max-snippet:-1","max-image-preview":"max-image-preview:large","max-video-preview":"max-video-preview:-1"},"canonical":"https:\/\/www.immobilienbusiness.ch\/fr\/product\/immobilien-business-ausgabe-9-2022\/","og_locale":"fr_FR","og_type":"article","og_title":"Immobilien Business Ausgabe 9\/2022 - IMMOBILIEN Business","og_description":"Erhalte die deutschsprachige Fachzeitschrift \u00abImmobilien Business\u00bb in der Ausgabe 11\/2021 als PDF-Download mit nachfolgendem Inhaltsverzeichnis:","og_url":"https:\/\/www.immobilienbusiness.ch\/fr\/product\/immobilien-business-ausgabe-9-2022\/","og_site_name":"IMMOBILIEN Business","article_publisher":"https:\/\/www.facebook.com\/immobilienbusiness\/","article_modified_time":"2026-02-17T14:56:42+00:00","og_image":[{"width":1056,"height":598,"url":"https:\/\/www.immobilienbusiness.ch\/wp-content\/uploads\/2022\/08\/immobilienbusiness_ausgabe_09_22.png","type":"image\/png"}],"twitter_card":"summary_large_image","schema":{"@context":"https:\/\/schema.org","@graph":[{"@type":"WebPage","@id":"https:\/\/www.immobilienbusiness.ch\/produkt\/immobilien-business-ausgabe-9-2022\/","url":"https:\/\/www.immobilienbusiness.ch\/produkt\/immobilien-business-ausgabe-9-2022\/","name":"Immobilien Business Ausgabe 9\/2022 - IMMOBILIEN Business","isPartOf":{"@id":"https:\/\/www.immobilienbusiness.ch\/#website"},"primaryImageOfPage":{"@id":"https:\/\/www.immobilienbusiness.ch\/produkt\/immobilien-business-ausgabe-9-2022\/#primaryimage"},"image":{"@id":"https:\/\/www.immobilienbusiness.ch\/produkt\/immobilien-business-ausgabe-9-2022\/#primaryimage"},"thumbnailUrl":"https:\/\/www.immobilienbusiness.ch\/wp-content\/uploads\/2022\/08\/immobilienbusiness_ausgabe_09_22.png","datePublished":"2022-08-31T07:36:16+00:00","dateModified":"2026-02-17T14:56:42+00:00","description":"Recevez le magazine professionnel en langue allemande \"Immobilien Business\" dans le num\u00e9ro 11\/2021 en t\u00e9l\u00e9chargement PDF avec la table des mati\u00e8res suivante :","breadcrumb":{"@id":"https:\/\/www.immobilienbusiness.ch\/produkt\/immobilien-business-ausgabe-9-2022\/#breadcrumb"},"inLanguage":"fr-FR","potentialAction":[{"@type":"ReadAction","target":["https:\/\/www.immobilienbusiness.ch\/produkt\/immobilien-business-ausgabe-9-2022\/"]}]},{"@type":"ImageObject","inLanguage":"fr-FR","@id":"https:\/\/www.immobilienbusiness.ch\/produkt\/immobilien-business-ausgabe-9-2022\/#primaryimage","url":"https:\/\/www.immobilienbusiness.ch\/wp-content\/uploads\/2022\/08\/immobilienbusiness_ausgabe_09_22.png","contentUrl":"https:\/\/www.immobilienbusiness.ch\/wp-content\/uploads\/2022\/08\/immobilienbusiness_ausgabe_09_22.png","width":1056,"height":598},{"@type":"BreadcrumbList","@id":"https:\/\/www.immobilienbusiness.ch\/produkt\/immobilien-business-ausgabe-9-2022\/#breadcrumb","itemListElement":[{"@type":"ListItem","position":1,"name":"Home","item":"https:\/\/www.immobilienbusiness.ch\/"},{"@type":"ListItem","position":2,"name":"Shop","item":"https:\/\/www.immobilienbusiness.ch\/en\/shop\/"},{"@type":"ListItem","position":3,"name":"Immobilien Business Ausgabe 9\/2022"}]},{"@type":"WebSite","@id":"https:\/\/www.immobilienbusiness.ch\/#website","url":"https:\/\/www.immobilienbusiness.ch\/","name":"IMMOBILIER Business","description":"Magazine \u00e9conomique suisse ind\u00e9pendant ax\u00e9 sur l'immobilier, l'architecture et la construction ainsi que sur les investissements et le financement.","publisher":{"@id":"https:\/\/www.immobilienbusiness.ch\/#organization"},"potentialAction":[{"@type":"SearchAction","target":{"@type":"EntryPoint","urlTemplate":"https:\/\/www.immobilienbusiness.ch\/?s={search_term_string}"},"query-input":{"@type":"PropertyValueSpecification","valueRequired":true,"valueName":"search_term_string"}}],"inLanguage":"fr-FR"},{"@type":"Organization","@id":"https:\/\/www.immobilienbusiness.ch\/#organization","name":"IMMOBILIER Business","url":"https:\/\/www.immobilienbusiness.ch\/","logo":{"@type":"ImageObject","inLanguage":"fr-FR","@id":"https:\/\/www.immobilienbusiness.ch\/#\/schema\/logo\/image\/","url":"https:\/\/www.immobilienbusiness.ch\/wp-content\/uploads\/2021\/07\/logo_ib.png","contentUrl":"https:\/\/www.immobilienbusiness.ch\/wp-content\/uploads\/2021\/07\/logo_ib.png","width":800,"height":181,"caption":"IMMOBILIEN Business"},"image":{"@id":"https:\/\/www.immobilienbusiness.ch\/#\/schema\/logo\/image\/"},"sameAs":["https:\/\/www.facebook.com\/immobilienbusiness\/"]}]}},"_links":{"self":[{"href":"https:\/\/www.immobilienbusiness.ch\/fr\/wp-json\/wp\/v2\/product\/43748","targetHints":{"allow":["GET"]}}],"collection":[{"href":"https:\/\/www.immobilienbusiness.ch\/fr\/wp-json\/wp\/v2\/product"}],"about":[{"href":"https:\/\/www.immobilienbusiness.ch\/fr\/wp-json\/wp\/v2\/types\/product"}],"wp:featuredmedia":[{"embeddable":true,"href":"https:\/\/www.immobilienbusiness.ch\/fr\/wp-json\/wp\/v2\/media\/43868"}],"wp:attachment":[{"href":"https:\/\/www.immobilienbusiness.ch\/fr\/wp-json\/wp\/v2\/media?parent=43748"}],"wp:term":[{"taxonomy":"product_brand","embeddable":true,"href":"https:\/\/www.immobilienbusiness.ch\/fr\/wp-json\/wp\/v2\/product_brand?post=43748"},{"taxonomy":"product_cat","embeddable":true,"href":"https:\/\/www.immobilienbusiness.ch\/fr\/wp-json\/wp\/v2\/product_cat?post=43748"},{"taxonomy":"product_tag","embeddable":true,"href":"https:\/\/www.immobilienbusiness.ch\/fr\/wp-json\/wp\/v2\/product_tag?post=43748"}],"curies":[{"name":"wp","href":"https:\/\/api.w.org\/{rel}","templated":true}]}}