{"id":42989,"date":"2022-06-24T10:22:15","date_gmt":"2022-06-24T08:22:15","guid":{"rendered":"https:\/\/www.immobilienbusiness.ch\/?post_type=product&#038;p=42989"},"modified":"2026-02-17T15:56:43","modified_gmt":"2026-02-17T14:56:43","slug":"immobilien-business-ausgabe-1-2014","status":"publish","type":"product","link":"https:\/\/www.immobilienbusiness.ch\/fr\/product\/immobilien-business-ausgabe-1-2014\/","title":{"rendered":"Immobilien Business \u00c9dition 1\/2014"},"content":{"rendered":"<h2 class=\"p1\">Nouvelles<\/h2>\n<ul>\n<li class=\"p2\">Ebikon : pose de la premi\u00e8re pierre pour Riedmatt<\/li>\n<li class=\"p2\">Henderson : vente de march\u00e9s sp\u00e9cialis\u00e9s<\/li>\n<li class=\"p2\">Personnel : Immofonds\/Zug Estates<\/li>\n<li class=\"p2\">Personnel : UBS GRE - CH<\/li>\n<li class=\"p2\">Ochsner Sport : premi\u00e8re filiale en Allemagne<\/li>\n<li class=\"p2\">St.Moritz : \"La Margna\" vendue<\/li>\n<li class=\"p2\">Livit AG : 50 ans d'existence<\/li>\n<li class=\"p2\">Personnel : Jones Lang LaSalle\/Intercity Group<\/li>\n<li class=\"p2\">Zurich : nouveaux plans du stade<\/li>\n<li class=\"p2\">Engel &amp; V\u00f6lkers : expansion en Suisse<\/li>\n<li class=\"p2\">CBRE : volume d'investissement en hausse<\/li>\n<li class=\"p2\">Invel : acquisition en Gr\u00e8ce<\/li>\n<li class=\"p2\">ECE : nouveau centre logistique<\/li>\n<li class=\"p2\">Hochtief PE : vente \u00e0 Munich<\/li>\n<li class=\"p2\">Lisbonne : une premi\u00e8re pour L'Or\u00e9al<\/li>\n<li class=\"p2\">Londres : nouveaux locataires sur le march\u00e9 des bureaux<\/li>\n<li class=\"p2\">Londres : Deka ach\u00e8te le St.Botolph Building<\/li>\n<\/ul>\n<h2 class=\"p1\">Titre Sujet<\/h2>\n<ul>\n<li class=\"p2\">L'h\u00f4tellerie de luxe fait son retour Les cha\u00eenes h\u00f4teli\u00e8res internationales se focalisent sur les Alpes suisses : plusieurs nouveaux h\u00f4tels cinq \u00e9toiles seront lanc\u00e9s \u00e0 la fin de l'ann\u00e9e.<\/li>\n<li class=\"p2\"><span class=\"s1\">22 <\/span>R\u00e9sidences sur le terrain de golf<\/li>\n<\/ul>\n<h2 class=\"p3\">Tendances<\/h2>\n<ul>\n<li class=\"p2\">Une lutte co\u00fbteuse pour attirer les touristes \u00e0 ski<\/li>\n<li class=\"p2\">De plus en plus de destinations investissent dans les t\u00e9l\u00e9ph\u00e9riques, les remont\u00e9es m\u00e9caniques et les pistes.<\/li>\n<li class=\"p2\">Une enseigne pour les concessionnaires automobiles<\/li>\n<li class=\"p2\">L'immobilier comme ambassadeur de la marque<\/li>\n<li class=\"p2\">Le carburant de la maison<\/li>\n<li class=\"p2\">Les ma\u00eetres d'ouvrage s'\u00e9quipent pour la voiture \u00e9lectrique.<\/li>\n<\/ul>\n<h2 class=\"p1\">March\u00e9s et investissements<\/h2>\n<ul>\n<li class=\"p2\">Quel est le niveau de s\u00e9curit\u00e9 ?<\/li>\n<li class=\"p2\">Les caisses de pension repensent leur strat\u00e9gie.<\/li>\n<li class=\"p2\">Chronique : Aveugle d'un \u0153il<\/li>\n<li class=\"p2\">Rapport CSL sur le march\u00e9 du logement<\/li>\n<\/ul>\n<h2>Projets et objets<\/h2>\n<ul>\n<li class=\"p2\">Habiter plus haut au bord du Rhin<\/li>\n<li class=\"p2\">Le train prend de la hauteur<\/li>\n<li class=\"p2\">Vivre et travailler au bord du lac<\/li>\n<li class=\"p2\">Zurich Nord poursuit sa croissance<\/li>\n<\/ul>\n<h2>Architecture et d\u00e9veloppement urbain<\/h2>\n<ul>\n<li class=\"p2\">\"Un saut quantique est n\u00e9cessaire\"<\/li>\n<li class=\"p2\">L'urbanisme zurichois face \u00e0 ses d\u00e9fis<\/li>\n<\/ul>\n<h2 class=\"p1\">Service<\/h2>\n<ul>\n<li class=\"p2\">Agenda<\/li>\n<li class=\"p2\">Loyers demand\u00e9s<\/li>\n<li class=\"p2\">Le Facility Management est plus efficace gr\u00e2ce au num\u00e9rique<\/li>\n<li class=\"p2\">Retour sur le MAPIC 2013<\/li>\n<li class=\"p2\">\"Excellente plate-forme pour le r\u00e9seautage\".<\/li>\n<li class=\"p2\">Entretien avec Robert Hauri, SPG Intercity<\/li>\n<li class=\"p2\">E-commerce versus commerce de d\u00e9tail stationnaire<\/li>\n<li class=\"p2\">Entretien avec Ernst D. Berninghaus, Migros<\/li>\n<li class=\"p2\">Hypoth\u00e8que Libor, \u00e0 taux fixe ou \u00e0 terme ?<\/li>\n<li class=\"p2\">Plus de rafistolage que de r\u00e9vision<\/li>\n<li class=\"p2\">Entretien suisse sur l'immobilier :<\/li>\n<li class=\"p2\">La phase de taux bas, un d\u00e9fi<\/li>\n<li class=\"p2\">Colonne : le point de vue de Breiner<\/li>\n<\/ul>","protected":false},"excerpt":{"rendered":"<p>Re\u00e7ois le magazine sp\u00e9cialis\u00e9 de langue allemande \"Immobilien Business\" dans son num\u00e9ro 1\/2014 \u00e0 t\u00e9l\u00e9charger au format PDF avec le sommaire ci-dessous :<\/p>","protected":false},"featured_media":42990,"template":"","meta":{"_acf_changed":false,"pgc_sgb_lightbox_settings":""},"product_brand":[],"product_cat":[921],"product_tag":[930],"class_list":{"0":"post-42989","1":"product","2":"type-product","3":"status-publish","4":"has-post-thumbnail","6":"product_cat-einzelausgaben","7":"product_tag-930","9":"first","10":"instock","11":"downloadable","12":"virtual","13":"taxable","14":"purchasable","15":"product-type-simple"},"acf":[],"yoast_head":"<!-- This site is optimized with the Yoast SEO plugin v27.4 - https:\/\/yoast.com\/product\/yoast-seo-wordpress\/ -->\n<title>Immobilien Business Ausgabe 1\/2014 - IMMOBILIEN Business<\/title>\n<meta name=\"description\" content=\"Erhalte die deutschsprachige Fachzeitschrift \u00abImmobilien Business\u00bb in der Ausgabe 1\/2014 als PDF-Download mit nachfolgendem Inhaltsverzeichnis:\" \/>\n<meta name=\"robots\" content=\"index, follow, max-snippet:-1, max-image-preview:large, max-video-preview:-1\" \/>\n<link rel=\"canonical\" href=\"https:\/\/www.immobilienbusiness.ch\/fr\/product\/immobilien-business-ausgabe-1-2014\/\" \/>\n<meta property=\"og:locale\" content=\"fr_FR\" \/>\n<meta property=\"og:type\" content=\"article\" \/>\n<meta property=\"og:title\" content=\"Immobilien Business Ausgabe 1\/2014 - IMMOBILIEN Business\" \/>\n<meta property=\"og:description\" content=\"Erhalte die deutschsprachige Fachzeitschrift \u00abImmobilien Business\u00bb in der Ausgabe 1\/2014 als PDF-Download mit nachfolgendem Inhaltsverzeichnis:\" \/>\n<meta property=\"og:url\" content=\"https:\/\/www.immobilienbusiness.ch\/fr\/product\/immobilien-business-ausgabe-1-2014\/\" \/>\n<meta property=\"og:site_name\" content=\"IMMOBILIEN Business\" \/>\n<meta property=\"article:publisher\" content=\"https:\/\/www.facebook.com\/immobilienbusiness\/\" \/>\n<meta property=\"article:modified_time\" content=\"2026-02-17T14:56:43+00:00\" \/>\n<meta property=\"og:image\" content=\"https:\/\/www.immobilienbusiness.ch\/wp-content\/uploads\/2022\/06\/IMMOBILIENBUSINESS-2014_1.png\" \/>\n\t<meta property=\"og:image:width\" content=\"654\" \/>\n\t<meta property=\"og:image:height\" content=\"370\" \/>\n\t<meta property=\"og:image:type\" content=\"image\/png\" \/>\n<meta name=\"twitter:card\" content=\"summary_large_image\" \/>\n<script type=\"application\/ld+json\" class=\"yoast-schema-graph\">{\"@context\":\"https:\\\/\\\/schema.org\",\"@graph\":[{\"@type\":\"WebPage\",\"@id\":\"https:\\\/\\\/www.immobilienbusiness.ch\\\/produkt\\\/immobilien-business-ausgabe-1-2014\\\/\",\"url\":\"https:\\\/\\\/www.immobilienbusiness.ch\\\/produkt\\\/immobilien-business-ausgabe-1-2014\\\/\",\"name\":\"Immobilien Business Ausgabe 1\\\/2014 - IMMOBILIEN Business\",\"isPartOf\":{\"@id\":\"https:\\\/\\\/www.immobilienbusiness.ch\\\/#website\"},\"primaryImageOfPage\":{\"@id\":\"https:\\\/\\\/www.immobilienbusiness.ch\\\/produkt\\\/immobilien-business-ausgabe-1-2014\\\/#primaryimage\"},\"image\":{\"@id\":\"https:\\\/\\\/www.immobilienbusiness.ch\\\/produkt\\\/immobilien-business-ausgabe-1-2014\\\/#primaryimage\"},\"thumbnailUrl\":\"https:\\\/\\\/www.immobilienbusiness.ch\\\/wp-content\\\/uploads\\\/2022\\\/06\\\/IMMOBILIENBUSINESS-2014_1.png\",\"datePublished\":\"2022-06-24T08:22:15+00:00\",\"dateModified\":\"2026-02-17T14:56:43+00:00\",\"description\":\"Erhalte die deutschsprachige Fachzeitschrift \u00abImmobilien Business\u00bb in der Ausgabe 1\\\/2014 als PDF-Download mit nachfolgendem Inhaltsverzeichnis:\",\"breadcrumb\":{\"@id\":\"https:\\\/\\\/www.immobilienbusiness.ch\\\/produkt\\\/immobilien-business-ausgabe-1-2014\\\/#breadcrumb\"},\"inLanguage\":\"fr-FR\",\"potentialAction\":[{\"@type\":\"ReadAction\",\"target\":[\"https:\\\/\\\/www.immobilienbusiness.ch\\\/produkt\\\/immobilien-business-ausgabe-1-2014\\\/\"]}]},{\"@type\":\"ImageObject\",\"inLanguage\":\"fr-FR\",\"@id\":\"https:\\\/\\\/www.immobilienbusiness.ch\\\/produkt\\\/immobilien-business-ausgabe-1-2014\\\/#primaryimage\",\"url\":\"https:\\\/\\\/www.immobilienbusiness.ch\\\/wp-content\\\/uploads\\\/2022\\\/06\\\/IMMOBILIENBUSINESS-2014_1.png\",\"contentUrl\":\"https:\\\/\\\/www.immobilienbusiness.ch\\\/wp-content\\\/uploads\\\/2022\\\/06\\\/IMMOBILIENBUSINESS-2014_1.png\",\"width\":654,\"height\":370},{\"@type\":\"BreadcrumbList\",\"@id\":\"https:\\\/\\\/www.immobilienbusiness.ch\\\/produkt\\\/immobilien-business-ausgabe-1-2014\\\/#breadcrumb\",\"itemListElement\":[{\"@type\":\"ListItem\",\"position\":1,\"name\":\"Home\",\"item\":\"https:\\\/\\\/www.immobilienbusiness.ch\\\/\"},{\"@type\":\"ListItem\",\"position\":2,\"name\":\"Shop\",\"item\":\"https:\\\/\\\/www.immobilienbusiness.ch\\\/en\\\/shop\\\/\"},{\"@type\":\"ListItem\",\"position\":3,\"name\":\"Immobilien Business Ausgabe 1\\\/2014\"}]},{\"@type\":\"WebSite\",\"@id\":\"https:\\\/\\\/www.immobilienbusiness.ch\\\/#website\",\"url\":\"https:\\\/\\\/www.immobilienbusiness.ch\\\/\",\"name\":\"IMMOBILIEN Business\",\"description\":\"Unabh\u00e4ngiges Schweizer Wirtschaftsmagazin mit Fokus auf Immobilien, Architektur- und Bau sowie Investment- und Finanzierung.\",\"publisher\":{\"@id\":\"https:\\\/\\\/www.immobilienbusiness.ch\\\/#organization\"},\"potentialAction\":[{\"@type\":\"SearchAction\",\"target\":{\"@type\":\"EntryPoint\",\"urlTemplate\":\"https:\\\/\\\/www.immobilienbusiness.ch\\\/?s={search_term_string}\"},\"query-input\":{\"@type\":\"PropertyValueSpecification\",\"valueRequired\":true,\"valueName\":\"search_term_string\"}}],\"inLanguage\":\"fr-FR\"},{\"@type\":\"Organization\",\"@id\":\"https:\\\/\\\/www.immobilienbusiness.ch\\\/#organization\",\"name\":\"IMMOBILIEN Business\",\"url\":\"https:\\\/\\\/www.immobilienbusiness.ch\\\/\",\"logo\":{\"@type\":\"ImageObject\",\"inLanguage\":\"fr-FR\",\"@id\":\"https:\\\/\\\/www.immobilienbusiness.ch\\\/#\\\/schema\\\/logo\\\/image\\\/\",\"url\":\"https:\\\/\\\/www.immobilienbusiness.ch\\\/wp-content\\\/uploads\\\/2021\\\/07\\\/logo_ib.png\",\"contentUrl\":\"https:\\\/\\\/www.immobilienbusiness.ch\\\/wp-content\\\/uploads\\\/2021\\\/07\\\/logo_ib.png\",\"width\":800,\"height\":181,\"caption\":\"IMMOBILIEN Business\"},\"image\":{\"@id\":\"https:\\\/\\\/www.immobilienbusiness.ch\\\/#\\\/schema\\\/logo\\\/image\\\/\"},\"sameAs\":[\"https:\\\/\\\/www.facebook.com\\\/immobilienbusiness\\\/\"]}]}<\/script>\n<!-- \/ Yoast SEO plugin. -->","yoast_head_json":{"title":"Immobilien Business \u00c9dition 1\/2014 - IMMOBILIER Business","description":"Re\u00e7ois le magazine sp\u00e9cialis\u00e9 de langue allemande \"Immobilien Business\" dans son num\u00e9ro 1\/2014 \u00e0 t\u00e9l\u00e9charger au format PDF avec le sommaire ci-dessous :","robots":{"index":"index","follow":"follow","max-snippet":"max-snippet:-1","max-image-preview":"max-image-preview:large","max-video-preview":"max-video-preview:-1"},"canonical":"https:\/\/www.immobilienbusiness.ch\/fr\/product\/immobilien-business-ausgabe-1-2014\/","og_locale":"fr_FR","og_type":"article","og_title":"Immobilien Business Ausgabe 1\/2014 - IMMOBILIEN Business","og_description":"Erhalte die deutschsprachige Fachzeitschrift \u00abImmobilien Business\u00bb in der Ausgabe 1\/2014 als PDF-Download mit nachfolgendem Inhaltsverzeichnis:","og_url":"https:\/\/www.immobilienbusiness.ch\/fr\/product\/immobilien-business-ausgabe-1-2014\/","og_site_name":"IMMOBILIEN Business","article_publisher":"https:\/\/www.facebook.com\/immobilienbusiness\/","article_modified_time":"2026-02-17T14:56:43+00:00","og_image":[{"width":654,"height":370,"url":"https:\/\/www.immobilienbusiness.ch\/wp-content\/uploads\/2022\/06\/IMMOBILIENBUSINESS-2014_1.png","type":"image\/png"}],"twitter_card":"summary_large_image","schema":{"@context":"https:\/\/schema.org","@graph":[{"@type":"WebPage","@id":"https:\/\/www.immobilienbusiness.ch\/produkt\/immobilien-business-ausgabe-1-2014\/","url":"https:\/\/www.immobilienbusiness.ch\/produkt\/immobilien-business-ausgabe-1-2014\/","name":"Immobilien Business \u00c9dition 1\/2014 - IMMOBILIER Business","isPartOf":{"@id":"https:\/\/www.immobilienbusiness.ch\/#website"},"primaryImageOfPage":{"@id":"https:\/\/www.immobilienbusiness.ch\/produkt\/immobilien-business-ausgabe-1-2014\/#primaryimage"},"image":{"@id":"https:\/\/www.immobilienbusiness.ch\/produkt\/immobilien-business-ausgabe-1-2014\/#primaryimage"},"thumbnailUrl":"https:\/\/www.immobilienbusiness.ch\/wp-content\/uploads\/2022\/06\/IMMOBILIENBUSINESS-2014_1.png","datePublished":"2022-06-24T08:22:15+00:00","dateModified":"2026-02-17T14:56:43+00:00","description":"Re\u00e7ois le magazine sp\u00e9cialis\u00e9 de langue allemande \"Immobilien Business\" dans son num\u00e9ro 1\/2014 \u00e0 t\u00e9l\u00e9charger au format PDF avec le sommaire ci-dessous :","breadcrumb":{"@id":"https:\/\/www.immobilienbusiness.ch\/produkt\/immobilien-business-ausgabe-1-2014\/#breadcrumb"},"inLanguage":"fr-FR","potentialAction":[{"@type":"ReadAction","target":["https:\/\/www.immobilienbusiness.ch\/produkt\/immobilien-business-ausgabe-1-2014\/"]}]},{"@type":"ImageObject","inLanguage":"fr-FR","@id":"https:\/\/www.immobilienbusiness.ch\/produkt\/immobilien-business-ausgabe-1-2014\/#primaryimage","url":"https:\/\/www.immobilienbusiness.ch\/wp-content\/uploads\/2022\/06\/IMMOBILIENBUSINESS-2014_1.png","contentUrl":"https:\/\/www.immobilienbusiness.ch\/wp-content\/uploads\/2022\/06\/IMMOBILIENBUSINESS-2014_1.png","width":654,"height":370},{"@type":"BreadcrumbList","@id":"https:\/\/www.immobilienbusiness.ch\/produkt\/immobilien-business-ausgabe-1-2014\/#breadcrumb","itemListElement":[{"@type":"ListItem","position":1,"name":"Home","item":"https:\/\/www.immobilienbusiness.ch\/"},{"@type":"ListItem","position":2,"name":"Shop","item":"https:\/\/www.immobilienbusiness.ch\/en\/shop\/"},{"@type":"ListItem","position":3,"name":"Immobilien Business Ausgabe 1\/2014"}]},{"@type":"WebSite","@id":"https:\/\/www.immobilienbusiness.ch\/#website","url":"https:\/\/www.immobilienbusiness.ch\/","name":"IMMOBILIER Business","description":"Magazine \u00e9conomique suisse ind\u00e9pendant ax\u00e9 sur l'immobilier, l'architecture et la construction ainsi que sur les investissements et le financement.","publisher":{"@id":"https:\/\/www.immobilienbusiness.ch\/#organization"},"potentialAction":[{"@type":"SearchAction","target":{"@type":"EntryPoint","urlTemplate":"https:\/\/www.immobilienbusiness.ch\/?s={search_term_string}"},"query-input":{"@type":"PropertyValueSpecification","valueRequired":true,"valueName":"search_term_string"}}],"inLanguage":"fr-FR"},{"@type":"Organization","@id":"https:\/\/www.immobilienbusiness.ch\/#organization","name":"IMMOBILIER Business","url":"https:\/\/www.immobilienbusiness.ch\/","logo":{"@type":"ImageObject","inLanguage":"fr-FR","@id":"https:\/\/www.immobilienbusiness.ch\/#\/schema\/logo\/image\/","url":"https:\/\/www.immobilienbusiness.ch\/wp-content\/uploads\/2021\/07\/logo_ib.png","contentUrl":"https:\/\/www.immobilienbusiness.ch\/wp-content\/uploads\/2021\/07\/logo_ib.png","width":800,"height":181,"caption":"IMMOBILIEN Business"},"image":{"@id":"https:\/\/www.immobilienbusiness.ch\/#\/schema\/logo\/image\/"},"sameAs":["https:\/\/www.facebook.com\/immobilienbusiness\/"]}]}},"_links":{"self":[{"href":"https:\/\/www.immobilienbusiness.ch\/fr\/wp-json\/wp\/v2\/product\/42989","targetHints":{"allow":["GET"]}}],"collection":[{"href":"https:\/\/www.immobilienbusiness.ch\/fr\/wp-json\/wp\/v2\/product"}],"about":[{"href":"https:\/\/www.immobilienbusiness.ch\/fr\/wp-json\/wp\/v2\/types\/product"}],"wp:featuredmedia":[{"embeddable":true,"href":"https:\/\/www.immobilienbusiness.ch\/fr\/wp-json\/wp\/v2\/media\/42990"}],"wp:attachment":[{"href":"https:\/\/www.immobilienbusiness.ch\/fr\/wp-json\/wp\/v2\/media?parent=42989"}],"wp:term":[{"taxonomy":"product_brand","embeddable":true,"href":"https:\/\/www.immobilienbusiness.ch\/fr\/wp-json\/wp\/v2\/product_brand?post=42989"},{"taxonomy":"product_cat","embeddable":true,"href":"https:\/\/www.immobilienbusiness.ch\/fr\/wp-json\/wp\/v2\/product_cat?post=42989"},{"taxonomy":"product_tag","embeddable":true,"href":"https:\/\/www.immobilienbusiness.ch\/fr\/wp-json\/wp\/v2\/product_tag?post=42989"}],"curies":[{"name":"wp","href":"https:\/\/api.w.org\/{rel}","templated":true}]}}