{"id":42042,"date":"2022-04-07T10:07:53","date_gmt":"2022-04-07T08:07:53","guid":{"rendered":"https:\/\/www.immobilienbusiness.ch\/?post_type=product&#038;p=42042"},"modified":"2026-02-17T15:57:15","modified_gmt":"2026-02-17T14:57:15","slug":"immobilien-business-ausgabe-4-2022","status":"publish","type":"product","link":"https:\/\/www.immobilienbusiness.ch\/fr\/product\/immobilien-business-ausgabe-4-2022\/","title":{"rendered":"Immobilien Business \u00c9dition 4\/2022"},"content":{"rendered":"<h2>Nouvelles<\/h2>\n<ul>\n<li>Zurich : nouveaux logements au stade du Letzigrund<\/li>\n<li>Baar : de grands projets pour la Baarermatte<\/li>\n<li>Personnel : PSP Swiss Property ; Hiag<\/li>\n<li>N\u00e4nikon : changement de main pour le site de Gadola<\/li>\n<li>Cham : le projet Chama prend forme<\/li>\n<li>Personnel : Investissements Fonciers SA<\/li>\n<li>St-Gall : \"Un nouveau phare<\/li>\n<li>Thoune : du site industriel au quartier tendance<\/li>\n<li>Personnel : Wincasa AG ; Groupe Markstein<\/li>\n<li>Allschwil : le site de Baselink continue de s'\u00e9tendre<\/li>\n<li>B\u00e2le : protection de la nature au Gateway Basel Nord<\/li>\n<li>Personnel : Helvetia ; Verit Immobilien<\/li>\n<li>St. Moritz : \"Grace La Margna\" avant son ouverture<\/li>\n<li>Coire : un centre de transport innovant<\/li>\n<li>Politique : Lex Koller<\/li>\n<\/ul>\n<h2>Tendances<\/h2>\n<ul>\n<li>Un secteur \u00e0 fort potentiel : \u00e9tude W\u00fcest Partner sur le secteur des sciences de la vie<\/li>\n<\/ul>\n<h2>March\u00e9s et investissements<\/h2>\n<ul>\n<li>Le retour des tours de bureaux : les investisseurs misent \u00e0 nouveau sur l'immobilier de bureau<\/li>\n<\/ul>\n<h2>Titre Sujet<\/h2>\n<ul>\n<li>Valeur refuge : les SA immobili\u00e8res suisses sont recherch\u00e9es<\/li>\n<li>Rebond r\u00e9ussi : nouveau record absolu pour les logements collectifs<\/li>\n<\/ul>\n<h2>Des r\u00e9gions<\/h2>\n<ul>\n<li>Des nuages noirs au-dessus de la m\u00e9tropole pharmaceutique : le taux de vacance des bureaux augmente \u00e0 B\u00e2le<\/li>\n<li>Paradis des loueurs avec vue sur le lac : Les d\u00e9veloppeurs de projets voient des opportunit\u00e9s \u00e0 Lucerne<\/li>\n<\/ul>\n<h2>R\u00e9sidentiel<\/h2>\n<ul>\n<li>Dix ans de loi sur les r\u00e9sidences secondaires : Une initiative aux effets secondaires ind\u00e9sirables<\/li>\n<\/ul>\n<h2>Innovations<\/h2>\n<ul>\n<li>\"Urban Evolution\" : approches de d\u00e9veloppement pour la \"ville interm\u00e9diaire\".<\/li>\n<\/ul>\n<h2>Service<\/h2>\n<ul>\n<li>Agenda \/ Aper\u00e7u<\/li>\n<li>Indice des loyers d'approvisionnement<\/li>\n<\/ul>\n<h2>March\u00e9s \u00e9trangers<\/h2>\n<ul>\n<li>La grande question des co\u00fbts : la r\u00e9novation \u00e9nerg\u00e9tique en Allemagne<\/li>\n<\/ul>\n<h2>March\u00e9s financiers immobiliers<\/h2>\n<ul>\n<li>Interview du mois : Fredy Hasenmaile, Credit Suisse Economic Research<\/li>\n<li>En point de mire : La Fonci\u00e8re<\/li>\n<li>En point de mire : Zug Estates<\/li>\n<li>Implenia : retour dans les chiffres noirs<\/li>\n<li>Ina Invest : Sur la bonne voie<\/li>\n<li>Hiag Immobilien : Pipeline de projets bien rempli<\/li>\n<li>Warteck Invest : b\u00e9n\u00e9fice en hausse<\/li>\n<li>Investis Holding : augmentation du chiffre d'affaires et du b\u00e9n\u00e9fice<\/li>\n<li>Fortimo Group : un chiffre d'affaires record<\/li>\n<li>Swiss Life Asset Managers : acquisition \u00e0 Biberach<\/li>\n<li>Implenia : nouvelle commande importante en Allemagne<\/li>\n<li>Allianz Real Estate : Un projet de plusieurs milliards pour des bureaux intelligents<\/li>\n<li>CRIM : fonds immobilier r\u00e9sidentiel \"\u00e0 \u00e9nergie positive<\/li>\n<li>Final Performer : PSP Swiss Propery<\/li>\n<\/ul>\n<h2>Copropri\u00e9t\u00e9<\/h2>\n<ul>\n<li>Inflation : le logement et le chauffage deviennent plus chers<\/li>\n<\/ul>","protected":false},"excerpt":{"rendered":"<p>Re\u00e7ois la revue sp\u00e9cialis\u00e9e de langue allemande \"Immobilien Business\" dans son num\u00e9ro 4\/2022 \u00e0 t\u00e9l\u00e9charger au format PDF avec la table des mati\u00e8res ci-dessous :<\/p>","protected":false},"featured_media":42044,"template":"","meta":{"_acf_changed":false,"pgc_sgb_lightbox_settings":""},"product_brand":[],"product_cat":[921],"product_tag":[1943],"class_list":{"0":"post-42042","1":"product","2":"type-product","3":"status-publish","4":"has-post-thumbnail","6":"product_cat-einzelausgaben","7":"product_tag-1943","9":"first","10":"instock","11":"downloadable","12":"virtual","13":"taxable","14":"purchasable","15":"product-type-simple"},"acf":[],"yoast_head":"<!-- This site is optimized with the Yoast SEO plugin v27.4 - https:\/\/yoast.com\/product\/yoast-seo-wordpress\/ -->\n<title>Immobilien Business Ausgabe 4\/2022 - IMMOBILIEN Business<\/title>\n<meta name=\"description\" content=\"Erhalte die deutschsprachige Fachzeitschrift \u00abImmobilien Business\u00bb in der Ausgabe 11\/2021 als PDF-Download mit nachfolgendem Inhaltsverzeichnis:\" \/>\n<meta name=\"robots\" content=\"index, follow, max-snippet:-1, max-image-preview:large, max-video-preview:-1\" \/>\n<link rel=\"canonical\" href=\"https:\/\/www.immobilienbusiness.ch\/fr\/product\/immobilien-business-ausgabe-4-2022\/\" \/>\n<meta property=\"og:locale\" content=\"fr_FR\" \/>\n<meta property=\"og:type\" content=\"article\" \/>\n<meta property=\"og:title\" content=\"Immobilien Business Ausgabe 4\/2022 - IMMOBILIEN Business\" \/>\n<meta property=\"og:description\" content=\"Erhalte die deutschsprachige Fachzeitschrift \u00abImmobilien Business\u00bb in der Ausgabe 11\/2021 als PDF-Download mit nachfolgendem Inhaltsverzeichnis:\" \/>\n<meta property=\"og:url\" content=\"https:\/\/www.immobilienbusiness.ch\/fr\/product\/immobilien-business-ausgabe-4-2022\/\" \/>\n<meta property=\"og:site_name\" content=\"IMMOBILIEN Business\" \/>\n<meta property=\"article:publisher\" content=\"https:\/\/www.facebook.com\/immobilienbusiness\/\" \/>\n<meta property=\"article:modified_time\" content=\"2026-02-17T14:57:15+00:00\" \/>\n<meta property=\"og:image\" content=\"https:\/\/www.immobilienbusiness.ch\/wp-content\/uploads\/2022\/04\/Immobilien-Business-Ausgabe-4-2022.png\" \/>\n\t<meta property=\"og:image:width\" content=\"654\" \/>\n\t<meta property=\"og:image:height\" content=\"370\" \/>\n\t<meta property=\"og:image:type\" content=\"image\/png\" \/>\n<meta name=\"twitter:card\" content=\"summary_large_image\" \/>\n<script type=\"application\/ld+json\" class=\"yoast-schema-graph\">{\"@context\":\"https:\\\/\\\/schema.org\",\"@graph\":[{\"@type\":\"WebPage\",\"@id\":\"https:\\\/\\\/www.immobilienbusiness.ch\\\/produkt\\\/immobilien-business-ausgabe-4-2022\\\/\",\"url\":\"https:\\\/\\\/www.immobilienbusiness.ch\\\/produkt\\\/immobilien-business-ausgabe-4-2022\\\/\",\"name\":\"Immobilien Business Ausgabe 4\\\/2022 - IMMOBILIEN Business\",\"isPartOf\":{\"@id\":\"https:\\\/\\\/www.immobilienbusiness.ch\\\/#website\"},\"primaryImageOfPage\":{\"@id\":\"https:\\\/\\\/www.immobilienbusiness.ch\\\/produkt\\\/immobilien-business-ausgabe-4-2022\\\/#primaryimage\"},\"image\":{\"@id\":\"https:\\\/\\\/www.immobilienbusiness.ch\\\/produkt\\\/immobilien-business-ausgabe-4-2022\\\/#primaryimage\"},\"thumbnailUrl\":\"https:\\\/\\\/www.immobilienbusiness.ch\\\/wp-content\\\/uploads\\\/2022\\\/04\\\/Immobilien-Business-Ausgabe-4-2022.png\",\"datePublished\":\"2022-04-07T08:07:53+00:00\",\"dateModified\":\"2026-02-17T14:57:15+00:00\",\"description\":\"Erhalte die deutschsprachige Fachzeitschrift \u00abImmobilien Business\u00bb in der Ausgabe 11\\\/2021 als PDF-Download mit nachfolgendem Inhaltsverzeichnis:\",\"breadcrumb\":{\"@id\":\"https:\\\/\\\/www.immobilienbusiness.ch\\\/produkt\\\/immobilien-business-ausgabe-4-2022\\\/#breadcrumb\"},\"inLanguage\":\"fr-FR\",\"potentialAction\":[{\"@type\":\"ReadAction\",\"target\":[\"https:\\\/\\\/www.immobilienbusiness.ch\\\/produkt\\\/immobilien-business-ausgabe-4-2022\\\/\"]}]},{\"@type\":\"ImageObject\",\"inLanguage\":\"fr-FR\",\"@id\":\"https:\\\/\\\/www.immobilienbusiness.ch\\\/produkt\\\/immobilien-business-ausgabe-4-2022\\\/#primaryimage\",\"url\":\"https:\\\/\\\/www.immobilienbusiness.ch\\\/wp-content\\\/uploads\\\/2022\\\/04\\\/Immobilien-Business-Ausgabe-4-2022.png\",\"contentUrl\":\"https:\\\/\\\/www.immobilienbusiness.ch\\\/wp-content\\\/uploads\\\/2022\\\/04\\\/Immobilien-Business-Ausgabe-4-2022.png\",\"width\":654,\"height\":370},{\"@type\":\"BreadcrumbList\",\"@id\":\"https:\\\/\\\/www.immobilienbusiness.ch\\\/produkt\\\/immobilien-business-ausgabe-4-2022\\\/#breadcrumb\",\"itemListElement\":[{\"@type\":\"ListItem\",\"position\":1,\"name\":\"Home\",\"item\":\"https:\\\/\\\/www.immobilienbusiness.ch\\\/\"},{\"@type\":\"ListItem\",\"position\":2,\"name\":\"Shop\",\"item\":\"https:\\\/\\\/www.immobilienbusiness.ch\\\/en\\\/shop\\\/\"},{\"@type\":\"ListItem\",\"position\":3,\"name\":\"Immobilien Business Ausgabe 4\\\/2022\"}]},{\"@type\":\"WebSite\",\"@id\":\"https:\\\/\\\/www.immobilienbusiness.ch\\\/#website\",\"url\":\"https:\\\/\\\/www.immobilienbusiness.ch\\\/\",\"name\":\"IMMOBILIEN Business\",\"description\":\"Unabh\u00e4ngiges Schweizer Wirtschaftsmagazin mit Fokus auf Immobilien, Architektur- und Bau sowie Investment- und Finanzierung.\",\"publisher\":{\"@id\":\"https:\\\/\\\/www.immobilienbusiness.ch\\\/#organization\"},\"potentialAction\":[{\"@type\":\"SearchAction\",\"target\":{\"@type\":\"EntryPoint\",\"urlTemplate\":\"https:\\\/\\\/www.immobilienbusiness.ch\\\/?s={search_term_string}\"},\"query-input\":{\"@type\":\"PropertyValueSpecification\",\"valueRequired\":true,\"valueName\":\"search_term_string\"}}],\"inLanguage\":\"fr-FR\"},{\"@type\":\"Organization\",\"@id\":\"https:\\\/\\\/www.immobilienbusiness.ch\\\/#organization\",\"name\":\"IMMOBILIEN Business\",\"url\":\"https:\\\/\\\/www.immobilienbusiness.ch\\\/\",\"logo\":{\"@type\":\"ImageObject\",\"inLanguage\":\"fr-FR\",\"@id\":\"https:\\\/\\\/www.immobilienbusiness.ch\\\/#\\\/schema\\\/logo\\\/image\\\/\",\"url\":\"https:\\\/\\\/www.immobilienbusiness.ch\\\/wp-content\\\/uploads\\\/2021\\\/07\\\/logo_ib.png\",\"contentUrl\":\"https:\\\/\\\/www.immobilienbusiness.ch\\\/wp-content\\\/uploads\\\/2021\\\/07\\\/logo_ib.png\",\"width\":800,\"height\":181,\"caption\":\"IMMOBILIEN Business\"},\"image\":{\"@id\":\"https:\\\/\\\/www.immobilienbusiness.ch\\\/#\\\/schema\\\/logo\\\/image\\\/\"},\"sameAs\":[\"https:\\\/\\\/www.facebook.com\\\/immobilienbusiness\\\/\"]}]}<\/script>\n<!-- \/ Yoast SEO plugin. -->","yoast_head_json":{"title":"Immobilien Business \u00e9dition 4\/2022 - IMMOBILIER Business","description":"Recevez le magazine professionnel en langue allemande \"Immobilien Business\" dans le num\u00e9ro 11\/2021 en t\u00e9l\u00e9chargement PDF avec la table des mati\u00e8res suivante :","robots":{"index":"index","follow":"follow","max-snippet":"max-snippet:-1","max-image-preview":"max-image-preview:large","max-video-preview":"max-video-preview:-1"},"canonical":"https:\/\/www.immobilienbusiness.ch\/fr\/product\/immobilien-business-ausgabe-4-2022\/","og_locale":"fr_FR","og_type":"article","og_title":"Immobilien Business Ausgabe 4\/2022 - IMMOBILIEN Business","og_description":"Erhalte die deutschsprachige Fachzeitschrift \u00abImmobilien Business\u00bb in der Ausgabe 11\/2021 als PDF-Download mit nachfolgendem Inhaltsverzeichnis:","og_url":"https:\/\/www.immobilienbusiness.ch\/fr\/product\/immobilien-business-ausgabe-4-2022\/","og_site_name":"IMMOBILIEN Business","article_publisher":"https:\/\/www.facebook.com\/immobilienbusiness\/","article_modified_time":"2026-02-17T14:57:15+00:00","og_image":[{"width":654,"height":370,"url":"https:\/\/www.immobilienbusiness.ch\/wp-content\/uploads\/2022\/04\/Immobilien-Business-Ausgabe-4-2022.png","type":"image\/png"}],"twitter_card":"summary_large_image","schema":{"@context":"https:\/\/schema.org","@graph":[{"@type":"WebPage","@id":"https:\/\/www.immobilienbusiness.ch\/produkt\/immobilien-business-ausgabe-4-2022\/","url":"https:\/\/www.immobilienbusiness.ch\/produkt\/immobilien-business-ausgabe-4-2022\/","name":"Immobilien Business \u00e9dition 4\/2022 - IMMOBILIER Business","isPartOf":{"@id":"https:\/\/www.immobilienbusiness.ch\/#website"},"primaryImageOfPage":{"@id":"https:\/\/www.immobilienbusiness.ch\/produkt\/immobilien-business-ausgabe-4-2022\/#primaryimage"},"image":{"@id":"https:\/\/www.immobilienbusiness.ch\/produkt\/immobilien-business-ausgabe-4-2022\/#primaryimage"},"thumbnailUrl":"https:\/\/www.immobilienbusiness.ch\/wp-content\/uploads\/2022\/04\/Immobilien-Business-Ausgabe-4-2022.png","datePublished":"2022-04-07T08:07:53+00:00","dateModified":"2026-02-17T14:57:15+00:00","description":"Recevez le magazine professionnel en langue allemande \"Immobilien Business\" dans le num\u00e9ro 11\/2021 en t\u00e9l\u00e9chargement PDF avec la table des mati\u00e8res suivante :","breadcrumb":{"@id":"https:\/\/www.immobilienbusiness.ch\/produkt\/immobilien-business-ausgabe-4-2022\/#breadcrumb"},"inLanguage":"fr-FR","potentialAction":[{"@type":"ReadAction","target":["https:\/\/www.immobilienbusiness.ch\/produkt\/immobilien-business-ausgabe-4-2022\/"]}]},{"@type":"ImageObject","inLanguage":"fr-FR","@id":"https:\/\/www.immobilienbusiness.ch\/produkt\/immobilien-business-ausgabe-4-2022\/#primaryimage","url":"https:\/\/www.immobilienbusiness.ch\/wp-content\/uploads\/2022\/04\/Immobilien-Business-Ausgabe-4-2022.png","contentUrl":"https:\/\/www.immobilienbusiness.ch\/wp-content\/uploads\/2022\/04\/Immobilien-Business-Ausgabe-4-2022.png","width":654,"height":370},{"@type":"BreadcrumbList","@id":"https:\/\/www.immobilienbusiness.ch\/produkt\/immobilien-business-ausgabe-4-2022\/#breadcrumb","itemListElement":[{"@type":"ListItem","position":1,"name":"Home","item":"https:\/\/www.immobilienbusiness.ch\/"},{"@type":"ListItem","position":2,"name":"Shop","item":"https:\/\/www.immobilienbusiness.ch\/en\/shop\/"},{"@type":"ListItem","position":3,"name":"Immobilien Business Ausgabe 4\/2022"}]},{"@type":"WebSite","@id":"https:\/\/www.immobilienbusiness.ch\/#website","url":"https:\/\/www.immobilienbusiness.ch\/","name":"IMMOBILIER Business","description":"Magazine \u00e9conomique suisse ind\u00e9pendant ax\u00e9 sur l'immobilier, l'architecture et la construction ainsi que sur les investissements et le financement.","publisher":{"@id":"https:\/\/www.immobilienbusiness.ch\/#organization"},"potentialAction":[{"@type":"SearchAction","target":{"@type":"EntryPoint","urlTemplate":"https:\/\/www.immobilienbusiness.ch\/?s={search_term_string}"},"query-input":{"@type":"PropertyValueSpecification","valueRequired":true,"valueName":"search_term_string"}}],"inLanguage":"fr-FR"},{"@type":"Organization","@id":"https:\/\/www.immobilienbusiness.ch\/#organization","name":"IMMOBILIER Business","url":"https:\/\/www.immobilienbusiness.ch\/","logo":{"@type":"ImageObject","inLanguage":"fr-FR","@id":"https:\/\/www.immobilienbusiness.ch\/#\/schema\/logo\/image\/","url":"https:\/\/www.immobilienbusiness.ch\/wp-content\/uploads\/2021\/07\/logo_ib.png","contentUrl":"https:\/\/www.immobilienbusiness.ch\/wp-content\/uploads\/2021\/07\/logo_ib.png","width":800,"height":181,"caption":"IMMOBILIEN Business"},"image":{"@id":"https:\/\/www.immobilienbusiness.ch\/#\/schema\/logo\/image\/"},"sameAs":["https:\/\/www.facebook.com\/immobilienbusiness\/"]}]}},"_links":{"self":[{"href":"https:\/\/www.immobilienbusiness.ch\/fr\/wp-json\/wp\/v2\/product\/42042","targetHints":{"allow":["GET"]}}],"collection":[{"href":"https:\/\/www.immobilienbusiness.ch\/fr\/wp-json\/wp\/v2\/product"}],"about":[{"href":"https:\/\/www.immobilienbusiness.ch\/fr\/wp-json\/wp\/v2\/types\/product"}],"wp:featuredmedia":[{"embeddable":true,"href":"https:\/\/www.immobilienbusiness.ch\/fr\/wp-json\/wp\/v2\/media\/42044"}],"wp:attachment":[{"href":"https:\/\/www.immobilienbusiness.ch\/fr\/wp-json\/wp\/v2\/media?parent=42042"}],"wp:term":[{"taxonomy":"product_brand","embeddable":true,"href":"https:\/\/www.immobilienbusiness.ch\/fr\/wp-json\/wp\/v2\/product_brand?post=42042"},{"taxonomy":"product_cat","embeddable":true,"href":"https:\/\/www.immobilienbusiness.ch\/fr\/wp-json\/wp\/v2\/product_cat?post=42042"},{"taxonomy":"product_tag","embeddable":true,"href":"https:\/\/www.immobilienbusiness.ch\/fr\/wp-json\/wp\/v2\/product_tag?post=42042"}],"curies":[{"name":"wp","href":"https:\/\/api.w.org\/{rel}","templated":true}]}}