{"id":40179,"date":"2022-03-03T00:01:34","date_gmt":"2022-03-02T23:01:34","guid":{"rendered":"https:\/\/www.immobilienbusiness.ch\/?post_type=product&#038;p=40179"},"modified":"2026-02-17T15:57:15","modified_gmt":"2026-02-17T14:57:15","slug":"immobilier-romand-edition-3-2022","status":"publish","type":"product","link":"https:\/\/www.immobilienbusiness.ch\/fr\/product\/immobilier-romand-edition-3-2022\/","title":{"rendered":"Immobilier Romand Edition 3\/2022"},"content":{"rendered":"<h2>Sommaire<\/h2>\n<ul>\n<li>Gen\u00e8ve : L'Espace Tourbillon se remplit<\/li>\n<li>Cully : Nouvelle gare<\/li>\n<li>Montreux : RIRS investit<\/li>\n<li>Estavayer : Flore&amp;Sens prend forme<\/li>\n<li>R\u00f4le : Plans pour une Cit\u00e9 du Vin<\/li>\n<li>Saas Fee : Un nouvel h\u00f4tel Revier<\/li>\n<li>Cressier : La plus grande installation solaire<\/li>\n<li>Immo 22 : Record de visiteurs<\/li>\n<li>Le march\u00e9 des bureaux en pleine mutation : Revue de march\u00e9 de JLL<\/li>\n<li>Entretien : Etienne Nagy, Naef Immobilier<\/li>\n<li>Nouvelle : SPS Prime Site Immobilier<\/li>\n<li>La Banque nationale r\u00e9agit : Risques sur le march\u00e9 immobilier<\/li>\n<li>Entretien : Andreas Loepfe, INREIM SA<\/li>\n<li>Bien plus que du greenwashing<\/li>\n<li>Nouvelle : Enerdrape<\/li>\n<li>Nouvelle : Implenia<\/li>\n<li>Opinion : Philipp Salvi, Bonh\u00f4te-Immobilier<\/li>\n<li>Les agios \u00e0 la loupe<\/li>\n<li>Nouvelle : Pensimmo<\/li>\n<li>Nouvelle : Helvetia Asset Management<\/li>\n<li>Entretien du mois : Ajay Sirohi, Michael Schiltknecht, CEO et Co-CEO Steiner AG<\/li>\n<li>SSREI : Aper\u00e7u des fondamentaux<\/li>\n<li>Mobimo Holding SA : Un pipeline bien rempli<\/li>\n<li>Procimmo : La Vaudoise entre au capital de la soci\u00e9t\u00e9 m\u00e8re SEG<\/li>\n<li>Swiss Prime Site SA : Forte croissance<\/li>\n<li>Deka Immobilien : Deal \u00e0 Meyrin<\/li>\n<li>AFIAA : Acquisition \u00e0 Lisbonne<\/li>\n<li>Stoneweg Hospitality\/Bain Capital Credit : Nouvel investissement \u00e0 Marbella<\/li>\n<li>En Profil : La Fonci\u00e8re<\/li>\n<\/ul>","protected":false},"excerpt":{"rendered":"<p>Re\u00e7ois la revue sp\u00e9cialis\u00e9e francophone \"Immobilier Romand\" \u00e9dition 3\/2022 en t\u00e9l\u00e9chargement PDF avec le sommaire ci-dessous :<\/p>","protected":false},"featured_media":40181,"template":"","meta":{"_acf_changed":false,"pgc_sgb_lightbox_settings":""},"product_brand":[],"product_cat":[921],"product_tag":[1943],"class_list":{"0":"post-40179","1":"product","2":"type-product","3":"status-publish","4":"has-post-thumbnail","6":"product_cat-einzelausgaben","7":"product_tag-1943","9":"first","10":"instock","11":"downloadable","12":"virtual","13":"taxable","14":"purchasable","15":"product-type-simple"},"acf":[],"yoast_head":"<!-- This site is optimized with the Yoast SEO plugin v27.4 - https:\/\/yoast.com\/product\/yoast-seo-wordpress\/ -->\n<title>Immobilier Romand Edition 3\/2022 - IMMOBILIEN Business<\/title>\n<meta name=\"description\" content=\"Erhalte die deutschsprachige Fachzeitschrift \u00abImmobilien Business\u00bb in der Ausgabe 11\/2021 als PDF-Download mit nachfolgendem Inhaltsverzeichnis:\" \/>\n<meta name=\"robots\" content=\"index, follow, max-snippet:-1, max-image-preview:large, max-video-preview:-1\" \/>\n<link rel=\"canonical\" href=\"https:\/\/www.immobilienbusiness.ch\/fr\/product\/immobilier-romand-edition-3-2022\/\" \/>\n<meta property=\"og:locale\" content=\"fr_FR\" \/>\n<meta property=\"og:type\" content=\"article\" \/>\n<meta property=\"og:title\" content=\"Immobilier Romand Edition 3\/2022 - IMMOBILIEN Business\" \/>\n<meta property=\"og:description\" content=\"Erhalte die deutschsprachige Fachzeitschrift \u00abImmobilien Business\u00bb in der Ausgabe 11\/2021 als PDF-Download mit nachfolgendem Inhaltsverzeichnis:\" \/>\n<meta property=\"og:url\" content=\"https:\/\/www.immobilienbusiness.ch\/fr\/product\/immobilier-romand-edition-3-2022\/\" \/>\n<meta property=\"og:site_name\" content=\"IMMOBILIEN Business\" \/>\n<meta property=\"article:publisher\" content=\"https:\/\/www.facebook.com\/immobilienbusiness\/\" \/>\n<meta property=\"article:modified_time\" content=\"2026-02-17T14:57:15+00:00\" \/>\n<meta property=\"og:image\" content=\"https:\/\/www.immobilienbusiness.ch\/wp-content\/uploads\/2022\/02\/Immobilier-Romand-Ausgabe-3-2022.png\" \/>\n\t<meta property=\"og:image:width\" content=\"654\" \/>\n\t<meta property=\"og:image:height\" content=\"370\" \/>\n\t<meta property=\"og:image:type\" content=\"image\/png\" \/>\n<meta name=\"twitter:card\" content=\"summary_large_image\" \/>\n<script type=\"application\/ld+json\" class=\"yoast-schema-graph\">{\"@context\":\"https:\\\/\\\/schema.org\",\"@graph\":[{\"@type\":\"WebPage\",\"@id\":\"https:\\\/\\\/www.immobilienbusiness.ch\\\/produkt\\\/immobilier-romand-edition-3-2022\\\/\",\"url\":\"https:\\\/\\\/www.immobilienbusiness.ch\\\/produkt\\\/immobilier-romand-edition-3-2022\\\/\",\"name\":\"Immobilier Romand Edition 3\\\/2022 - IMMOBILIEN Business\",\"isPartOf\":{\"@id\":\"https:\\\/\\\/www.immobilienbusiness.ch\\\/#website\"},\"primaryImageOfPage\":{\"@id\":\"https:\\\/\\\/www.immobilienbusiness.ch\\\/produkt\\\/immobilier-romand-edition-3-2022\\\/#primaryimage\"},\"image\":{\"@id\":\"https:\\\/\\\/www.immobilienbusiness.ch\\\/produkt\\\/immobilier-romand-edition-3-2022\\\/#primaryimage\"},\"thumbnailUrl\":\"https:\\\/\\\/www.immobilienbusiness.ch\\\/wp-content\\\/uploads\\\/2022\\\/02\\\/Immobilier-Romand-Ausgabe-3-2022.png\",\"datePublished\":\"2022-03-02T23:01:34+00:00\",\"dateModified\":\"2026-02-17T14:57:15+00:00\",\"description\":\"Erhalte die deutschsprachige Fachzeitschrift \u00abImmobilien Business\u00bb in der Ausgabe 11\\\/2021 als PDF-Download mit nachfolgendem Inhaltsverzeichnis:\",\"breadcrumb\":{\"@id\":\"https:\\\/\\\/www.immobilienbusiness.ch\\\/produkt\\\/immobilier-romand-edition-3-2022\\\/#breadcrumb\"},\"inLanguage\":\"fr-FR\",\"potentialAction\":[{\"@type\":\"ReadAction\",\"target\":[\"https:\\\/\\\/www.immobilienbusiness.ch\\\/produkt\\\/immobilier-romand-edition-3-2022\\\/\"]}]},{\"@type\":\"ImageObject\",\"inLanguage\":\"fr-FR\",\"@id\":\"https:\\\/\\\/www.immobilienbusiness.ch\\\/produkt\\\/immobilier-romand-edition-3-2022\\\/#primaryimage\",\"url\":\"https:\\\/\\\/www.immobilienbusiness.ch\\\/wp-content\\\/uploads\\\/2022\\\/02\\\/Immobilier-Romand-Ausgabe-3-2022.png\",\"contentUrl\":\"https:\\\/\\\/www.immobilienbusiness.ch\\\/wp-content\\\/uploads\\\/2022\\\/02\\\/Immobilier-Romand-Ausgabe-3-2022.png\",\"width\":654,\"height\":370},{\"@type\":\"BreadcrumbList\",\"@id\":\"https:\\\/\\\/www.immobilienbusiness.ch\\\/produkt\\\/immobilier-romand-edition-3-2022\\\/#breadcrumb\",\"itemListElement\":[{\"@type\":\"ListItem\",\"position\":1,\"name\":\"Home\",\"item\":\"https:\\\/\\\/www.immobilienbusiness.ch\\\/\"},{\"@type\":\"ListItem\",\"position\":2,\"name\":\"Shop\",\"item\":\"https:\\\/\\\/www.immobilienbusiness.ch\\\/en\\\/shop\\\/\"},{\"@type\":\"ListItem\",\"position\":3,\"name\":\"Immobilier Romand Edition 3\\\/2022\"}]},{\"@type\":\"WebSite\",\"@id\":\"https:\\\/\\\/www.immobilienbusiness.ch\\\/#website\",\"url\":\"https:\\\/\\\/www.immobilienbusiness.ch\\\/\",\"name\":\"IMMOBILIEN Business\",\"description\":\"Unabh\u00e4ngiges Schweizer Wirtschaftsmagazin mit Fokus auf Immobilien, Architektur- und Bau sowie Investment- und Finanzierung.\",\"publisher\":{\"@id\":\"https:\\\/\\\/www.immobilienbusiness.ch\\\/#organization\"},\"potentialAction\":[{\"@type\":\"SearchAction\",\"target\":{\"@type\":\"EntryPoint\",\"urlTemplate\":\"https:\\\/\\\/www.immobilienbusiness.ch\\\/?s={search_term_string}\"},\"query-input\":{\"@type\":\"PropertyValueSpecification\",\"valueRequired\":true,\"valueName\":\"search_term_string\"}}],\"inLanguage\":\"fr-FR\"},{\"@type\":\"Organization\",\"@id\":\"https:\\\/\\\/www.immobilienbusiness.ch\\\/#organization\",\"name\":\"IMMOBILIEN Business\",\"url\":\"https:\\\/\\\/www.immobilienbusiness.ch\\\/\",\"logo\":{\"@type\":\"ImageObject\",\"inLanguage\":\"fr-FR\",\"@id\":\"https:\\\/\\\/www.immobilienbusiness.ch\\\/#\\\/schema\\\/logo\\\/image\\\/\",\"url\":\"https:\\\/\\\/www.immobilienbusiness.ch\\\/wp-content\\\/uploads\\\/2021\\\/07\\\/logo_ib.png\",\"contentUrl\":\"https:\\\/\\\/www.immobilienbusiness.ch\\\/wp-content\\\/uploads\\\/2021\\\/07\\\/logo_ib.png\",\"width\":800,\"height\":181,\"caption\":\"IMMOBILIEN Business\"},\"image\":{\"@id\":\"https:\\\/\\\/www.immobilienbusiness.ch\\\/#\\\/schema\\\/logo\\\/image\\\/\"},\"sameAs\":[\"https:\\\/\\\/www.facebook.com\\\/immobilienbusiness\\\/\"]}]}<\/script>\n<!-- \/ Yoast SEO plugin. -->","yoast_head_json":{"title":"Immobilier Romand Edition 3\/2022 - IMMOBILIEN Business","description":"Recevez le magazine professionnel en langue allemande \"Immobilien Business\" dans le num\u00e9ro 11\/2021 en t\u00e9l\u00e9chargement PDF avec la table des mati\u00e8res suivante :","robots":{"index":"index","follow":"follow","max-snippet":"max-snippet:-1","max-image-preview":"max-image-preview:large","max-video-preview":"max-video-preview:-1"},"canonical":"https:\/\/www.immobilienbusiness.ch\/fr\/product\/immobilier-romand-edition-3-2022\/","og_locale":"fr_FR","og_type":"article","og_title":"Immobilier Romand Edition 3\/2022 - IMMOBILIEN Business","og_description":"Erhalte die deutschsprachige Fachzeitschrift \u00abImmobilien Business\u00bb in der Ausgabe 11\/2021 als PDF-Download mit nachfolgendem Inhaltsverzeichnis:","og_url":"https:\/\/www.immobilienbusiness.ch\/fr\/product\/immobilier-romand-edition-3-2022\/","og_site_name":"IMMOBILIEN Business","article_publisher":"https:\/\/www.facebook.com\/immobilienbusiness\/","article_modified_time":"2026-02-17T14:57:15+00:00","og_image":[{"width":654,"height":370,"url":"https:\/\/www.immobilienbusiness.ch\/wp-content\/uploads\/2022\/02\/Immobilier-Romand-Ausgabe-3-2022.png","type":"image\/png"}],"twitter_card":"summary_large_image","schema":{"@context":"https:\/\/schema.org","@graph":[{"@type":"WebPage","@id":"https:\/\/www.immobilienbusiness.ch\/produkt\/immobilier-romand-edition-3-2022\/","url":"https:\/\/www.immobilienbusiness.ch\/produkt\/immobilier-romand-edition-3-2022\/","name":"Immobilier Romand Edition 3\/2022 - IMMOBILIEN Business","isPartOf":{"@id":"https:\/\/www.immobilienbusiness.ch\/#website"},"primaryImageOfPage":{"@id":"https:\/\/www.immobilienbusiness.ch\/produkt\/immobilier-romand-edition-3-2022\/#primaryimage"},"image":{"@id":"https:\/\/www.immobilienbusiness.ch\/produkt\/immobilier-romand-edition-3-2022\/#primaryimage"},"thumbnailUrl":"https:\/\/www.immobilienbusiness.ch\/wp-content\/uploads\/2022\/02\/Immobilier-Romand-Ausgabe-3-2022.png","datePublished":"2022-03-02T23:01:34+00:00","dateModified":"2026-02-17T14:57:15+00:00","description":"Recevez le magazine professionnel en langue allemande \"Immobilien Business\" dans le num\u00e9ro 11\/2021 en t\u00e9l\u00e9chargement PDF avec la table des mati\u00e8res suivante :","breadcrumb":{"@id":"https:\/\/www.immobilienbusiness.ch\/produkt\/immobilier-romand-edition-3-2022\/#breadcrumb"},"inLanguage":"fr-FR","potentialAction":[{"@type":"ReadAction","target":["https:\/\/www.immobilienbusiness.ch\/produkt\/immobilier-romand-edition-3-2022\/"]}]},{"@type":"ImageObject","inLanguage":"fr-FR","@id":"https:\/\/www.immobilienbusiness.ch\/produkt\/immobilier-romand-edition-3-2022\/#primaryimage","url":"https:\/\/www.immobilienbusiness.ch\/wp-content\/uploads\/2022\/02\/Immobilier-Romand-Ausgabe-3-2022.png","contentUrl":"https:\/\/www.immobilienbusiness.ch\/wp-content\/uploads\/2022\/02\/Immobilier-Romand-Ausgabe-3-2022.png","width":654,"height":370},{"@type":"BreadcrumbList","@id":"https:\/\/www.immobilienbusiness.ch\/produkt\/immobilier-romand-edition-3-2022\/#breadcrumb","itemListElement":[{"@type":"ListItem","position":1,"name":"Home","item":"https:\/\/www.immobilienbusiness.ch\/"},{"@type":"ListItem","position":2,"name":"Shop","item":"https:\/\/www.immobilienbusiness.ch\/en\/shop\/"},{"@type":"ListItem","position":3,"name":"Immobilier Romand Edition 3\/2022"}]},{"@type":"WebSite","@id":"https:\/\/www.immobilienbusiness.ch\/#website","url":"https:\/\/www.immobilienbusiness.ch\/","name":"IMMOBILIER Business","description":"Magazine \u00e9conomique suisse ind\u00e9pendant ax\u00e9 sur l'immobilier, l'architecture et la construction ainsi que sur les investissements et le financement.","publisher":{"@id":"https:\/\/www.immobilienbusiness.ch\/#organization"},"potentialAction":[{"@type":"SearchAction","target":{"@type":"EntryPoint","urlTemplate":"https:\/\/www.immobilienbusiness.ch\/?s={search_term_string}"},"query-input":{"@type":"PropertyValueSpecification","valueRequired":true,"valueName":"search_term_string"}}],"inLanguage":"fr-FR"},{"@type":"Organization","@id":"https:\/\/www.immobilienbusiness.ch\/#organization","name":"IMMOBILIER Business","url":"https:\/\/www.immobilienbusiness.ch\/","logo":{"@type":"ImageObject","inLanguage":"fr-FR","@id":"https:\/\/www.immobilienbusiness.ch\/#\/schema\/logo\/image\/","url":"https:\/\/www.immobilienbusiness.ch\/wp-content\/uploads\/2021\/07\/logo_ib.png","contentUrl":"https:\/\/www.immobilienbusiness.ch\/wp-content\/uploads\/2021\/07\/logo_ib.png","width":800,"height":181,"caption":"IMMOBILIEN Business"},"image":{"@id":"https:\/\/www.immobilienbusiness.ch\/#\/schema\/logo\/image\/"},"sameAs":["https:\/\/www.facebook.com\/immobilienbusiness\/"]}]}},"_links":{"self":[{"href":"https:\/\/www.immobilienbusiness.ch\/fr\/wp-json\/wp\/v2\/product\/40179","targetHints":{"allow":["GET"]}}],"collection":[{"href":"https:\/\/www.immobilienbusiness.ch\/fr\/wp-json\/wp\/v2\/product"}],"about":[{"href":"https:\/\/www.immobilienbusiness.ch\/fr\/wp-json\/wp\/v2\/types\/product"}],"wp:featuredmedia":[{"embeddable":true,"href":"https:\/\/www.immobilienbusiness.ch\/fr\/wp-json\/wp\/v2\/media\/40181"}],"wp:attachment":[{"href":"https:\/\/www.immobilienbusiness.ch\/fr\/wp-json\/wp\/v2\/media?parent=40179"}],"wp:term":[{"taxonomy":"product_brand","embeddable":true,"href":"https:\/\/www.immobilienbusiness.ch\/fr\/wp-json\/wp\/v2\/product_brand?post=40179"},{"taxonomy":"product_cat","embeddable":true,"href":"https:\/\/www.immobilienbusiness.ch\/fr\/wp-json\/wp\/v2\/product_cat?post=40179"},{"taxonomy":"product_tag","embeddable":true,"href":"https:\/\/www.immobilienbusiness.ch\/fr\/wp-json\/wp\/v2\/product_tag?post=40179"}],"curies":[{"name":"wp","href":"https:\/\/api.w.org\/{rel}","templated":true}]}}