{"id":39391,"date":"2021-12-09T00:01:09","date_gmt":"2021-12-08T23:01:09","guid":{"rendered":"https:\/\/www.immobilienbusiness.ch\/?post_type=product&#038;p=39391"},"modified":"2026-02-17T15:57:16","modified_gmt":"2026-02-17T14:57:16","slug":"immobilien-business-ausgabe-12-2021-1-2022","status":"publish","type":"product","link":"https:\/\/www.immobilienbusiness.ch\/fr\/product\/immobilien-business-ausgabe-12-2021-1-2022\/","title":{"rendered":"Immobilien Business \u00c9dition 12\/2021 1\/2022"},"content":{"rendered":"<h2>Nouvelles<\/h2>\n<ul>\n<li>Zurich : nouveaux plans pour le site de Harslen<\/li>\n<li>Zurich : Audemars Piguet loue au Leuenhof<\/li>\n<li>Personnel : Intercity Group Holding AG<\/li>\n<li>Fischbach-G\u00f6slikon : nouveau propri\u00e9taire pour le \"Widacher<\/li>\n<li>Zoug : d\u00e9but de la construction de Zephyr Est<\/li>\n<li>Personnel : Baloise<\/li>\n<li>B\u00e2le : habiter plus haut dans le Petit-B\u00e2le<\/li>\n<li>B\u00e2le : la tour Coop fait peau neuve<\/li>\n<li>Personnel : Halter\/Immofonds AM<\/li>\n<li>Allschwil : Vebego, nouveau locataire de la maison Alba<\/li>\n<li>Liestal : nouveaux logements sur un terrain en pente<\/li>\n<li>Personnel : Mobimo Holding AG\/Plazza AG<\/li>\n<li>Berne : un pas en avant pour le quartier du Viererfeld<\/li>\n<li>Berne : \"Downtown Gastown<\/li>\n<li>Lucerne : l'h\u00f4tel Palace plac\u00e9 sous protection<\/li>\n<li>Hertenstein : le canton veut acqu\u00e9rir la Villa Senar<\/li>\n<li>Lausanne : de la friche industrielle au quartier<\/li>\n<li>Aubonne : nouveau propri\u00e9taire pour l'Outlet Aubonne<\/li>\n<li>Personnel : E-Potek\/SPGI Zurich<\/li>\n<li>Nyon : D\u00e9but de la construction de la r\u00e9sidence Domaine du Lac<\/li>\n<li>Gen\u00e8ve : Lagard\u00e8re ouvre un magasin Lego<\/li>\n<li>De la part des entreprises : Naef Immobilier<\/li>\n<\/ul>\n<h2>Tendances<\/h2>\n<ul>\n<li>Les entreprises tech sont les nouvelles banques : de nouveaux groupes de demande pour les surfaces de bureaux<\/li>\n<li>Histoire d'une r\u00e9ussite alpine : La demande d'appartements de vacances augmente<\/li>\n<\/ul>\n<h2>Titre Sujet<\/h2>\n<ul>\n<li>\"Relativement cher\" : un potentiel pour les SA immobili\u00e8res suisses<\/li>\n<li>Chronique : La Suisse reste un peuple de locataires<\/li>\n<li>Entretien : Stephan Kloess<\/li>\n<li>Un potentiel limit\u00e9 : comparaison des REITs<\/li>\n<li>Les hotspots \u00e0 risque<\/li>\n<li>La porte de l'Asie : Singapour gagne les faveurs des investisseurs<\/li>\n<\/ul>\n<h2>Innovations<\/h2>\n<ul>\n<li>Satisfaction \u00e9lev\u00e9e des locataires dans les portefeuilles r\u00e9sidentiels institutionnels : Un outil d'enqu\u00eate innovant pour les gestionnaires d'actifs<\/li>\n<\/ul>\n<h2>Gestion d'actifs et de portefeuilles<\/h2>\n<ul>\n<li>\"Faire les choses bien, pas mal\" : des solutions num\u00e9riques pour la protection du climat<\/li>\n<\/ul>\n<h2>Des r\u00e9gions<\/h2>\n<ul>\n<li>Du nuageux au serein : le Tessin dans la ligne de mire des investisseurs institutionnels<\/li>\n<\/ul>\n<h2>R\u00e9sidentiel<\/h2>\n<ul>\n<li>Une id\u00e9e bien suisse : 170 ans de coop\u00e9ratives d'habitation<\/li>\n<\/ul>\n<h2>Service<\/h2>\n<ul>\n<li>Agenda \/ Aper\u00e7u<\/li>\n<li>Indice des loyers d'approvisionnement<\/li>\n<\/ul>\n<h2>March\u00e9s \u00e9trangers<\/h2>\n<ul>\n<li>Un minuscule qui a de la chance : Regard sur le march\u00e9 immobilier luxembourgeois<\/li>\n<\/ul>\n<h2>March\u00e9s financiers immobiliers<\/h2>\n<ul>\n<li>Interview du mois : Martin Kaleja, Swiss Prime Site Immobilien AG<\/li>\n<li>Strat\u00e9gie : Allreal Holding AG<\/li>\n<li>Strat\u00e9gie : Mobimo Holding AG<\/li>\n<li>Focus : la demande immobili\u00e8re continue d'augmenter<\/li>\n<li>Hiag Immobilien : Freefloat nettement plus \u00e9lev\u00e9<\/li>\n<li>Swiss Property : am\u00e9lioration des pr\u00e9visions<\/li>\n<li>Schroder ImmoPLUS : \u00e9mission pr\u00e9vue<\/li>\n<li>Realstone RSF : de l'argent frais pour des acquisitions<\/li>\n<li>Swiss Life Swiss Properties : Nouvelle \u00e9mission<\/li>\n<li>Avobis Swiss Residential REF Pension : Entr\u00e9e dans le secteur des fonds de placement<\/li>\n<li>Fonds d'investissement Swiss Prime Site Solutions<\/li>\n<li>Commercial : un nouveau fonds est lanc\u00e9<\/li>\n<li>Swiss Central City REF : Cotation en vue<\/li>\n<li>Z\u00fcblin Immobilien Holding : \"Bonne situation b\u00e9n\u00e9ficiaire\".<\/li>\n<li>Credit Suisse AM : D\u00e9sinvestissement \u00e0 Munich<\/li>\n<li>Swiss Life Asset Managers : acquisition \u00e0 Berlin<\/li>\n<li>Orascom Development : forte croissance<\/li>\n<li>Varia US Properties AG : En tourn\u00e9e d'achat<\/li>\n<li>Nouveau venu : Pictet lance le fonds PERE<\/li>\n<\/ul>\n<h2>Copropri\u00e9t\u00e9<\/h2>\n<ul>\n<li>Acier et bois : des prix en hausse rapide<\/li>\n<\/ul>","protected":false},"excerpt":{"rendered":"<p>Re\u00e7ois la revue sp\u00e9cialis\u00e9e en langue allemande \"Immobilien Business\" dans l'\u00e9dition 12\/2021 1\/2022 en t\u00e9l\u00e9chargement PDF avec la table des mati\u00e8res ci-dessous :<\/p>","protected":false},"featured_media":39392,"template":"","meta":{"_acf_changed":false,"pgc_sgb_lightbox_settings":""},"product_brand":[],"product_cat":[921],"product_tag":[922],"class_list":{"0":"post-39391","1":"product","2":"type-product","3":"status-publish","4":"has-post-thumbnail","6":"product_cat-einzelausgaben","7":"product_tag-922","9":"first","10":"instock","11":"downloadable","12":"virtual","13":"taxable","14":"purchasable","15":"product-type-simple"},"acf":[],"yoast_head":"<!-- This site is optimized with the Yoast SEO plugin v27.4 - https:\/\/yoast.com\/product\/yoast-seo-wordpress\/ -->\n<title>Immobilien Business Ausgabe 12\/2021 1\/2022 - IMMOBILIEN Business<\/title>\n<meta name=\"description\" content=\"Erhalte die deutschsprachige Fachzeitschrift \u00abImmobilien Business\u00bb in der Ausgabe 11\/2021 als PDF-Download mit nachfolgendem Inhaltsverzeichnis:\" \/>\n<meta name=\"robots\" content=\"index, follow, max-snippet:-1, max-image-preview:large, max-video-preview:-1\" \/>\n<link rel=\"canonical\" href=\"https:\/\/www.immobilienbusiness.ch\/fr\/product\/immobilien-business-ausgabe-12-2021-1-2022\/\" \/>\n<meta property=\"og:locale\" content=\"fr_FR\" \/>\n<meta property=\"og:type\" content=\"article\" \/>\n<meta property=\"og:title\" content=\"Immobilien Business Ausgabe 12\/2021 1\/2022 - IMMOBILIEN Business\" \/>\n<meta property=\"og:description\" content=\"Erhalte die deutschsprachige Fachzeitschrift \u00abImmobilien Business\u00bb in der Ausgabe 11\/2021 als PDF-Download mit nachfolgendem Inhaltsverzeichnis:\" \/>\n<meta property=\"og:url\" content=\"https:\/\/www.immobilienbusiness.ch\/fr\/product\/immobilien-business-ausgabe-12-2021-1-2022\/\" \/>\n<meta property=\"og:site_name\" content=\"IMMOBILIEN Business\" \/>\n<meta property=\"article:publisher\" content=\"https:\/\/www.facebook.com\/immobilienbusiness\/\" \/>\n<meta property=\"article:modified_time\" content=\"2026-02-17T14:57:16+00:00\" \/>\n<meta property=\"og:image\" content=\"https:\/\/www.immobilienbusiness.ch\/wp-content\/uploads\/2021\/12\/Immobilien-Business-Ausgabe-12-2021-01-2022.png\" \/>\n\t<meta property=\"og:image:width\" content=\"654\" \/>\n\t<meta property=\"og:image:height\" content=\"370\" \/>\n\t<meta property=\"og:image:type\" content=\"image\/png\" \/>\n<meta name=\"twitter:card\" content=\"summary_large_image\" \/>\n<script type=\"application\/ld+json\" class=\"yoast-schema-graph\">{\"@context\":\"https:\\\/\\\/schema.org\",\"@graph\":[{\"@type\":\"WebPage\",\"@id\":\"https:\\\/\\\/www.immobilienbusiness.ch\\\/produkt\\\/immobilien-business-ausgabe-12-2021-1-2022\\\/\",\"url\":\"https:\\\/\\\/www.immobilienbusiness.ch\\\/produkt\\\/immobilien-business-ausgabe-12-2021-1-2022\\\/\",\"name\":\"Immobilien Business Ausgabe 12\\\/2021 1\\\/2022 - IMMOBILIEN Business\",\"isPartOf\":{\"@id\":\"https:\\\/\\\/www.immobilienbusiness.ch\\\/#website\"},\"primaryImageOfPage\":{\"@id\":\"https:\\\/\\\/www.immobilienbusiness.ch\\\/produkt\\\/immobilien-business-ausgabe-12-2021-1-2022\\\/#primaryimage\"},\"image\":{\"@id\":\"https:\\\/\\\/www.immobilienbusiness.ch\\\/produkt\\\/immobilien-business-ausgabe-12-2021-1-2022\\\/#primaryimage\"},\"thumbnailUrl\":\"https:\\\/\\\/www.immobilienbusiness.ch\\\/wp-content\\\/uploads\\\/2021\\\/12\\\/Immobilien-Business-Ausgabe-12-2021-01-2022.png\",\"datePublished\":\"2021-12-08T23:01:09+00:00\",\"dateModified\":\"2026-02-17T14:57:16+00:00\",\"description\":\"Erhalte die deutschsprachige Fachzeitschrift \u00abImmobilien Business\u00bb in der Ausgabe 11\\\/2021 als PDF-Download mit nachfolgendem Inhaltsverzeichnis:\",\"breadcrumb\":{\"@id\":\"https:\\\/\\\/www.immobilienbusiness.ch\\\/produkt\\\/immobilien-business-ausgabe-12-2021-1-2022\\\/#breadcrumb\"},\"inLanguage\":\"fr-FR\",\"potentialAction\":[{\"@type\":\"ReadAction\",\"target\":[\"https:\\\/\\\/www.immobilienbusiness.ch\\\/produkt\\\/immobilien-business-ausgabe-12-2021-1-2022\\\/\"]}]},{\"@type\":\"ImageObject\",\"inLanguage\":\"fr-FR\",\"@id\":\"https:\\\/\\\/www.immobilienbusiness.ch\\\/produkt\\\/immobilien-business-ausgabe-12-2021-1-2022\\\/#primaryimage\",\"url\":\"https:\\\/\\\/www.immobilienbusiness.ch\\\/wp-content\\\/uploads\\\/2021\\\/12\\\/Immobilien-Business-Ausgabe-12-2021-01-2022.png\",\"contentUrl\":\"https:\\\/\\\/www.immobilienbusiness.ch\\\/wp-content\\\/uploads\\\/2021\\\/12\\\/Immobilien-Business-Ausgabe-12-2021-01-2022.png\",\"width\":654,\"height\":370},{\"@type\":\"BreadcrumbList\",\"@id\":\"https:\\\/\\\/www.immobilienbusiness.ch\\\/produkt\\\/immobilien-business-ausgabe-12-2021-1-2022\\\/#breadcrumb\",\"itemListElement\":[{\"@type\":\"ListItem\",\"position\":1,\"name\":\"Home\",\"item\":\"https:\\\/\\\/www.immobilienbusiness.ch\\\/\"},{\"@type\":\"ListItem\",\"position\":2,\"name\":\"Shop\",\"item\":\"https:\\\/\\\/www.immobilienbusiness.ch\\\/en\\\/shop\\\/\"},{\"@type\":\"ListItem\",\"position\":3,\"name\":\"Immobilien Business Ausgabe 12\\\/2021 1\\\/2022\"}]},{\"@type\":\"WebSite\",\"@id\":\"https:\\\/\\\/www.immobilienbusiness.ch\\\/#website\",\"url\":\"https:\\\/\\\/www.immobilienbusiness.ch\\\/\",\"name\":\"IMMOBILIEN Business\",\"description\":\"Unabh\u00e4ngiges Schweizer Wirtschaftsmagazin mit Fokus auf Immobilien, Architektur- und Bau sowie Investment- und Finanzierung.\",\"publisher\":{\"@id\":\"https:\\\/\\\/www.immobilienbusiness.ch\\\/#organization\"},\"potentialAction\":[{\"@type\":\"SearchAction\",\"target\":{\"@type\":\"EntryPoint\",\"urlTemplate\":\"https:\\\/\\\/www.immobilienbusiness.ch\\\/?s={search_term_string}\"},\"query-input\":{\"@type\":\"PropertyValueSpecification\",\"valueRequired\":true,\"valueName\":\"search_term_string\"}}],\"inLanguage\":\"fr-FR\"},{\"@type\":\"Organization\",\"@id\":\"https:\\\/\\\/www.immobilienbusiness.ch\\\/#organization\",\"name\":\"IMMOBILIEN Business\",\"url\":\"https:\\\/\\\/www.immobilienbusiness.ch\\\/\",\"logo\":{\"@type\":\"ImageObject\",\"inLanguage\":\"fr-FR\",\"@id\":\"https:\\\/\\\/www.immobilienbusiness.ch\\\/#\\\/schema\\\/logo\\\/image\\\/\",\"url\":\"https:\\\/\\\/www.immobilienbusiness.ch\\\/wp-content\\\/uploads\\\/2021\\\/07\\\/logo_ib.png\",\"contentUrl\":\"https:\\\/\\\/www.immobilienbusiness.ch\\\/wp-content\\\/uploads\\\/2021\\\/07\\\/logo_ib.png\",\"width\":800,\"height\":181,\"caption\":\"IMMOBILIEN Business\"},\"image\":{\"@id\":\"https:\\\/\\\/www.immobilienbusiness.ch\\\/#\\\/schema\\\/logo\\\/image\\\/\"},\"sameAs\":[\"https:\\\/\\\/www.facebook.com\\\/immobilienbusiness\\\/\"]}]}<\/script>\n<!-- \/ Yoast SEO plugin. -->","yoast_head_json":{"title":"Immobilien Business \u00e9dition 12\/2021 1\/2022 - IMMOBILIER Business","description":"Recevez le magazine professionnel en langue allemande \"Immobilien Business\" dans le num\u00e9ro 11\/2021 en t\u00e9l\u00e9chargement PDF avec la table des mati\u00e8res suivante :","robots":{"index":"index","follow":"follow","max-snippet":"max-snippet:-1","max-image-preview":"max-image-preview:large","max-video-preview":"max-video-preview:-1"},"canonical":"https:\/\/www.immobilienbusiness.ch\/fr\/product\/immobilien-business-ausgabe-12-2021-1-2022\/","og_locale":"fr_FR","og_type":"article","og_title":"Immobilien Business Ausgabe 12\/2021 1\/2022 - IMMOBILIEN Business","og_description":"Erhalte die deutschsprachige Fachzeitschrift \u00abImmobilien Business\u00bb in der Ausgabe 11\/2021 als PDF-Download mit nachfolgendem Inhaltsverzeichnis:","og_url":"https:\/\/www.immobilienbusiness.ch\/fr\/product\/immobilien-business-ausgabe-12-2021-1-2022\/","og_site_name":"IMMOBILIEN Business","article_publisher":"https:\/\/www.facebook.com\/immobilienbusiness\/","article_modified_time":"2026-02-17T14:57:16+00:00","og_image":[{"width":654,"height":370,"url":"https:\/\/www.immobilienbusiness.ch\/wp-content\/uploads\/2021\/12\/Immobilien-Business-Ausgabe-12-2021-01-2022.png","type":"image\/png"}],"twitter_card":"summary_large_image","schema":{"@context":"https:\/\/schema.org","@graph":[{"@type":"WebPage","@id":"https:\/\/www.immobilienbusiness.ch\/produkt\/immobilien-business-ausgabe-12-2021-1-2022\/","url":"https:\/\/www.immobilienbusiness.ch\/produkt\/immobilien-business-ausgabe-12-2021-1-2022\/","name":"Immobilien Business \u00e9dition 12\/2021 1\/2022 - IMMOBILIER Business","isPartOf":{"@id":"https:\/\/www.immobilienbusiness.ch\/#website"},"primaryImageOfPage":{"@id":"https:\/\/www.immobilienbusiness.ch\/produkt\/immobilien-business-ausgabe-12-2021-1-2022\/#primaryimage"},"image":{"@id":"https:\/\/www.immobilienbusiness.ch\/produkt\/immobilien-business-ausgabe-12-2021-1-2022\/#primaryimage"},"thumbnailUrl":"https:\/\/www.immobilienbusiness.ch\/wp-content\/uploads\/2021\/12\/Immobilien-Business-Ausgabe-12-2021-01-2022.png","datePublished":"2021-12-08T23:01:09+00:00","dateModified":"2026-02-17T14:57:16+00:00","description":"Recevez le magazine professionnel en langue allemande \"Immobilien Business\" dans le num\u00e9ro 11\/2021 en t\u00e9l\u00e9chargement PDF avec la table des mati\u00e8res suivante :","breadcrumb":{"@id":"https:\/\/www.immobilienbusiness.ch\/produkt\/immobilien-business-ausgabe-12-2021-1-2022\/#breadcrumb"},"inLanguage":"fr-FR","potentialAction":[{"@type":"ReadAction","target":["https:\/\/www.immobilienbusiness.ch\/produkt\/immobilien-business-ausgabe-12-2021-1-2022\/"]}]},{"@type":"ImageObject","inLanguage":"fr-FR","@id":"https:\/\/www.immobilienbusiness.ch\/produkt\/immobilien-business-ausgabe-12-2021-1-2022\/#primaryimage","url":"https:\/\/www.immobilienbusiness.ch\/wp-content\/uploads\/2021\/12\/Immobilien-Business-Ausgabe-12-2021-01-2022.png","contentUrl":"https:\/\/www.immobilienbusiness.ch\/wp-content\/uploads\/2021\/12\/Immobilien-Business-Ausgabe-12-2021-01-2022.png","width":654,"height":370},{"@type":"BreadcrumbList","@id":"https:\/\/www.immobilienbusiness.ch\/produkt\/immobilien-business-ausgabe-12-2021-1-2022\/#breadcrumb","itemListElement":[{"@type":"ListItem","position":1,"name":"Home","item":"https:\/\/www.immobilienbusiness.ch\/"},{"@type":"ListItem","position":2,"name":"Shop","item":"https:\/\/www.immobilienbusiness.ch\/en\/shop\/"},{"@type":"ListItem","position":3,"name":"Immobilien Business Ausgabe 12\/2021 1\/2022"}]},{"@type":"WebSite","@id":"https:\/\/www.immobilienbusiness.ch\/#website","url":"https:\/\/www.immobilienbusiness.ch\/","name":"IMMOBILIER Business","description":"Magazine \u00e9conomique suisse ind\u00e9pendant ax\u00e9 sur l'immobilier, l'architecture et la construction ainsi que sur les investissements et le financement.","publisher":{"@id":"https:\/\/www.immobilienbusiness.ch\/#organization"},"potentialAction":[{"@type":"SearchAction","target":{"@type":"EntryPoint","urlTemplate":"https:\/\/www.immobilienbusiness.ch\/?s={search_term_string}"},"query-input":{"@type":"PropertyValueSpecification","valueRequired":true,"valueName":"search_term_string"}}],"inLanguage":"fr-FR"},{"@type":"Organization","@id":"https:\/\/www.immobilienbusiness.ch\/#organization","name":"IMMOBILIER Business","url":"https:\/\/www.immobilienbusiness.ch\/","logo":{"@type":"ImageObject","inLanguage":"fr-FR","@id":"https:\/\/www.immobilienbusiness.ch\/#\/schema\/logo\/image\/","url":"https:\/\/www.immobilienbusiness.ch\/wp-content\/uploads\/2021\/07\/logo_ib.png","contentUrl":"https:\/\/www.immobilienbusiness.ch\/wp-content\/uploads\/2021\/07\/logo_ib.png","width":800,"height":181,"caption":"IMMOBILIEN Business"},"image":{"@id":"https:\/\/www.immobilienbusiness.ch\/#\/schema\/logo\/image\/"},"sameAs":["https:\/\/www.facebook.com\/immobilienbusiness\/"]}]}},"_links":{"self":[{"href":"https:\/\/www.immobilienbusiness.ch\/fr\/wp-json\/wp\/v2\/product\/39391","targetHints":{"allow":["GET"]}}],"collection":[{"href":"https:\/\/www.immobilienbusiness.ch\/fr\/wp-json\/wp\/v2\/product"}],"about":[{"href":"https:\/\/www.immobilienbusiness.ch\/fr\/wp-json\/wp\/v2\/types\/product"}],"wp:featuredmedia":[{"embeddable":true,"href":"https:\/\/www.immobilienbusiness.ch\/fr\/wp-json\/wp\/v2\/media\/39392"}],"wp:attachment":[{"href":"https:\/\/www.immobilienbusiness.ch\/fr\/wp-json\/wp\/v2\/media?parent=39391"}],"wp:term":[{"taxonomy":"product_brand","embeddable":true,"href":"https:\/\/www.immobilienbusiness.ch\/fr\/wp-json\/wp\/v2\/product_brand?post=39391"},{"taxonomy":"product_cat","embeddable":true,"href":"https:\/\/www.immobilienbusiness.ch\/fr\/wp-json\/wp\/v2\/product_cat?post=39391"},{"taxonomy":"product_tag","embeddable":true,"href":"https:\/\/www.immobilienbusiness.ch\/fr\/wp-json\/wp\/v2\/product_tag?post=39391"}],"curies":[{"name":"wp","href":"https:\/\/api.w.org\/{rel}","templated":true}]}}