{"id":37557,"date":"2021-07-15T12:32:14","date_gmt":"2021-07-15T10:32:14","guid":{"rendered":"https:\/\/www.immobilienbusiness.ch\/?post_type=product&#038;p=37557"},"modified":"2026-02-17T15:58:09","modified_gmt":"2026-02-17T14:58:09","slug":"immobilien-business-ausgabe-11-2003","status":"publish","type":"product","link":"https:\/\/www.immobilienbusiness.ch\/fr\/product\/immobilien-business-ausgabe-11-2003\/","title":{"rendered":"Num\u00e9ro 11\/2003 de Real Estate Business"},"content":{"rendered":"<h2>March\u00e9s et acteurs<\/h2>\n<p><strong><em>Sc\u00e8ne<\/em><\/strong><\/p>\n<ul>\n<li>Homegate.ch Offre Indice des loyers septembre - Le march\u00e9 des bureaux \u00e0 Prague - D\u00e9partement des b\u00e2timents Zurich - Nouvelles - Noms<\/li>\n<li>March\u00e9 des bureaux en Allemagne - Principaux sites en Europe - March\u00e9 immobilier surchauff\u00e9 en Australie - Expo Real - Actualit\u00e9s<\/li>\n<\/ul>\n<p><strong><em>Suisse<\/em><\/strong><\/p>\n<ul>\n<li>RailCities : <strong>Actifs du portefeuille immobilier<\/strong><\/li>\n<li>Politique de cr\u00e9dit : <strong>Beaucoup de bruit pour les approches du sud<\/strong><\/li>\n<li>Livit : <strong>\"Flexible, transparent et contemporain\".<\/strong><\/li>\n<li>Le Valais : <strong>Dans les hauteurs solitaires du sommet<\/strong><\/li>\n<\/ul>\n<p><strong><em>International<\/em><\/strong><\/p>\n<ul>\n<li>L'immobilier du bien-\u00eatre : <strong>Le business du bien-\u00eatre<\/strong><\/li>\n<\/ul>\n<h2>Investissements et investisseurs<\/h2>\n<p><strong><em>Sc\u00e8ne<\/em><\/strong><\/p>\n<ul>\n<li>L'immobilier comme bou\u00e9e de sauvetage - Hypo Re al Estate Group \"\u00c9tats financiers<\/li>\n<li>Actions immobili\u00e8res de Hong Kong - Investissements transfrontaliers - Actualit\u00e9s - \u00c9tats financiers<\/li>\n<\/ul>\n<p><strong><em>Suisse<\/em><\/strong><\/p>\n<ul>\n<li>Fonds immobiliers : <strong>Confusion dans le calcul des co\u00fbts<\/strong><\/li>\n<li>Ville de Berne : <strong>Laissez les locataires s'en occuper<\/strong><\/li>\n<li>Comparaisons des performances : <strong>De la lumi\u00e8re sur un point sombre<\/strong><\/li>\n<\/ul>\n<p><strong><em>International<\/em><\/strong><\/p>\n<ul>\n<li>Allocation d'actifs : <strong>Le puzzle de l'immobilier europ\u00e9en<\/strong><\/li>\n<li>\u00c9tude E-Regi : <strong>Les bastions de l'immobilier sur le vieux continent<\/strong><\/li>\n<li><strong>Immobilier March\u00e9s financiers<\/strong><\/li>\n<\/ul>\n<h2>Projets et objets<\/h2>\n<p><strong><em>Sc\u00e8ne<\/em><\/strong><\/p>\n<ul>\n<li>Seminarmeile Solothurn - Cin\u00e9ma multiplex pour B\u00e2le - Arnikahof Zurich - Nouveau si\u00e8ge de Siemens \u00e0 Moscou - Nouveaux projets<\/li>\n<\/ul>\n<p><strong><em>Suisse\/International<\/em><\/strong><\/p>\n<ul>\n<li>Stade olympique de P\u00e9kin : <strong>Colossalement radical<\/strong><\/li>\n<li>Lugano-Paradiso : <strong>Une oasis luxueuse<\/strong><\/li>\n<li>Maisons flottantes : <strong>Bo\u00eetier verrouillable<\/strong><\/li>\n<li>Greenwich Village : <strong>Des tours jumelles in\u00e9gales<\/strong><\/li>\n<\/ul>\n<h2>Gestion et savoir-faire<\/h2>\n<p><strong><em>Sc\u00e8ne<\/em><\/strong><\/p>\n<ul>\n<li>Groupe des quinze - Haute \u00e9cole sp\u00e9cialis\u00e9e de Waedenswil - Ries Suisse - Livres - Actualit\u00e9s<\/li>\n<li>Assainissement difficile de sites contamin\u00e9s - Des connaissances pratiques r\u00e9ussies - lfma Junior Award - Recherche de professionnels - IVG Immobilien AG<\/li>\n<\/ul>\n<p><strong><em>Suisse<\/em><\/strong><\/p>\n<ul>\n<li>Valeur r\u00e9siduelle : <strong>La valeur qui vient de l'avenir<\/strong><\/li>\n<\/ul>\n<h2>Pratique et service<\/h2>\n<p><strong><em>Sc\u00e8ne<\/em><\/strong><\/p>\n<ul>\n<li>Imex 03 - Difa-Award 2004 - l. FM-F achmesse - Nouvelles - De l'avantage<\/li>\n<li><strong>Agenda<\/strong><\/li>\n<\/ul>\n<p><strong><em>Suisse<\/em><\/strong><\/p>\n<ul>\n<li>Gestion des installations : <strong>Tendances et chiffres actuels<\/strong><\/li>\n<li>Num\u00e9ros de code MFH : <strong>Analyse comparative des biens immobiliers<\/strong><\/li>\n<li>Action d'\u00e9valuation : <strong>\u00c9valuation des maisons multifamiliales<\/strong><\/li>\n<\/ul>\n<h2>Rubriques<\/h2>\n<ul>\n<li><strong>Editorial<\/strong>: Le geste du grand lancer<\/li>\n<li><strong>Spectre d'opinions<\/strong>Les lecteurs \u00e9crivent aux r\u00e9dacteurs en chef<\/li>\n<li><strong>Colonne<\/strong>Le professeur Walter Wittmann sur le vol vers l'immobilier<\/li>\n<\/ul>\n<h2>Sp\u00e9cial<\/h2>\n<p><strong><em>Logiciel immobilier<\/em><\/strong><\/p>\n<ul>\n<li>Gestion des relations avec les clients : <strong>Utile, exigeant, souvent co\u00fbteux<\/strong><\/li>\n<li>Syst\u00e8me d'information de gestion MIS : <strong>Optimisation du rendement durable<\/strong><\/li>\n<li>Bus Connex : <strong>La maison intelligente arrive-t-elle maintenant ?<\/strong><\/li>\n<li><strong>L'offre du march\u00e9 en un coup d'\u0153il<\/strong><\/li>\n<\/ul>\n<h2>Suppl\u00e9ment commercial<\/h2>\n<ul>\n<li>Le monde des bureaux du futur : <strong>Centres de cr\u00e9ativit\u00e9 et d'innovation<\/strong><\/li>\n<li>Conception du lieu de travail : <strong>L'environnement doit \u00eatre favorable<\/strong><\/li>\n<li>Histoire du bureau : <strong>Du cuir \u00e0 l'ordinateur portable<\/strong><\/li>\n<li>La vie quotidienne au bureau dans la litt\u00e9rature : <strong>\"La fourchette d'un commis est g\u00e9n\u00e9ralement pointue, tranchante et cruelle\".<\/strong><\/li>\n<\/ul>\n<h2>Cat\u00e9gories d'annonces<\/h2>\n<p><strong>March\u00e9s immobiliers<\/strong>Objets \u00e0 louer\/demandes de location - Objets \u00e0 vendre\/demandes d'achat<br \/>\n<strong>Recherche d'emploi<\/strong><br \/>\n<strong>Les meilleures adresses sur Internet<\/strong><br \/>\n<strong>Impression<\/strong><\/p>","protected":false},"excerpt":{"rendered":"<p>Recevez le magazine professionnel de langue allemande \"immobilienbusiness\" dans le num\u00e9ro 11\/2003 d'Immobilien Business en t\u00e9l\u00e9chargement PDF avec la table des mati\u00e8res suivante :<\/p>","protected":false},"featured_media":37587,"template":"","meta":{"_acf_changed":false,"pgc_sgb_lightbox_settings":""},"product_brand":[],"product_cat":[921],"product_tag":[938],"class_list":{"0":"post-37557","1":"product","2":"type-product","3":"status-publish","4":"has-post-thumbnail","6":"product_cat-einzelausgaben","7":"product_tag-938","9":"first","10":"instock","11":"downloadable","12":"virtual","13":"taxable","14":"purchasable","15":"product-type-simple"},"acf":[],"yoast_head":"<!-- This site is optimized with the Yoast SEO plugin v27.4 - https:\/\/yoast.com\/product\/yoast-seo-wordpress\/ -->\n<title>Immobilien Business Ausgabe 11\/2003 - IMMOBILIEN Business<\/title>\n<meta name=\"description\" content=\"Erhalte die deutschsprachige Fachzeitschrift \u00abimmobilienbusiness\u00bb in der Immobilien Business Ausgabe 11\/2003 als PDF-Download mit nachfolgendem Inhaltsverzeichnis:\" \/>\n<meta name=\"robots\" content=\"index, follow, max-snippet:-1, max-image-preview:large, max-video-preview:-1\" \/>\n<link rel=\"canonical\" href=\"https:\/\/www.immobilienbusiness.ch\/fr\/product\/immobilien-business-ausgabe-11-2003\/\" \/>\n<meta property=\"og:locale\" content=\"fr_FR\" \/>\n<meta property=\"og:type\" content=\"article\" \/>\n<meta property=\"og:title\" content=\"Immobilien Business Ausgabe 11\/2003 - IMMOBILIEN Business\" \/>\n<meta property=\"og:description\" content=\"Erhalte die deutschsprachige Fachzeitschrift \u00abimmobilienbusiness\u00bb in der Immobilien Business Ausgabe 11\/2003 als PDF-Download mit nachfolgendem Inhaltsverzeichnis:\" \/>\n<meta property=\"og:url\" content=\"https:\/\/www.immobilienbusiness.ch\/fr\/product\/immobilien-business-ausgabe-11-2003\/\" \/>\n<meta property=\"og:site_name\" content=\"IMMOBILIEN Business\" \/>\n<meta property=\"article:publisher\" content=\"https:\/\/www.facebook.com\/immobilienbusiness\/\" \/>\n<meta property=\"article:modified_time\" content=\"2026-02-17T14:58:09+00:00\" \/>\n<meta property=\"og:image\" content=\"https:\/\/www.immobilienbusiness.ch\/wp-content\/uploads\/2021\/07\/Immobilien_Business_2003_11.png\" \/>\n\t<meta property=\"og:image:width\" content=\"654\" \/>\n\t<meta property=\"og:image:height\" content=\"370\" \/>\n\t<meta property=\"og:image:type\" content=\"image\/png\" \/>\n<meta name=\"twitter:card\" content=\"summary_large_image\" \/>\n<script type=\"application\/ld+json\" class=\"yoast-schema-graph\">{\"@context\":\"https:\\\/\\\/schema.org\",\"@graph\":[{\"@type\":\"WebPage\",\"@id\":\"https:\\\/\\\/www.immobilienbusiness.ch\\\/produkt\\\/immobilien-business-ausgabe-11-2003\\\/\",\"url\":\"https:\\\/\\\/www.immobilienbusiness.ch\\\/produkt\\\/immobilien-business-ausgabe-11-2003\\\/\",\"name\":\"Immobilien Business Ausgabe 11\\\/2003 - IMMOBILIEN Business\",\"isPartOf\":{\"@id\":\"https:\\\/\\\/www.immobilienbusiness.ch\\\/#website\"},\"primaryImageOfPage\":{\"@id\":\"https:\\\/\\\/www.immobilienbusiness.ch\\\/produkt\\\/immobilien-business-ausgabe-11-2003\\\/#primaryimage\"},\"image\":{\"@id\":\"https:\\\/\\\/www.immobilienbusiness.ch\\\/produkt\\\/immobilien-business-ausgabe-11-2003\\\/#primaryimage\"},\"thumbnailUrl\":\"https:\\\/\\\/www.immobilienbusiness.ch\\\/wp-content\\\/uploads\\\/2021\\\/07\\\/Immobilien_Business_2003_11.png\",\"datePublished\":\"2021-07-15T10:32:14+00:00\",\"dateModified\":\"2026-02-17T14:58:09+00:00\",\"description\":\"Erhalte die deutschsprachige Fachzeitschrift \u00abimmobilienbusiness\u00bb in der Immobilien Business Ausgabe 11\\\/2003 als PDF-Download mit nachfolgendem Inhaltsverzeichnis:\",\"breadcrumb\":{\"@id\":\"https:\\\/\\\/www.immobilienbusiness.ch\\\/produkt\\\/immobilien-business-ausgabe-11-2003\\\/#breadcrumb\"},\"inLanguage\":\"fr-FR\",\"potentialAction\":[{\"@type\":\"ReadAction\",\"target\":[\"https:\\\/\\\/www.immobilienbusiness.ch\\\/produkt\\\/immobilien-business-ausgabe-11-2003\\\/\"]}]},{\"@type\":\"ImageObject\",\"inLanguage\":\"fr-FR\",\"@id\":\"https:\\\/\\\/www.immobilienbusiness.ch\\\/produkt\\\/immobilien-business-ausgabe-11-2003\\\/#primaryimage\",\"url\":\"https:\\\/\\\/www.immobilienbusiness.ch\\\/wp-content\\\/uploads\\\/2021\\\/07\\\/Immobilien_Business_2003_11.png\",\"contentUrl\":\"https:\\\/\\\/www.immobilienbusiness.ch\\\/wp-content\\\/uploads\\\/2021\\\/07\\\/Immobilien_Business_2003_11.png\",\"width\":654,\"height\":370},{\"@type\":\"BreadcrumbList\",\"@id\":\"https:\\\/\\\/www.immobilienbusiness.ch\\\/produkt\\\/immobilien-business-ausgabe-11-2003\\\/#breadcrumb\",\"itemListElement\":[{\"@type\":\"ListItem\",\"position\":1,\"name\":\"Home\",\"item\":\"https:\\\/\\\/www.immobilienbusiness.ch\\\/\"},{\"@type\":\"ListItem\",\"position\":2,\"name\":\"Shop\",\"item\":\"https:\\\/\\\/www.immobilienbusiness.ch\\\/en\\\/shop\\\/\"},{\"@type\":\"ListItem\",\"position\":3,\"name\":\"Immobilien Business Ausgabe 11\\\/2003\"}]},{\"@type\":\"WebSite\",\"@id\":\"https:\\\/\\\/www.immobilienbusiness.ch\\\/#website\",\"url\":\"https:\\\/\\\/www.immobilienbusiness.ch\\\/\",\"name\":\"IMMOBILIEN Business\",\"description\":\"Unabh\u00e4ngiges Schweizer Wirtschaftsmagazin mit Fokus auf Immobilien, Architektur- und Bau sowie Investment- und Finanzierung.\",\"publisher\":{\"@id\":\"https:\\\/\\\/www.immobilienbusiness.ch\\\/#organization\"},\"potentialAction\":[{\"@type\":\"SearchAction\",\"target\":{\"@type\":\"EntryPoint\",\"urlTemplate\":\"https:\\\/\\\/www.immobilienbusiness.ch\\\/?s={search_term_string}\"},\"query-input\":{\"@type\":\"PropertyValueSpecification\",\"valueRequired\":true,\"valueName\":\"search_term_string\"}}],\"inLanguage\":\"fr-FR\"},{\"@type\":\"Organization\",\"@id\":\"https:\\\/\\\/www.immobilienbusiness.ch\\\/#organization\",\"name\":\"IMMOBILIEN Business\",\"url\":\"https:\\\/\\\/www.immobilienbusiness.ch\\\/\",\"logo\":{\"@type\":\"ImageObject\",\"inLanguage\":\"fr-FR\",\"@id\":\"https:\\\/\\\/www.immobilienbusiness.ch\\\/#\\\/schema\\\/logo\\\/image\\\/\",\"url\":\"https:\\\/\\\/www.immobilienbusiness.ch\\\/wp-content\\\/uploads\\\/2021\\\/07\\\/logo_ib.png\",\"contentUrl\":\"https:\\\/\\\/www.immobilienbusiness.ch\\\/wp-content\\\/uploads\\\/2021\\\/07\\\/logo_ib.png\",\"width\":800,\"height\":181,\"caption\":\"IMMOBILIEN Business\"},\"image\":{\"@id\":\"https:\\\/\\\/www.immobilienbusiness.ch\\\/#\\\/schema\\\/logo\\\/image\\\/\"},\"sameAs\":[\"https:\\\/\\\/www.facebook.com\\\/immobilienbusiness\\\/\"]}]}<\/script>\n<!-- \/ Yoast SEO plugin. -->","yoast_head_json":{"title":"Immobilien Business Ausgabe 11\/2003 - IMMOBILIEN Business","description":"Recevez le magazine professionnel de langue allemande \"immobilienbusiness\" dans le num\u00e9ro 11\/2003 d'Immobilien Business en t\u00e9l\u00e9chargement PDF avec la table des mati\u00e8res suivante :","robots":{"index":"index","follow":"follow","max-snippet":"max-snippet:-1","max-image-preview":"max-image-preview:large","max-video-preview":"max-video-preview:-1"},"canonical":"https:\/\/www.immobilienbusiness.ch\/fr\/product\/immobilien-business-ausgabe-11-2003\/","og_locale":"fr_FR","og_type":"article","og_title":"Immobilien Business Ausgabe 11\/2003 - IMMOBILIEN Business","og_description":"Erhalte die deutschsprachige Fachzeitschrift \u00abimmobilienbusiness\u00bb in der Immobilien Business Ausgabe 11\/2003 als PDF-Download mit nachfolgendem Inhaltsverzeichnis:","og_url":"https:\/\/www.immobilienbusiness.ch\/fr\/product\/immobilien-business-ausgabe-11-2003\/","og_site_name":"IMMOBILIEN Business","article_publisher":"https:\/\/www.facebook.com\/immobilienbusiness\/","article_modified_time":"2026-02-17T14:58:09+00:00","og_image":[{"width":654,"height":370,"url":"https:\/\/www.immobilienbusiness.ch\/wp-content\/uploads\/2021\/07\/Immobilien_Business_2003_11.png","type":"image\/png"}],"twitter_card":"summary_large_image","schema":{"@context":"https:\/\/schema.org","@graph":[{"@type":"WebPage","@id":"https:\/\/www.immobilienbusiness.ch\/produkt\/immobilien-business-ausgabe-11-2003\/","url":"https:\/\/www.immobilienbusiness.ch\/produkt\/immobilien-business-ausgabe-11-2003\/","name":"Immobilien Business Ausgabe 11\/2003 - IMMOBILIEN Business","isPartOf":{"@id":"https:\/\/www.immobilienbusiness.ch\/#website"},"primaryImageOfPage":{"@id":"https:\/\/www.immobilienbusiness.ch\/produkt\/immobilien-business-ausgabe-11-2003\/#primaryimage"},"image":{"@id":"https:\/\/www.immobilienbusiness.ch\/produkt\/immobilien-business-ausgabe-11-2003\/#primaryimage"},"thumbnailUrl":"https:\/\/www.immobilienbusiness.ch\/wp-content\/uploads\/2021\/07\/Immobilien_Business_2003_11.png","datePublished":"2021-07-15T10:32:14+00:00","dateModified":"2026-02-17T14:58:09+00:00","description":"Recevez le magazine professionnel de langue allemande \"immobilienbusiness\" dans le num\u00e9ro 11\/2003 d'Immobilien Business en t\u00e9l\u00e9chargement PDF avec la table des mati\u00e8res suivante :","breadcrumb":{"@id":"https:\/\/www.immobilienbusiness.ch\/produkt\/immobilien-business-ausgabe-11-2003\/#breadcrumb"},"inLanguage":"fr-FR","potentialAction":[{"@type":"ReadAction","target":["https:\/\/www.immobilienbusiness.ch\/produkt\/immobilien-business-ausgabe-11-2003\/"]}]},{"@type":"ImageObject","inLanguage":"fr-FR","@id":"https:\/\/www.immobilienbusiness.ch\/produkt\/immobilien-business-ausgabe-11-2003\/#primaryimage","url":"https:\/\/www.immobilienbusiness.ch\/wp-content\/uploads\/2021\/07\/Immobilien_Business_2003_11.png","contentUrl":"https:\/\/www.immobilienbusiness.ch\/wp-content\/uploads\/2021\/07\/Immobilien_Business_2003_11.png","width":654,"height":370},{"@type":"BreadcrumbList","@id":"https:\/\/www.immobilienbusiness.ch\/produkt\/immobilien-business-ausgabe-11-2003\/#breadcrumb","itemListElement":[{"@type":"ListItem","position":1,"name":"Home","item":"https:\/\/www.immobilienbusiness.ch\/"},{"@type":"ListItem","position":2,"name":"Shop","item":"https:\/\/www.immobilienbusiness.ch\/en\/shop\/"},{"@type":"ListItem","position":3,"name":"Immobilien Business Ausgabe 11\/2003"}]},{"@type":"WebSite","@id":"https:\/\/www.immobilienbusiness.ch\/#website","url":"https:\/\/www.immobilienbusiness.ch\/","name":"IMMOBILIER Business","description":"Magazine \u00e9conomique suisse ind\u00e9pendant ax\u00e9 sur l'immobilier, l'architecture et la construction ainsi que sur les investissements et le financement.","publisher":{"@id":"https:\/\/www.immobilienbusiness.ch\/#organization"},"potentialAction":[{"@type":"SearchAction","target":{"@type":"EntryPoint","urlTemplate":"https:\/\/www.immobilienbusiness.ch\/?s={search_term_string}"},"query-input":{"@type":"PropertyValueSpecification","valueRequired":true,"valueName":"search_term_string"}}],"inLanguage":"fr-FR"},{"@type":"Organization","@id":"https:\/\/www.immobilienbusiness.ch\/#organization","name":"IMMOBILIER Business","url":"https:\/\/www.immobilienbusiness.ch\/","logo":{"@type":"ImageObject","inLanguage":"fr-FR","@id":"https:\/\/www.immobilienbusiness.ch\/#\/schema\/logo\/image\/","url":"https:\/\/www.immobilienbusiness.ch\/wp-content\/uploads\/2021\/07\/logo_ib.png","contentUrl":"https:\/\/www.immobilienbusiness.ch\/wp-content\/uploads\/2021\/07\/logo_ib.png","width":800,"height":181,"caption":"IMMOBILIEN Business"},"image":{"@id":"https:\/\/www.immobilienbusiness.ch\/#\/schema\/logo\/image\/"},"sameAs":["https:\/\/www.facebook.com\/immobilienbusiness\/"]}]}},"_links":{"self":[{"href":"https:\/\/www.immobilienbusiness.ch\/fr\/wp-json\/wp\/v2\/product\/37557","targetHints":{"allow":["GET"]}}],"collection":[{"href":"https:\/\/www.immobilienbusiness.ch\/fr\/wp-json\/wp\/v2\/product"}],"about":[{"href":"https:\/\/www.immobilienbusiness.ch\/fr\/wp-json\/wp\/v2\/types\/product"}],"wp:featuredmedia":[{"embeddable":true,"href":"https:\/\/www.immobilienbusiness.ch\/fr\/wp-json\/wp\/v2\/media\/37587"}],"wp:attachment":[{"href":"https:\/\/www.immobilienbusiness.ch\/fr\/wp-json\/wp\/v2\/media?parent=37557"}],"wp:term":[{"taxonomy":"product_brand","embeddable":true,"href":"https:\/\/www.immobilienbusiness.ch\/fr\/wp-json\/wp\/v2\/product_brand?post=37557"},{"taxonomy":"product_cat","embeddable":true,"href":"https:\/\/www.immobilienbusiness.ch\/fr\/wp-json\/wp\/v2\/product_cat?post=37557"},{"taxonomy":"product_tag","embeddable":true,"href":"https:\/\/www.immobilienbusiness.ch\/fr\/wp-json\/wp\/v2\/product_tag?post=37557"}],"curies":[{"name":"wp","href":"https:\/\/api.w.org\/{rel}","templated":true}]}}