{"id":37526,"date":"2021-07-15T12:31:54","date_gmt":"2021-07-15T10:31:54","guid":{"rendered":"https:\/\/www.immobilienbusiness.ch\/?post_type=product&#038;p=37526"},"modified":"2026-02-17T15:58:10","modified_gmt":"2026-02-17T14:58:10","slug":"immobilien-business-ausgabe-5-2004","status":"publish","type":"product","link":"https:\/\/www.immobilienbusiness.ch\/fr\/product\/immobilien-business-ausgabe-5-2004\/","title":{"rendered":"Real Estate Business Issue 5\/2004"},"content":{"rendered":"<h2>March\u00e9s et acteurs<\/h2>\n<p><strong><em>Sc\u00e8ne<\/em><\/strong><\/p>\n<ul>\n<li>Homegate.ch Indice des loyers propos\u00e9s - R\u00e9seau d'agences immobili\u00e8res Era - Les cinq places fortes allemandes - Les meilleurs emplacements en Europe - Actualit\u00e9s - Noms<\/li>\n<\/ul>\n<p><strong><em>Suisse<\/em><\/strong><\/p>\n<ul>\n<li>Analyse de la visibilit\u00e9 : <strong>La clairvoyance a un prix<\/strong><\/li>\n<li>Immo-Monitoring : <strong>\"L'eau lointaine n'\u00e9tanche pas la soif proche\"<\/strong><\/li>\n<\/ul>\n<p><strong><em>International<\/em><\/strong><\/p>\n<ul>\n<li>Les rues commer\u00e7antes du centre-ville : <strong>Fissures dans les fa\u00e7ades d'apparat<\/strong><\/li>\n<li>R\u00e9gion des trois pays de B\u00e2le : <strong>Attrait transfrontalier<\/strong><\/li>\n<\/ul>\n<h2>Investissements et investisseurs<\/h2>\n<p><strong><em>Sc\u00e8ne<\/em><\/strong><\/p>\n<ul>\n<li>Immobilier de sant\u00e9 - Caisse de pension DBS \"Cl\u00f4tures - Noms<\/li>\n<li>Emaar Properties - JointVenture - Berliner M\u00fcggelturm - Actualit\u00e9s<\/li>\n<\/ul>\n<p><strong><em>Suisse<\/em><\/strong><\/p>\n<ul>\n<li>PSP et REG : <strong>Big is beautiful<\/strong><\/li>\n<\/ul>\n<p><strong><em>International<\/em><\/strong><\/p>\n<ul>\n<li>Agences de notation : <strong>Serviteur de deux ma\u00eetres<\/strong><\/li>\n<li><strong>March\u00e9s financiers immobiliers<\/strong><\/li>\n<\/ul>\n<h2>Projets et objets<\/h2>\n<p><strong><em>Sc\u00e8ne<\/em><\/strong><\/p>\n<ul>\n<li>Stade du Letzigrund \"TurningTorso Malm\u00f6 - Nouveaux projets - Actualit\u00e9s<\/li>\n<\/ul>\n<p><strong><em>International<\/em><\/strong><\/p>\n<ul>\n<li>Maison individuelle \u00e0 \u00e9nergie z\u00e9ro : <strong>Comme dans une cabane dans les arbres<\/strong><\/li>\n<\/ul>\n<p><strong><em>Suisse<\/em><\/strong><\/p>\n<ul>\n<li>Sauber-Petronas : <strong>Une construction pleine de secrets<\/strong><\/li>\n<\/ul>\n<h2>Gestion et savoir-faire<\/h2>\n<p><strong><em>Sc\u00e8ne<\/em><\/strong><\/p>\n<ul>\n<li>Master en gestion immobili\u00e8re - Gestion des processus de construction - \u00c9ducation - Noms - Livres<\/li>\n<\/ul>\n<p><strong><em>Suisse\/International<\/em><\/strong><\/p>\n<ul>\n<li>Analyse financi\u00e8re : <strong>Les gar\u00e7ons suisses mod\u00e8les<\/strong><\/li>\n<li>formation : <strong>Que du pour, pas de contre<\/strong><\/li>\n<\/ul>\n<h2>Pratique et service<\/h2>\n<p><strong><em>Sc\u00e8ne<\/em><\/strong><\/p>\n<ul>\n<li>Wisag Geb\u00e4ude- und Betriebsstechnik - Alliance internationale dans le domaine du FM - Realtrans - Salon des investisseurs \u00e0 Leipzig - Nouvelles \"De l'utilit\u00e9<\/li>\n<\/ul>\n<p><strong><em>Suisse<\/em><\/strong><\/p>\n<ul>\n<li>Indicateurs de surface : <strong>Une uniformisation urgente<\/strong><\/li>\n<li><strong>Agenda<\/strong><\/li>\n<\/ul>\n<h2>Rubriques<\/h2>\n<ul>\n<li><strong>Editorial<\/strong>: La logique de la chose<\/li>\n<li><strong>Spectre d'opinions<\/strong>Les lecteurs \u00e9crivent aux r\u00e9dacteurs en chef<\/li>\n<li><strong>Colonne<\/strong>: Bernhard K\u00f6hler sur les fonds immobiliers internationaux<\/li>\n<li><strong>Service des livres<\/strong><\/li>\n<\/ul>\n<h2>Suppl\u00e9ment<\/h2>\n<p><strong>Immobilier de vacances en Suisse<\/strong><\/p>\n<ul>\n<li>Projets touristiques : <strong>La force r\u00e9side dans l'innovation<\/strong><\/li>\n<li>D\u00e9veloppement des march\u00e9s : <strong>Record battu<\/strong><\/li>\n<li>Financement et fiscalit\u00e9 : <strong>R\u00e9aliser ses r\u00eaves de vacances<\/strong><\/li>\n<li>Dur\u00e9e d'ensoleillement : <strong>Le soleil influence la d\u00e9cision d'achat<\/strong><\/li>\n<li>Recherche d'objets de vacances : <strong>Comment trouver l'objet de vos r\u00eaves<\/strong><\/li>\n<\/ul>\n<h2>Cat\u00e9gories d'annonces<\/h2>\n<ul>\n<li><strong>March\u00e9s immobiliers<\/strong>Objets \u00e0 louer\/demandes de location - Objets \u00e0 vendre\/demandes d'achat<\/li>\n<li><strong>Recherche d'emploi<\/strong><\/li>\n<li><strong>Les meilleures adresses sur Internet<\/strong><\/li>\n<li><strong>Impression<\/strong><\/li>\n<\/ul>","protected":false},"excerpt":{"rendered":"<p>Re\u00e7oit la revue sp\u00e9cialis\u00e9e en langue allemande \"immobilienbusiness\" dans l'\u00e9dition 5\/2004 de Immobilien Business en t\u00e9l\u00e9chargement PDF avec la table des mati\u00e8res suivante :<\/p>","protected":false},"featured_media":37556,"template":"","meta":{"_acf_changed":false,"pgc_sgb_lightbox_settings":""},"product_brand":[],"product_cat":[921],"product_tag":[937],"class_list":{"0":"post-37526","1":"product","2":"type-product","3":"status-publish","4":"has-post-thumbnail","6":"product_cat-einzelausgaben","7":"product_tag-937","9":"first","10":"instock","11":"downloadable","12":"virtual","13":"taxable","14":"purchasable","15":"product-type-simple"},"acf":[],"yoast_head":"<!-- This site is optimized with the Yoast SEO plugin v27.4 - https:\/\/yoast.com\/product\/yoast-seo-wordpress\/ -->\n<title>Immobilien Business Ausgabe 5\/2004 - IMMOBILIEN Business<\/title>\n<meta name=\"description\" content=\"Erhalte die deutschsprachige Fachzeitschrift \u00abimmobilienbusiness\u00bb in der Immobilien Business Ausgabe 5\/2004 als PDF-Download mit nachfolgendem Inhaltsverzeichnis:\" \/>\n<meta name=\"robots\" content=\"index, follow, max-snippet:-1, max-image-preview:large, max-video-preview:-1\" \/>\n<link rel=\"canonical\" href=\"https:\/\/www.immobilienbusiness.ch\/fr\/product\/immobilien-business-ausgabe-5-2004\/\" \/>\n<meta property=\"og:locale\" content=\"fr_FR\" \/>\n<meta property=\"og:type\" content=\"article\" \/>\n<meta property=\"og:title\" content=\"Immobilien Business Ausgabe 5\/2004 - IMMOBILIEN Business\" \/>\n<meta property=\"og:description\" content=\"Erhalte die deutschsprachige Fachzeitschrift \u00abimmobilienbusiness\u00bb in der Immobilien Business Ausgabe 5\/2004 als PDF-Download mit nachfolgendem Inhaltsverzeichnis:\" \/>\n<meta property=\"og:url\" content=\"https:\/\/www.immobilienbusiness.ch\/fr\/product\/immobilien-business-ausgabe-5-2004\/\" \/>\n<meta property=\"og:site_name\" content=\"IMMOBILIEN Business\" \/>\n<meta property=\"article:publisher\" content=\"https:\/\/www.facebook.com\/immobilienbusiness\/\" \/>\n<meta property=\"article:modified_time\" content=\"2026-02-17T14:58:10+00:00\" \/>\n<meta property=\"og:image\" content=\"https:\/\/www.immobilienbusiness.ch\/wp-content\/uploads\/2021\/07\/Immobilien_Business_2004_5.png\" \/>\n\t<meta property=\"og:image:width\" content=\"654\" \/>\n\t<meta property=\"og:image:height\" content=\"370\" \/>\n\t<meta property=\"og:image:type\" content=\"image\/png\" \/>\n<meta name=\"twitter:card\" content=\"summary_large_image\" \/>\n<script type=\"application\/ld+json\" class=\"yoast-schema-graph\">{\"@context\":\"https:\\\/\\\/schema.org\",\"@graph\":[{\"@type\":\"WebPage\",\"@id\":\"https:\\\/\\\/www.immobilienbusiness.ch\\\/produkt\\\/immobilien-business-ausgabe-5-2004\\\/\",\"url\":\"https:\\\/\\\/www.immobilienbusiness.ch\\\/produkt\\\/immobilien-business-ausgabe-5-2004\\\/\",\"name\":\"Immobilien Business Ausgabe 5\\\/2004 - IMMOBILIEN Business\",\"isPartOf\":{\"@id\":\"https:\\\/\\\/www.immobilienbusiness.ch\\\/#website\"},\"primaryImageOfPage\":{\"@id\":\"https:\\\/\\\/www.immobilienbusiness.ch\\\/produkt\\\/immobilien-business-ausgabe-5-2004\\\/#primaryimage\"},\"image\":{\"@id\":\"https:\\\/\\\/www.immobilienbusiness.ch\\\/produkt\\\/immobilien-business-ausgabe-5-2004\\\/#primaryimage\"},\"thumbnailUrl\":\"https:\\\/\\\/www.immobilienbusiness.ch\\\/wp-content\\\/uploads\\\/2021\\\/07\\\/Immobilien_Business_2004_5.png\",\"datePublished\":\"2021-07-15T10:31:54+00:00\",\"dateModified\":\"2026-02-17T14:58:10+00:00\",\"description\":\"Erhalte die deutschsprachige Fachzeitschrift \u00abimmobilienbusiness\u00bb in der Immobilien Business Ausgabe 5\\\/2004 als PDF-Download mit nachfolgendem Inhaltsverzeichnis:\",\"breadcrumb\":{\"@id\":\"https:\\\/\\\/www.immobilienbusiness.ch\\\/produkt\\\/immobilien-business-ausgabe-5-2004\\\/#breadcrumb\"},\"inLanguage\":\"fr-FR\",\"potentialAction\":[{\"@type\":\"ReadAction\",\"target\":[\"https:\\\/\\\/www.immobilienbusiness.ch\\\/produkt\\\/immobilien-business-ausgabe-5-2004\\\/\"]}]},{\"@type\":\"ImageObject\",\"inLanguage\":\"fr-FR\",\"@id\":\"https:\\\/\\\/www.immobilienbusiness.ch\\\/produkt\\\/immobilien-business-ausgabe-5-2004\\\/#primaryimage\",\"url\":\"https:\\\/\\\/www.immobilienbusiness.ch\\\/wp-content\\\/uploads\\\/2021\\\/07\\\/Immobilien_Business_2004_5.png\",\"contentUrl\":\"https:\\\/\\\/www.immobilienbusiness.ch\\\/wp-content\\\/uploads\\\/2021\\\/07\\\/Immobilien_Business_2004_5.png\",\"width\":654,\"height\":370},{\"@type\":\"BreadcrumbList\",\"@id\":\"https:\\\/\\\/www.immobilienbusiness.ch\\\/produkt\\\/immobilien-business-ausgabe-5-2004\\\/#breadcrumb\",\"itemListElement\":[{\"@type\":\"ListItem\",\"position\":1,\"name\":\"Home\",\"item\":\"https:\\\/\\\/www.immobilienbusiness.ch\\\/\"},{\"@type\":\"ListItem\",\"position\":2,\"name\":\"Shop\",\"item\":\"https:\\\/\\\/www.immobilienbusiness.ch\\\/en\\\/shop\\\/\"},{\"@type\":\"ListItem\",\"position\":3,\"name\":\"Immobilien Business Ausgabe 5\\\/2004\"}]},{\"@type\":\"WebSite\",\"@id\":\"https:\\\/\\\/www.immobilienbusiness.ch\\\/#website\",\"url\":\"https:\\\/\\\/www.immobilienbusiness.ch\\\/\",\"name\":\"IMMOBILIEN Business\",\"description\":\"Unabh\u00e4ngiges Schweizer Wirtschaftsmagazin mit Fokus auf Immobilien, Architektur- und Bau sowie Investment- und Finanzierung.\",\"publisher\":{\"@id\":\"https:\\\/\\\/www.immobilienbusiness.ch\\\/#organization\"},\"potentialAction\":[{\"@type\":\"SearchAction\",\"target\":{\"@type\":\"EntryPoint\",\"urlTemplate\":\"https:\\\/\\\/www.immobilienbusiness.ch\\\/?s={search_term_string}\"},\"query-input\":{\"@type\":\"PropertyValueSpecification\",\"valueRequired\":true,\"valueName\":\"search_term_string\"}}],\"inLanguage\":\"fr-FR\"},{\"@type\":\"Organization\",\"@id\":\"https:\\\/\\\/www.immobilienbusiness.ch\\\/#organization\",\"name\":\"IMMOBILIEN Business\",\"url\":\"https:\\\/\\\/www.immobilienbusiness.ch\\\/\",\"logo\":{\"@type\":\"ImageObject\",\"inLanguage\":\"fr-FR\",\"@id\":\"https:\\\/\\\/www.immobilienbusiness.ch\\\/#\\\/schema\\\/logo\\\/image\\\/\",\"url\":\"https:\\\/\\\/www.immobilienbusiness.ch\\\/wp-content\\\/uploads\\\/2021\\\/07\\\/logo_ib.png\",\"contentUrl\":\"https:\\\/\\\/www.immobilienbusiness.ch\\\/wp-content\\\/uploads\\\/2021\\\/07\\\/logo_ib.png\",\"width\":800,\"height\":181,\"caption\":\"IMMOBILIEN Business\"},\"image\":{\"@id\":\"https:\\\/\\\/www.immobilienbusiness.ch\\\/#\\\/schema\\\/logo\\\/image\\\/\"},\"sameAs\":[\"https:\\\/\\\/www.facebook.com\\\/immobilienbusiness\\\/\"]}]}<\/script>\n<!-- \/ Yoast SEO plugin. -->","yoast_head_json":{"title":"Immobilien Business Ausgabe 5\/2004 - IMMOBILIEN Business","description":"Re\u00e7oit la revue sp\u00e9cialis\u00e9e en langue allemande \"immobilienbusiness\" dans l'\u00e9dition 5\/2004 de Immobilien Business en t\u00e9l\u00e9chargement PDF avec la table des mati\u00e8res suivante :","robots":{"index":"index","follow":"follow","max-snippet":"max-snippet:-1","max-image-preview":"max-image-preview:large","max-video-preview":"max-video-preview:-1"},"canonical":"https:\/\/www.immobilienbusiness.ch\/fr\/product\/immobilien-business-ausgabe-5-2004\/","og_locale":"fr_FR","og_type":"article","og_title":"Immobilien Business Ausgabe 5\/2004 - IMMOBILIEN Business","og_description":"Erhalte die deutschsprachige Fachzeitschrift \u00abimmobilienbusiness\u00bb in der Immobilien Business Ausgabe 5\/2004 als PDF-Download mit nachfolgendem Inhaltsverzeichnis:","og_url":"https:\/\/www.immobilienbusiness.ch\/fr\/product\/immobilien-business-ausgabe-5-2004\/","og_site_name":"IMMOBILIEN Business","article_publisher":"https:\/\/www.facebook.com\/immobilienbusiness\/","article_modified_time":"2026-02-17T14:58:10+00:00","og_image":[{"width":654,"height":370,"url":"https:\/\/www.immobilienbusiness.ch\/wp-content\/uploads\/2021\/07\/Immobilien_Business_2004_5.png","type":"image\/png"}],"twitter_card":"summary_large_image","schema":{"@context":"https:\/\/schema.org","@graph":[{"@type":"WebPage","@id":"https:\/\/www.immobilienbusiness.ch\/produkt\/immobilien-business-ausgabe-5-2004\/","url":"https:\/\/www.immobilienbusiness.ch\/produkt\/immobilien-business-ausgabe-5-2004\/","name":"Immobilien Business Ausgabe 5\/2004 - IMMOBILIEN Business","isPartOf":{"@id":"https:\/\/www.immobilienbusiness.ch\/#website"},"primaryImageOfPage":{"@id":"https:\/\/www.immobilienbusiness.ch\/produkt\/immobilien-business-ausgabe-5-2004\/#primaryimage"},"image":{"@id":"https:\/\/www.immobilienbusiness.ch\/produkt\/immobilien-business-ausgabe-5-2004\/#primaryimage"},"thumbnailUrl":"https:\/\/www.immobilienbusiness.ch\/wp-content\/uploads\/2021\/07\/Immobilien_Business_2004_5.png","datePublished":"2021-07-15T10:31:54+00:00","dateModified":"2026-02-17T14:58:10+00:00","description":"Re\u00e7oit la revue sp\u00e9cialis\u00e9e en langue allemande \"immobilienbusiness\" dans l'\u00e9dition 5\/2004 de Immobilien Business en t\u00e9l\u00e9chargement PDF avec la table des mati\u00e8res suivante :","breadcrumb":{"@id":"https:\/\/www.immobilienbusiness.ch\/produkt\/immobilien-business-ausgabe-5-2004\/#breadcrumb"},"inLanguage":"fr-FR","potentialAction":[{"@type":"ReadAction","target":["https:\/\/www.immobilienbusiness.ch\/produkt\/immobilien-business-ausgabe-5-2004\/"]}]},{"@type":"ImageObject","inLanguage":"fr-FR","@id":"https:\/\/www.immobilienbusiness.ch\/produkt\/immobilien-business-ausgabe-5-2004\/#primaryimage","url":"https:\/\/www.immobilienbusiness.ch\/wp-content\/uploads\/2021\/07\/Immobilien_Business_2004_5.png","contentUrl":"https:\/\/www.immobilienbusiness.ch\/wp-content\/uploads\/2021\/07\/Immobilien_Business_2004_5.png","width":654,"height":370},{"@type":"BreadcrumbList","@id":"https:\/\/www.immobilienbusiness.ch\/produkt\/immobilien-business-ausgabe-5-2004\/#breadcrumb","itemListElement":[{"@type":"ListItem","position":1,"name":"Home","item":"https:\/\/www.immobilienbusiness.ch\/"},{"@type":"ListItem","position":2,"name":"Shop","item":"https:\/\/www.immobilienbusiness.ch\/en\/shop\/"},{"@type":"ListItem","position":3,"name":"Immobilien Business Ausgabe 5\/2004"}]},{"@type":"WebSite","@id":"https:\/\/www.immobilienbusiness.ch\/#website","url":"https:\/\/www.immobilienbusiness.ch\/","name":"IMMOBILIER Business","description":"Magazine \u00e9conomique suisse ind\u00e9pendant ax\u00e9 sur l'immobilier, l'architecture et la construction ainsi que sur les investissements et le financement.","publisher":{"@id":"https:\/\/www.immobilienbusiness.ch\/#organization"},"potentialAction":[{"@type":"SearchAction","target":{"@type":"EntryPoint","urlTemplate":"https:\/\/www.immobilienbusiness.ch\/?s={search_term_string}"},"query-input":{"@type":"PropertyValueSpecification","valueRequired":true,"valueName":"search_term_string"}}],"inLanguage":"fr-FR"},{"@type":"Organization","@id":"https:\/\/www.immobilienbusiness.ch\/#organization","name":"IMMOBILIER Business","url":"https:\/\/www.immobilienbusiness.ch\/","logo":{"@type":"ImageObject","inLanguage":"fr-FR","@id":"https:\/\/www.immobilienbusiness.ch\/#\/schema\/logo\/image\/","url":"https:\/\/www.immobilienbusiness.ch\/wp-content\/uploads\/2021\/07\/logo_ib.png","contentUrl":"https:\/\/www.immobilienbusiness.ch\/wp-content\/uploads\/2021\/07\/logo_ib.png","width":800,"height":181,"caption":"IMMOBILIEN Business"},"image":{"@id":"https:\/\/www.immobilienbusiness.ch\/#\/schema\/logo\/image\/"},"sameAs":["https:\/\/www.facebook.com\/immobilienbusiness\/"]}]}},"_links":{"self":[{"href":"https:\/\/www.immobilienbusiness.ch\/fr\/wp-json\/wp\/v2\/product\/37526","targetHints":{"allow":["GET"]}}],"collection":[{"href":"https:\/\/www.immobilienbusiness.ch\/fr\/wp-json\/wp\/v2\/product"}],"about":[{"href":"https:\/\/www.immobilienbusiness.ch\/fr\/wp-json\/wp\/v2\/types\/product"}],"wp:featuredmedia":[{"embeddable":true,"href":"https:\/\/www.immobilienbusiness.ch\/fr\/wp-json\/wp\/v2\/media\/37556"}],"wp:attachment":[{"href":"https:\/\/www.immobilienbusiness.ch\/fr\/wp-json\/wp\/v2\/media?parent=37526"}],"wp:term":[{"taxonomy":"product_brand","embeddable":true,"href":"https:\/\/www.immobilienbusiness.ch\/fr\/wp-json\/wp\/v2\/product_brand?post=37526"},{"taxonomy":"product_cat","embeddable":true,"href":"https:\/\/www.immobilienbusiness.ch\/fr\/wp-json\/wp\/v2\/product_cat?post=37526"},{"taxonomy":"product_tag","embeddable":true,"href":"https:\/\/www.immobilienbusiness.ch\/fr\/wp-json\/wp\/v2\/product_tag?post=37526"}],"curies":[{"name":"wp","href":"https:\/\/api.w.org\/{rel}","templated":true}]}}