{"id":37479,"date":"2021-07-15T12:31:32","date_gmt":"2021-07-15T10:31:32","guid":{"rendered":"https:\/\/www.immobilienbusiness.ch\/?post_type=product&#038;p=37479"},"modified":"2026-02-17T15:58:44","modified_gmt":"2026-02-17T14:58:44","slug":"immobilien-business-ausgabe-12-1-2006","status":"publish","type":"product","link":"https:\/\/www.immobilienbusiness.ch\/fr\/product\/immobilien-business-ausgabe-12-1-2006\/","title":{"rendered":"Real Estate Business Issue 12-1\/2006"},"content":{"rendered":"<h2>March\u00e9s et acteurs<\/h2>\n<ul>\n<li>Bill Gates lorgne sur le Four Seasons - Les rues commer\u00e7antes les plus ch\u00e8res - Spotlights <strong>Suisse<\/strong><\/li>\n<li>Surselva : <strong>Ambiance de renouveau entre Films et Sedrun<\/strong><\/li>\n<li>Entreprises d\u00e9tenues : <strong>CEO Karl Dudler, le g\u00e9n\u00e9ral de l'entreprise g\u00e9n\u00e9rale<\/strong><\/li>\n<li>Villas historiques au bord du lac de Lugano : <strong>L'\u00e2ge ne prot\u00e8ge pas de l'abandon<\/strong><\/li>\n<li>Agent immobilier Rudolf Steigrad : <strong>La DreamTeam de la C\u00f4te d'Or<\/strong><\/li>\n<li>Loyers demand\u00e9s : <strong>Pas de fin \u00e0 la hausse des prix<\/strong><\/li>\n<li>Logistique : <strong>Au bon endroit, au bon moment<\/strong><\/li>\n<li>March\u00e9 des bureaux : <strong>Service nach Mass &#8211; Business Center in der Schweiz <\/strong><strong>International<\/strong><\/li>\n<li>les march\u00e9s du logement : <strong>La surchauffe reste limit\u00e9e<\/strong><\/li>\n<\/ul>\n<h2>Investissement et financement<\/h2>\n<ul>\n<li>Indice de transparence 2006 - Le mariage des fonds - Investissements am\u00e9ricains : des rendements br\u00fblants - Spotlights <strong>Suisse\/International<\/strong><\/li>\n<li>Gestion de fonds : <strong>Une concurrence acharn\u00e9e pour les bons placements<\/strong><\/li>\n<li>Notation des r\u00e9gions : <strong>Zurich de nouveau dans leTopTen<\/strong><\/li>\n<li>La gestion : <strong>Ce que co\u00fbte une bonne prestation<\/strong><\/li>\n<li>Fonds d'actions immobili\u00e8res : <strong>Les fonds paneurop\u00e9ens promettent une croissance marqu\u00e9e<\/strong><\/li>\n<li>les march\u00e9s de placement : <strong>Quand les rendements baissent <\/strong><strong>March\u00e9s financiers<\/strong><\/li>\n<li>L'immobilier : <strong>Suisse, Europe, Am\u00e9rique du Nord et Asie<\/strong><\/li>\n<\/ul>\n<h2>Projets et objets<\/h2>\n<ul>\n<li>K\u00fchne + Nagel s'\u00e9tend - Kilchberg : appartements de luxe au L\u00f6wen - Bon \u00e0 savoir <strong>Suisse<\/strong><\/li>\n<li>Arosa : <strong>Mario Botta met Schuggen sur la voie du bien-\u00eatre<\/strong><\/li>\n<li>Le retour des gratte-ciel : <strong>L'ivresse des hauteurs helv\u00e9tiques<\/strong><\/li>\n<li>Site H\u00fcrlimann : <strong>Vivre entre houblon et malt<\/strong><\/li>\n<li>Entrep\u00f4t 62 \u00e0 Zurich : <strong>De l'entrep\u00f4t au luxe <\/strong><strong>International<\/strong><\/li>\n<li>Chelsea : <strong>L'envol urbain \u00e0 New York<\/strong><\/li>\n<\/ul>\n<h2>Savoir-faire et service<\/h2>\n<ul>\n<li>Rendez-vous de la branche immobili\u00e8re au SVIT Forum - Immo-Messe Schweiz:- Bon \u00e0 savoir <strong>Suisse\/International<\/strong><\/li>\n<li>Placements immobiliers indirects : <strong>Sous la loupe<\/strong><\/li>\n<li>Services de courtage : <strong>Les avantages de l'engagement<\/strong><\/li>\n<li>Construction de maisons : <strong>Optimiser les co\u00fbts d'entretien et d'exploitation \u00e0 long terme<\/strong><\/li>\n<li>Gestion des investissements : <strong>Cr\u00e9ation de valeur ou \u00e9cr\u00e9mage ?<\/strong><\/li>\n<li>Salon professionnel FM : <strong>Pr\u00e9sentation compl\u00e8te et pionni\u00e8re<\/strong><\/li>\n<li>Conseil : <strong>Les nouvelles offres des prestataires de services financiers<\/strong><\/li>\n<li>Expo Real 2006 : <strong>Forte pr\u00e9sence suisse \u00e0 Munich<\/strong><\/li>\n<li>Agenda : <strong>Salons,r\u00e9unions, conf\u00e9rences<\/strong><\/li>\n<\/ul>\n<h2>De Luxe<\/h2>\n<ul>\n<li>Le top model Naomi veut vendre - Appartements de luxe : Londres en marche \"Sur le march\u00e9 <strong>Suisse<\/strong><\/li>\n<li>H\u00f4tel Krone : <strong>Die Krone des Engadins &#8211; ein Gesamtkunstwerk<\/strong><\/li>\n<li>Maison \u00e0 tour bleue \u00e0 Lucerne : <strong>Un confort d'habitation sur mesure <\/strong><strong>International<\/strong><\/li>\n<li>NappaValley : <strong>Un morceau de Toscane en Californie<\/strong><\/li>\n<\/ul>\n<h2>Rubriques<\/h2>\n<ul>\n<li><strong>\u00c9ditorial :<\/strong> Die Surselva &#8211; Boom mit Schattenseiten<\/li>\n<li><strong>Les meilleures adresses sur Internet<\/strong><\/li>\n<li><strong>Colonne<\/strong>: Alfred Meili sur la suppression du risque immobilier<\/li>\n<li><strong>Promotions du logement<\/strong><\/li>\n<li><strong>Au revoir :<\/strong> Revue de presse et aper\u00e7u<\/li>\n<\/ul>","protected":false},"excerpt":{"rendered":"<p>Re\u00e7oit la revue sp\u00e9cialis\u00e9e en langue allemande \"immobilienbusiness\" dans le num\u00e9ro 12-1\/2006 de Immobilien Business en t\u00e9l\u00e9chargement PDF avec la table des mati\u00e8res ci-dessous :<\/p>","protected":false},"featured_media":37533,"template":"","meta":{"_acf_changed":false,"pgc_sgb_lightbox_settings":""},"product_brand":[],"product_cat":[921],"product_tag":[935],"class_list":{"0":"post-37479","1":"product","2":"type-product","3":"status-publish","4":"has-post-thumbnail","6":"product_cat-einzelausgaben","7":"product_tag-935","9":"first","10":"instock","11":"downloadable","12":"virtual","13":"taxable","14":"purchasable","15":"product-type-simple"},"acf":[],"yoast_head":"<!-- This site is optimized with the Yoast SEO plugin v27.4 - https:\/\/yoast.com\/product\/yoast-seo-wordpress\/ -->\n<title>Immobilien Business Ausgabe 12-1\/2006 - IMMOBILIEN Business<\/title>\n<meta name=\"description\" content=\"Erhalte die deutschsprachige Fachzeitschrift \u00abimmobilienbusiness\u00bb in der Immobilien Business Ausgabe 12-1\/2006 als PDF-Download mit nachfolgendem Inhaltsverzeichnis:\" \/>\n<meta name=\"robots\" content=\"index, follow, max-snippet:-1, max-image-preview:large, max-video-preview:-1\" \/>\n<link rel=\"canonical\" href=\"https:\/\/www.immobilienbusiness.ch\/fr\/product\/immobilien-business-ausgabe-12-1-2006\/\" \/>\n<meta property=\"og:locale\" content=\"fr_FR\" \/>\n<meta property=\"og:type\" content=\"article\" \/>\n<meta property=\"og:title\" content=\"Immobilien Business Ausgabe 12-1\/2006 - IMMOBILIEN Business\" \/>\n<meta property=\"og:description\" content=\"Erhalte die deutschsprachige Fachzeitschrift \u00abimmobilienbusiness\u00bb in der Immobilien Business Ausgabe 12-1\/2006 als PDF-Download mit nachfolgendem Inhaltsverzeichnis:\" \/>\n<meta property=\"og:url\" content=\"https:\/\/www.immobilienbusiness.ch\/fr\/product\/immobilien-business-ausgabe-12-1-2006\/\" \/>\n<meta property=\"og:site_name\" content=\"IMMOBILIEN Business\" \/>\n<meta property=\"article:publisher\" content=\"https:\/\/www.facebook.com\/immobilienbusiness\/\" \/>\n<meta property=\"article:modified_time\" content=\"2026-02-17T14:58:44+00:00\" \/>\n<meta property=\"og:image\" content=\"https:\/\/www.immobilienbusiness.ch\/wp-content\/uploads\/2021\/07\/Immobilien_Business_2006_12-1.png\" \/>\n\t<meta property=\"og:image:width\" content=\"654\" \/>\n\t<meta property=\"og:image:height\" content=\"370\" \/>\n\t<meta property=\"og:image:type\" content=\"image\/png\" \/>\n<meta name=\"twitter:card\" content=\"summary_large_image\" \/>\n<script type=\"application\/ld+json\" class=\"yoast-schema-graph\">{\"@context\":\"https:\\\/\\\/schema.org\",\"@graph\":[{\"@type\":\"WebPage\",\"@id\":\"https:\\\/\\\/www.immobilienbusiness.ch\\\/produkt\\\/immobilien-business-ausgabe-12-1-2006\\\/\",\"url\":\"https:\\\/\\\/www.immobilienbusiness.ch\\\/produkt\\\/immobilien-business-ausgabe-12-1-2006\\\/\",\"name\":\"Immobilien Business Ausgabe 12-1\\\/2006 - IMMOBILIEN Business\",\"isPartOf\":{\"@id\":\"https:\\\/\\\/www.immobilienbusiness.ch\\\/#website\"},\"primaryImageOfPage\":{\"@id\":\"https:\\\/\\\/www.immobilienbusiness.ch\\\/produkt\\\/immobilien-business-ausgabe-12-1-2006\\\/#primaryimage\"},\"image\":{\"@id\":\"https:\\\/\\\/www.immobilienbusiness.ch\\\/produkt\\\/immobilien-business-ausgabe-12-1-2006\\\/#primaryimage\"},\"thumbnailUrl\":\"https:\\\/\\\/www.immobilienbusiness.ch\\\/wp-content\\\/uploads\\\/2021\\\/07\\\/Immobilien_Business_2006_12-1.png\",\"datePublished\":\"2021-07-15T10:31:32+00:00\",\"dateModified\":\"2026-02-17T14:58:44+00:00\",\"description\":\"Erhalte die deutschsprachige Fachzeitschrift \u00abimmobilienbusiness\u00bb in der Immobilien Business Ausgabe 12-1\\\/2006 als PDF-Download mit nachfolgendem Inhaltsverzeichnis:\",\"breadcrumb\":{\"@id\":\"https:\\\/\\\/www.immobilienbusiness.ch\\\/produkt\\\/immobilien-business-ausgabe-12-1-2006\\\/#breadcrumb\"},\"inLanguage\":\"fr-FR\",\"potentialAction\":[{\"@type\":\"ReadAction\",\"target\":[\"https:\\\/\\\/www.immobilienbusiness.ch\\\/produkt\\\/immobilien-business-ausgabe-12-1-2006\\\/\"]}]},{\"@type\":\"ImageObject\",\"inLanguage\":\"fr-FR\",\"@id\":\"https:\\\/\\\/www.immobilienbusiness.ch\\\/produkt\\\/immobilien-business-ausgabe-12-1-2006\\\/#primaryimage\",\"url\":\"https:\\\/\\\/www.immobilienbusiness.ch\\\/wp-content\\\/uploads\\\/2021\\\/07\\\/Immobilien_Business_2006_12-1.png\",\"contentUrl\":\"https:\\\/\\\/www.immobilienbusiness.ch\\\/wp-content\\\/uploads\\\/2021\\\/07\\\/Immobilien_Business_2006_12-1.png\",\"width\":654,\"height\":370},{\"@type\":\"BreadcrumbList\",\"@id\":\"https:\\\/\\\/www.immobilienbusiness.ch\\\/produkt\\\/immobilien-business-ausgabe-12-1-2006\\\/#breadcrumb\",\"itemListElement\":[{\"@type\":\"ListItem\",\"position\":1,\"name\":\"Home\",\"item\":\"https:\\\/\\\/www.immobilienbusiness.ch\\\/\"},{\"@type\":\"ListItem\",\"position\":2,\"name\":\"Shop\",\"item\":\"https:\\\/\\\/www.immobilienbusiness.ch\\\/en\\\/shop\\\/\"},{\"@type\":\"ListItem\",\"position\":3,\"name\":\"Immobilien Business Ausgabe 12-1\\\/2006\"}]},{\"@type\":\"WebSite\",\"@id\":\"https:\\\/\\\/www.immobilienbusiness.ch\\\/#website\",\"url\":\"https:\\\/\\\/www.immobilienbusiness.ch\\\/\",\"name\":\"IMMOBILIEN Business\",\"description\":\"Unabh\u00e4ngiges Schweizer Wirtschaftsmagazin mit Fokus auf Immobilien, Architektur- und Bau sowie Investment- und Finanzierung.\",\"publisher\":{\"@id\":\"https:\\\/\\\/www.immobilienbusiness.ch\\\/#organization\"},\"potentialAction\":[{\"@type\":\"SearchAction\",\"target\":{\"@type\":\"EntryPoint\",\"urlTemplate\":\"https:\\\/\\\/www.immobilienbusiness.ch\\\/?s={search_term_string}\"},\"query-input\":{\"@type\":\"PropertyValueSpecification\",\"valueRequired\":true,\"valueName\":\"search_term_string\"}}],\"inLanguage\":\"fr-FR\"},{\"@type\":\"Organization\",\"@id\":\"https:\\\/\\\/www.immobilienbusiness.ch\\\/#organization\",\"name\":\"IMMOBILIEN Business\",\"url\":\"https:\\\/\\\/www.immobilienbusiness.ch\\\/\",\"logo\":{\"@type\":\"ImageObject\",\"inLanguage\":\"fr-FR\",\"@id\":\"https:\\\/\\\/www.immobilienbusiness.ch\\\/#\\\/schema\\\/logo\\\/image\\\/\",\"url\":\"https:\\\/\\\/www.immobilienbusiness.ch\\\/wp-content\\\/uploads\\\/2021\\\/07\\\/logo_ib.png\",\"contentUrl\":\"https:\\\/\\\/www.immobilienbusiness.ch\\\/wp-content\\\/uploads\\\/2021\\\/07\\\/logo_ib.png\",\"width\":800,\"height\":181,\"caption\":\"IMMOBILIEN Business\"},\"image\":{\"@id\":\"https:\\\/\\\/www.immobilienbusiness.ch\\\/#\\\/schema\\\/logo\\\/image\\\/\"},\"sameAs\":[\"https:\\\/\\\/www.facebook.com\\\/immobilienbusiness\\\/\"]}]}<\/script>\n<!-- \/ Yoast SEO plugin. -->","yoast_head_json":{"title":"Immobilien Business Ausgabe 12-1\/2006 - IMMOBILIEN Business","description":"Re\u00e7oit la revue sp\u00e9cialis\u00e9e en langue allemande \"immobilienbusiness\" dans le num\u00e9ro 12-1\/2006 de Immobilien Business en t\u00e9l\u00e9chargement PDF avec la table des mati\u00e8res ci-dessous :","robots":{"index":"index","follow":"follow","max-snippet":"max-snippet:-1","max-image-preview":"max-image-preview:large","max-video-preview":"max-video-preview:-1"},"canonical":"https:\/\/www.immobilienbusiness.ch\/fr\/product\/immobilien-business-ausgabe-12-1-2006\/","og_locale":"fr_FR","og_type":"article","og_title":"Immobilien Business Ausgabe 12-1\/2006 - IMMOBILIEN Business","og_description":"Erhalte die deutschsprachige Fachzeitschrift \u00abimmobilienbusiness\u00bb in der Immobilien Business Ausgabe 12-1\/2006 als PDF-Download mit nachfolgendem Inhaltsverzeichnis:","og_url":"https:\/\/www.immobilienbusiness.ch\/fr\/product\/immobilien-business-ausgabe-12-1-2006\/","og_site_name":"IMMOBILIEN Business","article_publisher":"https:\/\/www.facebook.com\/immobilienbusiness\/","article_modified_time":"2026-02-17T14:58:44+00:00","og_image":[{"width":654,"height":370,"url":"https:\/\/www.immobilienbusiness.ch\/wp-content\/uploads\/2021\/07\/Immobilien_Business_2006_12-1.png","type":"image\/png"}],"twitter_card":"summary_large_image","schema":{"@context":"https:\/\/schema.org","@graph":[{"@type":"WebPage","@id":"https:\/\/www.immobilienbusiness.ch\/produkt\/immobilien-business-ausgabe-12-1-2006\/","url":"https:\/\/www.immobilienbusiness.ch\/produkt\/immobilien-business-ausgabe-12-1-2006\/","name":"Immobilien Business Ausgabe 12-1\/2006 - IMMOBILIEN Business","isPartOf":{"@id":"https:\/\/www.immobilienbusiness.ch\/#website"},"primaryImageOfPage":{"@id":"https:\/\/www.immobilienbusiness.ch\/produkt\/immobilien-business-ausgabe-12-1-2006\/#primaryimage"},"image":{"@id":"https:\/\/www.immobilienbusiness.ch\/produkt\/immobilien-business-ausgabe-12-1-2006\/#primaryimage"},"thumbnailUrl":"https:\/\/www.immobilienbusiness.ch\/wp-content\/uploads\/2021\/07\/Immobilien_Business_2006_12-1.png","datePublished":"2021-07-15T10:31:32+00:00","dateModified":"2026-02-17T14:58:44+00:00","description":"Re\u00e7oit la revue sp\u00e9cialis\u00e9e en langue allemande \"immobilienbusiness\" dans le num\u00e9ro 12-1\/2006 de Immobilien Business en t\u00e9l\u00e9chargement PDF avec la table des mati\u00e8res ci-dessous :","breadcrumb":{"@id":"https:\/\/www.immobilienbusiness.ch\/produkt\/immobilien-business-ausgabe-12-1-2006\/#breadcrumb"},"inLanguage":"fr-FR","potentialAction":[{"@type":"ReadAction","target":["https:\/\/www.immobilienbusiness.ch\/produkt\/immobilien-business-ausgabe-12-1-2006\/"]}]},{"@type":"ImageObject","inLanguage":"fr-FR","@id":"https:\/\/www.immobilienbusiness.ch\/produkt\/immobilien-business-ausgabe-12-1-2006\/#primaryimage","url":"https:\/\/www.immobilienbusiness.ch\/wp-content\/uploads\/2021\/07\/Immobilien_Business_2006_12-1.png","contentUrl":"https:\/\/www.immobilienbusiness.ch\/wp-content\/uploads\/2021\/07\/Immobilien_Business_2006_12-1.png","width":654,"height":370},{"@type":"BreadcrumbList","@id":"https:\/\/www.immobilienbusiness.ch\/produkt\/immobilien-business-ausgabe-12-1-2006\/#breadcrumb","itemListElement":[{"@type":"ListItem","position":1,"name":"Home","item":"https:\/\/www.immobilienbusiness.ch\/"},{"@type":"ListItem","position":2,"name":"Shop","item":"https:\/\/www.immobilienbusiness.ch\/en\/shop\/"},{"@type":"ListItem","position":3,"name":"Immobilien Business Ausgabe 12-1\/2006"}]},{"@type":"WebSite","@id":"https:\/\/www.immobilienbusiness.ch\/#website","url":"https:\/\/www.immobilienbusiness.ch\/","name":"IMMOBILIER Business","description":"Magazine \u00e9conomique suisse ind\u00e9pendant ax\u00e9 sur l'immobilier, l'architecture et la construction ainsi que sur les investissements et le financement.","publisher":{"@id":"https:\/\/www.immobilienbusiness.ch\/#organization"},"potentialAction":[{"@type":"SearchAction","target":{"@type":"EntryPoint","urlTemplate":"https:\/\/www.immobilienbusiness.ch\/?s={search_term_string}"},"query-input":{"@type":"PropertyValueSpecification","valueRequired":true,"valueName":"search_term_string"}}],"inLanguage":"fr-FR"},{"@type":"Organization","@id":"https:\/\/www.immobilienbusiness.ch\/#organization","name":"IMMOBILIER Business","url":"https:\/\/www.immobilienbusiness.ch\/","logo":{"@type":"ImageObject","inLanguage":"fr-FR","@id":"https:\/\/www.immobilienbusiness.ch\/#\/schema\/logo\/image\/","url":"https:\/\/www.immobilienbusiness.ch\/wp-content\/uploads\/2021\/07\/logo_ib.png","contentUrl":"https:\/\/www.immobilienbusiness.ch\/wp-content\/uploads\/2021\/07\/logo_ib.png","width":800,"height":181,"caption":"IMMOBILIEN Business"},"image":{"@id":"https:\/\/www.immobilienbusiness.ch\/#\/schema\/logo\/image\/"},"sameAs":["https:\/\/www.facebook.com\/immobilienbusiness\/"]}]}},"_links":{"self":[{"href":"https:\/\/www.immobilienbusiness.ch\/fr\/wp-json\/wp\/v2\/product\/37479","targetHints":{"allow":["GET"]}}],"collection":[{"href":"https:\/\/www.immobilienbusiness.ch\/fr\/wp-json\/wp\/v2\/product"}],"about":[{"href":"https:\/\/www.immobilienbusiness.ch\/fr\/wp-json\/wp\/v2\/types\/product"}],"wp:featuredmedia":[{"embeddable":true,"href":"https:\/\/www.immobilienbusiness.ch\/fr\/wp-json\/wp\/v2\/media\/37533"}],"wp:attachment":[{"href":"https:\/\/www.immobilienbusiness.ch\/fr\/wp-json\/wp\/v2\/media?parent=37479"}],"wp:term":[{"taxonomy":"product_brand","embeddable":true,"href":"https:\/\/www.immobilienbusiness.ch\/fr\/wp-json\/wp\/v2\/product_brand?post=37479"},{"taxonomy":"product_cat","embeddable":true,"href":"https:\/\/www.immobilienbusiness.ch\/fr\/wp-json\/wp\/v2\/product_cat?post=37479"},{"taxonomy":"product_tag","embeddable":true,"href":"https:\/\/www.immobilienbusiness.ch\/fr\/wp-json\/wp\/v2\/product_tag?post=37479"}],"curies":[{"name":"wp","href":"https:\/\/api.w.org\/{rel}","templated":true}]}}