{"id":37477,"date":"2021-07-15T12:31:32","date_gmt":"2021-07-15T10:31:32","guid":{"rendered":"https:\/\/www.immobilienbusiness.ch\/?post_type=product&#038;p=37477"},"modified":"2026-02-17T15:58:42","modified_gmt":"2026-02-17T14:58:42","slug":"immobilien-business-ausgabe-2-2007","status":"publish","type":"product","link":"https:\/\/www.immobilienbusiness.ch\/fr\/product\/immobilien-business-ausgabe-2-2007\/","title":{"rendered":"Immobilien Business \u00c9dition 2\/2007"},"content":{"rendered":"<h2>ImmoWorld<\/h2>\n<p>Kartause Ittingen - lieu de rencontres et de cultures - Neil Sedaka, musicien pop - Nord<br \/>\nAdria - Nouveau quartier de Munich - Espaces commerciaux Allemagne - Am Leipziger Platz<br \/>\n\u00e0 Berlin - Hard Rock Cafes - Fonds immobilier ferm\u00e9 - Urs Ledermann, Immobilier<br \/>\ninvestor depuis le Seefeld zurichois - Schioss \u00e0 Central Park - Akron s'attaque \u00e0 Varsovie -<br \/>\nSaint-P\u00e9tersbourg - Ch\u00e2teau de Dracula en Roumanie - Immo-Messe Schweiz - Banque Sal. Oppenheim<br \/>\n- Le combat des titans - l'architecture d'entreprise de Swiss Re<\/p>\n<h2>March\u00e9s et acteurs<\/h2>\n<ul>\n<li>Quartiers r\u00e9sidentiels : <strong>Au-dessus du brouillard, l'habitat doit \u00eatre merveilleux<\/strong><\/li>\n<li>Implenia : <strong>Interview du CEO Hans-Peter Domanig : \"Renforcer les points forts<\/strong>\"<\/li>\n<li>Lac de Constance : <strong>La nouvelle vague allemande<\/strong><\/li>\n<li>Centre commercial : <strong>Entrez dans le plaisir d'acheter !<\/strong><\/li>\n<li>Macao : <strong>La vitrine du boom immobilier chinois<\/strong><\/li>\n<li>Loyers demand\u00e9s : <strong>Une nette tendance \u00e0 la hausse des loyers<\/strong><\/li>\n<li>March\u00e9 des bureaux : <strong>Une relance sensible<\/strong><\/li>\n<\/ul>\n<h2>Investissement et financement<\/h2>\n<ul>\n<li>Slovaquie : <strong>Une occasion unique<\/strong><\/li>\n<li>Investissements immobiliers : <strong>Nager avec le courant<\/strong><\/li>\n<li>Actions immobili\u00e8res : <strong>Focus sur Reits<\/strong><\/li>\n<li>Immeubles de rapport : <strong>Nouveaux acteurs<\/strong><\/li>\n<li>Les march\u00e9s financiers : <strong>Suisse, Europe, Am\u00e9rique du Nord et Asie<\/strong><\/li>\n<\/ul>\n<h2>Projets et objets<\/h2>\n<ul>\n<li>Schaffhouse : <strong>Richesse atmosph\u00e9rique<\/strong><\/li>\n<li>Ras al-Khaimah : <strong>\u00c9chapper \u00e0 l'agitation<\/strong><\/li>\n<li>Yverdon-Ies-Bains : <strong>Centre \u00e0 rayonnement r\u00e9gional<\/strong><\/li>\n<\/ul>\n<h2>Savoir-faire et service<\/h2>\n<ul>\n<li>Propri\u00e9t\u00e9 par \u00e9tage : <strong>Des querelles - entre le barbecue et le garage<\/strong><\/li>\n<li>Congr\u00e8s FM : \"<strong>L'\u00e9thique est une science tr\u00e8s complexe\".<\/strong><\/li>\n<li>Agenda : <strong>Salons,r\u00e9unions, conf\u00e9rences<\/strong><\/li>\n<\/ul>\n<h2>De Luxe<\/h2>\n<ul>\n<li>Palm Springs : <strong>Une villa m\u00e9diterran\u00e9enne dans le d\u00e9sert ressuscit\u00e9e<\/strong><\/li>\n<li>Omaruru Game Lodge : <strong>L'homme qui a cr\u00e9\u00e9 un paradis<\/strong><\/li>\n<li>Les Maldives : <strong>Un luxe somptueux<\/strong><\/li>\n<\/ul>\n<h2>Point de cl\u00f4ture<\/h2>\n<ul>\n<li>\u00a0\"Hausi\" Leutenegger : \"<strong>Avec l'immobilier, je s\u00e9curise mon entreprise<\/strong>\"<\/li>\n<\/ul>\n<h2>Rubriques<\/h2>\n<ul>\n<li><strong>Editorial<\/strong>: Quelques nouveaut\u00e9s<\/li>\n<li><strong>Impression<\/strong><\/li>\n<li><strong>Colonne<\/strong>: Dr Irene Lanz-Hubmann sur \"Dis-moi o\u00f9 sont les fleurs...\".<\/li>\n<li><strong>Promotions du logement<\/strong><\/li>\n<\/ul>","protected":false},"excerpt":{"rendered":"<p>Erhalte die deutschsprachige Fachzeitschrift \u00abimmobilienbusiness\u00bb in der <span data-sheets-value=\"{&quot;1&quot;:2,&quot;2&quot;:&quot;Immobilien Business Ausgabe 2\/2007&quot;}\" data-sheets-userformat=\"{&quot;2&quot;:15273,&quot;3&quot;:{&quot;1&quot;:0},&quot;6&quot;:{&quot;1&quot;:[{&quot;1&quot;:2,&quot;2&quot;:0,&quot;5&quot;:[null,2,0]},{&quot;1&quot;:0,&quot;2&quot;:0,&quot;3&quot;:3},{&quot;1&quot;:1,&quot;2&quot;:0,&quot;4&quot;:1}]},&quot;8&quot;:{&quot;1&quot;:[{&quot;1&quot;:2,&quot;2&quot;:0,&quot;5&quot;:[null,2,0]},{&quot;1&quot;:0,&quot;2&quot;:0,&quot;3&quot;:3},{&quot;1&quot;:1,&quot;2&quot;:0,&quot;4&quot;:1}]},&quot;10&quot;:2,&quot;11&quot;:0,&quot;12&quot;:0,&quot;14&quot;:[null,2,0],&quot;15&quot;:&quot;Calibri, sans-serif&quot;,&quot;16&quot;:12}\">Immobilien Business Ausgabe 2\/2007<\/span> als PDF-Download mit nachfolgendem Inhaltsverzeichnis:<\/p>\n","protected":false},"featured_media":37531,"template":"","meta":{"_acf_changed":false,"pgc_sgb_lightbox_settings":""},"product_brand":[],"product_cat":[921],"product_tag":[934],"class_list":{"0":"post-37477","1":"product","2":"type-product","3":"status-publish","4":"has-post-thumbnail","6":"product_cat-einzelausgaben","7":"product_tag-934","9":"first","10":"instock","11":"downloadable","12":"virtual","13":"taxable","14":"purchasable","15":"product-type-simple"},"acf":[],"yoast_head":"<!-- This site is optimized with the Yoast SEO plugin v27.4 - https:\/\/yoast.com\/product\/yoast-seo-wordpress\/ -->\n<title>Immobilien Business Ausgabe 2\/2007 - IMMOBILIEN Business<\/title>\n<meta name=\"description\" content=\"Erhalte die deutschsprachige Fachzeitschrift \u00abimmobilienbusiness\u00bb in der Immobilien Business Ausgabe 2\/2007 als PDF-Download mit nachfolgendem Inhaltsverzeichnis:\" \/>\n<meta name=\"robots\" content=\"index, follow, max-snippet:-1, max-image-preview:large, max-video-preview:-1\" \/>\n<link rel=\"canonical\" href=\"https:\/\/www.immobilienbusiness.ch\/fr\/product\/immobilien-business-ausgabe-2-2007\/\" \/>\n<meta property=\"og:locale\" content=\"fr_FR\" \/>\n<meta property=\"og:type\" content=\"article\" \/>\n<meta property=\"og:title\" content=\"Immobilien Business Ausgabe 2\/2007 - IMMOBILIEN Business\" \/>\n<meta property=\"og:description\" content=\"Erhalte die deutschsprachige Fachzeitschrift \u00abimmobilienbusiness\u00bb in der Immobilien Business Ausgabe 2\/2007 als PDF-Download mit nachfolgendem Inhaltsverzeichnis:\" \/>\n<meta property=\"og:url\" content=\"https:\/\/www.immobilienbusiness.ch\/fr\/product\/immobilien-business-ausgabe-2-2007\/\" \/>\n<meta property=\"og:site_name\" content=\"IMMOBILIEN Business\" \/>\n<meta property=\"article:publisher\" content=\"https:\/\/www.facebook.com\/immobilienbusiness\/\" \/>\n<meta property=\"article:modified_time\" content=\"2026-02-17T14:58:42+00:00\" \/>\n<meta property=\"og:image\" content=\"https:\/\/www.immobilienbusiness.ch\/wp-content\/uploads\/2021\/07\/Immobilien_Business_2007_2.png\" \/>\n\t<meta property=\"og:image:width\" content=\"654\" \/>\n\t<meta property=\"og:image:height\" content=\"370\" \/>\n\t<meta property=\"og:image:type\" content=\"image\/png\" \/>\n<meta name=\"twitter:card\" content=\"summary_large_image\" \/>\n<script type=\"application\/ld+json\" class=\"yoast-schema-graph\">{\"@context\":\"https:\\\/\\\/schema.org\",\"@graph\":[{\"@type\":\"WebPage\",\"@id\":\"https:\\\/\\\/www.immobilienbusiness.ch\\\/produkt\\\/immobilien-business-ausgabe-2-2007\\\/\",\"url\":\"https:\\\/\\\/www.immobilienbusiness.ch\\\/produkt\\\/immobilien-business-ausgabe-2-2007\\\/\",\"name\":\"Immobilien Business Ausgabe 2\\\/2007 - IMMOBILIEN Business\",\"isPartOf\":{\"@id\":\"https:\\\/\\\/www.immobilienbusiness.ch\\\/#website\"},\"primaryImageOfPage\":{\"@id\":\"https:\\\/\\\/www.immobilienbusiness.ch\\\/produkt\\\/immobilien-business-ausgabe-2-2007\\\/#primaryimage\"},\"image\":{\"@id\":\"https:\\\/\\\/www.immobilienbusiness.ch\\\/produkt\\\/immobilien-business-ausgabe-2-2007\\\/#primaryimage\"},\"thumbnailUrl\":\"https:\\\/\\\/www.immobilienbusiness.ch\\\/wp-content\\\/uploads\\\/2021\\\/07\\\/Immobilien_Business_2007_2.png\",\"datePublished\":\"2021-07-15T10:31:32+00:00\",\"dateModified\":\"2026-02-17T14:58:42+00:00\",\"description\":\"Erhalte die deutschsprachige Fachzeitschrift \u00abimmobilienbusiness\u00bb in der Immobilien Business Ausgabe 2\\\/2007 als PDF-Download mit nachfolgendem Inhaltsverzeichnis:\",\"breadcrumb\":{\"@id\":\"https:\\\/\\\/www.immobilienbusiness.ch\\\/produkt\\\/immobilien-business-ausgabe-2-2007\\\/#breadcrumb\"},\"inLanguage\":\"fr-FR\",\"potentialAction\":[{\"@type\":\"ReadAction\",\"target\":[\"https:\\\/\\\/www.immobilienbusiness.ch\\\/produkt\\\/immobilien-business-ausgabe-2-2007\\\/\"]}]},{\"@type\":\"ImageObject\",\"inLanguage\":\"fr-FR\",\"@id\":\"https:\\\/\\\/www.immobilienbusiness.ch\\\/produkt\\\/immobilien-business-ausgabe-2-2007\\\/#primaryimage\",\"url\":\"https:\\\/\\\/www.immobilienbusiness.ch\\\/wp-content\\\/uploads\\\/2021\\\/07\\\/Immobilien_Business_2007_2.png\",\"contentUrl\":\"https:\\\/\\\/www.immobilienbusiness.ch\\\/wp-content\\\/uploads\\\/2021\\\/07\\\/Immobilien_Business_2007_2.png\",\"width\":654,\"height\":370},{\"@type\":\"BreadcrumbList\",\"@id\":\"https:\\\/\\\/www.immobilienbusiness.ch\\\/produkt\\\/immobilien-business-ausgabe-2-2007\\\/#breadcrumb\",\"itemListElement\":[{\"@type\":\"ListItem\",\"position\":1,\"name\":\"Home\",\"item\":\"https:\\\/\\\/www.immobilienbusiness.ch\\\/\"},{\"@type\":\"ListItem\",\"position\":2,\"name\":\"Shop\",\"item\":\"https:\\\/\\\/www.immobilienbusiness.ch\\\/en\\\/shop\\\/\"},{\"@type\":\"ListItem\",\"position\":3,\"name\":\"Immobilien Business Ausgabe 2\\\/2007\"}]},{\"@type\":\"WebSite\",\"@id\":\"https:\\\/\\\/www.immobilienbusiness.ch\\\/#website\",\"url\":\"https:\\\/\\\/www.immobilienbusiness.ch\\\/\",\"name\":\"IMMOBILIEN Business\",\"description\":\"Unabh\u00e4ngiges Schweizer Wirtschaftsmagazin mit Fokus auf Immobilien, Architektur- und Bau sowie Investment- und Finanzierung.\",\"publisher\":{\"@id\":\"https:\\\/\\\/www.immobilienbusiness.ch\\\/#organization\"},\"potentialAction\":[{\"@type\":\"SearchAction\",\"target\":{\"@type\":\"EntryPoint\",\"urlTemplate\":\"https:\\\/\\\/www.immobilienbusiness.ch\\\/?s={search_term_string}\"},\"query-input\":{\"@type\":\"PropertyValueSpecification\",\"valueRequired\":true,\"valueName\":\"search_term_string\"}}],\"inLanguage\":\"fr-FR\"},{\"@type\":\"Organization\",\"@id\":\"https:\\\/\\\/www.immobilienbusiness.ch\\\/#organization\",\"name\":\"IMMOBILIEN Business\",\"url\":\"https:\\\/\\\/www.immobilienbusiness.ch\\\/\",\"logo\":{\"@type\":\"ImageObject\",\"inLanguage\":\"fr-FR\",\"@id\":\"https:\\\/\\\/www.immobilienbusiness.ch\\\/#\\\/schema\\\/logo\\\/image\\\/\",\"url\":\"https:\\\/\\\/www.immobilienbusiness.ch\\\/wp-content\\\/uploads\\\/2021\\\/07\\\/logo_ib.png\",\"contentUrl\":\"https:\\\/\\\/www.immobilienbusiness.ch\\\/wp-content\\\/uploads\\\/2021\\\/07\\\/logo_ib.png\",\"width\":800,\"height\":181,\"caption\":\"IMMOBILIEN Business\"},\"image\":{\"@id\":\"https:\\\/\\\/www.immobilienbusiness.ch\\\/#\\\/schema\\\/logo\\\/image\\\/\"},\"sameAs\":[\"https:\\\/\\\/www.facebook.com\\\/immobilienbusiness\\\/\"]}]}<\/script>\n<!-- \/ Yoast SEO plugin. -->","yoast_head_json":{"title":"Immobilien Business \u00e9dition 2\/2007 - IMMOBILIER Business","description":"Re\u00e7oit la revue sp\u00e9cialis\u00e9e en langue allemande \u00abimmobilienbusiness\u00bb dans le num\u00e9ro 2\/2007 de Immobilien Business en t\u00e9l\u00e9chargement PDF avec la table des mati\u00e8res suivante :","robots":{"index":"index","follow":"follow","max-snippet":"max-snippet:-1","max-image-preview":"max-image-preview:large","max-video-preview":"max-video-preview:-1"},"canonical":"https:\/\/www.immobilienbusiness.ch\/fr\/product\/immobilien-business-ausgabe-2-2007\/","og_locale":"fr_FR","og_type":"article","og_title":"Immobilien Business Ausgabe 2\/2007 - IMMOBILIEN Business","og_description":"Erhalte die deutschsprachige Fachzeitschrift \u00abimmobilienbusiness\u00bb in der Immobilien Business Ausgabe 2\/2007 als PDF-Download mit nachfolgendem Inhaltsverzeichnis:","og_url":"https:\/\/www.immobilienbusiness.ch\/fr\/product\/immobilien-business-ausgabe-2-2007\/","og_site_name":"IMMOBILIEN Business","article_publisher":"https:\/\/www.facebook.com\/immobilienbusiness\/","article_modified_time":"2026-02-17T14:58:42+00:00","og_image":[{"width":654,"height":370,"url":"https:\/\/www.immobilienbusiness.ch\/wp-content\/uploads\/2021\/07\/Immobilien_Business_2007_2.png","type":"image\/png"}],"twitter_card":"summary_large_image","schema":{"@context":"https:\/\/schema.org","@graph":[{"@type":"WebPage","@id":"https:\/\/www.immobilienbusiness.ch\/produkt\/immobilien-business-ausgabe-2-2007\/","url":"https:\/\/www.immobilienbusiness.ch\/produkt\/immobilien-business-ausgabe-2-2007\/","name":"Immobilien Business \u00e9dition 2\/2007 - IMMOBILIER Business","isPartOf":{"@id":"https:\/\/www.immobilienbusiness.ch\/#website"},"primaryImageOfPage":{"@id":"https:\/\/www.immobilienbusiness.ch\/produkt\/immobilien-business-ausgabe-2-2007\/#primaryimage"},"image":{"@id":"https:\/\/www.immobilienbusiness.ch\/produkt\/immobilien-business-ausgabe-2-2007\/#primaryimage"},"thumbnailUrl":"https:\/\/www.immobilienbusiness.ch\/wp-content\/uploads\/2021\/07\/Immobilien_Business_2007_2.png","datePublished":"2021-07-15T10:31:32+00:00","dateModified":"2026-02-17T14:58:42+00:00","description":"Re\u00e7oit la revue sp\u00e9cialis\u00e9e en langue allemande \u00abimmobilienbusiness\u00bb dans le num\u00e9ro 2\/2007 de Immobilien Business en t\u00e9l\u00e9chargement PDF avec la table des mati\u00e8res suivante :","breadcrumb":{"@id":"https:\/\/www.immobilienbusiness.ch\/produkt\/immobilien-business-ausgabe-2-2007\/#breadcrumb"},"inLanguage":"fr-FR","potentialAction":[{"@type":"ReadAction","target":["https:\/\/www.immobilienbusiness.ch\/produkt\/immobilien-business-ausgabe-2-2007\/"]}]},{"@type":"ImageObject","inLanguage":"fr-FR","@id":"https:\/\/www.immobilienbusiness.ch\/produkt\/immobilien-business-ausgabe-2-2007\/#primaryimage","url":"https:\/\/www.immobilienbusiness.ch\/wp-content\/uploads\/2021\/07\/Immobilien_Business_2007_2.png","contentUrl":"https:\/\/www.immobilienbusiness.ch\/wp-content\/uploads\/2021\/07\/Immobilien_Business_2007_2.png","width":654,"height":370},{"@type":"BreadcrumbList","@id":"https:\/\/www.immobilienbusiness.ch\/produkt\/immobilien-business-ausgabe-2-2007\/#breadcrumb","itemListElement":[{"@type":"ListItem","position":1,"name":"Home","item":"https:\/\/www.immobilienbusiness.ch\/"},{"@type":"ListItem","position":2,"name":"Shop","item":"https:\/\/www.immobilienbusiness.ch\/en\/shop\/"},{"@type":"ListItem","position":3,"name":"Immobilien Business Ausgabe 2\/2007"}]},{"@type":"WebSite","@id":"https:\/\/www.immobilienbusiness.ch\/#website","url":"https:\/\/www.immobilienbusiness.ch\/","name":"IMMOBILIER Business","description":"Magazine \u00e9conomique suisse ind\u00e9pendant ax\u00e9 sur l'immobilier, l'architecture et la construction ainsi que sur les investissements et le financement.","publisher":{"@id":"https:\/\/www.immobilienbusiness.ch\/#organization"},"potentialAction":[{"@type":"SearchAction","target":{"@type":"EntryPoint","urlTemplate":"https:\/\/www.immobilienbusiness.ch\/?s={search_term_string}"},"query-input":{"@type":"PropertyValueSpecification","valueRequired":true,"valueName":"search_term_string"}}],"inLanguage":"fr-FR"},{"@type":"Organization","@id":"https:\/\/www.immobilienbusiness.ch\/#organization","name":"IMMOBILIER Business","url":"https:\/\/www.immobilienbusiness.ch\/","logo":{"@type":"ImageObject","inLanguage":"fr-FR","@id":"https:\/\/www.immobilienbusiness.ch\/#\/schema\/logo\/image\/","url":"https:\/\/www.immobilienbusiness.ch\/wp-content\/uploads\/2021\/07\/logo_ib.png","contentUrl":"https:\/\/www.immobilienbusiness.ch\/wp-content\/uploads\/2021\/07\/logo_ib.png","width":800,"height":181,"caption":"IMMOBILIEN Business"},"image":{"@id":"https:\/\/www.immobilienbusiness.ch\/#\/schema\/logo\/image\/"},"sameAs":["https:\/\/www.facebook.com\/immobilienbusiness\/"]}]}},"_links":{"self":[{"href":"https:\/\/www.immobilienbusiness.ch\/fr\/wp-json\/wp\/v2\/product\/37477","targetHints":{"allow":["GET"]}}],"collection":[{"href":"https:\/\/www.immobilienbusiness.ch\/fr\/wp-json\/wp\/v2\/product"}],"about":[{"href":"https:\/\/www.immobilienbusiness.ch\/fr\/wp-json\/wp\/v2\/types\/product"}],"wp:featuredmedia":[{"embeddable":true,"href":"https:\/\/www.immobilienbusiness.ch\/fr\/wp-json\/wp\/v2\/media\/37531"}],"wp:attachment":[{"href":"https:\/\/www.immobilienbusiness.ch\/fr\/wp-json\/wp\/v2\/media?parent=37477"}],"wp:term":[{"taxonomy":"product_brand","embeddable":true,"href":"https:\/\/www.immobilienbusiness.ch\/fr\/wp-json\/wp\/v2\/product_brand?post=37477"},{"taxonomy":"product_cat","embeddable":true,"href":"https:\/\/www.immobilienbusiness.ch\/fr\/wp-json\/wp\/v2\/product_cat?post=37477"},{"taxonomy":"product_tag","embeddable":true,"href":"https:\/\/www.immobilienbusiness.ch\/fr\/wp-json\/wp\/v2\/product_tag?post=37477"}],"curies":[{"name":"wp","href":"https:\/\/api.w.org\/{rel}","templated":true}]}}