{"id":37409,"date":"2021-07-15T12:31:09","date_gmt":"2021-07-15T10:31:09","guid":{"rendered":"https:\/\/www.immobilienbusiness.ch\/?post_type=product&#038;p=37409"},"modified":"2026-02-17T15:58:50","modified_gmt":"2026-02-17T14:58:50","slug":"immobilien-business-ausgabe-3-2014","status":"publish","type":"product","link":"https:\/\/www.immobilienbusiness.ch\/fr\/product\/immobilien-business-ausgabe-3-2014\/","title":{"rendered":"Real Estate Business Issue 3\/2014"},"content":{"rendered":"<h2>Nouvelles<\/h2>\n<ul>\n<li>Zurich : H\u00f4tel Dorint Airport au d\u00e9part<\/li>\n<li>Pf\u00e4ffikon : Perle sur le lac Pf\u00e4ffikon<\/li>\n<li>Personalia : CFB Network AG<\/li>\n<li>Personalia : A\u00e9roport de Zurich\/Allreal\/Zug Estates<\/li>\n<li>Berne : Nouveau concept pour le Casino de la culture<\/li>\n<li>B\u00e2le : ouverture de l'h\u00f4tel Pullman<\/li>\n<li>Zurich : Grande location \u00e0 Altstetten<\/li>\n<li>Immo Markdaten AG : Realmatch360<\/li>\n<li>Personalia : Swisscanto<\/li>\n<li>Dresde : Invesco ach\u00e8te Prager Carr\u00e9e<\/li>\n<li>Berlin : Deka ach\u00e8te la propri\u00e9t\u00e9 d'IVG<\/li>\n<li>Milan : NEIF rach\u00e8te<\/li>\n<li>Maroc : Sonae Sierra s'agrandit<\/li>\n<li>KSA : Nouveau site de Drees &amp; Sommer<\/li>\n<li>March\u00e9 des bureaux \u00e0 Londres : les loyers de premier ordre en hausse<\/li>\n<li>Shanghai : prix record pour les terrains \u00e0 b\u00e2tir<\/li>\n<\/ul>\n<h2>Titre Sujet<\/h2>\n<ul>\n<li>Un vote lourd de cons\u00e9quences Le oui \u00e0 l'initiative sur l'immigration de masse ne changera pas grand-chose au march\u00e9 immobilier \u00e0 court terme. Mais les entreprises sont d\u00e9stabilis\u00e9es et les cons\u00e9quences pour l'implantation des entreprises ne sont pas claires.<\/li>\n<li>\"Une hausse des taux d'int\u00e9r\u00eat serait plus fatale\" Entretien avec J\u00fcrg Bernet, Euro Institut IM<\/li>\n<li>\"La Suisse a encore des avantages\" Entretien avec Robert Hauri, Groupe Intercity<\/li>\n<\/ul>\n<h2>Tendances<\/h2>\n<ul>\n<li>\"Danger d'avalanche sur le march\u00e9 des bureaux en Suisse<\/li>\n<li>Luigi arrive, Ludwig reste \u00e0 l'\u00e9cart March\u00e9 immobilier suisse en transition<\/li>\n<\/ul>\n<h2>March\u00e9s et investissements<\/h2>\n<ul>\n<li>Anges d\u00e9chus<\/li>\n<li>La crainte d'un retournement des taux d'int\u00e9r\u00eat p\u00e8se sur les actions immobili\u00e8res.<\/li>\n<li>Implenia : l'envol\u00e9e se poursuit<\/li>\n<li>Une \u00e9p\u00e9e de Damocl\u00e8s Le frein aux loyers en Allemagne n'est pas efficace.<\/li>\n<\/ul>\n<h2>Architecture et d\u00e9veloppement urbain<\/h2>\n<ul>\n<li>Le vent devient plus fort<\/li>\n<li>La concurrence entre les lieux de congr\u00e8s s'intensifie.<\/li>\n<li>\"La Suisse est bien positionn\u00e9e\" Entretien avec Andrea J\u00f6rger, CFB Network AG<\/li>\n<\/ul>\n<h2>Projets et objets<\/h2>\n<ul>\n<li>Jet final l\u00e9ger et haut sur le Kunzareal pr\u00e8s de Brugg.<\/li>\n<\/ul>\n<h2>Gestion d'actifs et de portefeuilles<\/h2>\n<ul>\n<li>Une question de strat\u00e9gie, 1\u00e8re partie de la s\u00e9rie<\/li>\n<li>Approches strat\u00e9giques pour l'immobilier de sant\u00e9<\/li>\n<li>Dossier sur les affaires immobili\u00e8res \"Go West !<\/li>\n<li>Gros plan sur le march\u00e9 de l'immobilier en Suisse occidentale<\/li>\n<\/ul>\n<h2>Service<\/h2>\n<ul>\n<li>Immeuble de bureaux \"2226\" : Sans chauffage et haute technologie<\/li>\n<li>Plus de transparence dans la gestion de l'\u00e9nergie<\/li>\n<li>\u00c9valuation des propri\u00e9t\u00e9s h\u00f4teli\u00e8res<\/li>\n<li>Agenda<\/li>\n<li>Loyers demand\u00e9s<\/li>\n<li>Colonne : le point de vue de Breiner<\/li>\n<\/ul>\n<h2>March\u00e9s \u00e9trangers<\/h2>\n<ul>\n<li>Des verres \u00e0 moiti\u00e9 vides - ou \u00e0 moiti\u00e9 pleins ?<\/li>\n<li>Les march\u00e9s \u00e9mergents souffrent des sorties de capitaux.<\/li>\n<li>Br\u00e9sil : le volume des pr\u00eats hypoth\u00e9caires en hausse<\/li>\n<li>Turquie : arr\u00eat de la construction d'un grand a\u00e9roport<\/li>\n<\/ul>\n<h2>March\u00e9s financiers immobiliers<\/h2>\n<ul>\n<li>L'entretien du mois Wolfgang Egger, PDG de Patrizia Immobilien AG<\/li>\n<li>La Fonci\u00e8re : Augmentation de capital<\/li>\n<li>CS 1a Immo PK : nouvelle question<\/li>\n<li>Acron : Investissement \u00e0 Sierre<\/li>\n<li>LaSalle IM : Shopping \u00e0 Paris<\/li>\n<li>Bowfonds : Acquisition \u00e0 Oslo<\/li>\n<li>Fonds REPE : retour sur les rails<\/li>\n<li>March\u00e9 des bureaux en Europe : signes de reprise<\/li>\n<li>CRE : Les managers gagnent plus<\/li>\n<li>Fundamenta RE : En vir\u00e9e shopping<\/li>\n<li>Mobimo : R\u00e9sultat record<\/li>\n<li>Allreal : de l'argent frais<\/li>\n<li>bfw Liegenschaften : r\u00e9sultat satisfaisant<\/li>\n<li>FPI am\u00e9ricaines : vague de fusions<\/li>\n<li>Gecina : Nouveaux actionnaires principaux<\/li>\n<li>Union Investment : Vente \u00e0 Oslo<\/li>\n<li>Adler RE : Traiter avec Corestate<\/li>\n<li>Performant final<\/li>\n<li>Immofinanz veut introduire Buwog en bourse.<\/li>\n<\/ul>\n<h2>Copropri\u00e9t\u00e9<\/h2>\n<ul>\n<li>Quand les co\u00fbts \u00e9nerg\u00e9tiques deviennent incontr\u00f4lables<\/li>\n<\/ul>","protected":false},"excerpt":{"rendered":"<p>Recevez le magazine professionnel en langue allemande \"immobilienbusiness\" dans le num\u00e9ro 3\/2014 d'Immobilien Business en t\u00e9l\u00e9chargement PDF avec la table des mati\u00e8res suivante :<\/p>","protected":false},"featured_media":37244,"template":"","meta":{"_acf_changed":false,"pgc_sgb_lightbox_settings":""},"product_brand":[],"product_cat":[921],"product_tag":[930],"class_list":{"0":"post-37409","1":"product","2":"type-product","3":"status-publish","4":"has-post-thumbnail","6":"product_cat-einzelausgaben","7":"product_tag-930","9":"first","10":"instock","11":"downloadable","12":"virtual","13":"taxable","14":"purchasable","15":"product-type-simple"},"acf":[],"yoast_head":"<!-- This site is optimized with the Yoast SEO plugin v27.4 - https:\/\/yoast.com\/product\/yoast-seo-wordpress\/ -->\n<title>Immobilien Business Ausgabe 3\/2014 - IMMOBILIEN Business<\/title>\n<meta name=\"description\" content=\"Erhalte die deutschsprachige Fachzeitschrift \u00abimmobilienbusiness\u00bb in der Immobilien Business Ausgabe 3\/2014 als PDF-Download mit nachfolgendem Inhaltsverzeichnis:\" \/>\n<meta name=\"robots\" content=\"index, follow, max-snippet:-1, max-image-preview:large, max-video-preview:-1\" \/>\n<link rel=\"canonical\" href=\"https:\/\/www.immobilienbusiness.ch\/fr\/product\/immobilien-business-ausgabe-3-2014\/\" \/>\n<meta property=\"og:locale\" content=\"fr_FR\" \/>\n<meta property=\"og:type\" content=\"article\" \/>\n<meta property=\"og:title\" content=\"Immobilien Business Ausgabe 3\/2014 - IMMOBILIEN Business\" \/>\n<meta property=\"og:description\" content=\"Erhalte die deutschsprachige Fachzeitschrift \u00abimmobilienbusiness\u00bb in der Immobilien Business Ausgabe 3\/2014 als PDF-Download mit nachfolgendem Inhaltsverzeichnis:\" \/>\n<meta property=\"og:url\" content=\"https:\/\/www.immobilienbusiness.ch\/fr\/product\/immobilien-business-ausgabe-3-2014\/\" \/>\n<meta property=\"og:site_name\" content=\"IMMOBILIEN Business\" \/>\n<meta property=\"article:publisher\" content=\"https:\/\/www.facebook.com\/immobilienbusiness\/\" \/>\n<meta property=\"article:modified_time\" content=\"2026-02-17T14:58:50+00:00\" \/>\n<meta property=\"og:image\" content=\"https:\/\/www.immobilienbusiness.ch\/wp-content\/uploads\/2021\/07\/Immobilien-Business-Ausgabe-3-2014.png\" \/>\n\t<meta property=\"og:image:width\" content=\"654\" \/>\n\t<meta property=\"og:image:height\" content=\"370\" \/>\n\t<meta property=\"og:image:type\" content=\"image\/png\" \/>\n<meta name=\"twitter:card\" content=\"summary_large_image\" \/>\n<script type=\"application\/ld+json\" class=\"yoast-schema-graph\">{\"@context\":\"https:\\\/\\\/schema.org\",\"@graph\":[{\"@type\":\"WebPage\",\"@id\":\"https:\\\/\\\/www.immobilienbusiness.ch\\\/produkt\\\/immobilien-business-ausgabe-3-2014\\\/\",\"url\":\"https:\\\/\\\/www.immobilienbusiness.ch\\\/produkt\\\/immobilien-business-ausgabe-3-2014\\\/\",\"name\":\"Immobilien Business Ausgabe 3\\\/2014 - IMMOBILIEN Business\",\"isPartOf\":{\"@id\":\"https:\\\/\\\/www.immobilienbusiness.ch\\\/#website\"},\"primaryImageOfPage\":{\"@id\":\"https:\\\/\\\/www.immobilienbusiness.ch\\\/produkt\\\/immobilien-business-ausgabe-3-2014\\\/#primaryimage\"},\"image\":{\"@id\":\"https:\\\/\\\/www.immobilienbusiness.ch\\\/produkt\\\/immobilien-business-ausgabe-3-2014\\\/#primaryimage\"},\"thumbnailUrl\":\"https:\\\/\\\/www.immobilienbusiness.ch\\\/wp-content\\\/uploads\\\/2021\\\/07\\\/Immobilien-Business-Ausgabe-3-2014.png\",\"datePublished\":\"2021-07-15T10:31:09+00:00\",\"dateModified\":\"2026-02-17T14:58:50+00:00\",\"description\":\"Erhalte die deutschsprachige Fachzeitschrift \u00abimmobilienbusiness\u00bb in der Immobilien Business Ausgabe 3\\\/2014 als PDF-Download mit nachfolgendem Inhaltsverzeichnis:\",\"breadcrumb\":{\"@id\":\"https:\\\/\\\/www.immobilienbusiness.ch\\\/produkt\\\/immobilien-business-ausgabe-3-2014\\\/#breadcrumb\"},\"inLanguage\":\"fr-FR\",\"potentialAction\":[{\"@type\":\"ReadAction\",\"target\":[\"https:\\\/\\\/www.immobilienbusiness.ch\\\/produkt\\\/immobilien-business-ausgabe-3-2014\\\/\"]}]},{\"@type\":\"ImageObject\",\"inLanguage\":\"fr-FR\",\"@id\":\"https:\\\/\\\/www.immobilienbusiness.ch\\\/produkt\\\/immobilien-business-ausgabe-3-2014\\\/#primaryimage\",\"url\":\"https:\\\/\\\/www.immobilienbusiness.ch\\\/wp-content\\\/uploads\\\/2021\\\/07\\\/Immobilien-Business-Ausgabe-3-2014.png\",\"contentUrl\":\"https:\\\/\\\/www.immobilienbusiness.ch\\\/wp-content\\\/uploads\\\/2021\\\/07\\\/Immobilien-Business-Ausgabe-3-2014.png\",\"width\":654,\"height\":370},{\"@type\":\"BreadcrumbList\",\"@id\":\"https:\\\/\\\/www.immobilienbusiness.ch\\\/produkt\\\/immobilien-business-ausgabe-3-2014\\\/#breadcrumb\",\"itemListElement\":[{\"@type\":\"ListItem\",\"position\":1,\"name\":\"Home\",\"item\":\"https:\\\/\\\/www.immobilienbusiness.ch\\\/\"},{\"@type\":\"ListItem\",\"position\":2,\"name\":\"Shop\",\"item\":\"https:\\\/\\\/www.immobilienbusiness.ch\\\/en\\\/shop\\\/\"},{\"@type\":\"ListItem\",\"position\":3,\"name\":\"Immobilien Business Ausgabe 3\\\/2014\"}]},{\"@type\":\"WebSite\",\"@id\":\"https:\\\/\\\/www.immobilienbusiness.ch\\\/#website\",\"url\":\"https:\\\/\\\/www.immobilienbusiness.ch\\\/\",\"name\":\"IMMOBILIEN Business\",\"description\":\"Unabh\u00e4ngiges Schweizer Wirtschaftsmagazin mit Fokus auf Immobilien, Architektur- und Bau sowie Investment- und Finanzierung.\",\"publisher\":{\"@id\":\"https:\\\/\\\/www.immobilienbusiness.ch\\\/#organization\"},\"potentialAction\":[{\"@type\":\"SearchAction\",\"target\":{\"@type\":\"EntryPoint\",\"urlTemplate\":\"https:\\\/\\\/www.immobilienbusiness.ch\\\/?s={search_term_string}\"},\"query-input\":{\"@type\":\"PropertyValueSpecification\",\"valueRequired\":true,\"valueName\":\"search_term_string\"}}],\"inLanguage\":\"fr-FR\"},{\"@type\":\"Organization\",\"@id\":\"https:\\\/\\\/www.immobilienbusiness.ch\\\/#organization\",\"name\":\"IMMOBILIEN Business\",\"url\":\"https:\\\/\\\/www.immobilienbusiness.ch\\\/\",\"logo\":{\"@type\":\"ImageObject\",\"inLanguage\":\"fr-FR\",\"@id\":\"https:\\\/\\\/www.immobilienbusiness.ch\\\/#\\\/schema\\\/logo\\\/image\\\/\",\"url\":\"https:\\\/\\\/www.immobilienbusiness.ch\\\/wp-content\\\/uploads\\\/2021\\\/07\\\/logo_ib.png\",\"contentUrl\":\"https:\\\/\\\/www.immobilienbusiness.ch\\\/wp-content\\\/uploads\\\/2021\\\/07\\\/logo_ib.png\",\"width\":800,\"height\":181,\"caption\":\"IMMOBILIEN Business\"},\"image\":{\"@id\":\"https:\\\/\\\/www.immobilienbusiness.ch\\\/#\\\/schema\\\/logo\\\/image\\\/\"},\"sameAs\":[\"https:\\\/\\\/www.facebook.com\\\/immobilienbusiness\\\/\"]}]}<\/script>\n<!-- \/ Yoast SEO plugin. -->","yoast_head_json":{"title":"Immobilien Business Ausgabe 3\/2014 - IMMOBILIEN Business","description":"Recevez le magazine professionnel en langue allemande \"immobilienbusiness\" dans le num\u00e9ro 3\/2014 d'Immobilien Business en t\u00e9l\u00e9chargement PDF avec la table des mati\u00e8res suivante :","robots":{"index":"index","follow":"follow","max-snippet":"max-snippet:-1","max-image-preview":"max-image-preview:large","max-video-preview":"max-video-preview:-1"},"canonical":"https:\/\/www.immobilienbusiness.ch\/fr\/product\/immobilien-business-ausgabe-3-2014\/","og_locale":"fr_FR","og_type":"article","og_title":"Immobilien Business Ausgabe 3\/2014 - IMMOBILIEN Business","og_description":"Erhalte die deutschsprachige Fachzeitschrift \u00abimmobilienbusiness\u00bb in der Immobilien Business Ausgabe 3\/2014 als PDF-Download mit nachfolgendem Inhaltsverzeichnis:","og_url":"https:\/\/www.immobilienbusiness.ch\/fr\/product\/immobilien-business-ausgabe-3-2014\/","og_site_name":"IMMOBILIEN Business","article_publisher":"https:\/\/www.facebook.com\/immobilienbusiness\/","article_modified_time":"2026-02-17T14:58:50+00:00","og_image":[{"width":654,"height":370,"url":"https:\/\/www.immobilienbusiness.ch\/wp-content\/uploads\/2021\/07\/Immobilien-Business-Ausgabe-3-2014.png","type":"image\/png"}],"twitter_card":"summary_large_image","schema":{"@context":"https:\/\/schema.org","@graph":[{"@type":"WebPage","@id":"https:\/\/www.immobilienbusiness.ch\/produkt\/immobilien-business-ausgabe-3-2014\/","url":"https:\/\/www.immobilienbusiness.ch\/produkt\/immobilien-business-ausgabe-3-2014\/","name":"Immobilien Business Ausgabe 3\/2014 - IMMOBILIEN Business","isPartOf":{"@id":"https:\/\/www.immobilienbusiness.ch\/#website"},"primaryImageOfPage":{"@id":"https:\/\/www.immobilienbusiness.ch\/produkt\/immobilien-business-ausgabe-3-2014\/#primaryimage"},"image":{"@id":"https:\/\/www.immobilienbusiness.ch\/produkt\/immobilien-business-ausgabe-3-2014\/#primaryimage"},"thumbnailUrl":"https:\/\/www.immobilienbusiness.ch\/wp-content\/uploads\/2021\/07\/Immobilien-Business-Ausgabe-3-2014.png","datePublished":"2021-07-15T10:31:09+00:00","dateModified":"2026-02-17T14:58:50+00:00","description":"Recevez le magazine professionnel en langue allemande \"immobilienbusiness\" dans le num\u00e9ro 3\/2014 d'Immobilien Business en t\u00e9l\u00e9chargement PDF avec la table des mati\u00e8res suivante :","breadcrumb":{"@id":"https:\/\/www.immobilienbusiness.ch\/produkt\/immobilien-business-ausgabe-3-2014\/#breadcrumb"},"inLanguage":"fr-FR","potentialAction":[{"@type":"ReadAction","target":["https:\/\/www.immobilienbusiness.ch\/produkt\/immobilien-business-ausgabe-3-2014\/"]}]},{"@type":"ImageObject","inLanguage":"fr-FR","@id":"https:\/\/www.immobilienbusiness.ch\/produkt\/immobilien-business-ausgabe-3-2014\/#primaryimage","url":"https:\/\/www.immobilienbusiness.ch\/wp-content\/uploads\/2021\/07\/Immobilien-Business-Ausgabe-3-2014.png","contentUrl":"https:\/\/www.immobilienbusiness.ch\/wp-content\/uploads\/2021\/07\/Immobilien-Business-Ausgabe-3-2014.png","width":654,"height":370},{"@type":"BreadcrumbList","@id":"https:\/\/www.immobilienbusiness.ch\/produkt\/immobilien-business-ausgabe-3-2014\/#breadcrumb","itemListElement":[{"@type":"ListItem","position":1,"name":"Home","item":"https:\/\/www.immobilienbusiness.ch\/"},{"@type":"ListItem","position":2,"name":"Shop","item":"https:\/\/www.immobilienbusiness.ch\/en\/shop\/"},{"@type":"ListItem","position":3,"name":"Immobilien Business Ausgabe 3\/2014"}]},{"@type":"WebSite","@id":"https:\/\/www.immobilienbusiness.ch\/#website","url":"https:\/\/www.immobilienbusiness.ch\/","name":"IMMOBILIER Business","description":"Magazine \u00e9conomique suisse ind\u00e9pendant ax\u00e9 sur l'immobilier, l'architecture et la construction ainsi que sur les investissements et le financement.","publisher":{"@id":"https:\/\/www.immobilienbusiness.ch\/#organization"},"potentialAction":[{"@type":"SearchAction","target":{"@type":"EntryPoint","urlTemplate":"https:\/\/www.immobilienbusiness.ch\/?s={search_term_string}"},"query-input":{"@type":"PropertyValueSpecification","valueRequired":true,"valueName":"search_term_string"}}],"inLanguage":"fr-FR"},{"@type":"Organization","@id":"https:\/\/www.immobilienbusiness.ch\/#organization","name":"IMMOBILIER Business","url":"https:\/\/www.immobilienbusiness.ch\/","logo":{"@type":"ImageObject","inLanguage":"fr-FR","@id":"https:\/\/www.immobilienbusiness.ch\/#\/schema\/logo\/image\/","url":"https:\/\/www.immobilienbusiness.ch\/wp-content\/uploads\/2021\/07\/logo_ib.png","contentUrl":"https:\/\/www.immobilienbusiness.ch\/wp-content\/uploads\/2021\/07\/logo_ib.png","width":800,"height":181,"caption":"IMMOBILIEN Business"},"image":{"@id":"https:\/\/www.immobilienbusiness.ch\/#\/schema\/logo\/image\/"},"sameAs":["https:\/\/www.facebook.com\/immobilienbusiness\/"]}]}},"_links":{"self":[{"href":"https:\/\/www.immobilienbusiness.ch\/fr\/wp-json\/wp\/v2\/product\/37409","targetHints":{"allow":["GET"]}}],"collection":[{"href":"https:\/\/www.immobilienbusiness.ch\/fr\/wp-json\/wp\/v2\/product"}],"about":[{"href":"https:\/\/www.immobilienbusiness.ch\/fr\/wp-json\/wp\/v2\/types\/product"}],"wp:featuredmedia":[{"embeddable":true,"href":"https:\/\/www.immobilienbusiness.ch\/fr\/wp-json\/wp\/v2\/media\/37244"}],"wp:attachment":[{"href":"https:\/\/www.immobilienbusiness.ch\/fr\/wp-json\/wp\/v2\/media?parent=37409"}],"wp:term":[{"taxonomy":"product_brand","embeddable":true,"href":"https:\/\/www.immobilienbusiness.ch\/fr\/wp-json\/wp\/v2\/product_brand?post=37409"},{"taxonomy":"product_cat","embeddable":true,"href":"https:\/\/www.immobilienbusiness.ch\/fr\/wp-json\/wp\/v2\/product_cat?post=37409"},{"taxonomy":"product_tag","embeddable":true,"href":"https:\/\/www.immobilienbusiness.ch\/fr\/wp-json\/wp\/v2\/product_tag?post=37409"}],"curies":[{"name":"wp","href":"https:\/\/api.w.org\/{rel}","templated":true}]}}