{"id":37408,"date":"2021-07-15T12:31:09","date_gmt":"2021-07-15T10:31:09","guid":{"rendered":"https:\/\/www.immobilienbusiness.ch\/?post_type=product&#038;p=37408"},"modified":"2026-02-17T15:58:50","modified_gmt":"2026-02-17T14:58:50","slug":"immobilien-business-ausgabe-4-2014","status":"publish","type":"product","link":"https:\/\/www.immobilienbusiness.ch\/fr\/product\/immobilien-business-ausgabe-4-2014\/","title":{"rendered":"Real Estate Business Issue 4\/2014"},"content":{"rendered":"<h2>Nouvelles<\/h2>\n<ul>\n<li>Zurich : l'a\u00e9roport se distingue par ses performances en mati\u00e8re de fret<\/li>\n<li>Pfungen : Nouveau centre logistique<\/li>\n<li>Personalia : RIBA\/ODH<\/li>\n<li>B\u00e2le : Fossil s'installe dans le quartier d'Erlenmatt<\/li>\n<li>Lausanne : Nouveau bureau de Reso Partners<\/li>\n<li>Berne : le \"Viererfeld\" se rapproche<\/li>\n<li>Zurich : offensive municipale en mati\u00e8re de logement<\/li>\n<li>Freiburg : Cofely fait du shopping<\/li>\n<li>Bienne : candidature pour le parc d'innovation<\/li>\n<li>La CCN ach\u00e8te \u00e0 Zierow<\/li>\n<li>Le Credit Suisse conclut un accord aux Etats-Unis<\/li>\n<li>Union Investment : Investissement \u00e0 D\u00fcsseldorf<\/li>\n<li>JLL : 65 nouveaux mandats<\/li>\n<li>ECE : Nouveaux achats en Pologne<\/li>\n<li>Aberdeen : Fian\u00e7ailles \u00e0 Hambourg<\/li>\n<li>\u00c9mirats : Nouveaux bureaux \u00e0 Budapest<\/li>\n<\/ul>\n<h2>Titre Sujet<\/h2>\n<ul>\n<li>La libert\u00e9 de choix des h\u00f4pitaux et des m\u00e9decins rend les investissements dans les h\u00f4pitaux int\u00e9ressants. Cependant, il y a aussi des obstacles.<\/li>\n<li>\"Tous les h\u00f4pitaux ne sont pas ax\u00e9s sur la croissance\".<\/li>\n<li>Entretien avec Beat Gafner, Itten + Brechb\u00fchl AG<\/li>\n<li>D\u00e9veloppement in\u00e9dit sur le site de la Fondation Bethesda \u00e0 B\u00e2le<\/li>\n<\/ul>\n<h2>Tendances<\/h2>\n<ul>\n<li>Les tours de bureaux d\u00e9fient les devoirs<\/li>\n<li>La fin de l'\u00e8re du bureau n'est pas encore en vue.<\/li>\n<\/ul>\n<h2>March\u00e9s et investissements<\/h2>\n<ul>\n<li>Plus d'\u00e9motions que d'arguments factuels<\/li>\n<li>Les acteurs du march\u00e9 suisse et \u00e9tranger sur les motions Badran<\/li>\n<li>Colonne<\/li>\n<li>Retour aux sources - \u00e9galement avec Lex Koller ?<\/li>\n<li>Les fonds irlandais \u00e0 la recherche de capitaux<\/li>\n<li>MIPIM 2014 : des tonalit\u00e9s r\u00e9fl\u00e9chies depuis Cannes<\/li>\n<\/ul>\n<h2>Architecture et d\u00e9veloppement urbain<\/h2>\n<ul>\n<li>Plus vite par-dessus les montagnes Les transversales ferroviaires alpines modifient le march\u00e9 de la logistique.<\/li>\n<\/ul>\n<h2>Projets et objets<\/h2>\n<ul>\n<li>Pr\u00e8s du Rhin, PSP construit le \"Salmenpark\" \u00e0 Rheinfelden.<\/li>\n<\/ul>\n<h2>Gestion d'actifs et de portefeuilles<\/h2>\n<ul>\n<li>Une question de strat\u00e9gie, S\u00e9rie Partie 2 Approches strat\u00e9giques de la gestion des biens immobiliers industriels<\/li>\n<\/ul>\n<h2>Service<\/h2>\n<ul>\n<li>Agenda<\/li>\n<li>Loyers demand\u00e9s<\/li>\n<li>Aventures immobili\u00e8res<\/li>\n<li>Des projets de revitalisation r\u00e9ussis \u00e0 Zurich<\/li>\n<li>Le point de vue de la colonne Breiner<\/li>\n<\/ul>\n<h2>March\u00e9s \u00e9trangers<\/h2>\n<ul>\n<li>L'Europe de l'Est fait son rapport Les investisseurs sondent les march\u00e9s immobiliers d'Europe centrale et orientale.<\/li>\n<\/ul>\n<h2>March\u00e9s financiers immobiliers<\/h2>\n<ul>\n<li>L'interview du mois Roland V\u00f6gele, propri\u00e9taire de MV Invest<\/li>\n<li>Keystone Hospitality : approbation de la CSSF<\/li>\n<li>Schroder Property : Acquisition pour Zurich AST<\/li>\n<li>Realogis Real Estate : Nouveau fonds logistique<\/li>\n<li>GRR : Shopping \u00e0 Rendsburg<\/li>\n<li>\u00c9tude PwC\/ULI : Tendances \u00e9mergentes dans l'immobilier\u00ae Europe<\/li>\n<li>Hannover Leasing : Engagement \u00e0 M\u00fcnster<\/li>\n<li>Deka Immobilien : Vente \u00e0 Vienne<\/li>\n<li>JLL : Nouveau partenaire en Angola<\/li>\n<li>Fundamenta RE : En bonne voie<\/li>\n<li>SPS Swiss Prime Site : Augmentation du b\u00e9n\u00e9fice<\/li>\n<li>Peach Property : plus de b\u00e9n\u00e9fices<\/li>\n<li>ODH : Pertes \u00e9lev\u00e9es<\/li>\n<li>Zug Estates : Un bilan r\u00e9ussi<\/li>\n<li>Cordea Savills : Investissement \u00e0 Birmingham<\/li>\n<li>Erste Group : Grand projet \u00e0 Prague<\/li>\n<li>ECE : Entr\u00e9e dans Sonae Sierra Brasil<\/li>\n<li>Performant final<\/li>\n<li>Sonae Sierra de retour dans le noir<\/li>\n<\/ul>","protected":false},"excerpt":{"rendered":"<p>Recevez le magazine professionnel en langue allemande \"immobilienbusiness\" dans le num\u00e9ro 4\/2014 d'Immobilien Business en t\u00e9l\u00e9chargement PDF avec la table des mati\u00e8res suivante :<\/p>","protected":false},"featured_media":37438,"template":"","meta":{"_acf_changed":false,"pgc_sgb_lightbox_settings":""},"product_brand":[],"product_cat":[921],"product_tag":[930],"class_list":{"0":"post-37408","1":"product","2":"type-product","3":"status-publish","4":"has-post-thumbnail","6":"product_cat-einzelausgaben","7":"product_tag-930","9":"first","10":"instock","11":"downloadable","12":"virtual","13":"taxable","14":"purchasable","15":"product-type-simple"},"acf":[],"yoast_head":"<!-- This site is optimized with the Yoast SEO plugin v27.4 - https:\/\/yoast.com\/product\/yoast-seo-wordpress\/ -->\n<title>Immobilien Business Ausgabe 4\/2014 - IMMOBILIEN Business<\/title>\n<meta name=\"description\" content=\"Erhalte die deutschsprachige Fachzeitschrift \u00abimmobilienbusiness\u00bb in der Immobilien Business Ausgabe 4\/2014 als PDF-Download mit nachfolgendem Inhaltsverzeichnis:\" \/>\n<meta name=\"robots\" content=\"index, follow, max-snippet:-1, max-image-preview:large, max-video-preview:-1\" \/>\n<link rel=\"canonical\" href=\"https:\/\/www.immobilienbusiness.ch\/fr\/product\/immobilien-business-ausgabe-4-2014\/\" \/>\n<meta property=\"og:locale\" content=\"fr_FR\" \/>\n<meta property=\"og:type\" content=\"article\" \/>\n<meta property=\"og:title\" content=\"Immobilien Business Ausgabe 4\/2014 - IMMOBILIEN Business\" \/>\n<meta property=\"og:description\" content=\"Erhalte die deutschsprachige Fachzeitschrift \u00abimmobilienbusiness\u00bb in der Immobilien Business Ausgabe 4\/2014 als PDF-Download mit nachfolgendem Inhaltsverzeichnis:\" \/>\n<meta property=\"og:url\" content=\"https:\/\/www.immobilienbusiness.ch\/fr\/product\/immobilien-business-ausgabe-4-2014\/\" \/>\n<meta property=\"og:site_name\" content=\"IMMOBILIEN Business\" \/>\n<meta property=\"article:publisher\" content=\"https:\/\/www.facebook.com\/immobilienbusiness\/\" \/>\n<meta property=\"article:modified_time\" content=\"2026-02-17T14:58:50+00:00\" \/>\n<meta property=\"og:image\" content=\"https:\/\/www.immobilienbusiness.ch\/wp-content\/uploads\/2021\/07\/Immobilien-Business-Ausgabe-4-2014.png\" \/>\n\t<meta property=\"og:image:width\" content=\"654\" \/>\n\t<meta property=\"og:image:height\" content=\"370\" \/>\n\t<meta property=\"og:image:type\" content=\"image\/png\" \/>\n<meta name=\"twitter:card\" content=\"summary_large_image\" \/>\n<script type=\"application\/ld+json\" class=\"yoast-schema-graph\">{\"@context\":\"https:\\\/\\\/schema.org\",\"@graph\":[{\"@type\":\"WebPage\",\"@id\":\"https:\\\/\\\/www.immobilienbusiness.ch\\\/produkt\\\/immobilien-business-ausgabe-4-2014\\\/\",\"url\":\"https:\\\/\\\/www.immobilienbusiness.ch\\\/produkt\\\/immobilien-business-ausgabe-4-2014\\\/\",\"name\":\"Immobilien Business Ausgabe 4\\\/2014 - IMMOBILIEN Business\",\"isPartOf\":{\"@id\":\"https:\\\/\\\/www.immobilienbusiness.ch\\\/#website\"},\"primaryImageOfPage\":{\"@id\":\"https:\\\/\\\/www.immobilienbusiness.ch\\\/produkt\\\/immobilien-business-ausgabe-4-2014\\\/#primaryimage\"},\"image\":{\"@id\":\"https:\\\/\\\/www.immobilienbusiness.ch\\\/produkt\\\/immobilien-business-ausgabe-4-2014\\\/#primaryimage\"},\"thumbnailUrl\":\"https:\\\/\\\/www.immobilienbusiness.ch\\\/wp-content\\\/uploads\\\/2021\\\/07\\\/Immobilien-Business-Ausgabe-4-2014.png\",\"datePublished\":\"2021-07-15T10:31:09+00:00\",\"dateModified\":\"2026-02-17T14:58:50+00:00\",\"description\":\"Erhalte die deutschsprachige Fachzeitschrift \u00abimmobilienbusiness\u00bb in der Immobilien Business Ausgabe 4\\\/2014 als PDF-Download mit nachfolgendem Inhaltsverzeichnis:\",\"breadcrumb\":{\"@id\":\"https:\\\/\\\/www.immobilienbusiness.ch\\\/produkt\\\/immobilien-business-ausgabe-4-2014\\\/#breadcrumb\"},\"inLanguage\":\"fr-FR\",\"potentialAction\":[{\"@type\":\"ReadAction\",\"target\":[\"https:\\\/\\\/www.immobilienbusiness.ch\\\/produkt\\\/immobilien-business-ausgabe-4-2014\\\/\"]}]},{\"@type\":\"ImageObject\",\"inLanguage\":\"fr-FR\",\"@id\":\"https:\\\/\\\/www.immobilienbusiness.ch\\\/produkt\\\/immobilien-business-ausgabe-4-2014\\\/#primaryimage\",\"url\":\"https:\\\/\\\/www.immobilienbusiness.ch\\\/wp-content\\\/uploads\\\/2021\\\/07\\\/Immobilien-Business-Ausgabe-4-2014.png\",\"contentUrl\":\"https:\\\/\\\/www.immobilienbusiness.ch\\\/wp-content\\\/uploads\\\/2021\\\/07\\\/Immobilien-Business-Ausgabe-4-2014.png\",\"width\":654,\"height\":370},{\"@type\":\"BreadcrumbList\",\"@id\":\"https:\\\/\\\/www.immobilienbusiness.ch\\\/produkt\\\/immobilien-business-ausgabe-4-2014\\\/#breadcrumb\",\"itemListElement\":[{\"@type\":\"ListItem\",\"position\":1,\"name\":\"Home\",\"item\":\"https:\\\/\\\/www.immobilienbusiness.ch\\\/\"},{\"@type\":\"ListItem\",\"position\":2,\"name\":\"Shop\",\"item\":\"https:\\\/\\\/www.immobilienbusiness.ch\\\/en\\\/shop\\\/\"},{\"@type\":\"ListItem\",\"position\":3,\"name\":\"Immobilien Business Ausgabe 4\\\/2014\"}]},{\"@type\":\"WebSite\",\"@id\":\"https:\\\/\\\/www.immobilienbusiness.ch\\\/#website\",\"url\":\"https:\\\/\\\/www.immobilienbusiness.ch\\\/\",\"name\":\"IMMOBILIEN Business\",\"description\":\"Unabh\u00e4ngiges Schweizer Wirtschaftsmagazin mit Fokus auf Immobilien, Architektur- und Bau sowie Investment- und Finanzierung.\",\"publisher\":{\"@id\":\"https:\\\/\\\/www.immobilienbusiness.ch\\\/#organization\"},\"potentialAction\":[{\"@type\":\"SearchAction\",\"target\":{\"@type\":\"EntryPoint\",\"urlTemplate\":\"https:\\\/\\\/www.immobilienbusiness.ch\\\/?s={search_term_string}\"},\"query-input\":{\"@type\":\"PropertyValueSpecification\",\"valueRequired\":true,\"valueName\":\"search_term_string\"}}],\"inLanguage\":\"fr-FR\"},{\"@type\":\"Organization\",\"@id\":\"https:\\\/\\\/www.immobilienbusiness.ch\\\/#organization\",\"name\":\"IMMOBILIEN Business\",\"url\":\"https:\\\/\\\/www.immobilienbusiness.ch\\\/\",\"logo\":{\"@type\":\"ImageObject\",\"inLanguage\":\"fr-FR\",\"@id\":\"https:\\\/\\\/www.immobilienbusiness.ch\\\/#\\\/schema\\\/logo\\\/image\\\/\",\"url\":\"https:\\\/\\\/www.immobilienbusiness.ch\\\/wp-content\\\/uploads\\\/2021\\\/07\\\/logo_ib.png\",\"contentUrl\":\"https:\\\/\\\/www.immobilienbusiness.ch\\\/wp-content\\\/uploads\\\/2021\\\/07\\\/logo_ib.png\",\"width\":800,\"height\":181,\"caption\":\"IMMOBILIEN Business\"},\"image\":{\"@id\":\"https:\\\/\\\/www.immobilienbusiness.ch\\\/#\\\/schema\\\/logo\\\/image\\\/\"},\"sameAs\":[\"https:\\\/\\\/www.facebook.com\\\/immobilienbusiness\\\/\"]}]}<\/script>\n<!-- \/ Yoast SEO plugin. -->","yoast_head_json":{"title":"Immobilien Business Ausgabe 4\/2014 - IMMOBILIEN Business","description":"Recevez le magazine professionnel en langue allemande \"immobilienbusiness\" dans le num\u00e9ro 4\/2014 d'Immobilien Business en t\u00e9l\u00e9chargement PDF avec la table des mati\u00e8res suivante :","robots":{"index":"index","follow":"follow","max-snippet":"max-snippet:-1","max-image-preview":"max-image-preview:large","max-video-preview":"max-video-preview:-1"},"canonical":"https:\/\/www.immobilienbusiness.ch\/fr\/product\/immobilien-business-ausgabe-4-2014\/","og_locale":"fr_FR","og_type":"article","og_title":"Immobilien Business Ausgabe 4\/2014 - IMMOBILIEN Business","og_description":"Erhalte die deutschsprachige Fachzeitschrift \u00abimmobilienbusiness\u00bb in der Immobilien Business Ausgabe 4\/2014 als PDF-Download mit nachfolgendem Inhaltsverzeichnis:","og_url":"https:\/\/www.immobilienbusiness.ch\/fr\/product\/immobilien-business-ausgabe-4-2014\/","og_site_name":"IMMOBILIEN Business","article_publisher":"https:\/\/www.facebook.com\/immobilienbusiness\/","article_modified_time":"2026-02-17T14:58:50+00:00","og_image":[{"width":654,"height":370,"url":"https:\/\/www.immobilienbusiness.ch\/wp-content\/uploads\/2021\/07\/Immobilien-Business-Ausgabe-4-2014.png","type":"image\/png"}],"twitter_card":"summary_large_image","schema":{"@context":"https:\/\/schema.org","@graph":[{"@type":"WebPage","@id":"https:\/\/www.immobilienbusiness.ch\/produkt\/immobilien-business-ausgabe-4-2014\/","url":"https:\/\/www.immobilienbusiness.ch\/produkt\/immobilien-business-ausgabe-4-2014\/","name":"Immobilien Business Ausgabe 4\/2014 - IMMOBILIEN Business","isPartOf":{"@id":"https:\/\/www.immobilienbusiness.ch\/#website"},"primaryImageOfPage":{"@id":"https:\/\/www.immobilienbusiness.ch\/produkt\/immobilien-business-ausgabe-4-2014\/#primaryimage"},"image":{"@id":"https:\/\/www.immobilienbusiness.ch\/produkt\/immobilien-business-ausgabe-4-2014\/#primaryimage"},"thumbnailUrl":"https:\/\/www.immobilienbusiness.ch\/wp-content\/uploads\/2021\/07\/Immobilien-Business-Ausgabe-4-2014.png","datePublished":"2021-07-15T10:31:09+00:00","dateModified":"2026-02-17T14:58:50+00:00","description":"Recevez le magazine professionnel en langue allemande \"immobilienbusiness\" dans le num\u00e9ro 4\/2014 d'Immobilien Business en t\u00e9l\u00e9chargement PDF avec la table des mati\u00e8res suivante :","breadcrumb":{"@id":"https:\/\/www.immobilienbusiness.ch\/produkt\/immobilien-business-ausgabe-4-2014\/#breadcrumb"},"inLanguage":"fr-FR","potentialAction":[{"@type":"ReadAction","target":["https:\/\/www.immobilienbusiness.ch\/produkt\/immobilien-business-ausgabe-4-2014\/"]}]},{"@type":"ImageObject","inLanguage":"fr-FR","@id":"https:\/\/www.immobilienbusiness.ch\/produkt\/immobilien-business-ausgabe-4-2014\/#primaryimage","url":"https:\/\/www.immobilienbusiness.ch\/wp-content\/uploads\/2021\/07\/Immobilien-Business-Ausgabe-4-2014.png","contentUrl":"https:\/\/www.immobilienbusiness.ch\/wp-content\/uploads\/2021\/07\/Immobilien-Business-Ausgabe-4-2014.png","width":654,"height":370},{"@type":"BreadcrumbList","@id":"https:\/\/www.immobilienbusiness.ch\/produkt\/immobilien-business-ausgabe-4-2014\/#breadcrumb","itemListElement":[{"@type":"ListItem","position":1,"name":"Home","item":"https:\/\/www.immobilienbusiness.ch\/"},{"@type":"ListItem","position":2,"name":"Shop","item":"https:\/\/www.immobilienbusiness.ch\/en\/shop\/"},{"@type":"ListItem","position":3,"name":"Immobilien Business Ausgabe 4\/2014"}]},{"@type":"WebSite","@id":"https:\/\/www.immobilienbusiness.ch\/#website","url":"https:\/\/www.immobilienbusiness.ch\/","name":"IMMOBILIER Business","description":"Magazine \u00e9conomique suisse ind\u00e9pendant ax\u00e9 sur l'immobilier, l'architecture et la construction ainsi que sur les investissements et le financement.","publisher":{"@id":"https:\/\/www.immobilienbusiness.ch\/#organization"},"potentialAction":[{"@type":"SearchAction","target":{"@type":"EntryPoint","urlTemplate":"https:\/\/www.immobilienbusiness.ch\/?s={search_term_string}"},"query-input":{"@type":"PropertyValueSpecification","valueRequired":true,"valueName":"search_term_string"}}],"inLanguage":"fr-FR"},{"@type":"Organization","@id":"https:\/\/www.immobilienbusiness.ch\/#organization","name":"IMMOBILIER Business","url":"https:\/\/www.immobilienbusiness.ch\/","logo":{"@type":"ImageObject","inLanguage":"fr-FR","@id":"https:\/\/www.immobilienbusiness.ch\/#\/schema\/logo\/image\/","url":"https:\/\/www.immobilienbusiness.ch\/wp-content\/uploads\/2021\/07\/logo_ib.png","contentUrl":"https:\/\/www.immobilienbusiness.ch\/wp-content\/uploads\/2021\/07\/logo_ib.png","width":800,"height":181,"caption":"IMMOBILIEN Business"},"image":{"@id":"https:\/\/www.immobilienbusiness.ch\/#\/schema\/logo\/image\/"},"sameAs":["https:\/\/www.facebook.com\/immobilienbusiness\/"]}]}},"_links":{"self":[{"href":"https:\/\/www.immobilienbusiness.ch\/fr\/wp-json\/wp\/v2\/product\/37408","targetHints":{"allow":["GET"]}}],"collection":[{"href":"https:\/\/www.immobilienbusiness.ch\/fr\/wp-json\/wp\/v2\/product"}],"about":[{"href":"https:\/\/www.immobilienbusiness.ch\/fr\/wp-json\/wp\/v2\/types\/product"}],"wp:featuredmedia":[{"embeddable":true,"href":"https:\/\/www.immobilienbusiness.ch\/fr\/wp-json\/wp\/v2\/media\/37438"}],"wp:attachment":[{"href":"https:\/\/www.immobilienbusiness.ch\/fr\/wp-json\/wp\/v2\/media?parent=37408"}],"wp:term":[{"taxonomy":"product_brand","embeddable":true,"href":"https:\/\/www.immobilienbusiness.ch\/fr\/wp-json\/wp\/v2\/product_brand?post=37408"},{"taxonomy":"product_cat","embeddable":true,"href":"https:\/\/www.immobilienbusiness.ch\/fr\/wp-json\/wp\/v2\/product_cat?post=37408"},{"taxonomy":"product_tag","embeddable":true,"href":"https:\/\/www.immobilienbusiness.ch\/fr\/wp-json\/wp\/v2\/product_tag?post=37408"}],"curies":[{"name":"wp","href":"https:\/\/api.w.org\/{rel}","templated":true}]}}