{"id":37368,"date":"2021-07-15T12:30:48","date_gmt":"2021-07-15T10:30:48","guid":{"rendered":"https:\/\/www.immobilienbusiness.ch\/?post_type=product&#038;p=37368"},"modified":"2026-02-17T15:59:16","modified_gmt":"2026-02-17T14:59:16","slug":"immobilien-business-ausgabe-4-2015","status":"publish","type":"product","link":"https:\/\/www.immobilienbusiness.ch\/fr\/product\/immobilien-business-ausgabe-4-2015\/","title":{"rendered":"Num\u00e9ro 4\/2015 de Real Estate Business"},"content":{"rendered":"<h2>Nouvelles<\/h2>\n<ul>\n<li>CIFI : Premier prix de l'immobilier<\/li>\n<li>Migros Aar a d\u00e9cid\u00e9 de se lancer : Nouveau concept de restauration<\/li>\n<li>Personnel : EPRA (PSP) Alfred M\u00fcller<\/li>\n<li>Arosa : d\u00e9but de la construction du projet Valsana<\/li>\n<li>Davos : fonctionnement saisonnier de l'h\u00f4tel Intercontinental<\/li>\n<li>Personnel : Mobimo\/Implenia<\/li>\n<li>alaCasa.ch : \u00c9tude sur le logement de r\u00eave 2015<\/li>\n<li>Lucerne : nouveaux projets de logement<\/li>\n<li>Implenia : nouvelles commandes de projets<\/li>\n<li>Personnel : ISS\/Acron\/Allreal<\/li>\n<li>Hampton by Hilton : nouvel h\u00f4tel \u00e0 Berlin<\/li>\n<li>Le M\u00e9ridien Munich : Nouveau propri\u00e9taire<\/li>\n<li>Union Investment : Achats \u00e0 Helsinki<\/li>\n<li>Portopiccolo : un h\u00f4tel de luxe sur la ligne de d\u00e9part<\/li>\n<li>Victoria's Secret : expansion en Chine<\/li>\n<li>Deka Immobilien : D\u00e9sinvestissement au Japon<\/li>\n<li>Ritz Carlton : entr\u00e9e sur le march\u00e9 australien<\/li>\n<\/ul>\n<h2>Tendances<\/h2>\n<ul>\n<li>Une envol\u00e9e pour le fonds immobilier<\/li>\n<li>La politique de taux d'int\u00e9r\u00eat de la BNS pousse les caisses de pension toujours plus vers l'immobilier<\/li>\n<li>Chronique : Politique mon\u00e9taire et caisses de pension<\/li>\n<\/ul>\n<h2>March\u00e9s et investissements<\/h2>\n<ul>\n<li>Le prix \u00e9lev\u00e9 de la s\u00e9curit\u00e9 Les couvertures de devises deviennent plus ch\u00e8res<\/li>\n<\/ul>\n<h2>Titre Sujet<\/h2>\n<ul>\n<li>Un financement innovant pour la construction d'h\u00f4pitaux en Suisse<\/li>\n<li>Le secteur de l'investissement immobilier d\u00e9couvre \"l'emprunt hospitalier\".<\/li>\n<li>Plus de courage pour la niche<\/li>\n<\/ul>\n<h2>R\u00e9gions et projets<\/h2>\n<ul>\n<li>De nouveaux signes pour la Suisse romande<\/li>\n<li>Malgr\u00e9 des prix \u00e9lev\u00e9s, les march\u00e9s immobiliers de Suisse romande restent dans la ligne de mire des investisseurs<\/li>\n<li>D\u00e9veloppements urbains en Suisse romande<\/li>\n<\/ul>\n<h2>Gestion d'actifs et de portefeuilles<\/h2>\n<ul>\n<li>Gos et no-gos pour les projets de d\u00e9veloppement Mobimo veut investir massivement dans des projets de d\u00e9veloppement au cours des prochaines ann\u00e9es - et suit pour cela des strat\u00e9gies de placement claires<\/li>\n<\/ul>\n<h2>R\u00e9sidentiel<\/h2>\n<ul>\n<li>La temp\u00eate parfaite Dans les cantons de montagne, le secteur de la construction et de l'immobilier est confront\u00e9 \u00e0 de grands d\u00e9fis<\/li>\n<\/ul>\n<h2>Service<\/h2>\n<ul>\n<li>Maison des \u00e9l\u00e9phants au zoo de Zurich avec Ulrich<\/li>\n<li>Prix de l'ing\u00e9nierie de Finsterwalder r\u00e9compens\u00e9<\/li>\n<li>Critiques<\/li>\n<li>Colonne : le point de vue de Breiner<\/li>\n<li>Lobbying - \"D'une seule voix<\/li>\n<li>MIPIM 2015 - une r\u00e9trospective<\/li>\n<li>La ZWG cr\u00e9e de nouvelles r\u00e8gles pour la construction de r\u00e9sidences secondaires<\/li>\n<li>Agenda<\/li>\n<li>Loyers demand\u00e9s<\/li>\n<\/ul>\n<h2>March\u00e9s \u00e9trangers<\/h2>\n<ul>\n<li>Un grand projet avec l'amour du d\u00e9tail<\/li>\n<li>La nouvelle City Life de Milan se distingue par une approche urbanistique r\u00e9ussie - et par son \u00e9l\u00e9gance<\/li>\n<\/ul>\n<h2>March\u00e9s financiers immobiliers<\/h2>\n<ul>\n<li>L'interview du mois :<\/li>\n<li>Urs R\u00fcdin, Banque Notenstein<\/li>\n<li>CS RE Interswiss : de l'argent frais<\/li>\n<li>Immo Helvetic : Augmentation de capital<\/li>\n<li>ImmobilienWerte Hamburg : Bon r\u00e9sultat<\/li>\n<li>IVG : Nouveau contrat pour Bilfinger RE<\/li>\n<li>BNPPRE (D) : Nouveau fonds sp\u00e9cial<\/li>\n<li>Union Investment : acquisition \u00e0 Vienne<\/li>\n<li>SPS Swiss Prime Site a bien progress\u00e9 : En bonne voie<\/li>\n<li>HIAG Immobilier : Moins de b\u00e9n\u00e9fices<\/li>\n<li>Hypo Alpe Adria :<\/li>\n<li>D\u00e9j\u00e0-vu d'une ann\u00e9e catastrophique<\/li>\n<li>Chronique : \u00c9missions sur plan<\/li>\n<li>WCM : retour sur sc\u00e8ne<\/li>\n<li>Cordea Savills : acquisition de SEBAM<\/li>\n<li>BNPPRE : Quint \u00e0 bord<\/li>\n<li>Savills : top supermarque<\/li>\n<li>Final Performer : Zug Estates<\/li>\n<\/ul>","protected":false},"excerpt":{"rendered":"<p>Re\u00e7ois la revue sp\u00e9cialis\u00e9e en langue allemande \"immobilienbusiness\" dans l'\u00e9dition 4\/2015 de Immobilien Business en t\u00e9l\u00e9chargement PDF avec la table des mati\u00e8res ci-dessous :<\/p>","protected":false},"featured_media":37404,"template":"","meta":{"_acf_changed":false,"pgc_sgb_lightbox_settings":""},"product_brand":[],"product_cat":[921],"product_tag":[929],"class_list":{"0":"post-37368","1":"product","2":"type-product","3":"status-publish","4":"has-post-thumbnail","6":"product_cat-einzelausgaben","7":"product_tag-929","9":"first","10":"instock","11":"downloadable","12":"virtual","13":"taxable","14":"purchasable","15":"product-type-simple"},"acf":[],"yoast_head":"<!-- This site is optimized with the Yoast SEO plugin v27.4 - https:\/\/yoast.com\/product\/yoast-seo-wordpress\/ -->\n<title>Immobilien Business Ausgabe 4\/2015 - IMMOBILIEN Business<\/title>\n<meta name=\"description\" content=\"Erhalte die deutschsprachige Fachzeitschrift \u00abimmobilienbusiness\u00bb in der Immobilien Business Ausgabe 4\/2015 als PDF-Download mit nachfolgendem Inhaltsverzeichnis:\" \/>\n<meta name=\"robots\" content=\"index, follow, max-snippet:-1, max-image-preview:large, max-video-preview:-1\" \/>\n<link rel=\"canonical\" href=\"https:\/\/www.immobilienbusiness.ch\/fr\/product\/immobilien-business-ausgabe-4-2015\/\" \/>\n<meta property=\"og:locale\" content=\"fr_FR\" \/>\n<meta property=\"og:type\" content=\"article\" \/>\n<meta property=\"og:title\" content=\"Immobilien Business Ausgabe 4\/2015 - IMMOBILIEN Business\" \/>\n<meta property=\"og:description\" content=\"Erhalte die deutschsprachige Fachzeitschrift \u00abimmobilienbusiness\u00bb in der Immobilien Business Ausgabe 4\/2015 als PDF-Download mit nachfolgendem Inhaltsverzeichnis:\" \/>\n<meta property=\"og:url\" content=\"https:\/\/www.immobilienbusiness.ch\/fr\/product\/immobilien-business-ausgabe-4-2015\/\" \/>\n<meta property=\"og:site_name\" content=\"IMMOBILIEN Business\" \/>\n<meta property=\"article:publisher\" content=\"https:\/\/www.facebook.com\/immobilienbusiness\/\" \/>\n<meta property=\"article:modified_time\" content=\"2026-02-17T14:59:16+00:00\" \/>\n<meta property=\"og:image\" content=\"https:\/\/www.immobilienbusiness.ch\/wp-content\/uploads\/2021\/07\/Immobilien-Business-Ausgabe-4-2015.png\" \/>\n\t<meta property=\"og:image:width\" content=\"654\" \/>\n\t<meta property=\"og:image:height\" content=\"370\" \/>\n\t<meta property=\"og:image:type\" content=\"image\/png\" \/>\n<meta name=\"twitter:card\" content=\"summary_large_image\" \/>\n<script type=\"application\/ld+json\" class=\"yoast-schema-graph\">{\"@context\":\"https:\\\/\\\/schema.org\",\"@graph\":[{\"@type\":\"WebPage\",\"@id\":\"https:\\\/\\\/www.immobilienbusiness.ch\\\/produkt\\\/immobilien-business-ausgabe-4-2015\\\/\",\"url\":\"https:\\\/\\\/www.immobilienbusiness.ch\\\/produkt\\\/immobilien-business-ausgabe-4-2015\\\/\",\"name\":\"Immobilien Business Ausgabe 4\\\/2015 - IMMOBILIEN Business\",\"isPartOf\":{\"@id\":\"https:\\\/\\\/www.immobilienbusiness.ch\\\/#website\"},\"primaryImageOfPage\":{\"@id\":\"https:\\\/\\\/www.immobilienbusiness.ch\\\/produkt\\\/immobilien-business-ausgabe-4-2015\\\/#primaryimage\"},\"image\":{\"@id\":\"https:\\\/\\\/www.immobilienbusiness.ch\\\/produkt\\\/immobilien-business-ausgabe-4-2015\\\/#primaryimage\"},\"thumbnailUrl\":\"https:\\\/\\\/www.immobilienbusiness.ch\\\/wp-content\\\/uploads\\\/2021\\\/07\\\/Immobilien-Business-Ausgabe-4-2015.png\",\"datePublished\":\"2021-07-15T10:30:48+00:00\",\"dateModified\":\"2026-02-17T14:59:16+00:00\",\"description\":\"Erhalte die deutschsprachige Fachzeitschrift \u00abimmobilienbusiness\u00bb in der Immobilien Business Ausgabe 4\\\/2015 als PDF-Download mit nachfolgendem Inhaltsverzeichnis:\",\"breadcrumb\":{\"@id\":\"https:\\\/\\\/www.immobilienbusiness.ch\\\/produkt\\\/immobilien-business-ausgabe-4-2015\\\/#breadcrumb\"},\"inLanguage\":\"fr-FR\",\"potentialAction\":[{\"@type\":\"ReadAction\",\"target\":[\"https:\\\/\\\/www.immobilienbusiness.ch\\\/produkt\\\/immobilien-business-ausgabe-4-2015\\\/\"]}]},{\"@type\":\"ImageObject\",\"inLanguage\":\"fr-FR\",\"@id\":\"https:\\\/\\\/www.immobilienbusiness.ch\\\/produkt\\\/immobilien-business-ausgabe-4-2015\\\/#primaryimage\",\"url\":\"https:\\\/\\\/www.immobilienbusiness.ch\\\/wp-content\\\/uploads\\\/2021\\\/07\\\/Immobilien-Business-Ausgabe-4-2015.png\",\"contentUrl\":\"https:\\\/\\\/www.immobilienbusiness.ch\\\/wp-content\\\/uploads\\\/2021\\\/07\\\/Immobilien-Business-Ausgabe-4-2015.png\",\"width\":654,\"height\":370},{\"@type\":\"BreadcrumbList\",\"@id\":\"https:\\\/\\\/www.immobilienbusiness.ch\\\/produkt\\\/immobilien-business-ausgabe-4-2015\\\/#breadcrumb\",\"itemListElement\":[{\"@type\":\"ListItem\",\"position\":1,\"name\":\"Home\",\"item\":\"https:\\\/\\\/www.immobilienbusiness.ch\\\/\"},{\"@type\":\"ListItem\",\"position\":2,\"name\":\"Shop\",\"item\":\"https:\\\/\\\/www.immobilienbusiness.ch\\\/en\\\/shop\\\/\"},{\"@type\":\"ListItem\",\"position\":3,\"name\":\"Immobilien Business Ausgabe 4\\\/2015\"}]},{\"@type\":\"WebSite\",\"@id\":\"https:\\\/\\\/www.immobilienbusiness.ch\\\/#website\",\"url\":\"https:\\\/\\\/www.immobilienbusiness.ch\\\/\",\"name\":\"IMMOBILIEN Business\",\"description\":\"Unabh\u00e4ngiges Schweizer Wirtschaftsmagazin mit Fokus auf Immobilien, Architektur- und Bau sowie Investment- und Finanzierung.\",\"publisher\":{\"@id\":\"https:\\\/\\\/www.immobilienbusiness.ch\\\/#organization\"},\"potentialAction\":[{\"@type\":\"SearchAction\",\"target\":{\"@type\":\"EntryPoint\",\"urlTemplate\":\"https:\\\/\\\/www.immobilienbusiness.ch\\\/?s={search_term_string}\"},\"query-input\":{\"@type\":\"PropertyValueSpecification\",\"valueRequired\":true,\"valueName\":\"search_term_string\"}}],\"inLanguage\":\"fr-FR\"},{\"@type\":\"Organization\",\"@id\":\"https:\\\/\\\/www.immobilienbusiness.ch\\\/#organization\",\"name\":\"IMMOBILIEN Business\",\"url\":\"https:\\\/\\\/www.immobilienbusiness.ch\\\/\",\"logo\":{\"@type\":\"ImageObject\",\"inLanguage\":\"fr-FR\",\"@id\":\"https:\\\/\\\/www.immobilienbusiness.ch\\\/#\\\/schema\\\/logo\\\/image\\\/\",\"url\":\"https:\\\/\\\/www.immobilienbusiness.ch\\\/wp-content\\\/uploads\\\/2021\\\/07\\\/logo_ib.png\",\"contentUrl\":\"https:\\\/\\\/www.immobilienbusiness.ch\\\/wp-content\\\/uploads\\\/2021\\\/07\\\/logo_ib.png\",\"width\":800,\"height\":181,\"caption\":\"IMMOBILIEN Business\"},\"image\":{\"@id\":\"https:\\\/\\\/www.immobilienbusiness.ch\\\/#\\\/schema\\\/logo\\\/image\\\/\"},\"sameAs\":[\"https:\\\/\\\/www.facebook.com\\\/immobilienbusiness\\\/\"]}]}<\/script>\n<!-- \/ Yoast SEO plugin. -->","yoast_head_json":{"title":"Immobilien Business \u00e9dition 4\/2015 - IMMOBILIER Business","description":"Re\u00e7ois la revue sp\u00e9cialis\u00e9e en langue allemande \"immobilienbusiness\" dans l'\u00e9dition 4\/2015 de Immobilien Business en t\u00e9l\u00e9chargement PDF avec la table des mati\u00e8res ci-dessous :","robots":{"index":"index","follow":"follow","max-snippet":"max-snippet:-1","max-image-preview":"max-image-preview:large","max-video-preview":"max-video-preview:-1"},"canonical":"https:\/\/www.immobilienbusiness.ch\/fr\/product\/immobilien-business-ausgabe-4-2015\/","og_locale":"fr_FR","og_type":"article","og_title":"Immobilien Business Ausgabe 4\/2015 - IMMOBILIEN Business","og_description":"Erhalte die deutschsprachige Fachzeitschrift \u00abimmobilienbusiness\u00bb in der Immobilien Business Ausgabe 4\/2015 als PDF-Download mit nachfolgendem Inhaltsverzeichnis:","og_url":"https:\/\/www.immobilienbusiness.ch\/fr\/product\/immobilien-business-ausgabe-4-2015\/","og_site_name":"IMMOBILIEN Business","article_publisher":"https:\/\/www.facebook.com\/immobilienbusiness\/","article_modified_time":"2026-02-17T14:59:16+00:00","og_image":[{"width":654,"height":370,"url":"https:\/\/www.immobilienbusiness.ch\/wp-content\/uploads\/2021\/07\/Immobilien-Business-Ausgabe-4-2015.png","type":"image\/png"}],"twitter_card":"summary_large_image","schema":{"@context":"https:\/\/schema.org","@graph":[{"@type":"WebPage","@id":"https:\/\/www.immobilienbusiness.ch\/produkt\/immobilien-business-ausgabe-4-2015\/","url":"https:\/\/www.immobilienbusiness.ch\/produkt\/immobilien-business-ausgabe-4-2015\/","name":"Immobilien Business \u00e9dition 4\/2015 - IMMOBILIER Business","isPartOf":{"@id":"https:\/\/www.immobilienbusiness.ch\/#website"},"primaryImageOfPage":{"@id":"https:\/\/www.immobilienbusiness.ch\/produkt\/immobilien-business-ausgabe-4-2015\/#primaryimage"},"image":{"@id":"https:\/\/www.immobilienbusiness.ch\/produkt\/immobilien-business-ausgabe-4-2015\/#primaryimage"},"thumbnailUrl":"https:\/\/www.immobilienbusiness.ch\/wp-content\/uploads\/2021\/07\/Immobilien-Business-Ausgabe-4-2015.png","datePublished":"2021-07-15T10:30:48+00:00","dateModified":"2026-02-17T14:59:16+00:00","description":"Re\u00e7ois la revue sp\u00e9cialis\u00e9e en langue allemande \"immobilienbusiness\" dans l'\u00e9dition 4\/2015 de Immobilien Business en t\u00e9l\u00e9chargement PDF avec la table des mati\u00e8res ci-dessous :","breadcrumb":{"@id":"https:\/\/www.immobilienbusiness.ch\/produkt\/immobilien-business-ausgabe-4-2015\/#breadcrumb"},"inLanguage":"fr-FR","potentialAction":[{"@type":"ReadAction","target":["https:\/\/www.immobilienbusiness.ch\/produkt\/immobilien-business-ausgabe-4-2015\/"]}]},{"@type":"ImageObject","inLanguage":"fr-FR","@id":"https:\/\/www.immobilienbusiness.ch\/produkt\/immobilien-business-ausgabe-4-2015\/#primaryimage","url":"https:\/\/www.immobilienbusiness.ch\/wp-content\/uploads\/2021\/07\/Immobilien-Business-Ausgabe-4-2015.png","contentUrl":"https:\/\/www.immobilienbusiness.ch\/wp-content\/uploads\/2021\/07\/Immobilien-Business-Ausgabe-4-2015.png","width":654,"height":370},{"@type":"BreadcrumbList","@id":"https:\/\/www.immobilienbusiness.ch\/produkt\/immobilien-business-ausgabe-4-2015\/#breadcrumb","itemListElement":[{"@type":"ListItem","position":1,"name":"Home","item":"https:\/\/www.immobilienbusiness.ch\/"},{"@type":"ListItem","position":2,"name":"Shop","item":"https:\/\/www.immobilienbusiness.ch\/en\/shop\/"},{"@type":"ListItem","position":3,"name":"Immobilien Business Ausgabe 4\/2015"}]},{"@type":"WebSite","@id":"https:\/\/www.immobilienbusiness.ch\/#website","url":"https:\/\/www.immobilienbusiness.ch\/","name":"IMMOBILIER Business","description":"Magazine \u00e9conomique suisse ind\u00e9pendant ax\u00e9 sur l'immobilier, l'architecture et la construction ainsi que sur les investissements et le financement.","publisher":{"@id":"https:\/\/www.immobilienbusiness.ch\/#organization"},"potentialAction":[{"@type":"SearchAction","target":{"@type":"EntryPoint","urlTemplate":"https:\/\/www.immobilienbusiness.ch\/?s={search_term_string}"},"query-input":{"@type":"PropertyValueSpecification","valueRequired":true,"valueName":"search_term_string"}}],"inLanguage":"fr-FR"},{"@type":"Organization","@id":"https:\/\/www.immobilienbusiness.ch\/#organization","name":"IMMOBILIER Business","url":"https:\/\/www.immobilienbusiness.ch\/","logo":{"@type":"ImageObject","inLanguage":"fr-FR","@id":"https:\/\/www.immobilienbusiness.ch\/#\/schema\/logo\/image\/","url":"https:\/\/www.immobilienbusiness.ch\/wp-content\/uploads\/2021\/07\/logo_ib.png","contentUrl":"https:\/\/www.immobilienbusiness.ch\/wp-content\/uploads\/2021\/07\/logo_ib.png","width":800,"height":181,"caption":"IMMOBILIEN Business"},"image":{"@id":"https:\/\/www.immobilienbusiness.ch\/#\/schema\/logo\/image\/"},"sameAs":["https:\/\/www.facebook.com\/immobilienbusiness\/"]}]}},"_links":{"self":[{"href":"https:\/\/www.immobilienbusiness.ch\/fr\/wp-json\/wp\/v2\/product\/37368","targetHints":{"allow":["GET"]}}],"collection":[{"href":"https:\/\/www.immobilienbusiness.ch\/fr\/wp-json\/wp\/v2\/product"}],"about":[{"href":"https:\/\/www.immobilienbusiness.ch\/fr\/wp-json\/wp\/v2\/types\/product"}],"wp:featuredmedia":[{"embeddable":true,"href":"https:\/\/www.immobilienbusiness.ch\/fr\/wp-json\/wp\/v2\/media\/37404"}],"wp:attachment":[{"href":"https:\/\/www.immobilienbusiness.ch\/fr\/wp-json\/wp\/v2\/media?parent=37368"}],"wp:term":[{"taxonomy":"product_brand","embeddable":true,"href":"https:\/\/www.immobilienbusiness.ch\/fr\/wp-json\/wp\/v2\/product_brand?post=37368"},{"taxonomy":"product_cat","embeddable":true,"href":"https:\/\/www.immobilienbusiness.ch\/fr\/wp-json\/wp\/v2\/product_cat?post=37368"},{"taxonomy":"product_tag","embeddable":true,"href":"https:\/\/www.immobilienbusiness.ch\/fr\/wp-json\/wp\/v2\/product_tag?post=37368"}],"curies":[{"name":"wp","href":"https:\/\/api.w.org\/{rel}","templated":true}]}}