{"id":37358,"date":"2021-07-15T12:30:48","date_gmt":"2021-07-15T10:30:48","guid":{"rendered":"https:\/\/www.immobilienbusiness.ch\/?post_type=product&#038;p=37358"},"modified":"2026-02-17T15:59:14","modified_gmt":"2026-02-17T14:59:14","slug":"immobilien-business-ausgabe-1-2-2016","status":"publish","type":"product","link":"https:\/\/www.immobilienbusiness.ch\/fr\/product\/immobilien-business-ausgabe-1-2-2016\/","title":{"rendered":"Real Estate Business Issue 1-2\/2016"},"content":{"rendered":"<h2>Nouvelles<\/h2>\n<ul>\n<li>Lausanne : le quartier des mus\u00e9es en route<\/li>\n<li>B\u00e2le-Ville : des records dans la construction de logements<\/li>\n<li>Personnel : CBRE ; Livit<\/li>\n<li>Bienne : une friche industrielle devient un quartier urbain<\/li>\n<li>Nouvelle association fa\u00eeti\u00e8re : Bauen Digital Schweiz<\/li>\n<li>Personnel : Pax Anlage AG ; PSP AG<\/li>\n<li>La ville de B\u00fclach : D\u00e9but des travaux pour le projet d'Allreal en vue<\/li>\n<li>CIFI SA : Real Estate Investment Awards 2016<\/li>\n<li>Personnel : SPG Intercity, W\u00fcest&amp;Partner (D)<\/li>\n<li>Lucerne : lifting pour le Sentihof<\/li>\n<li>Switzerland Innovation : Une nouvelle \u00e9tape<\/li>\n<li>Personalia : Swiss Prime Site AG, Plazza AG<\/li>\n<\/ul>\n<h2>Tendances<\/h2>\n<ul>\n<li>Ensemble vers le succ\u00e8s<\/li>\n<li>Les deals de club deviennent \u00e0 la mode<\/li>\n<li>Nouvelles : Acron investit \u00e0 Atlanta<\/li>\n<\/ul>\n<h2>March\u00e9s et investissements<\/h2>\n<ul>\n<li>L'immobilier est incontournable en 2016<\/li>\n<li>La demande de biens immobiliers se maintient ; les segments de niche sont particuli\u00e8rement demand\u00e9s<\/li>\n<li>Chronique : Tout est comme avant<\/li>\n<li>Entretien avec Stephan Schanz, Aberdeen Asset Management<\/li>\n<\/ul>\n<h2>Titre Sujet<\/h2>\n<ul>\n<li>L'immobilier reste en point de mire Pr\u00e9visions des professionnels suisses pour l'ann\u00e9e immobili\u00e8re 2016<\/li>\n<li>Message : EY Trendbarometer Real Estate<\/li>\n<li>Message : Etude JLL sur le march\u00e9 suisse des bureaux<\/li>\n<\/ul>\n<h2>Gestion d'actifs et de portefeuilles<\/h2>\n<ul>\n<li>Loin du Big Data Crit\u00e8res de r\u00e9ussite pour l'utilisation d'outils num\u00e9riques<\/li>\n<li>La liste L\u00fcnendonk d\u00e9sormais disponible pour la Suisse<\/li>\n<\/ul>\n<h2>Architecture et d\u00e9veloppement du site<\/h2>\n<ul>\n<li>De grands projets pour le \"Palais des Nations\" R\u00e9novation en vue du si\u00e8ge de l'ONU \u00e0 Gen\u00e8ve<\/li>\n<\/ul>\n<h2>R\u00e9sidentiel<\/h2>\n<ul>\n<li>Noble ne vaut pas la peine<\/li>\n<li>La demande de biens immobiliers de luxe continue de baisser<\/li>\n<li>Des stars du rendement avec des d\u00e9fauts<\/li>\n<li>R\u00e9sultats du Focus UBS Real Estate<\/li>\n<\/ul>\n<h2>Service<\/h2>\n<ul>\n<li>Agenda\/R\u00e9trospective Swissbau<\/li>\n<li>Loyers demand\u00e9s<\/li>\n<li>Rapport du congr\u00e8s Digit!mmo.16<\/li>\n<\/ul>\n<h2>March\u00e9s \u00e9trangers<\/h2>\n<ul>\n<li>Dommages collat\u00e9raux Les crises politiques en Europe de l'Est laissent des traces sur les march\u00e9s immobiliers autrichiens<\/li>\n<li>Nouvelles : Marazzi+Paul construisent \u00e0 Vienne<\/li>\n<\/ul>\n<h2>March\u00e9s financiers immobiliers<\/h2>\n<ul>\n<li>L'interview du mois :<\/li>\n<li>Andreas H\u00e4mmerli, Mobimo<\/li>\n<li>Procimmo SCF2 : un rendement de placement stable<\/li>\n<li>AFIAA : bon r\u00e9sultat<\/li>\n<li>CS AST : Topdeal \u00e0 Berlin<\/li>\n<li>Patrimonium SREF : augmentation de capital<\/li>\n<li>Novavest : investissement \u00e0 Berne<\/li>\n<li>SPS : toujours sur la voie de l'expansion<\/li>\n<li>Chronique : Et demain ?<\/li>\n<li>Swiss Life AG : En Allemagne<\/li>\n<li>en tourn\u00e9e d'achat<\/li>\n<li>Triuva : acquisitions \u00e0 Milan et Amsterdam<\/li>\n<li>Allianz : premier investissement en Slovaquie<\/li>\n<li>LaSalle : Le temps d'une assurance-cycle<\/li>\n<li>Schroders : pole position \u00e0 Helsinki<\/li>\n<li>Final Performer : Procimmo<\/li>\n<\/ul>","protected":false},"excerpt":{"rendered":"<p>Re\u00e7ois la revue sp\u00e9cialis\u00e9e en langue allemande \"immobilienbusiness\" dans l'\u00e9dition 1-2\/2016 de Immobilien Business en t\u00e9l\u00e9chargement PDF avec la table des mati\u00e8res ci-dessous :<\/p>","protected":false},"featured_media":37394,"template":"","meta":{"_acf_changed":false,"pgc_sgb_lightbox_settings":""},"product_brand":[],"product_cat":[921],"product_tag":[928],"class_list":{"0":"post-37358","1":"product","2":"type-product","3":"status-publish","4":"has-post-thumbnail","6":"product_cat-einzelausgaben","7":"product_tag-928","9":"first","10":"instock","11":"downloadable","12":"virtual","13":"taxable","14":"purchasable","15":"product-type-simple"},"acf":[],"yoast_head":"<!-- This site is optimized with the Yoast SEO plugin v27.4 - https:\/\/yoast.com\/product\/yoast-seo-wordpress\/ -->\n<title>Immobilien Business Ausgabe 1-2\/2016 - IMMOBILIEN Business<\/title>\n<meta name=\"description\" content=\"Erhalte die deutschsprachige Fachzeitschrift \u00abimmobilienbusiness\u00bb in der Immobilien Business Ausgabe 1-2\/2016 als PDF-Download mit nachfolgendem Inhaltsverzeichnis:\" \/>\n<meta name=\"robots\" content=\"index, follow, max-snippet:-1, max-image-preview:large, max-video-preview:-1\" \/>\n<link rel=\"canonical\" href=\"https:\/\/www.immobilienbusiness.ch\/fr\/product\/immobilien-business-ausgabe-1-2-2016\/\" \/>\n<meta property=\"og:locale\" content=\"fr_FR\" \/>\n<meta property=\"og:type\" content=\"article\" \/>\n<meta property=\"og:title\" content=\"Immobilien Business Ausgabe 1-2\/2016 - IMMOBILIEN Business\" \/>\n<meta property=\"og:description\" content=\"Erhalte die deutschsprachige Fachzeitschrift \u00abimmobilienbusiness\u00bb in der Immobilien Business Ausgabe 1-2\/2016 als PDF-Download mit nachfolgendem Inhaltsverzeichnis:\" \/>\n<meta property=\"og:url\" content=\"https:\/\/www.immobilienbusiness.ch\/fr\/product\/immobilien-business-ausgabe-1-2-2016\/\" \/>\n<meta property=\"og:site_name\" content=\"IMMOBILIEN Business\" \/>\n<meta property=\"article:publisher\" content=\"https:\/\/www.facebook.com\/immobilienbusiness\/\" \/>\n<meta property=\"article:modified_time\" content=\"2026-02-17T14:59:14+00:00\" \/>\n<meta property=\"og:image\" content=\"https:\/\/www.immobilienbusiness.ch\/wp-content\/uploads\/2021\/07\/Immobilien-Business-Ausgabe-1-2-2016.png\" \/>\n\t<meta property=\"og:image:width\" content=\"654\" \/>\n\t<meta property=\"og:image:height\" content=\"370\" \/>\n\t<meta property=\"og:image:type\" content=\"image\/png\" \/>\n<meta name=\"twitter:card\" content=\"summary_large_image\" \/>\n<script type=\"application\/ld+json\" class=\"yoast-schema-graph\">{\"@context\":\"https:\\\/\\\/schema.org\",\"@graph\":[{\"@type\":\"WebPage\",\"@id\":\"https:\\\/\\\/www.immobilienbusiness.ch\\\/produkt\\\/immobilien-business-ausgabe-1-2-2016\\\/\",\"url\":\"https:\\\/\\\/www.immobilienbusiness.ch\\\/produkt\\\/immobilien-business-ausgabe-1-2-2016\\\/\",\"name\":\"Immobilien Business Ausgabe 1-2\\\/2016 - IMMOBILIEN Business\",\"isPartOf\":{\"@id\":\"https:\\\/\\\/www.immobilienbusiness.ch\\\/#website\"},\"primaryImageOfPage\":{\"@id\":\"https:\\\/\\\/www.immobilienbusiness.ch\\\/produkt\\\/immobilien-business-ausgabe-1-2-2016\\\/#primaryimage\"},\"image\":{\"@id\":\"https:\\\/\\\/www.immobilienbusiness.ch\\\/produkt\\\/immobilien-business-ausgabe-1-2-2016\\\/#primaryimage\"},\"thumbnailUrl\":\"https:\\\/\\\/www.immobilienbusiness.ch\\\/wp-content\\\/uploads\\\/2021\\\/07\\\/Immobilien-Business-Ausgabe-1-2-2016.png\",\"datePublished\":\"2021-07-15T10:30:48+00:00\",\"dateModified\":\"2026-02-17T14:59:14+00:00\",\"description\":\"Erhalte die deutschsprachige Fachzeitschrift \u00abimmobilienbusiness\u00bb in der Immobilien Business Ausgabe 1-2\\\/2016 als PDF-Download mit nachfolgendem Inhaltsverzeichnis:\",\"breadcrumb\":{\"@id\":\"https:\\\/\\\/www.immobilienbusiness.ch\\\/produkt\\\/immobilien-business-ausgabe-1-2-2016\\\/#breadcrumb\"},\"inLanguage\":\"fr-FR\",\"potentialAction\":[{\"@type\":\"ReadAction\",\"target\":[\"https:\\\/\\\/www.immobilienbusiness.ch\\\/produkt\\\/immobilien-business-ausgabe-1-2-2016\\\/\"]}]},{\"@type\":\"ImageObject\",\"inLanguage\":\"fr-FR\",\"@id\":\"https:\\\/\\\/www.immobilienbusiness.ch\\\/produkt\\\/immobilien-business-ausgabe-1-2-2016\\\/#primaryimage\",\"url\":\"https:\\\/\\\/www.immobilienbusiness.ch\\\/wp-content\\\/uploads\\\/2021\\\/07\\\/Immobilien-Business-Ausgabe-1-2-2016.png\",\"contentUrl\":\"https:\\\/\\\/www.immobilienbusiness.ch\\\/wp-content\\\/uploads\\\/2021\\\/07\\\/Immobilien-Business-Ausgabe-1-2-2016.png\",\"width\":654,\"height\":370},{\"@type\":\"BreadcrumbList\",\"@id\":\"https:\\\/\\\/www.immobilienbusiness.ch\\\/produkt\\\/immobilien-business-ausgabe-1-2-2016\\\/#breadcrumb\",\"itemListElement\":[{\"@type\":\"ListItem\",\"position\":1,\"name\":\"Home\",\"item\":\"https:\\\/\\\/www.immobilienbusiness.ch\\\/\"},{\"@type\":\"ListItem\",\"position\":2,\"name\":\"Shop\",\"item\":\"https:\\\/\\\/www.immobilienbusiness.ch\\\/en\\\/shop\\\/\"},{\"@type\":\"ListItem\",\"position\":3,\"name\":\"Immobilien Business Ausgabe 1-2\\\/2016\"}]},{\"@type\":\"WebSite\",\"@id\":\"https:\\\/\\\/www.immobilienbusiness.ch\\\/#website\",\"url\":\"https:\\\/\\\/www.immobilienbusiness.ch\\\/\",\"name\":\"IMMOBILIEN Business\",\"description\":\"Unabh\u00e4ngiges Schweizer Wirtschaftsmagazin mit Fokus auf Immobilien, Architektur- und Bau sowie Investment- und Finanzierung.\",\"publisher\":{\"@id\":\"https:\\\/\\\/www.immobilienbusiness.ch\\\/#organization\"},\"potentialAction\":[{\"@type\":\"SearchAction\",\"target\":{\"@type\":\"EntryPoint\",\"urlTemplate\":\"https:\\\/\\\/www.immobilienbusiness.ch\\\/?s={search_term_string}\"},\"query-input\":{\"@type\":\"PropertyValueSpecification\",\"valueRequired\":true,\"valueName\":\"search_term_string\"}}],\"inLanguage\":\"fr-FR\"},{\"@type\":\"Organization\",\"@id\":\"https:\\\/\\\/www.immobilienbusiness.ch\\\/#organization\",\"name\":\"IMMOBILIEN Business\",\"url\":\"https:\\\/\\\/www.immobilienbusiness.ch\\\/\",\"logo\":{\"@type\":\"ImageObject\",\"inLanguage\":\"fr-FR\",\"@id\":\"https:\\\/\\\/www.immobilienbusiness.ch\\\/#\\\/schema\\\/logo\\\/image\\\/\",\"url\":\"https:\\\/\\\/www.immobilienbusiness.ch\\\/wp-content\\\/uploads\\\/2021\\\/07\\\/logo_ib.png\",\"contentUrl\":\"https:\\\/\\\/www.immobilienbusiness.ch\\\/wp-content\\\/uploads\\\/2021\\\/07\\\/logo_ib.png\",\"width\":800,\"height\":181,\"caption\":\"IMMOBILIEN Business\"},\"image\":{\"@id\":\"https:\\\/\\\/www.immobilienbusiness.ch\\\/#\\\/schema\\\/logo\\\/image\\\/\"},\"sameAs\":[\"https:\\\/\\\/www.facebook.com\\\/immobilienbusiness\\\/\"]}]}<\/script>\n<!-- \/ Yoast SEO plugin. -->","yoast_head_json":{"title":"Immobilien Business \u00c9dition 1-2\/2016 - IMMOBILIER Business","description":"Re\u00e7ois la revue sp\u00e9cialis\u00e9e en langue allemande \"immobilienbusiness\" dans l'\u00e9dition 1-2\/2016 de Immobilien Business en t\u00e9l\u00e9chargement PDF avec la table des mati\u00e8res ci-dessous :","robots":{"index":"index","follow":"follow","max-snippet":"max-snippet:-1","max-image-preview":"max-image-preview:large","max-video-preview":"max-video-preview:-1"},"canonical":"https:\/\/www.immobilienbusiness.ch\/fr\/product\/immobilien-business-ausgabe-1-2-2016\/","og_locale":"fr_FR","og_type":"article","og_title":"Immobilien Business Ausgabe 1-2\/2016 - IMMOBILIEN Business","og_description":"Erhalte die deutschsprachige Fachzeitschrift \u00abimmobilienbusiness\u00bb in der Immobilien Business Ausgabe 1-2\/2016 als PDF-Download mit nachfolgendem Inhaltsverzeichnis:","og_url":"https:\/\/www.immobilienbusiness.ch\/fr\/product\/immobilien-business-ausgabe-1-2-2016\/","og_site_name":"IMMOBILIEN Business","article_publisher":"https:\/\/www.facebook.com\/immobilienbusiness\/","article_modified_time":"2026-02-17T14:59:14+00:00","og_image":[{"width":654,"height":370,"url":"https:\/\/www.immobilienbusiness.ch\/wp-content\/uploads\/2021\/07\/Immobilien-Business-Ausgabe-1-2-2016.png","type":"image\/png"}],"twitter_card":"summary_large_image","schema":{"@context":"https:\/\/schema.org","@graph":[{"@type":"WebPage","@id":"https:\/\/www.immobilienbusiness.ch\/produkt\/immobilien-business-ausgabe-1-2-2016\/","url":"https:\/\/www.immobilienbusiness.ch\/produkt\/immobilien-business-ausgabe-1-2-2016\/","name":"Immobilien Business \u00c9dition 1-2\/2016 - IMMOBILIER Business","isPartOf":{"@id":"https:\/\/www.immobilienbusiness.ch\/#website"},"primaryImageOfPage":{"@id":"https:\/\/www.immobilienbusiness.ch\/produkt\/immobilien-business-ausgabe-1-2-2016\/#primaryimage"},"image":{"@id":"https:\/\/www.immobilienbusiness.ch\/produkt\/immobilien-business-ausgabe-1-2-2016\/#primaryimage"},"thumbnailUrl":"https:\/\/www.immobilienbusiness.ch\/wp-content\/uploads\/2021\/07\/Immobilien-Business-Ausgabe-1-2-2016.png","datePublished":"2021-07-15T10:30:48+00:00","dateModified":"2026-02-17T14:59:14+00:00","description":"Re\u00e7ois la revue sp\u00e9cialis\u00e9e en langue allemande \"immobilienbusiness\" dans l'\u00e9dition 1-2\/2016 de Immobilien Business en t\u00e9l\u00e9chargement PDF avec la table des mati\u00e8res ci-dessous :","breadcrumb":{"@id":"https:\/\/www.immobilienbusiness.ch\/produkt\/immobilien-business-ausgabe-1-2-2016\/#breadcrumb"},"inLanguage":"fr-FR","potentialAction":[{"@type":"ReadAction","target":["https:\/\/www.immobilienbusiness.ch\/produkt\/immobilien-business-ausgabe-1-2-2016\/"]}]},{"@type":"ImageObject","inLanguage":"fr-FR","@id":"https:\/\/www.immobilienbusiness.ch\/produkt\/immobilien-business-ausgabe-1-2-2016\/#primaryimage","url":"https:\/\/www.immobilienbusiness.ch\/wp-content\/uploads\/2021\/07\/Immobilien-Business-Ausgabe-1-2-2016.png","contentUrl":"https:\/\/www.immobilienbusiness.ch\/wp-content\/uploads\/2021\/07\/Immobilien-Business-Ausgabe-1-2-2016.png","width":654,"height":370},{"@type":"BreadcrumbList","@id":"https:\/\/www.immobilienbusiness.ch\/produkt\/immobilien-business-ausgabe-1-2-2016\/#breadcrumb","itemListElement":[{"@type":"ListItem","position":1,"name":"Home","item":"https:\/\/www.immobilienbusiness.ch\/"},{"@type":"ListItem","position":2,"name":"Shop","item":"https:\/\/www.immobilienbusiness.ch\/en\/shop\/"},{"@type":"ListItem","position":3,"name":"Immobilien Business Ausgabe 1-2\/2016"}]},{"@type":"WebSite","@id":"https:\/\/www.immobilienbusiness.ch\/#website","url":"https:\/\/www.immobilienbusiness.ch\/","name":"IMMOBILIER Business","description":"Magazine \u00e9conomique suisse ind\u00e9pendant ax\u00e9 sur l'immobilier, l'architecture et la construction ainsi que sur les investissements et le financement.","publisher":{"@id":"https:\/\/www.immobilienbusiness.ch\/#organization"},"potentialAction":[{"@type":"SearchAction","target":{"@type":"EntryPoint","urlTemplate":"https:\/\/www.immobilienbusiness.ch\/?s={search_term_string}"},"query-input":{"@type":"PropertyValueSpecification","valueRequired":true,"valueName":"search_term_string"}}],"inLanguage":"fr-FR"},{"@type":"Organization","@id":"https:\/\/www.immobilienbusiness.ch\/#organization","name":"IMMOBILIER Business","url":"https:\/\/www.immobilienbusiness.ch\/","logo":{"@type":"ImageObject","inLanguage":"fr-FR","@id":"https:\/\/www.immobilienbusiness.ch\/#\/schema\/logo\/image\/","url":"https:\/\/www.immobilienbusiness.ch\/wp-content\/uploads\/2021\/07\/logo_ib.png","contentUrl":"https:\/\/www.immobilienbusiness.ch\/wp-content\/uploads\/2021\/07\/logo_ib.png","width":800,"height":181,"caption":"IMMOBILIEN Business"},"image":{"@id":"https:\/\/www.immobilienbusiness.ch\/#\/schema\/logo\/image\/"},"sameAs":["https:\/\/www.facebook.com\/immobilienbusiness\/"]}]}},"_links":{"self":[{"href":"https:\/\/www.immobilienbusiness.ch\/fr\/wp-json\/wp\/v2\/product\/37358","targetHints":{"allow":["GET"]}}],"collection":[{"href":"https:\/\/www.immobilienbusiness.ch\/fr\/wp-json\/wp\/v2\/product"}],"about":[{"href":"https:\/\/www.immobilienbusiness.ch\/fr\/wp-json\/wp\/v2\/types\/product"}],"wp:featuredmedia":[{"embeddable":true,"href":"https:\/\/www.immobilienbusiness.ch\/fr\/wp-json\/wp\/v2\/media\/37394"}],"wp:attachment":[{"href":"https:\/\/www.immobilienbusiness.ch\/fr\/wp-json\/wp\/v2\/media?parent=37358"}],"wp:term":[{"taxonomy":"product_brand","embeddable":true,"href":"https:\/\/www.immobilienbusiness.ch\/fr\/wp-json\/wp\/v2\/product_brand?post=37358"},{"taxonomy":"product_cat","embeddable":true,"href":"https:\/\/www.immobilienbusiness.ch\/fr\/wp-json\/wp\/v2\/product_cat?post=37358"},{"taxonomy":"product_tag","embeddable":true,"href":"https:\/\/www.immobilienbusiness.ch\/fr\/wp-json\/wp\/v2\/product_tag?post=37358"}],"curies":[{"name":"wp","href":"https:\/\/api.w.org\/{rel}","templated":true}]}}