{"id":37276,"date":"2021-07-15T12:30:05","date_gmt":"2021-07-15T10:30:05","guid":{"rendered":"https:\/\/www.immobilienbusiness.ch\/?post_type=product&#038;p=37276"},"modified":"2026-02-17T16:00:51","modified_gmt":"2026-02-17T15:00:51","slug":"immobilien-business-ausgabe-11-2018","status":"publish","type":"product","link":"https:\/\/www.immobilienbusiness.ch\/fr\/product\/immobilien-business-ausgabe-11-2018\/","title":{"rendered":"Num\u00e9ro 11\/2018 du magazine Real Estate Business"},"content":{"rendered":"<h2>Nouvelles<\/h2>\n<ul>\n<li>Zurich : un autre gratte-ciel pour Altstetten<\/li>\n<li>Bienne : Nouveaux plans pour le site du Drahtwerke<\/li>\n<li>Entreprise : Wincasa\/Streamnow<\/li>\n<li>Berne : d\u00e9but de la construction de la B\u00e4reTower<\/li>\n<li>Zurich : Immofonds acquiert Haus zum Pfauen<\/li>\n<li>Personalia : Credit Suisse AM\/Immofonds<\/li>\n<li>Zurich : ON devient le locataire principal d'Atmos<\/li>\n<li>Gen\u00e8ve : d\u00e9but de la construction du Green Village en vue<\/li>\n<li>Personalia : Helvetica Property Investors AG<\/li>\n<li>Prix de l'immobilier 2018<\/li>\n<li>Personalia : Valres Fund Management SA<\/li>\n<\/ul>\n<h2>Tendances<\/h2>\n<ul>\n<li>Investissements risqu\u00e9s Opportunit\u00e9s et risques des ETFs<\/li>\n<\/ul>\n<h2>March\u00e9s et investissements<\/h2>\n<ul>\n<li>Chasse au rendement dans le march\u00e9 de niche Les investisseurs d\u00e9couvrent l'immobilier d'entreprise<\/li>\n<li>Actualit\u00e9s : Hiag Immobilien : des projets pour Biberist<\/li>\n<\/ul>\n<h2>Titre Sujet<\/h2>\n<ul>\n<li>Le d\u00e9fi du changement structurel Nouvelles perspectives pour l'immobilier de d\u00e9tail<\/li>\n<li>Des strat\u00e9gies \u00e9quilibr\u00e9es ont demand\u00e9 des approches de solutions pour les zones de vente<\/li>\n<li>Nouvelles : SCC : Nouvelle association industrielle<\/li>\n<\/ul>\n<h2>Gestion des installations<\/h2>\n<ul>\n<li>La communication est le nerf de la guerre Le BIM devient une question de gestion<\/li>\n<\/ul>\n<h2>Des r\u00e9gions<\/h2>\n<ul>\n<li>Une dynamique dynamique Lausanne dans le viseur des investisseurs<\/li>\n<li>News : Zurich : moins de postes vacants<\/li>\n<\/ul>\n<h2>Innovations<\/h2>\n<ul>\n<li>Les espaces - toujours en mouvement L'IA et la blockchain r\u00e9volutionnent les espaces de donn\u00e9es<\/li>\n<li>L'\u00e9lan des start-ups munichoises \u00e0 l'Expo Real 2018<\/li>\n<\/ul>\n<h2>Service<\/h2>\n<ul>\n<li>Ordre du jour\/Revue<\/li>\n<li>Loyers demand\u00e9s<\/li>\n<li>Le coworking pour les entreprises Les espaces de travail flexibles gagnent en importance<\/li>\n<li>Un Expo Real complet avec de nouveaux records<\/li>\n<\/ul>\n<h2>March\u00e9s \u00e9trangers<\/h2>\n<ul>\n<li>Un march\u00e9 en pleine expansion Opportunit\u00e9s d'investissement en Pologne<\/li>\n<li>Actualit\u00e9s : Ouverture du bureau d'Ogrodowa \u00e0 Lodz<\/li>\n<li>Varsovie : Les immeubles de grande hauteur dominent le paysage urbain.<\/li>\n<\/ul>\n<h2>March\u00e9s financiers immobiliers<\/h2>\n<ul>\n<li>En conversation : Yonas Mulugeta CEO CSL Immobilien AG<\/li>\n<li>Immofonds : 1,5 milliard de marks fissur\u00e9s<\/li>\n<li>ZIF Immobilien Direkt Schweiz : Nouveau fonds<\/li>\n<li>Dominic\u00e9 Swiss Property Fund : de l'argent frais<\/li>\n<li>Helvetica Property Investors : Nouveau fonds<\/li>\n<li>Baloise AM : L'assureur lance un fonds immobilier<\/li>\n<li>CS REF Hospitality : Vente \u00e0 Montreux<\/li>\n<li>UBS Direct Residential : de l'argent frais<\/li>\n<li>SPS Swiss Prime Site AG : Augmentation de capital<\/li>\n<li>BFW Liegenschaften AG : Rachat d'actions pr\u00e9vu<\/li>\n<li>Raiffeisen Futura : Le volume a augment\u00e9<\/li>\n<li>Procimmo Swiss Commercial : plus de b\u00e9n\u00e9fices<\/li>\n<li>Fondation d'investissement Testina : Top deal \u00e0 Paris<\/li>\n<li>Fondation de placement Helvetia : des capitaux en demande<\/li>\n<li>Hiag Immobilien Holding AG : Nouvelle \u00e9mission obligataire<\/li>\n<li>Swiss Life AM : poursuivre sur la voie de la croissance<\/li>\n<li>Allianz Real Estate : Premier fonds de financement<\/li>\n<li>Invesco Real Estate : Acquisition \u00e0 Francfort<\/li>\n<li>Union Investment\/ ZBI : Nouveau fonds r\u00e9sidentiel<\/li>\n<li>Groupe Acron : un projet am\u00e9ricain plac\u00e9 avec succ\u00e8s<\/li>\n<li>Nouveau venu : l'Inde en vue<\/li>\n<\/ul>\n<h2>Copropri\u00e9t\u00e9<\/h2>\n<ul>\n<li>R\u00e9novation du chauffage : La planification est la moiti\u00e9 de la bataille<\/li>\n<\/ul>","protected":false},"excerpt":{"rendered":"<p>Recevez le magazine professionnel germanophone \"immobilienbusiness\" dans le num\u00e9ro 11\/2018 d'Immobilien Business en t\u00e9l\u00e9chargement PDF avec la table des mati\u00e8res suivante :<\/p>","protected":false},"featured_media":37330,"template":"","meta":{"_acf_changed":false,"pgc_sgb_lightbox_settings":""},"product_brand":[],"product_cat":[921],"product_tag":[926],"class_list":{"0":"post-37276","1":"product","2":"type-product","3":"status-publish","4":"has-post-thumbnail","6":"product_cat-einzelausgaben","7":"product_tag-926","9":"first","10":"instock","11":"downloadable","12":"virtual","13":"taxable","14":"purchasable","15":"product-type-simple"},"acf":[],"yoast_head":"<!-- This site is optimized with the Yoast SEO plugin v27.4 - https:\/\/yoast.com\/product\/yoast-seo-wordpress\/ -->\n<title>Immobilien Business Ausgabe 11\/2018 - IMMOBILIEN Business<\/title>\n<meta name=\"description\" content=\"Erhalte die deutschsprachige Fachzeitschrift \u00abimmobilienbusiness\u00bb in der Immobilien Business Ausgabe 11\/2018 als PDF-Download mit nachfolgendem Inhaltsverzeichnis:\" \/>\n<meta name=\"robots\" content=\"index, follow, max-snippet:-1, max-image-preview:large, max-video-preview:-1\" \/>\n<link rel=\"canonical\" href=\"https:\/\/www.immobilienbusiness.ch\/fr\/product\/immobilien-business-ausgabe-11-2018\/\" \/>\n<meta property=\"og:locale\" content=\"fr_FR\" \/>\n<meta property=\"og:type\" content=\"article\" \/>\n<meta property=\"og:title\" content=\"Immobilien Business Ausgabe 11\/2018 - IMMOBILIEN Business\" \/>\n<meta property=\"og:description\" content=\"Erhalte die deutschsprachige Fachzeitschrift \u00abimmobilienbusiness\u00bb in der Immobilien Business Ausgabe 11\/2018 als PDF-Download mit nachfolgendem Inhaltsverzeichnis:\" \/>\n<meta property=\"og:url\" content=\"https:\/\/www.immobilienbusiness.ch\/fr\/product\/immobilien-business-ausgabe-11-2018\/\" \/>\n<meta property=\"og:site_name\" content=\"IMMOBILIEN Business\" \/>\n<meta property=\"article:publisher\" content=\"https:\/\/www.facebook.com\/immobilienbusiness\/\" \/>\n<meta property=\"article:modified_time\" content=\"2026-02-17T15:00:51+00:00\" \/>\n<meta property=\"og:image\" content=\"https:\/\/www.immobilienbusiness.ch\/wp-content\/uploads\/2021\/07\/Immobilien-Business-Ausgabe-11-2018.png\" \/>\n\t<meta property=\"og:image:width\" content=\"654\" \/>\n\t<meta property=\"og:image:height\" content=\"370\" \/>\n\t<meta property=\"og:image:type\" content=\"image\/png\" \/>\n<meta name=\"twitter:card\" content=\"summary_large_image\" \/>\n<script type=\"application\/ld+json\" class=\"yoast-schema-graph\">{\"@context\":\"https:\\\/\\\/schema.org\",\"@graph\":[{\"@type\":\"WebPage\",\"@id\":\"https:\\\/\\\/www.immobilienbusiness.ch\\\/produkt\\\/immobilien-business-ausgabe-11-2018\\\/\",\"url\":\"https:\\\/\\\/www.immobilienbusiness.ch\\\/produkt\\\/immobilien-business-ausgabe-11-2018\\\/\",\"name\":\"Immobilien Business Ausgabe 11\\\/2018 - IMMOBILIEN Business\",\"isPartOf\":{\"@id\":\"https:\\\/\\\/www.immobilienbusiness.ch\\\/#website\"},\"primaryImageOfPage\":{\"@id\":\"https:\\\/\\\/www.immobilienbusiness.ch\\\/produkt\\\/immobilien-business-ausgabe-11-2018\\\/#primaryimage\"},\"image\":{\"@id\":\"https:\\\/\\\/www.immobilienbusiness.ch\\\/produkt\\\/immobilien-business-ausgabe-11-2018\\\/#primaryimage\"},\"thumbnailUrl\":\"https:\\\/\\\/www.immobilienbusiness.ch\\\/wp-content\\\/uploads\\\/2021\\\/07\\\/Immobilien-Business-Ausgabe-11-2018.png\",\"datePublished\":\"2021-07-15T10:30:05+00:00\",\"dateModified\":\"2026-02-17T15:00:51+00:00\",\"description\":\"Erhalte die deutschsprachige Fachzeitschrift \u00abimmobilienbusiness\u00bb in der Immobilien Business Ausgabe 11\\\/2018 als PDF-Download mit nachfolgendem Inhaltsverzeichnis:\",\"breadcrumb\":{\"@id\":\"https:\\\/\\\/www.immobilienbusiness.ch\\\/produkt\\\/immobilien-business-ausgabe-11-2018\\\/#breadcrumb\"},\"inLanguage\":\"fr-FR\",\"potentialAction\":[{\"@type\":\"ReadAction\",\"target\":[\"https:\\\/\\\/www.immobilienbusiness.ch\\\/produkt\\\/immobilien-business-ausgabe-11-2018\\\/\"]}]},{\"@type\":\"ImageObject\",\"inLanguage\":\"fr-FR\",\"@id\":\"https:\\\/\\\/www.immobilienbusiness.ch\\\/produkt\\\/immobilien-business-ausgabe-11-2018\\\/#primaryimage\",\"url\":\"https:\\\/\\\/www.immobilienbusiness.ch\\\/wp-content\\\/uploads\\\/2021\\\/07\\\/Immobilien-Business-Ausgabe-11-2018.png\",\"contentUrl\":\"https:\\\/\\\/www.immobilienbusiness.ch\\\/wp-content\\\/uploads\\\/2021\\\/07\\\/Immobilien-Business-Ausgabe-11-2018.png\",\"width\":654,\"height\":370},{\"@type\":\"BreadcrumbList\",\"@id\":\"https:\\\/\\\/www.immobilienbusiness.ch\\\/produkt\\\/immobilien-business-ausgabe-11-2018\\\/#breadcrumb\",\"itemListElement\":[{\"@type\":\"ListItem\",\"position\":1,\"name\":\"Home\",\"item\":\"https:\\\/\\\/www.immobilienbusiness.ch\\\/\"},{\"@type\":\"ListItem\",\"position\":2,\"name\":\"Shop\",\"item\":\"https:\\\/\\\/www.immobilienbusiness.ch\\\/en\\\/shop\\\/\"},{\"@type\":\"ListItem\",\"position\":3,\"name\":\"Immobilien Business Ausgabe 11\\\/2018\"}]},{\"@type\":\"WebSite\",\"@id\":\"https:\\\/\\\/www.immobilienbusiness.ch\\\/#website\",\"url\":\"https:\\\/\\\/www.immobilienbusiness.ch\\\/\",\"name\":\"IMMOBILIEN Business\",\"description\":\"Unabh\u00e4ngiges Schweizer Wirtschaftsmagazin mit Fokus auf Immobilien, Architektur- und Bau sowie Investment- und Finanzierung.\",\"publisher\":{\"@id\":\"https:\\\/\\\/www.immobilienbusiness.ch\\\/#organization\"},\"potentialAction\":[{\"@type\":\"SearchAction\",\"target\":{\"@type\":\"EntryPoint\",\"urlTemplate\":\"https:\\\/\\\/www.immobilienbusiness.ch\\\/?s={search_term_string}\"},\"query-input\":{\"@type\":\"PropertyValueSpecification\",\"valueRequired\":true,\"valueName\":\"search_term_string\"}}],\"inLanguage\":\"fr-FR\"},{\"@type\":\"Organization\",\"@id\":\"https:\\\/\\\/www.immobilienbusiness.ch\\\/#organization\",\"name\":\"IMMOBILIEN Business\",\"url\":\"https:\\\/\\\/www.immobilienbusiness.ch\\\/\",\"logo\":{\"@type\":\"ImageObject\",\"inLanguage\":\"fr-FR\",\"@id\":\"https:\\\/\\\/www.immobilienbusiness.ch\\\/#\\\/schema\\\/logo\\\/image\\\/\",\"url\":\"https:\\\/\\\/www.immobilienbusiness.ch\\\/wp-content\\\/uploads\\\/2021\\\/07\\\/logo_ib.png\",\"contentUrl\":\"https:\\\/\\\/www.immobilienbusiness.ch\\\/wp-content\\\/uploads\\\/2021\\\/07\\\/logo_ib.png\",\"width\":800,\"height\":181,\"caption\":\"IMMOBILIEN Business\"},\"image\":{\"@id\":\"https:\\\/\\\/www.immobilienbusiness.ch\\\/#\\\/schema\\\/logo\\\/image\\\/\"},\"sameAs\":[\"https:\\\/\\\/www.facebook.com\\\/immobilienbusiness\\\/\"]}]}<\/script>\n<!-- \/ Yoast SEO plugin. -->","yoast_head_json":{"title":"Immobilien Business \u00e9dition 11\/2018 - IMMOBILIER Business","description":"Recevez le magazine professionnel germanophone \"immobilienbusiness\" dans le num\u00e9ro 11\/2018 d'Immobilien Business en t\u00e9l\u00e9chargement PDF avec la table des mati\u00e8res suivante :","robots":{"index":"index","follow":"follow","max-snippet":"max-snippet:-1","max-image-preview":"max-image-preview:large","max-video-preview":"max-video-preview:-1"},"canonical":"https:\/\/www.immobilienbusiness.ch\/fr\/product\/immobilien-business-ausgabe-11-2018\/","og_locale":"fr_FR","og_type":"article","og_title":"Immobilien Business Ausgabe 11\/2018 - IMMOBILIEN Business","og_description":"Erhalte die deutschsprachige Fachzeitschrift \u00abimmobilienbusiness\u00bb in der Immobilien Business Ausgabe 11\/2018 als PDF-Download mit nachfolgendem Inhaltsverzeichnis:","og_url":"https:\/\/www.immobilienbusiness.ch\/fr\/product\/immobilien-business-ausgabe-11-2018\/","og_site_name":"IMMOBILIEN Business","article_publisher":"https:\/\/www.facebook.com\/immobilienbusiness\/","article_modified_time":"2026-02-17T15:00:51+00:00","og_image":[{"width":654,"height":370,"url":"https:\/\/www.immobilienbusiness.ch\/wp-content\/uploads\/2021\/07\/Immobilien-Business-Ausgabe-11-2018.png","type":"image\/png"}],"twitter_card":"summary_large_image","schema":{"@context":"https:\/\/schema.org","@graph":[{"@type":"WebPage","@id":"https:\/\/www.immobilienbusiness.ch\/produkt\/immobilien-business-ausgabe-11-2018\/","url":"https:\/\/www.immobilienbusiness.ch\/produkt\/immobilien-business-ausgabe-11-2018\/","name":"Immobilien Business \u00e9dition 11\/2018 - IMMOBILIER Business","isPartOf":{"@id":"https:\/\/www.immobilienbusiness.ch\/#website"},"primaryImageOfPage":{"@id":"https:\/\/www.immobilienbusiness.ch\/produkt\/immobilien-business-ausgabe-11-2018\/#primaryimage"},"image":{"@id":"https:\/\/www.immobilienbusiness.ch\/produkt\/immobilien-business-ausgabe-11-2018\/#primaryimage"},"thumbnailUrl":"https:\/\/www.immobilienbusiness.ch\/wp-content\/uploads\/2021\/07\/Immobilien-Business-Ausgabe-11-2018.png","datePublished":"2021-07-15T10:30:05+00:00","dateModified":"2026-02-17T15:00:51+00:00","description":"Recevez le magazine professionnel germanophone \"immobilienbusiness\" dans le num\u00e9ro 11\/2018 d'Immobilien Business en t\u00e9l\u00e9chargement PDF avec la table des mati\u00e8res suivante :","breadcrumb":{"@id":"https:\/\/www.immobilienbusiness.ch\/produkt\/immobilien-business-ausgabe-11-2018\/#breadcrumb"},"inLanguage":"fr-FR","potentialAction":[{"@type":"ReadAction","target":["https:\/\/www.immobilienbusiness.ch\/produkt\/immobilien-business-ausgabe-11-2018\/"]}]},{"@type":"ImageObject","inLanguage":"fr-FR","@id":"https:\/\/www.immobilienbusiness.ch\/produkt\/immobilien-business-ausgabe-11-2018\/#primaryimage","url":"https:\/\/www.immobilienbusiness.ch\/wp-content\/uploads\/2021\/07\/Immobilien-Business-Ausgabe-11-2018.png","contentUrl":"https:\/\/www.immobilienbusiness.ch\/wp-content\/uploads\/2021\/07\/Immobilien-Business-Ausgabe-11-2018.png","width":654,"height":370},{"@type":"BreadcrumbList","@id":"https:\/\/www.immobilienbusiness.ch\/produkt\/immobilien-business-ausgabe-11-2018\/#breadcrumb","itemListElement":[{"@type":"ListItem","position":1,"name":"Home","item":"https:\/\/www.immobilienbusiness.ch\/"},{"@type":"ListItem","position":2,"name":"Shop","item":"https:\/\/www.immobilienbusiness.ch\/en\/shop\/"},{"@type":"ListItem","position":3,"name":"Immobilien Business Ausgabe 11\/2018"}]},{"@type":"WebSite","@id":"https:\/\/www.immobilienbusiness.ch\/#website","url":"https:\/\/www.immobilienbusiness.ch\/","name":"IMMOBILIER Business","description":"Magazine \u00e9conomique suisse ind\u00e9pendant ax\u00e9 sur l'immobilier, l'architecture et la construction ainsi que sur les investissements et le financement.","publisher":{"@id":"https:\/\/www.immobilienbusiness.ch\/#organization"},"potentialAction":[{"@type":"SearchAction","target":{"@type":"EntryPoint","urlTemplate":"https:\/\/www.immobilienbusiness.ch\/?s={search_term_string}"},"query-input":{"@type":"PropertyValueSpecification","valueRequired":true,"valueName":"search_term_string"}}],"inLanguage":"fr-FR"},{"@type":"Organization","@id":"https:\/\/www.immobilienbusiness.ch\/#organization","name":"IMMOBILIER Business","url":"https:\/\/www.immobilienbusiness.ch\/","logo":{"@type":"ImageObject","inLanguage":"fr-FR","@id":"https:\/\/www.immobilienbusiness.ch\/#\/schema\/logo\/image\/","url":"https:\/\/www.immobilienbusiness.ch\/wp-content\/uploads\/2021\/07\/logo_ib.png","contentUrl":"https:\/\/www.immobilienbusiness.ch\/wp-content\/uploads\/2021\/07\/logo_ib.png","width":800,"height":181,"caption":"IMMOBILIEN Business"},"image":{"@id":"https:\/\/www.immobilienbusiness.ch\/#\/schema\/logo\/image\/"},"sameAs":["https:\/\/www.facebook.com\/immobilienbusiness\/"]}]}},"_links":{"self":[{"href":"https:\/\/www.immobilienbusiness.ch\/fr\/wp-json\/wp\/v2\/product\/37276","targetHints":{"allow":["GET"]}}],"collection":[{"href":"https:\/\/www.immobilienbusiness.ch\/fr\/wp-json\/wp\/v2\/product"}],"about":[{"href":"https:\/\/www.immobilienbusiness.ch\/fr\/wp-json\/wp\/v2\/types\/product"}],"wp:featuredmedia":[{"embeddable":true,"href":"https:\/\/www.immobilienbusiness.ch\/fr\/wp-json\/wp\/v2\/media\/37330"}],"wp:attachment":[{"href":"https:\/\/www.immobilienbusiness.ch\/fr\/wp-json\/wp\/v2\/media?parent=37276"}],"wp:term":[{"taxonomy":"product_brand","embeddable":true,"href":"https:\/\/www.immobilienbusiness.ch\/fr\/wp-json\/wp\/v2\/product_brand?post=37276"},{"taxonomy":"product_cat","embeddable":true,"href":"https:\/\/www.immobilienbusiness.ch\/fr\/wp-json\/wp\/v2\/product_cat?post=37276"},{"taxonomy":"product_tag","embeddable":true,"href":"https:\/\/www.immobilienbusiness.ch\/fr\/wp-json\/wp\/v2\/product_tag?post=37276"}],"curies":[{"name":"wp","href":"https:\/\/api.w.org\/{rel}","templated":true}]}}