{"id":37270,"date":"2021-07-15T12:30:05","date_gmt":"2021-07-15T10:30:05","guid":{"rendered":"https:\/\/www.immobilienbusiness.ch\/?post_type=product&#038;p=37270"},"modified":"2026-02-17T16:00:52","modified_gmt":"2026-02-17T15:00:52","slug":"immobilien-business-ausgabe-5-2019","status":"publish","type":"product","link":"https:\/\/www.immobilienbusiness.ch\/fr\/product\/immobilien-business-ausgabe-5-2019\/","title":{"rendered":"Num\u00e9ro des affaires immobili\u00e8res 5\/2019"},"content":{"rendered":"<h2>Nouvelles<\/h2>\n<ul>\n<li><strong>Zurich : d\u00e9but de la construction de l'h\u00f4tel Meininger<\/strong><\/li>\n<li><strong>Zurich : Location \u00e0 grande \u00e9chelle dans la Bahnhofstrasse<\/strong><\/li>\n<li><strong>Personalia : Vebego \/ Avadis<\/strong><\/li>\n<li><strong>B\u00e2le : Lonza s'agrandit dans le parc St\u00fccki<\/strong><\/li>\n<li><strong>Burgdorf : nouveau quartier r\u00e9sidentiel sur la rivi\u00e8re Emme<\/strong><\/li>\n<li><strong>Personalia : Procimmo SA<\/strong><\/li>\n<li><strong>Baar : D\u00e9but de la construction de la deuxi\u00e8me phase du Quadrolith<\/strong><\/li>\n<li><strong>Wallisellen : D\u00e9but de la construction de UpGreat<\/strong><\/li>\n<li><strong>Personnel : BFW \/TME Associates<\/strong><\/li>\n<li><strong>Lucerne : de nouvelles r\u00e8gles pour le commerce de d\u00e9tail<\/strong><\/li>\n<li><strong>Emmen : Le projet 4Quarter avance<\/strong><\/li>\n<li><strong>Personalia : Verit Immobilien AG \/ Money Park<\/strong><\/li>\n<li><strong>La Punt Chamues-ch : Feu vert pour InnHub<\/strong><\/li>\n<li><strong>Samedan : Premi\u00e8re Migros en Engadine<\/strong><\/li>\n<li><strong>Personalia : Redevco\/SF&amp;P Investment AG<\/strong><\/li>\n<li><strong>Zurich : de nouveaux locataires sur Bleicherweg<\/strong><\/li>\n<li><strong>Zurich : ouverture du \"Salon de Joaillerie\".<\/strong><\/li>\n<li><strong>De la part des entreprises : BKW<\/strong><\/li>\n<\/ul>\n<h2>Tendances<\/h2>\n<ul>\n<li><strong>Des id\u00e9es nouvelles en demande<\/strong> Le commerce de d\u00e9tail mise sur les nouveaux formats<\/li>\n<li><strong>Interview : Jan Tanner, SCF Suisse<\/strong><\/li>\n<li><strong>Destinations lucratives<\/strong> Les centres de magasins d'usine r\u00e9sistent \u00e0 l'Internet<\/li>\n<li><strong>Plus rentable, plus num\u00e9rique - mais aussi meilleur ?<\/strong> L'avenir de l'industrie h\u00f4teli\u00e8re<\/li>\n<li><strong>Interview : Andreas Deuber, HTW Chur<\/strong><\/li>\n<\/ul>\n<h2>March\u00e9s et investissements<\/h2>\n<ul>\n<li><strong>Rallye en Am\u00e9rique<\/strong> L'immobilier de sant\u00e9 dans la ligne de mire des investisseurs<\/li>\n<li><strong>\"Pr\u00e8s du z\u00e9nith\"<\/strong> Le boom du march\u00e9 du coworking se ralentit<\/li>\n<li><strong>Interview : Garry G\u00fcrtler, IWG<\/strong><\/li>\n<\/ul>\n<h2>Titre Sujet<\/h2>\n<ul>\n<li><strong>25 ans au c\u0153ur de la sc\u00e8ne immobili\u00e8re<\/strong><\/li>\n<li><strong>Colonne : La Suisse est diff\u00e9rente<\/strong><\/li>\n<li><strong>Suisse : attrayant, mais difficile d'acc\u00e8s<\/strong><\/li>\n<\/ul>\n<h2>Des r\u00e9gions<\/h2>\n<ul>\n<li><strong>Des rendements attrayants avec un risque<\/strong> Une activit\u00e9 de construction intense \u00e0 B\u00e2le<\/li>\n<\/ul>\n<h2>R\u00e9sidentiel<\/h2>\n<ul>\n<li><strong>Quatuor peu orthodoxe<\/strong> Manifestation contre la hausse des loyers \u00e0 B\u00e2le<\/li>\n<li><strong>Colonne : Logement abordable<\/strong><\/li>\n<\/ul>\n<h2>Innovations<\/h2>\n<ul>\n<li><strong>Position, emplacement, plan d'\u00e9tage<\/strong> IT pour l'objectivation des qualit\u00e9s du plan d'\u00e9tage<\/li>\n<\/ul>\n<h2>Service<\/h2>\n<ul>\n<li><strong>Ordre du jour\/Revue<\/strong><\/li>\n<li><strong>Loyers demand\u00e9s<\/strong><\/li>\n<li><strong>Revue Pom+Annual Event 2019<\/strong><\/li>\n<\/ul>\n<h2>March\u00e9s \u00e9trangers<\/h2>\n<ul>\n<li><strong>\"Poison pour les investissements\"<\/strong> Le Brexit p\u00e8se sur le march\u00e9 des transactions \u00e0 Londres<\/li>\n<\/ul>\n<h2>March\u00e9s financiers immobiliers<\/h2>\n<ul>\n<li><strong>Interview du mois<\/strong>Gerhard Demmelmair, Swiss Life AM<\/li>\n<li><strong>Akara Swiss Diversity Property Fund PK : Quatri\u00e8me augmentation de capital<\/strong><\/li>\n<li><strong>Procimmo Swiss Commercial II : de l'argent frais<\/strong><\/li>\n<li><strong>CSA Real Estate CH : Nouveau projet majeur<\/strong><\/li>\n<li><strong>UBS Sima, Foncipars, Swissreal : des rendements stables<\/strong><\/li>\n<li><strong>Groupe Cham : \"B\u00e9n\u00e9fice net \u00e9lev\u00e9\".<\/strong><\/li>\n<li><strong>Swisscanto (CH) Ref Ifca : Nouvelles acquisitions<\/strong><\/li>\n<li><strong>UBS (CH) Property Fund Europe : Nouvelles acquisitions<\/strong><\/li>\n<li><strong>Varia US Properties : sur la voie de la croissance<\/strong><\/li>\n<li><strong>Empira AG : Nouveaux investisseurs<\/strong><\/li>\n<li><strong>AFIA : Nouveau groupe d'investissement<\/strong><\/li>\n<li><strong>SPA Swiss Prime AST : le portefeuille s'agrandit<\/strong><\/li>\n<li><strong>Groupe Fundamenta AST : Premier num\u00e9ro<\/strong><\/li>\n<li><strong>Steiner AST : Forte croissance<\/strong><\/li>\n<li><strong>ASA AG : \"Le produit global est maintenant coh\u00e9rent\".<\/strong><\/li>\n<li><strong>Amundi Immobilier : Portefeuille acquis<\/strong><\/li>\n<li><strong>Beos Corporate REF Germany III : Nouvelle acquisition<\/strong><\/li>\n<li><strong>Swiss Life\/BVK : Investissement \u00e0 Berlin<\/strong><\/li>\n<li><strong>Commerz Real : immeuble de bureaux Cap Sud enti\u00e8rement lou\u00e9<\/strong><\/li>\n<li><strong>Opinion sur le march\u00e9 : Hela Hinrichs, JLL Research<\/strong><\/li>\n<\/ul>","protected":false},"excerpt":{"rendered":"<p>Recevez le magazine professionnel en langue allemande \"immobilienbusiness\" dans le num\u00e9ro 5\/2019 d'Immobilien Business en t\u00e9l\u00e9chargement PDF avec la table des mati\u00e8res suivante :<\/p>","protected":false},"featured_media":37300,"template":"","meta":{"_acf_changed":false,"pgc_sgb_lightbox_settings":""},"product_brand":[],"product_cat":[921],"product_tag":[925],"class_list":{"0":"post-37270","1":"product","2":"type-product","3":"status-publish","4":"has-post-thumbnail","6":"product_cat-einzelausgaben","7":"product_tag-925","9":"first","10":"instock","11":"downloadable","12":"virtual","13":"taxable","14":"purchasable","15":"product-type-simple"},"acf":[],"yoast_head":"<!-- This site is optimized with the Yoast SEO plugin v27.4 - https:\/\/yoast.com\/product\/yoast-seo-wordpress\/ -->\n<title>Immobilien Business Ausgabe 5\/2019 - IMMOBILIEN Business<\/title>\n<meta name=\"description\" content=\"Erhalte die deutschsprachige Fachzeitschrift \u00abimmobilienbusiness\u00bb in der Immobilien Business Ausgabe 5\/2019 als PDF-Download mit nachfolgendem Inhaltsverzeichnis:\" \/>\n<meta name=\"robots\" content=\"index, follow, max-snippet:-1, max-image-preview:large, max-video-preview:-1\" \/>\n<link rel=\"canonical\" href=\"https:\/\/www.immobilienbusiness.ch\/fr\/product\/immobilien-business-ausgabe-5-2019\/\" \/>\n<meta property=\"og:locale\" content=\"fr_FR\" \/>\n<meta property=\"og:type\" content=\"article\" \/>\n<meta property=\"og:title\" content=\"Immobilien Business Ausgabe 5\/2019 - IMMOBILIEN Business\" \/>\n<meta property=\"og:description\" content=\"Erhalte die deutschsprachige Fachzeitschrift \u00abimmobilienbusiness\u00bb in der Immobilien Business Ausgabe 5\/2019 als PDF-Download mit nachfolgendem Inhaltsverzeichnis:\" \/>\n<meta property=\"og:url\" content=\"https:\/\/www.immobilienbusiness.ch\/fr\/product\/immobilien-business-ausgabe-5-2019\/\" \/>\n<meta property=\"og:site_name\" content=\"IMMOBILIEN Business\" \/>\n<meta property=\"article:publisher\" content=\"https:\/\/www.facebook.com\/immobilienbusiness\/\" \/>\n<meta property=\"article:modified_time\" content=\"2026-02-17T15:00:52+00:00\" \/>\n<meta property=\"og:image\" content=\"https:\/\/www.immobilienbusiness.ch\/wp-content\/uploads\/2021\/07\/Immobilien-Business-Ausgabe-5-2019.png\" \/>\n\t<meta property=\"og:image:width\" content=\"654\" \/>\n\t<meta property=\"og:image:height\" content=\"370\" \/>\n\t<meta property=\"og:image:type\" content=\"image\/png\" \/>\n<meta name=\"twitter:card\" content=\"summary_large_image\" \/>\n<script type=\"application\/ld+json\" class=\"yoast-schema-graph\">{\"@context\":\"https:\\\/\\\/schema.org\",\"@graph\":[{\"@type\":\"WebPage\",\"@id\":\"https:\\\/\\\/www.immobilienbusiness.ch\\\/produkt\\\/immobilien-business-ausgabe-5-2019\\\/\",\"url\":\"https:\\\/\\\/www.immobilienbusiness.ch\\\/produkt\\\/immobilien-business-ausgabe-5-2019\\\/\",\"name\":\"Immobilien Business Ausgabe 5\\\/2019 - IMMOBILIEN Business\",\"isPartOf\":{\"@id\":\"https:\\\/\\\/www.immobilienbusiness.ch\\\/#website\"},\"primaryImageOfPage\":{\"@id\":\"https:\\\/\\\/www.immobilienbusiness.ch\\\/produkt\\\/immobilien-business-ausgabe-5-2019\\\/#primaryimage\"},\"image\":{\"@id\":\"https:\\\/\\\/www.immobilienbusiness.ch\\\/produkt\\\/immobilien-business-ausgabe-5-2019\\\/#primaryimage\"},\"thumbnailUrl\":\"https:\\\/\\\/www.immobilienbusiness.ch\\\/wp-content\\\/uploads\\\/2021\\\/07\\\/Immobilien-Business-Ausgabe-5-2019.png\",\"datePublished\":\"2021-07-15T10:30:05+00:00\",\"dateModified\":\"2026-02-17T15:00:52+00:00\",\"description\":\"Erhalte die deutschsprachige Fachzeitschrift \u00abimmobilienbusiness\u00bb in der Immobilien Business Ausgabe 5\\\/2019 als PDF-Download mit nachfolgendem Inhaltsverzeichnis:\",\"breadcrumb\":{\"@id\":\"https:\\\/\\\/www.immobilienbusiness.ch\\\/produkt\\\/immobilien-business-ausgabe-5-2019\\\/#breadcrumb\"},\"inLanguage\":\"fr-FR\",\"potentialAction\":[{\"@type\":\"ReadAction\",\"target\":[\"https:\\\/\\\/www.immobilienbusiness.ch\\\/produkt\\\/immobilien-business-ausgabe-5-2019\\\/\"]}]},{\"@type\":\"ImageObject\",\"inLanguage\":\"fr-FR\",\"@id\":\"https:\\\/\\\/www.immobilienbusiness.ch\\\/produkt\\\/immobilien-business-ausgabe-5-2019\\\/#primaryimage\",\"url\":\"https:\\\/\\\/www.immobilienbusiness.ch\\\/wp-content\\\/uploads\\\/2021\\\/07\\\/Immobilien-Business-Ausgabe-5-2019.png\",\"contentUrl\":\"https:\\\/\\\/www.immobilienbusiness.ch\\\/wp-content\\\/uploads\\\/2021\\\/07\\\/Immobilien-Business-Ausgabe-5-2019.png\",\"width\":654,\"height\":370},{\"@type\":\"BreadcrumbList\",\"@id\":\"https:\\\/\\\/www.immobilienbusiness.ch\\\/produkt\\\/immobilien-business-ausgabe-5-2019\\\/#breadcrumb\",\"itemListElement\":[{\"@type\":\"ListItem\",\"position\":1,\"name\":\"Home\",\"item\":\"https:\\\/\\\/www.immobilienbusiness.ch\\\/\"},{\"@type\":\"ListItem\",\"position\":2,\"name\":\"Shop\",\"item\":\"https:\\\/\\\/www.immobilienbusiness.ch\\\/en\\\/shop\\\/\"},{\"@type\":\"ListItem\",\"position\":3,\"name\":\"Immobilien Business Ausgabe 5\\\/2019\"}]},{\"@type\":\"WebSite\",\"@id\":\"https:\\\/\\\/www.immobilienbusiness.ch\\\/#website\",\"url\":\"https:\\\/\\\/www.immobilienbusiness.ch\\\/\",\"name\":\"IMMOBILIEN Business\",\"description\":\"Unabh\u00e4ngiges Schweizer Wirtschaftsmagazin mit Fokus auf Immobilien, Architektur- und Bau sowie Investment- und Finanzierung.\",\"publisher\":{\"@id\":\"https:\\\/\\\/www.immobilienbusiness.ch\\\/#organization\"},\"potentialAction\":[{\"@type\":\"SearchAction\",\"target\":{\"@type\":\"EntryPoint\",\"urlTemplate\":\"https:\\\/\\\/www.immobilienbusiness.ch\\\/?s={search_term_string}\"},\"query-input\":{\"@type\":\"PropertyValueSpecification\",\"valueRequired\":true,\"valueName\":\"search_term_string\"}}],\"inLanguage\":\"fr-FR\"},{\"@type\":\"Organization\",\"@id\":\"https:\\\/\\\/www.immobilienbusiness.ch\\\/#organization\",\"name\":\"IMMOBILIEN Business\",\"url\":\"https:\\\/\\\/www.immobilienbusiness.ch\\\/\",\"logo\":{\"@type\":\"ImageObject\",\"inLanguage\":\"fr-FR\",\"@id\":\"https:\\\/\\\/www.immobilienbusiness.ch\\\/#\\\/schema\\\/logo\\\/image\\\/\",\"url\":\"https:\\\/\\\/www.immobilienbusiness.ch\\\/wp-content\\\/uploads\\\/2021\\\/07\\\/logo_ib.png\",\"contentUrl\":\"https:\\\/\\\/www.immobilienbusiness.ch\\\/wp-content\\\/uploads\\\/2021\\\/07\\\/logo_ib.png\",\"width\":800,\"height\":181,\"caption\":\"IMMOBILIEN Business\"},\"image\":{\"@id\":\"https:\\\/\\\/www.immobilienbusiness.ch\\\/#\\\/schema\\\/logo\\\/image\\\/\"},\"sameAs\":[\"https:\\\/\\\/www.facebook.com\\\/immobilienbusiness\\\/\"]}]}<\/script>\n<!-- \/ Yoast SEO plugin. -->","yoast_head_json":{"title":"Immobilien Business \u00c9dition 5\/2019 - IMMOBILIER Business","description":"Recevez le magazine professionnel en langue allemande \"immobilienbusiness\" dans le num\u00e9ro 5\/2019 d'Immobilien Business en t\u00e9l\u00e9chargement PDF avec la table des mati\u00e8res suivante :","robots":{"index":"index","follow":"follow","max-snippet":"max-snippet:-1","max-image-preview":"max-image-preview:large","max-video-preview":"max-video-preview:-1"},"canonical":"https:\/\/www.immobilienbusiness.ch\/fr\/product\/immobilien-business-ausgabe-5-2019\/","og_locale":"fr_FR","og_type":"article","og_title":"Immobilien Business Ausgabe 5\/2019 - IMMOBILIEN Business","og_description":"Erhalte die deutschsprachige Fachzeitschrift \u00abimmobilienbusiness\u00bb in der Immobilien Business Ausgabe 5\/2019 als PDF-Download mit nachfolgendem Inhaltsverzeichnis:","og_url":"https:\/\/www.immobilienbusiness.ch\/fr\/product\/immobilien-business-ausgabe-5-2019\/","og_site_name":"IMMOBILIEN Business","article_publisher":"https:\/\/www.facebook.com\/immobilienbusiness\/","article_modified_time":"2026-02-17T15:00:52+00:00","og_image":[{"width":654,"height":370,"url":"https:\/\/www.immobilienbusiness.ch\/wp-content\/uploads\/2021\/07\/Immobilien-Business-Ausgabe-5-2019.png","type":"image\/png"}],"twitter_card":"summary_large_image","schema":{"@context":"https:\/\/schema.org","@graph":[{"@type":"WebPage","@id":"https:\/\/www.immobilienbusiness.ch\/produkt\/immobilien-business-ausgabe-5-2019\/","url":"https:\/\/www.immobilienbusiness.ch\/produkt\/immobilien-business-ausgabe-5-2019\/","name":"Immobilien Business \u00c9dition 5\/2019 - IMMOBILIER Business","isPartOf":{"@id":"https:\/\/www.immobilienbusiness.ch\/#website"},"primaryImageOfPage":{"@id":"https:\/\/www.immobilienbusiness.ch\/produkt\/immobilien-business-ausgabe-5-2019\/#primaryimage"},"image":{"@id":"https:\/\/www.immobilienbusiness.ch\/produkt\/immobilien-business-ausgabe-5-2019\/#primaryimage"},"thumbnailUrl":"https:\/\/www.immobilienbusiness.ch\/wp-content\/uploads\/2021\/07\/Immobilien-Business-Ausgabe-5-2019.png","datePublished":"2021-07-15T10:30:05+00:00","dateModified":"2026-02-17T15:00:52+00:00","description":"Recevez le magazine professionnel en langue allemande \"immobilienbusiness\" dans le num\u00e9ro 5\/2019 d'Immobilien Business en t\u00e9l\u00e9chargement PDF avec la table des mati\u00e8res suivante :","breadcrumb":{"@id":"https:\/\/www.immobilienbusiness.ch\/produkt\/immobilien-business-ausgabe-5-2019\/#breadcrumb"},"inLanguage":"fr-FR","potentialAction":[{"@type":"ReadAction","target":["https:\/\/www.immobilienbusiness.ch\/produkt\/immobilien-business-ausgabe-5-2019\/"]}]},{"@type":"ImageObject","inLanguage":"fr-FR","@id":"https:\/\/www.immobilienbusiness.ch\/produkt\/immobilien-business-ausgabe-5-2019\/#primaryimage","url":"https:\/\/www.immobilienbusiness.ch\/wp-content\/uploads\/2021\/07\/Immobilien-Business-Ausgabe-5-2019.png","contentUrl":"https:\/\/www.immobilienbusiness.ch\/wp-content\/uploads\/2021\/07\/Immobilien-Business-Ausgabe-5-2019.png","width":654,"height":370},{"@type":"BreadcrumbList","@id":"https:\/\/www.immobilienbusiness.ch\/produkt\/immobilien-business-ausgabe-5-2019\/#breadcrumb","itemListElement":[{"@type":"ListItem","position":1,"name":"Home","item":"https:\/\/www.immobilienbusiness.ch\/"},{"@type":"ListItem","position":2,"name":"Shop","item":"https:\/\/www.immobilienbusiness.ch\/en\/shop\/"},{"@type":"ListItem","position":3,"name":"Immobilien Business Ausgabe 5\/2019"}]},{"@type":"WebSite","@id":"https:\/\/www.immobilienbusiness.ch\/#website","url":"https:\/\/www.immobilienbusiness.ch\/","name":"IMMOBILIER Business","description":"Magazine \u00e9conomique suisse ind\u00e9pendant ax\u00e9 sur l'immobilier, l'architecture et la construction ainsi que sur les investissements et le financement.","publisher":{"@id":"https:\/\/www.immobilienbusiness.ch\/#organization"},"potentialAction":[{"@type":"SearchAction","target":{"@type":"EntryPoint","urlTemplate":"https:\/\/www.immobilienbusiness.ch\/?s={search_term_string}"},"query-input":{"@type":"PropertyValueSpecification","valueRequired":true,"valueName":"search_term_string"}}],"inLanguage":"fr-FR"},{"@type":"Organization","@id":"https:\/\/www.immobilienbusiness.ch\/#organization","name":"IMMOBILIER Business","url":"https:\/\/www.immobilienbusiness.ch\/","logo":{"@type":"ImageObject","inLanguage":"fr-FR","@id":"https:\/\/www.immobilienbusiness.ch\/#\/schema\/logo\/image\/","url":"https:\/\/www.immobilienbusiness.ch\/wp-content\/uploads\/2021\/07\/logo_ib.png","contentUrl":"https:\/\/www.immobilienbusiness.ch\/wp-content\/uploads\/2021\/07\/logo_ib.png","width":800,"height":181,"caption":"IMMOBILIEN Business"},"image":{"@id":"https:\/\/www.immobilienbusiness.ch\/#\/schema\/logo\/image\/"},"sameAs":["https:\/\/www.facebook.com\/immobilienbusiness\/"]}]}},"_links":{"self":[{"href":"https:\/\/www.immobilienbusiness.ch\/fr\/wp-json\/wp\/v2\/product\/37270","targetHints":{"allow":["GET"]}}],"collection":[{"href":"https:\/\/www.immobilienbusiness.ch\/fr\/wp-json\/wp\/v2\/product"}],"about":[{"href":"https:\/\/www.immobilienbusiness.ch\/fr\/wp-json\/wp\/v2\/types\/product"}],"wp:featuredmedia":[{"embeddable":true,"href":"https:\/\/www.immobilienbusiness.ch\/fr\/wp-json\/wp\/v2\/media\/37300"}],"wp:attachment":[{"href":"https:\/\/www.immobilienbusiness.ch\/fr\/wp-json\/wp\/v2\/media?parent=37270"}],"wp:term":[{"taxonomy":"product_brand","embeddable":true,"href":"https:\/\/www.immobilienbusiness.ch\/fr\/wp-json\/wp\/v2\/product_brand?post=37270"},{"taxonomy":"product_cat","embeddable":true,"href":"https:\/\/www.immobilienbusiness.ch\/fr\/wp-json\/wp\/v2\/product_cat?post=37270"},{"taxonomy":"product_tag","embeddable":true,"href":"https:\/\/www.immobilienbusiness.ch\/fr\/wp-json\/wp\/v2\/product_tag?post=37270"}],"curies":[{"name":"wp","href":"https:\/\/api.w.org\/{rel}","templated":true}]}}