{"id":37269,"date":"2021-07-15T12:30:05","date_gmt":"2021-07-15T10:30:05","guid":{"rendered":"https:\/\/www.immobilienbusiness.ch\/?post_type=product&#038;p=37269"},"modified":"2026-02-17T16:00:51","modified_gmt":"2026-02-17T15:00:51","slug":"immobilien-business-ausgabe-6-2019","status":"publish","type":"product","link":"https:\/\/www.immobilienbusiness.ch\/fr\/product\/immobilien-business-ausgabe-6-2019\/","title":{"rendered":"Num\u00e9ro 6\/2019 de Real Estate Business"},"content":{"rendered":"<h2>Nouvelles<\/h2>\n<ul>\n<li><strong>Zurich : Le Cercle continue de se remplir<\/strong><\/li>\n<li><strong>Uitikon ZH : un site industriel devient un quartier r\u00e9sidentiel<\/strong><\/li>\n<li><strong>Personalia : Markstein\/Steiner Investment AST<\/strong><\/li>\n<li><strong>7 M\u00fcnchenstein : un nouveau point de rep\u00e8re<\/strong><\/li>\n<li><strong>B\u00e2le : D\u00e9but de la construction du Claraturm<\/strong><\/li>\n<li><strong>8 B\u00e2le : un nouvel investisseur pour le quartier de Klybeck<\/strong><\/li>\n<li><strong>Berne : Un \"Vorpark\" pour Viererfeld<\/strong><\/li>\n<li><strong>Personalia : Lucerne Plus<\/strong><\/li>\n<li><strong>9 Train : Nouveaux locataires au Campus Siemens<\/strong><\/li>\n<li><strong>Regensdorf : nouveau quartier r\u00e9sidentiel<\/strong><\/li>\n<li><strong>Personalia : BfW Real Estate\/Orascom DH<\/strong><\/li>\n<li><strong>10 Pratteln : Salina Raurica Est devient un quartier urbain<\/strong><\/li>\n<li><strong>Aarburg : Webipark.ch poursuit sa croissance<\/strong><\/li>\n<li><strong>11 Foires commerciales internationales de Munich : L'Expo Real 2019 sera plus grande<\/strong><\/li>\n<\/ul>\n<h2>Tendances<\/h2>\n<ul>\n<li><strong>Si \"1 + 1 = 3\" fait<\/strong> La HTW Coire a \u00e9labor\u00e9 une ligne directrice pour l'am\u00e9lioration de l'infrastructure touristique.<\/li>\n<\/ul>\n<h2>March\u00e9s et investissements<\/h2>\n<ul>\n<li><strong>Des ch\u00e2teaux de lit tr\u00e8s convoit\u00e9s<\/strong> Les investisseurs h\u00f4teliers se concentrent sur les grandes villes - dans les r\u00e9gions de montagne, les capitaux manquent pour les modernisations.<\/li>\n<li>Interview : Robert van der Graaf, Radisson Hotels<\/li>\n<\/ul>\n<h2>Titre Sujet<\/h2>\n<ul>\n<li><strong>\"Jouer avec le feu\"<\/strong> En cas de nouvelle crise \u00e9conomique, le FMI conseille des taux d'int\u00e9r\u00eat directeurs de moins 10 %.<\/li>\n<li><strong>Interview : Jan Eckert, JLL Suisse<\/strong><\/li>\n<li><strong>Des parall\u00e8les frappants<\/strong> Les experts craignent que le krach immobilier des ann\u00e9es 1990 ne se r\u00e9p\u00e8te<\/li>\n<li><strong>Chronique : L'\u00e9l\u00e9phant rose<\/strong><\/li>\n<li><strong>Interview : Dagmar Knoblauch, Br\u00fchlhart &amp; Partner<\/strong><\/li>\n<\/ul>\n<h2>Gestion des installations<\/h2>\n<ul>\n<li><strong>\"Il n'est pas question de dicter les prix\".<\/strong> Avantages et inconv\u00e9nients des r\u00e9seaux d'\u00e9nergie<\/li>\n<\/ul>\n<h2>Architecture et industrie du b\u00e2timent<\/h2>\n<ul>\n<li><strong>Retour aux sources de la construction<\/strong> Un nouveau b\u00e2timent sur le site JED de Zurich se passe de chauffage, de ventilation et de climatisation.<\/li>\n<\/ul>\n<h2>R\u00e9sidentiel<\/h2>\n<ul>\n<li><strong>Investissement de valeur ou mauvais investissement ?<\/strong> Sur la rentabilit\u00e9 de la copropri\u00e9t\u00e9<\/li>\n<\/ul>\n<h2>Service<\/h2>\n<ul>\n<li><strong>Ordre du jour\/Revue<\/strong><\/li>\n<li><strong>Loyers demand\u00e9s<\/strong><\/li>\n<li><strong>\"Acheter et conserver, c'\u00e9tait hier !\"<\/strong> Revue : 76\u00e8me Swiss Real Estate Talk<\/li>\n<\/ul>\n<h2>March\u00e9s \u00e9trangers<\/h2>\n<ul>\n<li><strong>Utilisation record des grues de construction<\/strong> Le boom des march\u00e9s immobiliers australiens se poursuit<\/li>\n<li><strong>La barre des 3 pour cent en vue<\/strong> Peu de postes vacants sur les march\u00e9s de bureaux en Australie<\/li>\n<\/ul>\n<h2>March\u00e9s financiers immobiliers<\/h2>\n<ul>\n<li><strong>L'interview du mois : Andreas L\u00f6pfe, CUREM<\/strong><\/li>\n<li><strong>CS REF International : Augmentation de capital<\/strong><\/li>\n<li><strong>Swiss Life REF (CH) Swiss Properties : IPO<\/strong><\/li>\n<li><strong>Swisscanto Invest\/BCV : nouvelle coop\u00e9ration<\/strong><\/li>\n<li><strong>Swiss Central City REF : Acquisitions pr\u00e9vues<\/strong><\/li>\n<li><strong>Cronos Immo Fund : Nouvelle \u00e9mission<\/strong><\/li>\n<li><strong>PSP Swiss Property : augmentation du b\u00e9n\u00e9fice au 1er trimestre 2019<\/strong><\/li>\n<li><strong>Varia US Properties AG : Premi\u00e8re obligation plac\u00e9e<\/strong><\/li>\n<li><strong>ImmoVision1 AG : Nouvelles acquisitions<\/strong><\/li>\n<li><strong>Acquisition de Hiag Immobilien Holding AG \u00e0 Gen\u00e8ve<\/strong><\/li>\n<li><strong>Z\u00fcblin Immobilien Holding : Chiffres noirs<\/strong><\/li>\n<li><strong>Investis : Effets sp\u00e9ciaux<\/strong><\/li>\n<li><strong>Helvetica CH Commercial Fund : Nouvelles acquisitions<\/strong><\/li>\n<li><strong>Fondation d'investissement SFP : augmentation significative des actifs sous gestion<\/strong><\/li>\n<li><strong>Warteck Invest : Plans de croissance<\/strong><\/li>\n<li><strong>Credit Suisse : Nouveau fonds<\/strong><\/li>\n<li><strong>Swiss Life REF (CH) Propri\u00e9t\u00e9s europ\u00e9ennes :<\/strong><\/li>\n<li><strong>Le Fonds est sur la voie d'une forte croissance<\/strong><\/li>\n<li><strong>Primus Valor AG : Acquisition du portefeuille Agora<\/strong><\/li>\n<li><strong>Hana Alternative AM : un march\u00e9 \u00e0 Amsterdam<\/strong><\/li>\n<li><strong>Real IS : New Australia Fund<\/strong><\/li>\n<li><strong>Allianz Real Estate AG : Bureau \u00e0 Stockholm<\/strong><\/li>\n<li><strong>Interpr\u00e8te final : Demire AG<\/strong><\/li>\n<\/ul>\n<h2>Copropri\u00e9t\u00e9<\/h2>\n<ul>\n<li><strong>Conversion : Les choses ne se passent pas toujours comme pr\u00e9vu.<\/strong><\/li>\n<\/ul>","protected":false},"excerpt":{"rendered":"<p>Recevez le magazine professionnel en langue allemande \"immobilienbusiness\" dans le num\u00e9ro 6\/2019 d'Immobilien Business en t\u00e9l\u00e9chargement PDF avec la table des mati\u00e8res suivante :<\/p>","protected":false},"featured_media":37299,"template":"","meta":{"_acf_changed":false,"pgc_sgb_lightbox_settings":""},"product_brand":[],"product_cat":[921],"product_tag":[925],"class_list":{"0":"post-37269","1":"product","2":"type-product","3":"status-publish","4":"has-post-thumbnail","6":"product_cat-einzelausgaben","7":"product_tag-925","9":"first","10":"instock","11":"downloadable","12":"virtual","13":"taxable","14":"purchasable","15":"product-type-simple"},"acf":[],"yoast_head":"<!-- This site is optimized with the Yoast SEO plugin v27.4 - https:\/\/yoast.com\/product\/yoast-seo-wordpress\/ -->\n<title>Immobilien Business Ausgabe 6\/2019 - IMMOBILIEN Business<\/title>\n<meta name=\"description\" content=\"Erhalte die deutschsprachige Fachzeitschrift \u00abimmobilienbusiness\u00bb in der Immobilien Business Ausgabe 6\/2019 als PDF-Download mit nachfolgendem Inhaltsverzeichnis:\" \/>\n<meta name=\"robots\" content=\"index, follow, max-snippet:-1, max-image-preview:large, max-video-preview:-1\" \/>\n<link rel=\"canonical\" href=\"https:\/\/www.immobilienbusiness.ch\/fr\/product\/immobilien-business-ausgabe-6-2019\/\" \/>\n<meta property=\"og:locale\" content=\"fr_FR\" \/>\n<meta property=\"og:type\" content=\"article\" \/>\n<meta property=\"og:title\" content=\"Immobilien Business Ausgabe 6\/2019 - IMMOBILIEN Business\" \/>\n<meta property=\"og:description\" content=\"Erhalte die deutschsprachige Fachzeitschrift \u00abimmobilienbusiness\u00bb in der Immobilien Business Ausgabe 6\/2019 als PDF-Download mit nachfolgendem Inhaltsverzeichnis:\" \/>\n<meta property=\"og:url\" content=\"https:\/\/www.immobilienbusiness.ch\/fr\/product\/immobilien-business-ausgabe-6-2019\/\" \/>\n<meta property=\"og:site_name\" content=\"IMMOBILIEN Business\" \/>\n<meta property=\"article:publisher\" content=\"https:\/\/www.facebook.com\/immobilienbusiness\/\" \/>\n<meta property=\"article:modified_time\" content=\"2026-02-17T15:00:51+00:00\" \/>\n<meta property=\"og:image\" content=\"https:\/\/www.immobilienbusiness.ch\/wp-content\/uploads\/2021\/07\/Immobilien-Business-Ausgabe-6-2019.png\" \/>\n\t<meta property=\"og:image:width\" content=\"654\" \/>\n\t<meta property=\"og:image:height\" content=\"370\" \/>\n\t<meta property=\"og:image:type\" content=\"image\/png\" \/>\n<meta name=\"twitter:card\" content=\"summary_large_image\" \/>\n<script type=\"application\/ld+json\" class=\"yoast-schema-graph\">{\"@context\":\"https:\\\/\\\/schema.org\",\"@graph\":[{\"@type\":\"WebPage\",\"@id\":\"https:\\\/\\\/www.immobilienbusiness.ch\\\/produkt\\\/immobilien-business-ausgabe-6-2019\\\/\",\"url\":\"https:\\\/\\\/www.immobilienbusiness.ch\\\/produkt\\\/immobilien-business-ausgabe-6-2019\\\/\",\"name\":\"Immobilien Business Ausgabe 6\\\/2019 - IMMOBILIEN Business\",\"isPartOf\":{\"@id\":\"https:\\\/\\\/www.immobilienbusiness.ch\\\/#website\"},\"primaryImageOfPage\":{\"@id\":\"https:\\\/\\\/www.immobilienbusiness.ch\\\/produkt\\\/immobilien-business-ausgabe-6-2019\\\/#primaryimage\"},\"image\":{\"@id\":\"https:\\\/\\\/www.immobilienbusiness.ch\\\/produkt\\\/immobilien-business-ausgabe-6-2019\\\/#primaryimage\"},\"thumbnailUrl\":\"https:\\\/\\\/www.immobilienbusiness.ch\\\/wp-content\\\/uploads\\\/2021\\\/07\\\/Immobilien-Business-Ausgabe-6-2019.png\",\"datePublished\":\"2021-07-15T10:30:05+00:00\",\"dateModified\":\"2026-02-17T15:00:51+00:00\",\"description\":\"Erhalte die deutschsprachige Fachzeitschrift \u00abimmobilienbusiness\u00bb in der Immobilien Business Ausgabe 6\\\/2019 als PDF-Download mit nachfolgendem Inhaltsverzeichnis:\",\"breadcrumb\":{\"@id\":\"https:\\\/\\\/www.immobilienbusiness.ch\\\/produkt\\\/immobilien-business-ausgabe-6-2019\\\/#breadcrumb\"},\"inLanguage\":\"fr-FR\",\"potentialAction\":[{\"@type\":\"ReadAction\",\"target\":[\"https:\\\/\\\/www.immobilienbusiness.ch\\\/produkt\\\/immobilien-business-ausgabe-6-2019\\\/\"]}]},{\"@type\":\"ImageObject\",\"inLanguage\":\"fr-FR\",\"@id\":\"https:\\\/\\\/www.immobilienbusiness.ch\\\/produkt\\\/immobilien-business-ausgabe-6-2019\\\/#primaryimage\",\"url\":\"https:\\\/\\\/www.immobilienbusiness.ch\\\/wp-content\\\/uploads\\\/2021\\\/07\\\/Immobilien-Business-Ausgabe-6-2019.png\",\"contentUrl\":\"https:\\\/\\\/www.immobilienbusiness.ch\\\/wp-content\\\/uploads\\\/2021\\\/07\\\/Immobilien-Business-Ausgabe-6-2019.png\",\"width\":654,\"height\":370},{\"@type\":\"BreadcrumbList\",\"@id\":\"https:\\\/\\\/www.immobilienbusiness.ch\\\/produkt\\\/immobilien-business-ausgabe-6-2019\\\/#breadcrumb\",\"itemListElement\":[{\"@type\":\"ListItem\",\"position\":1,\"name\":\"Home\",\"item\":\"https:\\\/\\\/www.immobilienbusiness.ch\\\/\"},{\"@type\":\"ListItem\",\"position\":2,\"name\":\"Shop\",\"item\":\"https:\\\/\\\/www.immobilienbusiness.ch\\\/en\\\/shop\\\/\"},{\"@type\":\"ListItem\",\"position\":3,\"name\":\"Immobilien Business Ausgabe 6\\\/2019\"}]},{\"@type\":\"WebSite\",\"@id\":\"https:\\\/\\\/www.immobilienbusiness.ch\\\/#website\",\"url\":\"https:\\\/\\\/www.immobilienbusiness.ch\\\/\",\"name\":\"IMMOBILIEN Business\",\"description\":\"Unabh\u00e4ngiges Schweizer Wirtschaftsmagazin mit Fokus auf Immobilien, Architektur- und Bau sowie Investment- und Finanzierung.\",\"publisher\":{\"@id\":\"https:\\\/\\\/www.immobilienbusiness.ch\\\/#organization\"},\"potentialAction\":[{\"@type\":\"SearchAction\",\"target\":{\"@type\":\"EntryPoint\",\"urlTemplate\":\"https:\\\/\\\/www.immobilienbusiness.ch\\\/?s={search_term_string}\"},\"query-input\":{\"@type\":\"PropertyValueSpecification\",\"valueRequired\":true,\"valueName\":\"search_term_string\"}}],\"inLanguage\":\"fr-FR\"},{\"@type\":\"Organization\",\"@id\":\"https:\\\/\\\/www.immobilienbusiness.ch\\\/#organization\",\"name\":\"IMMOBILIEN Business\",\"url\":\"https:\\\/\\\/www.immobilienbusiness.ch\\\/\",\"logo\":{\"@type\":\"ImageObject\",\"inLanguage\":\"fr-FR\",\"@id\":\"https:\\\/\\\/www.immobilienbusiness.ch\\\/#\\\/schema\\\/logo\\\/image\\\/\",\"url\":\"https:\\\/\\\/www.immobilienbusiness.ch\\\/wp-content\\\/uploads\\\/2021\\\/07\\\/logo_ib.png\",\"contentUrl\":\"https:\\\/\\\/www.immobilienbusiness.ch\\\/wp-content\\\/uploads\\\/2021\\\/07\\\/logo_ib.png\",\"width\":800,\"height\":181,\"caption\":\"IMMOBILIEN Business\"},\"image\":{\"@id\":\"https:\\\/\\\/www.immobilienbusiness.ch\\\/#\\\/schema\\\/logo\\\/image\\\/\"},\"sameAs\":[\"https:\\\/\\\/www.facebook.com\\\/immobilienbusiness\\\/\"]}]}<\/script>\n<!-- \/ Yoast SEO plugin. -->","yoast_head_json":{"title":"Immobilien Business \u00c9dition 6\/2019 - IMMOBILIER Business","description":"Recevez le magazine professionnel en langue allemande \"immobilienbusiness\" dans le num\u00e9ro 6\/2019 d'Immobilien Business en t\u00e9l\u00e9chargement PDF avec la table des mati\u00e8res suivante :","robots":{"index":"index","follow":"follow","max-snippet":"max-snippet:-1","max-image-preview":"max-image-preview:large","max-video-preview":"max-video-preview:-1"},"canonical":"https:\/\/www.immobilienbusiness.ch\/fr\/product\/immobilien-business-ausgabe-6-2019\/","og_locale":"fr_FR","og_type":"article","og_title":"Immobilien Business Ausgabe 6\/2019 - IMMOBILIEN Business","og_description":"Erhalte die deutschsprachige Fachzeitschrift \u00abimmobilienbusiness\u00bb in der Immobilien Business Ausgabe 6\/2019 als PDF-Download mit nachfolgendem Inhaltsverzeichnis:","og_url":"https:\/\/www.immobilienbusiness.ch\/fr\/product\/immobilien-business-ausgabe-6-2019\/","og_site_name":"IMMOBILIEN Business","article_publisher":"https:\/\/www.facebook.com\/immobilienbusiness\/","article_modified_time":"2026-02-17T15:00:51+00:00","og_image":[{"width":654,"height":370,"url":"https:\/\/www.immobilienbusiness.ch\/wp-content\/uploads\/2021\/07\/Immobilien-Business-Ausgabe-6-2019.png","type":"image\/png"}],"twitter_card":"summary_large_image","schema":{"@context":"https:\/\/schema.org","@graph":[{"@type":"WebPage","@id":"https:\/\/www.immobilienbusiness.ch\/produkt\/immobilien-business-ausgabe-6-2019\/","url":"https:\/\/www.immobilienbusiness.ch\/produkt\/immobilien-business-ausgabe-6-2019\/","name":"Immobilien Business \u00c9dition 6\/2019 - IMMOBILIER Business","isPartOf":{"@id":"https:\/\/www.immobilienbusiness.ch\/#website"},"primaryImageOfPage":{"@id":"https:\/\/www.immobilienbusiness.ch\/produkt\/immobilien-business-ausgabe-6-2019\/#primaryimage"},"image":{"@id":"https:\/\/www.immobilienbusiness.ch\/produkt\/immobilien-business-ausgabe-6-2019\/#primaryimage"},"thumbnailUrl":"https:\/\/www.immobilienbusiness.ch\/wp-content\/uploads\/2021\/07\/Immobilien-Business-Ausgabe-6-2019.png","datePublished":"2021-07-15T10:30:05+00:00","dateModified":"2026-02-17T15:00:51+00:00","description":"Recevez le magazine professionnel en langue allemande \"immobilienbusiness\" dans le num\u00e9ro 6\/2019 d'Immobilien Business en t\u00e9l\u00e9chargement PDF avec la table des mati\u00e8res suivante :","breadcrumb":{"@id":"https:\/\/www.immobilienbusiness.ch\/produkt\/immobilien-business-ausgabe-6-2019\/#breadcrumb"},"inLanguage":"fr-FR","potentialAction":[{"@type":"ReadAction","target":["https:\/\/www.immobilienbusiness.ch\/produkt\/immobilien-business-ausgabe-6-2019\/"]}]},{"@type":"ImageObject","inLanguage":"fr-FR","@id":"https:\/\/www.immobilienbusiness.ch\/produkt\/immobilien-business-ausgabe-6-2019\/#primaryimage","url":"https:\/\/www.immobilienbusiness.ch\/wp-content\/uploads\/2021\/07\/Immobilien-Business-Ausgabe-6-2019.png","contentUrl":"https:\/\/www.immobilienbusiness.ch\/wp-content\/uploads\/2021\/07\/Immobilien-Business-Ausgabe-6-2019.png","width":654,"height":370},{"@type":"BreadcrumbList","@id":"https:\/\/www.immobilienbusiness.ch\/produkt\/immobilien-business-ausgabe-6-2019\/#breadcrumb","itemListElement":[{"@type":"ListItem","position":1,"name":"Home","item":"https:\/\/www.immobilienbusiness.ch\/"},{"@type":"ListItem","position":2,"name":"Shop","item":"https:\/\/www.immobilienbusiness.ch\/en\/shop\/"},{"@type":"ListItem","position":3,"name":"Immobilien Business Ausgabe 6\/2019"}]},{"@type":"WebSite","@id":"https:\/\/www.immobilienbusiness.ch\/#website","url":"https:\/\/www.immobilienbusiness.ch\/","name":"IMMOBILIER Business","description":"Magazine \u00e9conomique suisse ind\u00e9pendant ax\u00e9 sur l'immobilier, l'architecture et la construction ainsi que sur les investissements et le financement.","publisher":{"@id":"https:\/\/www.immobilienbusiness.ch\/#organization"},"potentialAction":[{"@type":"SearchAction","target":{"@type":"EntryPoint","urlTemplate":"https:\/\/www.immobilienbusiness.ch\/?s={search_term_string}"},"query-input":{"@type":"PropertyValueSpecification","valueRequired":true,"valueName":"search_term_string"}}],"inLanguage":"fr-FR"},{"@type":"Organization","@id":"https:\/\/www.immobilienbusiness.ch\/#organization","name":"IMMOBILIER Business","url":"https:\/\/www.immobilienbusiness.ch\/","logo":{"@type":"ImageObject","inLanguage":"fr-FR","@id":"https:\/\/www.immobilienbusiness.ch\/#\/schema\/logo\/image\/","url":"https:\/\/www.immobilienbusiness.ch\/wp-content\/uploads\/2021\/07\/logo_ib.png","contentUrl":"https:\/\/www.immobilienbusiness.ch\/wp-content\/uploads\/2021\/07\/logo_ib.png","width":800,"height":181,"caption":"IMMOBILIEN Business"},"image":{"@id":"https:\/\/www.immobilienbusiness.ch\/#\/schema\/logo\/image\/"},"sameAs":["https:\/\/www.facebook.com\/immobilienbusiness\/"]}]}},"_links":{"self":[{"href":"https:\/\/www.immobilienbusiness.ch\/fr\/wp-json\/wp\/v2\/product\/37269","targetHints":{"allow":["GET"]}}],"collection":[{"href":"https:\/\/www.immobilienbusiness.ch\/fr\/wp-json\/wp\/v2\/product"}],"about":[{"href":"https:\/\/www.immobilienbusiness.ch\/fr\/wp-json\/wp\/v2\/types\/product"}],"wp:featuredmedia":[{"embeddable":true,"href":"https:\/\/www.immobilienbusiness.ch\/fr\/wp-json\/wp\/v2\/media\/37299"}],"wp:attachment":[{"href":"https:\/\/www.immobilienbusiness.ch\/fr\/wp-json\/wp\/v2\/media?parent=37269"}],"wp:term":[{"taxonomy":"product_brand","embeddable":true,"href":"https:\/\/www.immobilienbusiness.ch\/fr\/wp-json\/wp\/v2\/product_brand?post=37269"},{"taxonomy":"product_cat","embeddable":true,"href":"https:\/\/www.immobilienbusiness.ch\/fr\/wp-json\/wp\/v2\/product_cat?post=37269"},{"taxonomy":"product_tag","embeddable":true,"href":"https:\/\/www.immobilienbusiness.ch\/fr\/wp-json\/wp\/v2\/product_tag?post=37269"}],"curies":[{"name":"wp","href":"https:\/\/api.w.org\/{rel}","templated":true}]}}