{"id":37264,"date":"2021-07-15T12:30:05","date_gmt":"2021-07-15T10:30:05","guid":{"rendered":"https:\/\/www.immobilienbusiness.ch\/?post_type=product&#038;p=37264"},"modified":"2026-02-17T16:00:50","modified_gmt":"2026-02-17T15:00:50","slug":"immobilien-business-ausgabe-12-2019","status":"publish","type":"product","link":"https:\/\/www.immobilienbusiness.ch\/fr\/product\/immobilien-business-ausgabe-12-2019\/","title":{"rendered":"Num\u00e9ro des affaires immobili\u00e8res 12\/2019"},"content":{"rendered":"<h2>Nouvelles<\/h2>\n<ul>\n<li>Zurich : nouvel \"objet phare\" au bord du lac de Zurich<\/li>\n<li>Zurich : Helvetica Property d\u00e9m\u00e9nage<\/li>\n<li>Personnel : SVIT FM \/ SF Sustainable Property<\/li>\n<li>Zurich : Guggach III un pas en avant<\/li>\n<li>W\u00e4denswil : AuPark franchit une nouvelle \u00e9tape<\/li>\n<li>Personnel : Livit AG \/ Crowdli\/Crowdlitoken<\/li>\n<li>Winterthur : d\u00e9but des travaux pour le projet d'Allreal<\/li>\n<li>Thoune : nouveaux plans pour le quartier de Bostuden<\/li>\n<li>Personnel : Primus Property \/ Tend AG<\/li>\n<li>Lucerne : le gel des zones \u00e0 b\u00e2tir est lev\u00e9<\/li>\n<li>La ville de Villigen : Le parc Innovaare poursuit sa croissance<\/li>\n<li>Personnel : Ruag Real Estate \/ Mobimo Holding<\/li>\n<li>B\u00e2le : Roche pr\u00e9voit d'autres tours<\/li>\n<li>Berne : nouveau quartier de 2 000 watts<\/li>\n<li>Personnel : Implenia AG<\/li>\n<li>Gen\u00e8ve : Label OPL pour Green Village<\/li>\n<li>Gen\u00e8ve : Pictet entre dans le capital du grand projet PAV<\/li>\n<li>De la part des entreprises : H\u00e4lg \/ Red RE Group<\/li>\n<li>Ostermundigen : \"Belano Zuhause\" va de l'avant<\/li>\n<\/ul>\n<h2>Tendances<\/h2>\n<ul>\n<li>Des emplacements r\u00e9sistants \u00e0 la crise Les surfaces commerciales stationnaires restent demand\u00e9es<\/li>\n<li>Entretien : Sreten Petkovic, Swiss Retail Solutions<\/li>\n<\/ul>\n<h2>March\u00e9s et investissements<\/h2>\n<ul>\n<li>Le nouvel acteur majeur Aevis Victoria renforce massivement sa position<\/li>\n<li>Entretien : Guido Fredrich, groupe h\u00f4telier Hyatt<\/li>\n<\/ul>\n<h2>Titre Sujet<\/h2>\n<ul>\n<li>L'immobilier est incontournable<\/li>\n<li>Changements tectoniques Les CP misent sur l'immobilier<\/li>\n<li>\"Anesth\u00e9sie avant l'op\u00e9ration\" Les critiques contre la politique des taux d'int\u00e9r\u00eat se multiplient<\/li>\n<li>Investir avec une protection Les acheteurs exigent plus de garanties<\/li>\n<li>Chronique : Le march\u00e9, mon cul<\/li>\n<\/ul>\n<h2>Gestion d'actifs et de portefeuilles<\/h2>\n<ul>\n<li>Assainir de mani\u00e8re r\u00e9fl\u00e9chie Facteurs cl\u00e9s dans la gestion de portefeuille<\/li>\n<li>20 ans de croissance - et maintenant ?<\/li>\n<\/ul>\n<h2>R\u00e9sidentiel<\/h2>\n<ul>\n<li>Ensemble, c'est moins cher Nouveaux concepts d'exploitation pour les r\u00e9sidences secondaires<\/li>\n<\/ul>\n<h2>Service<\/h2>\n<ul>\n<li>Agenda \/ Aper\u00e7u<\/li>\n<li>Loyers demand\u00e9s<\/li>\n<li>\"Que signifie durable ici ?\" R\u00e9trospective 78e Rencontre suisse de l'immobilier<\/li>\n<li>Rendez-vous de la branche immobili\u00e8re suisse Pr\u00e9sentation Immo'20<\/li>\n<\/ul>\n<h2>March\u00e9s \u00e9trangers<\/h2>\n<ul>\n<li>Le march\u00e9 selon les r\u00e8gles Les investissements en Allemagne deviennent plus risqu\u00e9s<\/li>\n<\/ul>\n<h2>March\u00e9s financiers immobiliers<\/h2>\n<ul>\n<li>Interview du mois : Mirko K\u00e4ppeli, Zug Estates Holding AG<\/li>\n<li>En point de mire : la fi\u00e8vre des acquisitions<\/li>\n<li>Akara Diversity PK : un capital frais est n\u00e9cessaire<\/li>\n<li>Patrimonium Swiss REF : NIV a augment\u00e9<\/li>\n<li>Helvetica Property Investors : Un rythme soutenu<\/li>\n<li>CS REF Green Property : de l'argent frais<\/li>\n<li>SF Retail Properties Fund : Augmentation de capital<\/li>\n<li>Solvalor 61 : r\u00e9sultat en hausse<\/li>\n<li>Swiss Life REF Swiss Properties : Sur la bonne voie<\/li>\n<li>Groupe de placement Zurich : la barre du milliard est atteinte<\/li>\n<li>Groupes de placement UBS : une performance solide<\/li>\n<li>Steiner AST : Nouveau groupe de placement<\/li>\n<li>HIG Immobilien AST : Le milliard a \u00e9t\u00e9 d\u00e9pass\u00e9<\/li>\n<li>PSP Swiss Property : b\u00e9n\u00e9fice en hausse attendu<\/li>\n<li>BFW biens immobiliers : Offre de reprise<\/li>\n<li>AXA Immovation : un exercice r\u00e9ussi<\/li>\n<li>Mobifonds : augmentation des revenus locatifs<\/li>\n<li>Streetbox REF : revenu net augment\u00e9<\/li>\n<li>Z\u00fcblin Immobilien : Des eaux plus calmes<\/li>\n<li>Orascom Development : m\u00e9ga-projet au Royaume-Uni<\/li>\n<li>Quadoro : investissement aux Pays-Bas<\/li>\n<li>Swiss Life AM : premi\u00e8re en Finlande<\/li>\n<li>Asia Green RE : Un investissement r\u00e9ussi<\/li>\n<li>AFIAA : nouvelle acquisition \u00e0 New York<\/li>\n<li>Aevis Victoria : Investissement \u00e0 Paris<\/li>\n<li>Perspectives du march\u00e9 : PwC\/UlI Tendances \u00e9mergentes dans l'immobilier en Europe<\/li>\n<\/ul>\n<h2>Copropri\u00e9t\u00e9<\/h2>\n<ul>\n<li>\"Qui paie les stations de recharge ?\"<\/li>\n<\/ul>","protected":false},"excerpt":{"rendered":"<p>Re\u00e7ois la revue sp\u00e9cialis\u00e9e en langue allemande \"immobilienbusiness\" dans l'\u00e9dition Immobilien Business 12\/2019 en t\u00e9l\u00e9chargement PDF avec la table des mati\u00e8res ci-dessous :<\/p>","protected":false},"featured_media":37294,"template":"","meta":{"_acf_changed":false,"pgc_sgb_lightbox_settings":""},"product_brand":[],"product_cat":[921],"product_tag":[925],"class_list":{"0":"post-37264","1":"product","2":"type-product","3":"status-publish","4":"has-post-thumbnail","6":"product_cat-einzelausgaben","7":"product_tag-925","9":"first","10":"instock","11":"downloadable","12":"virtual","13":"taxable","14":"purchasable","15":"product-type-simple"},"acf":[],"yoast_head":"<!-- This site is optimized with the Yoast SEO plugin v27.4 - https:\/\/yoast.com\/product\/yoast-seo-wordpress\/ -->\n<title>Immobilien Business Ausgabe 12\/2019 - IMMOBILIEN Business<\/title>\n<meta name=\"description\" content=\"Erhalte die deutschsprachige Fachzeitschrift \u00abimmobilienbusiness\u00bb in der Immobilien Business Ausgabe 12\/2019 als PDF-Download mit nachfolgendem Inhaltsverzeichnis:\" \/>\n<meta name=\"robots\" content=\"index, follow, max-snippet:-1, max-image-preview:large, max-video-preview:-1\" \/>\n<link rel=\"canonical\" href=\"https:\/\/www.immobilienbusiness.ch\/fr\/product\/immobilien-business-ausgabe-12-2019\/\" \/>\n<meta property=\"og:locale\" content=\"fr_FR\" \/>\n<meta property=\"og:type\" content=\"article\" \/>\n<meta property=\"og:title\" content=\"Immobilien Business Ausgabe 12\/2019 - IMMOBILIEN Business\" \/>\n<meta property=\"og:description\" content=\"Erhalte die deutschsprachige Fachzeitschrift \u00abimmobilienbusiness\u00bb in der Immobilien Business Ausgabe 12\/2019 als PDF-Download mit nachfolgendem Inhaltsverzeichnis:\" \/>\n<meta property=\"og:url\" content=\"https:\/\/www.immobilienbusiness.ch\/fr\/product\/immobilien-business-ausgabe-12-2019\/\" \/>\n<meta property=\"og:site_name\" content=\"IMMOBILIEN Business\" \/>\n<meta property=\"article:publisher\" content=\"https:\/\/www.facebook.com\/immobilienbusiness\/\" \/>\n<meta property=\"article:modified_time\" content=\"2026-02-17T15:00:50+00:00\" \/>\n<meta property=\"og:image\" content=\"https:\/\/www.immobilienbusiness.ch\/wp-content\/uploads\/2021\/07\/Immobilien-Business-Ausgabe-12-2019.png\" \/>\n\t<meta property=\"og:image:width\" content=\"654\" \/>\n\t<meta property=\"og:image:height\" content=\"370\" \/>\n\t<meta property=\"og:image:type\" content=\"image\/png\" \/>\n<meta name=\"twitter:card\" content=\"summary_large_image\" \/>\n<script type=\"application\/ld+json\" class=\"yoast-schema-graph\">{\"@context\":\"https:\\\/\\\/schema.org\",\"@graph\":[{\"@type\":\"WebPage\",\"@id\":\"https:\\\/\\\/www.immobilienbusiness.ch\\\/produkt\\\/immobilien-business-ausgabe-12-2019\\\/\",\"url\":\"https:\\\/\\\/www.immobilienbusiness.ch\\\/produkt\\\/immobilien-business-ausgabe-12-2019\\\/\",\"name\":\"Immobilien Business Ausgabe 12\\\/2019 - IMMOBILIEN Business\",\"isPartOf\":{\"@id\":\"https:\\\/\\\/www.immobilienbusiness.ch\\\/#website\"},\"primaryImageOfPage\":{\"@id\":\"https:\\\/\\\/www.immobilienbusiness.ch\\\/produkt\\\/immobilien-business-ausgabe-12-2019\\\/#primaryimage\"},\"image\":{\"@id\":\"https:\\\/\\\/www.immobilienbusiness.ch\\\/produkt\\\/immobilien-business-ausgabe-12-2019\\\/#primaryimage\"},\"thumbnailUrl\":\"https:\\\/\\\/www.immobilienbusiness.ch\\\/wp-content\\\/uploads\\\/2021\\\/07\\\/Immobilien-Business-Ausgabe-12-2019.png\",\"datePublished\":\"2021-07-15T10:30:05+00:00\",\"dateModified\":\"2026-02-17T15:00:50+00:00\",\"description\":\"Erhalte die deutschsprachige Fachzeitschrift \u00abimmobilienbusiness\u00bb in der Immobilien Business Ausgabe 12\\\/2019 als PDF-Download mit nachfolgendem Inhaltsverzeichnis:\",\"breadcrumb\":{\"@id\":\"https:\\\/\\\/www.immobilienbusiness.ch\\\/produkt\\\/immobilien-business-ausgabe-12-2019\\\/#breadcrumb\"},\"inLanguage\":\"fr-FR\",\"potentialAction\":[{\"@type\":\"ReadAction\",\"target\":[\"https:\\\/\\\/www.immobilienbusiness.ch\\\/produkt\\\/immobilien-business-ausgabe-12-2019\\\/\"]}]},{\"@type\":\"ImageObject\",\"inLanguage\":\"fr-FR\",\"@id\":\"https:\\\/\\\/www.immobilienbusiness.ch\\\/produkt\\\/immobilien-business-ausgabe-12-2019\\\/#primaryimage\",\"url\":\"https:\\\/\\\/www.immobilienbusiness.ch\\\/wp-content\\\/uploads\\\/2021\\\/07\\\/Immobilien-Business-Ausgabe-12-2019.png\",\"contentUrl\":\"https:\\\/\\\/www.immobilienbusiness.ch\\\/wp-content\\\/uploads\\\/2021\\\/07\\\/Immobilien-Business-Ausgabe-12-2019.png\",\"width\":654,\"height\":370},{\"@type\":\"BreadcrumbList\",\"@id\":\"https:\\\/\\\/www.immobilienbusiness.ch\\\/produkt\\\/immobilien-business-ausgabe-12-2019\\\/#breadcrumb\",\"itemListElement\":[{\"@type\":\"ListItem\",\"position\":1,\"name\":\"Home\",\"item\":\"https:\\\/\\\/www.immobilienbusiness.ch\\\/\"},{\"@type\":\"ListItem\",\"position\":2,\"name\":\"Shop\",\"item\":\"https:\\\/\\\/www.immobilienbusiness.ch\\\/en\\\/shop\\\/\"},{\"@type\":\"ListItem\",\"position\":3,\"name\":\"Immobilien Business Ausgabe 12\\\/2019\"}]},{\"@type\":\"WebSite\",\"@id\":\"https:\\\/\\\/www.immobilienbusiness.ch\\\/#website\",\"url\":\"https:\\\/\\\/www.immobilienbusiness.ch\\\/\",\"name\":\"IMMOBILIEN Business\",\"description\":\"Unabh\u00e4ngiges Schweizer Wirtschaftsmagazin mit Fokus auf Immobilien, Architektur- und Bau sowie Investment- und Finanzierung.\",\"publisher\":{\"@id\":\"https:\\\/\\\/www.immobilienbusiness.ch\\\/#organization\"},\"potentialAction\":[{\"@type\":\"SearchAction\",\"target\":{\"@type\":\"EntryPoint\",\"urlTemplate\":\"https:\\\/\\\/www.immobilienbusiness.ch\\\/?s={search_term_string}\"},\"query-input\":{\"@type\":\"PropertyValueSpecification\",\"valueRequired\":true,\"valueName\":\"search_term_string\"}}],\"inLanguage\":\"fr-FR\"},{\"@type\":\"Organization\",\"@id\":\"https:\\\/\\\/www.immobilienbusiness.ch\\\/#organization\",\"name\":\"IMMOBILIEN Business\",\"url\":\"https:\\\/\\\/www.immobilienbusiness.ch\\\/\",\"logo\":{\"@type\":\"ImageObject\",\"inLanguage\":\"fr-FR\",\"@id\":\"https:\\\/\\\/www.immobilienbusiness.ch\\\/#\\\/schema\\\/logo\\\/image\\\/\",\"url\":\"https:\\\/\\\/www.immobilienbusiness.ch\\\/wp-content\\\/uploads\\\/2021\\\/07\\\/logo_ib.png\",\"contentUrl\":\"https:\\\/\\\/www.immobilienbusiness.ch\\\/wp-content\\\/uploads\\\/2021\\\/07\\\/logo_ib.png\",\"width\":800,\"height\":181,\"caption\":\"IMMOBILIEN Business\"},\"image\":{\"@id\":\"https:\\\/\\\/www.immobilienbusiness.ch\\\/#\\\/schema\\\/logo\\\/image\\\/\"},\"sameAs\":[\"https:\\\/\\\/www.facebook.com\\\/immobilienbusiness\\\/\"]}]}<\/script>\n<!-- \/ Yoast SEO plugin. -->","yoast_head_json":{"title":"Immobilien Business \u00e9dition 12\/2019 - IMMOBILIER Business","description":"Re\u00e7ois la revue sp\u00e9cialis\u00e9e en langue allemande \"immobilienbusiness\" dans l'\u00e9dition Immobilien Business 12\/2019 en t\u00e9l\u00e9chargement PDF avec la table des mati\u00e8res ci-dessous :","robots":{"index":"index","follow":"follow","max-snippet":"max-snippet:-1","max-image-preview":"max-image-preview:large","max-video-preview":"max-video-preview:-1"},"canonical":"https:\/\/www.immobilienbusiness.ch\/fr\/product\/immobilien-business-ausgabe-12-2019\/","og_locale":"fr_FR","og_type":"article","og_title":"Immobilien Business Ausgabe 12\/2019 - IMMOBILIEN Business","og_description":"Erhalte die deutschsprachige Fachzeitschrift \u00abimmobilienbusiness\u00bb in der Immobilien Business Ausgabe 12\/2019 als PDF-Download mit nachfolgendem Inhaltsverzeichnis:","og_url":"https:\/\/www.immobilienbusiness.ch\/fr\/product\/immobilien-business-ausgabe-12-2019\/","og_site_name":"IMMOBILIEN Business","article_publisher":"https:\/\/www.facebook.com\/immobilienbusiness\/","article_modified_time":"2026-02-17T15:00:50+00:00","og_image":[{"width":654,"height":370,"url":"https:\/\/www.immobilienbusiness.ch\/wp-content\/uploads\/2021\/07\/Immobilien-Business-Ausgabe-12-2019.png","type":"image\/png"}],"twitter_card":"summary_large_image","schema":{"@context":"https:\/\/schema.org","@graph":[{"@type":"WebPage","@id":"https:\/\/www.immobilienbusiness.ch\/produkt\/immobilien-business-ausgabe-12-2019\/","url":"https:\/\/www.immobilienbusiness.ch\/produkt\/immobilien-business-ausgabe-12-2019\/","name":"Immobilien Business \u00e9dition 12\/2019 - IMMOBILIER Business","isPartOf":{"@id":"https:\/\/www.immobilienbusiness.ch\/#website"},"primaryImageOfPage":{"@id":"https:\/\/www.immobilienbusiness.ch\/produkt\/immobilien-business-ausgabe-12-2019\/#primaryimage"},"image":{"@id":"https:\/\/www.immobilienbusiness.ch\/produkt\/immobilien-business-ausgabe-12-2019\/#primaryimage"},"thumbnailUrl":"https:\/\/www.immobilienbusiness.ch\/wp-content\/uploads\/2021\/07\/Immobilien-Business-Ausgabe-12-2019.png","datePublished":"2021-07-15T10:30:05+00:00","dateModified":"2026-02-17T15:00:50+00:00","description":"Re\u00e7ois la revue sp\u00e9cialis\u00e9e en langue allemande \"immobilienbusiness\" dans l'\u00e9dition Immobilien Business 12\/2019 en t\u00e9l\u00e9chargement PDF avec la table des mati\u00e8res ci-dessous :","breadcrumb":{"@id":"https:\/\/www.immobilienbusiness.ch\/produkt\/immobilien-business-ausgabe-12-2019\/#breadcrumb"},"inLanguage":"fr-FR","potentialAction":[{"@type":"ReadAction","target":["https:\/\/www.immobilienbusiness.ch\/produkt\/immobilien-business-ausgabe-12-2019\/"]}]},{"@type":"ImageObject","inLanguage":"fr-FR","@id":"https:\/\/www.immobilienbusiness.ch\/produkt\/immobilien-business-ausgabe-12-2019\/#primaryimage","url":"https:\/\/www.immobilienbusiness.ch\/wp-content\/uploads\/2021\/07\/Immobilien-Business-Ausgabe-12-2019.png","contentUrl":"https:\/\/www.immobilienbusiness.ch\/wp-content\/uploads\/2021\/07\/Immobilien-Business-Ausgabe-12-2019.png","width":654,"height":370},{"@type":"BreadcrumbList","@id":"https:\/\/www.immobilienbusiness.ch\/produkt\/immobilien-business-ausgabe-12-2019\/#breadcrumb","itemListElement":[{"@type":"ListItem","position":1,"name":"Home","item":"https:\/\/www.immobilienbusiness.ch\/"},{"@type":"ListItem","position":2,"name":"Shop","item":"https:\/\/www.immobilienbusiness.ch\/en\/shop\/"},{"@type":"ListItem","position":3,"name":"Immobilien Business Ausgabe 12\/2019"}]},{"@type":"WebSite","@id":"https:\/\/www.immobilienbusiness.ch\/#website","url":"https:\/\/www.immobilienbusiness.ch\/","name":"IMMOBILIER Business","description":"Magazine \u00e9conomique suisse ind\u00e9pendant ax\u00e9 sur l'immobilier, l'architecture et la construction ainsi que sur les investissements et le financement.","publisher":{"@id":"https:\/\/www.immobilienbusiness.ch\/#organization"},"potentialAction":[{"@type":"SearchAction","target":{"@type":"EntryPoint","urlTemplate":"https:\/\/www.immobilienbusiness.ch\/?s={search_term_string}"},"query-input":{"@type":"PropertyValueSpecification","valueRequired":true,"valueName":"search_term_string"}}],"inLanguage":"fr-FR"},{"@type":"Organization","@id":"https:\/\/www.immobilienbusiness.ch\/#organization","name":"IMMOBILIER Business","url":"https:\/\/www.immobilienbusiness.ch\/","logo":{"@type":"ImageObject","inLanguage":"fr-FR","@id":"https:\/\/www.immobilienbusiness.ch\/#\/schema\/logo\/image\/","url":"https:\/\/www.immobilienbusiness.ch\/wp-content\/uploads\/2021\/07\/logo_ib.png","contentUrl":"https:\/\/www.immobilienbusiness.ch\/wp-content\/uploads\/2021\/07\/logo_ib.png","width":800,"height":181,"caption":"IMMOBILIEN Business"},"image":{"@id":"https:\/\/www.immobilienbusiness.ch\/#\/schema\/logo\/image\/"},"sameAs":["https:\/\/www.facebook.com\/immobilienbusiness\/"]}]}},"_links":{"self":[{"href":"https:\/\/www.immobilienbusiness.ch\/fr\/wp-json\/wp\/v2\/product\/37264","targetHints":{"allow":["GET"]}}],"collection":[{"href":"https:\/\/www.immobilienbusiness.ch\/fr\/wp-json\/wp\/v2\/product"}],"about":[{"href":"https:\/\/www.immobilienbusiness.ch\/fr\/wp-json\/wp\/v2\/types\/product"}],"wp:featuredmedia":[{"embeddable":true,"href":"https:\/\/www.immobilienbusiness.ch\/fr\/wp-json\/wp\/v2\/media\/37294"}],"wp:attachment":[{"href":"https:\/\/www.immobilienbusiness.ch\/fr\/wp-json\/wp\/v2\/media?parent=37264"}],"wp:term":[{"taxonomy":"product_brand","embeddable":true,"href":"https:\/\/www.immobilienbusiness.ch\/fr\/wp-json\/wp\/v2\/product_brand?post=37264"},{"taxonomy":"product_cat","embeddable":true,"href":"https:\/\/www.immobilienbusiness.ch\/fr\/wp-json\/wp\/v2\/product_cat?post=37264"},{"taxonomy":"product_tag","embeddable":true,"href":"https:\/\/www.immobilienbusiness.ch\/fr\/wp-json\/wp\/v2\/product_tag?post=37264"}],"curies":[{"name":"wp","href":"https:\/\/api.w.org\/{rel}","templated":true}]}}