{"id":9158,"date":"2017-09-14T10:55:18","date_gmt":"2017-09-14T08:55:18","guid":{"rendered":"https:\/\/www.immobilienbusiness.ch\/?page_id=9158"},"modified":"2024-09-03T17:35:20","modified_gmt":"2024-09-03T15:35:20","slug":"agb","status":"publish","type":"page","link":"https:\/\/www.immobilienbusiness.ch\/fr\/agb\/","title":{"rendered":"AGB"},"content":{"rendered":"<p><strong><strong>Placement et modification des commandes<\/strong> Nous demandons que les annonces soient plac\u00e9es, modifi\u00e9es ou suspendues par \u00e9crit.<\/strong><\/p>\n<p><strong>Confirmation de la commande<\/strong><br \/>\nVous recevrez une confirmation de commande de notre part d\u00e8s r\u00e9ception de votre r\u00e9servation.<\/p>\n<p><strong>Publication d'annonces<\/strong><br \/>\nLe client est responsable du contenu d'une publicit\u00e9. Il est responsable de toute r\u00e9clamation contre l'\u00e9diteur. L'\u00e9diteur se r\u00e9serve le droit de refuser la publication d'annonces, de suspendre les annonces en cours ou d'exiger des modifications. Les annonces textuelles doivent se distinguer de la section \u00e9ditoriale par la mise en page, la police de caract\u00e8res et la taille des caract\u00e8res. Le logo du journal et sa police de caract\u00e8res ne peuvent \u00eatre utilis\u00e9s. Toutes les annonces peuvent \u00eatre clairement identifi\u00e9es comme telles par l'\u00e9diteur par le titre \"Annonce\" ou \"Promotion\".<\/p>\n<p><strong>Placements<\/strong><br \/>\nLes placements sont accept\u00e9s comme une demande, mais pas comme une condition (sauf pour les placements soumis \u00e0 une surtaxe).<\/p>\n<p><strong>Droit d'ajournement<\/strong><br \/>\nNous nous r\u00e9servons le droit de reporter les annonces d'un num\u00e9ro pour des raisons techniques, m\u00eame sans consulter le client.<\/p>\n<p><strong>Modifications des tarifs<\/strong><br \/>\nLes tarifs sont susceptibles d'\u00eatre modifi\u00e9s et prennent effet imm\u00e9diatement, m\u00eame pour les commandes en cours. Tous les tarifs publicitaires sont hors taxes. Prix en francs au cours du jour.<\/p>\n<p><strong>Accords d'escompte<\/strong><br \/>\nLes remises sont valables pour la dur\u00e9e d'un an et pour un seul client. Elles sont obligatoires pendant toute la dur\u00e9e du contrat.<\/p>\n<p><strong>D\u00e9fauts techniques<\/strong><br \/>\nAucune responsabilit\u00e9 ne peut \u00eatre accept\u00e9e pour les annonces qui n'apparaissent pas correctement en raison d'un mat\u00e9riel d'impression manquant ou inadapt\u00e9. Dans le cas d'annonces en couleur, une \u00e9preuve en couleur doit \u00eatre soumise en temps utile. Une tol\u00e9rance raisonnable dans la teinte de la couleur est r\u00e9serv\u00e9e. Il n'existe un droit au remplacement ou \u00e0 la r\u00e9duction du prix que si l'annonce perd son effet publicitaire en raison de d\u00e9fauts majeurs de la reproduction technique.<\/p>\n<p><strong>Plaintes<\/strong><br \/>\nLes r\u00e9clamations seront accept\u00e9es dans les 10 jours suivant la facturation.<\/p>\n<p><strong>Facturation<\/strong><br \/>\nLa facture est envoy\u00e9e par voie \u00e9lectronique au format PDF avec le re\u00e7u de la page correspondante \u00e0 l'adresse \u00e9lectronique fournie par le client. Si n\u00e9cessaire, une facture physique peut \u00eatre envoy\u00e9e moyennant un co\u00fbt.<\/p>\n<p><strong>Avis de non-responsabilit\u00e9<\/strong><br \/>\nLe contenu \u00e9ditorial ne constitue ni une offre ni une invitation \u00e0 conclure une transaction financi\u00e8re et ne lib\u00e8re pas le lecteur de son<br \/>\npropre jugement.<\/p>\n<p><strong>Date limite de paiement<\/strong><br \/>\n30 jours apr\u00e8s r\u00e9ception de la facture, sans escompte. Si le montant des factures doit \u00eatre ex\u00e9cut\u00e9 par voie d'ex\u00e9cution forc\u00e9e, tout accord d'escompte et de commission cesse de s'appliquer.<\/p>\n<p><strong>Applicabilit\u00e9<\/strong><br \/>\nLes ordres d'insertion sont bas\u00e9s sur le tarif publi\u00e9 par l'\u00e9diteur. Les dispositions d'insertion sont obligatoires pour toutes les commandes.<\/p>\n<p><strong>Lieu de juridiction<\/strong><br \/>\nLe lieu de juridiction et d'ex\u00e9cution est Zurich.<\/p>\n<p>Zurich, Berneck, Flawil, Frauenfeld, septembre 2017<\/p>","protected":false},"excerpt":{"rendered":"<p>Auftragserteilung\/Auftrags\u00e4nderung Aufgabe, \u00c4nderung oder Sistierung von Inseraten erbitten wir schriftlich. Auftragsbest\u00e4tigung Eine Auftragsbest\u00e4tigung erhalten Sie von uns nach Eingang Ihrer Buchung. Ver\u00f6ffentlichung von Anzeigen F\u00fcr den Inhalt einer Anzeige ist der Auftraggeber verantwortlich. Er hat f\u00fcr allf\u00e4llige Anspr\u00fcche gegen\u00fcber dem Verlag einzustehen. Der Verlag beh\u00e4lt sich das Recht vor, die Ver\u00f6ffentlichung von Anzeigen abzulehnen, laufende [&hellip;]<\/p>\n","protected":false},"author":6,"featured_media":0,"parent":0,"menu_order":0,"comment_status":"closed","ping_status":"closed","template":"","meta":{"_acf_changed":false,"pgc_sgb_lightbox_settings":"","footnotes":""},"class_list":["post-9158","page","type-page","status-publish","hentry"],"acf":[],"yoast_head":"<!-- This site is optimized with the Yoast SEO plugin v27.4 - https:\/\/yoast.com\/product\/yoast-seo-wordpress\/ -->\n<title>Allgemeine Gesch\u00e4ftsbedingungen (AGB) IMMOBILIEN Business<\/title>\n<meta name=\"description\" content=\"Allgemeine Gesch\u00e4ftsbedingungen (AGB) der galledia ag und der galledia Verlag AG, beide nachfolgend galledia genannt.\" \/>\n<meta name=\"robots\" content=\"index, follow, max-snippet:-1, max-image-preview:large, max-video-preview:-1\" \/>\n<link rel=\"canonical\" href=\"https:\/\/www.immobilienbusiness.ch\/fr\/agb\/\" \/>\n<meta property=\"og:locale\" content=\"fr_FR\" \/>\n<meta property=\"og:type\" content=\"article\" \/>\n<meta property=\"og:title\" content=\"Allgemeine Gesch\u00e4ftsbedingungen (AGB) IMMOBILIEN Business\" \/>\n<meta property=\"og:description\" content=\"Allgemeine Gesch\u00e4ftsbedingungen (AGB) der galledia ag und der galledia Verlag AG, beide nachfolgend galledia genannt.\" \/>\n<meta property=\"og:url\" content=\"https:\/\/www.immobilienbusiness.ch\/fr\/agb\/\" \/>\n<meta property=\"og:site_name\" content=\"IMMOBILIEN Business\" \/>\n<meta property=\"article:publisher\" content=\"https:\/\/www.facebook.com\/immobilienbusiness\/\" \/>\n<meta property=\"article:modified_time\" content=\"2024-09-03T15:35:20+00:00\" \/>\n<meta name=\"twitter:card\" content=\"summary_large_image\" \/>\n<script type=\"application\/ld+json\" class=\"yoast-schema-graph\">{\"@context\":\"https:\\\/\\\/schema.org\",\"@graph\":[{\"@type\":\"WebPage\",\"@id\":\"https:\\\/\\\/www.immobilienbusiness.ch\\\/agb\\\/\",\"url\":\"https:\\\/\\\/www.immobilienbusiness.ch\\\/agb\\\/\",\"name\":\"Allgemeine Gesch\u00e4ftsbedingungen (AGB) IMMOBILIEN Business\",\"isPartOf\":{\"@id\":\"https:\\\/\\\/www.immobilienbusiness.ch\\\/#website\"},\"datePublished\":\"2017-09-14T08:55:18+00:00\",\"dateModified\":\"2024-09-03T15:35:20+00:00\",\"description\":\"Allgemeine Gesch\u00e4ftsbedingungen (AGB) der galledia ag und der galledia Verlag AG, beide nachfolgend galledia genannt.\",\"breadcrumb\":{\"@id\":\"https:\\\/\\\/www.immobilienbusiness.ch\\\/agb\\\/#breadcrumb\"},\"inLanguage\":\"fr-FR\",\"potentialAction\":[{\"@type\":\"ReadAction\",\"target\":[\"https:\\\/\\\/www.immobilienbusiness.ch\\\/agb\\\/\"]}]},{\"@type\":\"BreadcrumbList\",\"@id\":\"https:\\\/\\\/www.immobilienbusiness.ch\\\/agb\\\/#breadcrumb\",\"itemListElement\":[{\"@type\":\"ListItem\",\"position\":1,\"name\":\"Home\",\"item\":\"https:\\\/\\\/www.immobilienbusiness.ch\\\/\"},{\"@type\":\"ListItem\",\"position\":2,\"name\":\"AGB\"}]},{\"@type\":\"WebSite\",\"@id\":\"https:\\\/\\\/www.immobilienbusiness.ch\\\/#website\",\"url\":\"https:\\\/\\\/www.immobilienbusiness.ch\\\/\",\"name\":\"IMMOBILIEN Business\",\"description\":\"Unabh\u00e4ngiges Schweizer Wirtschaftsmagazin mit Fokus auf Immobilien, Architektur- und Bau sowie Investment- und Finanzierung.\",\"publisher\":{\"@id\":\"https:\\\/\\\/www.immobilienbusiness.ch\\\/#organization\"},\"potentialAction\":[{\"@type\":\"SearchAction\",\"target\":{\"@type\":\"EntryPoint\",\"urlTemplate\":\"https:\\\/\\\/www.immobilienbusiness.ch\\\/?s={search_term_string}\"},\"query-input\":{\"@type\":\"PropertyValueSpecification\",\"valueRequired\":true,\"valueName\":\"search_term_string\"}}],\"inLanguage\":\"fr-FR\"},{\"@type\":\"Organization\",\"@id\":\"https:\\\/\\\/www.immobilienbusiness.ch\\\/#organization\",\"name\":\"IMMOBILIEN Business\",\"url\":\"https:\\\/\\\/www.immobilienbusiness.ch\\\/\",\"logo\":{\"@type\":\"ImageObject\",\"inLanguage\":\"fr-FR\",\"@id\":\"https:\\\/\\\/www.immobilienbusiness.ch\\\/#\\\/schema\\\/logo\\\/image\\\/\",\"url\":\"https:\\\/\\\/www.immobilienbusiness.ch\\\/wp-content\\\/uploads\\\/2021\\\/07\\\/logo_ib.png\",\"contentUrl\":\"https:\\\/\\\/www.immobilienbusiness.ch\\\/wp-content\\\/uploads\\\/2021\\\/07\\\/logo_ib.png\",\"width\":800,\"height\":181,\"caption\":\"IMMOBILIEN Business\"},\"image\":{\"@id\":\"https:\\\/\\\/www.immobilienbusiness.ch\\\/#\\\/schema\\\/logo\\\/image\\\/\"},\"sameAs\":[\"https:\\\/\\\/www.facebook.com\\\/immobilienbusiness\\\/\"]}]}<\/script>\n<!-- \/ Yoast SEO plugin. -->","yoast_head_json":{"title":"Conditions g\u00e9n\u00e9rales de vente (CGV) IMMOBILIER Business","description":"Conditions g\u00e9n\u00e9rales de vente (CGV) de galledia ag et de galledia Verlag AG, toutes deux d\u00e9sign\u00e9es ci-apr\u00e8s par galledia.","robots":{"index":"index","follow":"follow","max-snippet":"max-snippet:-1","max-image-preview":"max-image-preview:large","max-video-preview":"max-video-preview:-1"},"canonical":"https:\/\/www.immobilienbusiness.ch\/fr\/agb\/","og_locale":"fr_FR","og_type":"article","og_title":"Allgemeine Gesch\u00e4ftsbedingungen (AGB) IMMOBILIEN Business","og_description":"Allgemeine Gesch\u00e4ftsbedingungen (AGB) der galledia ag und der galledia Verlag AG, beide nachfolgend galledia genannt.","og_url":"https:\/\/www.immobilienbusiness.ch\/fr\/agb\/","og_site_name":"IMMOBILIEN Business","article_publisher":"https:\/\/www.facebook.com\/immobilienbusiness\/","article_modified_time":"2024-09-03T15:35:20+00:00","twitter_card":"summary_large_image","schema":{"@context":"https:\/\/schema.org","@graph":[{"@type":"WebPage","@id":"https:\/\/www.immobilienbusiness.ch\/agb\/","url":"https:\/\/www.immobilienbusiness.ch\/agb\/","name":"Conditions g\u00e9n\u00e9rales de vente (CGV) IMMOBILIER Business","isPartOf":{"@id":"https:\/\/www.immobilienbusiness.ch\/#website"},"datePublished":"2017-09-14T08:55:18+00:00","dateModified":"2024-09-03T15:35:20+00:00","description":"Conditions g\u00e9n\u00e9rales de vente (CGV) de galledia ag et de galledia Verlag AG, toutes deux d\u00e9sign\u00e9es ci-apr\u00e8s par galledia.","breadcrumb":{"@id":"https:\/\/www.immobilienbusiness.ch\/agb\/#breadcrumb"},"inLanguage":"fr-FR","potentialAction":[{"@type":"ReadAction","target":["https:\/\/www.immobilienbusiness.ch\/agb\/"]}]},{"@type":"BreadcrumbList","@id":"https:\/\/www.immobilienbusiness.ch\/agb\/#breadcrumb","itemListElement":[{"@type":"ListItem","position":1,"name":"Home","item":"https:\/\/www.immobilienbusiness.ch\/"},{"@type":"ListItem","position":2,"name":"AGB"}]},{"@type":"WebSite","@id":"https:\/\/www.immobilienbusiness.ch\/#website","url":"https:\/\/www.immobilienbusiness.ch\/","name":"IMMOBILIER Business","description":"Magazine \u00e9conomique suisse ind\u00e9pendant ax\u00e9 sur l'immobilier, l'architecture et la construction ainsi que sur les investissements et le financement.","publisher":{"@id":"https:\/\/www.immobilienbusiness.ch\/#organization"},"potentialAction":[{"@type":"SearchAction","target":{"@type":"EntryPoint","urlTemplate":"https:\/\/www.immobilienbusiness.ch\/?s={search_term_string}"},"query-input":{"@type":"PropertyValueSpecification","valueRequired":true,"valueName":"search_term_string"}}],"inLanguage":"fr-FR"},{"@type":"Organization","@id":"https:\/\/www.immobilienbusiness.ch\/#organization","name":"IMMOBILIER Business","url":"https:\/\/www.immobilienbusiness.ch\/","logo":{"@type":"ImageObject","inLanguage":"fr-FR","@id":"https:\/\/www.immobilienbusiness.ch\/#\/schema\/logo\/image\/","url":"https:\/\/www.immobilienbusiness.ch\/wp-content\/uploads\/2021\/07\/logo_ib.png","contentUrl":"https:\/\/www.immobilienbusiness.ch\/wp-content\/uploads\/2021\/07\/logo_ib.png","width":800,"height":181,"caption":"IMMOBILIEN Business"},"image":{"@id":"https:\/\/www.immobilienbusiness.ch\/#\/schema\/logo\/image\/"},"sameAs":["https:\/\/www.facebook.com\/immobilienbusiness\/"]}]}},"_links":{"self":[{"href":"https:\/\/www.immobilienbusiness.ch\/fr\/wp-json\/wp\/v2\/pages\/9158","targetHints":{"allow":["GET"]}}],"collection":[{"href":"https:\/\/www.immobilienbusiness.ch\/fr\/wp-json\/wp\/v2\/pages"}],"about":[{"href":"https:\/\/www.immobilienbusiness.ch\/fr\/wp-json\/wp\/v2\/types\/page"}],"author":[{"embeddable":true,"href":"https:\/\/www.immobilienbusiness.ch\/fr\/wp-json\/wp\/v2\/users\/6"}],"replies":[{"embeddable":true,"href":"https:\/\/www.immobilienbusiness.ch\/fr\/wp-json\/wp\/v2\/comments?post=9158"}],"version-history":[{"count":1,"href":"https:\/\/www.immobilienbusiness.ch\/fr\/wp-json\/wp\/v2\/pages\/9158\/revisions"}],"predecessor-version":[{"id":59662,"href":"https:\/\/www.immobilienbusiness.ch\/fr\/wp-json\/wp\/v2\/pages\/9158\/revisions\/59662"}],"wp:attachment":[{"href":"https:\/\/www.immobilienbusiness.ch\/fr\/wp-json\/wp\/v2\/media?parent=9158"}],"curies":[{"name":"wp","href":"https:\/\/api.w.org\/{rel}","templated":true}]}}