{"id":31,"date":"2016-11-29T16:18:18","date_gmt":"2016-11-29T15:18:18","guid":{"rendered":"http:\/\/dev.immobilienbusiness.ch\/?page_id=31"},"modified":"2025-12-10T15:43:47","modified_gmt":"2025-12-10T14:43:47","slug":"newsletter-immobilienbrief","status":"publish","type":"page","link":"https:\/\/www.immobilienbusiness.ch\/fr\/newsletter-immobilienbrief\/","title":{"rendered":"Newsletter immobili\u00e8re suisse"},"content":{"rendered":"<p>La Swiss Real Estate Newsletter fournit des informations sur les d\u00e9veloppements actuels et les tendances \u00e9mergentes sur les march\u00e9s de l'immobilier et des investissements immobiliers suisses et internationaux. Factuel, concis - tous les quinze jours.<\/p>\n<p><a href=\"https:\/\/www.immobilienbusiness.ch\/fr\/category\/immobilienbrief\/\" target=\"_blank\" rel=\"noopener noreferrer\">Ici<\/a> vous trouverez le num\u00e9ro actuel.<\/p>\n\n    <style>\n        .ib-newsletter-wrapper { margin-top: 30px; font-family: inherit; }\n        .ib-lang-select {\n            margin-bottom: 15px;\n            padding: 10px 29px 10px 24px;\n            border: 1px solid #000;\n            background: #fff; cursor: pointer;\n            appearance: none;\n            -webkit-appearance: none;\n            background: #fff;\n            text-transform: uppercase;\n            cursor: pointer;\n        }\n\n        \/* 1. Wrapper: Hugs the text width *\/\n        .ib-select-wrap {\n            position: relative;\n            width: fit-content;\n        }\n\n        \/* 2. The Arrow: Pure CSS geometric shape *\/\n        .ib-select-wrap::after {\n            content: \"\";\n            position: absolute;\n            right: 20px;\n            top: 35%;\n            width: 6px;\n            height: 6px;\n            border: solid #333;\n            border-width: 0 1px 1px 0;\n            transform: translateY(-50%) rotate(45deg);\n            pointer-events: none;\n        }\n    <\/style>\n\n    <div class=\"ib-newsletter-wrapper\">\n        <!-- DROPDOWN -->\n        <div class=\"ib-select-wrap\">\n          <select class=\"ib-lang-select\" onchange=\"if(this.value) window.location.href=this.value;\">\n              <option value=\"https:\/\/www.immobilienbusiness.ch\/de\/newsletter-immobilienbrief\/\" >ALLEMAND<\/option>\n              <option value=\"https:\/\/www.immobilienbusiness.ch\/fr\/newsletter-immobilienbrief\/\" selected>FRAN\u00c7AIS<\/option>\n          <\/select>\n        <\/div>\n\n        \n            <!-- FRENCH FORM START -->\n            <div id=\"mc_embed_signup\">\n                <form action=\"https:\/\/immobilienbusiness.us15.list-manage.com\/subscribe\/post?u=84d28b9a966b6cf11e90a993c&amp;id=652d701f93&amp;f_id=000693e0f0\" method=\"post\" id=\"mc-embedded-subscribe-form\" name=\"mc-embedded-subscribe-form\" class=\"validate\" target=\"_blank\" novalidate>\n                    <div id=\"mc_embed_signup_scroll\">\n                        <div class=\"mc-field-group\">\n                            <label for=\"mce-EMAIL\">Adresse \u00e9lectronique <span class=\"asterisk\">*<\/span><\/label>\n                            <input type=\"email\" value=\"\" name=\"EMAIL\" class=\"required email\" id=\"mce-EMAIL\" required>\n                        <\/div>\n                        <div class=\"mc-field-group\">\n                            <label for=\"mce-FNAME\">Pr\u00e9nom<\/label>\n                            <input type=\"text\" value=\"\" name=\"FNAME\" class=\"\" id=\"mce-FNAME\">\n                        <\/div>\n                        <div class=\"mc-field-group\">\n                            <label for=\"mce-LNAME\">Nom<\/label>\n                            <input type=\"text\" value=\"\" name=\"LNAME\" class=\"\" id=\"mce-LNAME\">\n                        <\/div>\n                        <div id=\"mce-responses-fr\" class=\"clear\">\n                            <div class=\"response\" id=\"mce-error-response\" style=\"display:none\"><\/div>\n                            <div class=\"response\" id=\"mce-success-response\" style=\"display:none\"><\/div>\n                        <\/div>\n                        <div style=\"position: absolute; left: -5000px;\" aria-hidden=\"true\"><input type=\"text\" name=\"b_84d28b9a966b6cf11e90a993c_652d701f93\" tabindex=\"-1\" value=\"\"><\/div>\n                        <div class=\"clear\"><input type=\"submit\" value=\"S&#039;ABONNER\" name=\"subscribe\" class=\"button\"><\/div>\n                    <\/div>\n                <\/form>\n            <\/div>\n            <!-- FRENCH FORM END -->\n\n            <\/div>","protected":false},"excerpt":{"rendered":"<p>La Lettre de l'immobilier suisse informe sur les d\u00e9veloppements actuels et les tendances qui se dessinent sur les march\u00e9s suisses et internationaux de l'immobilier et de l'investissement immobilier. Objectif, concis - toutes les deux semaines. Vous trouverez ici l'\u00e9dition actuelle.<\/p>","protected":false},"author":6,"featured_media":0,"parent":0,"menu_order":0,"comment_status":"closed","ping_status":"closed","template":"","meta":{"_acf_changed":false,"pgc_sgb_lightbox_settings":"","footnotes":""},"class_list":["post-31","page","type-page","status-publish","hentry"],"acf":[],"yoast_head":"<!-- This site is optimized with the Yoast SEO plugin v27.4 - https:\/\/yoast.com\/product\/yoast-seo-wordpress\/ -->\n<title>Schweizer Immobilienbrief - IMMOBILIEN Business<\/title>\n<meta name=\"description\" content=\"Abonnieren Sie gratis den Newsletter Immobilienbrief und erfahren Sie alle zwei Wochen, jeweils am Dienstag, exklusive und vertiefte Hintergrundberichte aus der in- und ausl\u00e4ndischen Immobilienbranche.\" \/>\n<meta name=\"robots\" content=\"index, follow, max-snippet:-1, max-image-preview:large, max-video-preview:-1\" \/>\n<link rel=\"canonical\" href=\"https:\/\/www.immobilienbusiness.ch\/fr\/newsletter-immobilienbrief\/\" \/>\n<meta property=\"og:locale\" content=\"fr_FR\" \/>\n<meta property=\"og:type\" content=\"article\" \/>\n<meta property=\"og:title\" content=\"Newsletter Immobilienbrief\" \/>\n<meta property=\"og:description\" content=\"Abonnieren Sie gratis den Newsletter Immobilienbrief und erfahren Sie alle zwei Wochen, jeweils am Dienstag, exklusive und vertiefte Hintergrundberichte aus der in- und ausl\u00e4ndischen Immobilienbranche.\" \/>\n<meta property=\"og:url\" content=\"https:\/\/www.immobilienbusiness.ch\/fr\/newsletter-immobilienbrief\/\" \/>\n<meta property=\"og:site_name\" content=\"IMMOBILIEN Business\" \/>\n<meta property=\"article:publisher\" content=\"https:\/\/www.facebook.com\/immobilienbusiness\/\" \/>\n<meta property=\"article:modified_time\" content=\"2025-12-10T14:43:47+00:00\" \/>\n<meta name=\"twitter:card\" content=\"summary_large_image\" \/>\n<meta name=\"twitter:title\" content=\"Newsletter Immobilienbrief\" \/>\n<meta name=\"twitter:description\" content=\"Abonnieren Sie gratis den Newsletter Immobilienbrief und erfahren Sie alle zwei Wochen, jeweils am Dienstag, exklusive und vertiefte Hintergrundberichte aus der in- und ausl\u00e4ndischen Immobilienbranche.\" \/>\n<script type=\"application\/ld+json\" class=\"yoast-schema-graph\">{\"@context\":\"https:\\\/\\\/schema.org\",\"@graph\":[{\"@type\":\"WebPage\",\"@id\":\"https:\\\/\\\/www.immobilienbusiness.ch\\\/de\\\/newsletter-immobilienbrief\\\/\",\"url\":\"https:\\\/\\\/www.immobilienbusiness.ch\\\/de\\\/newsletter-immobilienbrief\\\/\",\"name\":\"Schweizer Immobilienbrief - IMMOBILIEN Business\",\"isPartOf\":{\"@id\":\"https:\\\/\\\/www.immobilienbusiness.ch\\\/#website\"},\"datePublished\":\"2016-11-29T15:18:18+00:00\",\"dateModified\":\"2025-12-10T14:43:47+00:00\",\"description\":\"Abonnieren Sie gratis den Newsletter Immobilienbrief und erfahren Sie alle zwei Wochen, jeweils am Dienstag, exklusive und vertiefte Hintergrundberichte aus der in- und ausl\u00e4ndischen Immobilienbranche.\",\"breadcrumb\":{\"@id\":\"https:\\\/\\\/www.immobilienbusiness.ch\\\/de\\\/newsletter-immobilienbrief\\\/#breadcrumb\"},\"inLanguage\":\"fr-FR\",\"potentialAction\":[{\"@type\":\"ReadAction\",\"target\":[\"https:\\\/\\\/www.immobilienbusiness.ch\\\/de\\\/newsletter-immobilienbrief\\\/\"]}]},{\"@type\":\"BreadcrumbList\",\"@id\":\"https:\\\/\\\/www.immobilienbusiness.ch\\\/de\\\/newsletter-immobilienbrief\\\/#breadcrumb\",\"itemListElement\":[{\"@type\":\"ListItem\",\"position\":1,\"name\":\"Home\",\"item\":\"https:\\\/\\\/www.immobilienbusiness.ch\\\/\"},{\"@type\":\"ListItem\",\"position\":2,\"name\":\"Schweizer Immobilienbrief\"}]},{\"@type\":\"WebSite\",\"@id\":\"https:\\\/\\\/www.immobilienbusiness.ch\\\/#website\",\"url\":\"https:\\\/\\\/www.immobilienbusiness.ch\\\/\",\"name\":\"IMMOBILIEN Business\",\"description\":\"Unabh\u00e4ngiges Schweizer Wirtschaftsmagazin mit Fokus auf Immobilien, Architektur- und Bau sowie Investment- und Finanzierung.\",\"publisher\":{\"@id\":\"https:\\\/\\\/www.immobilienbusiness.ch\\\/#organization\"},\"potentialAction\":[{\"@type\":\"SearchAction\",\"target\":{\"@type\":\"EntryPoint\",\"urlTemplate\":\"https:\\\/\\\/www.immobilienbusiness.ch\\\/?s={search_term_string}\"},\"query-input\":{\"@type\":\"PropertyValueSpecification\",\"valueRequired\":true,\"valueName\":\"search_term_string\"}}],\"inLanguage\":\"fr-FR\"},{\"@type\":\"Organization\",\"@id\":\"https:\\\/\\\/www.immobilienbusiness.ch\\\/#organization\",\"name\":\"IMMOBILIEN Business\",\"url\":\"https:\\\/\\\/www.immobilienbusiness.ch\\\/\",\"logo\":{\"@type\":\"ImageObject\",\"inLanguage\":\"fr-FR\",\"@id\":\"https:\\\/\\\/www.immobilienbusiness.ch\\\/#\\\/schema\\\/logo\\\/image\\\/\",\"url\":\"https:\\\/\\\/www.immobilienbusiness.ch\\\/wp-content\\\/uploads\\\/2021\\\/07\\\/logo_ib.png\",\"contentUrl\":\"https:\\\/\\\/www.immobilienbusiness.ch\\\/wp-content\\\/uploads\\\/2021\\\/07\\\/logo_ib.png\",\"width\":800,\"height\":181,\"caption\":\"IMMOBILIEN Business\"},\"image\":{\"@id\":\"https:\\\/\\\/www.immobilienbusiness.ch\\\/#\\\/schema\\\/logo\\\/image\\\/\"},\"sameAs\":[\"https:\\\/\\\/www.facebook.com\\\/immobilienbusiness\\\/\"]}]}<\/script>\n<!-- \/ Yoast SEO plugin. -->","yoast_head_json":{"title":"Lettre suisse de l'immobilier - IMMOBILIER Business","description":"Abonnez-vous gratuitement \u00e0 la lettre d'information \"Immobilienbrief\" et d\u00e9couvrez toutes les deux semaines, le mardi, des articles de fond exclusifs et approfondis sur le secteur de l'immobilier en Suisse et \u00e0 l'\u00e9tranger.","robots":{"index":"index","follow":"follow","max-snippet":"max-snippet:-1","max-image-preview":"max-image-preview:large","max-video-preview":"max-video-preview:-1"},"canonical":"https:\/\/www.immobilienbusiness.ch\/fr\/newsletter-immobilienbrief\/","og_locale":"fr_FR","og_type":"article","og_title":"Newsletter Immobilienbrief","og_description":"Abonnieren Sie gratis den Newsletter Immobilienbrief und erfahren Sie alle zwei Wochen, jeweils am Dienstag, exklusive und vertiefte Hintergrundberichte aus der in- und ausl\u00e4ndischen Immobilienbranche.","og_url":"https:\/\/www.immobilienbusiness.ch\/fr\/newsletter-immobilienbrief\/","og_site_name":"IMMOBILIEN Business","article_publisher":"https:\/\/www.facebook.com\/immobilienbusiness\/","article_modified_time":"2025-12-10T14:43:47+00:00","twitter_card":"summary_large_image","twitter_title":"Newsletter Immobilienbrief","twitter_description":"Abonnieren Sie gratis den Newsletter Immobilienbrief und erfahren Sie alle zwei Wochen, jeweils am Dienstag, exklusive und vertiefte Hintergrundberichte aus der in- und ausl\u00e4ndischen Immobilienbranche.","schema":{"@context":"https:\/\/schema.org","@graph":[{"@type":"WebPage","@id":"https:\/\/www.immobilienbusiness.ch\/de\/newsletter-immobilienbrief\/","url":"https:\/\/www.immobilienbusiness.ch\/de\/newsletter-immobilienbrief\/","name":"Lettre suisse de l'immobilier - IMMOBILIER Business","isPartOf":{"@id":"https:\/\/www.immobilienbusiness.ch\/#website"},"datePublished":"2016-11-29T15:18:18+00:00","dateModified":"2025-12-10T14:43:47+00:00","description":"Abonnez-vous gratuitement \u00e0 la lettre d'information \"Immobilienbrief\" et d\u00e9couvrez toutes les deux semaines, le mardi, des articles de fond exclusifs et approfondis sur le secteur de l'immobilier en Suisse et \u00e0 l'\u00e9tranger.","breadcrumb":{"@id":"https:\/\/www.immobilienbusiness.ch\/de\/newsletter-immobilienbrief\/#breadcrumb"},"inLanguage":"fr-FR","potentialAction":[{"@type":"ReadAction","target":["https:\/\/www.immobilienbusiness.ch\/de\/newsletter-immobilienbrief\/"]}]},{"@type":"BreadcrumbList","@id":"https:\/\/www.immobilienbusiness.ch\/de\/newsletter-immobilienbrief\/#breadcrumb","itemListElement":[{"@type":"ListItem","position":1,"name":"Home","item":"https:\/\/www.immobilienbusiness.ch\/"},{"@type":"ListItem","position":2,"name":"Schweizer Immobilienbrief"}]},{"@type":"WebSite","@id":"https:\/\/www.immobilienbusiness.ch\/#website","url":"https:\/\/www.immobilienbusiness.ch\/","name":"IMMOBILIER Business","description":"Magazine \u00e9conomique suisse ind\u00e9pendant ax\u00e9 sur l'immobilier, l'architecture et la construction ainsi que sur les investissements et le financement.","publisher":{"@id":"https:\/\/www.immobilienbusiness.ch\/#organization"},"potentialAction":[{"@type":"SearchAction","target":{"@type":"EntryPoint","urlTemplate":"https:\/\/www.immobilienbusiness.ch\/?s={search_term_string}"},"query-input":{"@type":"PropertyValueSpecification","valueRequired":true,"valueName":"search_term_string"}}],"inLanguage":"fr-FR"},{"@type":"Organization","@id":"https:\/\/www.immobilienbusiness.ch\/#organization","name":"IMMOBILIER Business","url":"https:\/\/www.immobilienbusiness.ch\/","logo":{"@type":"ImageObject","inLanguage":"fr-FR","@id":"https:\/\/www.immobilienbusiness.ch\/#\/schema\/logo\/image\/","url":"https:\/\/www.immobilienbusiness.ch\/wp-content\/uploads\/2021\/07\/logo_ib.png","contentUrl":"https:\/\/www.immobilienbusiness.ch\/wp-content\/uploads\/2021\/07\/logo_ib.png","width":800,"height":181,"caption":"IMMOBILIEN Business"},"image":{"@id":"https:\/\/www.immobilienbusiness.ch\/#\/schema\/logo\/image\/"},"sameAs":["https:\/\/www.facebook.com\/immobilienbusiness\/"]}]}},"_links":{"self":[{"href":"https:\/\/www.immobilienbusiness.ch\/fr\/wp-json\/wp\/v2\/pages\/31","targetHints":{"allow":["GET"]}}],"collection":[{"href":"https:\/\/www.immobilienbusiness.ch\/fr\/wp-json\/wp\/v2\/pages"}],"about":[{"href":"https:\/\/www.immobilienbusiness.ch\/fr\/wp-json\/wp\/v2\/types\/page"}],"author":[{"embeddable":true,"href":"https:\/\/www.immobilienbusiness.ch\/fr\/wp-json\/wp\/v2\/users\/6"}],"replies":[{"embeddable":true,"href":"https:\/\/www.immobilienbusiness.ch\/fr\/wp-json\/wp\/v2\/comments?post=31"}],"version-history":[{"count":13,"href":"https:\/\/www.immobilienbusiness.ch\/fr\/wp-json\/wp\/v2\/pages\/31\/revisions"}],"predecessor-version":[{"id":66574,"href":"https:\/\/www.immobilienbusiness.ch\/fr\/wp-json\/wp\/v2\/pages\/31\/revisions\/66574"}],"wp:attachment":[{"href":"https:\/\/www.immobilienbusiness.ch\/fr\/wp-json\/wp\/v2\/media?parent=31"}],"curies":[{"name":"wp","href":"https:\/\/api.w.org\/{rel}","templated":true}]}}