{"id":3,"date":"2016-11-29T11:19:42","date_gmt":"2016-11-29T10:19:42","guid":{"rendered":"http:\/\/devverlag.galledia.ch\/?page_id=3"},"modified":"2024-12-03T13:30:19","modified_gmt":"2024-12-03T12:30:19","slug":"impressum","status":"publish","type":"page","link":"https:\/\/www.immobilienbusiness.ch\/fr\/impressum\/","title":{"rendered":"Impression"},"content":{"rendered":"<p>Impression : IMMOBILIEN Business est un magazine \u00e9conomique suisse ind\u00e9pendant consacr\u00e9 \u00e0 l'immobilier, aux investissements et au financement immobiliers, \u00e0 la gestion d'actifs et de portefeuilles, \u00e0 la gestion des installations, aux sites, au d\u00e9veloppement, \u00e0 la construction et \u00e0 l'architecture. Le magazine s'adresse aux entreprises et aux cadres sup\u00e9rieurs de l'ensemble du secteur, est un leader d'opinion et se positionne clairement en t\u00eate des publications sp\u00e9cialis\u00e9es dans l'immobilier.<\/p>\n<p>IMMOBILIEN Business est consid\u00e9r\u00e9 comme le principal m\u00e9dia du secteur immobilier suisse. Gr\u00e2ce \u00e0 sa grande comp\u00e9tence r\u00e9dactionnelle, le magazine jouit d'une grande acceptation et cr\u00e9dibilit\u00e9 aupr\u00e8s de son lectorat. L'approche cross-m\u00e9dia par le biais du Schweizer Immobilienbrief (e-paper), du site web et des Swiss Real Estate Talks permet d'approfondir et de diffuser des sujets et articles s\u00e9lectionn\u00e9s.<\/p>\n<p>IMMOBILIEN Business est partenaire des plus importants \u00e9v\u00e9nements industriels de la r\u00e9gion germanophone de l'Europe.<\/p>\n<p><strong>Directeur de publication<\/strong><br \/>\nHarald Zeindl,\u00a0<a href=\"mailto:harald.zeindl@galledia.ch\" target=\"_blank\" rel=\"noopener\">harald.zeindl@galledia.ch<\/a>, T +41 58 344 98 47<\/p>\n<p><strong>Adresse de contact<\/strong><br \/>\nGalledia Fachmedien AG<br \/>\n<span class=\"s1\">60, rue de B\u00e2le<br \/>\n<\/span>8048 Zurich<br \/>\nSuisse<\/p>\n<p>Courriel : <a href=\"mailto:datenschutz@galledia.ch\">datenschutz@galledia.ch<\/a><br \/>\nT\u00e9l\u00e9phone : +41 58 344 96 96<\/p>\n<p><strong>Repr\u00e9sentants autoris\u00e9s<\/strong><br \/>\nStefan Zimmermann<\/p>\n<p><strong>Inscription au registre du commerce<\/strong><br \/>\nRaison sociale : Galledia Fachmedien AG<br \/>\nNum\u00e9ro d'identification de la soci\u00e9t\u00e9 (UID) : CHE-106.831.075<br \/>\nOffice du registre du commerce : St. Gallen<\/p>\n<p><strong>Num\u00e9ro de TVA<\/strong><br \/>\nCHE-106.831.075 VAT<\/p>\n<p>IMMOBILIEN Business est une publication de galledia group ag. \u00a9 Copyright <script>document.write(new Date().getFullYear())<\/script><\/p>","protected":false},"excerpt":{"rendered":"<p>Impressum: IMMOBILIEN Business ist ein unabh\u00e4ngiges Schweizer Wirtschaftsmagazin mit Fokus auf Immobilien, Immobilien-Investments und Finanzierung, Asset &amp; Portfoliomanagement, Facility Management, Standorte, Entwicklung, Bau und Architektur. Die Zeitschrift wendet sich an Unternehmen und Top-F\u00fchrungskr\u00e4fte der gesamten Branche, ist Meinungsbildner und positioniert sich klar an der Spitze der Immobilien-Fachpublikationen. IMMOBILIEN Business gilt als Leadermedium der Schweizer Immobilienwirtschaft. [&hellip;]<\/p>\n","protected":false},"author":6,"featured_media":0,"parent":0,"menu_order":0,"comment_status":"closed","ping_status":"closed","template":"","meta":{"_acf_changed":false,"pgc_sgb_lightbox_settings":"","footnotes":""},"class_list":["post-3","page","type-page","status-publish","hentry"],"acf":[],"yoast_head":"<!-- This site is optimized with the Yoast SEO plugin v27.4 - https:\/\/yoast.com\/product\/yoast-seo-wordpress\/ -->\n<title>Impressum - IMMOBILIEN Business<\/title>\n<meta name=\"description\" content=\"Impressum: IMMOBILIEN Business ist ein unabh\u00e4ngiges Schweizer Wirtschaftsmagazin mit Fokus auf Immobilien, Immobilien-Investments und Finanzierung.\" \/>\n<meta name=\"robots\" content=\"index, follow, max-snippet:-1, max-image-preview:large, max-video-preview:-1\" \/>\n<link rel=\"canonical\" href=\"https:\/\/www.immobilienbusiness.ch\/fr\/impressum\/\" \/>\n<meta property=\"og:locale\" content=\"fr_FR\" \/>\n<meta property=\"og:type\" content=\"article\" \/>\n<meta property=\"og:title\" content=\"Impressum\" \/>\n<meta property=\"og:description\" content=\"Impressum: IMMOBILIEN Business ist ein unabh\u00e4ngiges Schweizer Wirtschaftsmagazin mit Fokus auf Immobilien, Immobilien-Investments und Finanzierung.\" \/>\n<meta property=\"og:url\" content=\"https:\/\/www.immobilienbusiness.ch\/fr\/impressum\/\" \/>\n<meta property=\"og:site_name\" content=\"IMMOBILIEN Business\" \/>\n<meta property=\"article:publisher\" content=\"https:\/\/www.facebook.com\/immobilienbusiness\/\" \/>\n<meta property=\"article:modified_time\" content=\"2024-12-03T12:30:19+00:00\" \/>\n<meta name=\"twitter:card\" content=\"summary_large_image\" \/>\n<meta name=\"twitter:title\" content=\"Impressum\" \/>\n<meta name=\"twitter:description\" content=\"Impressum: IMMOBILIEN Business ist ein unabh\u00e4ngiges Schweizer Wirtschaftsmagazin mit Fokus auf Immobilien, Immobilien-Investments und Finanzierung.\" \/>\n<script type=\"application\/ld+json\" class=\"yoast-schema-graph\">{\"@context\":\"https:\\\/\\\/schema.org\",\"@graph\":[{\"@type\":\"WebPage\",\"@id\":\"https:\\\/\\\/www.immobilienbusiness.ch\\\/impressum\\\/\",\"url\":\"https:\\\/\\\/www.immobilienbusiness.ch\\\/impressum\\\/\",\"name\":\"Impressum - IMMOBILIEN Business\",\"isPartOf\":{\"@id\":\"https:\\\/\\\/www.immobilienbusiness.ch\\\/#website\"},\"datePublished\":\"2016-11-29T10:19:42+00:00\",\"dateModified\":\"2024-12-03T12:30:19+00:00\",\"description\":\"Impressum: IMMOBILIEN Business ist ein unabh\u00e4ngiges Schweizer Wirtschaftsmagazin mit Fokus auf Immobilien, Immobilien-Investments und Finanzierung.\",\"breadcrumb\":{\"@id\":\"https:\\\/\\\/www.immobilienbusiness.ch\\\/impressum\\\/#breadcrumb\"},\"inLanguage\":\"fr-FR\",\"potentialAction\":[{\"@type\":\"ReadAction\",\"target\":[\"https:\\\/\\\/www.immobilienbusiness.ch\\\/impressum\\\/\"]}]},{\"@type\":\"BreadcrumbList\",\"@id\":\"https:\\\/\\\/www.immobilienbusiness.ch\\\/impressum\\\/#breadcrumb\",\"itemListElement\":[{\"@type\":\"ListItem\",\"position\":1,\"name\":\"Home\",\"item\":\"https:\\\/\\\/www.immobilienbusiness.ch\\\/\"},{\"@type\":\"ListItem\",\"position\":2,\"name\":\"Impressum\"}]},{\"@type\":\"WebSite\",\"@id\":\"https:\\\/\\\/www.immobilienbusiness.ch\\\/#website\",\"url\":\"https:\\\/\\\/www.immobilienbusiness.ch\\\/\",\"name\":\"IMMOBILIEN Business\",\"description\":\"Unabh\u00e4ngiges Schweizer Wirtschaftsmagazin mit Fokus auf Immobilien, Architektur- und Bau sowie Investment- und Finanzierung.\",\"publisher\":{\"@id\":\"https:\\\/\\\/www.immobilienbusiness.ch\\\/#organization\"},\"potentialAction\":[{\"@type\":\"SearchAction\",\"target\":{\"@type\":\"EntryPoint\",\"urlTemplate\":\"https:\\\/\\\/www.immobilienbusiness.ch\\\/?s={search_term_string}\"},\"query-input\":{\"@type\":\"PropertyValueSpecification\",\"valueRequired\":true,\"valueName\":\"search_term_string\"}}],\"inLanguage\":\"fr-FR\"},{\"@type\":\"Organization\",\"@id\":\"https:\\\/\\\/www.immobilienbusiness.ch\\\/#organization\",\"name\":\"IMMOBILIEN Business\",\"url\":\"https:\\\/\\\/www.immobilienbusiness.ch\\\/\",\"logo\":{\"@type\":\"ImageObject\",\"inLanguage\":\"fr-FR\",\"@id\":\"https:\\\/\\\/www.immobilienbusiness.ch\\\/#\\\/schema\\\/logo\\\/image\\\/\",\"url\":\"https:\\\/\\\/www.immobilienbusiness.ch\\\/wp-content\\\/uploads\\\/2021\\\/07\\\/logo_ib.png\",\"contentUrl\":\"https:\\\/\\\/www.immobilienbusiness.ch\\\/wp-content\\\/uploads\\\/2021\\\/07\\\/logo_ib.png\",\"width\":800,\"height\":181,\"caption\":\"IMMOBILIEN Business\"},\"image\":{\"@id\":\"https:\\\/\\\/www.immobilienbusiness.ch\\\/#\\\/schema\\\/logo\\\/image\\\/\"},\"sameAs\":[\"https:\\\/\\\/www.facebook.com\\\/immobilienbusiness\\\/\"]}]}<\/script>\n<!-- \/ Yoast SEO plugin. -->","yoast_head_json":{"title":"Mentions l\u00e9gales - IMMOBILIEN Business","description":"Mentions l\u00e9gales : IMMOBILIEN Business est un magazine \u00e9conomique suisse ind\u00e9pendant qui se concentre sur l'immobilier, les investissements immobiliers et le financement.","robots":{"index":"index","follow":"follow","max-snippet":"max-snippet:-1","max-image-preview":"max-image-preview:large","max-video-preview":"max-video-preview:-1"},"canonical":"https:\/\/www.immobilienbusiness.ch\/fr\/impressum\/","og_locale":"fr_FR","og_type":"article","og_title":"Impressum","og_description":"Impressum: IMMOBILIEN Business ist ein unabh\u00e4ngiges Schweizer Wirtschaftsmagazin mit Fokus auf Immobilien, Immobilien-Investments und Finanzierung.","og_url":"https:\/\/www.immobilienbusiness.ch\/fr\/impressum\/","og_site_name":"IMMOBILIEN Business","article_publisher":"https:\/\/www.facebook.com\/immobilienbusiness\/","article_modified_time":"2024-12-03T12:30:19+00:00","twitter_card":"summary_large_image","twitter_title":"Impressum","twitter_description":"Impressum: IMMOBILIEN Business ist ein unabh\u00e4ngiges Schweizer Wirtschaftsmagazin mit Fokus auf Immobilien, Immobilien-Investments und Finanzierung.","schema":{"@context":"https:\/\/schema.org","@graph":[{"@type":"WebPage","@id":"https:\/\/www.immobilienbusiness.ch\/impressum\/","url":"https:\/\/www.immobilienbusiness.ch\/impressum\/","name":"Mentions l\u00e9gales - IMMOBILIEN Business","isPartOf":{"@id":"https:\/\/www.immobilienbusiness.ch\/#website"},"datePublished":"2016-11-29T10:19:42+00:00","dateModified":"2024-12-03T12:30:19+00:00","description":"Mentions l\u00e9gales : IMMOBILIEN Business est un magazine \u00e9conomique suisse ind\u00e9pendant qui se concentre sur l'immobilier, les investissements immobiliers et le financement.","breadcrumb":{"@id":"https:\/\/www.immobilienbusiness.ch\/impressum\/#breadcrumb"},"inLanguage":"fr-FR","potentialAction":[{"@type":"ReadAction","target":["https:\/\/www.immobilienbusiness.ch\/impressum\/"]}]},{"@type":"BreadcrumbList","@id":"https:\/\/www.immobilienbusiness.ch\/impressum\/#breadcrumb","itemListElement":[{"@type":"ListItem","position":1,"name":"Home","item":"https:\/\/www.immobilienbusiness.ch\/"},{"@type":"ListItem","position":2,"name":"Impressum"}]},{"@type":"WebSite","@id":"https:\/\/www.immobilienbusiness.ch\/#website","url":"https:\/\/www.immobilienbusiness.ch\/","name":"IMMOBILIER Business","description":"Magazine \u00e9conomique suisse ind\u00e9pendant ax\u00e9 sur l'immobilier, l'architecture et la construction ainsi que sur les investissements et le financement.","publisher":{"@id":"https:\/\/www.immobilienbusiness.ch\/#organization"},"potentialAction":[{"@type":"SearchAction","target":{"@type":"EntryPoint","urlTemplate":"https:\/\/www.immobilienbusiness.ch\/?s={search_term_string}"},"query-input":{"@type":"PropertyValueSpecification","valueRequired":true,"valueName":"search_term_string"}}],"inLanguage":"fr-FR"},{"@type":"Organization","@id":"https:\/\/www.immobilienbusiness.ch\/#organization","name":"IMMOBILIER Business","url":"https:\/\/www.immobilienbusiness.ch\/","logo":{"@type":"ImageObject","inLanguage":"fr-FR","@id":"https:\/\/www.immobilienbusiness.ch\/#\/schema\/logo\/image\/","url":"https:\/\/www.immobilienbusiness.ch\/wp-content\/uploads\/2021\/07\/logo_ib.png","contentUrl":"https:\/\/www.immobilienbusiness.ch\/wp-content\/uploads\/2021\/07\/logo_ib.png","width":800,"height":181,"caption":"IMMOBILIEN Business"},"image":{"@id":"https:\/\/www.immobilienbusiness.ch\/#\/schema\/logo\/image\/"},"sameAs":["https:\/\/www.facebook.com\/immobilienbusiness\/"]}]}},"_links":{"self":[{"href":"https:\/\/www.immobilienbusiness.ch\/fr\/wp-json\/wp\/v2\/pages\/3","targetHints":{"allow":["GET"]}}],"collection":[{"href":"https:\/\/www.immobilienbusiness.ch\/fr\/wp-json\/wp\/v2\/pages"}],"about":[{"href":"https:\/\/www.immobilienbusiness.ch\/fr\/wp-json\/wp\/v2\/types\/page"}],"author":[{"embeddable":true,"href":"https:\/\/www.immobilienbusiness.ch\/fr\/wp-json\/wp\/v2\/users\/6"}],"replies":[{"embeddable":true,"href":"https:\/\/www.immobilienbusiness.ch\/fr\/wp-json\/wp\/v2\/comments?post=3"}],"version-history":[{"count":3,"href":"https:\/\/www.immobilienbusiness.ch\/fr\/wp-json\/wp\/v2\/pages\/3\/revisions"}],"predecessor-version":[{"id":61615,"href":"https:\/\/www.immobilienbusiness.ch\/fr\/wp-json\/wp\/v2\/pages\/3\/revisions\/61615"}],"wp:attachment":[{"href":"https:\/\/www.immobilienbusiness.ch\/fr\/wp-json\/wp\/v2\/media?parent=3"}],"curies":[{"name":"wp","href":"https:\/\/api.w.org\/{rel}","templated":true}]}}