{"id":23991,"date":"2016-11-29T11:18:42","date_gmt":"2016-11-29T10:18:42","guid":{"rendered":"http:\/\/devverlag.galledia.ch\/?page_id=1"},"modified":"2016-11-29T11:18:42","modified_gmt":"2016-11-29T10:18:42","slug":"abo","status":"publish","type":"page","link":"https:\/\/www.immobilienbusiness.ch\/fr\/abo\/","title":{"rendered":"Commande d'abonnement \u00e0 Immobilien Business"},"content":{"rendered":"<div class=\"row\">\n<div class=\"post-title\">\n<h1>Commande d'abonnement Immobilien Business - Le magazine suisse de l'immobilier<\/h1>\n<\/div>\n<\/div>\n<div class=\"row\">\n<div class=\"post-middle-column\">Commande d'abonnement : magazine \u00e9conomique sur l'immobilier et l'architecture, ainsi que sur l'investissement et le financement.<\/div>\n<div class=\"post-middle-column\">Magazine \u00e9conomique suisse ind\u00e9pendant qui se concentre sur l'immobilier, l'architecture et la construction ainsi que sur l'investissement et le financement. Chaque mois, des journalistes sp\u00e9cialis\u00e9s pr\u00e9sentent les coulisses les plus passionnantes du march\u00e9 et les principaux acteurs du secteur. Les pages consacr\u00e9es au march\u00e9 financier informent sur les \u00e9volutions et les tendances du march\u00e9 immobilier et fournissent des conseils d'investissement lucratifs. Des articles sur les projets et les objets les plus spectaculaires et les plus beaux ainsi que sur l'architecture exceptionnelle du segment haut de gamme montrent ce qui est r\u00e9alis\u00e9, o\u00f9, quand et par qui.<\/div>\n<div class=\"post-middle-column\"><strong>Profitez-en d\u00e8s maintenant et \u00e9conomisez 65 CHF !<\/strong><br \/>\nPour seulement 170 CHF, vous recevez un abonnement annuel au magazine IMMOBILIEN Business (140 CHF) plus une entr\u00e9e aux Entretiens immobiliers (95 CHF). L'offre n'est valable que pour les nouveaux abonn\u00e9s.<\/div>\n<\/div>\n<div class=\"post-middle-column\">\n<p><img loading=\"lazy\" decoding=\"async\" class=\"alignnone wp-image-5861 size-medium\" src=\"https:\/\/www.immobilienbusiness.ch\/wp-content\/uploads\/2017\/01\/ib_neu_webseite_abo-1.jpg\" width=\"680\" height=\"648\" \/><\/p>\n<\/div>\n\n<div class=\"wpcf7 no-js\" id=\"wpcf7-f16-o1\" lang=\"de-DE\" dir=\"ltr\" data-wpcf7-id=\"16\">\n<div class=\"screen-reader-response\"><p role=\"status\" aria-live=\"polite\" aria-atomic=\"true\"><\/p> <ul><\/ul><\/div>\n<form action=\"\/fr\/wp-json\/wp\/v2\/pages\/23991#wpcf7-f16-o1\" method=\"post\" class=\"wpcf7-form init\" aria-label=\"Formulaire de contact\" novalidate=\"novalidate\" data-status=\"init\" data-trp-original-action=\"\/fr\/wp-json\/wp\/v2\/pages\/23991#wpcf7-f16-o1\">\n<fieldset class=\"hidden-fields-container\"><input type=\"hidden\" name=\"_wpcf7\" value=\"16\" \/><input type=\"hidden\" name=\"_wpcf7_version\" value=\"6.1.5\" \/><input type=\"hidden\" name=\"_wpcf7_locale\" value=\"de_DE\" \/><input type=\"hidden\" name=\"_wpcf7_unit_tag\" value=\"wpcf7-f16-o1\" \/><input type=\"hidden\" name=\"_wpcf7_container_post\" value=\"0\" \/><input type=\"hidden\" name=\"_wpcf7_posted_data_hash\" value=\"\" \/><input type=\"hidden\" name=\"_wpcf7_recaptcha_response\" value=\"\" \/>\n<\/fieldset>\n<p><label class=\"abonnement\"><strong>J'aimerais commander les abonnements suivants :<\/strong><br \/>\n<span class=\"wpcf7-form-control-wrap\" data-name=\"abonnement\"><span class=\"wpcf7-form-control wpcf7-checkbox wpcf7-validates-as-required\" id=\"abonnement\"><span class=\"wpcf7-list-item first\"><input type=\"checkbox\" name=\"abonnement[]\" value=\"Sonderaktion Jahresabonnement 10 Ausgaben + Eintritt Immobiliengespr\u00e4ch - CHF 170.-\" \/><span class=\"wpcf7-list-item-label\">Offre sp\u00e9ciale Abonnement annuel 10 num\u00e9ros + entr\u00e9e \u00e0 l'entretien immobilier - CHF 170.-<\/span><\/span><span class=\"wpcf7-list-item\"><input type=\"checkbox\" name=\"abonnement[]\" value=\"Schnupperabonnement, 3 Ausgaben - CHF 25.-\" \/><span class=\"wpcf7-list-item-label\">Abonnement \u00e0 l'essai, 3 num\u00e9ros - CHF 25.-<\/span><\/span><span class=\"wpcf7-list-item\"><input type=\"checkbox\" name=\"abonnement[]\" value=\"1-Jahresabonnement, 10 Ausgaben - CHF 140.-\" \/><span class=\"wpcf7-list-item-label\">Abonnement d'un an, 10 num\u00e9ros - 140 CHF<\/span><\/span><span class=\"wpcf7-list-item\"><input type=\"checkbox\" name=\"abonnement[]\" value=\"2-Jahresabonnement, 20 Ausgaben - CHF 270.-\" \/><span class=\"wpcf7-list-item-label\">Abonnement de 2 ans, 20 num\u00e9ros - 270 CHF<\/span><\/span><span class=\"wpcf7-list-item\"><input type=\"checkbox\" name=\"abonnement[]\" value=\"Schweizer Immobilienbrief (kostenlos, E-Paper)\" \/><span class=\"wpcf7-list-item-label\">Lettre suisse de l'immobilier (gratuit, e-paper)<\/span><\/span><span class=\"wpcf7-list-item\"><input type=\"checkbox\" name=\"abonnement[]\" value=\"Newsletter (kostenlos)\" \/><span class=\"wpcf7-list-item-label\">Bulletin d'information (gratuit)<\/span><\/span><span class=\"wpcf7-list-item last\"><input type=\"checkbox\" name=\"abonnement[]\" value=\"Probenummer, 1 Ausgabe (kostenlos)\" \/><span class=\"wpcf7-list-item-label\">Num\u00e9ro d'essai, 1 num\u00e9ro (gratuit)<\/span><\/span><\/span><\/span><\/label>\n<\/p>\n<p><label>Formule de politesse*<br \/>\n<span class=\"wpcf7-form-control-wrap\" data-name=\"Anrede\"><select class=\"wpcf7-form-control wpcf7-select wpcf7-validates-as-required\" aria-required=\"true\" aria-invalid=\"false\" name=\"Anrede\"><option value=\"\">&#8212;Please choose an option&#8212;<\/option><option value=\"Herr\">Monsieur.<\/option><option value=\"Frau\">Mme.<\/option><\/select><\/span><\/label>\n<\/p>\n<p><span class=\"wpcf7-form-control-wrap\" data-name=\"vorname\"><input size=\"40\" maxlength=\"400\" class=\"wpcf7-form-control wpcf7-text wpcf7-validates-as-required\" aria-required=\"true\" aria-invalid=\"false\" placeholder=\"Nom de famille*\" value=\"\" type=\"text\" name=\"vorname\" \/><\/span>\n<\/p>\n<p><span class=\"wpcf7-form-control-wrap\" data-name=\"nachname\"><input size=\"40\" maxlength=\"400\" class=\"wpcf7-form-control wpcf7-text wpcf7-validates-as-required\" aria-required=\"true\" aria-invalid=\"false\" placeholder=\"Nom*\" value=\"\" type=\"text\" name=\"nachname\" \/><\/span>\n<\/p>\n<p><span class=\"wpcf7-form-control-wrap\" data-name=\"firma\"><input size=\"40\" maxlength=\"400\" class=\"wpcf7-form-control wpcf7-text\" aria-invalid=\"false\" placeholder=\"Soci\u00e9t\u00e9\" value=\"\" type=\"text\" name=\"firma\" \/><\/span>\n<\/p>\n<p><span class=\"wpcf7-form-control-wrap\" data-name=\"strasse\"><input size=\"40\" maxlength=\"400\" class=\"wpcf7-form-control wpcf7-text wpcf7-validates-as-required\" aria-required=\"true\" aria-invalid=\"false\" placeholder=\"Rue n\u00b0*\" value=\"\" type=\"text\" name=\"strasse\" \/><\/span>\n<\/p>\n<p><span class=\"wpcf7-form-control-wrap\" data-name=\"plz\"><input size=\"40\" maxlength=\"400\" class=\"wpcf7-form-control wpcf7-text wpcf7-validates-as-required\" aria-required=\"true\" aria-invalid=\"false\" placeholder=\"POSTCODE*\" value=\"\" type=\"text\" name=\"plz\" \/><\/span>\n<\/p>\n<p><span class=\"wpcf7-form-control-wrap\" data-name=\"ort\"><input size=\"40\" maxlength=\"400\" class=\"wpcf7-form-control wpcf7-text wpcf7-validates-as-required\" aria-required=\"true\" aria-invalid=\"false\" placeholder=\"Lieu*\" value=\"\" type=\"text\" name=\"ort\" \/><\/span>\n<\/p>\n<p><label> Pays*<br \/>\n<span class=\"wpcf7-form-control-wrap\" data-name=\"Land\"><select class=\"wpcf7-form-control wpcf7-select wpcf7-validates-as-required\" aria-required=\"true\" aria-invalid=\"false\" name=\"Land\"><option value=\"\">&#8212;Please choose an option&#8212;<\/option><option value=\"Schweiz\">Suisse<\/option><option value=\"Deutschland\">Allemagne<\/option><option value=\"\u00d6sterreich\">Autriche<\/option><option value=\"Frankreich\">France<\/option><option value=\"Italien\">Italie<\/option><option value=\"Schweden\">Su\u00e8de<\/option><option value=\"andere (bitte in Bemerkungen angeben)\">autre (\u00e0 pr\u00e9ciser dans les remarques)<\/option><\/select><\/span><br \/>\n<span class=\"wpcf7-form-control-wrap\" data-name=\"your-email\"><input size=\"40\" maxlength=\"400\" class=\"wpcf7-form-control wpcf7-email wpcf7-validates-as-required wpcf7-text wpcf7-validates-as-email\" aria-required=\"true\" aria-invalid=\"false\" placeholder=\"Courriel*\" value=\"\" type=\"email\" name=\"your-email\" \/><\/span><br \/>\n<span class=\"wpcf7-form-control-wrap\" data-name=\"Geburtstag\"><input size=\"40\" maxlength=\"400\" class=\"wpcf7-form-control wpcf7-text\" aria-invalid=\"false\" placeholder=\"Anniversaire, par exemple : 20.03.1970 (jour.mois.ann\u00e9e)\" value=\"\" type=\"text\" name=\"Geburtstag\" \/><\/span><br \/>\n<span class=\"wpcf7-form-control-wrap\" data-name=\"Telefon\"><input size=\"40\" maxlength=\"400\" class=\"wpcf7-form-control wpcf7-text\" aria-invalid=\"false\" placeholder=\"T\u00e9l\u00e9phone\" value=\"\" type=\"text\" name=\"Telefon\" \/><\/span><br \/>\n<\/label><label> \u00c9tudiant<br \/>\n<span class=\"wpcf7-form-control-wrap\" data-name=\"Student\"><span class=\"wpcf7-form-control wpcf7-radio\"><span class=\"wpcf7-list-item first\"><input type=\"radio\" name=\"Student\" value=\"Ja\" \/><span class=\"wpcf7-list-item-label\">Oui<\/span><\/span><span class=\"wpcf7-list-item last\"><input type=\"radio\" name=\"Student\" value=\"Nein\" \/><span class=\"wpcf7-list-item-label\">Non<\/span><\/span><\/span><\/span><\/label>\n<\/p>\n<p><span class=\"wpcf7-form-control-wrap\" data-name=\"Promotionscode\"><input size=\"40\" maxlength=\"400\" class=\"wpcf7-form-control wpcf7-text\" aria-invalid=\"false\" placeholder=\"Code promotionnel\" value=\"\" type=\"text\" name=\"Promotionscode\" \/><\/span>\n<\/p>\n<p><span class=\"wpcf7-form-control-wrap\" data-name=\"Bemerkungen\"><textarea cols=\"40\" rows=\"10\" maxlength=\"2000\" class=\"wpcf7-form-control wpcf7-textarea\" aria-invalid=\"false\" placeholder=\"Remarques\" name=\"Bemerkungen\"><\/textarea><\/span>\n<\/p>\n<div class=\"rechnung\">\n\t<p><label><span><strong>Informations sur la livraison<\/strong><br \/>\n<input type=\"checkbox\" name=\"rechnungsadresse\" id=\"rechnungsadresse\" value=\"separate Lieferadresse\" \/> indiquer une adresse de livraison s\u00e9par\u00e9e<\/span><\/label>\n\t<\/p>\n\t<p><label  id=\"hiddenforma\">Titre de civilit\u00e9<br \/>\n<span class=\"wpcf7-form-control-wrap\" data-name=\"ra_anrede\"><select class=\"wpcf7-form-control wpcf7-select\" id=\"ra_anrede\" aria-invalid=\"false\" name=\"ra_anrede\"><option value=\"\">&#8212;Please choose an option&#8212;<\/option><option value=\"Herr\">Monsieur.<\/option><option value=\"Frau\">Mme.<\/option><\/select><\/span><\/label>\n\t<\/p>\n\t<p><span class=\"wpcf7-form-control-wrap\" data-name=\"ra_vorname\"><input size=\"40\" maxlength=\"400\" class=\"wpcf7-form-control wpcf7-text\" id=\"ra_vorname\" aria-invalid=\"false\" placeholder=\"Pr\u00e9nom\" value=\"\" type=\"text\" name=\"ra_vorname\" \/><\/span>\n\t<\/p>\n\t<p><span class=\"wpcf7-form-control-wrap\" data-name=\"ra_name\"><input size=\"40\" maxlength=\"400\" class=\"wpcf7-form-control wpcf7-text\" id=\"ra_name\" aria-invalid=\"false\" placeholder=\"Nom\" value=\"\" type=\"text\" name=\"ra_name\" \/><\/span>\n\t<\/p>\n\t<p><span class=\"wpcf7-form-control-wrap\" data-name=\"ra_strasse\"><input size=\"40\" maxlength=\"400\" class=\"wpcf7-form-control wpcf7-text\" id=\"ra_strasse\" aria-invalid=\"false\" placeholder=\"Rue n\" value=\"\" type=\"text\" name=\"ra_strasse\" \/><\/span>\n\t<\/p>\n\t<p><span class=\"wpcf7-form-control-wrap\" data-name=\"ra_plz\"><input size=\"40\" maxlength=\"400\" class=\"wpcf7-form-control wpcf7-text\" id=\"ra_plz\" aria-invalid=\"false\" placeholder=\"CODE POSTAL\" value=\"\" type=\"text\" name=\"ra_plz\" \/><\/span>\n\t<\/p>\n\t<p><span class=\"wpcf7-form-control-wrap\" data-name=\"ra_ort\"><input size=\"40\" maxlength=\"400\" class=\"wpcf7-form-control wpcf7-text\" id=\"ra_ort\" aria-invalid=\"false\" placeholder=\"Lieu\" value=\"\" type=\"text\" name=\"ra_ort\" \/><\/span>\n\t<\/p>\n\t<p><label id=\"hiddenforml\"> Pays<br \/>\n<span class=\"wpcf7-form-control-wrap\" data-name=\"ra_land\"><select class=\"wpcf7-form-control wpcf7-select\" id=\"ra_land\" aria-invalid=\"false\" name=\"ra_land\"><option value=\"\">&#8212;Please choose an option&#8212;<\/option><option value=\"Schweiz\">Suisse<\/option><option value=\"Deutschland\">Allemagne<\/option><option value=\"\u00d6sterreich\">Autriche<\/option><option value=\"Frankreich\">France<\/option><option value=\"Italien\">Italie<\/option><option value=\"Schweden\">Su\u00e8de<\/option><option value=\"andere (bitte in Bemerkungen angeben)\">autre (\u00e0 pr\u00e9ciser dans les remarques)<\/option><\/select><\/span><br \/>\n<\/label>\n\t<\/p>\n<\/div>\n<p><label class=\"newsletter\"><strong>Je souhaite m'abonner aux newsletters suivantes :<\/strong><br \/>\n<span class=\"wpcf7-form-control-wrap\" data-name=\"newsletter\"><span class=\"wpcf7-form-control wpcf7-checkbox\" id=\"newsletter\"><span class=\"wpcf7-list-item first\"><input type=\"checkbox\" name=\"newsletter[]\" value=\"IMMOBILIEN Business\" \/><span class=\"wpcf7-list-item-label\">IMMOBILIER Business<\/span><\/span><span class=\"wpcf7-list-item last\"><input type=\"checkbox\" name=\"newsletter[]\" value=\"Immobilienbrief\" \/><span class=\"wpcf7-list-item-label\">Briefing sur l'immobilier<\/span><\/span><\/span><\/span><\/label>\n<\/p>\n<span class=\"wpcf7-form-control-wrap recaptcha\" data-name=\"recaptcha\"><span data-sitekey=\"6Le14NYmAAAAALAwQm3I-aXdKK5VT4wqsmNLWvI9\" class=\"wpcf7-form-control wpcf7-recaptcha g-recaptcha\"><\/span>\r\n<noscript>\r\n\t<div class=\"grecaptcha-noscript\">\r\n\t\t<iframe loading=\"lazy\" src=\"https:\/\/www.google.com\/recaptcha\/api\/fallback?k=6Le14NYmAAAAALAwQm3I-aXdKK5VT4wqsmNLWvI9\" frameborder=\"0\" scrolling=\"no\" width=\"310\" height=\"430\">\r\n\t\t<\/iframe>\r\n\t\t<textarea name=\"g-recaptcha-response\" rows=\"3\" cols=\"40\" placeholder=\"reCaptcha R\u00e9ponse ici\">\r\n\t\t<\/textarea>\r\n\t<\/div>\r\n<\/noscript>\r\n<\/span>\n<p>Remarque : des frais de port suppl\u00e9mentaires s'appliquent aux commandes pass\u00e9es \u00e0 l'\u00e9tranger.\n<\/p>\n<p><input class=\"wpcf7-form-control wpcf7-submit has-spinner\" type=\"submit\" value=\"Envoyer\" \/>\n<\/p><div class=\"wpcf7-response-output\" aria-hidden=\"true\"><\/div>\n<input type=\"hidden\" name=\"trp-form-language\" value=\"fr\"\/><\/form>\n<\/div>","protected":false},"excerpt":{"rendered":"<p>Abo-Bestellung Immobilien Business \u2013 Das Schweizer Immobilien-Magazin Abo-Bestellung: Wirtschaftsmagazin \u00fcber Immobilien und Architektur, sowie Investment- und Finanzierung. Unabh\u00e4ngiges Schweizer Wirtschaftsmagazin mit Fokus auf Immobilien, Architektur- und Bau sowie Investment- und Finanzierung. Monatlich berichten Fachjournalisten \u00fcber die spannendsten Markthintergr\u00fcnde und die wichtigsten Player der Branche. Die Finanzmarktseiten informieren \u00fcber Entwicklungen und Tendenzen im Immobilienmarkt und vermitteln [&hellip;]<\/p>\n","protected":false},"author":6,"featured_media":0,"parent":0,"menu_order":0,"comment_status":"closed","ping_status":"closed","template":"","meta":{"_acf_changed":false,"pgc_sgb_lightbox_settings":"","footnotes":""},"class_list":["post-23991","page","type-page","status-publish","hentry"],"acf":[],"yoast_head":"<!-- This site is optimized with the Yoast SEO plugin v27.4 - https:\/\/yoast.com\/product\/yoast-seo-wordpress\/ -->\n<title>Abo-Bestellung Immobilien Business - IMMOBILIEN Business<\/title>\n<meta name=\"description\" content=\"Abo-Bestellung Immobilien Business: Das Schweizer Immobilien-Magazin verbindet die einzelnen Immobilienbereiche. Jetzt abonnieren und monatlich profitieren!\" \/>\n<meta name=\"robots\" content=\"index, follow, max-snippet:-1, max-image-preview:large, max-video-preview:-1\" \/>\n<link rel=\"canonical\" href=\"https:\/\/www.immobilienbusiness.ch\/fr\/abo\/\" \/>\n<meta property=\"og:locale\" content=\"fr_FR\" \/>\n<meta property=\"og:type\" content=\"article\" \/>\n<meta property=\"og:title\" content=\"Abo-Bestellung\" \/>\n<meta property=\"og:description\" content=\"Abo-Bestellung Immobilien Business: Das Schweizer Immobilien-Magazin verbindet die einzelnen Immobilienbereiche. Jetzt abonnieren und monatlich profitieren!\" \/>\n<meta property=\"og:url\" content=\"https:\/\/www.immobilienbusiness.ch\/fr\/abo\/\" \/>\n<meta property=\"og:site_name\" content=\"IMMOBILIEN Business\" \/>\n<meta property=\"article:publisher\" content=\"https:\/\/www.facebook.com\/immobilienbusiness\/\" \/>\n<meta property=\"og:image\" content=\"https:\/\/www.immobilienbusiness.ch\/wp-content\/uploads\/2016\/11\/ib_neu_webseite_abo-1-e1484649102678.jpg\" \/>\n\t<meta property=\"og:image:width\" content=\"300\" \/>\n\t<meta property=\"og:image:height\" content=\"286\" \/>\n\t<meta property=\"og:image:type\" content=\"image\/jpeg\" \/>\n<meta name=\"twitter:card\" content=\"summary_large_image\" \/>\n<meta name=\"twitter:title\" content=\"Abo-Bestellung\" \/>\n<meta name=\"twitter:description\" content=\"Abo-Bestellung Immobilien Business: Das Schweizer Immobilien-Magazin verbindet die einzelnen Immobilienbereiche. Jetzt abonnieren und monatlich profitieren!\" \/>\n<script type=\"application\/ld+json\" class=\"yoast-schema-graph\">{\"@context\":\"https:\\\/\\\/schema.org\",\"@graph\":[{\"@type\":\"WebPage\",\"@id\":\"https:\\\/\\\/www.immobilienbusiness.ch\\\/abo\\\/\",\"url\":\"https:\\\/\\\/www.immobilienbusiness.ch\\\/abo\\\/\",\"name\":\"Abo-Bestellung Immobilien Business - IMMOBILIEN Business\",\"isPartOf\":{\"@id\":\"https:\\\/\\\/www.immobilienbusiness.ch\\\/#website\"},\"primaryImageOfPage\":{\"@id\":\"https:\\\/\\\/www.immobilienbusiness.ch\\\/abo\\\/#primaryimage\"},\"image\":{\"@id\":\"https:\\\/\\\/www.immobilienbusiness.ch\\\/abo\\\/#primaryimage\"},\"thumbnailUrl\":\"https:\\\/\\\/www.immobilienbusiness.ch\\\/wp-content\\\/uploads\\\/2017\\\/01\\\/ib_neu_webseite_abo-1.jpg\",\"datePublished\":\"2016-11-29T10:18:42+00:00\",\"description\":\"Abo-Bestellung Immobilien Business: Das Schweizer Immobilien-Magazin verbindet die einzelnen Immobilienbereiche. Jetzt abonnieren und monatlich profitieren!\",\"breadcrumb\":{\"@id\":\"https:\\\/\\\/www.immobilienbusiness.ch\\\/abo\\\/#breadcrumb\"},\"inLanguage\":\"fr-FR\",\"potentialAction\":[{\"@type\":\"ReadAction\",\"target\":[\"https:\\\/\\\/www.immobilienbusiness.ch\\\/abo\\\/\"]}]},{\"@type\":\"ImageObject\",\"inLanguage\":\"fr-FR\",\"@id\":\"https:\\\/\\\/www.immobilienbusiness.ch\\\/abo\\\/#primaryimage\",\"url\":\"https:\\\/\\\/www.immobilienbusiness.ch\\\/wp-content\\\/uploads\\\/2017\\\/01\\\/ib_neu_webseite_abo-1.jpg\",\"contentUrl\":\"https:\\\/\\\/www.immobilienbusiness.ch\\\/wp-content\\\/uploads\\\/2017\\\/01\\\/ib_neu_webseite_abo-1.jpg\"},{\"@type\":\"BreadcrumbList\",\"@id\":\"https:\\\/\\\/www.immobilienbusiness.ch\\\/abo\\\/#breadcrumb\",\"itemListElement\":[{\"@type\":\"ListItem\",\"position\":1,\"name\":\"Home\",\"item\":\"https:\\\/\\\/www.immobilienbusiness.ch\\\/\"},{\"@type\":\"ListItem\",\"position\":2,\"name\":\"Abo-Bestellung Immobilien Business\"}]},{\"@type\":\"WebSite\",\"@id\":\"https:\\\/\\\/www.immobilienbusiness.ch\\\/#website\",\"url\":\"https:\\\/\\\/www.immobilienbusiness.ch\\\/\",\"name\":\"IMMOBILIEN Business\",\"description\":\"Unabh\u00e4ngiges Schweizer Wirtschaftsmagazin mit Fokus auf Immobilien, Architektur- und Bau sowie Investment- und Finanzierung.\",\"publisher\":{\"@id\":\"https:\\\/\\\/www.immobilienbusiness.ch\\\/#organization\"},\"potentialAction\":[{\"@type\":\"SearchAction\",\"target\":{\"@type\":\"EntryPoint\",\"urlTemplate\":\"https:\\\/\\\/www.immobilienbusiness.ch\\\/?s={search_term_string}\"},\"query-input\":{\"@type\":\"PropertyValueSpecification\",\"valueRequired\":true,\"valueName\":\"search_term_string\"}}],\"inLanguage\":\"fr-FR\"},{\"@type\":\"Organization\",\"@id\":\"https:\\\/\\\/www.immobilienbusiness.ch\\\/#organization\",\"name\":\"IMMOBILIEN Business\",\"url\":\"https:\\\/\\\/www.immobilienbusiness.ch\\\/\",\"logo\":{\"@type\":\"ImageObject\",\"inLanguage\":\"fr-FR\",\"@id\":\"https:\\\/\\\/www.immobilienbusiness.ch\\\/#\\\/schema\\\/logo\\\/image\\\/\",\"url\":\"https:\\\/\\\/www.immobilienbusiness.ch\\\/wp-content\\\/uploads\\\/2021\\\/07\\\/logo_ib.png\",\"contentUrl\":\"https:\\\/\\\/www.immobilienbusiness.ch\\\/wp-content\\\/uploads\\\/2021\\\/07\\\/logo_ib.png\",\"width\":800,\"height\":181,\"caption\":\"IMMOBILIEN Business\"},\"image\":{\"@id\":\"https:\\\/\\\/www.immobilienbusiness.ch\\\/#\\\/schema\\\/logo\\\/image\\\/\"},\"sameAs\":[\"https:\\\/\\\/www.facebook.com\\\/immobilienbusiness\\\/\"]}]}<\/script>\n<!-- \/ Yoast SEO plugin. -->","yoast_head_json":{"title":"Abo-Bestellung Immobilien Business - IMMOBILIEN Business","description":"Abo-Bestellung Immobilien Business: Das Schweizer Immobilien-Magazin verbindet die einzelnen Immobilienbereiche. Jetzt abonnieren und monatlich profitieren!","robots":{"index":"index","follow":"follow","max-snippet":"max-snippet:-1","max-image-preview":"max-image-preview:large","max-video-preview":"max-video-preview:-1"},"canonical":"https:\/\/www.immobilienbusiness.ch\/fr\/abo\/","og_locale":"fr_FR","og_type":"article","og_title":"Abo-Bestellung","og_description":"Abo-Bestellung Immobilien Business: Das Schweizer Immobilien-Magazin verbindet die einzelnen Immobilienbereiche. Jetzt abonnieren und monatlich profitieren!","og_url":"https:\/\/www.immobilienbusiness.ch\/fr\/abo\/","og_site_name":"IMMOBILIEN Business","article_publisher":"https:\/\/www.facebook.com\/immobilienbusiness\/","og_image":[{"width":300,"height":286,"url":"https:\/\/www.immobilienbusiness.ch\/wp-content\/uploads\/2016\/11\/ib_neu_webseite_abo-1-e1484649102678.jpg","type":"image\/jpeg"}],"twitter_card":"summary_large_image","twitter_title":"Abo-Bestellung","twitter_description":"Abo-Bestellung Immobilien Business: Das Schweizer Immobilien-Magazin verbindet die einzelnen Immobilienbereiche. Jetzt abonnieren und monatlich profitieren!","schema":{"@context":"https:\/\/schema.org","@graph":[{"@type":"WebPage","@id":"https:\/\/www.immobilienbusiness.ch\/abo\/","url":"https:\/\/www.immobilienbusiness.ch\/abo\/","name":"Abo-Bestellung Immobilien Business - IMMOBILIEN Business","isPartOf":{"@id":"https:\/\/www.immobilienbusiness.ch\/#website"},"primaryImageOfPage":{"@id":"https:\/\/www.immobilienbusiness.ch\/abo\/#primaryimage"},"image":{"@id":"https:\/\/www.immobilienbusiness.ch\/abo\/#primaryimage"},"thumbnailUrl":"https:\/\/www.immobilienbusiness.ch\/wp-content\/uploads\/2017\/01\/ib_neu_webseite_abo-1.jpg","datePublished":"2016-11-29T10:18:42+00:00","description":"Abo-Bestellung Immobilien Business: Das Schweizer Immobilien-Magazin verbindet die einzelnen Immobilienbereiche. Jetzt abonnieren und monatlich profitieren!","breadcrumb":{"@id":"https:\/\/www.immobilienbusiness.ch\/abo\/#breadcrumb"},"inLanguage":"fr-FR","potentialAction":[{"@type":"ReadAction","target":["https:\/\/www.immobilienbusiness.ch\/abo\/"]}]},{"@type":"ImageObject","inLanguage":"fr-FR","@id":"https:\/\/www.immobilienbusiness.ch\/abo\/#primaryimage","url":"https:\/\/www.immobilienbusiness.ch\/wp-content\/uploads\/2017\/01\/ib_neu_webseite_abo-1.jpg","contentUrl":"https:\/\/www.immobilienbusiness.ch\/wp-content\/uploads\/2017\/01\/ib_neu_webseite_abo-1.jpg"},{"@type":"BreadcrumbList","@id":"https:\/\/www.immobilienbusiness.ch\/abo\/#breadcrumb","itemListElement":[{"@type":"ListItem","position":1,"name":"Home","item":"https:\/\/www.immobilienbusiness.ch\/"},{"@type":"ListItem","position":2,"name":"Abo-Bestellung Immobilien Business"}]},{"@type":"WebSite","@id":"https:\/\/www.immobilienbusiness.ch\/#website","url":"https:\/\/www.immobilienbusiness.ch\/","name":"IMMOBILIER Business","description":"Magazine \u00e9conomique suisse ind\u00e9pendant ax\u00e9 sur l'immobilier, l'architecture et la construction ainsi que sur les investissements et le financement.","publisher":{"@id":"https:\/\/www.immobilienbusiness.ch\/#organization"},"potentialAction":[{"@type":"SearchAction","target":{"@type":"EntryPoint","urlTemplate":"https:\/\/www.immobilienbusiness.ch\/?s={search_term_string}"},"query-input":{"@type":"PropertyValueSpecification","valueRequired":true,"valueName":"search_term_string"}}],"inLanguage":"fr-FR"},{"@type":"Organization","@id":"https:\/\/www.immobilienbusiness.ch\/#organization","name":"IMMOBILIER Business","url":"https:\/\/www.immobilienbusiness.ch\/","logo":{"@type":"ImageObject","inLanguage":"fr-FR","@id":"https:\/\/www.immobilienbusiness.ch\/#\/schema\/logo\/image\/","url":"https:\/\/www.immobilienbusiness.ch\/wp-content\/uploads\/2021\/07\/logo_ib.png","contentUrl":"https:\/\/www.immobilienbusiness.ch\/wp-content\/uploads\/2021\/07\/logo_ib.png","width":800,"height":181,"caption":"IMMOBILIEN Business"},"image":{"@id":"https:\/\/www.immobilienbusiness.ch\/#\/schema\/logo\/image\/"},"sameAs":["https:\/\/www.facebook.com\/immobilienbusiness\/"]}]}},"_links":{"self":[{"href":"https:\/\/www.immobilienbusiness.ch\/fr\/wp-json\/wp\/v2\/pages\/23991","targetHints":{"allow":["GET"]}}],"collection":[{"href":"https:\/\/www.immobilienbusiness.ch\/fr\/wp-json\/wp\/v2\/pages"}],"about":[{"href":"https:\/\/www.immobilienbusiness.ch\/fr\/wp-json\/wp\/v2\/types\/page"}],"author":[{"embeddable":true,"href":"https:\/\/www.immobilienbusiness.ch\/fr\/wp-json\/wp\/v2\/users\/6"}],"replies":[{"embeddable":true,"href":"https:\/\/www.immobilienbusiness.ch\/fr\/wp-json\/wp\/v2\/comments?post=23991"}],"version-history":[{"count":0,"href":"https:\/\/www.immobilienbusiness.ch\/fr\/wp-json\/wp\/v2\/pages\/23991\/revisions"}],"wp:attachment":[{"href":"https:\/\/www.immobilienbusiness.ch\/fr\/wp-json\/wp\/v2\/media?parent=23991"}],"curies":[{"name":"wp","href":"https:\/\/api.w.org\/{rel}","templated":true}]}}