{"id":50378,"date":"2023-07-13T00:01:35","date_gmt":"2023-07-12T22:01:35","guid":{"rendered":"https:\/\/www.immobilienbusiness.ch\/?post_type=product&#038;p=50378"},"modified":"2026-02-17T15:56:41","modified_gmt":"2026-02-17T14:56:41","slug":"immobilier-romand-edition-7-8-2023","status":"publish","type":"product","link":"https:\/\/www.immobilienbusiness.ch\/en\/product\/immobilier-romand-edition-7-8-2023\/","title":{"rendered":"Immobilier Romand Edition 7-8\/2023"},"content":{"rendered":"<ul>\n<li>Gen\u00e8ve : Alto Pont Rouge avant l'inauguration<\/li>\n<li>ENTREPRISES : Stoneweg<\/li>\n<li>Th\u00f4nex : le projet Greenway<\/li>\n<li>Chavannes : le projet Horizon Dorigny<\/li>\n<li>PERSONALIA : Axa IM Alts \/ Eiffage Suisse<\/li>\n<li>Prilly : le projet Tilia<\/li>\n<li>Sion : l'\u00e9coquartier des Rives de Bramois<\/li>\n<li>Vi\u00e8ge : le complexe r\u00e9sidentiel \" Litterna \"<\/li>\n<li>Gen\u00e8ve : le retour d'un b\u00e2timent de la Poste Imprint<\/li>\n<li>Boom dans l'Arc l\u00e9manique<\/li>\n<li>Forte demande en logements et bureaux<\/li>\n<li>March\u00e9s d'investissement : Pas de p\u00e9nurie de capitaux<\/li>\n<li>Who's who 2023 : 100 acteurs de l'univers immobilier suisse<\/li>\n<li>La RICS analyzes the risks<br \/>\nFirst edition of the \"Dialogue de l'\u00e9conomie immobili\u00e8re suisse\" in Lausanne<\/li>\n<li>Nice augmentation of income<\/li>\n<li>Le taux d'int\u00e9r\u00eat de r\u00e9f\u00e9rence plus \u00e9lev\u00e9 et!ses cons\u00e9quences<\/li>\n<li>Entretien : Christoph Syz, Patrimonium<\/li>\n<li>D\u00e9veloppement durable<\/li>\n<li>\" Un changement vers une am\u00e9lioration \"<\/li>\n<\/ul>","protected":false},"excerpt":{"rendered":"<div class=\"WC-Product__subtitle\">Receive the French-language trade journal \"Immobilier Romand\" Edition 7-8\/2023 as a PDF download with the following table of contents:<\/div>","protected":false},"featured_media":50384,"template":"","meta":{"_acf_changed":false,"pgc_sgb_lightbox_settings":""},"product_brand":[],"product_cat":[921],"product_tag":[2187],"class_list":{"0":"post-50378","1":"product","2":"type-product","3":"status-publish","4":"has-post-thumbnail","6":"product_cat-einzelausgaben","7":"product_tag-2187","9":"first","10":"instock","11":"downloadable","12":"virtual","13":"taxable","14":"purchasable","15":"product-type-simple"},"acf":[],"yoast_head":"<!-- This site is optimized with the Yoast SEO plugin v27.4 - https:\/\/yoast.com\/product\/yoast-seo-wordpress\/ -->\n<title>Immobilier Romand Edition 7-8\/2023 - IMMOBILIEN Business<\/title>\n<meta name=\"description\" content=\"Erhalte die franz\u00f6sischsprachige Fachzeitschrift \u00abImmobilier Romand\u00bb Edition 7-8\/2023 als PDF-Download mit nachfolgendem Inhaltsverzeichnis:\" \/>\n<meta name=\"robots\" content=\"index, follow, max-snippet:-1, max-image-preview:large, max-video-preview:-1\" \/>\n<link rel=\"canonical\" href=\"https:\/\/www.immobilienbusiness.ch\/en\/product\/immobilier-romand-edition-7-8-2023\/\" \/>\n<meta property=\"og:locale\" content=\"en_US\" \/>\n<meta property=\"og:type\" content=\"article\" \/>\n<meta property=\"og:title\" content=\"Immobilier Romand Edition 7-8\/2023 - IMMOBILIEN Business\" \/>\n<meta property=\"og:description\" content=\"Erhalte die franz\u00f6sischsprachige Fachzeitschrift \u00abImmobilier Romand\u00bb Edition 7-8\/2023 als PDF-Download mit nachfolgendem Inhaltsverzeichnis:\" \/>\n<meta property=\"og:url\" content=\"https:\/\/www.immobilienbusiness.ch\/en\/product\/immobilier-romand-edition-7-8-2023\/\" \/>\n<meta property=\"og:site_name\" content=\"IMMOBILIEN Business\" \/>\n<meta property=\"article:publisher\" content=\"https:\/\/www.facebook.com\/immobilienbusiness\/\" \/>\n<meta property=\"article:modified_time\" content=\"2026-02-17T14:56:41+00:00\" \/>\n<meta property=\"og:image\" content=\"https:\/\/www.immobilienbusiness.ch\/wp-content\/uploads\/2023\/07\/Immobilier_Romand_2023_7-8.png\" \/>\n\t<meta property=\"og:image:width\" content=\"654\" \/>\n\t<meta property=\"og:image:height\" content=\"370\" \/>\n\t<meta property=\"og:image:type\" content=\"image\/png\" \/>\n<meta name=\"twitter:card\" content=\"summary_large_image\" \/>\n<script type=\"application\/ld+json\" class=\"yoast-schema-graph\">{\"@context\":\"https:\\\/\\\/schema.org\",\"@graph\":[{\"@type\":\"WebPage\",\"@id\":\"https:\\\/\\\/www.immobilienbusiness.ch\\\/produkt\\\/immobilier-romand-edition-7-8-2023\\\/\",\"url\":\"https:\\\/\\\/www.immobilienbusiness.ch\\\/produkt\\\/immobilier-romand-edition-7-8-2023\\\/\",\"name\":\"Immobilier Romand Edition 7-8\\\/2023 - IMMOBILIEN Business\",\"isPartOf\":{\"@id\":\"https:\\\/\\\/www.immobilienbusiness.ch\\\/#website\"},\"primaryImageOfPage\":{\"@id\":\"https:\\\/\\\/www.immobilienbusiness.ch\\\/produkt\\\/immobilier-romand-edition-7-8-2023\\\/#primaryimage\"},\"image\":{\"@id\":\"https:\\\/\\\/www.immobilienbusiness.ch\\\/produkt\\\/immobilier-romand-edition-7-8-2023\\\/#primaryimage\"},\"thumbnailUrl\":\"https:\\\/\\\/www.immobilienbusiness.ch\\\/wp-content\\\/uploads\\\/2023\\\/07\\\/Immobilier_Romand_2023_7-8.png\",\"datePublished\":\"2023-07-12T22:01:35+00:00\",\"dateModified\":\"2026-02-17T14:56:41+00:00\",\"description\":\"Erhalte die franz\u00f6sischsprachige Fachzeitschrift \u00abImmobilier Romand\u00bb Edition 7-8\\\/2023 als PDF-Download mit nachfolgendem Inhaltsverzeichnis:\",\"breadcrumb\":{\"@id\":\"https:\\\/\\\/www.immobilienbusiness.ch\\\/produkt\\\/immobilier-romand-edition-7-8-2023\\\/#breadcrumb\"},\"inLanguage\":\"en-US\",\"potentialAction\":[{\"@type\":\"ReadAction\",\"target\":[\"https:\\\/\\\/www.immobilienbusiness.ch\\\/produkt\\\/immobilier-romand-edition-7-8-2023\\\/\"]}]},{\"@type\":\"ImageObject\",\"inLanguage\":\"en-US\",\"@id\":\"https:\\\/\\\/www.immobilienbusiness.ch\\\/produkt\\\/immobilier-romand-edition-7-8-2023\\\/#primaryimage\",\"url\":\"https:\\\/\\\/www.immobilienbusiness.ch\\\/wp-content\\\/uploads\\\/2023\\\/07\\\/Immobilier_Romand_2023_7-8.png\",\"contentUrl\":\"https:\\\/\\\/www.immobilienbusiness.ch\\\/wp-content\\\/uploads\\\/2023\\\/07\\\/Immobilier_Romand_2023_7-8.png\",\"width\":654,\"height\":370},{\"@type\":\"BreadcrumbList\",\"@id\":\"https:\\\/\\\/www.immobilienbusiness.ch\\\/produkt\\\/immobilier-romand-edition-7-8-2023\\\/#breadcrumb\",\"itemListElement\":[{\"@type\":\"ListItem\",\"position\":1,\"name\":\"Home\",\"item\":\"https:\\\/\\\/www.immobilienbusiness.ch\\\/\"},{\"@type\":\"ListItem\",\"position\":2,\"name\":\"Shop\",\"item\":\"https:\\\/\\\/www.immobilienbusiness.ch\\\/en\\\/shop\\\/\"},{\"@type\":\"ListItem\",\"position\":3,\"name\":\"Immobilier Romand Edition 7-8\\\/2023\"}]},{\"@type\":\"WebSite\",\"@id\":\"https:\\\/\\\/www.immobilienbusiness.ch\\\/#website\",\"url\":\"https:\\\/\\\/www.immobilienbusiness.ch\\\/\",\"name\":\"IMMOBILIEN Business\",\"description\":\"Unabh\u00e4ngiges Schweizer Wirtschaftsmagazin mit Fokus auf Immobilien, Architektur- und Bau sowie Investment- und Finanzierung.\",\"publisher\":{\"@id\":\"https:\\\/\\\/www.immobilienbusiness.ch\\\/#organization\"},\"potentialAction\":[{\"@type\":\"SearchAction\",\"target\":{\"@type\":\"EntryPoint\",\"urlTemplate\":\"https:\\\/\\\/www.immobilienbusiness.ch\\\/?s={search_term_string}\"},\"query-input\":{\"@type\":\"PropertyValueSpecification\",\"valueRequired\":true,\"valueName\":\"search_term_string\"}}],\"inLanguage\":\"en-US\"},{\"@type\":\"Organization\",\"@id\":\"https:\\\/\\\/www.immobilienbusiness.ch\\\/#organization\",\"name\":\"IMMOBILIEN Business\",\"url\":\"https:\\\/\\\/www.immobilienbusiness.ch\\\/\",\"logo\":{\"@type\":\"ImageObject\",\"inLanguage\":\"en-US\",\"@id\":\"https:\\\/\\\/www.immobilienbusiness.ch\\\/#\\\/schema\\\/logo\\\/image\\\/\",\"url\":\"https:\\\/\\\/www.immobilienbusiness.ch\\\/wp-content\\\/uploads\\\/2021\\\/07\\\/logo_ib.png\",\"contentUrl\":\"https:\\\/\\\/www.immobilienbusiness.ch\\\/wp-content\\\/uploads\\\/2021\\\/07\\\/logo_ib.png\",\"width\":800,\"height\":181,\"caption\":\"IMMOBILIEN Business\"},\"image\":{\"@id\":\"https:\\\/\\\/www.immobilienbusiness.ch\\\/#\\\/schema\\\/logo\\\/image\\\/\"},\"sameAs\":[\"https:\\\/\\\/www.facebook.com\\\/immobilienbusiness\\\/\"]}]}<\/script>\n<!-- \/ Yoast SEO plugin. -->","yoast_head_json":{"title":"Immobilier Romand Edition 7-8\/2023 - IMMOBILIEN Business","description":"Receive the French-language trade journal \"Immobilier Romand\" Edition 7-8\/2023 as a PDF download with the following table of contents:","robots":{"index":"index","follow":"follow","max-snippet":"max-snippet:-1","max-image-preview":"max-image-preview:large","max-video-preview":"max-video-preview:-1"},"canonical":"https:\/\/www.immobilienbusiness.ch\/en\/product\/immobilier-romand-edition-7-8-2023\/","og_locale":"en_US","og_type":"article","og_title":"Immobilier Romand Edition 7-8\/2023 - IMMOBILIEN Business","og_description":"Erhalte die franz\u00f6sischsprachige Fachzeitschrift \u00abImmobilier Romand\u00bb Edition 7-8\/2023 als PDF-Download mit nachfolgendem Inhaltsverzeichnis:","og_url":"https:\/\/www.immobilienbusiness.ch\/en\/product\/immobilier-romand-edition-7-8-2023\/","og_site_name":"IMMOBILIEN Business","article_publisher":"https:\/\/www.facebook.com\/immobilienbusiness\/","article_modified_time":"2026-02-17T14:56:41+00:00","og_image":[{"width":654,"height":370,"url":"https:\/\/www.immobilienbusiness.ch\/wp-content\/uploads\/2023\/07\/Immobilier_Romand_2023_7-8.png","type":"image\/png"}],"twitter_card":"summary_large_image","schema":{"@context":"https:\/\/schema.org","@graph":[{"@type":"WebPage","@id":"https:\/\/www.immobilienbusiness.ch\/produkt\/immobilier-romand-edition-7-8-2023\/","url":"https:\/\/www.immobilienbusiness.ch\/produkt\/immobilier-romand-edition-7-8-2023\/","name":"Immobilier Romand Edition 7-8\/2023 - IMMOBILIEN Business","isPartOf":{"@id":"https:\/\/www.immobilienbusiness.ch\/#website"},"primaryImageOfPage":{"@id":"https:\/\/www.immobilienbusiness.ch\/produkt\/immobilier-romand-edition-7-8-2023\/#primaryimage"},"image":{"@id":"https:\/\/www.immobilienbusiness.ch\/produkt\/immobilier-romand-edition-7-8-2023\/#primaryimage"},"thumbnailUrl":"https:\/\/www.immobilienbusiness.ch\/wp-content\/uploads\/2023\/07\/Immobilier_Romand_2023_7-8.png","datePublished":"2023-07-12T22:01:35+00:00","dateModified":"2026-02-17T14:56:41+00:00","description":"Receive the French-language trade journal \"Immobilier Romand\" Edition 7-8\/2023 as a PDF download with the following table of contents:","breadcrumb":{"@id":"https:\/\/www.immobilienbusiness.ch\/produkt\/immobilier-romand-edition-7-8-2023\/#breadcrumb"},"inLanguage":"en-US","potentialAction":[{"@type":"ReadAction","target":["https:\/\/www.immobilienbusiness.ch\/produkt\/immobilier-romand-edition-7-8-2023\/"]}]},{"@type":"ImageObject","inLanguage":"en-US","@id":"https:\/\/www.immobilienbusiness.ch\/produkt\/immobilier-romand-edition-7-8-2023\/#primaryimage","url":"https:\/\/www.immobilienbusiness.ch\/wp-content\/uploads\/2023\/07\/Immobilier_Romand_2023_7-8.png","contentUrl":"https:\/\/www.immobilienbusiness.ch\/wp-content\/uploads\/2023\/07\/Immobilier_Romand_2023_7-8.png","width":654,"height":370},{"@type":"BreadcrumbList","@id":"https:\/\/www.immobilienbusiness.ch\/produkt\/immobilier-romand-edition-7-8-2023\/#breadcrumb","itemListElement":[{"@type":"ListItem","position":1,"name":"Home","item":"https:\/\/www.immobilienbusiness.ch\/"},{"@type":"ListItem","position":2,"name":"Shop","item":"https:\/\/www.immobilienbusiness.ch\/en\/shop\/"},{"@type":"ListItem","position":3,"name":"Immobilier Romand Edition 7-8\/2023"}]},{"@type":"WebSite","@id":"https:\/\/www.immobilienbusiness.ch\/#website","url":"https:\/\/www.immobilienbusiness.ch\/","name":"REAL ESTATE Business","description":"Independent Swiss business magazine focusing on real estate, architecture and construction as well as investment and financing.","publisher":{"@id":"https:\/\/www.immobilienbusiness.ch\/#organization"},"potentialAction":[{"@type":"SearchAction","target":{"@type":"EntryPoint","urlTemplate":"https:\/\/www.immobilienbusiness.ch\/?s={search_term_string}"},"query-input":{"@type":"PropertyValueSpecification","valueRequired":true,"valueName":"search_term_string"}}],"inLanguage":"en-US"},{"@type":"Organization","@id":"https:\/\/www.immobilienbusiness.ch\/#organization","name":"REAL ESTATE Business","url":"https:\/\/www.immobilienbusiness.ch\/","logo":{"@type":"ImageObject","inLanguage":"en-US","@id":"https:\/\/www.immobilienbusiness.ch\/#\/schema\/logo\/image\/","url":"https:\/\/www.immobilienbusiness.ch\/wp-content\/uploads\/2021\/07\/logo_ib.png","contentUrl":"https:\/\/www.immobilienbusiness.ch\/wp-content\/uploads\/2021\/07\/logo_ib.png","width":800,"height":181,"caption":"IMMOBILIEN Business"},"image":{"@id":"https:\/\/www.immobilienbusiness.ch\/#\/schema\/logo\/image\/"},"sameAs":["https:\/\/www.facebook.com\/immobilienbusiness\/"]}]}},"_links":{"self":[{"href":"https:\/\/www.immobilienbusiness.ch\/en\/wp-json\/wp\/v2\/product\/50378","targetHints":{"allow":["GET"]}}],"collection":[{"href":"https:\/\/www.immobilienbusiness.ch\/en\/wp-json\/wp\/v2\/product"}],"about":[{"href":"https:\/\/www.immobilienbusiness.ch\/en\/wp-json\/wp\/v2\/types\/product"}],"wp:featuredmedia":[{"embeddable":true,"href":"https:\/\/www.immobilienbusiness.ch\/en\/wp-json\/wp\/v2\/media\/50384"}],"wp:attachment":[{"href":"https:\/\/www.immobilienbusiness.ch\/en\/wp-json\/wp\/v2\/media?parent=50378"}],"wp:term":[{"taxonomy":"product_brand","embeddable":true,"href":"https:\/\/www.immobilienbusiness.ch\/en\/wp-json\/wp\/v2\/product_brand?post=50378"},{"taxonomy":"product_cat","embeddable":true,"href":"https:\/\/www.immobilienbusiness.ch\/en\/wp-json\/wp\/v2\/product_cat?post=50378"},{"taxonomy":"product_tag","embeddable":true,"href":"https:\/\/www.immobilienbusiness.ch\/en\/wp-json\/wp\/v2\/product_tag?post=50378"}],"curies":[{"name":"wp","href":"https:\/\/api.w.org\/{rel}","templated":true}]}}