{"id":9158,"date":"2017-09-14T10:55:18","date_gmt":"2017-09-14T08:55:18","guid":{"rendered":"https:\/\/www.immobilienbusiness.ch\/?page_id=9158"},"modified":"2024-09-03T17:35:20","modified_gmt":"2024-09-03T15:35:20","slug":"agb","status":"publish","type":"page","link":"https:\/\/www.immobilienbusiness.ch\/en\/agb\/","title":{"rendered":"AGB"},"content":{"rendered":"<p><strong><strong>Order placement\/order change<\/strong> We request that advertisements be placed, changed or suspended in writing.<\/strong><\/p>\n<p><strong>Order confirmation<\/strong><br \/>\nYou will receive an order confirmation from us upon receipt of your booking.<\/p>\n<p><strong>Publication of advertisements<\/strong><br \/>\nThe client is responsible for the content of an advertisement. He shall be liable for any claims against the publisher. The publisher reserves the right to refuse the publication of advertisements, to suspend ongoing advertisements or to demand changes. Text advertisements must differ from the editorial section in layout, typeface and type size. The newspaper logo and its typeface may not be used. All advertisements may be clearly identified as such by the publisher by the heading \"Advertisement\" or \"Promotion\".<\/p>\n<p><strong>Placements<\/strong><br \/>\nPlacements are accepted as a request, but not as a condition (except for placements subject to surcharge).<\/p>\n<p><strong>Right of postponement<\/strong><br \/>\nWe reserve the right to postpone advertisements by one issue for technical reasons, even without consulting the client.<\/p>\n<p><strong>Tariff changes<\/strong><br \/>\nRates are subject to change and come into effect immediately, even for current orders. All advertising rates excl. Prices in francs at the current daily rate.<\/p>\n<p><strong>Discount agreements<\/strong><br \/>\nDiscounts are valid for the duration of one year and only for a single client. They are binding for the entire duration of the contract.<\/p>\n<p><strong>Technical defects<\/strong><br \/>\nNo liability can be accepted for advertisements that do not appear correctly as a result of missing or unsuitable printing material. In the case of coloured advertisements, a colour proof must be submitted in good time. A reasonable tolerance in the colour shade is reserved. There is only a claim for replacement or price reduction if the advertisement loses its advertising effect due to major defects in the technical reproduction.<\/p>\n<p><strong>Complaints<\/strong><br \/>\nComplaints will be accepted within 10 days after invoicing.<\/p>\n<p><strong>Invoicing<\/strong><br \/>\nThe invoice is sent electronically in PDF format with the corresponding page receipt to the e-mail address provided by the client. If required, a physical invoice can be sent at a cost.<\/p>\n<p><strong>Disclaimer<\/strong><br \/>\nThe editorial content constitutes neither an offer nor an invitation to enter into a financial transaction and does not release the reader from his or her<br \/>\nown judgment.<\/p>\n<p><strong>Payment deadline<\/strong><br \/>\n30 days after receipt of invoice, without discount. If invoice amounts have to be enforced by way of execution, any discount and commission agreement shall cease to apply.<\/p>\n<p><strong>Applicability<\/strong><br \/>\nInsertion orders are based on the rate published by the publisher. The insertion provisions are binding for all orders.<\/p>\n<p><strong>Place of jurisdiction<\/strong><br \/>\nThe place of jurisdiction and performance is Zurich.<\/p>\n<p>Zurich, Berneck, Flawil, Frauenfeld, September 2017<\/p>","protected":false},"excerpt":{"rendered":"<p>Auftragserteilung\/Auftrags\u00e4nderung Aufgabe, \u00c4nderung oder Sistierung von Inseraten erbitten wir schriftlich. Auftragsbest\u00e4tigung Eine Auftragsbest\u00e4tigung erhalten Sie von uns nach Eingang Ihrer Buchung. Ver\u00f6ffentlichung von Anzeigen F\u00fcr den Inhalt einer Anzeige ist der Auftraggeber verantwortlich. Er hat f\u00fcr allf\u00e4llige Anspr\u00fcche gegen\u00fcber dem Verlag einzustehen. Der Verlag beh\u00e4lt sich das Recht vor, die Ver\u00f6ffentlichung von Anzeigen abzulehnen, laufende [&hellip;]<\/p>\n","protected":false},"author":6,"featured_media":0,"parent":0,"menu_order":0,"comment_status":"closed","ping_status":"closed","template":"","meta":{"_acf_changed":false,"pgc_sgb_lightbox_settings":"","footnotes":""},"class_list":["post-9158","page","type-page","status-publish","hentry"],"acf":[],"yoast_head":"<!-- This site is optimized with the Yoast SEO plugin v27.3 - https:\/\/yoast.com\/product\/yoast-seo-wordpress\/ -->\n<title>Allgemeine Gesch\u00e4ftsbedingungen (AGB) IMMOBILIEN Business<\/title>\n<meta name=\"description\" content=\"Allgemeine Gesch\u00e4ftsbedingungen (AGB) der galledia ag und der galledia Verlag AG, beide nachfolgend galledia genannt.\" \/>\n<meta name=\"robots\" content=\"index, follow, max-snippet:-1, max-image-preview:large, max-video-preview:-1\" \/>\n<link rel=\"canonical\" href=\"https:\/\/www.immobilienbusiness.ch\/en\/agb\/\" \/>\n<meta property=\"og:locale\" content=\"en_US\" \/>\n<meta property=\"og:type\" content=\"article\" \/>\n<meta property=\"og:title\" content=\"Allgemeine Gesch\u00e4ftsbedingungen (AGB) IMMOBILIEN Business\" \/>\n<meta property=\"og:description\" content=\"Allgemeine Gesch\u00e4ftsbedingungen (AGB) der galledia ag und der galledia Verlag AG, beide nachfolgend galledia genannt.\" \/>\n<meta property=\"og:url\" content=\"https:\/\/www.immobilienbusiness.ch\/en\/agb\/\" \/>\n<meta property=\"og:site_name\" content=\"IMMOBILIEN Business\" \/>\n<meta property=\"article:publisher\" content=\"https:\/\/www.facebook.com\/immobilienbusiness\/\" \/>\n<meta property=\"article:modified_time\" content=\"2024-09-03T15:35:20+00:00\" \/>\n<meta name=\"twitter:card\" content=\"summary_large_image\" \/>\n<script type=\"application\/ld+json\" class=\"yoast-schema-graph\">{\"@context\":\"https:\\\/\\\/schema.org\",\"@graph\":[{\"@type\":\"WebPage\",\"@id\":\"https:\\\/\\\/www.immobilienbusiness.ch\\\/agb\\\/\",\"url\":\"https:\\\/\\\/www.immobilienbusiness.ch\\\/agb\\\/\",\"name\":\"Allgemeine Gesch\u00e4ftsbedingungen (AGB) IMMOBILIEN Business\",\"isPartOf\":{\"@id\":\"https:\\\/\\\/www.immobilienbusiness.ch\\\/#website\"},\"datePublished\":\"2017-09-14T08:55:18+00:00\",\"dateModified\":\"2024-09-03T15:35:20+00:00\",\"description\":\"Allgemeine Gesch\u00e4ftsbedingungen (AGB) der galledia ag und der galledia Verlag AG, beide nachfolgend galledia genannt.\",\"breadcrumb\":{\"@id\":\"https:\\\/\\\/www.immobilienbusiness.ch\\\/agb\\\/#breadcrumb\"},\"inLanguage\":\"en-US\",\"potentialAction\":[{\"@type\":\"ReadAction\",\"target\":[\"https:\\\/\\\/www.immobilienbusiness.ch\\\/agb\\\/\"]}]},{\"@type\":\"BreadcrumbList\",\"@id\":\"https:\\\/\\\/www.immobilienbusiness.ch\\\/agb\\\/#breadcrumb\",\"itemListElement\":[{\"@type\":\"ListItem\",\"position\":1,\"name\":\"Home\",\"item\":\"https:\\\/\\\/www.immobilienbusiness.ch\\\/\"},{\"@type\":\"ListItem\",\"position\":2,\"name\":\"AGB\"}]},{\"@type\":\"WebSite\",\"@id\":\"https:\\\/\\\/www.immobilienbusiness.ch\\\/#website\",\"url\":\"https:\\\/\\\/www.immobilienbusiness.ch\\\/\",\"name\":\"IMMOBILIEN Business\",\"description\":\"Unabh\u00e4ngiges Schweizer Wirtschaftsmagazin mit Fokus auf Immobilien, Architektur- und Bau sowie Investment- und Finanzierung.\",\"publisher\":{\"@id\":\"https:\\\/\\\/www.immobilienbusiness.ch\\\/#organization\"},\"potentialAction\":[{\"@type\":\"SearchAction\",\"target\":{\"@type\":\"EntryPoint\",\"urlTemplate\":\"https:\\\/\\\/www.immobilienbusiness.ch\\\/?s={search_term_string}\"},\"query-input\":{\"@type\":\"PropertyValueSpecification\",\"valueRequired\":true,\"valueName\":\"search_term_string\"}}],\"inLanguage\":\"en-US\"},{\"@type\":\"Organization\",\"@id\":\"https:\\\/\\\/www.immobilienbusiness.ch\\\/#organization\",\"name\":\"IMMOBILIEN Business\",\"url\":\"https:\\\/\\\/www.immobilienbusiness.ch\\\/\",\"logo\":{\"@type\":\"ImageObject\",\"inLanguage\":\"en-US\",\"@id\":\"https:\\\/\\\/www.immobilienbusiness.ch\\\/#\\\/schema\\\/logo\\\/image\\\/\",\"url\":\"https:\\\/\\\/www.immobilienbusiness.ch\\\/wp-content\\\/uploads\\\/2021\\\/07\\\/logo_ib.png\",\"contentUrl\":\"https:\\\/\\\/www.immobilienbusiness.ch\\\/wp-content\\\/uploads\\\/2021\\\/07\\\/logo_ib.png\",\"width\":800,\"height\":181,\"caption\":\"IMMOBILIEN Business\"},\"image\":{\"@id\":\"https:\\\/\\\/www.immobilienbusiness.ch\\\/#\\\/schema\\\/logo\\\/image\\\/\"},\"sameAs\":[\"https:\\\/\\\/www.facebook.com\\\/immobilienbusiness\\\/\"]}]}<\/script>\n<!-- \/ Yoast SEO plugin. -->","yoast_head_json":{"title":"General Terms and Conditions (GTC) IMMOBILIEN Business","description":"General Terms and Conditions (GTC) of galledia ag and galledia Verlag AG, both hereinafter referred to as galledia.","robots":{"index":"index","follow":"follow","max-snippet":"max-snippet:-1","max-image-preview":"max-image-preview:large","max-video-preview":"max-video-preview:-1"},"canonical":"https:\/\/www.immobilienbusiness.ch\/en\/agb\/","og_locale":"en_US","og_type":"article","og_title":"Allgemeine Gesch\u00e4ftsbedingungen (AGB) IMMOBILIEN Business","og_description":"Allgemeine Gesch\u00e4ftsbedingungen (AGB) der galledia ag und der galledia Verlag AG, beide nachfolgend galledia genannt.","og_url":"https:\/\/www.immobilienbusiness.ch\/en\/agb\/","og_site_name":"IMMOBILIEN Business","article_publisher":"https:\/\/www.facebook.com\/immobilienbusiness\/","article_modified_time":"2024-09-03T15:35:20+00:00","twitter_card":"summary_large_image","schema":{"@context":"https:\/\/schema.org","@graph":[{"@type":"WebPage","@id":"https:\/\/www.immobilienbusiness.ch\/agb\/","url":"https:\/\/www.immobilienbusiness.ch\/agb\/","name":"General Terms and Conditions (GTC) IMMOBILIEN Business","isPartOf":{"@id":"https:\/\/www.immobilienbusiness.ch\/#website"},"datePublished":"2017-09-14T08:55:18+00:00","dateModified":"2024-09-03T15:35:20+00:00","description":"General Terms and Conditions (GTC) of galledia ag and galledia Verlag AG, both hereinafter referred to as galledia.","breadcrumb":{"@id":"https:\/\/www.immobilienbusiness.ch\/agb\/#breadcrumb"},"inLanguage":"en-US","potentialAction":[{"@type":"ReadAction","target":["https:\/\/www.immobilienbusiness.ch\/agb\/"]}]},{"@type":"BreadcrumbList","@id":"https:\/\/www.immobilienbusiness.ch\/agb\/#breadcrumb","itemListElement":[{"@type":"ListItem","position":1,"name":"Home","item":"https:\/\/www.immobilienbusiness.ch\/"},{"@type":"ListItem","position":2,"name":"AGB"}]},{"@type":"WebSite","@id":"https:\/\/www.immobilienbusiness.ch\/#website","url":"https:\/\/www.immobilienbusiness.ch\/","name":"REAL ESTATE Business","description":"Independent Swiss business magazine focusing on real estate, architecture and construction as well as investment and financing.","publisher":{"@id":"https:\/\/www.immobilienbusiness.ch\/#organization"},"potentialAction":[{"@type":"SearchAction","target":{"@type":"EntryPoint","urlTemplate":"https:\/\/www.immobilienbusiness.ch\/?s={search_term_string}"},"query-input":{"@type":"PropertyValueSpecification","valueRequired":true,"valueName":"search_term_string"}}],"inLanguage":"en-US"},{"@type":"Organization","@id":"https:\/\/www.immobilienbusiness.ch\/#organization","name":"REAL ESTATE Business","url":"https:\/\/www.immobilienbusiness.ch\/","logo":{"@type":"ImageObject","inLanguage":"en-US","@id":"https:\/\/www.immobilienbusiness.ch\/#\/schema\/logo\/image\/","url":"https:\/\/www.immobilienbusiness.ch\/wp-content\/uploads\/2021\/07\/logo_ib.png","contentUrl":"https:\/\/www.immobilienbusiness.ch\/wp-content\/uploads\/2021\/07\/logo_ib.png","width":800,"height":181,"caption":"IMMOBILIEN Business"},"image":{"@id":"https:\/\/www.immobilienbusiness.ch\/#\/schema\/logo\/image\/"},"sameAs":["https:\/\/www.facebook.com\/immobilienbusiness\/"]}]}},"_links":{"self":[{"href":"https:\/\/www.immobilienbusiness.ch\/en\/wp-json\/wp\/v2\/pages\/9158","targetHints":{"allow":["GET"]}}],"collection":[{"href":"https:\/\/www.immobilienbusiness.ch\/en\/wp-json\/wp\/v2\/pages"}],"about":[{"href":"https:\/\/www.immobilienbusiness.ch\/en\/wp-json\/wp\/v2\/types\/page"}],"author":[{"embeddable":true,"href":"https:\/\/www.immobilienbusiness.ch\/en\/wp-json\/wp\/v2\/users\/6"}],"replies":[{"embeddable":true,"href":"https:\/\/www.immobilienbusiness.ch\/en\/wp-json\/wp\/v2\/comments?post=9158"}],"version-history":[{"count":1,"href":"https:\/\/www.immobilienbusiness.ch\/en\/wp-json\/wp\/v2\/pages\/9158\/revisions"}],"predecessor-version":[{"id":59662,"href":"https:\/\/www.immobilienbusiness.ch\/en\/wp-json\/wp\/v2\/pages\/9158\/revisions\/59662"}],"wp:attachment":[{"href":"https:\/\/www.immobilienbusiness.ch\/en\/wp-json\/wp\/v2\/media?parent=9158"}],"curies":[{"name":"wp","href":"https:\/\/api.w.org\/{rel}","templated":true}]}}