{"id":67126,"date":"2026-02-04T08:22:40","date_gmt":"2026-02-04T07:22:40","guid":{"rendered":"https:\/\/www.immobilienbusiness.ch\/?post_type=product&#038;p=67126"},"modified":"2026-02-17T15:56:36","modified_gmt":"2026-02-17T14:56:36","slug":"immobilien-business-ausgabe-02-2026","status":"publish","type":"product","link":"https:\/\/www.immobilienbusiness.ch\/de\/produkt\/immobilien-business-ausgabe-02-2026\/","title":{"rendered":"Immobilien Business Ausgabe 02\/2026"},"content":{"rendered":"<h3>Nachrichten<\/h3>\n<ul>\n<li>Zu\u0308rich: SIX-Liegenschaft wechselt die Hand<\/li>\n<li>Zu\u0308rich: Neuer Quartierbaustein fu\u0308r H\u00f6ngg<\/li>\n<li>Personalia: Hiag Immobilien \/ Seraina Real Estate<\/li>\n<li>Zug: \u00abMetalli\u00bb-Projekt vor neuen Hu\u0308rden<\/li>\n<li>Kaiseraugst: \u00abAurica Next\u00bb einen Schritt weiter<\/li>\n<li>Personalia: Zu\u0308rcher Kantonalbank<\/li>\n<li>Sursee: Neue Weichen fu\u0308r den Bildungsstandort<\/li>\n<li>Personalia: CBRE Schweiz<\/li>\n<li>Basel: Wohnungsbau auf dem Areal der Messehalle 3<\/li>\n<li>Aus den Unternehmen: Helvetia Baloise Holding<\/li>\n<li>St. Gallen: Gru\u0308nes Licht fu\u0308r Neubauprojekt<\/li>\n<li>Uzwil: Raum fu\u0308r Produktions- und Industriebetriebe<\/li>\n<li>Aus den Unternehmen: Ginesta \/ Honegger Gruppe<\/li>\n<li>Zuoz: Facelift fu\u0308r Hotel Castell<\/li>\n<li>St. Moritz: Hotel \u00abLaudinella\u00bb wiederer\u00f6ffnet<\/li>\n<li>Impressum<\/li>\n<\/ul>\n<h3>Trends<\/h3>\n<ul>\n<li>TRADITIONSH\u00c4USER GEFRAGT<\/li>\n<li>Hotelimmobilien ru\u0308cken in den Investorenfokus<\/li>\n<li>\u00abDER ANLAGEDRUCK BLEIBT HOCH\u00bb<\/li>\n<li>Wettbewerb um Superm\u00e4rkte und Fachmarktzentren<\/li>\n<\/ul>\n<h3>M\u00e4rkte und Investment<\/h3>\n<ul>\n<li>\u00abEUROP\u00c4ISCHE RENAISSANCE\u00bb<\/li>\n<li>Internationale Investoren sehen Einstiegschancen<\/li>\n<\/ul>\n<h3>Titel-Thema<\/h3>\n<ul>\n<li>IM UMBRUCH<\/li>\n<li>KI ver\u00e4ndert den Markt fu\u0308r Rechenzentren<\/li>\n<\/ul>\n<h3>Regionen<\/h3>\n<ul>\n<li>DIE \u00abHOTEL-MAMA\u00bb-STADT<\/li>\n<li>In Zu\u0308rich bleibt das Angebot fu\u0308r Wohnungen knapp<\/li>\n<\/ul>\n<h3>Residential<\/h3>\n<ul>\n<li>AM ANSCHLAG<\/li>\n<li>Wohnungsknappheit wird zum Standortnachteil<\/li>\n<li>DIE MIETPREISBREMSE \u2013 UND IHRE FOLGEN<\/li>\n<li>Erfahrungen mit der Mietpreisbegrenzung in Deutschland<\/li>\n<\/ul>\n<h3>Innovationen<\/h3>\n<ul>\n<li>WEITERHIN OPTIMISTISCH<\/li>\n<li>Schweizer PropTechs weiter auf Wachstumskurs<\/li>\n<\/ul>\n<h3>Auslandsm\u00e4rkte<\/h3>\n<ul>\n<li>KEHRTWENDE<\/li>\n<li>Immobilieninvestments in Down Under wieder gefragt<\/li>\n<\/ul>\n<h3>Immobilien-Finanzm\u00e4rkte<\/h3>\n<ul>\n<li>IMMO26:<br \/>\nViel Kapital auf engem Raum<\/li>\n<li>Hiag Immobilien: Mit Strategieumbau auf Kurs<br \/>\nPlazza AG: Ergebnis verbessert<br \/>\nMobimo: Neuer Green Bond<\/li>\n<li>Suisse Romande Property Fund: Portfolio erweitert<br \/>\nUBS \u00abSiat\u00bb: Frisches Geld fu\u0308r Zuk\u00e4ufe und Projekte<br \/>\nSwiss Life AM: Neuer Fonds<\/li>\n<li>Swiss Invest REF: \u00abSubstanzielle Portfoliozug\u00e4nge\u00bb<br \/>\nLa Fonci\u00e9re: H\u00f6here Mietertr\u00e4ge<br \/>\nSwiss Central City REF: Verkauf in Genf<\/li>\n<li>Marktkommentar von Zoltan Szelyes, Macro Real Estate<\/li>\n<li>Realstone AST: Auf Einkaufstour<br \/>\nHelvetia Life AST: Neue Anlagegruppe<\/li>\n<li>Ecoreal AST: Portfolio deutlich ausgebaut<br \/>\nVertina AST: Emissionsziel u\u0308bertroffen<br \/>\nSFP AST: Emission massiv u\u0308berzeichnet<\/li>\n<li>Empira Group: Grossprojekt in Berlin<\/li>\n<li>Patrimonium AM \/ Bayview: Neue Finanzierungsplattform<\/li>\n<\/ul>\n","protected":false},"excerpt":{"rendered":"<p>Erhalte die deutschsprachige Fachzeitschrift \u00abImmobilien Business\u00bb in der Ausgabe 02\/2026 als PDF-Download mit nachfolgendem Inhaltsverzeichnis:<\/p>\n","protected":false},"featured_media":67128,"template":"","meta":{"_acf_changed":false,"pgc_sgb_lightbox_settings":""},"product_brand":[],"product_cat":[921],"product_tag":[4434],"class_list":{"0":"post-67126","1":"product","2":"type-product","3":"status-publish","4":"has-post-thumbnail","6":"product_cat-einzelausgaben","7":"product_tag-4434","9":"first","10":"instock","11":"downloadable","12":"virtual","13":"taxable","14":"purchasable","15":"product-type-simple"},"acf":[],"yoast_head":"<!-- This site is optimized with the Yoast SEO plugin v27.3 - https:\/\/yoast.com\/product\/yoast-seo-wordpress\/ -->\n<title>Immobilien Business Ausgabe 02\/2026 - IMMOBILIEN Business<\/title>\n<meta name=\"description\" content=\"Erhalte die deutschsprachige Fachzeitschrift \u00abImmobilien Business\u00bb in der Ausgabe 02\/2026 als PDF-Download mit nachfolgendem Inhaltsverzeichnis:\" \/>\n<meta name=\"robots\" content=\"index, follow, max-snippet:-1, max-image-preview:large, max-video-preview:-1\" \/>\n<link rel=\"canonical\" href=\"https:\/\/www.immobilienbusiness.ch\/de\/produkt\/immobilien-business-ausgabe-02-2026\/\" \/>\n<meta property=\"og:locale\" content=\"de_DE\" \/>\n<meta property=\"og:type\" content=\"article\" \/>\n<meta property=\"og:title\" content=\"Immobilien Business Ausgabe 02\/2026 - IMMOBILIEN Business\" \/>\n<meta property=\"og:description\" content=\"Erhalte die deutschsprachige Fachzeitschrift \u00abImmobilien Business\u00bb in der Ausgabe 02\/2026 als PDF-Download mit nachfolgendem Inhaltsverzeichnis:\" \/>\n<meta property=\"og:url\" content=\"https:\/\/www.immobilienbusiness.ch\/de\/produkt\/immobilien-business-ausgabe-02-2026\/\" \/>\n<meta property=\"og:site_name\" content=\"IMMOBILIEN Business\" \/>\n<meta property=\"article:publisher\" content=\"https:\/\/www.facebook.com\/immobilienbusiness\/\" \/>\n<meta property=\"article:modified_time\" content=\"2026-02-17T14:56:36+00:00\" \/>\n<meta property=\"og:image\" content=\"https:\/\/www.immobilienbusiness.ch\/wp-content\/uploads\/2026\/02\/immobilienbusiness_cover_02-2026.png\" \/>\n\t<meta property=\"og:image:width\" content=\"1200\" \/>\n\t<meta property=\"og:image:height\" content=\"680\" \/>\n\t<meta property=\"og:image:type\" content=\"image\/png\" \/>\n<meta name=\"twitter:card\" content=\"summary_large_image\" \/>\n<script type=\"application\/ld+json\" class=\"yoast-schema-graph\">{\"@context\":\"https:\\\/\\\/schema.org\",\"@graph\":[{\"@type\":\"WebPage\",\"@id\":\"https:\\\/\\\/www.immobilienbusiness.ch\\\/produkt\\\/immobilien-business-ausgabe-02-2026\\\/\",\"url\":\"https:\\\/\\\/www.immobilienbusiness.ch\\\/produkt\\\/immobilien-business-ausgabe-02-2026\\\/\",\"name\":\"Immobilien Business Ausgabe 02\\\/2026 - IMMOBILIEN Business\",\"isPartOf\":{\"@id\":\"https:\\\/\\\/www.immobilienbusiness.ch\\\/#website\"},\"primaryImageOfPage\":{\"@id\":\"https:\\\/\\\/www.immobilienbusiness.ch\\\/produkt\\\/immobilien-business-ausgabe-02-2026\\\/#primaryimage\"},\"image\":{\"@id\":\"https:\\\/\\\/www.immobilienbusiness.ch\\\/produkt\\\/immobilien-business-ausgabe-02-2026\\\/#primaryimage\"},\"thumbnailUrl\":\"https:\\\/\\\/www.immobilienbusiness.ch\\\/wp-content\\\/uploads\\\/2026\\\/02\\\/immobilienbusiness_cover_02-2026.png\",\"datePublished\":\"2026-02-04T07:22:40+00:00\",\"dateModified\":\"2026-02-17T14:56:36+00:00\",\"description\":\"Erhalte die deutschsprachige Fachzeitschrift \u00abImmobilien Business\u00bb in der Ausgabe 02\\\/2026 als PDF-Download mit nachfolgendem Inhaltsverzeichnis:\",\"breadcrumb\":{\"@id\":\"https:\\\/\\\/www.immobilienbusiness.ch\\\/produkt\\\/immobilien-business-ausgabe-02-2026\\\/#breadcrumb\"},\"inLanguage\":\"de\",\"potentialAction\":[{\"@type\":\"ReadAction\",\"target\":[\"https:\\\/\\\/www.immobilienbusiness.ch\\\/produkt\\\/immobilien-business-ausgabe-02-2026\\\/\"]}]},{\"@type\":\"ImageObject\",\"inLanguage\":\"de\",\"@id\":\"https:\\\/\\\/www.immobilienbusiness.ch\\\/produkt\\\/immobilien-business-ausgabe-02-2026\\\/#primaryimage\",\"url\":\"https:\\\/\\\/www.immobilienbusiness.ch\\\/wp-content\\\/uploads\\\/2026\\\/02\\\/immobilienbusiness_cover_02-2026.png\",\"contentUrl\":\"https:\\\/\\\/www.immobilienbusiness.ch\\\/wp-content\\\/uploads\\\/2026\\\/02\\\/immobilienbusiness_cover_02-2026.png\",\"width\":1200,\"height\":680,\"caption\":\"Cover Immobilienbusiness 02\\\/2026\"},{\"@type\":\"BreadcrumbList\",\"@id\":\"https:\\\/\\\/www.immobilienbusiness.ch\\\/produkt\\\/immobilien-business-ausgabe-02-2026\\\/#breadcrumb\",\"itemListElement\":[{\"@type\":\"ListItem\",\"position\":1,\"name\":\"Home\",\"item\":\"https:\\\/\\\/www.immobilienbusiness.ch\\\/\"},{\"@type\":\"ListItem\",\"position\":2,\"name\":\"Shop\",\"item\":\"https:\\\/\\\/www.immobilienbusiness.ch\\\/en\\\/shop\\\/\"},{\"@type\":\"ListItem\",\"position\":3,\"name\":\"Immobilien Business Ausgabe 02\\\/2026\"}]},{\"@type\":\"WebSite\",\"@id\":\"https:\\\/\\\/www.immobilienbusiness.ch\\\/#website\",\"url\":\"https:\\\/\\\/www.immobilienbusiness.ch\\\/\",\"name\":\"IMMOBILIEN Business\",\"description\":\"Unabh\u00e4ngiges Schweizer Wirtschaftsmagazin mit Fokus auf Immobilien, Architektur- und Bau sowie Investment- und Finanzierung.\",\"publisher\":{\"@id\":\"https:\\\/\\\/www.immobilienbusiness.ch\\\/#organization\"},\"potentialAction\":[{\"@type\":\"SearchAction\",\"target\":{\"@type\":\"EntryPoint\",\"urlTemplate\":\"https:\\\/\\\/www.immobilienbusiness.ch\\\/?s={search_term_string}\"},\"query-input\":{\"@type\":\"PropertyValueSpecification\",\"valueRequired\":true,\"valueName\":\"search_term_string\"}}],\"inLanguage\":\"de\"},{\"@type\":\"Organization\",\"@id\":\"https:\\\/\\\/www.immobilienbusiness.ch\\\/#organization\",\"name\":\"IMMOBILIEN Business\",\"url\":\"https:\\\/\\\/www.immobilienbusiness.ch\\\/\",\"logo\":{\"@type\":\"ImageObject\",\"inLanguage\":\"de\",\"@id\":\"https:\\\/\\\/www.immobilienbusiness.ch\\\/#\\\/schema\\\/logo\\\/image\\\/\",\"url\":\"https:\\\/\\\/www.immobilienbusiness.ch\\\/wp-content\\\/uploads\\\/2021\\\/07\\\/logo_ib.png\",\"contentUrl\":\"https:\\\/\\\/www.immobilienbusiness.ch\\\/wp-content\\\/uploads\\\/2021\\\/07\\\/logo_ib.png\",\"width\":800,\"height\":181,\"caption\":\"IMMOBILIEN Business\"},\"image\":{\"@id\":\"https:\\\/\\\/www.immobilienbusiness.ch\\\/#\\\/schema\\\/logo\\\/image\\\/\"},\"sameAs\":[\"https:\\\/\\\/www.facebook.com\\\/immobilienbusiness\\\/\"]}]}<\/script>\n<!-- \/ Yoast SEO plugin. -->","yoast_head_json":{"title":"Immobilien Business Ausgabe 02\/2026 - IMMOBILIEN Business","description":"Erhalte die deutschsprachige Fachzeitschrift \u00abImmobilien Business\u00bb in der Ausgabe 02\/2026 als PDF-Download mit nachfolgendem Inhaltsverzeichnis:","robots":{"index":"index","follow":"follow","max-snippet":"max-snippet:-1","max-image-preview":"max-image-preview:large","max-video-preview":"max-video-preview:-1"},"canonical":"https:\/\/www.immobilienbusiness.ch\/de\/produkt\/immobilien-business-ausgabe-02-2026\/","og_locale":"de_DE","og_type":"article","og_title":"Immobilien Business Ausgabe 02\/2026 - IMMOBILIEN Business","og_description":"Erhalte die deutschsprachige Fachzeitschrift \u00abImmobilien Business\u00bb in der Ausgabe 02\/2026 als PDF-Download mit nachfolgendem Inhaltsverzeichnis:","og_url":"https:\/\/www.immobilienbusiness.ch\/de\/produkt\/immobilien-business-ausgabe-02-2026\/","og_site_name":"IMMOBILIEN Business","article_publisher":"https:\/\/www.facebook.com\/immobilienbusiness\/","article_modified_time":"2026-02-17T14:56:36+00:00","og_image":[{"width":1200,"height":680,"url":"https:\/\/www.immobilienbusiness.ch\/wp-content\/uploads\/2026\/02\/immobilienbusiness_cover_02-2026.png","type":"image\/png"}],"twitter_card":"summary_large_image","schema":{"@context":"https:\/\/schema.org","@graph":[{"@type":"WebPage","@id":"https:\/\/www.immobilienbusiness.ch\/produkt\/immobilien-business-ausgabe-02-2026\/","url":"https:\/\/www.immobilienbusiness.ch\/produkt\/immobilien-business-ausgabe-02-2026\/","name":"Immobilien Business Ausgabe 02\/2026 - IMMOBILIEN Business","isPartOf":{"@id":"https:\/\/www.immobilienbusiness.ch\/#website"},"primaryImageOfPage":{"@id":"https:\/\/www.immobilienbusiness.ch\/produkt\/immobilien-business-ausgabe-02-2026\/#primaryimage"},"image":{"@id":"https:\/\/www.immobilienbusiness.ch\/produkt\/immobilien-business-ausgabe-02-2026\/#primaryimage"},"thumbnailUrl":"https:\/\/www.immobilienbusiness.ch\/wp-content\/uploads\/2026\/02\/immobilienbusiness_cover_02-2026.png","datePublished":"2026-02-04T07:22:40+00:00","dateModified":"2026-02-17T14:56:36+00:00","description":"Erhalte die deutschsprachige Fachzeitschrift \u00abImmobilien Business\u00bb in der Ausgabe 02\/2026 als PDF-Download mit nachfolgendem Inhaltsverzeichnis:","breadcrumb":{"@id":"https:\/\/www.immobilienbusiness.ch\/produkt\/immobilien-business-ausgabe-02-2026\/#breadcrumb"},"inLanguage":"de","potentialAction":[{"@type":"ReadAction","target":["https:\/\/www.immobilienbusiness.ch\/produkt\/immobilien-business-ausgabe-02-2026\/"]}]},{"@type":"ImageObject","inLanguage":"de","@id":"https:\/\/www.immobilienbusiness.ch\/produkt\/immobilien-business-ausgabe-02-2026\/#primaryimage","url":"https:\/\/www.immobilienbusiness.ch\/wp-content\/uploads\/2026\/02\/immobilienbusiness_cover_02-2026.png","contentUrl":"https:\/\/www.immobilienbusiness.ch\/wp-content\/uploads\/2026\/02\/immobilienbusiness_cover_02-2026.png","width":1200,"height":680,"caption":"Cover Immobilienbusiness 02\/2026"},{"@type":"BreadcrumbList","@id":"https:\/\/www.immobilienbusiness.ch\/produkt\/immobilien-business-ausgabe-02-2026\/#breadcrumb","itemListElement":[{"@type":"ListItem","position":1,"name":"Home","item":"https:\/\/www.immobilienbusiness.ch\/"},{"@type":"ListItem","position":2,"name":"Shop","item":"https:\/\/www.immobilienbusiness.ch\/en\/shop\/"},{"@type":"ListItem","position":3,"name":"Immobilien Business Ausgabe 02\/2026"}]},{"@type":"WebSite","@id":"https:\/\/www.immobilienbusiness.ch\/#website","url":"https:\/\/www.immobilienbusiness.ch\/","name":"IMMOBILIEN Business","description":"Unabh\u00e4ngiges Schweizer Wirtschaftsmagazin mit Fokus auf Immobilien, Architektur- und Bau sowie Investment- und Finanzierung.","publisher":{"@id":"https:\/\/www.immobilienbusiness.ch\/#organization"},"potentialAction":[{"@type":"SearchAction","target":{"@type":"EntryPoint","urlTemplate":"https:\/\/www.immobilienbusiness.ch\/?s={search_term_string}"},"query-input":{"@type":"PropertyValueSpecification","valueRequired":true,"valueName":"search_term_string"}}],"inLanguage":"de"},{"@type":"Organization","@id":"https:\/\/www.immobilienbusiness.ch\/#organization","name":"IMMOBILIEN Business","url":"https:\/\/www.immobilienbusiness.ch\/","logo":{"@type":"ImageObject","inLanguage":"de","@id":"https:\/\/www.immobilienbusiness.ch\/#\/schema\/logo\/image\/","url":"https:\/\/www.immobilienbusiness.ch\/wp-content\/uploads\/2021\/07\/logo_ib.png","contentUrl":"https:\/\/www.immobilienbusiness.ch\/wp-content\/uploads\/2021\/07\/logo_ib.png","width":800,"height":181,"caption":"IMMOBILIEN Business"},"image":{"@id":"https:\/\/www.immobilienbusiness.ch\/#\/schema\/logo\/image\/"},"sameAs":["https:\/\/www.facebook.com\/immobilienbusiness\/"]}]}},"_links":{"self":[{"href":"https:\/\/www.immobilienbusiness.ch\/de\/wp-json\/wp\/v2\/product\/67126","targetHints":{"allow":["GET"]}}],"collection":[{"href":"https:\/\/www.immobilienbusiness.ch\/de\/wp-json\/wp\/v2\/product"}],"about":[{"href":"https:\/\/www.immobilienbusiness.ch\/de\/wp-json\/wp\/v2\/types\/product"}],"wp:featuredmedia":[{"embeddable":true,"href":"https:\/\/www.immobilienbusiness.ch\/de\/wp-json\/wp\/v2\/media\/67128"}],"wp:attachment":[{"href":"https:\/\/www.immobilienbusiness.ch\/de\/wp-json\/wp\/v2\/media?parent=67126"}],"wp:term":[{"taxonomy":"product_brand","embeddable":true,"href":"https:\/\/www.immobilienbusiness.ch\/de\/wp-json\/wp\/v2\/product_brand?post=67126"},{"taxonomy":"product_cat","embeddable":true,"href":"https:\/\/www.immobilienbusiness.ch\/de\/wp-json\/wp\/v2\/product_cat?post=67126"},{"taxonomy":"product_tag","embeddable":true,"href":"https:\/\/www.immobilienbusiness.ch\/de\/wp-json\/wp\/v2\/product_tag?post=67126"}],"curies":[{"name":"wp","href":"https:\/\/api.w.org\/{rel}","templated":true}]}}