{"id":65608,"date":"2025-10-01T15:15:28","date_gmt":"2025-10-01T13:15:28","guid":{"rendered":"https:\/\/www.immobilienbusiness.ch\/?post_type=product&#038;p=65608"},"modified":"2026-02-17T15:56:37","modified_gmt":"2026-02-17T14:56:37","slug":"immobilien-business-ausgabe-10-2025","status":"publish","type":"product","link":"https:\/\/www.immobilienbusiness.ch\/de\/produkt\/immobilien-business-ausgabe-10-2025\/","title":{"rendered":"Immobilien Business Ausgabe 10\/2025"},"content":{"rendered":"<h3>Nachrichten<\/h3>\n<ul>\n<li>Zu\u0308rich: Neue Pl\u00e4ne fu\u0308r den Pfauen<\/li>\n<li>Zu\u0308rich: SPS will beim Maag-Areal nicht umsatteln<\/li>\n<li>Personalia: Swiss Prime Site AG<\/li>\n<li>Zug: Neuer Mieter im \u00abOpus\u00bb<\/li>\n<li>Baar: Grundsteinlegung fu\u0308r Bu\u0308rohaus \u00abAura\u00bb<\/li>\n<li>Personalia: Zurich Invest AG \/ Korrigendum<\/li>\n<li>Thun: Projekt Siegenthalergut einen Schritt weiter<\/li>\n<li>Ittigen: Grundstein fu\u0308r \u00abMetropark\u00bb gelegt<\/li>\n<li>Personalia: Ecoreal Anlagestiftung<\/li>\n<li>Basel: Neue Pl\u00e4ne fu\u0308r die Stadterweiterung am Rhein<\/li>\n<li>St. Gallen: Exempel \u00abfu\u0308r Bauen im postfossilen Zeitalter\u00bb<\/li>\n<li>Wil: Gru\u0308nes Licht fu\u0308r \u00abW + P Engineering Campus\u00bb<\/li>\n<li>Personalia: Hardturm AG \/ Julius B\u00e4r Real Estate<\/li>\n<li>Frauenfeld: Facelift fu\u0308r das Einkaufszentrum \u00abPassage\u00bb<\/li>\n<li>Blatten: Tempor\u00e4res Hotel aus Holz auf der Lauchernalp<\/li>\n<li>Impressum<\/li>\n<\/ul>\n<h3>Trends<\/h3>\n<ul>\n<li>NEUER BOOM<\/li>\n<li>Ergebnisse des Swiss Real Estate Sentiment Index 2025<\/li>\n<li>INTERVIEW:<\/li>\n<li>Beat Seger, KPMG Schweiz<\/li>\n<li>SPITZENMIETEN LEGEN ZU<\/li>\n<li>Gesch\u00e4ftsfl\u00e4chenmarkt bleibt widerstandsf\u00e4hig<\/li>\n<\/ul>\n<h3>M\u00e4rkte und Investment<\/h3>\n<ul>\n<li>FLUCHT IN DEN FRANKEN<\/li>\n<li>Internationale Investoren setzen auf Schweizer Betongold<\/li>\n<li>DER 13. STOCK<\/li>\n<li>Die Kolumne von Stephan Kloess<\/li>\n<\/ul>\n<h3>Titel-Thema<\/h3>\n<ul>\n<li>MURGANG UND GLETSCHERSTURZ<\/li>\n<li>Neue Debatte u\u0308ber gef\u00e4hrdete Orte<\/li>\n<li>EXTREMWETTERLAGEN UND IMMOBILIENWERTE<\/li>\n<li>JLL-Studie zu den Folgen des Klimawandels<\/li>\n<\/ul>\n<h3>Asset- und Portfoliomanagement<\/h3>\n<ul>\n<li>SO VIEL WIE N\u00d6TIG, SO WENIG WIE M\u00d6GLICH<\/li>\n<li>Im Fokus: Terresta Immobilien- und Verwaltungs-AG<\/li>\n<\/ul>\n<h3>Facility Management<\/h3>\n<ul>\n<li>KLEINES GELD, GROSSE WIRKUNG<\/li>\n<li>Alternativen zum Austausch von Haustechnikanlagen<\/li>\n<\/ul>\n<h3>Residential<\/h3>\n<ul>\n<li>TEURES PFLASTER<\/li>\n<li>Hoher Anstieg der Immobilienpreise im Kanton Schwyz<\/li>\n<li>REZENSION:<\/li>\n<li>\u00abDigitales Immobilienmarketing\u00bb<\/li>\n<\/ul>\n<h3>Auslandsm\u00e4rkte<\/h3>\n<ul>\n<li>UK CALLING<\/li>\n<li>Britischer Immobilienmarkt zeigt Anzeichen der Erholung<\/li>\n<\/ul>\n<h3>Immobilien-Finanzm\u00e4rkte<\/h3>\n<ul>\n<li>INTERVIEW DES MONATS:<br \/>\nRoger Baumann, COO Global Real Estate bei Zurich<br \/>\nInsurance Group Investment Management<\/li>\n<li>Allreal Holding: Ergebnis stark verbessert<br \/>\nPSP Swiss Property: Prognose fu\u0308r 2025 best\u00e4tigt<br \/>\nFlughafen Zu\u0308rich: Rekordergebnis im 1. Halbjahr<\/li>\n<li>Intershop Holding: Liegenschaftsertrag gestiegen<br \/>\nInvestis Holding: H\u00f6herer Cashflow<\/li>\n<li>Akara REF Swiss Diversity PK: Lukrative Verk\u00e4ufe<br \/>\nSolvalor 61: Zuk\u00e4ufe in Genf<br \/>\nPure Swiss Opertunity REF: Mehr Mieteinku\u0308nfte<\/li>\n<li>Dominic\u00e9 Swiss Property Fund: Auf Einkaufstour<br \/>\nZIF Immobilien Direkt Schweiz: Kapitalerh\u00f6hung<br \/>\nFundamenta Group AST: Milliardenmarke u\u0308berschritten<br \/>\nSeraina Investment Foundation: Zwei Emissionen<\/li>\n<li>Baloise Swiss Property Fund: Erfolgreiche Emission<br \/>\nSF Sustainable Property Fund: Wachstum durch Zuk\u00e4ufe<br \/>\nHelvetica Swiss Living Fund: Weniger Leerstand<br \/>\nUBS Mixed Sima: Projekte auf Kurs<\/li>\n<li>Marktkommentar von Zoltan Szelyes, Macro Real Estate AG<\/li>\n<li>Anlagestiftung Swiss Life: Frisches Kapital gefragt<br \/>\nDie Schweizer AST: H\u00f6here Miete, steigende Werte<br \/>\nRealstone AST RIRS: Starkes Wachstum<\/li>\n<li>Empira AST: Neue Anlagegruppe \u00abFinanzierungen\u00bb<br \/>\nSwiss Prime AST \u00abLiving+Europe\u00bb: \u00abStabile Bewertungen\u00bb<br \/>\nZu\u0308rich AST: Anlagegruppe sucht 400 Millionen<\/li>\n<li>Tellco AST: \u00d6ffnung einer Anlagegruppe<br \/>\nSwisscanto AST: \u00abGrosse Nachfrage\u00bb<\/li>\n<li>Final Performer: Swiss Prime Site AG<\/li>\n<\/ul>\n","protected":false},"excerpt":{"rendered":"<p>Erhalte die deutschsprachige Fachzeitschrift \u00abImmobilien Business\u00bb in der Ausgabe 10\/2025 als PDF-Download mit nachfolgendem Inhaltsverzeichnis:<\/p>\n","protected":false},"featured_media":65609,"template":"","meta":{"_acf_changed":false,"pgc_sgb_lightbox_settings":""},"product_brand":[],"product_cat":[921],"product_tag":[4101],"class_list":{"0":"post-65608","1":"product","2":"type-product","3":"status-publish","4":"has-post-thumbnail","6":"product_cat-einzelausgaben","7":"product_tag-4101","9":"first","10":"instock","11":"downloadable","12":"virtual","13":"taxable","14":"purchasable","15":"product-type-simple"},"acf":[],"yoast_head":"<!-- This site is optimized with the Yoast SEO plugin v27.3 - https:\/\/yoast.com\/product\/yoast-seo-wordpress\/ -->\n<title>Immobilien Business Ausgabe 10\/2025 - IMMOBILIEN Business<\/title>\n<meta name=\"description\" content=\"Erhalte die deutschsprachige Fachzeitschrift \u00abImmobilien Business\u00bb in der Ausgabe 10\/2025 als PDF-Download mit nachfolgendem Inhaltsverzeichnis:\" \/>\n<meta name=\"robots\" content=\"index, follow, max-snippet:-1, max-image-preview:large, max-video-preview:-1\" \/>\n<link rel=\"canonical\" href=\"https:\/\/www.immobilienbusiness.ch\/de\/produkt\/immobilien-business-ausgabe-10-2025\/\" \/>\n<meta property=\"og:locale\" content=\"de_DE\" \/>\n<meta property=\"og:type\" content=\"article\" \/>\n<meta property=\"og:title\" content=\"Immobilien Business Ausgabe 10\/2025 - IMMOBILIEN Business\" \/>\n<meta property=\"og:description\" content=\"Erhalte die deutschsprachige Fachzeitschrift \u00abImmobilien Business\u00bb in der Ausgabe 10\/2025 als PDF-Download mit nachfolgendem Inhaltsverzeichnis:\" \/>\n<meta property=\"og:url\" content=\"https:\/\/www.immobilienbusiness.ch\/de\/produkt\/immobilien-business-ausgabe-10-2025\/\" \/>\n<meta property=\"og:site_name\" content=\"IMMOBILIEN Business\" \/>\n<meta property=\"article:publisher\" content=\"https:\/\/www.facebook.com\/immobilienbusiness\/\" \/>\n<meta property=\"article:modified_time\" content=\"2026-02-17T14:56:37+00:00\" \/>\n<meta property=\"og:image\" content=\"https:\/\/www.immobilienbusiness.ch\/wp-content\/uploads\/2025\/10\/immobilienbusiness_cover_10-2025.webp\" \/>\n\t<meta property=\"og:image:width\" content=\"1200\" \/>\n\t<meta property=\"og:image:height\" content=\"680\" \/>\n\t<meta property=\"og:image:type\" content=\"image\/webp\" \/>\n<meta name=\"twitter:card\" content=\"summary_large_image\" \/>\n<script type=\"application\/ld+json\" class=\"yoast-schema-graph\">{\"@context\":\"https:\\\/\\\/schema.org\",\"@graph\":[{\"@type\":\"WebPage\",\"@id\":\"https:\\\/\\\/www.immobilienbusiness.ch\\\/produkt\\\/immobilien-business-ausgabe-10-2025\\\/\",\"url\":\"https:\\\/\\\/www.immobilienbusiness.ch\\\/produkt\\\/immobilien-business-ausgabe-10-2025\\\/\",\"name\":\"Immobilien Business Ausgabe 10\\\/2025 - IMMOBILIEN Business\",\"isPartOf\":{\"@id\":\"https:\\\/\\\/www.immobilienbusiness.ch\\\/#website\"},\"primaryImageOfPage\":{\"@id\":\"https:\\\/\\\/www.immobilienbusiness.ch\\\/produkt\\\/immobilien-business-ausgabe-10-2025\\\/#primaryimage\"},\"image\":{\"@id\":\"https:\\\/\\\/www.immobilienbusiness.ch\\\/produkt\\\/immobilien-business-ausgabe-10-2025\\\/#primaryimage\"},\"thumbnailUrl\":\"https:\\\/\\\/www.immobilienbusiness.ch\\\/wp-content\\\/uploads\\\/2025\\\/10\\\/immobilienbusiness_cover_10-2025.webp\",\"datePublished\":\"2025-10-01T13:15:28+00:00\",\"dateModified\":\"2026-02-17T14:56:37+00:00\",\"description\":\"Erhalte die deutschsprachige Fachzeitschrift \u00abImmobilien Business\u00bb in der Ausgabe 10\\\/2025 als PDF-Download mit nachfolgendem Inhaltsverzeichnis:\",\"breadcrumb\":{\"@id\":\"https:\\\/\\\/www.immobilienbusiness.ch\\\/produkt\\\/immobilien-business-ausgabe-10-2025\\\/#breadcrumb\"},\"inLanguage\":\"de\",\"potentialAction\":[{\"@type\":\"ReadAction\",\"target\":[\"https:\\\/\\\/www.immobilienbusiness.ch\\\/produkt\\\/immobilien-business-ausgabe-10-2025\\\/\"]}]},{\"@type\":\"ImageObject\",\"inLanguage\":\"de\",\"@id\":\"https:\\\/\\\/www.immobilienbusiness.ch\\\/produkt\\\/immobilien-business-ausgabe-10-2025\\\/#primaryimage\",\"url\":\"https:\\\/\\\/www.immobilienbusiness.ch\\\/wp-content\\\/uploads\\\/2025\\\/10\\\/immobilienbusiness_cover_10-2025.webp\",\"contentUrl\":\"https:\\\/\\\/www.immobilienbusiness.ch\\\/wp-content\\\/uploads\\\/2025\\\/10\\\/immobilienbusiness_cover_10-2025.webp\",\"width\":1200,\"height\":680,\"caption\":\"Immobilienbusiness Ausgabe 10 2025\"},{\"@type\":\"BreadcrumbList\",\"@id\":\"https:\\\/\\\/www.immobilienbusiness.ch\\\/produkt\\\/immobilien-business-ausgabe-10-2025\\\/#breadcrumb\",\"itemListElement\":[{\"@type\":\"ListItem\",\"position\":1,\"name\":\"Home\",\"item\":\"https:\\\/\\\/www.immobilienbusiness.ch\\\/\"},{\"@type\":\"ListItem\",\"position\":2,\"name\":\"Shop\",\"item\":\"https:\\\/\\\/www.immobilienbusiness.ch\\\/en\\\/shop\\\/\"},{\"@type\":\"ListItem\",\"position\":3,\"name\":\"Immobilien Business Ausgabe 10\\\/2025\"}]},{\"@type\":\"WebSite\",\"@id\":\"https:\\\/\\\/www.immobilienbusiness.ch\\\/#website\",\"url\":\"https:\\\/\\\/www.immobilienbusiness.ch\\\/\",\"name\":\"IMMOBILIEN Business\",\"description\":\"Unabh\u00e4ngiges Schweizer Wirtschaftsmagazin mit Fokus auf Immobilien, Architektur- und Bau sowie Investment- und Finanzierung.\",\"publisher\":{\"@id\":\"https:\\\/\\\/www.immobilienbusiness.ch\\\/#organization\"},\"potentialAction\":[{\"@type\":\"SearchAction\",\"target\":{\"@type\":\"EntryPoint\",\"urlTemplate\":\"https:\\\/\\\/www.immobilienbusiness.ch\\\/?s={search_term_string}\"},\"query-input\":{\"@type\":\"PropertyValueSpecification\",\"valueRequired\":true,\"valueName\":\"search_term_string\"}}],\"inLanguage\":\"de\"},{\"@type\":\"Organization\",\"@id\":\"https:\\\/\\\/www.immobilienbusiness.ch\\\/#organization\",\"name\":\"IMMOBILIEN Business\",\"url\":\"https:\\\/\\\/www.immobilienbusiness.ch\\\/\",\"logo\":{\"@type\":\"ImageObject\",\"inLanguage\":\"de\",\"@id\":\"https:\\\/\\\/www.immobilienbusiness.ch\\\/#\\\/schema\\\/logo\\\/image\\\/\",\"url\":\"https:\\\/\\\/www.immobilienbusiness.ch\\\/wp-content\\\/uploads\\\/2021\\\/07\\\/logo_ib.png\",\"contentUrl\":\"https:\\\/\\\/www.immobilienbusiness.ch\\\/wp-content\\\/uploads\\\/2021\\\/07\\\/logo_ib.png\",\"width\":800,\"height\":181,\"caption\":\"IMMOBILIEN Business\"},\"image\":{\"@id\":\"https:\\\/\\\/www.immobilienbusiness.ch\\\/#\\\/schema\\\/logo\\\/image\\\/\"},\"sameAs\":[\"https:\\\/\\\/www.facebook.com\\\/immobilienbusiness\\\/\"]}]}<\/script>\n<!-- \/ Yoast SEO plugin. -->","yoast_head_json":{"title":"Immobilien Business Ausgabe 10\/2025 - IMMOBILIEN Business","description":"Erhalte die deutschsprachige Fachzeitschrift \u00abImmobilien Business\u00bb in der Ausgabe 10\/2025 als PDF-Download mit nachfolgendem Inhaltsverzeichnis:","robots":{"index":"index","follow":"follow","max-snippet":"max-snippet:-1","max-image-preview":"max-image-preview:large","max-video-preview":"max-video-preview:-1"},"canonical":"https:\/\/www.immobilienbusiness.ch\/de\/produkt\/immobilien-business-ausgabe-10-2025\/","og_locale":"de_DE","og_type":"article","og_title":"Immobilien Business Ausgabe 10\/2025 - IMMOBILIEN Business","og_description":"Erhalte die deutschsprachige Fachzeitschrift \u00abImmobilien Business\u00bb in der Ausgabe 10\/2025 als PDF-Download mit nachfolgendem Inhaltsverzeichnis:","og_url":"https:\/\/www.immobilienbusiness.ch\/de\/produkt\/immobilien-business-ausgabe-10-2025\/","og_site_name":"IMMOBILIEN Business","article_publisher":"https:\/\/www.facebook.com\/immobilienbusiness\/","article_modified_time":"2026-02-17T14:56:37+00:00","og_image":[{"width":1200,"height":680,"url":"https:\/\/www.immobilienbusiness.ch\/wp-content\/uploads\/2025\/10\/immobilienbusiness_cover_10-2025.webp","type":"image\/webp"}],"twitter_card":"summary_large_image","schema":{"@context":"https:\/\/schema.org","@graph":[{"@type":"WebPage","@id":"https:\/\/www.immobilienbusiness.ch\/produkt\/immobilien-business-ausgabe-10-2025\/","url":"https:\/\/www.immobilienbusiness.ch\/produkt\/immobilien-business-ausgabe-10-2025\/","name":"Immobilien Business Ausgabe 10\/2025 - IMMOBILIEN Business","isPartOf":{"@id":"https:\/\/www.immobilienbusiness.ch\/#website"},"primaryImageOfPage":{"@id":"https:\/\/www.immobilienbusiness.ch\/produkt\/immobilien-business-ausgabe-10-2025\/#primaryimage"},"image":{"@id":"https:\/\/www.immobilienbusiness.ch\/produkt\/immobilien-business-ausgabe-10-2025\/#primaryimage"},"thumbnailUrl":"https:\/\/www.immobilienbusiness.ch\/wp-content\/uploads\/2025\/10\/immobilienbusiness_cover_10-2025.webp","datePublished":"2025-10-01T13:15:28+00:00","dateModified":"2026-02-17T14:56:37+00:00","description":"Erhalte die deutschsprachige Fachzeitschrift \u00abImmobilien Business\u00bb in der Ausgabe 10\/2025 als PDF-Download mit nachfolgendem Inhaltsverzeichnis:","breadcrumb":{"@id":"https:\/\/www.immobilienbusiness.ch\/produkt\/immobilien-business-ausgabe-10-2025\/#breadcrumb"},"inLanguage":"de","potentialAction":[{"@type":"ReadAction","target":["https:\/\/www.immobilienbusiness.ch\/produkt\/immobilien-business-ausgabe-10-2025\/"]}]},{"@type":"ImageObject","inLanguage":"de","@id":"https:\/\/www.immobilienbusiness.ch\/produkt\/immobilien-business-ausgabe-10-2025\/#primaryimage","url":"https:\/\/www.immobilienbusiness.ch\/wp-content\/uploads\/2025\/10\/immobilienbusiness_cover_10-2025.webp","contentUrl":"https:\/\/www.immobilienbusiness.ch\/wp-content\/uploads\/2025\/10\/immobilienbusiness_cover_10-2025.webp","width":1200,"height":680,"caption":"Immobilienbusiness Ausgabe 10 2025"},{"@type":"BreadcrumbList","@id":"https:\/\/www.immobilienbusiness.ch\/produkt\/immobilien-business-ausgabe-10-2025\/#breadcrumb","itemListElement":[{"@type":"ListItem","position":1,"name":"Home","item":"https:\/\/www.immobilienbusiness.ch\/"},{"@type":"ListItem","position":2,"name":"Shop","item":"https:\/\/www.immobilienbusiness.ch\/en\/shop\/"},{"@type":"ListItem","position":3,"name":"Immobilien Business Ausgabe 10\/2025"}]},{"@type":"WebSite","@id":"https:\/\/www.immobilienbusiness.ch\/#website","url":"https:\/\/www.immobilienbusiness.ch\/","name":"IMMOBILIEN Business","description":"Unabh\u00e4ngiges Schweizer Wirtschaftsmagazin mit Fokus auf Immobilien, Architektur- und Bau sowie Investment- und Finanzierung.","publisher":{"@id":"https:\/\/www.immobilienbusiness.ch\/#organization"},"potentialAction":[{"@type":"SearchAction","target":{"@type":"EntryPoint","urlTemplate":"https:\/\/www.immobilienbusiness.ch\/?s={search_term_string}"},"query-input":{"@type":"PropertyValueSpecification","valueRequired":true,"valueName":"search_term_string"}}],"inLanguage":"de"},{"@type":"Organization","@id":"https:\/\/www.immobilienbusiness.ch\/#organization","name":"IMMOBILIEN Business","url":"https:\/\/www.immobilienbusiness.ch\/","logo":{"@type":"ImageObject","inLanguage":"de","@id":"https:\/\/www.immobilienbusiness.ch\/#\/schema\/logo\/image\/","url":"https:\/\/www.immobilienbusiness.ch\/wp-content\/uploads\/2021\/07\/logo_ib.png","contentUrl":"https:\/\/www.immobilienbusiness.ch\/wp-content\/uploads\/2021\/07\/logo_ib.png","width":800,"height":181,"caption":"IMMOBILIEN Business"},"image":{"@id":"https:\/\/www.immobilienbusiness.ch\/#\/schema\/logo\/image\/"},"sameAs":["https:\/\/www.facebook.com\/immobilienbusiness\/"]}]}},"_links":{"self":[{"href":"https:\/\/www.immobilienbusiness.ch\/de\/wp-json\/wp\/v2\/product\/65608","targetHints":{"allow":["GET"]}}],"collection":[{"href":"https:\/\/www.immobilienbusiness.ch\/de\/wp-json\/wp\/v2\/product"}],"about":[{"href":"https:\/\/www.immobilienbusiness.ch\/de\/wp-json\/wp\/v2\/types\/product"}],"wp:featuredmedia":[{"embeddable":true,"href":"https:\/\/www.immobilienbusiness.ch\/de\/wp-json\/wp\/v2\/media\/65609"}],"wp:attachment":[{"href":"https:\/\/www.immobilienbusiness.ch\/de\/wp-json\/wp\/v2\/media?parent=65608"}],"wp:term":[{"taxonomy":"product_brand","embeddable":true,"href":"https:\/\/www.immobilienbusiness.ch\/de\/wp-json\/wp\/v2\/product_brand?post=65608"},{"taxonomy":"product_cat","embeddable":true,"href":"https:\/\/www.immobilienbusiness.ch\/de\/wp-json\/wp\/v2\/product_cat?post=65608"},{"taxonomy":"product_tag","embeddable":true,"href":"https:\/\/www.immobilienbusiness.ch\/de\/wp-json\/wp\/v2\/product_tag?post=65608"}],"curies":[{"name":"wp","href":"https:\/\/api.w.org\/{rel}","templated":true}]}}