{"id":61719,"date":"2024-12-12T00:01:06","date_gmt":"2024-12-11T23:01:06","guid":{"rendered":"https:\/\/www.immobilienbusiness.ch\/?post_type=product&#038;p=61719"},"modified":"2026-02-17T15:56:38","modified_gmt":"2026-02-17T14:56:38","slug":"immobilien-business-ausgabe-12-2024","status":"publish","type":"product","link":"https:\/\/www.immobilienbusiness.ch\/de\/produkt\/immobilien-business-ausgabe-12-2024\/","title":{"rendered":"Immobilien Business Ausgabe 12\/2024"},"content":{"rendered":"<h3>Nachrichten<\/h3>\n<ul>\n<li>Z\u00fcrich: Guggach-Quartier mit preisg\u00fcnstigem Wohnraum<\/li>\n<li>Personalia: Adimmo AG \/ Smeyers<\/li>\n<li>Aarau: Neues Wohnbauprojekt auf dem Eniwa-Areal<\/li>\n<li>Risch-Rotkreuz: Baustart auf dem Roche-Campus<\/li>\n<li>Personalia: Kohlberg &amp; Partner Human Resources<\/li>\n<li>Allschwil: Life Sciences Campus w\u00e4chst weiter<\/li>\n<li>Personalia: Admicasa Fondsleitung AG \/ H\u00e4lg Group<\/li>\n<li>Luzern: Baustart f\u00fcr \u00abPanorama Eggen\u00bb in Sicht<\/li>\n<li>Bern: St\u00e4dtische Zuk\u00e4ufe, um Spekulation zu verhindern<\/li>\n<li>Personalia: Real Estate Award 2024 \/ WSG AG<\/li>\n<li>Kriens: Ein neues St\u00fcck Stadt<\/li>\n<li>Personalia: The Embassies Of Good Living AG<\/li>\n<li>Davos: \u00abJoseph\u2019s House\u00bb in neuem Glanz<\/li>\n<li>Andermatt: Weiteres Hotel f\u00fcr Andermatt Reuss<\/li>\n<li>Impressum<\/li>\n<\/ul>\n<h3>Trends<\/h3>\n<ul>\n<li>LUXUS NEU DEFINIERT<\/li>\n<li>Neuer Boom f\u00fcr die Luxus-Hotellerie<\/li>\n<\/ul>\n<h3>M\u00e4rkte und Investment<\/h3>\n<ul>\n<li>ATTRAKTIVE EXITM\u00d6GLICHKEIT<\/li>\n<li>Immobilienfonds dr\u00e4ngen an die B\u00f6rse<\/li>\n<\/ul>\n<h3>Titel-Thema<\/h3>\n<ul>\n<li>IMMOBILIENANLAGEN SIND WIEDER EN VOGUE<\/li>\n<li>Institutionelle Anleger sind zur\u00fcck am Liegenschaftsmarkt<\/li>\n<li>KOLUMNE: \u00abDER 13. STOCK\u00bb<\/li>\n<li>\u00abEINMALIGE GELEGENHEIT\u00bb<\/li>\n<li>Zeitfenster f\u00fcr Zuk\u00e4ufe auf Europas Immobilienm\u00e4rkten<\/li>\n<\/ul>\n<h3>Asset- und Portfoliomanagement<\/h3>\n<ul>\n<li>NEUE REALITIT\u00c4TEN<\/li>\n<li>Neue Pensionskassenstudie von HSLU\/IFZ und KRE<\/li>\n<li>INTERVIEW ZUR HSLU\/IFZ\/KRE-STUDIE: \u00abDer \u00f6konomische Druck ist angekommen\u00bb<\/li>\n<li>NEUE REGELN F\u00dcR DIE KREDITVERGABE<\/li>\n<li>Basel III (finalisiert) tritt in Kraft<\/li>\n<\/ul>\n<h3>Regionen<\/h3>\n<ul>\n<li>ALPINE WOHNUNGSNOT<\/li>\n<li>Wohnungsm\u00e4rkte in den Ferienregionen unter Druck<\/li>\n<li>ZEITENWENDE<\/li>\n<li>Bergregionen r\u00fcsten sich f\u00fcr die E-Mobilit\u00e4t<\/li>\n<\/ul>\n<h3>Auslandsm\u00e4rkte<\/h3>\n<ul>\n<li>OPPORTUNIT\u00c4TEN IM NORDEN<\/li>\n<li>Investoren entdecken Skandinaviens Immobilienm\u00e4rkte<\/li>\n<li>TALSOHLE IN SICHT<\/li>\n<li>Deutschlands Wohnimmobilienm\u00e4rkte im Fokus<\/li>\n<\/ul>\n<h3>Immobilien-Finanzm\u00e4rkte<\/h3>\n<ul>\n<li>INTERVIEW DES MONATS: Daniel Ducrey, Mobimo Holding AG<\/li>\n<li>PSP Swiss Property AG: Reingewinn legt deutlich zu<\/li>\n<li>Intershop Holding AG: Neuer Green Bond<\/li>\n<li>Plazza AG: Anleihe platziert<\/li>\n<li>Mobimo Holding AG: Erfolgreiches Kapitalrecycling<\/li>\n<li>Zu\u0308blin Immobilien Holding AG: Deutlich mehr Gewinn<\/li>\n<li>Novavest Real Estate AG: \u00c4rger im VR<\/li>\n<li>Schroder Immo Plus: Anlagerendite deutlich erh\u00f6ht<\/li>\n<li>SPSS Investment Fund Commercial: H\u00f6here Dividende<\/li>\n<li>UBS Fund Management: Fusionen geplant<\/li>\n<li>Von Graffenried Immobilien SICAV: H\u00f6here Dividende<\/li>\n<li>Akara Swiss Diversity Property Fund PK: 13. Emission<\/li>\n<li>Swiss Prime AST: SPA Immobilien CH steigert Rendite<\/li>\n<li>Ecoreal AST: Zuk\u00e4ufe geplant<\/li>\n<li>Zu\u0308rich AST: Frisches Kapital<\/li>\n<li>Kommentar von Zoltan Szelyes, Macro Real Estate AG<\/li>\n<li>Remnex AST: Frisches Kapital gefragt<\/li>\n<li>Patrimonium AST: Neue Projekte<\/li>\n<li>Fundamenta Investment Foundation: Neuer Fonds<\/li>\n<li>DRC Savills IM: Neuer Finanzierungsfonds<\/li>\n<li>Peach Property Group AG: Portfolio verkauft<\/li>\n<li>Swiss Life Asset Managers: Zukauf in N\u00fcrnberg<\/li>\n<li>PwC\/ULI: Emerging Trends in Real Estate Europe 2025<\/li>\n<\/ul>\n<h3>Stockwerkeigentum<\/h3>\n<ul>\n<li>Gemeinsam ins Eigenheim: Stolpersteine vermeiden<\/li>\n<\/ul>\n","protected":false},"excerpt":{"rendered":"<p>Erhalte die deutschsprachige Fachzeitschrift \u00abImmobilien Business\u00bb in der Ausgabe 12\/2024 als PDF-Download mit nachfolgendem Inhaltsverzeichnis:<\/p>\n","protected":false},"featured_media":61722,"template":"","meta":{"_acf_changed":false,"pgc_sgb_lightbox_settings":""},"product_brand":[],"product_cat":[921],"product_tag":[3558],"class_list":{"0":"post-61719","1":"product","2":"type-product","3":"status-publish","4":"has-post-thumbnail","6":"product_cat-einzelausgaben","7":"product_tag-3558","9":"first","10":"instock","11":"downloadable","12":"virtual","13":"taxable","14":"purchasable","15":"product-type-simple"},"acf":[],"yoast_head":"<!-- This site is optimized with the Yoast SEO plugin v27.3 - https:\/\/yoast.com\/product\/yoast-seo-wordpress\/ -->\n<title>Immobilien Business Ausgabe 12\/2024 - IMMOBILIEN Business<\/title>\n<meta name=\"description\" content=\"Erhalte die deutschsprachige Fachzeitschrift \u00abImmobilien Business\u00bb in der Ausgabe 12\/2024 als PDF-Download mit nachfolgendem Inhaltsverzeichnis:\" \/>\n<meta name=\"robots\" content=\"index, follow, max-snippet:-1, max-image-preview:large, max-video-preview:-1\" \/>\n<link rel=\"canonical\" href=\"https:\/\/www.immobilienbusiness.ch\/de\/produkt\/immobilien-business-ausgabe-12-2024\/\" \/>\n<meta property=\"og:locale\" content=\"de_DE\" \/>\n<meta property=\"og:type\" content=\"article\" \/>\n<meta property=\"og:title\" content=\"Immobilien Business Ausgabe 12\/2024 - IMMOBILIEN Business\" \/>\n<meta property=\"og:description\" content=\"Erhalte die deutschsprachige Fachzeitschrift \u00abImmobilien Business\u00bb in der Ausgabe 12\/2024 als PDF-Download mit nachfolgendem Inhaltsverzeichnis:\" \/>\n<meta property=\"og:url\" content=\"https:\/\/www.immobilienbusiness.ch\/de\/produkt\/immobilien-business-ausgabe-12-2024\/\" \/>\n<meta property=\"og:site_name\" content=\"IMMOBILIEN Business\" \/>\n<meta property=\"article:publisher\" content=\"https:\/\/www.facebook.com\/immobilienbusiness\/\" \/>\n<meta property=\"article:modified_time\" content=\"2026-02-17T14:56:38+00:00\" \/>\n<meta property=\"og:image\" content=\"https:\/\/www.immobilienbusiness.ch\/wp-content\/uploads\/2024\/12\/Immobilien-Business_2024_12_cover.png\" \/>\n\t<meta property=\"og:image:width\" content=\"1200\" \/>\n\t<meta property=\"og:image:height\" content=\"680\" \/>\n\t<meta property=\"og:image:type\" content=\"image\/png\" \/>\n<meta name=\"twitter:card\" content=\"summary_large_image\" \/>\n<script type=\"application\/ld+json\" class=\"yoast-schema-graph\">{\"@context\":\"https:\\\/\\\/schema.org\",\"@graph\":[{\"@type\":\"WebPage\",\"@id\":\"https:\\\/\\\/www.immobilienbusiness.ch\\\/produkt\\\/immobilien-business-ausgabe-12-2024\\\/\",\"url\":\"https:\\\/\\\/www.immobilienbusiness.ch\\\/produkt\\\/immobilien-business-ausgabe-12-2024\\\/\",\"name\":\"Immobilien Business Ausgabe 12\\\/2024 - IMMOBILIEN Business\",\"isPartOf\":{\"@id\":\"https:\\\/\\\/www.immobilienbusiness.ch\\\/#website\"},\"primaryImageOfPage\":{\"@id\":\"https:\\\/\\\/www.immobilienbusiness.ch\\\/produkt\\\/immobilien-business-ausgabe-12-2024\\\/#primaryimage\"},\"image\":{\"@id\":\"https:\\\/\\\/www.immobilienbusiness.ch\\\/produkt\\\/immobilien-business-ausgabe-12-2024\\\/#primaryimage\"},\"thumbnailUrl\":\"https:\\\/\\\/www.immobilienbusiness.ch\\\/wp-content\\\/uploads\\\/2024\\\/12\\\/Immobilien-Business_2024_12_cover.png\",\"datePublished\":\"2024-12-11T23:01:06+00:00\",\"dateModified\":\"2026-02-17T14:56:38+00:00\",\"description\":\"Erhalte die deutschsprachige Fachzeitschrift \u00abImmobilien Business\u00bb in der Ausgabe 12\\\/2024 als PDF-Download mit nachfolgendem Inhaltsverzeichnis:\",\"breadcrumb\":{\"@id\":\"https:\\\/\\\/www.immobilienbusiness.ch\\\/produkt\\\/immobilien-business-ausgabe-12-2024\\\/#breadcrumb\"},\"inLanguage\":\"de\",\"potentialAction\":[{\"@type\":\"ReadAction\",\"target\":[\"https:\\\/\\\/www.immobilienbusiness.ch\\\/produkt\\\/immobilien-business-ausgabe-12-2024\\\/\"]}]},{\"@type\":\"ImageObject\",\"inLanguage\":\"de\",\"@id\":\"https:\\\/\\\/www.immobilienbusiness.ch\\\/produkt\\\/immobilien-business-ausgabe-12-2024\\\/#primaryimage\",\"url\":\"https:\\\/\\\/www.immobilienbusiness.ch\\\/wp-content\\\/uploads\\\/2024\\\/12\\\/Immobilien-Business_2024_12_cover.png\",\"contentUrl\":\"https:\\\/\\\/www.immobilienbusiness.ch\\\/wp-content\\\/uploads\\\/2024\\\/12\\\/Immobilien-Business_2024_12_cover.png\",\"width\":1200,\"height\":680},{\"@type\":\"BreadcrumbList\",\"@id\":\"https:\\\/\\\/www.immobilienbusiness.ch\\\/produkt\\\/immobilien-business-ausgabe-12-2024\\\/#breadcrumb\",\"itemListElement\":[{\"@type\":\"ListItem\",\"position\":1,\"name\":\"Home\",\"item\":\"https:\\\/\\\/www.immobilienbusiness.ch\\\/\"},{\"@type\":\"ListItem\",\"position\":2,\"name\":\"Shop\",\"item\":\"https:\\\/\\\/www.immobilienbusiness.ch\\\/en\\\/shop\\\/\"},{\"@type\":\"ListItem\",\"position\":3,\"name\":\"Immobilien Business Ausgabe 12\\\/2024\"}]},{\"@type\":\"WebSite\",\"@id\":\"https:\\\/\\\/www.immobilienbusiness.ch\\\/#website\",\"url\":\"https:\\\/\\\/www.immobilienbusiness.ch\\\/\",\"name\":\"IMMOBILIEN Business\",\"description\":\"Unabh\u00e4ngiges Schweizer Wirtschaftsmagazin mit Fokus auf Immobilien, Architektur- und Bau sowie Investment- und Finanzierung.\",\"publisher\":{\"@id\":\"https:\\\/\\\/www.immobilienbusiness.ch\\\/#organization\"},\"potentialAction\":[{\"@type\":\"SearchAction\",\"target\":{\"@type\":\"EntryPoint\",\"urlTemplate\":\"https:\\\/\\\/www.immobilienbusiness.ch\\\/?s={search_term_string}\"},\"query-input\":{\"@type\":\"PropertyValueSpecification\",\"valueRequired\":true,\"valueName\":\"search_term_string\"}}],\"inLanguage\":\"de\"},{\"@type\":\"Organization\",\"@id\":\"https:\\\/\\\/www.immobilienbusiness.ch\\\/#organization\",\"name\":\"IMMOBILIEN Business\",\"url\":\"https:\\\/\\\/www.immobilienbusiness.ch\\\/\",\"logo\":{\"@type\":\"ImageObject\",\"inLanguage\":\"de\",\"@id\":\"https:\\\/\\\/www.immobilienbusiness.ch\\\/#\\\/schema\\\/logo\\\/image\\\/\",\"url\":\"https:\\\/\\\/www.immobilienbusiness.ch\\\/wp-content\\\/uploads\\\/2021\\\/07\\\/logo_ib.png\",\"contentUrl\":\"https:\\\/\\\/www.immobilienbusiness.ch\\\/wp-content\\\/uploads\\\/2021\\\/07\\\/logo_ib.png\",\"width\":800,\"height\":181,\"caption\":\"IMMOBILIEN Business\"},\"image\":{\"@id\":\"https:\\\/\\\/www.immobilienbusiness.ch\\\/#\\\/schema\\\/logo\\\/image\\\/\"},\"sameAs\":[\"https:\\\/\\\/www.facebook.com\\\/immobilienbusiness\\\/\"]}]}<\/script>\n<!-- \/ Yoast SEO plugin. -->","yoast_head_json":{"title":"Immobilien Business Ausgabe 12\/2024 - IMMOBILIEN Business","description":"Erhalte die deutschsprachige Fachzeitschrift \u00abImmobilien Business\u00bb in der Ausgabe 12\/2024 als PDF-Download mit nachfolgendem Inhaltsverzeichnis:","robots":{"index":"index","follow":"follow","max-snippet":"max-snippet:-1","max-image-preview":"max-image-preview:large","max-video-preview":"max-video-preview:-1"},"canonical":"https:\/\/www.immobilienbusiness.ch\/de\/produkt\/immobilien-business-ausgabe-12-2024\/","og_locale":"de_DE","og_type":"article","og_title":"Immobilien Business Ausgabe 12\/2024 - IMMOBILIEN Business","og_description":"Erhalte die deutschsprachige Fachzeitschrift \u00abImmobilien Business\u00bb in der Ausgabe 12\/2024 als PDF-Download mit nachfolgendem Inhaltsverzeichnis:","og_url":"https:\/\/www.immobilienbusiness.ch\/de\/produkt\/immobilien-business-ausgabe-12-2024\/","og_site_name":"IMMOBILIEN Business","article_publisher":"https:\/\/www.facebook.com\/immobilienbusiness\/","article_modified_time":"2026-02-17T14:56:38+00:00","og_image":[{"width":1200,"height":680,"url":"https:\/\/www.immobilienbusiness.ch\/wp-content\/uploads\/2024\/12\/Immobilien-Business_2024_12_cover.png","type":"image\/png"}],"twitter_card":"summary_large_image","schema":{"@context":"https:\/\/schema.org","@graph":[{"@type":"WebPage","@id":"https:\/\/www.immobilienbusiness.ch\/produkt\/immobilien-business-ausgabe-12-2024\/","url":"https:\/\/www.immobilienbusiness.ch\/produkt\/immobilien-business-ausgabe-12-2024\/","name":"Immobilien Business Ausgabe 12\/2024 - IMMOBILIEN Business","isPartOf":{"@id":"https:\/\/www.immobilienbusiness.ch\/#website"},"primaryImageOfPage":{"@id":"https:\/\/www.immobilienbusiness.ch\/produkt\/immobilien-business-ausgabe-12-2024\/#primaryimage"},"image":{"@id":"https:\/\/www.immobilienbusiness.ch\/produkt\/immobilien-business-ausgabe-12-2024\/#primaryimage"},"thumbnailUrl":"https:\/\/www.immobilienbusiness.ch\/wp-content\/uploads\/2024\/12\/Immobilien-Business_2024_12_cover.png","datePublished":"2024-12-11T23:01:06+00:00","dateModified":"2026-02-17T14:56:38+00:00","description":"Erhalte die deutschsprachige Fachzeitschrift \u00abImmobilien Business\u00bb in der Ausgabe 12\/2024 als PDF-Download mit nachfolgendem Inhaltsverzeichnis:","breadcrumb":{"@id":"https:\/\/www.immobilienbusiness.ch\/produkt\/immobilien-business-ausgabe-12-2024\/#breadcrumb"},"inLanguage":"de","potentialAction":[{"@type":"ReadAction","target":["https:\/\/www.immobilienbusiness.ch\/produkt\/immobilien-business-ausgabe-12-2024\/"]}]},{"@type":"ImageObject","inLanguage":"de","@id":"https:\/\/www.immobilienbusiness.ch\/produkt\/immobilien-business-ausgabe-12-2024\/#primaryimage","url":"https:\/\/www.immobilienbusiness.ch\/wp-content\/uploads\/2024\/12\/Immobilien-Business_2024_12_cover.png","contentUrl":"https:\/\/www.immobilienbusiness.ch\/wp-content\/uploads\/2024\/12\/Immobilien-Business_2024_12_cover.png","width":1200,"height":680},{"@type":"BreadcrumbList","@id":"https:\/\/www.immobilienbusiness.ch\/produkt\/immobilien-business-ausgabe-12-2024\/#breadcrumb","itemListElement":[{"@type":"ListItem","position":1,"name":"Home","item":"https:\/\/www.immobilienbusiness.ch\/"},{"@type":"ListItem","position":2,"name":"Shop","item":"https:\/\/www.immobilienbusiness.ch\/en\/shop\/"},{"@type":"ListItem","position":3,"name":"Immobilien Business Ausgabe 12\/2024"}]},{"@type":"WebSite","@id":"https:\/\/www.immobilienbusiness.ch\/#website","url":"https:\/\/www.immobilienbusiness.ch\/","name":"IMMOBILIEN Business","description":"Unabh\u00e4ngiges Schweizer Wirtschaftsmagazin mit Fokus auf Immobilien, Architektur- und Bau sowie Investment- und Finanzierung.","publisher":{"@id":"https:\/\/www.immobilienbusiness.ch\/#organization"},"potentialAction":[{"@type":"SearchAction","target":{"@type":"EntryPoint","urlTemplate":"https:\/\/www.immobilienbusiness.ch\/?s={search_term_string}"},"query-input":{"@type":"PropertyValueSpecification","valueRequired":true,"valueName":"search_term_string"}}],"inLanguage":"de"},{"@type":"Organization","@id":"https:\/\/www.immobilienbusiness.ch\/#organization","name":"IMMOBILIEN Business","url":"https:\/\/www.immobilienbusiness.ch\/","logo":{"@type":"ImageObject","inLanguage":"de","@id":"https:\/\/www.immobilienbusiness.ch\/#\/schema\/logo\/image\/","url":"https:\/\/www.immobilienbusiness.ch\/wp-content\/uploads\/2021\/07\/logo_ib.png","contentUrl":"https:\/\/www.immobilienbusiness.ch\/wp-content\/uploads\/2021\/07\/logo_ib.png","width":800,"height":181,"caption":"IMMOBILIEN Business"},"image":{"@id":"https:\/\/www.immobilienbusiness.ch\/#\/schema\/logo\/image\/"},"sameAs":["https:\/\/www.facebook.com\/immobilienbusiness\/"]}]}},"_links":{"self":[{"href":"https:\/\/www.immobilienbusiness.ch\/de\/wp-json\/wp\/v2\/product\/61719","targetHints":{"allow":["GET"]}}],"collection":[{"href":"https:\/\/www.immobilienbusiness.ch\/de\/wp-json\/wp\/v2\/product"}],"about":[{"href":"https:\/\/www.immobilienbusiness.ch\/de\/wp-json\/wp\/v2\/types\/product"}],"wp:featuredmedia":[{"embeddable":true,"href":"https:\/\/www.immobilienbusiness.ch\/de\/wp-json\/wp\/v2\/media\/61722"}],"wp:attachment":[{"href":"https:\/\/www.immobilienbusiness.ch\/de\/wp-json\/wp\/v2\/media?parent=61719"}],"wp:term":[{"taxonomy":"product_brand","embeddable":true,"href":"https:\/\/www.immobilienbusiness.ch\/de\/wp-json\/wp\/v2\/product_brand?post=61719"},{"taxonomy":"product_cat","embeddable":true,"href":"https:\/\/www.immobilienbusiness.ch\/de\/wp-json\/wp\/v2\/product_cat?post=61719"},{"taxonomy":"product_tag","embeddable":true,"href":"https:\/\/www.immobilienbusiness.ch\/de\/wp-json\/wp\/v2\/product_tag?post=61719"}],"curies":[{"name":"wp","href":"https:\/\/api.w.org\/{rel}","templated":true}]}}