{"id":58509,"date":"2024-08-28T00:00:14","date_gmt":"2024-08-27T22:00:14","guid":{"rendered":"https:\/\/www.immobilienbusiness.ch\/?post_type=product&#038;p=58509"},"modified":"2026-02-17T15:56:39","modified_gmt":"2026-02-17T14:56:39","slug":"immobilien-business-ausgabe-09-2024","status":"publish","type":"product","link":"https:\/\/www.immobilienbusiness.ch\/de\/produkt\/immobilien-business-ausgabe-09-2024\/","title":{"rendered":"Immobilien Business Ausgabe 09\/2024"},"content":{"rendered":"<h2 class=\"p1\">Nachrichten<\/h2>\n<ul>\n<li class=\"p2\">Z\u00fcrich: \u00abDolder Waldhaus\u00bb wird umgenutzt<\/li>\n<li class=\"p2\">Z\u00fcrich: Musik Hug er\u00f6ffnet weiteren Standort<\/li>\n<li class=\"p2\">Personalia: Assetimmo Immobilien-Anlagestiftung<\/li>\n<li class=\"p2\">Winterthur: Wohnungsbau auf dem Busdepot<\/li>\n<li class=\"p2\">Z\u00fcrich: Neues Hochhaus f\u00fcr Oerlikon<\/li>\n<li class=\"p2\">Personalia: Strotbek &amp; Co. Holding AG<\/li>\n<li class=\"p2\">Ober\u00e4geri: Baubeginn f\u00fcr zehn Mehrfamilienh\u00e4user<\/li>\n<li class=\"p2\">Zug \/ Baar: Das neue Quartier \u00abIm G\u00f6bli\u00bb<\/li>\n<li class=\"p2\">Personalia: CSL Immobilien \/ New Home AG<\/li>\n<li class=\"p2\">Muttenz: Projekt \u00abBirs Tower\u00bb einen Schritt weiter<\/li>\n<li class=\"p2\">Riedholz: UBS realisiert \u00abKocherei\u00bb auf Attisholz-Areal<\/li>\n<li class=\"p2\">Personalia: Strotbek Investment Partners AG<\/li>\n<li class=\"p2\">Luzern: SBL baut auf der Hochh\u00fcsliweid<\/li>\n<li class=\"p2\">K\u00f6niz: Baugesuch f\u00fcr B\u00fcroprojekt \u00abQ72\u00bb eingereicht<\/li>\n<li class=\"p2\">Personalia: Ecoreal \/ Edmond de Rothschild AM<\/li>\n<li class=\"p2\">Grand-Lancy: \u00dcberbauung \u00abBachet-de-Pesay\u00bb fertiggestellt<\/li>\n<li class=\"p2\">Chavannes-pr\u00e8s-Renens: Projekt \u00abHorizons\u00bb kommt voran<\/li>\n<li class=\"p2\">Impressum<\/li>\n<\/ul>\n<h2 class=\"p1\">Trends<\/h2>\n<ul>\n<li class=\"p2\">KLARE STRATEGIEN: Investoren setzen wieder vermehrt auf Hotels<\/li>\n<li class=\"p2\">KOLUMNE: Immobilienausbildung gut genug?<\/li>\n<li class=\"p2\">VOM B\u00dcRO ZUM WOHNRAUM: Umnutzung als L\u00f6sung f\u00fcr Officefl\u00e4chen-Leerstand<\/li>\n<\/ul>\n<h2 class=\"p1\">M\u00e4rkte und Investment<\/h2>\n<ul>\n<li class=\"p2\">Dirigent Powell: Die Fed gibt den globalen Takt bei Finanzierungen vor<\/li>\n<\/ul>\n<h2 class=\"p1\">Titel-Thema<\/h2>\n<ul>\n<li class=\"p2\">IM \u00dcBERNAHME-FIEBER: Neue Herausforderungen f\u00fcr die FM-Branche<\/li>\n<li class=\"p2\">GEWINNBRINGENDE PARTNERSCHAFTEN: FM-Provider gewinnen an Preissetzungsmacht<\/li>\n<\/ul>\n<h2 class=\"p1\">Asset- und Portfoliomanagement<\/h2>\n<ul>\n<li class=\"p2\">Weniger bauen, mehr sanieren: Neue Regulatorien zur grauen Energie<\/li>\n<\/ul>\n<h2 class=\"p1\">Aus den Regionen<\/h2>\n<ul>\n<li class=\"p2\">Auf Zukunftskurs: Espace Mittelland punktet mit neuen Projekten<\/li>\n<\/ul>\n<h2 class=\"p1\">Standortentwicklung<\/h2>\n<ul>\n<li class=\"p2\">Schutz vor gro\u00dfer Hitze: Schweizer St\u00e4dte r\u00fcsten sich f\u00fcr den Klimawandel<\/li>\n<\/ul>\n<h2 class=\"p1\">Immobilien-Finanzm\u00e4rkte<\/h2>\n<ul>\n<li class=\"p2\">INTERVIEW DES MONATS: Gabriela Theus, Immofonds Asset Management AG<\/li>\n<li class=\"p2\">Swiss Life REF ESG Swiss Properties: Rekordemission<\/li>\n<li class=\"p2\">EdR REIM: Neues Vehikel f\u00fcr Gewerbeimmobilien<\/li>\n<li class=\"p2\">Immofonds Suburban: Frisches Geld<\/li>\n<li class=\"p2\">Realstone RSF: Gewinn kr\u00e4ftig gesteigert<\/li>\n<li class=\"p2\">Immo 56: Cashflow erh\u00f6ht<\/li>\n<li class=\"p2\">Investis Holding SA: Obligationenanleihe platziert<\/li>\n<li class=\"p2\">Warteck Invest AG: Erfolgreiche Kapitalerh\u00f6hung<\/li>\n<li class=\"p2\">PSP Swiss Property AG: Zukauf in Genf<\/li>\n<li class=\"p2\">Stustainable Real Estate AG: PKs im Visier<\/li>\n<li class=\"p2\">Suisse Romande Property Fund: Auf Kurs<\/li>\n<li class=\"p2\">AXA IM \/ BNP Paribas: Megau\u0308bernahme<\/li>\n<li class=\"p2\">Raiffeisen Futura Immo Fonds: Frisches Kapital<\/li>\n<li class=\"p2\">Ecoreal AST: Beide Anlagegruppen legen zu<\/li>\n<li class=\"p2\">Helvetia AST: Frisches Geld<\/li>\n<li class=\"p2\">SPF AST: Anlegerkreis erweitert<\/li>\n<li class=\"p2\">Marktkommentar von Szoltan Szelyes<\/li>\n<li class=\"p2\">Invesco Real Estate: Mezzaninefinanzierung in Polen<\/li>\n<li class=\"p2\">Swiss Life Asset-Managers: Neuer Infrastrukturfonds<\/li>\n<li class=\"p2\">Final Performer: Mobimo Holding AG<\/li>\n<\/ul>\n<h2 class=\"p1\">Stockwerkeigentum<\/h2>\n<ul>\n<li class=\"p2\">Die gr\u00fcne Wende hat ein Preisschild<\/li>\n<\/ul>\n","protected":false},"excerpt":{"rendered":"<p>Erhalte die deutschsprachige Fachzeitschrift \u00abImmobilien Business\u00bb in der Ausgabe 09\/2024 als PDF-Download mit nachfolgendem Inhaltsverzeichnis:<\/p>\n","protected":false},"featured_media":58512,"template":"","meta":{"_acf_changed":false,"pgc_sgb_lightbox_settings":""},"product_brand":[],"product_cat":[921],"product_tag":[3558],"class_list":{"0":"post-58509","1":"product","2":"type-product","3":"status-publish","4":"has-post-thumbnail","6":"product_cat-einzelausgaben","7":"product_tag-3558","9":"first","10":"instock","11":"downloadable","12":"virtual","13":"taxable","14":"purchasable","15":"product-type-simple"},"acf":[],"yoast_head":"<!-- This site is optimized with the Yoast SEO plugin v27.3 - https:\/\/yoast.com\/product\/yoast-seo-wordpress\/ -->\n<title>Immobilien Business Ausgabe 09\/2024 - IMMOBILIEN Business<\/title>\n<meta name=\"description\" content=\"Erhalte die deutschsprachige Fachzeitschrift \u00abImmobilien Business\u00bb in der Ausgabe 09\/2024 als PDF-Download mit nachfolgendem Inhaltsverzeichnis:\" \/>\n<meta name=\"robots\" content=\"index, follow, max-snippet:-1, max-image-preview:large, max-video-preview:-1\" \/>\n<link rel=\"canonical\" href=\"https:\/\/www.immobilienbusiness.ch\/de\/produkt\/immobilien-business-ausgabe-09-2024\/\" \/>\n<meta property=\"og:locale\" content=\"de_DE\" \/>\n<meta property=\"og:type\" content=\"article\" \/>\n<meta property=\"og:title\" content=\"Immobilien Business Ausgabe 09\/2024 - IMMOBILIEN Business\" \/>\n<meta property=\"og:description\" content=\"Erhalte die deutschsprachige Fachzeitschrift \u00abImmobilien Business\u00bb in der Ausgabe 09\/2024 als PDF-Download mit nachfolgendem Inhaltsverzeichnis:\" \/>\n<meta property=\"og:url\" content=\"https:\/\/www.immobilienbusiness.ch\/de\/produkt\/immobilien-business-ausgabe-09-2024\/\" \/>\n<meta property=\"og:site_name\" content=\"IMMOBILIEN Business\" \/>\n<meta property=\"article:publisher\" content=\"https:\/\/www.facebook.com\/immobilienbusiness\/\" \/>\n<meta property=\"article:modified_time\" content=\"2026-02-17T14:56:39+00:00\" \/>\n<meta property=\"og:image\" content=\"https:\/\/www.immobilienbusiness.ch\/wp-content\/uploads\/2024\/08\/Immobilien_Business_09_2024_cover.png\" \/>\n\t<meta property=\"og:image:width\" content=\"1200\" \/>\n\t<meta property=\"og:image:height\" content=\"680\" \/>\n\t<meta property=\"og:image:type\" content=\"image\/png\" \/>\n<meta name=\"twitter:card\" content=\"summary_large_image\" \/>\n<script type=\"application\/ld+json\" class=\"yoast-schema-graph\">{\"@context\":\"https:\\\/\\\/schema.org\",\"@graph\":[{\"@type\":\"WebPage\",\"@id\":\"https:\\\/\\\/www.immobilienbusiness.ch\\\/produkt\\\/immobilien-business-ausgabe-09-2024\\\/\",\"url\":\"https:\\\/\\\/www.immobilienbusiness.ch\\\/produkt\\\/immobilien-business-ausgabe-09-2024\\\/\",\"name\":\"Immobilien Business Ausgabe 09\\\/2024 - IMMOBILIEN Business\",\"isPartOf\":{\"@id\":\"https:\\\/\\\/www.immobilienbusiness.ch\\\/#website\"},\"primaryImageOfPage\":{\"@id\":\"https:\\\/\\\/www.immobilienbusiness.ch\\\/produkt\\\/immobilien-business-ausgabe-09-2024\\\/#primaryimage\"},\"image\":{\"@id\":\"https:\\\/\\\/www.immobilienbusiness.ch\\\/produkt\\\/immobilien-business-ausgabe-09-2024\\\/#primaryimage\"},\"thumbnailUrl\":\"https:\\\/\\\/www.immobilienbusiness.ch\\\/wp-content\\\/uploads\\\/2024\\\/08\\\/Immobilien_Business_09_2024_cover.png\",\"datePublished\":\"2024-08-27T22:00:14+00:00\",\"dateModified\":\"2026-02-17T14:56:39+00:00\",\"description\":\"Erhalte die deutschsprachige Fachzeitschrift \u00abImmobilien Business\u00bb in der Ausgabe 09\\\/2024 als PDF-Download mit nachfolgendem Inhaltsverzeichnis:\",\"breadcrumb\":{\"@id\":\"https:\\\/\\\/www.immobilienbusiness.ch\\\/produkt\\\/immobilien-business-ausgabe-09-2024\\\/#breadcrumb\"},\"inLanguage\":\"de\",\"potentialAction\":[{\"@type\":\"ReadAction\",\"target\":[\"https:\\\/\\\/www.immobilienbusiness.ch\\\/produkt\\\/immobilien-business-ausgabe-09-2024\\\/\"]}]},{\"@type\":\"ImageObject\",\"inLanguage\":\"de\",\"@id\":\"https:\\\/\\\/www.immobilienbusiness.ch\\\/produkt\\\/immobilien-business-ausgabe-09-2024\\\/#primaryimage\",\"url\":\"https:\\\/\\\/www.immobilienbusiness.ch\\\/wp-content\\\/uploads\\\/2024\\\/08\\\/Immobilien_Business_09_2024_cover.png\",\"contentUrl\":\"https:\\\/\\\/www.immobilienbusiness.ch\\\/wp-content\\\/uploads\\\/2024\\\/08\\\/Immobilien_Business_09_2024_cover.png\",\"width\":1200,\"height\":680},{\"@type\":\"BreadcrumbList\",\"@id\":\"https:\\\/\\\/www.immobilienbusiness.ch\\\/produkt\\\/immobilien-business-ausgabe-09-2024\\\/#breadcrumb\",\"itemListElement\":[{\"@type\":\"ListItem\",\"position\":1,\"name\":\"Home\",\"item\":\"https:\\\/\\\/www.immobilienbusiness.ch\\\/\"},{\"@type\":\"ListItem\",\"position\":2,\"name\":\"Shop\",\"item\":\"https:\\\/\\\/www.immobilienbusiness.ch\\\/en\\\/shop\\\/\"},{\"@type\":\"ListItem\",\"position\":3,\"name\":\"Immobilien Business Ausgabe 09\\\/2024\"}]},{\"@type\":\"WebSite\",\"@id\":\"https:\\\/\\\/www.immobilienbusiness.ch\\\/#website\",\"url\":\"https:\\\/\\\/www.immobilienbusiness.ch\\\/\",\"name\":\"IMMOBILIEN Business\",\"description\":\"Unabh\u00e4ngiges Schweizer Wirtschaftsmagazin mit Fokus auf Immobilien, Architektur- und Bau sowie Investment- und Finanzierung.\",\"publisher\":{\"@id\":\"https:\\\/\\\/www.immobilienbusiness.ch\\\/#organization\"},\"potentialAction\":[{\"@type\":\"SearchAction\",\"target\":{\"@type\":\"EntryPoint\",\"urlTemplate\":\"https:\\\/\\\/www.immobilienbusiness.ch\\\/?s={search_term_string}\"},\"query-input\":{\"@type\":\"PropertyValueSpecification\",\"valueRequired\":true,\"valueName\":\"search_term_string\"}}],\"inLanguage\":\"de\"},{\"@type\":\"Organization\",\"@id\":\"https:\\\/\\\/www.immobilienbusiness.ch\\\/#organization\",\"name\":\"IMMOBILIEN Business\",\"url\":\"https:\\\/\\\/www.immobilienbusiness.ch\\\/\",\"logo\":{\"@type\":\"ImageObject\",\"inLanguage\":\"de\",\"@id\":\"https:\\\/\\\/www.immobilienbusiness.ch\\\/#\\\/schema\\\/logo\\\/image\\\/\",\"url\":\"https:\\\/\\\/www.immobilienbusiness.ch\\\/wp-content\\\/uploads\\\/2021\\\/07\\\/logo_ib.png\",\"contentUrl\":\"https:\\\/\\\/www.immobilienbusiness.ch\\\/wp-content\\\/uploads\\\/2021\\\/07\\\/logo_ib.png\",\"width\":800,\"height\":181,\"caption\":\"IMMOBILIEN Business\"},\"image\":{\"@id\":\"https:\\\/\\\/www.immobilienbusiness.ch\\\/#\\\/schema\\\/logo\\\/image\\\/\"},\"sameAs\":[\"https:\\\/\\\/www.facebook.com\\\/immobilienbusiness\\\/\"]}]}<\/script>\n<!-- \/ Yoast SEO plugin. -->","yoast_head_json":{"title":"Immobilien Business Ausgabe 09\/2024 - IMMOBILIEN Business","description":"Erhalte die deutschsprachige Fachzeitschrift \u00abImmobilien Business\u00bb in der Ausgabe 09\/2024 als PDF-Download mit nachfolgendem Inhaltsverzeichnis:","robots":{"index":"index","follow":"follow","max-snippet":"max-snippet:-1","max-image-preview":"max-image-preview:large","max-video-preview":"max-video-preview:-1"},"canonical":"https:\/\/www.immobilienbusiness.ch\/de\/produkt\/immobilien-business-ausgabe-09-2024\/","og_locale":"de_DE","og_type":"article","og_title":"Immobilien Business Ausgabe 09\/2024 - IMMOBILIEN Business","og_description":"Erhalte die deutschsprachige Fachzeitschrift \u00abImmobilien Business\u00bb in der Ausgabe 09\/2024 als PDF-Download mit nachfolgendem Inhaltsverzeichnis:","og_url":"https:\/\/www.immobilienbusiness.ch\/de\/produkt\/immobilien-business-ausgabe-09-2024\/","og_site_name":"IMMOBILIEN Business","article_publisher":"https:\/\/www.facebook.com\/immobilienbusiness\/","article_modified_time":"2026-02-17T14:56:39+00:00","og_image":[{"width":1200,"height":680,"url":"https:\/\/www.immobilienbusiness.ch\/wp-content\/uploads\/2024\/08\/Immobilien_Business_09_2024_cover.png","type":"image\/png"}],"twitter_card":"summary_large_image","schema":{"@context":"https:\/\/schema.org","@graph":[{"@type":"WebPage","@id":"https:\/\/www.immobilienbusiness.ch\/produkt\/immobilien-business-ausgabe-09-2024\/","url":"https:\/\/www.immobilienbusiness.ch\/produkt\/immobilien-business-ausgabe-09-2024\/","name":"Immobilien Business Ausgabe 09\/2024 - IMMOBILIEN Business","isPartOf":{"@id":"https:\/\/www.immobilienbusiness.ch\/#website"},"primaryImageOfPage":{"@id":"https:\/\/www.immobilienbusiness.ch\/produkt\/immobilien-business-ausgabe-09-2024\/#primaryimage"},"image":{"@id":"https:\/\/www.immobilienbusiness.ch\/produkt\/immobilien-business-ausgabe-09-2024\/#primaryimage"},"thumbnailUrl":"https:\/\/www.immobilienbusiness.ch\/wp-content\/uploads\/2024\/08\/Immobilien_Business_09_2024_cover.png","datePublished":"2024-08-27T22:00:14+00:00","dateModified":"2026-02-17T14:56:39+00:00","description":"Erhalte die deutschsprachige Fachzeitschrift \u00abImmobilien Business\u00bb in der Ausgabe 09\/2024 als PDF-Download mit nachfolgendem Inhaltsverzeichnis:","breadcrumb":{"@id":"https:\/\/www.immobilienbusiness.ch\/produkt\/immobilien-business-ausgabe-09-2024\/#breadcrumb"},"inLanguage":"de","potentialAction":[{"@type":"ReadAction","target":["https:\/\/www.immobilienbusiness.ch\/produkt\/immobilien-business-ausgabe-09-2024\/"]}]},{"@type":"ImageObject","inLanguage":"de","@id":"https:\/\/www.immobilienbusiness.ch\/produkt\/immobilien-business-ausgabe-09-2024\/#primaryimage","url":"https:\/\/www.immobilienbusiness.ch\/wp-content\/uploads\/2024\/08\/Immobilien_Business_09_2024_cover.png","contentUrl":"https:\/\/www.immobilienbusiness.ch\/wp-content\/uploads\/2024\/08\/Immobilien_Business_09_2024_cover.png","width":1200,"height":680},{"@type":"BreadcrumbList","@id":"https:\/\/www.immobilienbusiness.ch\/produkt\/immobilien-business-ausgabe-09-2024\/#breadcrumb","itemListElement":[{"@type":"ListItem","position":1,"name":"Home","item":"https:\/\/www.immobilienbusiness.ch\/"},{"@type":"ListItem","position":2,"name":"Shop","item":"https:\/\/www.immobilienbusiness.ch\/en\/shop\/"},{"@type":"ListItem","position":3,"name":"Immobilien Business Ausgabe 09\/2024"}]},{"@type":"WebSite","@id":"https:\/\/www.immobilienbusiness.ch\/#website","url":"https:\/\/www.immobilienbusiness.ch\/","name":"IMMOBILIEN Business","description":"Unabh\u00e4ngiges Schweizer Wirtschaftsmagazin mit Fokus auf Immobilien, Architektur- und Bau sowie Investment- und Finanzierung.","publisher":{"@id":"https:\/\/www.immobilienbusiness.ch\/#organization"},"potentialAction":[{"@type":"SearchAction","target":{"@type":"EntryPoint","urlTemplate":"https:\/\/www.immobilienbusiness.ch\/?s={search_term_string}"},"query-input":{"@type":"PropertyValueSpecification","valueRequired":true,"valueName":"search_term_string"}}],"inLanguage":"de"},{"@type":"Organization","@id":"https:\/\/www.immobilienbusiness.ch\/#organization","name":"IMMOBILIEN Business","url":"https:\/\/www.immobilienbusiness.ch\/","logo":{"@type":"ImageObject","inLanguage":"de","@id":"https:\/\/www.immobilienbusiness.ch\/#\/schema\/logo\/image\/","url":"https:\/\/www.immobilienbusiness.ch\/wp-content\/uploads\/2021\/07\/logo_ib.png","contentUrl":"https:\/\/www.immobilienbusiness.ch\/wp-content\/uploads\/2021\/07\/logo_ib.png","width":800,"height":181,"caption":"IMMOBILIEN Business"},"image":{"@id":"https:\/\/www.immobilienbusiness.ch\/#\/schema\/logo\/image\/"},"sameAs":["https:\/\/www.facebook.com\/immobilienbusiness\/"]}]}},"_links":{"self":[{"href":"https:\/\/www.immobilienbusiness.ch\/de\/wp-json\/wp\/v2\/product\/58509","targetHints":{"allow":["GET"]}}],"collection":[{"href":"https:\/\/www.immobilienbusiness.ch\/de\/wp-json\/wp\/v2\/product"}],"about":[{"href":"https:\/\/www.immobilienbusiness.ch\/de\/wp-json\/wp\/v2\/types\/product"}],"wp:featuredmedia":[{"embeddable":true,"href":"https:\/\/www.immobilienbusiness.ch\/de\/wp-json\/wp\/v2\/media\/58512"}],"wp:attachment":[{"href":"https:\/\/www.immobilienbusiness.ch\/de\/wp-json\/wp\/v2\/media?parent=58509"}],"wp:term":[{"taxonomy":"product_brand","embeddable":true,"href":"https:\/\/www.immobilienbusiness.ch\/de\/wp-json\/wp\/v2\/product_brand?post=58509"},{"taxonomy":"product_cat","embeddable":true,"href":"https:\/\/www.immobilienbusiness.ch\/de\/wp-json\/wp\/v2\/product_cat?post=58509"},{"taxonomy":"product_tag","embeddable":true,"href":"https:\/\/www.immobilienbusiness.ch\/de\/wp-json\/wp\/v2\/product_tag?post=58509"}],"curies":[{"name":"wp","href":"https:\/\/api.w.org\/{rel}","templated":true}]}}