{"id":56443,"date":"2024-03-18T15:06:55","date_gmt":"2024-03-18T14:06:55","guid":{"rendered":"https:\/\/www.immobilienbusiness.ch\/?post_type=product&#038;p=56443"},"modified":"2026-02-17T15:56:40","modified_gmt":"2026-02-17T14:56:40","slug":"immobilien-business-ausgabe-03-2024","status":"publish","type":"product","link":"https:\/\/www.immobilienbusiness.ch\/de\/produkt\/immobilien-business-ausgabe-03-2024\/","title":{"rendered":"Immobilien Business Ausgabe 03\/2024"},"content":{"rendered":"<h3>Nachrichten<\/h3>\n<ul>\n<li>Z\u00fcrich: Wohnhochhaus f\u00fcr Quartier Unterstrass<\/li>\n<li>Z\u00fcrich: Neue Wohnungen f\u00fcr die Binz und H\u00f6ngg<\/li>\n<li>Personalia: Mobimo Holding AG \/ W\u00fcst und W\u00fcst AG<\/li>\n<li>Winterthur: Facelift f\u00fcr das Neuhegi-Center<\/li>\n<li>Winterthur: Neuer Rieter-Campus bezugsbereit<\/li>\n<li>Personalia: SIREA<\/li>\n<li>Basel: Neues Terminal f\u00fcr den EuroAirport<\/li>\n<li>Liestal: Neubau f\u00fcr die Verwaltung<\/li>\n<li>Personalia: SV Hotel AG<\/li>\n<li>Aarau: Neue Pl\u00e4ne f\u00fcr das Sauerl\u00e4nder-Areal<\/li>\n<li>Luzern: EWL-Projekt einen Schritt weiter<\/li>\n<li>Personalia: Pom+ Consulting AG<\/li>\n<li>Bern: Vom Industrieareal zum Wohnquartier<\/li>\n<li>Thun: Ersatzneubauten f\u00fcr Siedlung \u00abDahlienweg\u00bb<\/li>\n<li>Personalia: Avenirplus AST \/ Procimmo Real Estate<\/li>\n<li>Sedrun: Ein neues Resort f\u00fcr Dieni<\/li>\n<li>Impressum<\/li>\n<\/ul>\n<h3>Trends<\/h3>\n<ul>\n<li>ROBUSTER MARKT<\/li>\n<li>Nachfrage nach B\u00fcrofl\u00e4chen in der Schweiz relativ stabil<\/li>\n<li>B\u00dcROT\u00dcRME IM RAMSCHVERKAUF<\/li>\n<li>In Deutschland brechen die B\u00fcropreise ein<\/li>\n<\/ul>\n<h3>M\u00e4rkte und Investment<\/h3>\n<ul>\n<li>STRAFFE Z\u00dcGEL<\/li>\n<li>Leitzinssenkung vorerst nicht in Sicht<\/li>\n<li>KOLUMNE: DER 13. STOCK<\/li>\n<li>Neuer Zyklus im Office-Sektor<\/li>\n<li>PERFEKTER STURM<\/li>\n<li>Die Signa-Pleite \u2013 Vorbote einer Immobilienkrise?<\/li>\n<\/ul>\n<h3>Titel-Thema<\/h3>\n<ul>\n<li>NEUE LIQUDIT\u00c4TSVERSORGER<\/li>\n<li>Renditechancen f\u00fcr Debt-Fonds<\/li>\n<\/ul>\n<h3>Regionen<\/h3>\n<ul>\n<li>GEFRAGTER STANDORT<\/li>\n<li>Hohes Wirtschaftswachstum in St. Gallen<\/li>\n<li>SPITZENMIETE IM AUFWIND<\/li>\n<li>Starke Nachfrage am Genfer B\u00fcromarkt<\/li>\n<li>BIOTECH-BOOM<\/li>\n<li>Life-Science-Firmen dr\u00e4ngen nach Lausanne<\/li>\n<\/ul>\n<h3>Service<\/h3>\n<ul>\n<li>KLASSENTREFFEN DER IMMOBILIENBRANCHE<\/li>\n<li>R\u00fcckblick auf die Immo24<\/li>\n<\/ul>\n<h3>Auslandsm\u00e4rkte<\/h3>\n<ul>\n<li>QUO VADIS, JAPAN?<\/li>\n<li>Nippons Immobilienmarkt r\u00fcckt in den Investorenfokus<\/li>\n<\/ul>\n<h3>Immobilien-Finanzm\u00e4rkte<\/h3>\n<ul>\n<li>Interview des Monats: Jean-Pierre Valenghi, Baloise Asset Management Real Estate<\/li>\n<li>SF Retail Property Fund: Frisches Kapital<\/li>\n<li>Viager Swiss: Immo-Rentenfonds plant Erstemission<\/li>\n<li>UBS Sima: Kapitalerh\u00f6hung<\/li>\n<li>AXA IM: Fondsfusion<\/li>\n<li>Swiss Central City Fund: Rote Zahlen<\/li>\n<li>Avadis AST: Erfolgreiche Emission<\/li>\n<li>Stiftung Abendrot: Auf Einkaufstour<\/li>\n<li>SPA Immobilien Schweiz: Portfolio erweitert<\/li>\n<li>Akara Swiss Diversity PK: Deal mit Ascaro<\/li>\n<li>Steiner AG: Verkauf der Bautochter<\/li>\n<li>Novavest Real Estate \/ Senioresidenz: Fusionspl\u00e4ne<\/li>\n<li>Marktkommentar von Zoltan Szelyes<\/li>\n<li>Mobimo: Solides Ergebnis<\/li>\n<li>Swiss Prime Site: Weniger Gewinn<\/li>\n<li>LaSalle IM \/ Swiss Life AM: Neues Joint Venture<\/li>\n<li>Catella Real Estate: Zukauf in Belgien<\/li>\n<li>Beos AG: Verkauf in Augsburg<\/li>\n<li>Peach Property: Tiefrote Zahlen<\/li>\n<li>Final Performer: Edmond de Rothschild Real Estate SICAV<\/li>\n<\/ul>\n","protected":false},"excerpt":{"rendered":"<p>Erhalte die deutschsprachige Fachzeitschrift \u00abImmobilien Business\u00bb in der Ausgabe 03\/2024 als PDF-Download mit nachfolgendem Inhaltsverzeichnis:<\/p>\n","protected":false},"featured_media":56445,"template":"","meta":{"_acf_changed":false,"pgc_sgb_lightbox_settings":""},"product_brand":[],"product_cat":[921],"product_tag":[3558],"class_list":{"0":"post-56443","1":"product","2":"type-product","3":"status-publish","4":"has-post-thumbnail","6":"product_cat-einzelausgaben","7":"product_tag-3558","9":"first","10":"instock","11":"downloadable","12":"taxable","13":"shipping-taxable","14":"purchasable","15":"product-type-simple"},"acf":[],"yoast_head":"<!-- This site is optimized with the Yoast SEO plugin v27.3 - https:\/\/yoast.com\/product\/yoast-seo-wordpress\/ -->\n<title>Immobilien Business Ausgabe 03\/2024 - IMMOBILIEN Business<\/title>\n<meta name=\"description\" content=\"Erhalte die deutschsprachige Fachzeitschrift \u00abImmobilien Business\u00bb in der Ausgabe 03\/2024 als PDF-Download mit nachfolgendem Inhaltsverzeichnis:\" \/>\n<meta name=\"robots\" content=\"index, follow, max-snippet:-1, max-image-preview:large, max-video-preview:-1\" \/>\n<link rel=\"canonical\" href=\"https:\/\/www.immobilienbusiness.ch\/de\/produkt\/immobilien-business-ausgabe-03-2024\/\" \/>\n<meta property=\"og:locale\" content=\"de_DE\" \/>\n<meta property=\"og:type\" content=\"article\" \/>\n<meta property=\"og:title\" content=\"Immobilien Business Ausgabe 03\/2024 - IMMOBILIEN Business\" \/>\n<meta property=\"og:description\" content=\"Erhalte die deutschsprachige Fachzeitschrift \u00abImmobilien Business\u00bb in der Ausgabe 03\/2024 als PDF-Download mit nachfolgendem Inhaltsverzeichnis:\" \/>\n<meta property=\"og:url\" content=\"https:\/\/www.immobilienbusiness.ch\/de\/produkt\/immobilien-business-ausgabe-03-2024\/\" \/>\n<meta property=\"og:site_name\" content=\"IMMOBILIEN Business\" \/>\n<meta property=\"article:publisher\" content=\"https:\/\/www.facebook.com\/immobilienbusiness\/\" \/>\n<meta property=\"article:modified_time\" content=\"2026-02-17T14:56:40+00:00\" \/>\n<meta property=\"og:image\" content=\"https:\/\/www.immobilienbusiness.ch\/wp-content\/uploads\/2024\/03\/cover_03_24.png\" \/>\n\t<meta property=\"og:image:width\" content=\"1200\" \/>\n\t<meta property=\"og:image:height\" content=\"680\" \/>\n\t<meta property=\"og:image:type\" content=\"image\/png\" \/>\n<meta name=\"twitter:card\" content=\"summary_large_image\" \/>\n<script type=\"application\/ld+json\" class=\"yoast-schema-graph\">{\"@context\":\"https:\\\/\\\/schema.org\",\"@graph\":[{\"@type\":\"WebPage\",\"@id\":\"https:\\\/\\\/www.immobilienbusiness.ch\\\/produkt\\\/immobilien-business-ausgabe-03-2024\\\/\",\"url\":\"https:\\\/\\\/www.immobilienbusiness.ch\\\/produkt\\\/immobilien-business-ausgabe-03-2024\\\/\",\"name\":\"Immobilien Business Ausgabe 03\\\/2024 - IMMOBILIEN Business\",\"isPartOf\":{\"@id\":\"https:\\\/\\\/www.immobilienbusiness.ch\\\/#website\"},\"primaryImageOfPage\":{\"@id\":\"https:\\\/\\\/www.immobilienbusiness.ch\\\/produkt\\\/immobilien-business-ausgabe-03-2024\\\/#primaryimage\"},\"image\":{\"@id\":\"https:\\\/\\\/www.immobilienbusiness.ch\\\/produkt\\\/immobilien-business-ausgabe-03-2024\\\/#primaryimage\"},\"thumbnailUrl\":\"https:\\\/\\\/www.immobilienbusiness.ch\\\/wp-content\\\/uploads\\\/2024\\\/03\\\/cover_03_24.png\",\"datePublished\":\"2024-03-18T14:06:55+00:00\",\"dateModified\":\"2026-02-17T14:56:40+00:00\",\"description\":\"Erhalte die deutschsprachige Fachzeitschrift \u00abImmobilien Business\u00bb in der Ausgabe 03\\\/2024 als PDF-Download mit nachfolgendem Inhaltsverzeichnis:\",\"breadcrumb\":{\"@id\":\"https:\\\/\\\/www.immobilienbusiness.ch\\\/produkt\\\/immobilien-business-ausgabe-03-2024\\\/#breadcrumb\"},\"inLanguage\":\"de\",\"potentialAction\":[{\"@type\":\"ReadAction\",\"target\":[\"https:\\\/\\\/www.immobilienbusiness.ch\\\/produkt\\\/immobilien-business-ausgabe-03-2024\\\/\"]}]},{\"@type\":\"ImageObject\",\"inLanguage\":\"de\",\"@id\":\"https:\\\/\\\/www.immobilienbusiness.ch\\\/produkt\\\/immobilien-business-ausgabe-03-2024\\\/#primaryimage\",\"url\":\"https:\\\/\\\/www.immobilienbusiness.ch\\\/wp-content\\\/uploads\\\/2024\\\/03\\\/cover_03_24.png\",\"contentUrl\":\"https:\\\/\\\/www.immobilienbusiness.ch\\\/wp-content\\\/uploads\\\/2024\\\/03\\\/cover_03_24.png\",\"width\":1200,\"height\":680},{\"@type\":\"BreadcrumbList\",\"@id\":\"https:\\\/\\\/www.immobilienbusiness.ch\\\/produkt\\\/immobilien-business-ausgabe-03-2024\\\/#breadcrumb\",\"itemListElement\":[{\"@type\":\"ListItem\",\"position\":1,\"name\":\"Home\",\"item\":\"https:\\\/\\\/www.immobilienbusiness.ch\\\/\"},{\"@type\":\"ListItem\",\"position\":2,\"name\":\"Shop\",\"item\":\"https:\\\/\\\/www.immobilienbusiness.ch\\\/en\\\/shop\\\/\"},{\"@type\":\"ListItem\",\"position\":3,\"name\":\"Immobilien Business Ausgabe 03\\\/2024\"}]},{\"@type\":\"WebSite\",\"@id\":\"https:\\\/\\\/www.immobilienbusiness.ch\\\/#website\",\"url\":\"https:\\\/\\\/www.immobilienbusiness.ch\\\/\",\"name\":\"IMMOBILIEN Business\",\"description\":\"Unabh\u00e4ngiges Schweizer Wirtschaftsmagazin mit Fokus auf Immobilien, Architektur- und Bau sowie Investment- und Finanzierung.\",\"publisher\":{\"@id\":\"https:\\\/\\\/www.immobilienbusiness.ch\\\/#organization\"},\"potentialAction\":[{\"@type\":\"SearchAction\",\"target\":{\"@type\":\"EntryPoint\",\"urlTemplate\":\"https:\\\/\\\/www.immobilienbusiness.ch\\\/?s={search_term_string}\"},\"query-input\":{\"@type\":\"PropertyValueSpecification\",\"valueRequired\":true,\"valueName\":\"search_term_string\"}}],\"inLanguage\":\"de\"},{\"@type\":\"Organization\",\"@id\":\"https:\\\/\\\/www.immobilienbusiness.ch\\\/#organization\",\"name\":\"IMMOBILIEN Business\",\"url\":\"https:\\\/\\\/www.immobilienbusiness.ch\\\/\",\"logo\":{\"@type\":\"ImageObject\",\"inLanguage\":\"de\",\"@id\":\"https:\\\/\\\/www.immobilienbusiness.ch\\\/#\\\/schema\\\/logo\\\/image\\\/\",\"url\":\"https:\\\/\\\/www.immobilienbusiness.ch\\\/wp-content\\\/uploads\\\/2021\\\/07\\\/logo_ib.png\",\"contentUrl\":\"https:\\\/\\\/www.immobilienbusiness.ch\\\/wp-content\\\/uploads\\\/2021\\\/07\\\/logo_ib.png\",\"width\":800,\"height\":181,\"caption\":\"IMMOBILIEN Business\"},\"image\":{\"@id\":\"https:\\\/\\\/www.immobilienbusiness.ch\\\/#\\\/schema\\\/logo\\\/image\\\/\"},\"sameAs\":[\"https:\\\/\\\/www.facebook.com\\\/immobilienbusiness\\\/\"]}]}<\/script>\n<!-- \/ Yoast SEO plugin. -->","yoast_head_json":{"title":"Immobilien Business Ausgabe 03\/2024 - IMMOBILIEN Business","description":"Erhalte die deutschsprachige Fachzeitschrift \u00abImmobilien Business\u00bb in der Ausgabe 03\/2024 als PDF-Download mit nachfolgendem Inhaltsverzeichnis:","robots":{"index":"index","follow":"follow","max-snippet":"max-snippet:-1","max-image-preview":"max-image-preview:large","max-video-preview":"max-video-preview:-1"},"canonical":"https:\/\/www.immobilienbusiness.ch\/de\/produkt\/immobilien-business-ausgabe-03-2024\/","og_locale":"de_DE","og_type":"article","og_title":"Immobilien Business Ausgabe 03\/2024 - IMMOBILIEN Business","og_description":"Erhalte die deutschsprachige Fachzeitschrift \u00abImmobilien Business\u00bb in der Ausgabe 03\/2024 als PDF-Download mit nachfolgendem Inhaltsverzeichnis:","og_url":"https:\/\/www.immobilienbusiness.ch\/de\/produkt\/immobilien-business-ausgabe-03-2024\/","og_site_name":"IMMOBILIEN Business","article_publisher":"https:\/\/www.facebook.com\/immobilienbusiness\/","article_modified_time":"2026-02-17T14:56:40+00:00","og_image":[{"width":1200,"height":680,"url":"https:\/\/www.immobilienbusiness.ch\/wp-content\/uploads\/2024\/03\/cover_03_24.png","type":"image\/png"}],"twitter_card":"summary_large_image","schema":{"@context":"https:\/\/schema.org","@graph":[{"@type":"WebPage","@id":"https:\/\/www.immobilienbusiness.ch\/produkt\/immobilien-business-ausgabe-03-2024\/","url":"https:\/\/www.immobilienbusiness.ch\/produkt\/immobilien-business-ausgabe-03-2024\/","name":"Immobilien Business Ausgabe 03\/2024 - IMMOBILIEN Business","isPartOf":{"@id":"https:\/\/www.immobilienbusiness.ch\/#website"},"primaryImageOfPage":{"@id":"https:\/\/www.immobilienbusiness.ch\/produkt\/immobilien-business-ausgabe-03-2024\/#primaryimage"},"image":{"@id":"https:\/\/www.immobilienbusiness.ch\/produkt\/immobilien-business-ausgabe-03-2024\/#primaryimage"},"thumbnailUrl":"https:\/\/www.immobilienbusiness.ch\/wp-content\/uploads\/2024\/03\/cover_03_24.png","datePublished":"2024-03-18T14:06:55+00:00","dateModified":"2026-02-17T14:56:40+00:00","description":"Erhalte die deutschsprachige Fachzeitschrift \u00abImmobilien Business\u00bb in der Ausgabe 03\/2024 als PDF-Download mit nachfolgendem Inhaltsverzeichnis:","breadcrumb":{"@id":"https:\/\/www.immobilienbusiness.ch\/produkt\/immobilien-business-ausgabe-03-2024\/#breadcrumb"},"inLanguage":"de","potentialAction":[{"@type":"ReadAction","target":["https:\/\/www.immobilienbusiness.ch\/produkt\/immobilien-business-ausgabe-03-2024\/"]}]},{"@type":"ImageObject","inLanguage":"de","@id":"https:\/\/www.immobilienbusiness.ch\/produkt\/immobilien-business-ausgabe-03-2024\/#primaryimage","url":"https:\/\/www.immobilienbusiness.ch\/wp-content\/uploads\/2024\/03\/cover_03_24.png","contentUrl":"https:\/\/www.immobilienbusiness.ch\/wp-content\/uploads\/2024\/03\/cover_03_24.png","width":1200,"height":680},{"@type":"BreadcrumbList","@id":"https:\/\/www.immobilienbusiness.ch\/produkt\/immobilien-business-ausgabe-03-2024\/#breadcrumb","itemListElement":[{"@type":"ListItem","position":1,"name":"Home","item":"https:\/\/www.immobilienbusiness.ch\/"},{"@type":"ListItem","position":2,"name":"Shop","item":"https:\/\/www.immobilienbusiness.ch\/en\/shop\/"},{"@type":"ListItem","position":3,"name":"Immobilien Business Ausgabe 03\/2024"}]},{"@type":"WebSite","@id":"https:\/\/www.immobilienbusiness.ch\/#website","url":"https:\/\/www.immobilienbusiness.ch\/","name":"IMMOBILIEN Business","description":"Unabh\u00e4ngiges Schweizer Wirtschaftsmagazin mit Fokus auf Immobilien, Architektur- und Bau sowie Investment- und Finanzierung.","publisher":{"@id":"https:\/\/www.immobilienbusiness.ch\/#organization"},"potentialAction":[{"@type":"SearchAction","target":{"@type":"EntryPoint","urlTemplate":"https:\/\/www.immobilienbusiness.ch\/?s={search_term_string}"},"query-input":{"@type":"PropertyValueSpecification","valueRequired":true,"valueName":"search_term_string"}}],"inLanguage":"de"},{"@type":"Organization","@id":"https:\/\/www.immobilienbusiness.ch\/#organization","name":"IMMOBILIEN Business","url":"https:\/\/www.immobilienbusiness.ch\/","logo":{"@type":"ImageObject","inLanguage":"de","@id":"https:\/\/www.immobilienbusiness.ch\/#\/schema\/logo\/image\/","url":"https:\/\/www.immobilienbusiness.ch\/wp-content\/uploads\/2021\/07\/logo_ib.png","contentUrl":"https:\/\/www.immobilienbusiness.ch\/wp-content\/uploads\/2021\/07\/logo_ib.png","width":800,"height":181,"caption":"IMMOBILIEN Business"},"image":{"@id":"https:\/\/www.immobilienbusiness.ch\/#\/schema\/logo\/image\/"},"sameAs":["https:\/\/www.facebook.com\/immobilienbusiness\/"]}]}},"_links":{"self":[{"href":"https:\/\/www.immobilienbusiness.ch\/de\/wp-json\/wp\/v2\/product\/56443","targetHints":{"allow":["GET"]}}],"collection":[{"href":"https:\/\/www.immobilienbusiness.ch\/de\/wp-json\/wp\/v2\/product"}],"about":[{"href":"https:\/\/www.immobilienbusiness.ch\/de\/wp-json\/wp\/v2\/types\/product"}],"wp:featuredmedia":[{"embeddable":true,"href":"https:\/\/www.immobilienbusiness.ch\/de\/wp-json\/wp\/v2\/media\/56445"}],"wp:attachment":[{"href":"https:\/\/www.immobilienbusiness.ch\/de\/wp-json\/wp\/v2\/media?parent=56443"}],"wp:term":[{"taxonomy":"product_brand","embeddable":true,"href":"https:\/\/www.immobilienbusiness.ch\/de\/wp-json\/wp\/v2\/product_brand?post=56443"},{"taxonomy":"product_cat","embeddable":true,"href":"https:\/\/www.immobilienbusiness.ch\/de\/wp-json\/wp\/v2\/product_cat?post=56443"},{"taxonomy":"product_tag","embeddable":true,"href":"https:\/\/www.immobilienbusiness.ch\/de\/wp-json\/wp\/v2\/product_tag?post=56443"}],"curies":[{"name":"wp","href":"https:\/\/api.w.org\/{rel}","templated":true}]}}