{"id":55691,"date":"2024-02-01T00:01:29","date_gmt":"2024-01-31T23:01:29","guid":{"rendered":"https:\/\/www.immobilienbusiness.ch\/?post_type=product&#038;p=55691"},"modified":"2026-02-17T15:56:40","modified_gmt":"2026-02-17T14:56:40","slug":"immobilien-business-ausgabe-02-2024","status":"publish","type":"product","link":"https:\/\/www.immobilienbusiness.ch\/de\/produkt\/immobilien-business-ausgabe-02-2024\/","title":{"rendered":"Immobilien Business Ausgabe 02\/2024"},"content":{"rendered":"<h3>Nachrichten<\/h3>\n<ul>\n<li>Z\u00fcrich: Neue Wohnungen f\u00fcr H\u00f6ngg<\/li>\n<li>Winterthur: Arbeiten in der Lokstadt gehen voran<\/li>\n<li>Personalia: W\u00fcest-Partner-Gruppe<\/li>\n<li>D\u00fcbendorf: NEST erh\u00e4lt eine neue Unit<\/li>\n<li>Personalia: Warteck Invest<\/li>\n<li>Davos: Hotel Fl\u00fcela in neuem Glanz<\/li>\n<li>Davos: Jahrhundertbauwerk f\u00fcr den Spengler Cup<\/li>\n<li>Personalia: Helvetica Property Investors<\/li>\n<li>Thun: \u00abSt\u00e4dtebauliches Kunstwerk\u00bb<\/li>\n<li>Grenchen: Wohnen in Hanglage<\/li>\n<li>Personalia: Swiss Circle \/ Swiss Proptech<\/li>\n<li>Seelisberg: Sonnenberg-Projekt vor neuen H\u00fcrden?<\/li>\n<li>Personalia: SFP Anlagestiftung \/ Post Immobilien<\/li>\n<li>Baden: Real Estate Award k\u00fcnftig im Trafo<\/li>\n<li>Wettingen: Siedlung Klosterbr\u00fchl wird ersetzt<\/li>\n<li>Impressum<\/li>\n<\/ul>\n<h3>Trends<\/h3>\n<ul>\n<li>SEITW\u00c4RTSBEWEGUNG<\/li>\n<li>Langfristig mehr Renditepotenzial fu\u0308r Wohnimmobilien<\/li>\n<\/ul>\n<h3>M\u00e4rkte und Investment<\/h3>\n<ul>\n<li>\u00abNUR DIE SPITZE DES EISBERGS\u00bb<\/li>\n<li>Signa-Insolvenz zieht Kreise<\/li>\n<\/ul>\n<h3>Titel<\/h3>\n<ul>\n<li>\u00abAttraktive Einstiegschancen\u00bb: Immobilienanlagen wieder im Visier der Investoren<\/li>\n<li>Opportunit\u00e4ten im Norden: Immobilieninvestmentmarkt Deutschland<\/li>\n<li>Tr\u00fcber Ausblick f\u00fcr B\u00fcroobjekte: Hybrides Arbeiten senkt Fl\u00e4chenbedarf<\/li>\n<\/ul>\n<h3>Aus den Regionen<\/h3>\n<ul>\n<li>Verhaltene Prognosen: Steigender Leerstand am Z\u00fcrcher B\u00fcrofl\u00e4chenmarkt<\/li>\n<li>Stabiler Markt: Tessin mit Potenzial f\u00fcr Bauprojekte<\/li>\n<li>\u00abStarker Hightech-Standort\u00bb: Neue Positionierung f\u00fcr die Nordostschweiz<\/li>\n<li>\u00abAttraktive Einstiegschancen\u00bb Seite 20<\/li>\n<li>Zuwachs f\u00fcr den Life Science Hub: Neue Pl\u00e4ne f\u00fcr den Innovation Park Basel Area &#8211; Architektur und Bauwirtschaft<\/li>\n<\/ul>\n<h3>Architektur und Bauwirtschaft<\/h3>\n<ul>\n<li>Ausgezeichnetes Quartier: Ein Watt d\u2019Or f\u00fcr die \u00abPapieri Cham\u00bb &#8211; Residential<\/li>\n<\/ul>\n<h3>Residential<\/h3>\n<ul>\n<li>Knappheit wandelt Nachfrage: Wohnungsmieten steigen, die Belegungsdichte nimmt zu<\/li>\n<li>Kolumne: Wie Studien nicht weiterhelfen &#8211; Auslandsm\u00e4rkte<\/li>\n<\/ul>\n<h3>Auslandsm\u00e4rkte<\/h3>\n<ul>\n<li>Naheliegendes Investmentziel: \u00d6sterreichs Immobilienm\u00e4rkte bieten Chancen &#8211; Immobilien-Finanzm\u00e4rkte<\/li>\n<\/ul>\n<h3>Immobilien-Finanzm\u00e4rkte<\/h3>\n<ul>\n<li>Interview des Monats: Bruno Kurz, SFP Funds AG<\/li>\n<li>Swiss Prime Site: Erfolgreiches \u00abCapital Recycling\u00bb<\/li>\n<li>Intershop Holding: Wechsel im Verwaltungsrat<\/li>\n<li>Turidomus AST: Zukauf in Basel<\/li>\n<li>Patrimonium AST: Projekt in Freiburg<\/li>\n<li>Ecoreal AST: Komfortable Finanzierungsstruktur<\/li>\n<li>Seraina Invest: Karl Theiler neues VR-Mitglied<\/li>\n<li>SF Commercial Properties Fund: Verkauf in Dietikon<\/li>\n<li>Streetbox Real Estate: Weniger Gewinn<\/li>\n<li>Pure Funds: Zukauf in St. Gallen<\/li>\n<li>Marktkommentar von Zoltan Szelyes<\/li>\n<li>Swiss Central City REF: \u00abStrategische Devestitionen\u00bb<\/li>\n<li>Stoneedge SICAV: Frisches Kapital<\/li>\n<li>UBS Foncipars: Deal in Vernier<\/li>\n<li>Suisse Romande Property Fund: Neue Positionierung<\/li>\n<li>Empira Group: Weiter auf Expansionskurs<\/li>\n<li>Final Performer: Implenia AG<\/li>\n<\/ul>\n<h3>Stockwerkeigentum<\/h3>\n<ul>\n<li>Das Eigenheim als 4. S\u00e4ule<\/li>\n<\/ul>\n","protected":false},"excerpt":{"rendered":"<p>Erhalte die deutschsprachige Fachzeitschrift \u00abImmobilien Business\u00bb in der Ausgabe 02\/2024 als PDF-Download mit nachfolgendem Inhaltsverzeichnis:<\/p>\n","protected":false},"featured_media":55696,"template":"","meta":{"_acf_changed":false,"pgc_sgb_lightbox_settings":""},"product_brand":[],"product_cat":[921],"product_tag":[3558],"class_list":{"0":"post-55691","1":"product","2":"type-product","3":"status-publish","4":"has-post-thumbnail","6":"product_cat-einzelausgaben","7":"product_tag-3558","9":"first","10":"instock","11":"downloadable","12":"taxable","13":"shipping-taxable","14":"purchasable","15":"product-type-simple"},"acf":[],"yoast_head":"<!-- This site is optimized with the Yoast SEO plugin v27.3 - https:\/\/yoast.com\/product\/yoast-seo-wordpress\/ -->\n<title>Immobilien Business Ausgabe 02\/2024 - IMMOBILIEN Business<\/title>\n<meta name=\"description\" content=\"Erhalte die deutschsprachige Fachzeitschrift \u00abImmobilien Business\u00bb in der Ausgabe 02\/2024 als PDF-Download mit nachfolgendem Inhaltsverzeichnis:\" \/>\n<meta name=\"robots\" content=\"index, follow, max-snippet:-1, max-image-preview:large, max-video-preview:-1\" \/>\n<link rel=\"canonical\" href=\"https:\/\/www.immobilienbusiness.ch\/de\/produkt\/immobilien-business-ausgabe-02-2024\/\" \/>\n<meta property=\"og:locale\" content=\"de_DE\" \/>\n<meta property=\"og:type\" content=\"article\" \/>\n<meta property=\"og:title\" content=\"Immobilien Business Ausgabe 02\/2024 - IMMOBILIEN Business\" \/>\n<meta property=\"og:description\" content=\"Erhalte die deutschsprachige Fachzeitschrift \u00abImmobilien Business\u00bb in der Ausgabe 02\/2024 als PDF-Download mit nachfolgendem Inhaltsverzeichnis:\" \/>\n<meta property=\"og:url\" content=\"https:\/\/www.immobilienbusiness.ch\/de\/produkt\/immobilien-business-ausgabe-02-2024\/\" \/>\n<meta property=\"og:site_name\" content=\"IMMOBILIEN Business\" \/>\n<meta property=\"article:publisher\" content=\"https:\/\/www.facebook.com\/immobilienbusiness\/\" \/>\n<meta property=\"article:modified_time\" content=\"2026-02-17T14:56:40+00:00\" \/>\n<meta property=\"og:image\" content=\"https:\/\/www.immobilienbusiness.ch\/wp-content\/uploads\/2024\/02\/Immobilien_Business_2024_2.png\" \/>\n\t<meta property=\"og:image:width\" content=\"654\" \/>\n\t<meta property=\"og:image:height\" content=\"370\" \/>\n\t<meta property=\"og:image:type\" content=\"image\/png\" \/>\n<meta name=\"twitter:card\" content=\"summary_large_image\" \/>\n<script type=\"application\/ld+json\" class=\"yoast-schema-graph\">{\"@context\":\"https:\\\/\\\/schema.org\",\"@graph\":[{\"@type\":\"WebPage\",\"@id\":\"https:\\\/\\\/www.immobilienbusiness.ch\\\/produkt\\\/immobilien-business-ausgabe-02-2024\\\/\",\"url\":\"https:\\\/\\\/www.immobilienbusiness.ch\\\/produkt\\\/immobilien-business-ausgabe-02-2024\\\/\",\"name\":\"Immobilien Business Ausgabe 02\\\/2024 - IMMOBILIEN Business\",\"isPartOf\":{\"@id\":\"https:\\\/\\\/www.immobilienbusiness.ch\\\/#website\"},\"primaryImageOfPage\":{\"@id\":\"https:\\\/\\\/www.immobilienbusiness.ch\\\/produkt\\\/immobilien-business-ausgabe-02-2024\\\/#primaryimage\"},\"image\":{\"@id\":\"https:\\\/\\\/www.immobilienbusiness.ch\\\/produkt\\\/immobilien-business-ausgabe-02-2024\\\/#primaryimage\"},\"thumbnailUrl\":\"https:\\\/\\\/www.immobilienbusiness.ch\\\/wp-content\\\/uploads\\\/2024\\\/02\\\/Immobilien_Business_2024_2.png\",\"datePublished\":\"2024-01-31T23:01:29+00:00\",\"dateModified\":\"2026-02-17T14:56:40+00:00\",\"description\":\"Erhalte die deutschsprachige Fachzeitschrift \u00abImmobilien Business\u00bb in der Ausgabe 02\\\/2024 als PDF-Download mit nachfolgendem Inhaltsverzeichnis:\",\"breadcrumb\":{\"@id\":\"https:\\\/\\\/www.immobilienbusiness.ch\\\/produkt\\\/immobilien-business-ausgabe-02-2024\\\/#breadcrumb\"},\"inLanguage\":\"de\",\"potentialAction\":[{\"@type\":\"ReadAction\",\"target\":[\"https:\\\/\\\/www.immobilienbusiness.ch\\\/produkt\\\/immobilien-business-ausgabe-02-2024\\\/\"]}]},{\"@type\":\"ImageObject\",\"inLanguage\":\"de\",\"@id\":\"https:\\\/\\\/www.immobilienbusiness.ch\\\/produkt\\\/immobilien-business-ausgabe-02-2024\\\/#primaryimage\",\"url\":\"https:\\\/\\\/www.immobilienbusiness.ch\\\/wp-content\\\/uploads\\\/2024\\\/02\\\/Immobilien_Business_2024_2.png\",\"contentUrl\":\"https:\\\/\\\/www.immobilienbusiness.ch\\\/wp-content\\\/uploads\\\/2024\\\/02\\\/Immobilien_Business_2024_2.png\",\"width\":654,\"height\":370},{\"@type\":\"BreadcrumbList\",\"@id\":\"https:\\\/\\\/www.immobilienbusiness.ch\\\/produkt\\\/immobilien-business-ausgabe-02-2024\\\/#breadcrumb\",\"itemListElement\":[{\"@type\":\"ListItem\",\"position\":1,\"name\":\"Home\",\"item\":\"https:\\\/\\\/www.immobilienbusiness.ch\\\/\"},{\"@type\":\"ListItem\",\"position\":2,\"name\":\"Shop\",\"item\":\"https:\\\/\\\/www.immobilienbusiness.ch\\\/en\\\/shop\\\/\"},{\"@type\":\"ListItem\",\"position\":3,\"name\":\"Immobilien Business Ausgabe 02\\\/2024\"}]},{\"@type\":\"WebSite\",\"@id\":\"https:\\\/\\\/www.immobilienbusiness.ch\\\/#website\",\"url\":\"https:\\\/\\\/www.immobilienbusiness.ch\\\/\",\"name\":\"IMMOBILIEN Business\",\"description\":\"Unabh\u00e4ngiges Schweizer Wirtschaftsmagazin mit Fokus auf Immobilien, Architektur- und Bau sowie Investment- und Finanzierung.\",\"publisher\":{\"@id\":\"https:\\\/\\\/www.immobilienbusiness.ch\\\/#organization\"},\"potentialAction\":[{\"@type\":\"SearchAction\",\"target\":{\"@type\":\"EntryPoint\",\"urlTemplate\":\"https:\\\/\\\/www.immobilienbusiness.ch\\\/?s={search_term_string}\"},\"query-input\":{\"@type\":\"PropertyValueSpecification\",\"valueRequired\":true,\"valueName\":\"search_term_string\"}}],\"inLanguage\":\"de\"},{\"@type\":\"Organization\",\"@id\":\"https:\\\/\\\/www.immobilienbusiness.ch\\\/#organization\",\"name\":\"IMMOBILIEN Business\",\"url\":\"https:\\\/\\\/www.immobilienbusiness.ch\\\/\",\"logo\":{\"@type\":\"ImageObject\",\"inLanguage\":\"de\",\"@id\":\"https:\\\/\\\/www.immobilienbusiness.ch\\\/#\\\/schema\\\/logo\\\/image\\\/\",\"url\":\"https:\\\/\\\/www.immobilienbusiness.ch\\\/wp-content\\\/uploads\\\/2021\\\/07\\\/logo_ib.png\",\"contentUrl\":\"https:\\\/\\\/www.immobilienbusiness.ch\\\/wp-content\\\/uploads\\\/2021\\\/07\\\/logo_ib.png\",\"width\":800,\"height\":181,\"caption\":\"IMMOBILIEN Business\"},\"image\":{\"@id\":\"https:\\\/\\\/www.immobilienbusiness.ch\\\/#\\\/schema\\\/logo\\\/image\\\/\"},\"sameAs\":[\"https:\\\/\\\/www.facebook.com\\\/immobilienbusiness\\\/\"]}]}<\/script>\n<!-- \/ Yoast SEO plugin. -->","yoast_head_json":{"title":"Immobilien Business Ausgabe 02\/2024 - IMMOBILIEN Business","description":"Erhalte die deutschsprachige Fachzeitschrift \u00abImmobilien Business\u00bb in der Ausgabe 02\/2024 als PDF-Download mit nachfolgendem Inhaltsverzeichnis:","robots":{"index":"index","follow":"follow","max-snippet":"max-snippet:-1","max-image-preview":"max-image-preview:large","max-video-preview":"max-video-preview:-1"},"canonical":"https:\/\/www.immobilienbusiness.ch\/de\/produkt\/immobilien-business-ausgabe-02-2024\/","og_locale":"de_DE","og_type":"article","og_title":"Immobilien Business Ausgabe 02\/2024 - IMMOBILIEN Business","og_description":"Erhalte die deutschsprachige Fachzeitschrift \u00abImmobilien Business\u00bb in der Ausgabe 02\/2024 als PDF-Download mit nachfolgendem Inhaltsverzeichnis:","og_url":"https:\/\/www.immobilienbusiness.ch\/de\/produkt\/immobilien-business-ausgabe-02-2024\/","og_site_name":"IMMOBILIEN Business","article_publisher":"https:\/\/www.facebook.com\/immobilienbusiness\/","article_modified_time":"2026-02-17T14:56:40+00:00","og_image":[{"width":654,"height":370,"url":"https:\/\/www.immobilienbusiness.ch\/wp-content\/uploads\/2024\/02\/Immobilien_Business_2024_2.png","type":"image\/png"}],"twitter_card":"summary_large_image","schema":{"@context":"https:\/\/schema.org","@graph":[{"@type":"WebPage","@id":"https:\/\/www.immobilienbusiness.ch\/produkt\/immobilien-business-ausgabe-02-2024\/","url":"https:\/\/www.immobilienbusiness.ch\/produkt\/immobilien-business-ausgabe-02-2024\/","name":"Immobilien Business Ausgabe 02\/2024 - IMMOBILIEN Business","isPartOf":{"@id":"https:\/\/www.immobilienbusiness.ch\/#website"},"primaryImageOfPage":{"@id":"https:\/\/www.immobilienbusiness.ch\/produkt\/immobilien-business-ausgabe-02-2024\/#primaryimage"},"image":{"@id":"https:\/\/www.immobilienbusiness.ch\/produkt\/immobilien-business-ausgabe-02-2024\/#primaryimage"},"thumbnailUrl":"https:\/\/www.immobilienbusiness.ch\/wp-content\/uploads\/2024\/02\/Immobilien_Business_2024_2.png","datePublished":"2024-01-31T23:01:29+00:00","dateModified":"2026-02-17T14:56:40+00:00","description":"Erhalte die deutschsprachige Fachzeitschrift \u00abImmobilien Business\u00bb in der Ausgabe 02\/2024 als PDF-Download mit nachfolgendem Inhaltsverzeichnis:","breadcrumb":{"@id":"https:\/\/www.immobilienbusiness.ch\/produkt\/immobilien-business-ausgabe-02-2024\/#breadcrumb"},"inLanguage":"de","potentialAction":[{"@type":"ReadAction","target":["https:\/\/www.immobilienbusiness.ch\/produkt\/immobilien-business-ausgabe-02-2024\/"]}]},{"@type":"ImageObject","inLanguage":"de","@id":"https:\/\/www.immobilienbusiness.ch\/produkt\/immobilien-business-ausgabe-02-2024\/#primaryimage","url":"https:\/\/www.immobilienbusiness.ch\/wp-content\/uploads\/2024\/02\/Immobilien_Business_2024_2.png","contentUrl":"https:\/\/www.immobilienbusiness.ch\/wp-content\/uploads\/2024\/02\/Immobilien_Business_2024_2.png","width":654,"height":370},{"@type":"BreadcrumbList","@id":"https:\/\/www.immobilienbusiness.ch\/produkt\/immobilien-business-ausgabe-02-2024\/#breadcrumb","itemListElement":[{"@type":"ListItem","position":1,"name":"Home","item":"https:\/\/www.immobilienbusiness.ch\/"},{"@type":"ListItem","position":2,"name":"Shop","item":"https:\/\/www.immobilienbusiness.ch\/en\/shop\/"},{"@type":"ListItem","position":3,"name":"Immobilien Business Ausgabe 02\/2024"}]},{"@type":"WebSite","@id":"https:\/\/www.immobilienbusiness.ch\/#website","url":"https:\/\/www.immobilienbusiness.ch\/","name":"IMMOBILIEN Business","description":"Unabh\u00e4ngiges Schweizer Wirtschaftsmagazin mit Fokus auf Immobilien, Architektur- und Bau sowie Investment- und Finanzierung.","publisher":{"@id":"https:\/\/www.immobilienbusiness.ch\/#organization"},"potentialAction":[{"@type":"SearchAction","target":{"@type":"EntryPoint","urlTemplate":"https:\/\/www.immobilienbusiness.ch\/?s={search_term_string}"},"query-input":{"@type":"PropertyValueSpecification","valueRequired":true,"valueName":"search_term_string"}}],"inLanguage":"de"},{"@type":"Organization","@id":"https:\/\/www.immobilienbusiness.ch\/#organization","name":"IMMOBILIEN Business","url":"https:\/\/www.immobilienbusiness.ch\/","logo":{"@type":"ImageObject","inLanguage":"de","@id":"https:\/\/www.immobilienbusiness.ch\/#\/schema\/logo\/image\/","url":"https:\/\/www.immobilienbusiness.ch\/wp-content\/uploads\/2021\/07\/logo_ib.png","contentUrl":"https:\/\/www.immobilienbusiness.ch\/wp-content\/uploads\/2021\/07\/logo_ib.png","width":800,"height":181,"caption":"IMMOBILIEN Business"},"image":{"@id":"https:\/\/www.immobilienbusiness.ch\/#\/schema\/logo\/image\/"},"sameAs":["https:\/\/www.facebook.com\/immobilienbusiness\/"]}]}},"_links":{"self":[{"href":"https:\/\/www.immobilienbusiness.ch\/de\/wp-json\/wp\/v2\/product\/55691","targetHints":{"allow":["GET"]}}],"collection":[{"href":"https:\/\/www.immobilienbusiness.ch\/de\/wp-json\/wp\/v2\/product"}],"about":[{"href":"https:\/\/www.immobilienbusiness.ch\/de\/wp-json\/wp\/v2\/types\/product"}],"wp:featuredmedia":[{"embeddable":true,"href":"https:\/\/www.immobilienbusiness.ch\/de\/wp-json\/wp\/v2\/media\/55696"}],"wp:attachment":[{"href":"https:\/\/www.immobilienbusiness.ch\/de\/wp-json\/wp\/v2\/media?parent=55691"}],"wp:term":[{"taxonomy":"product_brand","embeddable":true,"href":"https:\/\/www.immobilienbusiness.ch\/de\/wp-json\/wp\/v2\/product_brand?post=55691"},{"taxonomy":"product_cat","embeddable":true,"href":"https:\/\/www.immobilienbusiness.ch\/de\/wp-json\/wp\/v2\/product_cat?post=55691"},{"taxonomy":"product_tag","embeddable":true,"href":"https:\/\/www.immobilienbusiness.ch\/de\/wp-json\/wp\/v2\/product_tag?post=55691"}],"curies":[{"name":"wp","href":"https:\/\/api.w.org\/{rel}","templated":true}]}}