{"id":42745,"date":"2022-06-09T00:01:33","date_gmt":"2022-06-08T22:01:33","guid":{"rendered":"https:\/\/www.immobilienbusiness.ch\/?post_type=product&#038;p=42745"},"modified":"2026-02-17T15:56:43","modified_gmt":"2026-02-17T14:56:43","slug":"immobilien-business-ausgabe-6-2022","status":"publish","type":"product","link":"https:\/\/www.immobilienbusiness.ch\/de\/produkt\/immobilien-business-ausgabe-6-2022\/","title":{"rendered":"Immobilien Business Ausgabe 6\/2022"},"content":{"rendered":"<h2>Nachrichten<\/h2>\n<ul>\n<li>Z\u00fcrich: Facelift f\u00fcr die Wohnsiedlung Probstei<\/li>\n<li>W\u00e4denswil: Baustart f\u00fcr den AuPark in Sicht<\/li>\n<li>Personalia: W\u00fcst Partner<\/li>\n<li>Aarau: Logis Suisse plant Wohn\u00fcberbauung<\/li>\n<li>Cham: Baustart f\u00fcr Projekt Chama<\/li>\n<li>Personalia: Horwath HTL Schweiz<\/li>\n<li>Basel: Arxada neu im Peter-Merian-Haus<\/li>\n<li>Basel: Neue Projekte f\u00fcr Volta Basel<\/li>\n<li>Personalia: Property One Investors AG<\/li>\n<li>Ittigen: Zentrum Papierm\u00fchle kommt voran<\/li>\n<li>Bern: Aufrichte f\u00fcr das Hotel Metropole<\/li>\n<li>Personalia: Nova Property Fund Management<\/li>\n<li>St. Gallen: Ausgezeichnete Holz\u00fcberbauung<\/li>\n<li>Frauenfeld: Chancen f\u00fcr das Stadtzentrum<\/li>\n<li>Personalia: Investissements Fonciers SA<\/li>\n<li>Vitznau: Wohnen mit \u00abS\u00fcdsicht\u00bb<\/li>\n<li>Riedholz: Projekt Attisholz-Areal kommt voran<\/li>\n<li>Aus den Unternehmen: Wincasa<\/li>\n<\/ul>\n<h2>Trends<\/h2>\n<ul>\n<li>Flucht in die Berge: Die Nachfrage nach Zweitdomizilen steigt<\/li>\n<li>Nachricht: Wohnraum f\u00fcr die Berggemeinden<\/li>\n<\/ul>\n<h2>M\u00e4rkte und Investment<\/h2>\n<ul>\n<li>Comeback der Shoppingcenter: Konsumenten kehren in die Gesch\u00e4fte zur\u00fcck<\/li>\n<li>Mehr Umsatz \u2013 mehr Miete: Outlet Center im Performance-Vergleich<\/li>\n<\/ul>\n<h2>Titel-Thema<\/h2>\n<ul>\n<li>David gegen Goliath: Hotellerie wehrt sich gegen Buchungsportale<\/li>\n<li>Harter Sommer: Berghotellerie bef\u00fcrchtet Umsatzeinbussen<\/li>\n<li>Kolumne: R\u00fcckenwind f\u00fcr Hotels<\/li>\n<\/ul>\n<h2>Asset- und Portfolio-Management<\/h2>\n<ul>\n<li>Sonne, Wasser, Wind: Investoren entdecken Infrastrukturfonds<\/li>\n<\/ul>\n<h2>Residential<\/h2>\n<ul>\n<li>Steuerlich von Vorteil: Wohnimmobilien-AGs lohnen sich auch f\u00fcr Private<\/li>\n<\/ul>\n<h2>Service<\/h2>\n<ul>\n<li>Agenda \/ R\u00fcckblick Swiss Circle Breakfast<\/li>\n<li>Angebotsmietenindex<\/li>\n<li>R\u00fcckblick: 86. Schweizer Immobiliengespr\u00e4ch: Inflationsschutz unter der Lupe<\/li>\n<\/ul>\n<h2>Auslandsm\u00e4rkte<\/h2>\n<ul>\n<li>Deutschland: Der Wind hat gedreht: Inflation und Zinsen belasten Immobilienmarkt<\/li>\n<\/ul>\n<h2>Immobilien-Finanzm\u00e4rkte<\/h2>\n<ul>\n<li>Interview des Monats: Beat Seger, KPMG Schweiz<\/li>\n<li>Swisscanto Anlagestiftung: Investments in der Romandie<\/li>\n<li>Swiss Life Anlagestiftung: Hohe Mittelzufl\u00fcsse<\/li>\n<li>Patrimonium Anlagestiftung: Auf Kurs<\/li>\n<li>SFP Anlagestiftung: Portfolios deutlich ausgebaut<\/li>\n<li>SPA Immobilien Schweiz: Leerstand auf Rekordtief<\/li>\n<li>Procimmo Swiss Commercial Fund 56: Frisches Geld f\u00fcr Zuk\u00e4ufe<\/li>\n<li>Avobis Invest AG: Neuer Fonds<\/li>\n<li>Epic Suisse: Neuer Anlauf f\u00fcr den B\u00f6rsengang<\/li>\n<li>Investis: Portfolios verkauft<\/li>\n<li>Avadis Anlagestiftung: Deal in Lugano<\/li>\n<li>Immofonds Asset Management AG: Kantonalbank Zug jetzt Alleinaktion\u00e4rin<\/li>\n<li>Z\u00fcblin Immobilien Holding AG: Weniger Leerstand<\/li>\n<li>Z\u00fcrich Holz AG: \u00dcberzeichnete Kapitalerh\u00f6hung<\/li>\n<li>Peach Property Group AG: Ausreichend Zugang zu Kapital<\/li>\n<li>Varia US Properties AG: Starke Performance im 1. Quartal<\/li>\n<li>Orascom Development Holding AG: Umsatz und Gewinn gesteigert<\/li>\n<li>Edmond de Rothschild European High Yield I RE<\/li>\n<li>Debt Fund: Erste Finanzierung im Hotelbereich<\/li>\n<li>Marktmeinung: Peter van der Welle, Robeco<\/li>\n<\/ul>\n","protected":false},"excerpt":{"rendered":"<p>Erhalte die deutschsprachige Fachzeitschrift \u00abImmobilien Business\u00bb in der Ausgabe 6\/2022 als PDF-Download mit nachfolgendem Inhaltsverzeichnis:<\/p>\n","protected":false},"featured_media":42747,"template":"","meta":{"_acf_changed":false,"pgc_sgb_lightbox_settings":""},"product_brand":[],"product_cat":[921],"product_tag":[1943],"class_list":{"0":"post-42745","1":"product","2":"type-product","3":"status-publish","4":"has-post-thumbnail","6":"product_cat-einzelausgaben","7":"product_tag-1943","9":"first","10":"instock","11":"downloadable","12":"virtual","13":"taxable","14":"purchasable","15":"product-type-simple"},"acf":[],"yoast_head":"<!-- This site is optimized with the Yoast SEO plugin v27.4 - https:\/\/yoast.com\/product\/yoast-seo-wordpress\/ -->\n<title>Immobilien Business Ausgabe 6\/2022 - IMMOBILIEN Business<\/title>\n<meta name=\"description\" content=\"Erhalte die deutschsprachige Fachzeitschrift \u00abImmobilien Business\u00bb in der Ausgabe 11\/2021 als PDF-Download mit nachfolgendem Inhaltsverzeichnis:\" \/>\n<meta name=\"robots\" content=\"index, follow, max-snippet:-1, max-image-preview:large, max-video-preview:-1\" \/>\n<link rel=\"canonical\" href=\"https:\/\/www.immobilienbusiness.ch\/de\/produkt\/immobilien-business-ausgabe-6-2022\/\" \/>\n<meta property=\"og:locale\" content=\"de_DE\" \/>\n<meta property=\"og:type\" content=\"article\" \/>\n<meta property=\"og:title\" content=\"Immobilien Business Ausgabe 6\/2022 - IMMOBILIEN Business\" \/>\n<meta property=\"og:description\" content=\"Erhalte die deutschsprachige Fachzeitschrift \u00abImmobilien Business\u00bb in der Ausgabe 11\/2021 als PDF-Download mit nachfolgendem Inhaltsverzeichnis:\" \/>\n<meta property=\"og:url\" content=\"https:\/\/www.immobilienbusiness.ch\/de\/produkt\/immobilien-business-ausgabe-6-2022\/\" \/>\n<meta property=\"og:site_name\" content=\"IMMOBILIEN Business\" \/>\n<meta property=\"article:publisher\" content=\"https:\/\/www.facebook.com\/immobilienbusiness\/\" \/>\n<meta property=\"article:modified_time\" content=\"2026-02-17T14:56:43+00:00\" \/>\n<meta property=\"og:image\" content=\"https:\/\/www.immobilienbusiness.ch\/wp-content\/uploads\/2022\/05\/Immobilien-Business-Ausgabe-6-2022.png\" \/>\n\t<meta property=\"og:image:width\" content=\"654\" \/>\n\t<meta property=\"og:image:height\" content=\"370\" \/>\n\t<meta property=\"og:image:type\" content=\"image\/png\" \/>\n<meta name=\"twitter:card\" content=\"summary_large_image\" \/>\n<script type=\"application\/ld+json\" class=\"yoast-schema-graph\">{\"@context\":\"https:\\\/\\\/schema.org\",\"@graph\":[{\"@type\":\"WebPage\",\"@id\":\"https:\\\/\\\/www.immobilienbusiness.ch\\\/produkt\\\/immobilien-business-ausgabe-6-2022\\\/\",\"url\":\"https:\\\/\\\/www.immobilienbusiness.ch\\\/produkt\\\/immobilien-business-ausgabe-6-2022\\\/\",\"name\":\"Immobilien Business Ausgabe 6\\\/2022 - IMMOBILIEN Business\",\"isPartOf\":{\"@id\":\"https:\\\/\\\/www.immobilienbusiness.ch\\\/#website\"},\"primaryImageOfPage\":{\"@id\":\"https:\\\/\\\/www.immobilienbusiness.ch\\\/produkt\\\/immobilien-business-ausgabe-6-2022\\\/#primaryimage\"},\"image\":{\"@id\":\"https:\\\/\\\/www.immobilienbusiness.ch\\\/produkt\\\/immobilien-business-ausgabe-6-2022\\\/#primaryimage\"},\"thumbnailUrl\":\"https:\\\/\\\/www.immobilienbusiness.ch\\\/wp-content\\\/uploads\\\/2022\\\/05\\\/Immobilien-Business-Ausgabe-6-2022.png\",\"datePublished\":\"2022-06-08T22:01:33+00:00\",\"dateModified\":\"2026-02-17T14:56:43+00:00\",\"description\":\"Erhalte die deutschsprachige Fachzeitschrift \u00abImmobilien Business\u00bb in der Ausgabe 11\\\/2021 als PDF-Download mit nachfolgendem Inhaltsverzeichnis:\",\"breadcrumb\":{\"@id\":\"https:\\\/\\\/www.immobilienbusiness.ch\\\/produkt\\\/immobilien-business-ausgabe-6-2022\\\/#breadcrumb\"},\"inLanguage\":\"de\",\"potentialAction\":[{\"@type\":\"ReadAction\",\"target\":[\"https:\\\/\\\/www.immobilienbusiness.ch\\\/produkt\\\/immobilien-business-ausgabe-6-2022\\\/\"]}]},{\"@type\":\"ImageObject\",\"inLanguage\":\"de\",\"@id\":\"https:\\\/\\\/www.immobilienbusiness.ch\\\/produkt\\\/immobilien-business-ausgabe-6-2022\\\/#primaryimage\",\"url\":\"https:\\\/\\\/www.immobilienbusiness.ch\\\/wp-content\\\/uploads\\\/2022\\\/05\\\/Immobilien-Business-Ausgabe-6-2022.png\",\"contentUrl\":\"https:\\\/\\\/www.immobilienbusiness.ch\\\/wp-content\\\/uploads\\\/2022\\\/05\\\/Immobilien-Business-Ausgabe-6-2022.png\",\"width\":654,\"height\":370},{\"@type\":\"BreadcrumbList\",\"@id\":\"https:\\\/\\\/www.immobilienbusiness.ch\\\/produkt\\\/immobilien-business-ausgabe-6-2022\\\/#breadcrumb\",\"itemListElement\":[{\"@type\":\"ListItem\",\"position\":1,\"name\":\"Home\",\"item\":\"https:\\\/\\\/www.immobilienbusiness.ch\\\/\"},{\"@type\":\"ListItem\",\"position\":2,\"name\":\"Shop\",\"item\":\"https:\\\/\\\/www.immobilienbusiness.ch\\\/en\\\/shop\\\/\"},{\"@type\":\"ListItem\",\"position\":3,\"name\":\"Immobilien Business Ausgabe 6\\\/2022\"}]},{\"@type\":\"WebSite\",\"@id\":\"https:\\\/\\\/www.immobilienbusiness.ch\\\/#website\",\"url\":\"https:\\\/\\\/www.immobilienbusiness.ch\\\/\",\"name\":\"IMMOBILIEN Business\",\"description\":\"Unabh\u00e4ngiges Schweizer Wirtschaftsmagazin mit Fokus auf Immobilien, Architektur- und Bau sowie Investment- und Finanzierung.\",\"publisher\":{\"@id\":\"https:\\\/\\\/www.immobilienbusiness.ch\\\/#organization\"},\"potentialAction\":[{\"@type\":\"SearchAction\",\"target\":{\"@type\":\"EntryPoint\",\"urlTemplate\":\"https:\\\/\\\/www.immobilienbusiness.ch\\\/?s={search_term_string}\"},\"query-input\":{\"@type\":\"PropertyValueSpecification\",\"valueRequired\":true,\"valueName\":\"search_term_string\"}}],\"inLanguage\":\"de\"},{\"@type\":\"Organization\",\"@id\":\"https:\\\/\\\/www.immobilienbusiness.ch\\\/#organization\",\"name\":\"IMMOBILIEN Business\",\"url\":\"https:\\\/\\\/www.immobilienbusiness.ch\\\/\",\"logo\":{\"@type\":\"ImageObject\",\"inLanguage\":\"de\",\"@id\":\"https:\\\/\\\/www.immobilienbusiness.ch\\\/#\\\/schema\\\/logo\\\/image\\\/\",\"url\":\"https:\\\/\\\/www.immobilienbusiness.ch\\\/wp-content\\\/uploads\\\/2021\\\/07\\\/logo_ib.png\",\"contentUrl\":\"https:\\\/\\\/www.immobilienbusiness.ch\\\/wp-content\\\/uploads\\\/2021\\\/07\\\/logo_ib.png\",\"width\":800,\"height\":181,\"caption\":\"IMMOBILIEN Business\"},\"image\":{\"@id\":\"https:\\\/\\\/www.immobilienbusiness.ch\\\/#\\\/schema\\\/logo\\\/image\\\/\"},\"sameAs\":[\"https:\\\/\\\/www.facebook.com\\\/immobilienbusiness\\\/\"]}]}<\/script>\n<!-- \/ Yoast SEO plugin. -->","yoast_head_json":{"title":"Immobilien Business Ausgabe 6\/2022 - IMMOBILIEN Business","description":"Erhalte die deutschsprachige Fachzeitschrift \u00abImmobilien Business\u00bb in der Ausgabe 11\/2021 als PDF-Download mit nachfolgendem Inhaltsverzeichnis:","robots":{"index":"index","follow":"follow","max-snippet":"max-snippet:-1","max-image-preview":"max-image-preview:large","max-video-preview":"max-video-preview:-1"},"canonical":"https:\/\/www.immobilienbusiness.ch\/de\/produkt\/immobilien-business-ausgabe-6-2022\/","og_locale":"de_DE","og_type":"article","og_title":"Immobilien Business Ausgabe 6\/2022 - IMMOBILIEN Business","og_description":"Erhalte die deutschsprachige Fachzeitschrift \u00abImmobilien Business\u00bb in der Ausgabe 11\/2021 als PDF-Download mit nachfolgendem Inhaltsverzeichnis:","og_url":"https:\/\/www.immobilienbusiness.ch\/de\/produkt\/immobilien-business-ausgabe-6-2022\/","og_site_name":"IMMOBILIEN Business","article_publisher":"https:\/\/www.facebook.com\/immobilienbusiness\/","article_modified_time":"2026-02-17T14:56:43+00:00","og_image":[{"width":654,"height":370,"url":"https:\/\/www.immobilienbusiness.ch\/wp-content\/uploads\/2022\/05\/Immobilien-Business-Ausgabe-6-2022.png","type":"image\/png"}],"twitter_card":"summary_large_image","schema":{"@context":"https:\/\/schema.org","@graph":[{"@type":"WebPage","@id":"https:\/\/www.immobilienbusiness.ch\/produkt\/immobilien-business-ausgabe-6-2022\/","url":"https:\/\/www.immobilienbusiness.ch\/produkt\/immobilien-business-ausgabe-6-2022\/","name":"Immobilien Business Ausgabe 6\/2022 - IMMOBILIEN Business","isPartOf":{"@id":"https:\/\/www.immobilienbusiness.ch\/#website"},"primaryImageOfPage":{"@id":"https:\/\/www.immobilienbusiness.ch\/produkt\/immobilien-business-ausgabe-6-2022\/#primaryimage"},"image":{"@id":"https:\/\/www.immobilienbusiness.ch\/produkt\/immobilien-business-ausgabe-6-2022\/#primaryimage"},"thumbnailUrl":"https:\/\/www.immobilienbusiness.ch\/wp-content\/uploads\/2022\/05\/Immobilien-Business-Ausgabe-6-2022.png","datePublished":"2022-06-08T22:01:33+00:00","dateModified":"2026-02-17T14:56:43+00:00","description":"Erhalte die deutschsprachige Fachzeitschrift \u00abImmobilien Business\u00bb in der Ausgabe 11\/2021 als PDF-Download mit nachfolgendem Inhaltsverzeichnis:","breadcrumb":{"@id":"https:\/\/www.immobilienbusiness.ch\/produkt\/immobilien-business-ausgabe-6-2022\/#breadcrumb"},"inLanguage":"de","potentialAction":[{"@type":"ReadAction","target":["https:\/\/www.immobilienbusiness.ch\/produkt\/immobilien-business-ausgabe-6-2022\/"]}]},{"@type":"ImageObject","inLanguage":"de","@id":"https:\/\/www.immobilienbusiness.ch\/produkt\/immobilien-business-ausgabe-6-2022\/#primaryimage","url":"https:\/\/www.immobilienbusiness.ch\/wp-content\/uploads\/2022\/05\/Immobilien-Business-Ausgabe-6-2022.png","contentUrl":"https:\/\/www.immobilienbusiness.ch\/wp-content\/uploads\/2022\/05\/Immobilien-Business-Ausgabe-6-2022.png","width":654,"height":370},{"@type":"BreadcrumbList","@id":"https:\/\/www.immobilienbusiness.ch\/produkt\/immobilien-business-ausgabe-6-2022\/#breadcrumb","itemListElement":[{"@type":"ListItem","position":1,"name":"Home","item":"https:\/\/www.immobilienbusiness.ch\/"},{"@type":"ListItem","position":2,"name":"Shop","item":"https:\/\/www.immobilienbusiness.ch\/en\/shop\/"},{"@type":"ListItem","position":3,"name":"Immobilien Business Ausgabe 6\/2022"}]},{"@type":"WebSite","@id":"https:\/\/www.immobilienbusiness.ch\/#website","url":"https:\/\/www.immobilienbusiness.ch\/","name":"IMMOBILIEN Business","description":"Unabh\u00e4ngiges Schweizer Wirtschaftsmagazin mit Fokus auf Immobilien, Architektur- und Bau sowie Investment- und Finanzierung.","publisher":{"@id":"https:\/\/www.immobilienbusiness.ch\/#organization"},"potentialAction":[{"@type":"SearchAction","target":{"@type":"EntryPoint","urlTemplate":"https:\/\/www.immobilienbusiness.ch\/?s={search_term_string}"},"query-input":{"@type":"PropertyValueSpecification","valueRequired":true,"valueName":"search_term_string"}}],"inLanguage":"de"},{"@type":"Organization","@id":"https:\/\/www.immobilienbusiness.ch\/#organization","name":"IMMOBILIEN Business","url":"https:\/\/www.immobilienbusiness.ch\/","logo":{"@type":"ImageObject","inLanguage":"de","@id":"https:\/\/www.immobilienbusiness.ch\/#\/schema\/logo\/image\/","url":"https:\/\/www.immobilienbusiness.ch\/wp-content\/uploads\/2021\/07\/logo_ib.png","contentUrl":"https:\/\/www.immobilienbusiness.ch\/wp-content\/uploads\/2021\/07\/logo_ib.png","width":800,"height":181,"caption":"IMMOBILIEN Business"},"image":{"@id":"https:\/\/www.immobilienbusiness.ch\/#\/schema\/logo\/image\/"},"sameAs":["https:\/\/www.facebook.com\/immobilienbusiness\/"]}]}},"_links":{"self":[{"href":"https:\/\/www.immobilienbusiness.ch\/de\/wp-json\/wp\/v2\/product\/42745","targetHints":{"allow":["GET"]}}],"collection":[{"href":"https:\/\/www.immobilienbusiness.ch\/de\/wp-json\/wp\/v2\/product"}],"about":[{"href":"https:\/\/www.immobilienbusiness.ch\/de\/wp-json\/wp\/v2\/types\/product"}],"wp:featuredmedia":[{"embeddable":true,"href":"https:\/\/www.immobilienbusiness.ch\/de\/wp-json\/wp\/v2\/media\/42747"}],"wp:attachment":[{"href":"https:\/\/www.immobilienbusiness.ch\/de\/wp-json\/wp\/v2\/media?parent=42745"}],"wp:term":[{"taxonomy":"product_brand","embeddable":true,"href":"https:\/\/www.immobilienbusiness.ch\/de\/wp-json\/wp\/v2\/product_brand?post=42745"},{"taxonomy":"product_cat","embeddable":true,"href":"https:\/\/www.immobilienbusiness.ch\/de\/wp-json\/wp\/v2\/product_cat?post=42745"},{"taxonomy":"product_tag","embeddable":true,"href":"https:\/\/www.immobilienbusiness.ch\/de\/wp-json\/wp\/v2\/product_tag?post=42745"}],"curies":[{"name":"wp","href":"https:\/\/api.w.org\/{rel}","templated":true}]}}