{"id":37561,"date":"2021-07-15T12:32:15","date_gmt":"2021-07-15T10:32:15","guid":{"rendered":"https:\/\/www.immobilienbusiness.ch\/?post_type=product&#038;p=37561"},"modified":"2026-02-17T15:58:05","modified_gmt":"2026-02-17T14:58:05","slug":"immobilien-business-ausgabe-6-2003","status":"publish","type":"product","link":"https:\/\/www.immobilienbusiness.ch\/de\/produkt\/immobilien-business-ausgabe-6-2003\/","title":{"rendered":"Immobilien Business Ausgabe 6\/2003"},"content":{"rendered":"<h2>M\u00e4rkte &amp; Player<\/h2>\n<p><strong><em>Szene<\/em><\/strong><\/p>\n<ul>\n<li>Studie ETH Z\u00fcrich \u2022 Lagerfl\u00e4chenm\u00e4rkte Europa \u2022 Warteck Invest \u2022 ImmoScout 24 \u2022 Jones Lang LaSalle\/Creis \u2022 Intercity<\/li>\n<li>Immobilienuhr \u2022 Topstandorte In Europa \u2022 Konjunktur<\/li>\n<\/ul>\n<p><strong><em>Schweiz<\/em><\/strong><\/p>\n<ul>\n<li>Business Centers: <strong>Untersch\u00e4tzte Nische<\/strong><\/li>\n<li>Immobilien-Baum\u00e4rkte: <strong>Deutliche Verlagerung<\/strong><\/li>\n<li>Schweizerische Mobiliar: <strong>Zweitwichtigste Anlageklasse<\/strong><\/li>\n<\/ul>\n<p><strong><em>International<\/em><\/strong><\/p>\n<ul>\n<li>B\u00fcrofl\u00e4chenm\u00e4rkte Berlin: <strong>Gute-Nacht-Stimmung<\/strong><\/li>\n<li>Larry A. Silverstein: <strong>Graue Eminenz im Rampenlicht<\/strong><\/li>\n<li>US-Fl\u00e4chenm\u00e4rkte: <strong>Am Wendepunkt<\/strong><\/li>\n<\/ul>\n<h2>Investments &amp; Investoren<\/h2>\n<p><strong><em>Szene<\/em><\/strong><\/p>\n<ul>\n<li>CA-Immobilien \u2022 Osteuropa \u2022 Shopping-Center-Markt England \u2022 LO-Gruppe \u2022 Swiss Prime Site \u2022 CS la Immo PK \u2022 Jelmoli<\/li>\n<\/ul>\n<p><strong><em>Schweiz<\/em><\/strong><\/p>\n<ul>\n<li>Professionelles Immobilieninvestment: <strong>Noch unentdecktes Potenzial<\/strong><\/li>\n<li>REG Real Estate Group: <strong>Wachstum statt Bargeld<\/strong><\/li>\n<\/ul>\n<p><strong><em>International<\/em><\/strong><\/p>\n<ul>\n<li>Europ\u00e4ische Anlegerm\u00e4rkte: <strong>Optimismus und erste Sorgenfalten<\/strong><\/li>\n<li><strong>Immobilien Finanzm\u00e4rkte<\/strong><\/li>\n<\/ul>\n<h2>Projekte &amp; Objekte<\/h2>\n<p><strong><em>Szene<\/em><\/strong><\/p>\n<ul>\n<li>Limmatquai \u2022 Schmidlin AG \u2022 St.Jakob-Park Basel \u2022 CityGate Basel \u2022 Neue Projekte<\/li>\n<\/ul>\n<p><strong><em>Schweiz<\/em><\/strong><\/p>\n<ul>\n<li>Globus-Hauptsitz: <strong>Von der Industriebrache zum Konzernsitz<\/strong><\/li>\n<li>Exklusive Atriumh\u00e4user: <strong>Faszinierende Sichten aus dem Kokon<\/strong><\/li>\n<\/ul>\n<p><strong><em>International<\/em><\/strong><\/p>\n<ul>\n<li>Porschezentrum Leipzig: <strong>\u00dcberdimensionaler Peitschenkreisel<\/strong><\/li>\n<\/ul>\n<h2>Management &amp; Know-how<\/h2>\n<p><strong><em>Szene<\/em><\/strong><\/p>\n<ul>\n<li>Fachschule \u2022 Facility Management \u2022 Management-Weiterbildung \u2022 B\u00fccher<\/li>\n<\/ul>\n<p><strong><em>Schweiz\/International<\/em><\/strong><\/p>\n<ul>\n<li>Europ\u00e4ische Mietrechte: <strong>Sonderfall Schweiz<\/strong><\/li>\n<li>Portfoliomanagement: <strong>Neuausrichtung als Rettungsanker<\/strong><\/li>\n<\/ul>\n<h2>Spezial<\/h2>\n<p><strong>Facility Management<\/strong><\/p>\n<p><strong><em>Schweiz<\/em><\/strong><\/p>\n<ul>\n<li>Facility Management und Qualit\u00e4t: Wackere Spiegelfechterei<\/li>\n<li>Ausschreibungen: <strong>Erst am Anfang<\/strong><\/li>\n<li>Facility Management konkret: <strong>Immer souver\u00e4n auftreten<\/strong><\/li>\n<li>Telekom-Center M\u00fcnchen: <strong>96 000 optimierte Quadratmeter<\/strong><\/li>\n<\/ul>\n<h2>Praxis &amp; Service<\/h2>\n<ul>\n<li>Messe Z\u00fcrich \u2022 Expo Real 2003 \u2022 Immobiliensoftware \u2022 FM Branchenf\u00fchrer \u2022 Nachrichten \u2022 Von Nutzen<\/li>\n<li><strong>Agenda<\/strong><\/li>\n<li>Sch\u00e4tzungsaktion: <strong>Mehrfamilienhaus-Bewertung<\/strong><\/li>\n<\/ul>\n<p><strong><em>International<\/em><\/strong><\/p>\n<ul>\n<li>MFH-Kennzahlen: <strong>Immobilien-Benchmarking<\/strong><\/li>\n<\/ul>\n<h2>Rubriken<\/h2>\n<ul>\n<li><strong>Editorial<\/strong>: Big Money, harte Bandagen und das Mietrecht<\/li>\n<li><strong>Meinungsspektrum<\/strong>: Leserinnen und Leser schreiben an die Redaktion<\/li>\n<li><strong>Kolumne<\/strong>: Lorenz Reibling \u00fcber US-lmmobilien<\/li>\n<\/ul>\n<h2>Anzeigenrubriken<\/h2>\n<ul>\n<li><strong>Immobilienm\u00e4rkte<\/strong>: Mietobjekte\/Mietgesuche &#8211; Verkaufsobjekte\/Kaufgesuche<\/li>\n<li><strong>Stellengesuche<\/strong><\/li>\n<li><strong>Topadressen im Internet<\/strong><\/li>\n<li><strong>Impressum<\/strong><\/li>\n<\/ul>\n","protected":false},"excerpt":{"rendered":"<p>Erhalte die deutschsprachige Fachzeitschrift \u00abimmobilienbusiness\u00bb in der Immobilien Business Ausgabe 6\/2003 als PDF-Download mit nachfolgendem Inhaltsverzeichnis:<\/p>\n","protected":false},"featured_media":37591,"template":"","meta":{"_acf_changed":false,"pgc_sgb_lightbox_settings":""},"product_brand":[],"product_cat":[921],"product_tag":[938],"class_list":{"0":"post-37561","1":"product","2":"type-product","3":"status-publish","4":"has-post-thumbnail","6":"product_cat-einzelausgaben","7":"product_tag-938","9":"first","10":"instock","11":"downloadable","12":"virtual","13":"taxable","14":"purchasable","15":"product-type-simple"},"acf":[],"yoast_head":"<!-- This site is optimized with the Yoast SEO plugin v27.4 - https:\/\/yoast.com\/product\/yoast-seo-wordpress\/ -->\n<title>Immobilien Business Ausgabe 6\/2003 - IMMOBILIEN Business<\/title>\n<meta name=\"description\" content=\"Erhalte die deutschsprachige Fachzeitschrift \u00abimmobilienbusiness\u00bb in der Immobilien Business Ausgabe 6\/2003 als PDF-Download mit nachfolgendem Inhaltsverzeichnis:\" \/>\n<meta name=\"robots\" content=\"index, follow, max-snippet:-1, max-image-preview:large, max-video-preview:-1\" \/>\n<link rel=\"canonical\" href=\"https:\/\/www.immobilienbusiness.ch\/de\/produkt\/immobilien-business-ausgabe-6-2003\/\" \/>\n<meta property=\"og:locale\" content=\"de_DE\" \/>\n<meta property=\"og:type\" content=\"article\" \/>\n<meta property=\"og:title\" content=\"Immobilien Business Ausgabe 6\/2003 - IMMOBILIEN Business\" \/>\n<meta property=\"og:description\" content=\"Erhalte die deutschsprachige Fachzeitschrift \u00abimmobilienbusiness\u00bb in der Immobilien Business Ausgabe 6\/2003 als PDF-Download mit nachfolgendem Inhaltsverzeichnis:\" \/>\n<meta property=\"og:url\" content=\"https:\/\/www.immobilienbusiness.ch\/de\/produkt\/immobilien-business-ausgabe-6-2003\/\" \/>\n<meta property=\"og:site_name\" content=\"IMMOBILIEN Business\" \/>\n<meta property=\"article:publisher\" content=\"https:\/\/www.facebook.com\/immobilienbusiness\/\" \/>\n<meta property=\"article:modified_time\" content=\"2026-02-17T14:58:05+00:00\" \/>\n<meta property=\"og:image\" content=\"https:\/\/www.immobilienbusiness.ch\/wp-content\/uploads\/2021\/07\/Immobilien_Business_2003_6.png\" \/>\n\t<meta property=\"og:image:width\" content=\"654\" \/>\n\t<meta property=\"og:image:height\" content=\"370\" \/>\n\t<meta property=\"og:image:type\" content=\"image\/png\" \/>\n<meta name=\"twitter:card\" content=\"summary_large_image\" \/>\n<script type=\"application\/ld+json\" class=\"yoast-schema-graph\">{\"@context\":\"https:\\\/\\\/schema.org\",\"@graph\":[{\"@type\":\"WebPage\",\"@id\":\"https:\\\/\\\/www.immobilienbusiness.ch\\\/produkt\\\/immobilien-business-ausgabe-6-2003\\\/\",\"url\":\"https:\\\/\\\/www.immobilienbusiness.ch\\\/produkt\\\/immobilien-business-ausgabe-6-2003\\\/\",\"name\":\"Immobilien Business Ausgabe 6\\\/2003 - IMMOBILIEN Business\",\"isPartOf\":{\"@id\":\"https:\\\/\\\/www.immobilienbusiness.ch\\\/#website\"},\"primaryImageOfPage\":{\"@id\":\"https:\\\/\\\/www.immobilienbusiness.ch\\\/produkt\\\/immobilien-business-ausgabe-6-2003\\\/#primaryimage\"},\"image\":{\"@id\":\"https:\\\/\\\/www.immobilienbusiness.ch\\\/produkt\\\/immobilien-business-ausgabe-6-2003\\\/#primaryimage\"},\"thumbnailUrl\":\"https:\\\/\\\/www.immobilienbusiness.ch\\\/wp-content\\\/uploads\\\/2021\\\/07\\\/Immobilien_Business_2003_6.png\",\"datePublished\":\"2021-07-15T10:32:15+00:00\",\"dateModified\":\"2026-02-17T14:58:05+00:00\",\"description\":\"Erhalte die deutschsprachige Fachzeitschrift \u00abimmobilienbusiness\u00bb in der Immobilien Business Ausgabe 6\\\/2003 als PDF-Download mit nachfolgendem Inhaltsverzeichnis:\",\"breadcrumb\":{\"@id\":\"https:\\\/\\\/www.immobilienbusiness.ch\\\/produkt\\\/immobilien-business-ausgabe-6-2003\\\/#breadcrumb\"},\"inLanguage\":\"de\",\"potentialAction\":[{\"@type\":\"ReadAction\",\"target\":[\"https:\\\/\\\/www.immobilienbusiness.ch\\\/produkt\\\/immobilien-business-ausgabe-6-2003\\\/\"]}]},{\"@type\":\"ImageObject\",\"inLanguage\":\"de\",\"@id\":\"https:\\\/\\\/www.immobilienbusiness.ch\\\/produkt\\\/immobilien-business-ausgabe-6-2003\\\/#primaryimage\",\"url\":\"https:\\\/\\\/www.immobilienbusiness.ch\\\/wp-content\\\/uploads\\\/2021\\\/07\\\/Immobilien_Business_2003_6.png\",\"contentUrl\":\"https:\\\/\\\/www.immobilienbusiness.ch\\\/wp-content\\\/uploads\\\/2021\\\/07\\\/Immobilien_Business_2003_6.png\",\"width\":654,\"height\":370},{\"@type\":\"BreadcrumbList\",\"@id\":\"https:\\\/\\\/www.immobilienbusiness.ch\\\/produkt\\\/immobilien-business-ausgabe-6-2003\\\/#breadcrumb\",\"itemListElement\":[{\"@type\":\"ListItem\",\"position\":1,\"name\":\"Home\",\"item\":\"https:\\\/\\\/www.immobilienbusiness.ch\\\/\"},{\"@type\":\"ListItem\",\"position\":2,\"name\":\"Shop\",\"item\":\"https:\\\/\\\/www.immobilienbusiness.ch\\\/en\\\/shop\\\/\"},{\"@type\":\"ListItem\",\"position\":3,\"name\":\"Immobilien Business Ausgabe 6\\\/2003\"}]},{\"@type\":\"WebSite\",\"@id\":\"https:\\\/\\\/www.immobilienbusiness.ch\\\/#website\",\"url\":\"https:\\\/\\\/www.immobilienbusiness.ch\\\/\",\"name\":\"IMMOBILIEN Business\",\"description\":\"Unabh\u00e4ngiges Schweizer Wirtschaftsmagazin mit Fokus auf Immobilien, Architektur- und Bau sowie Investment- und Finanzierung.\",\"publisher\":{\"@id\":\"https:\\\/\\\/www.immobilienbusiness.ch\\\/#organization\"},\"potentialAction\":[{\"@type\":\"SearchAction\",\"target\":{\"@type\":\"EntryPoint\",\"urlTemplate\":\"https:\\\/\\\/www.immobilienbusiness.ch\\\/?s={search_term_string}\"},\"query-input\":{\"@type\":\"PropertyValueSpecification\",\"valueRequired\":true,\"valueName\":\"search_term_string\"}}],\"inLanguage\":\"de\"},{\"@type\":\"Organization\",\"@id\":\"https:\\\/\\\/www.immobilienbusiness.ch\\\/#organization\",\"name\":\"IMMOBILIEN Business\",\"url\":\"https:\\\/\\\/www.immobilienbusiness.ch\\\/\",\"logo\":{\"@type\":\"ImageObject\",\"inLanguage\":\"de\",\"@id\":\"https:\\\/\\\/www.immobilienbusiness.ch\\\/#\\\/schema\\\/logo\\\/image\\\/\",\"url\":\"https:\\\/\\\/www.immobilienbusiness.ch\\\/wp-content\\\/uploads\\\/2021\\\/07\\\/logo_ib.png\",\"contentUrl\":\"https:\\\/\\\/www.immobilienbusiness.ch\\\/wp-content\\\/uploads\\\/2021\\\/07\\\/logo_ib.png\",\"width\":800,\"height\":181,\"caption\":\"IMMOBILIEN Business\"},\"image\":{\"@id\":\"https:\\\/\\\/www.immobilienbusiness.ch\\\/#\\\/schema\\\/logo\\\/image\\\/\"},\"sameAs\":[\"https:\\\/\\\/www.facebook.com\\\/immobilienbusiness\\\/\"]}]}<\/script>\n<!-- \/ Yoast SEO plugin. -->","yoast_head_json":{"title":"Immobilien Business Ausgabe 6\/2003 - IMMOBILIEN Business","description":"Erhalte die deutschsprachige Fachzeitschrift \u00abimmobilienbusiness\u00bb in der Immobilien Business Ausgabe 6\/2003 als PDF-Download mit nachfolgendem Inhaltsverzeichnis:","robots":{"index":"index","follow":"follow","max-snippet":"max-snippet:-1","max-image-preview":"max-image-preview:large","max-video-preview":"max-video-preview:-1"},"canonical":"https:\/\/www.immobilienbusiness.ch\/de\/produkt\/immobilien-business-ausgabe-6-2003\/","og_locale":"de_DE","og_type":"article","og_title":"Immobilien Business Ausgabe 6\/2003 - IMMOBILIEN Business","og_description":"Erhalte die deutschsprachige Fachzeitschrift \u00abimmobilienbusiness\u00bb in der Immobilien Business Ausgabe 6\/2003 als PDF-Download mit nachfolgendem Inhaltsverzeichnis:","og_url":"https:\/\/www.immobilienbusiness.ch\/de\/produkt\/immobilien-business-ausgabe-6-2003\/","og_site_name":"IMMOBILIEN Business","article_publisher":"https:\/\/www.facebook.com\/immobilienbusiness\/","article_modified_time":"2026-02-17T14:58:05+00:00","og_image":[{"width":654,"height":370,"url":"https:\/\/www.immobilienbusiness.ch\/wp-content\/uploads\/2021\/07\/Immobilien_Business_2003_6.png","type":"image\/png"}],"twitter_card":"summary_large_image","schema":{"@context":"https:\/\/schema.org","@graph":[{"@type":"WebPage","@id":"https:\/\/www.immobilienbusiness.ch\/produkt\/immobilien-business-ausgabe-6-2003\/","url":"https:\/\/www.immobilienbusiness.ch\/produkt\/immobilien-business-ausgabe-6-2003\/","name":"Immobilien Business Ausgabe 6\/2003 - IMMOBILIEN Business","isPartOf":{"@id":"https:\/\/www.immobilienbusiness.ch\/#website"},"primaryImageOfPage":{"@id":"https:\/\/www.immobilienbusiness.ch\/produkt\/immobilien-business-ausgabe-6-2003\/#primaryimage"},"image":{"@id":"https:\/\/www.immobilienbusiness.ch\/produkt\/immobilien-business-ausgabe-6-2003\/#primaryimage"},"thumbnailUrl":"https:\/\/www.immobilienbusiness.ch\/wp-content\/uploads\/2021\/07\/Immobilien_Business_2003_6.png","datePublished":"2021-07-15T10:32:15+00:00","dateModified":"2026-02-17T14:58:05+00:00","description":"Erhalte die deutschsprachige Fachzeitschrift \u00abimmobilienbusiness\u00bb in der Immobilien Business Ausgabe 6\/2003 als PDF-Download mit nachfolgendem Inhaltsverzeichnis:","breadcrumb":{"@id":"https:\/\/www.immobilienbusiness.ch\/produkt\/immobilien-business-ausgabe-6-2003\/#breadcrumb"},"inLanguage":"de","potentialAction":[{"@type":"ReadAction","target":["https:\/\/www.immobilienbusiness.ch\/produkt\/immobilien-business-ausgabe-6-2003\/"]}]},{"@type":"ImageObject","inLanguage":"de","@id":"https:\/\/www.immobilienbusiness.ch\/produkt\/immobilien-business-ausgabe-6-2003\/#primaryimage","url":"https:\/\/www.immobilienbusiness.ch\/wp-content\/uploads\/2021\/07\/Immobilien_Business_2003_6.png","contentUrl":"https:\/\/www.immobilienbusiness.ch\/wp-content\/uploads\/2021\/07\/Immobilien_Business_2003_6.png","width":654,"height":370},{"@type":"BreadcrumbList","@id":"https:\/\/www.immobilienbusiness.ch\/produkt\/immobilien-business-ausgabe-6-2003\/#breadcrumb","itemListElement":[{"@type":"ListItem","position":1,"name":"Home","item":"https:\/\/www.immobilienbusiness.ch\/"},{"@type":"ListItem","position":2,"name":"Shop","item":"https:\/\/www.immobilienbusiness.ch\/en\/shop\/"},{"@type":"ListItem","position":3,"name":"Immobilien Business Ausgabe 6\/2003"}]},{"@type":"WebSite","@id":"https:\/\/www.immobilienbusiness.ch\/#website","url":"https:\/\/www.immobilienbusiness.ch\/","name":"IMMOBILIEN Business","description":"Unabh\u00e4ngiges Schweizer Wirtschaftsmagazin mit Fokus auf Immobilien, Architektur- und Bau sowie Investment- und Finanzierung.","publisher":{"@id":"https:\/\/www.immobilienbusiness.ch\/#organization"},"potentialAction":[{"@type":"SearchAction","target":{"@type":"EntryPoint","urlTemplate":"https:\/\/www.immobilienbusiness.ch\/?s={search_term_string}"},"query-input":{"@type":"PropertyValueSpecification","valueRequired":true,"valueName":"search_term_string"}}],"inLanguage":"de"},{"@type":"Organization","@id":"https:\/\/www.immobilienbusiness.ch\/#organization","name":"IMMOBILIEN Business","url":"https:\/\/www.immobilienbusiness.ch\/","logo":{"@type":"ImageObject","inLanguage":"de","@id":"https:\/\/www.immobilienbusiness.ch\/#\/schema\/logo\/image\/","url":"https:\/\/www.immobilienbusiness.ch\/wp-content\/uploads\/2021\/07\/logo_ib.png","contentUrl":"https:\/\/www.immobilienbusiness.ch\/wp-content\/uploads\/2021\/07\/logo_ib.png","width":800,"height":181,"caption":"IMMOBILIEN Business"},"image":{"@id":"https:\/\/www.immobilienbusiness.ch\/#\/schema\/logo\/image\/"},"sameAs":["https:\/\/www.facebook.com\/immobilienbusiness\/"]}]}},"_links":{"self":[{"href":"https:\/\/www.immobilienbusiness.ch\/de\/wp-json\/wp\/v2\/product\/37561","targetHints":{"allow":["GET"]}}],"collection":[{"href":"https:\/\/www.immobilienbusiness.ch\/de\/wp-json\/wp\/v2\/product"}],"about":[{"href":"https:\/\/www.immobilienbusiness.ch\/de\/wp-json\/wp\/v2\/types\/product"}],"wp:featuredmedia":[{"embeddable":true,"href":"https:\/\/www.immobilienbusiness.ch\/de\/wp-json\/wp\/v2\/media\/37591"}],"wp:attachment":[{"href":"https:\/\/www.immobilienbusiness.ch\/de\/wp-json\/wp\/v2\/media?parent=37561"}],"wp:term":[{"taxonomy":"product_brand","embeddable":true,"href":"https:\/\/www.immobilienbusiness.ch\/de\/wp-json\/wp\/v2\/product_brand?post=37561"},{"taxonomy":"product_cat","embeddable":true,"href":"https:\/\/www.immobilienbusiness.ch\/de\/wp-json\/wp\/v2\/product_cat?post=37561"},{"taxonomy":"product_tag","embeddable":true,"href":"https:\/\/www.immobilienbusiness.ch\/de\/wp-json\/wp\/v2\/product_tag?post=37561"}],"curies":[{"name":"wp","href":"https:\/\/api.w.org\/{rel}","templated":true}]}}